{"id":10701,"date":"2022-11-04T09:03:58","date_gmt":"2022-11-04T08:03:58","guid":{"rendered":"https:\/\/chesse.org\/vastuuvapauslauseke\/"},"modified":"2026-02-24T10:35:43","modified_gmt":"2026-02-24T09:35:43","slug":"vastuuvapauslauseke","status":"publish","type":"page","link":"https:\/\/chesse.org\/fi\/vastuuvapauslauseke\/","title":{"rendered":"Vastuuvapauslauseke"},"content":{"rendered":"\t\t<div data-elementor-type=\"wp-page\" data-elementor-id=\"10701\" class=\"elementor elementor-10701 elementor-434\" data-elementor-post-type=\"page\">\n\t\t\t\t\t\t<section class=\"elementor-section elementor-top-section elementor-element elementor-element-bff3cab mainLeft elementor-section-boxed elementor-section-height-default elementor-section-height-default\" data-id=\"bff3cab\" data-element_type=\"section\" data-e-type=\"section\">\n\t\t\t\t\t\t<div class=\"elementor-container elementor-column-gap-default\">\n\t\t\t\t\t<div class=\"elementor-column elementor-col-100 elementor-top-column elementor-element elementor-element-a37fbc7\" data-id=\"a37fbc7\" data-element_type=\"column\" data-e-type=\"column\">\n\t\t\t<div class=\"elementor-widget-wrap elementor-element-populated\">\n\t\t\t\t\t\t<div class=\"elementor-element elementor-element-4332acb elementor-widget elementor-widget-text-editor\" data-id=\"4332acb\" data-element_type=\"widget\" data-e-type=\"widget\" data-widget_type=\"text-editor.default\">\n\t\t\t\t<div class=\"elementor-widget-container\">\n\t\t\t\t\t\t\t\t\t<p>Euroopan komissio on tukenut t\u00e4m\u00e4n verkkosivuston kehitt\u00e4mist\u00e4, mutta ei ole vastuussa tekij\u00f6iden laatimasta sis\u00e4ll\u00f6st\u00e4. Komissiota ei my\u00f6sk\u00e4\u00e4n voida pit\u00e4\u00e4 vastuussa julkaisun sis\u00e4lt\u00e4mien tietojen mahdollisesta k\u00e4yt\u00f6st\u00e4.<\/p><p><a href=\"https:\/\/erasmus-plus.ec.europa.eu\/projects\/search\/details\/2020-1-SE01-KA201-077945\">Erasmus+-projekti Online Resources for Chemical Safety in Science Education<\/a> yll\u00e4pit\u00e4\u00e4 t\u00e4t\u00e4 verkkosivustoa. Pyrimme kohtuullisin keinoin varmistamaan, ett\u00e4 sivusto on ajan tasalla. Lis\u00e4ksi pyrimme korjaamaan tietoomme tulleet virheet. Projekti ei kuitenkaan ota mink\u00e4\u00e4nlaista vastuuta t\u00e4m\u00e4n sivuston tiedoista. Emme ole vastuussa kenellek\u00e4\u00e4n k\u00e4ytt\u00e4j\u00e4lle mist\u00e4\u00e4n menetyksist\u00e4 tai vahingoista, jotka aiheutuvat tai liittyv\u00e4t sivuston k\u00e4ytt\u00f6\u00f6n tai kyvytt\u00f6myyteen k\u00e4ytt\u00e4\u00e4 sit\u00e4; tai sivustojen sis\u00e4lt\u00e4m\u00e4n sis\u00e4ll\u00f6n k\u00e4ytt\u00f6\u00f6n tai siihen luottamiseen. <\/p>\t\t\t\t\t\t\t\t<\/div>\n\t\t\t\t<\/div>\n\t\t\t\t\t<\/div>\n\t\t<\/div>\n\t\t\t\t\t<\/div>\n\t\t<\/section>\n\t\t\t\t<\/div>\n\t\t","protected":false},"excerpt":{"rendered":"<p>Euroopan komissio on tukenut t\u00e4m\u00e4n verkkosivuston kehitt\u00e4mist\u00e4, mutta ei ole vastuussa tekij\u00f6iden laatimasta sis\u00e4ll\u00f6st\u00e4. Komissiota ei my\u00f6sk\u00e4\u00e4n voida pit\u00e4\u00e4 vastuussa julkaisun sis\u00e4lt\u00e4mien tietojen mahdollisesta k\u00e4yt\u00f6st\u00e4. Erasmus+-projekti Online Resources for Chemical Safety in Science Education yll\u00e4pit\u00e4\u00e4 t\u00e4t\u00e4 verkkosivustoa. Pyrimme kohtuullisin keinoin varmistamaan, ett\u00e4 sivusto on ajan tasalla. Lis\u00e4ksi pyrimme korjaamaan tietoomme tulleet virheet. Projekti ei kuitenkaan &hellip; <a href=\"https:\/\/chesse.org\/fi\/vastuuvapauslauseke\/\" class=\"more-link\">Jatka lukemista <span class=\"screen-reader-text\">Vastuuvapauslauseke<\/span> <span class=\"meta-nav\">&rarr;<\/span><\/a><\/p>\n","protected":false},"author":43,"featured_media":0,"parent":0,"menu_order":10,"comment_status":"closed","ping_status":"closed","template":"","meta":{"footnotes":""},"class_list":["post-10701","page","type-page","status-publish","hentry"],"yoast_head":"<!-- This site is optimized with the Yoast SEO plugin v27.5 - https:\/\/yoast.com\/product\/yoast-seo-wordpress\/ -->\n<title>Vastuuvapauslauseke &#8211; Chemical Safety in Science Education<\/title>\n<meta name=\"robots\" content=\"index, follow, max-snippet:-1, max-image-preview:large, max-video-preview:-1\" \/>\n<link rel=\"canonical\" href=\"https:\/\/chesse.org\/fi\/vastuuvapauslauseke\/\" \/>\n<meta property=\"og:locale\" content=\"fi_FI\" \/>\n<meta property=\"og:type\" content=\"article\" \/>\n<meta property=\"og:title\" content=\"Vastuuvapauslauseke &#8211; Chemical Safety in Science Education\" \/>\n<meta property=\"og:description\" content=\"Euroopan komissio on tukenut t\u00e4m\u00e4n verkkosivuston kehitt\u00e4mist\u00e4, mutta ei ole vastuussa tekij\u00f6iden laatimasta sis\u00e4ll\u00f6st\u00e4. Komissiota ei my\u00f6sk\u00e4\u00e4n voida pit\u00e4\u00e4 vastuussa julkaisun sis\u00e4lt\u00e4mien tietojen mahdollisesta k\u00e4yt\u00f6st\u00e4. Erasmus+-projekti Online Resources for Chemical Safety in Science Education yll\u00e4pit\u00e4\u00e4 t\u00e4t\u00e4 verkkosivustoa. Pyrimme kohtuullisin keinoin varmistamaan, ett\u00e4 sivusto on ajan tasalla. Lis\u00e4ksi pyrimme korjaamaan tietoomme tulleet virheet. Projekti ei kuitenkaan &hellip; Jatka lukemista Vastuuvapauslauseke &rarr;\" \/>\n<meta property=\"og:url\" content=\"https:\/\/chesse.org\/fi\/vastuuvapauslauseke\/\" \/>\n<meta property=\"og:site_name\" content=\"Chemical Safety in Science Education\" \/>\n<meta property=\"article:modified_time\" content=\"2026-02-24T09:35:43+00:00\" \/>\n<meta property=\"og:image\" content=\"https:\/\/chesse.org\/wp-content\/uploads\/2022\/06\/chesse-sharing.png\" \/>\n\t<meta property=\"og:image:width\" content=\"1200\" \/>\n\t<meta property=\"og:image:height\" content=\"630\" \/>\n\t<meta property=\"og:image:type\" content=\"image\/png\" \/>\n<meta name=\"twitter:card\" content=\"summary_large_image\" \/>\n<script type=\"application\/ld+json\" class=\"yoast-schema-graph\">{\"@context\":\"https:\\\/\\\/schema.org\",\"@graph\":[{\"@type\":\"WebPage\",\"@id\":\"https:\\\/\\\/chesse.org\\\/fi\\\/vastuuvapauslauseke\\\/\",\"url\":\"https:\\\/\\\/chesse.org\\\/fi\\\/vastuuvapauslauseke\\\/\",\"name\":\"Vastuuvapauslauseke &#8211; Chemical Safety in Science Education\",\"isPartOf\":{\"@id\":\"https:\\\/\\\/chesse.org\\\/fi\\\/#website\"},\"datePublished\":\"2022-11-04T08:03:58+00:00\",\"dateModified\":\"2026-02-24T09:35:43+00:00\",\"breadcrumb\":{\"@id\":\"https:\\\/\\\/chesse.org\\\/fi\\\/vastuuvapauslauseke\\\/#breadcrumb\"},\"inLanguage\":\"fi\",\"potentialAction\":[{\"@type\":\"ReadAction\",\"target\":[\"https:\\\/\\\/chesse.org\\\/fi\\\/vastuuvapauslauseke\\\/\"]}]},{\"@type\":\"BreadcrumbList\",\"@id\":\"https:\\\/\\\/chesse.org\\\/fi\\\/vastuuvapauslauseke\\\/#breadcrumb\",\"itemListElement\":[{\"@type\":\"ListItem\",\"position\":1,\"name\":\"Etusivu\",\"item\":\"https:\\\/\\\/chesse.org\\\/fi\\\/\"},{\"@type\":\"ListItem\",\"position\":2,\"name\":\"Vastuuvapauslauseke\"}]},{\"@type\":\"WebSite\",\"@id\":\"https:\\\/\\\/chesse.org\\\/fi\\\/#website\",\"url\":\"https:\\\/\\\/chesse.org\\\/fi\\\/\",\"name\":\"Chemical Safety in Science Education\",\"description\":\"Condensed, up-to date information for science and chemistry teachers, head of schools and science teacher educators.\",\"publisher\":{\"@id\":\"https:\\\/\\\/chesse.org\\\/fi\\\/#organization\"},\"potentialAction\":[{\"@type\":\"SearchAction\",\"target\":{\"@type\":\"EntryPoint\",\"urlTemplate\":\"https:\\\/\\\/chesse.org\\\/fi\\\/?s={search_term_string}\"},\"query-input\":{\"@type\":\"PropertyValueSpecification\",\"valueRequired\":true,\"valueName\":\"search_term_string\"}}],\"inLanguage\":\"fi\"},{\"@type\":\"Organization\",\"@id\":\"https:\\\/\\\/chesse.org\\\/fi\\\/#organization\",\"name\":\"Online resources for Chemical Safety in Science Education\",\"url\":\"https:\\\/\\\/chesse.org\\\/fi\\\/\",\"logo\":{\"@type\":\"ImageObject\",\"inLanguage\":\"fi\",\"@id\":\"https:\\\/\\\/chesse.org\\\/fi\\\/#\\\/schema\\\/logo\\\/image\\\/\",\"url\":\"https:\\\/\\\/chesse.org\\\/wp-content\\\/uploads\\\/2020\\\/10\\\/CheSSE_logo-01.svg\",\"contentUrl\":\"https:\\\/\\\/chesse.org\\\/wp-content\\\/uploads\\\/2020\\\/10\\\/CheSSE_logo-01.svg\",\"width\":350,\"height\":100,\"caption\":\"Online resources for Chemical Safety in Science Education\"},\"image\":{\"@id\":\"https:\\\/\\\/chesse.org\\\/fi\\\/#\\\/schema\\\/logo\\\/image\\\/\"}}]}<\/script>\n<!-- \/ Yoast SEO plugin. -->","yoast_head_json":{"title":"Vastuuvapauslauseke &#8211; Chemical Safety in Science Education","robots":{"index":"index","follow":"follow","max-snippet":"max-snippet:-1","max-image-preview":"max-image-preview:large","max-video-preview":"max-video-preview:-1"},"canonical":"https:\/\/chesse.org\/fi\/vastuuvapauslauseke\/","og_locale":"fi_FI","og_type":"article","og_title":"Vastuuvapauslauseke &#8211; Chemical Safety in Science Education","og_description":"Euroopan komissio on tukenut t\u00e4m\u00e4n verkkosivuston kehitt\u00e4mist\u00e4, mutta ei ole vastuussa tekij\u00f6iden laatimasta sis\u00e4ll\u00f6st\u00e4. Komissiota ei my\u00f6sk\u00e4\u00e4n voida pit\u00e4\u00e4 vastuussa julkaisun sis\u00e4lt\u00e4mien tietojen mahdollisesta k\u00e4yt\u00f6st\u00e4. Erasmus+-projekti Online Resources for Chemical Safety in Science Education yll\u00e4pit\u00e4\u00e4 t\u00e4t\u00e4 verkkosivustoa. Pyrimme kohtuullisin keinoin varmistamaan, ett\u00e4 sivusto on ajan tasalla. Lis\u00e4ksi pyrimme korjaamaan tietoomme tulleet virheet. Projekti ei kuitenkaan &hellip; Jatka lukemista Vastuuvapauslauseke &rarr;","og_url":"https:\/\/chesse.org\/fi\/vastuuvapauslauseke\/","og_site_name":"Chemical Safety in Science Education","article_modified_time":"2026-02-24T09:35:43+00:00","og_image":[{"width":1200,"height":630,"url":"https:\/\/chesse.org\/wp-content\/uploads\/2022\/06\/chesse-sharing.png","type":"image\/png"}],"twitter_card":"summary_large_image","schema":{"@context":"https:\/\/schema.org","@graph":[{"@type":"WebPage","@id":"https:\/\/chesse.org\/fi\/vastuuvapauslauseke\/","url":"https:\/\/chesse.org\/fi\/vastuuvapauslauseke\/","name":"Vastuuvapauslauseke &#8211; Chemical Safety in Science Education","isPartOf":{"@id":"https:\/\/chesse.org\/fi\/#website"},"datePublished":"2022-11-04T08:03:58+00:00","dateModified":"2026-02-24T09:35:43+00:00","breadcrumb":{"@id":"https:\/\/chesse.org\/fi\/vastuuvapauslauseke\/#breadcrumb"},"inLanguage":"fi","potentialAction":[{"@type":"ReadAction","target":["https:\/\/chesse.org\/fi\/vastuuvapauslauseke\/"]}]},{"@type":"BreadcrumbList","@id":"https:\/\/chesse.org\/fi\/vastuuvapauslauseke\/#breadcrumb","itemListElement":[{"@type":"ListItem","position":1,"name":"Etusivu","item":"https:\/\/chesse.org\/fi\/"},{"@type":"ListItem","position":2,"name":"Vastuuvapauslauseke"}]},{"@type":"WebSite","@id":"https:\/\/chesse.org\/fi\/#website","url":"https:\/\/chesse.org\/fi\/","name":"Chemical Safety in Science Education","description":"Condensed, up-to date information for science and chemistry teachers, head of schools and science teacher educators.","publisher":{"@id":"https:\/\/chesse.org\/fi\/#organization"},"potentialAction":[{"@type":"SearchAction","target":{"@type":"EntryPoint","urlTemplate":"https:\/\/chesse.org\/fi\/?s={search_term_string}"},"query-input":{"@type":"PropertyValueSpecification","valueRequired":true,"valueName":"search_term_string"}}],"inLanguage":"fi"},{"@type":"Organization","@id":"https:\/\/chesse.org\/fi\/#organization","name":"Online resources for Chemical Safety in Science Education","url":"https:\/\/chesse.org\/fi\/","logo":{"@type":"ImageObject","inLanguage":"fi","@id":"https:\/\/chesse.org\/fi\/#\/schema\/logo\/image\/","url":"https:\/\/chesse.org\/wp-content\/uploads\/2020\/10\/CheSSE_logo-01.svg","contentUrl":"https:\/\/chesse.org\/wp-content\/uploads\/2020\/10\/CheSSE_logo-01.svg","width":350,"height":100,"caption":"Online resources for Chemical Safety in Science Education"},"image":{"@id":"https:\/\/chesse.org\/fi\/#\/schema\/logo\/image\/"}}]}},"_links":{"self":[{"href":"https:\/\/chesse.org\/fi\/wp-json\/wp\/v2\/pages\/10701","targetHints":{"allow":["GET"]}}],"collection":[{"href":"https:\/\/chesse.org\/fi\/wp-json\/wp\/v2\/pages"}],"about":[{"href":"https:\/\/chesse.org\/fi\/wp-json\/wp\/v2\/types\/page"}],"author":[{"embeddable":true,"href":"https:\/\/chesse.org\/fi\/wp-json\/wp\/v2\/users\/43"}],"replies":[{"embeddable":true,"href":"https:\/\/chesse.org\/fi\/wp-json\/wp\/v2\/comments?post=10701"}],"version-history":[{"count":8,"href":"https:\/\/chesse.org\/fi\/wp-json\/wp\/v2\/pages\/10701\/revisions"}],"predecessor-version":[{"id":16541,"href":"https:\/\/chesse.org\/fi\/wp-json\/wp\/v2\/pages\/10701\/revisions\/16541"}],"wp:attachment":[{"href":"https:\/\/chesse.org\/fi\/wp-json\/wp\/v2\/media?parent=10701"}],"curies":[{"name":"wp","href":"https:\/\/api.w.org\/{rel}","templated":true}]}}