{"id":10782,"date":"2022-11-06T21:19:42","date_gmt":"2022-11-06T20:19:42","guid":{"rendered":"https:\/\/chesse.org\/katsaus-euroopan-kemikaalilainsaadantoon\/"},"modified":"2026-03-13T15:26:23","modified_gmt":"2026-03-13T14:26:23","slug":"katsaus-euroopan-kemikaalilainsaadantoon","status":"publish","type":"page","link":"https:\/\/chesse.org\/fi\/lainsaadanto\/katsaus-euroopan-kemikaalilainsaadantoon\/","title":{"rendered":"Katsaus Euroopan kemikaali-lain-s\u00e4\u00e4d\u00e4nt\u00f6\u00f6n"},"content":{"rendered":"\t\t<div data-elementor-type=\"wp-page\" data-elementor-id=\"10782\" class=\"elementor elementor-10782 elementor-41\" data-elementor-post-type=\"page\">\n\t\t\t\t\t\t<section class=\"elementor-section elementor-top-section elementor-element elementor-element-f7ebe58 elementor-section-boxed elementor-section-height-default elementor-section-height-default\" data-id=\"f7ebe58\" data-element_type=\"section\" data-e-type=\"section\">\n\t\t\t\t\t\t<div class=\"elementor-container elementor-column-gap-default\">\n\t\t\t\t\t<div class=\"elementor-column elementor-col-100 elementor-top-column elementor-element elementor-element-4786d50\" data-id=\"4786d50\" data-element_type=\"column\" data-e-type=\"column\">\n\t\t\t<div class=\"elementor-widget-wrap elementor-element-populated\">\n\t\t\t\t\t\t<div class=\"elementor-element elementor-element-23d83fe standfirst elementor-widget elementor-widget-text-editor\" data-id=\"23d83fe\" data-element_type=\"widget\" data-e-type=\"widget\" data-widget_type=\"text-editor.default\">\n\t\t\t\t<div class=\"elementor-widget-container\">\n\t\t\t\t\t\t\t\t\t<p>Koulujen kemikaaleja koskeva eurooppalainen lains\u00e4\u00e4d\u00e4nt\u00f6.<\/p>\t\t\t\t\t\t\t\t<\/div>\n\t\t\t\t<\/div>\n\t\t\t\t<div class=\"elementor-element elementor-element-78960b1 elementor-toc--content-ellipsis elementor-widget elementor-widget-global elementor-global-5017 elementor-global-3097 elementor-widget-table-of-contents\" data-id=\"78960b1\" data-element_type=\"widget\" data-e-type=\"widget\" data-settings=\"{&quot;headings_by_tags&quot;:[&quot;h2&quot;,&quot;h3&quot;],&quot;exclude_headings_by_selector&quot;:&quot;.noTOC&quot;,&quot;marker_view&quot;:&quot;bullets&quot;,&quot;icon&quot;:{&quot;value&quot;:&quot;fas fa-circle&quot;,&quot;library&quot;:&quot;fa-solid&quot;},&quot;no_headings_message&quot;:&quot;No headings were found on this page.&quot;,&quot;hierarchical_view&quot;:&quot;yes&quot;,&quot;min_height&quot;:{&quot;unit&quot;:&quot;px&quot;,&quot;size&quot;:&quot;&quot;,&quot;sizes&quot;:[]},&quot;min_height_tablet&quot;:{&quot;unit&quot;:&quot;px&quot;,&quot;size&quot;:&quot;&quot;,&quot;sizes&quot;:[]},&quot;min_height_mobile&quot;:{&quot;unit&quot;:&quot;px&quot;,&quot;size&quot;:&quot;&quot;,&quot;sizes&quot;:[]}}\" data-widget_type=\"table-of-contents.default\">\n\t\t\t\t<div class=\"elementor-widget-container\">\n\t\t\t\t\t\t\t\t\t<div class=\"elementor-toc__header\">\n\t\t\t\t\t\t<div class=\"elementor-toc__header-title\">\n\t\t\t\tSis\u00e4llys\t\t\t<\/div>\n\t\t\t\t\t\t\t\t<\/div>\n\t\t\t\t<div id=\"elementor-toc__78960b1\" class=\"elementor-toc__body\">\n\t\t\t<div class=\"elementor-toc__spinner-container\">\n\t\t\t\t<i class=\"elementor-toc__spinner eicon-animation-spin eicon-loading\" aria-hidden=\"true\"><\/i>\t\t\t<\/div>\n\t\t<\/div>\n\t\t\t\t\t\t<\/div>\n\t\t\t\t<\/div>\n\t\t\t\t<div class=\"elementor-element elementor-element-6e3cdde elementor-widget elementor-widget-text-editor\" data-id=\"6e3cdde\" data-element_type=\"widget\" data-e-type=\"widget\" data-widget_type=\"text-editor.default\">\n\t\t\t\t<div class=\"elementor-widget-container\">\n\t\t\t\t\t\t\t\t\t<h2>EU:n kemikaalilains\u00e4\u00e4d\u00e4nn\u00f6n yleiset periaatteet<\/h2><p>Useat EU:n lain ovat sovellettavissa kemiallisiin vaaroihin. EU:n kemikaalilains\u00e4\u00e4d\u00e4nt\u00f6 sis\u00e4lt\u00e4\u00e4 seuraavat yleiset periaatteet:<\/p><ul><li><strong>Ennaltaehk\u00e4isyn periaate<\/strong><br>On parempi ehk\u00e4ist\u00e4 kuin korjata.<\/li><li><strong>Varovaisuusperiaate<\/strong><br>Viranomaisten on ryhdytt\u00e4v\u00e4 asianmukaisiin toimenpiteisiin ehk\u00e4ist\u00e4kseen erityisi\u00e4 mahdollisia riskej\u00e4 kansanterveydelle, turvallisuudelle ja ymp\u00e4rist\u00f6lle. N\u00e4m\u00e4 edut menev\u00e4t taloudellisten etujen edelle. <\/li><li><strong>Saastuttaja maksaa -periaate<\/strong><br>Ymp\u00e4rist\u00f6n pilaantumisen aiheuttaja on vastuussa vahinkojen korvaamisesta.<\/li><\/ul>\t\t\t\t\t\t\t\t<\/div>\n\t\t\t\t<\/div>\n\t\t\t\t<div class=\"elementor-element elementor-element-6a076f4 elementor-widget elementor-widget-text-editor\" data-id=\"6a076f4\" data-element_type=\"widget\" data-e-type=\"widget\" data-widget_type=\"text-editor.default\">\n\t\t\t\t<div class=\"elementor-widget-container\">\n\t\t\t\t\t\t\t\t\t<h2>Erilaiset koulujen kemikaaleja koskevat EU:n lains\u00e4\u00e4d\u00e4nn\u00f6t<\/h2><figure><img fetchpriority=\"high\" decoding=\"async\" src=\"https:\/\/chesse.org\/wp-content\/uploads\/FI_overview-of-legislation.svg\" alt=\"Vuokaavio kuvaa koulujen kemikaaleihin liittyv\u00e4\u00e4 lains\u00e4\u00e4d\u00e4nt\u00f6\u00e4. EU:n asetuksia sovelletaan suoraan kaikissa Euroopan unionin maissa. EU:n direktiivit hyv\u00e4ksyt\u00e4\u00e4n EU:n tasolla, ja EU-maat sis\u00e4llytt\u00e4v\u00e4t ne kansalliseen lains\u00e4\u00e4d\u00e4nt\u00f6\u00f6ns\u00e4. J\u00e4senmailla voi olla EU:n vaatimuksia rajoittavampaa kansallista lains\u00e4\u00e4d\u00e4nt\u00f6\u00e4.\" width=\"1440\" height=\"675\"><figcaption>Katsaus lains\u00e4\u00e4d\u00e4nt\u00f6\u00f6n.<\/figcaption><\/figure><h3>EU-asetukset<\/h3><p>EU:n asetukset sitovat kaikkia EU:n j\u00e4senmaita. Asetuksia sovelletaan sellaisinaan kaikissa Euroopan unionin maissa. Kemikaaliturvallisuuden kannalta on kaksi erityisen t\u00e4rke\u00e4\u00e4 asetusta, jotka koskevat my\u00f6s ETA-maita (Euroopan talousalue): <\/p><ul><li><strong>Luokituksesta, merkinn\u00f6ist\u00e4 ja pakkaamisesta annettu asetus (CLP)<\/strong> s\u00e4\u00e4telee, miten kemikaalit on luokiteltu niiden vaarallisuuden perusteella ja miten vaarasta ja asianmukaisesta turvallisesta k\u00e4yt\u00f6st\u00e4 sek\u00e4 h\u00e4vitt\u00e4misest\u00e4 tiedotetaan. EU:ssa kaikki myynniss\u00e4 olevat vaaralliset kemikaalit on merkitt\u00e4v\u00e4 ja pakattava CLP-vaatimusten mukaisesti. T\u00e4m\u00e4 koskee my\u00f6s liuoksia, jotka valmistetaan ja s\u00e4il\u00f6t\u00e4\u00e4n kouluissa. <\/li><li><strong>Rekister\u00f6inti\u00e4, arviointia, lupamenettely\u00e4 ja rajoituksia koskeva asetus (REACH)<\/strong> s\u00e4\u00e4telee kemikaalen k\u00e4ytt\u00f6\u00e4 muun muassa vaatimalla teollisuutta tuottamaan vaaroja ja riskej\u00e4 koskevia tietoja ja rajoittamalla tiettyjen kemikaalien k\u00e4ytt\u00f6\u00e4 niiden terveys- tai ymp\u00e4rist\u00f6vaarojen vuoksi. Ammattilaista edellytet\u00e4\u00e4n lukemaan ja noudattamaan kaikkien k\u00e4ytt\u00e4miens\u00e4 kemikaalien k\u00e4ytt\u00f6turvallisuustiedotteen tietoja. <\/li><\/ul><h3>EU-direktiivit<\/h3><p>EU-direktiivit hyv\u00e4ksyt\u00e4\u00e4n EU-tasolla. EU- ja ETA-maat ovat sis\u00e4llytt\u00e4neet direktiivit kansalliseen lains\u00e4\u00e4d\u00e4nt\u00f6\u00f6ns\u00e4. N\u00e4in direktiiveist\u00e4 tulee osa kansallisia tai alueellisia lakeja. Esimerkiksi j\u00e4tepuitedirektiivi (WFD) ja sy\u00f6p\u00e4vaaraa aiheuttavia aineita ja perim\u00e4vaurioita aiheuttava direktiivi (CMD) ovat EU-direktiivej\u00e4. <\/p><h3>Kansalliset lis\u00e4lait<\/h3><p>Sek\u00e4 EU-asetukset ett\u00e4 EU-direktiivit ovat sitovia s\u00e4\u00e4d\u00f6ksi\u00e4. EU:n j\u00e4senmailla voi olla kansallisia s\u00e4\u00e4d\u00f6ksi\u00e4, jotka ovat rajoittavampia kuin EU:n s\u00e4\u00e4d\u00f6kset. <\/p>\t\t\t\t\t\t\t\t<\/div>\n\t\t\t\t<\/div>\n\t\t\t\t\t<\/div>\n\t\t<\/div>\n\t\t\t\t\t<\/div>\n\t\t<\/section>\n\t\t\t\t<\/div>\n\t\t","protected":false},"excerpt":{"rendered":"<p>Koulujen kemikaaleja koskeva eurooppalainen lains\u00e4\u00e4d\u00e4nt\u00f6. Table of Contents EU:n kemikaalilains\u00e4\u00e4d\u00e4nn\u00f6n yleiset periaatteet Useat EU:n lain ovat sovellettavissa kemiallisiin vaaroihin. EU:n kemikaalilains\u00e4\u00e4d\u00e4nt\u00f6 sis\u00e4lt\u00e4\u00e4 seuraavat yleiset periaatteet: Ennaltaehk\u00e4isyn periaateOn parempi ehk\u00e4ist\u00e4 kuin korjata. VarovaisuusperiaateViranomaisten on ryhdytt\u00e4v\u00e4 asianmukaisiin toimenpiteisiin ehk\u00e4ist\u00e4kseen erityisi\u00e4 mahdollisia riskej\u00e4 kansanterveydelle, turvallisuudelle ja ymp\u00e4rist\u00f6lle. N\u00e4m\u00e4 edut menev\u00e4t taloudellisten etujen edelle. Saastuttaja maksaa -periaateYmp\u00e4rist\u00f6n pilaantumisen aiheuttaja &hellip; <a href=\"https:\/\/chesse.org\/fi\/lainsaadanto\/katsaus-euroopan-kemikaalilainsaadantoon\/\" class=\"more-link\">Jatka lukemista <span class=\"screen-reader-text\">Katsaus Euroopan kemikaali-lain-s\u00e4\u00e4d\u00e4nt\u00f6\u00f6n<\/span> <span class=\"meta-nav\">&rarr;<\/span><\/a><\/p>\n","protected":false},"author":43,"featured_media":0,"parent":10817,"menu_order":0,"comment_status":"closed","ping_status":"closed","template":"","meta":{"footnotes":""},"class_list":["post-10782","page","type-page","status-publish","hentry"],"yoast_head":"<!-- This site is optimized with the Yoast SEO plugin v27.3 - https:\/\/yoast.com\/product\/yoast-seo-wordpress\/ -->\n<title>Katsaus Euroopan kemikaali-lain-s\u00e4\u00e4d\u00e4nt\u00f6\u00f6n &#8211; Chemical Safety in Science Education<\/title>\n<meta name=\"description\" content=\"Lains\u00e4\u00e4d\u00e4nt\u00f6, joka ohjaa kemikaalien k\u00e4sittely\u00e4 kouluissa EU:n alueella. T\u00e4m\u00e4 sis\u00e4lt\u00e4\u00e4 yleiset periaatteet ja erityyppiset EU-lains\u00e4\u00e4d\u00e4nn\u00f6t.\" \/>\n<meta name=\"robots\" content=\"index, follow, max-snippet:-1, max-image-preview:large, max-video-preview:-1\" \/>\n<link rel=\"canonical\" href=\"https:\/\/chesse.org\/fi\/lainsaadanto\/katsaus-euroopan-kemikaalilainsaadantoon\/\" \/>\n<meta property=\"og:locale\" content=\"fi_FI\" \/>\n<meta property=\"og:type\" content=\"article\" \/>\n<meta property=\"og:title\" content=\"Katsaus Euroopan kemikaali-lain-s\u00e4\u00e4d\u00e4nt\u00f6\u00f6n &#8211; Chemical Safety in Science Education\" \/>\n<meta property=\"og:description\" content=\"Lains\u00e4\u00e4d\u00e4nt\u00f6, joka ohjaa kemikaalien k\u00e4sittely\u00e4 kouluissa EU:n alueella. T\u00e4m\u00e4 sis\u00e4lt\u00e4\u00e4 yleiset periaatteet ja erityyppiset EU-lains\u00e4\u00e4d\u00e4nn\u00f6t.\" \/>\n<meta property=\"og:url\" content=\"https:\/\/chesse.org\/fi\/lainsaadanto\/katsaus-euroopan-kemikaalilainsaadantoon\/\" \/>\n<meta property=\"og:site_name\" content=\"Chemical Safety in Science Education\" \/>\n<meta property=\"article:modified_time\" content=\"2026-03-13T14:26:23+00:00\" \/>\n<meta property=\"og:image\" content=\"https:\/\/chesse.org\/wp-content\/uploads\/FI_overview-of-legislation.svg\" \/>\n<meta name=\"twitter:card\" content=\"summary_large_image\" \/>\n<script type=\"application\/ld+json\" class=\"yoast-schema-graph\">{\"@context\":\"https:\\\/\\\/schema.org\",\"@graph\":[{\"@type\":\"WebPage\",\"@id\":\"https:\\\/\\\/chesse.org\\\/fi\\\/lainsaadanto\\\/katsaus-euroopan-kemikaalilainsaadantoon\\\/\",\"url\":\"https:\\\/\\\/chesse.org\\\/fi\\\/lainsaadanto\\\/katsaus-euroopan-kemikaalilainsaadantoon\\\/\",\"name\":\"Katsaus Euroopan kemikaali-lain-s\u00e4\u00e4d\u00e4nt\u00f6\u00f6n &#8211; Chemical Safety in Science Education\",\"isPartOf\":{\"@id\":\"https:\\\/\\\/chesse.org\\\/fi\\\/#website\"},\"primaryImageOfPage\":{\"@id\":\"https:\\\/\\\/chesse.org\\\/fi\\\/lainsaadanto\\\/katsaus-euroopan-kemikaalilainsaadantoon\\\/#primaryimage\"},\"image\":{\"@id\":\"https:\\\/\\\/chesse.org\\\/fi\\\/lainsaadanto\\\/katsaus-euroopan-kemikaalilainsaadantoon\\\/#primaryimage\"},\"thumbnailUrl\":\"https:\\\/\\\/chesse.org\\\/wp-content\\\/uploads\\\/FI_overview-of-legislation.svg\",\"datePublished\":\"2022-11-06T20:19:42+00:00\",\"dateModified\":\"2026-03-13T14:26:23+00:00\",\"description\":\"Lains\u00e4\u00e4d\u00e4nt\u00f6, joka ohjaa kemikaalien k\u00e4sittely\u00e4 kouluissa EU:n alueella. T\u00e4m\u00e4 sis\u00e4lt\u00e4\u00e4 yleiset periaatteet ja erityyppiset EU-lains\u00e4\u00e4d\u00e4nn\u00f6t.\",\"breadcrumb\":{\"@id\":\"https:\\\/\\\/chesse.org\\\/fi\\\/lainsaadanto\\\/katsaus-euroopan-kemikaalilainsaadantoon\\\/#breadcrumb\"},\"inLanguage\":\"fi\",\"potentialAction\":[{\"@type\":\"ReadAction\",\"target\":[\"https:\\\/\\\/chesse.org\\\/fi\\\/lainsaadanto\\\/katsaus-euroopan-kemikaalilainsaadantoon\\\/\"]}]},{\"@type\":\"ImageObject\",\"inLanguage\":\"fi\",\"@id\":\"https:\\\/\\\/chesse.org\\\/fi\\\/lainsaadanto\\\/katsaus-euroopan-kemikaalilainsaadantoon\\\/#primaryimage\",\"url\":\"https:\\\/\\\/chesse.org\\\/wp-content\\\/uploads\\\/FI_overview-of-legislation.svg\",\"contentUrl\":\"https:\\\/\\\/chesse.org\\\/wp-content\\\/uploads\\\/FI_overview-of-legislation.svg\"},{\"@type\":\"BreadcrumbList\",\"@id\":\"https:\\\/\\\/chesse.org\\\/fi\\\/lainsaadanto\\\/katsaus-euroopan-kemikaalilainsaadantoon\\\/#breadcrumb\",\"itemListElement\":[{\"@type\":\"ListItem\",\"position\":1,\"name\":\"Etusivu\",\"item\":\"https:\\\/\\\/chesse.org\\\/fi\\\/\"},{\"@type\":\"ListItem\",\"position\":2,\"name\":\"Lains\u00e4\u00e4d\u00e4nt\u00f6\",\"item\":\"https:\\\/\\\/chesse.org\\\/fi\\\/lainsaadanto\\\/\"},{\"@type\":\"ListItem\",\"position\":3,\"name\":\"Katsaus Euroopan kemikaali-lain-s\u00e4\u00e4d\u00e4nt\u00f6\u00f6n\"}]},{\"@type\":\"WebSite\",\"@id\":\"https:\\\/\\\/chesse.org\\\/fi\\\/#website\",\"url\":\"https:\\\/\\\/chesse.org\\\/fi\\\/\",\"name\":\"Chemical Safety in Science Education\",\"description\":\"Condensed, up-to date information for science and chemistry teachers, head of schools and science teacher educators.\",\"publisher\":{\"@id\":\"https:\\\/\\\/chesse.org\\\/fi\\\/#organization\"},\"potentialAction\":[{\"@type\":\"SearchAction\",\"target\":{\"@type\":\"EntryPoint\",\"urlTemplate\":\"https:\\\/\\\/chesse.org\\\/fi\\\/?s={search_term_string}\"},\"query-input\":{\"@type\":\"PropertyValueSpecification\",\"valueRequired\":true,\"valueName\":\"search_term_string\"}}],\"inLanguage\":\"fi\"},{\"@type\":\"Organization\",\"@id\":\"https:\\\/\\\/chesse.org\\\/fi\\\/#organization\",\"name\":\"Online resources for Chemical Safety in Science Education\",\"url\":\"https:\\\/\\\/chesse.org\\\/fi\\\/\",\"logo\":{\"@type\":\"ImageObject\",\"inLanguage\":\"fi\",\"@id\":\"https:\\\/\\\/chesse.org\\\/fi\\\/#\\\/schema\\\/logo\\\/image\\\/\",\"url\":\"https:\\\/\\\/chesse.org\\\/wp-content\\\/uploads\\\/2020\\\/10\\\/CheSSE_logo-01.svg\",\"contentUrl\":\"https:\\\/\\\/chesse.org\\\/wp-content\\\/uploads\\\/2020\\\/10\\\/CheSSE_logo-01.svg\",\"width\":350,\"height\":100,\"caption\":\"Online resources for Chemical Safety in Science Education\"},\"image\":{\"@id\":\"https:\\\/\\\/chesse.org\\\/fi\\\/#\\\/schema\\\/logo\\\/image\\\/\"}}]}<\/script>\n<!-- \/ Yoast SEO plugin. -->","yoast_head_json":{"title":"Katsaus Euroopan kemikaali-lain-s\u00e4\u00e4d\u00e4nt\u00f6\u00f6n &#8211; Chemical Safety in Science Education","description":"Lains\u00e4\u00e4d\u00e4nt\u00f6, joka ohjaa kemikaalien k\u00e4sittely\u00e4 kouluissa EU:n alueella. T\u00e4m\u00e4 sis\u00e4lt\u00e4\u00e4 yleiset periaatteet ja erityyppiset EU-lains\u00e4\u00e4d\u00e4nn\u00f6t.","robots":{"index":"index","follow":"follow","max-snippet":"max-snippet:-1","max-image-preview":"max-image-preview:large","max-video-preview":"max-video-preview:-1"},"canonical":"https:\/\/chesse.org\/fi\/lainsaadanto\/katsaus-euroopan-kemikaalilainsaadantoon\/","og_locale":"fi_FI","og_type":"article","og_title":"Katsaus Euroopan kemikaali-lain-s\u00e4\u00e4d\u00e4nt\u00f6\u00f6n &#8211; Chemical Safety in Science Education","og_description":"Lains\u00e4\u00e4d\u00e4nt\u00f6, joka ohjaa kemikaalien k\u00e4sittely\u00e4 kouluissa EU:n alueella. T\u00e4m\u00e4 sis\u00e4lt\u00e4\u00e4 yleiset periaatteet ja erityyppiset EU-lains\u00e4\u00e4d\u00e4nn\u00f6t.","og_url":"https:\/\/chesse.org\/fi\/lainsaadanto\/katsaus-euroopan-kemikaalilainsaadantoon\/","og_site_name":"Chemical Safety in Science Education","article_modified_time":"2026-03-13T14:26:23+00:00","og_image":[{"url":"https:\/\/chesse.org\/wp-content\/uploads\/FI_overview-of-legislation.svg","type":"","width":"","height":""}],"twitter_card":"summary_large_image","schema":{"@context":"https:\/\/schema.org","@graph":[{"@type":"WebPage","@id":"https:\/\/chesse.org\/fi\/lainsaadanto\/katsaus-euroopan-kemikaalilainsaadantoon\/","url":"https:\/\/chesse.org\/fi\/lainsaadanto\/katsaus-euroopan-kemikaalilainsaadantoon\/","name":"Katsaus Euroopan kemikaali-lain-s\u00e4\u00e4d\u00e4nt\u00f6\u00f6n &#8211; Chemical Safety in Science Education","isPartOf":{"@id":"https:\/\/chesse.org\/fi\/#website"},"primaryImageOfPage":{"@id":"https:\/\/chesse.org\/fi\/lainsaadanto\/katsaus-euroopan-kemikaalilainsaadantoon\/#primaryimage"},"image":{"@id":"https:\/\/chesse.org\/fi\/lainsaadanto\/katsaus-euroopan-kemikaalilainsaadantoon\/#primaryimage"},"thumbnailUrl":"https:\/\/chesse.org\/wp-content\/uploads\/FI_overview-of-legislation.svg","datePublished":"2022-11-06T20:19:42+00:00","dateModified":"2026-03-13T14:26:23+00:00","description":"Lains\u00e4\u00e4d\u00e4nt\u00f6, joka ohjaa kemikaalien k\u00e4sittely\u00e4 kouluissa EU:n alueella. T\u00e4m\u00e4 sis\u00e4lt\u00e4\u00e4 yleiset periaatteet ja erityyppiset EU-lains\u00e4\u00e4d\u00e4nn\u00f6t.","breadcrumb":{"@id":"https:\/\/chesse.org\/fi\/lainsaadanto\/katsaus-euroopan-kemikaalilainsaadantoon\/#breadcrumb"},"inLanguage":"fi","potentialAction":[{"@type":"ReadAction","target":["https:\/\/chesse.org\/fi\/lainsaadanto\/katsaus-euroopan-kemikaalilainsaadantoon\/"]}]},{"@type":"ImageObject","inLanguage":"fi","@id":"https:\/\/chesse.org\/fi\/lainsaadanto\/katsaus-euroopan-kemikaalilainsaadantoon\/#primaryimage","url":"https:\/\/chesse.org\/wp-content\/uploads\/FI_overview-of-legislation.svg","contentUrl":"https:\/\/chesse.org\/wp-content\/uploads\/FI_overview-of-legislation.svg"},{"@type":"BreadcrumbList","@id":"https:\/\/chesse.org\/fi\/lainsaadanto\/katsaus-euroopan-kemikaalilainsaadantoon\/#breadcrumb","itemListElement":[{"@type":"ListItem","position":1,"name":"Etusivu","item":"https:\/\/chesse.org\/fi\/"},{"@type":"ListItem","position":2,"name":"Lains\u00e4\u00e4d\u00e4nt\u00f6","item":"https:\/\/chesse.org\/fi\/lainsaadanto\/"},{"@type":"ListItem","position":3,"name":"Katsaus Euroopan kemikaali-lain-s\u00e4\u00e4d\u00e4nt\u00f6\u00f6n"}]},{"@type":"WebSite","@id":"https:\/\/chesse.org\/fi\/#website","url":"https:\/\/chesse.org\/fi\/","name":"Chemical Safety in Science Education","description":"Condensed, up-to date information for science and chemistry teachers, head of schools and science teacher educators.","publisher":{"@id":"https:\/\/chesse.org\/fi\/#organization"},"potentialAction":[{"@type":"SearchAction","target":{"@type":"EntryPoint","urlTemplate":"https:\/\/chesse.org\/fi\/?s={search_term_string}"},"query-input":{"@type":"PropertyValueSpecification","valueRequired":true,"valueName":"search_term_string"}}],"inLanguage":"fi"},{"@type":"Organization","@id":"https:\/\/chesse.org\/fi\/#organization","name":"Online resources for Chemical Safety in Science Education","url":"https:\/\/chesse.org\/fi\/","logo":{"@type":"ImageObject","inLanguage":"fi","@id":"https:\/\/chesse.org\/fi\/#\/schema\/logo\/image\/","url":"https:\/\/chesse.org\/wp-content\/uploads\/2020\/10\/CheSSE_logo-01.svg","contentUrl":"https:\/\/chesse.org\/wp-content\/uploads\/2020\/10\/CheSSE_logo-01.svg","width":350,"height":100,"caption":"Online resources for Chemical Safety in Science Education"},"image":{"@id":"https:\/\/chesse.org\/fi\/#\/schema\/logo\/image\/"}}]}},"_links":{"self":[{"href":"https:\/\/chesse.org\/fi\/wp-json\/wp\/v2\/pages\/10782","targetHints":{"allow":["GET"]}}],"collection":[{"href":"https:\/\/chesse.org\/fi\/wp-json\/wp\/v2\/pages"}],"about":[{"href":"https:\/\/chesse.org\/fi\/wp-json\/wp\/v2\/types\/page"}],"author":[{"embeddable":true,"href":"https:\/\/chesse.org\/fi\/wp-json\/wp\/v2\/users\/43"}],"replies":[{"embeddable":true,"href":"https:\/\/chesse.org\/fi\/wp-json\/wp\/v2\/comments?post=10782"}],"version-history":[{"count":9,"href":"https:\/\/chesse.org\/fi\/wp-json\/wp\/v2\/pages\/10782\/revisions"}],"predecessor-version":[{"id":16696,"href":"https:\/\/chesse.org\/fi\/wp-json\/wp\/v2\/pages\/10782\/revisions\/16696"}],"up":[{"embeddable":true,"href":"https:\/\/chesse.org\/fi\/wp-json\/wp\/v2\/pages\/10817"}],"wp:attachment":[{"href":"https:\/\/chesse.org\/fi\/wp-json\/wp\/v2\/media?parent=10782"}],"curies":[{"name":"wp","href":"https:\/\/api.w.org\/{rel}","templated":true}]}}