{"id":10786,"date":"2022-11-07T09:44:00","date_gmt":"2022-11-07T08:44:00","guid":{"rendered":"https:\/\/chesse.org\/kemikaalien-kayttoa-rajoittava-lainsaadanto\/"},"modified":"2025-04-09T12:29:03","modified_gmt":"2025-04-09T10:29:03","slug":"kemikaalien-kayttoa-rajoittava-lainsaadanto","status":"publish","type":"page","link":"https:\/\/chesse.org\/fi\/lainsaadanto\/kemikaalien-kayttoa-rajoittava-lainsaadanto\/","title":{"rendered":"Kemikaalien k\u00e4ytt\u00f6\u00e4 rajoittava lains\u00e4\u00e4d\u00e4nt\u00f6"},"content":{"rendered":"\t\t<div data-elementor-type=\"wp-page\" data-elementor-id=\"10786\" class=\"elementor elementor-10786 elementor-2841\" data-elementor-post-type=\"page\">\n\t\t\t\t\t\t<section class=\"elementor-section elementor-top-section elementor-element elementor-element-c5fab45 elementor-section-boxed elementor-section-height-default elementor-section-height-default\" data-id=\"c5fab45\" data-element_type=\"section\" data-e-type=\"section\">\n\t\t\t\t\t\t<div class=\"elementor-container elementor-column-gap-default\">\n\t\t\t\t\t<div class=\"elementor-column elementor-col-100 elementor-top-column elementor-element elementor-element-9f1143f\" data-id=\"9f1143f\" data-element_type=\"column\" data-e-type=\"column\">\n\t\t\t<div class=\"elementor-widget-wrap elementor-element-populated\">\n\t\t\t\t\t\t<div class=\"elementor-element elementor-element-375e4f0 standfirst elementor-widget elementor-widget-text-editor\" data-id=\"375e4f0\" data-element_type=\"widget\" data-e-type=\"widget\" data-widget_type=\"text-editor.default\">\n\t\t\t\t<div class=\"elementor-widget-container\">\n\t\t\t\t\t\t\t\t\t<p>Kemikaalien rajoitukset perustuvat niiden vaarallisiin ominaisuuksiin tai k\u00e4ytt\u00f6\u00f6n.<\/p>\t\t\t\t\t\t\t\t<\/div>\n\t\t\t\t<\/div>\n\t\t\t\t<div class=\"elementor-element elementor-element-55b5fed elementor-toc--content-ellipsis elementor-widget elementor-widget-global elementor-global-5017 elementor-global-3097 elementor-widget-table-of-contents\" data-id=\"55b5fed\" data-element_type=\"widget\" data-e-type=\"widget\" data-settings=\"{&quot;headings_by_tags&quot;:[&quot;h2&quot;,&quot;h3&quot;],&quot;exclude_headings_by_selector&quot;:&quot;.noTOC&quot;,&quot;marker_view&quot;:&quot;bullets&quot;,&quot;icon&quot;:{&quot;value&quot;:&quot;fas fa-circle&quot;,&quot;library&quot;:&quot;fa-solid&quot;},&quot;no_headings_message&quot;:&quot;No headings were found on this page.&quot;,&quot;hierarchical_view&quot;:&quot;yes&quot;,&quot;min_height&quot;:{&quot;unit&quot;:&quot;px&quot;,&quot;size&quot;:&quot;&quot;,&quot;sizes&quot;:[]},&quot;min_height_tablet&quot;:{&quot;unit&quot;:&quot;px&quot;,&quot;size&quot;:&quot;&quot;,&quot;sizes&quot;:[]},&quot;min_height_mobile&quot;:{&quot;unit&quot;:&quot;px&quot;,&quot;size&quot;:&quot;&quot;,&quot;sizes&quot;:[]}}\" data-widget_type=\"table-of-contents.default\">\n\t\t\t\t<div class=\"elementor-widget-container\">\n\t\t\t\t\t\t\t\t\t<div class=\"elementor-toc__header\">\n\t\t\t\t\t\t<div class=\"elementor-toc__header-title\">\n\t\t\t\tSis\u00e4llys\t\t\t<\/div>\n\t\t\t\t\t\t\t\t<\/div>\n\t\t\t\t<div id=\"elementor-toc__55b5fed\" class=\"elementor-toc__body\">\n\t\t\t<div class=\"elementor-toc__spinner-container\">\n\t\t\t\t<i class=\"elementor-toc__spinner eicon-animation-spin eicon-loading\" aria-hidden=\"true\"><\/i>\t\t\t<\/div>\n\t\t<\/div>\n\t\t\t\t\t\t<\/div>\n\t\t\t\t<\/div>\n\t\t\t\t<div class=\"elementor-element elementor-element-87143ed elementor-widget elementor-widget-text-editor\" data-id=\"87143ed\" data-element_type=\"widget\" data-e-type=\"widget\" data-widget_type=\"text-editor.default\">\n\t\t\t\t<div class=\"elementor-widget-container\">\n\t\t\t\t\t\t\t\t\t<h2>Kemikaalien rajoitukset<\/h2><p>Tiettyjen kemikaalien k\u00e4ytt\u00f6\u00e4 rajoitetaan eri syist\u00e4. Eritt\u00e4in suurta huolta aiheuttavien kemikaalien <em>kaikenlainen k\u00e4ytt\u00f6<\/em> on rajoitettua tiukan s\u00e4\u00e4ntelyn ja lupaj\u00e4rjestelyn mukaisesti, koska ne aiheuttavat tietyntyyppisi\u00e4 terveys- tai ymp\u00e4rist\u00f6vaaroja, kuten hormonaalisia h\u00e4iri\u00f6it\u00e4. <\/p><p>Joitakin kemikaaleja voidaan rajoittaa niiden riskien tai k\u00e4yt\u00f6n vuoksi, esimerkiksi jos niit\u00e4 voitaisiin k\u00e4ytt\u00e4\u00e4 r\u00e4j\u00e4hteiden tai laittomien huumausaineiden valmistamiseen.<\/p><h3>Terveys- tai ymp\u00e4rist\u00f6vaaroista aiheutuvat rajoitukset<\/h3><p>REACH-asetuksessa (kemikaalien rekister\u00f6inti\u00e4, arviointia, lupamenettely\u00e4 ja rajoituksia koskeva asetus) on kyse vaarallisten kemikaalien tunnistamisesta ja s\u00e4\u00e4ntelyst\u00e4. Aineet, joilla on vakavia vaikutuksia ihmisten terveyteen ja ymp\u00e4rist\u00f6\u00f6n, voidaan m\u00e4\u00e4ritell\u00e4 erityist\u00e4 huolta aiheuttaviksi aineiksi (SVHC-aineeksi).<\/p><p>SVHC-aineisiin liittyvien riskien hallitsemiseksi EU:n alueella, tietyt SVHC-aineet edellytt\u00e4v\u00e4t lupaa Euroopan komissiolta. Tavoitteena on varmistaa, ett\u00e4 SVHC-aineet tunnistetaan ja korvataan asteittain v\u00e4hemm\u00e4n vaarallisilla aineilla tai menetelmill\u00e4 aina, kun se on mahdollista.<\/p>\t\t\t\t\t\t\t\t<\/div>\n\t\t\t\t<\/div>\n\t\t\t\t<div class=\"elementor-element elementor-element-7a72358 elementor-widget elementor-widget-text-editor\" data-id=\"7a72358\" data-element_type=\"widget\" data-e-type=\"widget\" data-widget_type=\"text-editor.default\">\n\t\t\t\t<div class=\"elementor-widget-container\">\n\t\t\t\t\t\t\t\t\t<table class=\"chesseTable\"><caption>Erityist\u00e4 huolta aiheuttavat aineet (SVHC)<\/caption><tbody><tr><th id=\"authorisation\" class=\"orange\" style=\"width: 30%; font-size: larger; text-align: center;\">Lupaluettelo<\/th><td class=\"orangeBorder\"><ul><li>luettelo SVHC-aineista, jotka edellytt\u00e4v\u00e4t lupaa<\/li><li>ellei Euroopan komissiolta ole annettu lupaa, sit\u00e4 ei voi toimittaa eik\u00e4 k\u00e4ytt\u00e4\u00e4<\/li><li><a href=\"https:\/\/echa.europa.eu\/authorisation-list\" aria-labelledby=\"authorisation\">julkaistaan ECHAn verkkosivuilla <\/a> ja on REACH-asetuksen liitteess\u00e4 XIV<\/li><li>s\u00e4\u00e4nt\u00f6j\u00e4 sovelletaan kaikkialla EU:ssa<\/li><li>uusia aineita lis\u00e4t\u00e4\u00e4n lupaluetteloon s\u00e4\u00e4nn\u00f6llisesti<\/li><\/ul><\/td><\/tr><tr><th id=\"candidate\" class=\"orange\" style=\"font-size: larger; text-align: center;\">Ehdokasluettelo<\/th><td class=\"orangeBorder\"><ul><li>luettelo SVHC-aineista, jotka ovat ehdolla lupaluetteloon<\/li><li><a href=\"https:\/\/echa.europa.eu\/en\/candidate-list-table\" aria-labelledby=\"candidate\">julkaistaan ECHAn verkkosivuilla<\/a> REACH-asetuksen 59 artiklan 10 kohdan mukaisesti<\/li><li>osoittaa, mit\u00e4 kemikaaleja k\u00e4ytt\u00e4jien pit\u00e4isi harkita korvattavan v\u00e4hemm\u00e4n vaarallisilla vaihtoehdoilla<\/li><\/ul><\/td><\/tr><\/tbody><\/table>\t\t\t\t\t\t\t\t<\/div>\n\t\t\t\t<\/div>\n\t\t\t\t<div class=\"elementor-element elementor-element-e989a2d elementor-widget elementor-widget-text-editor\" data-id=\"e989a2d\" data-element_type=\"widget\" data-e-type=\"widget\" data-widget_type=\"text-editor.default\">\n\t\t\t\t<div class=\"elementor-widget-container\">\n\t\t\t\t\t\t\t\t\t<p>Kaikkien lupaa edellytt\u00e4vien aineiden korvaaminen on pakollista. Ehdokasluettelossa mainittujen aineiden korvaaminen on eritt\u00e4in suositeltavaa. Jos korvaaminen ei ole mahdollista, Euroopan komissio voi sallia k\u00e4yt\u00f6n jatkamisen, jos se on t\u00e4ysin perusteltua.<\/p><h3>Muut rajoitukset<\/h3><p>Kemikaalien erityist\u00e4 k\u00e4ytt\u00f6\u00e4 voidaan rajoittaa, jos k\u00e4ytt\u00f6 aiheuttaa ihmisten terveydelle tai ymp\u00e4rist\u00f6lle hyv\u00e4ksym\u00e4tt\u00f6m\u00e4n riskin. Joissakin tapauksissa t\u00e4llainen rajoitus voi koskea my\u00f6s kemikaalin valmistusta ja toimitusta. Monia kemikaaleja rajoitetaan t\u00e4ll\u00e4 tavalla. Rajoitetut kemikaalit ovat REACH-asetuksen liitteess\u00e4 XVII. <\/p><p>Muissa EU:n s\u00e4\u00e4d\u00f6ksiss\u00e4 s\u00e4\u00e4nnell\u00e4\u00e4n my\u00f6s vaarallisten kemikaalien k\u00e4yt\u00f6st\u00e4. Esimerkiksi EU:n direktiivi lelujen turvallisuudesta rajoittaa vaarallisten aineiden k\u00e4ytt\u00f6\u00e4 leluissa.<\/p><h3>R\u00e4j\u00e4hteiden tai laittomien huumausaineiden mahdolliset l\u00e4ht\u00f6aineet<\/h3><p>Joidenkin kemikaalien myynti\u00e4 rajoitetaan, koska niit\u00e4 voidaan k\u00e4ytt\u00e4\u00e4 r\u00e4j\u00e4hteiden tai laittomien huumausaineiden l\u00e4ht\u00f6aineina.<\/p><p>Jos haluaa hankkia n\u00e4it\u00e4 r\u00e4j\u00e4hteiden l\u00e4ht\u00f6aineita (tiettyyn pitoisuuteen asti), toimittajan on todennettava jokaisesta tapahtumasta henkil\u00f6llisyytesi ja lupasi (noudattaen sen j\u00e4senvaltion perustamaa lupaj\u00e4rjestelm\u00e4\u00e4, jossa rajoitettu l\u00e4ht\u00f6aine on saatavilla). Lis\u00e4ksi ammattik\u00e4ytt\u00e4j\u00e4n\u00e4 sinun on ilmoitettava koulusi nimi ja osoite sek\u00e4 kyseisten kemikaalien k\u00e4ytt\u00f6tarkoitus. <\/p><p>Jos haluaa hankkia jonkin aineen huumausaineiden l\u00e4ht\u00f6aineiden listalta, kyseisen aineen toimittajalle on annettava ilmoitus. Ilmoituksessa on oltava seuraavat tiedot: nimesi ja osoitteesi sek\u00e4 aineen k\u00e4ytt\u00f6tarkoitus. <\/p>\t\t\t\t\t\t\t\t<\/div>\n\t\t\t\t<\/div>\n\t\t\t\t<div class=\"elementor-element elementor-element-7e2a99d elementor-widget elementor-widget-text-editor\" data-id=\"7e2a99d\" data-element_type=\"widget\" data-e-type=\"widget\" data-widget_type=\"text-editor.default\">\n\t\t\t\t<div class=\"elementor-widget-container\">\n\t\t\t\t\t\t\t\t\t<h2>Luvattomalta k\u00e4yt\u00f6lt\u00e4 suojaaminen<\/h2><p>Koululla on oltava j\u00e4rjestelm\u00e4, jolla valvotaan kemikaalien k\u00e4ytt\u00f6\u00e4 varkauksilta. Kouluissa t\u00e4m\u00e4 koskee p\u00e4\u00e4asiassa denaturoimatonta etanolia ja kemikaaleja, joita voidaan k\u00e4ytt\u00e4\u00e4 r\u00e4j\u00e4hteiden l\u00e4ht\u00f6aineina tai huumausaineiden laittomassa valmistuksessa. Koululla on oltava riitt\u00e4v\u00e4 tieto n\u00e4iden kemikaalien s\u00e4ilytyksest\u00e4, jotta varkaus tai kemikaalin merkitt\u00e4v\u00e4 ja selitt\u00e4m\u00e4t\u00f6n h\u00e4vi\u00e4minen voidaan havaita nopeasti. Kouluissa t\u00e4llaisia yleisi\u00e4 kemikaaleja, joita voidaan k\u00e4ytt\u00e4\u00e4 l\u00e4ht\u00f6aineina, ovat EU:n lains\u00e4\u00e4d\u00e4nn\u00f6n mukaan esimerkiksi rikkihappo, kaliumnitraatti ja kaliumpermanganaatti. T\u00e4ydelliset luettelot t\u00e4llaisista kemikaaleista on alla mainituissa asiakirjoissa.<\/p>\t\t\t\t\t\t\t\t<\/div>\n\t\t\t\t<\/div>\n\t\t\t\t<div class=\"elementor-element elementor-element-4e44120 linkBox elementor-widget elementor-widget-text-editor\" data-id=\"4e44120\" data-element_type=\"widget\" data-e-type=\"widget\" data-widget_type=\"text-editor.default\">\n\t\t\t\t<div class=\"elementor-widget-container\">\n\t\t\t\t\t\t\t\t\t<h2>Aiheeseen liittyv\u00e4t lakis\u00e4\u00e4teiset asiakirjat<\/h2><p><a href=\"https:\/\/eur-lex.europa.eu\/eli\/reg\/2006\/1907\">Regulation concerning the Registration, Evaluation, Authorisation and Restriction of Chemicals (REACH): (EC) No 1907\/2006<\/a><\/p><p><a href=\"https:\/\/eur-lex.europa.eu\/eli\/reg\/2019\/1148\">Regulation on the marketing and use of explosives precursors: (EU) 2019\/1148<\/a><\/p><p><a href=\"https:\/\/eur-lex.europa.eu\/eli\/reg\/2004\/273\/\">Regulation on drug precursors: (EC) No 273\/2004<\/a><\/p><p><a href=\"https:\/\/eur-lex.europa.eu\/eli\/reg\/2019\/1148#id-5ae38cef-a247-4015-9f1e-fa2f171eb2f0\">List of explosive percursors: (EU) No 2019\/1148, Annex I and II<\/a><\/p><p><a href=\"https:\/\/eur-lex.europa.eu\/eli\/reg\/2005\/111#id-51c6cad7-b886-4197-98e5-b669a72099e8\">List of drug percursors: (EC) No 111\/2005, Annex<\/a><\/p>\t\t\t\t\t\t\t\t<\/div>\n\t\t\t\t<\/div>\n\t\t\t\t\t<\/div>\n\t\t<\/div>\n\t\t\t\t\t<\/div>\n\t\t<\/section>\n\t\t\t\t<\/div>\n\t\t","protected":false},"excerpt":{"rendered":"<p>Kemikaalien rajoitukset perustuvat niiden vaarallisiin ominaisuuksiin tai k\u00e4ytt\u00f6\u00f6n. Table of Contents Kemikaalien rajoitukset Tiettyjen kemikaalien k\u00e4ytt\u00f6\u00e4 rajoitetaan eri syist\u00e4. Eritt\u00e4in suurta huolta aiheuttavien kemikaalien kaikenlainen k\u00e4ytt\u00f6 on rajoitettua tiukan s\u00e4\u00e4ntelyn ja lupaj\u00e4rjestelyn mukaisesti, koska ne aiheuttavat tietyntyyppisi\u00e4 terveys- tai ymp\u00e4rist\u00f6vaaroja, kuten hormonaalisia h\u00e4iri\u00f6it\u00e4. Joitakin kemikaaleja voidaan rajoittaa niiden riskien tai k\u00e4yt\u00f6n vuoksi, esimerkiksi jos niit\u00e4 &hellip; <a href=\"https:\/\/chesse.org\/fi\/lainsaadanto\/kemikaalien-kayttoa-rajoittava-lainsaadanto\/\" class=\"more-link\">Jatka lukemista <span class=\"screen-reader-text\">Kemikaalien k\u00e4ytt\u00f6\u00e4 rajoittava lains\u00e4\u00e4d\u00e4nt\u00f6<\/span> <span class=\"meta-nav\">&rarr;<\/span><\/a><\/p>\n","protected":false},"author":43,"featured_media":0,"parent":10817,"menu_order":2,"comment_status":"closed","ping_status":"closed","template":"","meta":{"footnotes":""},"class_list":["post-10786","page","type-page","status-publish","hentry"],"yoast_head":"<!-- This site is optimized with the Yoast SEO plugin v27.3 - https:\/\/yoast.com\/product\/yoast-seo-wordpress\/ -->\n<title>Kemikaalien k\u00e4ytt\u00f6\u00e4 rajoittava lains\u00e4\u00e4d\u00e4nt\u00f6 &#8211; Chemical Safety in Science Education<\/title>\n<meta name=\"description\" content=\"Kemikaalien rajoitukset perustuvat niiden vaarallisiin ominaisuuksiin tai k\u00e4ytt\u00f6\u00f6n.\" \/>\n<meta name=\"robots\" content=\"index, follow, max-snippet:-1, max-image-preview:large, max-video-preview:-1\" \/>\n<link rel=\"canonical\" href=\"https:\/\/chesse.org\/fi\/lainsaadanto\/kemikaalien-kayttoa-rajoittava-lainsaadanto\/\" \/>\n<meta property=\"og:locale\" content=\"fi_FI\" \/>\n<meta property=\"og:type\" content=\"article\" \/>\n<meta property=\"og:title\" content=\"Kemikaalien k\u00e4ytt\u00f6\u00e4 rajoittava lains\u00e4\u00e4d\u00e4nt\u00f6 &#8211; Chemical Safety in Science Education\" \/>\n<meta property=\"og:description\" content=\"Kemikaalien rajoitukset perustuvat niiden vaarallisiin ominaisuuksiin tai k\u00e4ytt\u00f6\u00f6n.\" \/>\n<meta property=\"og:url\" content=\"https:\/\/chesse.org\/fi\/lainsaadanto\/kemikaalien-kayttoa-rajoittava-lainsaadanto\/\" \/>\n<meta property=\"og:site_name\" content=\"Chemical Safety in Science Education\" \/>\n<meta property=\"article:modified_time\" content=\"2025-04-09T10:29:03+00:00\" \/>\n<meta property=\"og:image\" content=\"https:\/\/chesse.org\/wp-content\/uploads\/2022\/06\/chesse-sharing.png\" \/>\n\t<meta property=\"og:image:width\" content=\"1200\" \/>\n\t<meta property=\"og:image:height\" content=\"630\" \/>\n\t<meta property=\"og:image:type\" content=\"image\/png\" \/>\n<meta name=\"twitter:card\" content=\"summary_large_image\" \/>\n<script type=\"application\/ld+json\" class=\"yoast-schema-graph\">{\"@context\":\"https:\\\/\\\/schema.org\",\"@graph\":[{\"@type\":\"WebPage\",\"@id\":\"https:\\\/\\\/chesse.org\\\/fi\\\/lainsaadanto\\\/kemikaalien-kayttoa-rajoittava-lainsaadanto\\\/\",\"url\":\"https:\\\/\\\/chesse.org\\\/fi\\\/lainsaadanto\\\/kemikaalien-kayttoa-rajoittava-lainsaadanto\\\/\",\"name\":\"Kemikaalien k\u00e4ytt\u00f6\u00e4 rajoittava lains\u00e4\u00e4d\u00e4nt\u00f6 &#8211; Chemical Safety in Science Education\",\"isPartOf\":{\"@id\":\"https:\\\/\\\/chesse.org\\\/fi\\\/#website\"},\"datePublished\":\"2022-11-07T08:44:00+00:00\",\"dateModified\":\"2025-04-09T10:29:03+00:00\",\"description\":\"Kemikaalien rajoitukset perustuvat niiden vaarallisiin ominaisuuksiin tai k\u00e4ytt\u00f6\u00f6n.\",\"breadcrumb\":{\"@id\":\"https:\\\/\\\/chesse.org\\\/fi\\\/lainsaadanto\\\/kemikaalien-kayttoa-rajoittava-lainsaadanto\\\/#breadcrumb\"},\"inLanguage\":\"fi\",\"potentialAction\":[{\"@type\":\"ReadAction\",\"target\":[\"https:\\\/\\\/chesse.org\\\/fi\\\/lainsaadanto\\\/kemikaalien-kayttoa-rajoittava-lainsaadanto\\\/\"]}]},{\"@type\":\"BreadcrumbList\",\"@id\":\"https:\\\/\\\/chesse.org\\\/fi\\\/lainsaadanto\\\/kemikaalien-kayttoa-rajoittava-lainsaadanto\\\/#breadcrumb\",\"itemListElement\":[{\"@type\":\"ListItem\",\"position\":1,\"name\":\"Etusivu\",\"item\":\"https:\\\/\\\/chesse.org\\\/fi\\\/\"},{\"@type\":\"ListItem\",\"position\":2,\"name\":\"Lains\u00e4\u00e4d\u00e4nt\u00f6\",\"item\":\"https:\\\/\\\/chesse.org\\\/fi\\\/lainsaadanto\\\/\"},{\"@type\":\"ListItem\",\"position\":3,\"name\":\"Kemikaalien k\u00e4ytt\u00f6\u00e4 rajoittava lains\u00e4\u00e4d\u00e4nt\u00f6\"}]},{\"@type\":\"WebSite\",\"@id\":\"https:\\\/\\\/chesse.org\\\/fi\\\/#website\",\"url\":\"https:\\\/\\\/chesse.org\\\/fi\\\/\",\"name\":\"Chemical Safety in Science Education\",\"description\":\"Condensed, up-to date information for science and chemistry teachers, head of schools and science teacher educators.\",\"publisher\":{\"@id\":\"https:\\\/\\\/chesse.org\\\/fi\\\/#organization\"},\"potentialAction\":[{\"@type\":\"SearchAction\",\"target\":{\"@type\":\"EntryPoint\",\"urlTemplate\":\"https:\\\/\\\/chesse.org\\\/fi\\\/?s={search_term_string}\"},\"query-input\":{\"@type\":\"PropertyValueSpecification\",\"valueRequired\":true,\"valueName\":\"search_term_string\"}}],\"inLanguage\":\"fi\"},{\"@type\":\"Organization\",\"@id\":\"https:\\\/\\\/chesse.org\\\/fi\\\/#organization\",\"name\":\"Online resources for Chemical Safety in Science Education\",\"url\":\"https:\\\/\\\/chesse.org\\\/fi\\\/\",\"logo\":{\"@type\":\"ImageObject\",\"inLanguage\":\"fi\",\"@id\":\"https:\\\/\\\/chesse.org\\\/fi\\\/#\\\/schema\\\/logo\\\/image\\\/\",\"url\":\"https:\\\/\\\/chesse.org\\\/wp-content\\\/uploads\\\/2020\\\/10\\\/CheSSE_logo-01.svg\",\"contentUrl\":\"https:\\\/\\\/chesse.org\\\/wp-content\\\/uploads\\\/2020\\\/10\\\/CheSSE_logo-01.svg\",\"width\":350,\"height\":100,\"caption\":\"Online resources for Chemical Safety in Science Education\"},\"image\":{\"@id\":\"https:\\\/\\\/chesse.org\\\/fi\\\/#\\\/schema\\\/logo\\\/image\\\/\"}}]}<\/script>\n<!-- \/ Yoast SEO plugin. -->","yoast_head_json":{"title":"Kemikaalien k\u00e4ytt\u00f6\u00e4 rajoittava lains\u00e4\u00e4d\u00e4nt\u00f6 &#8211; Chemical Safety in Science Education","description":"Kemikaalien rajoitukset perustuvat niiden vaarallisiin ominaisuuksiin tai k\u00e4ytt\u00f6\u00f6n.","robots":{"index":"index","follow":"follow","max-snippet":"max-snippet:-1","max-image-preview":"max-image-preview:large","max-video-preview":"max-video-preview:-1"},"canonical":"https:\/\/chesse.org\/fi\/lainsaadanto\/kemikaalien-kayttoa-rajoittava-lainsaadanto\/","og_locale":"fi_FI","og_type":"article","og_title":"Kemikaalien k\u00e4ytt\u00f6\u00e4 rajoittava lains\u00e4\u00e4d\u00e4nt\u00f6 &#8211; Chemical Safety in Science Education","og_description":"Kemikaalien rajoitukset perustuvat niiden vaarallisiin ominaisuuksiin tai k\u00e4ytt\u00f6\u00f6n.","og_url":"https:\/\/chesse.org\/fi\/lainsaadanto\/kemikaalien-kayttoa-rajoittava-lainsaadanto\/","og_site_name":"Chemical Safety in Science Education","article_modified_time":"2025-04-09T10:29:03+00:00","og_image":[{"width":1200,"height":630,"url":"https:\/\/chesse.org\/wp-content\/uploads\/2022\/06\/chesse-sharing.png","type":"image\/png"}],"twitter_card":"summary_large_image","schema":{"@context":"https:\/\/schema.org","@graph":[{"@type":"WebPage","@id":"https:\/\/chesse.org\/fi\/lainsaadanto\/kemikaalien-kayttoa-rajoittava-lainsaadanto\/","url":"https:\/\/chesse.org\/fi\/lainsaadanto\/kemikaalien-kayttoa-rajoittava-lainsaadanto\/","name":"Kemikaalien k\u00e4ytt\u00f6\u00e4 rajoittava lains\u00e4\u00e4d\u00e4nt\u00f6 &#8211; Chemical Safety in Science Education","isPartOf":{"@id":"https:\/\/chesse.org\/fi\/#website"},"datePublished":"2022-11-07T08:44:00+00:00","dateModified":"2025-04-09T10:29:03+00:00","description":"Kemikaalien rajoitukset perustuvat niiden vaarallisiin ominaisuuksiin tai k\u00e4ytt\u00f6\u00f6n.","breadcrumb":{"@id":"https:\/\/chesse.org\/fi\/lainsaadanto\/kemikaalien-kayttoa-rajoittava-lainsaadanto\/#breadcrumb"},"inLanguage":"fi","potentialAction":[{"@type":"ReadAction","target":["https:\/\/chesse.org\/fi\/lainsaadanto\/kemikaalien-kayttoa-rajoittava-lainsaadanto\/"]}]},{"@type":"BreadcrumbList","@id":"https:\/\/chesse.org\/fi\/lainsaadanto\/kemikaalien-kayttoa-rajoittava-lainsaadanto\/#breadcrumb","itemListElement":[{"@type":"ListItem","position":1,"name":"Etusivu","item":"https:\/\/chesse.org\/fi\/"},{"@type":"ListItem","position":2,"name":"Lains\u00e4\u00e4d\u00e4nt\u00f6","item":"https:\/\/chesse.org\/fi\/lainsaadanto\/"},{"@type":"ListItem","position":3,"name":"Kemikaalien k\u00e4ytt\u00f6\u00e4 rajoittava lains\u00e4\u00e4d\u00e4nt\u00f6"}]},{"@type":"WebSite","@id":"https:\/\/chesse.org\/fi\/#website","url":"https:\/\/chesse.org\/fi\/","name":"Chemical Safety in Science Education","description":"Condensed, up-to date information for science and chemistry teachers, head of schools and science teacher educators.","publisher":{"@id":"https:\/\/chesse.org\/fi\/#organization"},"potentialAction":[{"@type":"SearchAction","target":{"@type":"EntryPoint","urlTemplate":"https:\/\/chesse.org\/fi\/?s={search_term_string}"},"query-input":{"@type":"PropertyValueSpecification","valueRequired":true,"valueName":"search_term_string"}}],"inLanguage":"fi"},{"@type":"Organization","@id":"https:\/\/chesse.org\/fi\/#organization","name":"Online resources for Chemical Safety in Science Education","url":"https:\/\/chesse.org\/fi\/","logo":{"@type":"ImageObject","inLanguage":"fi","@id":"https:\/\/chesse.org\/fi\/#\/schema\/logo\/image\/","url":"https:\/\/chesse.org\/wp-content\/uploads\/2020\/10\/CheSSE_logo-01.svg","contentUrl":"https:\/\/chesse.org\/wp-content\/uploads\/2020\/10\/CheSSE_logo-01.svg","width":350,"height":100,"caption":"Online resources for Chemical Safety in Science Education"},"image":{"@id":"https:\/\/chesse.org\/fi\/#\/schema\/logo\/image\/"}}]}},"_links":{"self":[{"href":"https:\/\/chesse.org\/fi\/wp-json\/wp\/v2\/pages\/10786","targetHints":{"allow":["GET"]}}],"collection":[{"href":"https:\/\/chesse.org\/fi\/wp-json\/wp\/v2\/pages"}],"about":[{"href":"https:\/\/chesse.org\/fi\/wp-json\/wp\/v2\/types\/page"}],"author":[{"embeddable":true,"href":"https:\/\/chesse.org\/fi\/wp-json\/wp\/v2\/users\/43"}],"replies":[{"embeddable":true,"href":"https:\/\/chesse.org\/fi\/wp-json\/wp\/v2\/comments?post=10786"}],"version-history":[{"count":16,"href":"https:\/\/chesse.org\/fi\/wp-json\/wp\/v2\/pages\/10786\/revisions"}],"predecessor-version":[{"id":15675,"href":"https:\/\/chesse.org\/fi\/wp-json\/wp\/v2\/pages\/10786\/revisions\/15675"}],"up":[{"embeddable":true,"href":"https:\/\/chesse.org\/fi\/wp-json\/wp\/v2\/pages\/10817"}],"wp:attachment":[{"href":"https:\/\/chesse.org\/fi\/wp-json\/wp\/v2\/media?parent=10786"}],"curies":[{"name":"wp","href":"https:\/\/api.w.org\/{rel}","templated":true}]}}