{"id":10790,"date":"2022-11-07T10:13:14","date_gmt":"2022-11-07T09:13:14","guid":{"rendered":"https:\/\/chesse.org\/jatelainsaadanto\/"},"modified":"2022-11-07T18:10:31","modified_gmt":"2022-11-07T17:10:31","slug":"jatelainsaadanto","status":"publish","type":"page","link":"https:\/\/chesse.org\/fi\/lainsaadanto\/jatelainsaadanto\/","title":{"rendered":"J\u00e4telains\u00e4\u00e4d\u00e4nt\u00f6"},"content":{"rendered":"\t\t<div data-elementor-type=\"wp-page\" data-elementor-id=\"10790\" class=\"elementor elementor-10790 elementor-1741\" data-elementor-post-type=\"page\">\n\t\t\t\t\t\t<section class=\"elementor-section elementor-top-section elementor-element elementor-element-70b4522 elementor-section-boxed elementor-section-height-default elementor-section-height-default\" data-id=\"70b4522\" data-element_type=\"section\" data-e-type=\"section\">\n\t\t\t\t\t\t<div class=\"elementor-container elementor-column-gap-default\">\n\t\t\t\t\t<div class=\"elementor-column elementor-col-100 elementor-top-column elementor-element elementor-element-e71bc1a\" data-id=\"e71bc1a\" data-element_type=\"column\" data-e-type=\"column\" id=\"mainLeft\">\n\t\t\t<div class=\"elementor-widget-wrap elementor-element-populated\">\n\t\t\t\t\t\t<div class=\"elementor-element elementor-element-1fd6b4f standfirst elementor-widget elementor-widget-text-editor\" data-id=\"1fd6b4f\" data-element_type=\"widget\" data-e-type=\"widget\" data-widget_type=\"text-editor.default\">\n\t\t\t\t<div class=\"elementor-widget-container\">\n\t\t\t\t\t\t\t\t\t<p>EU:n lains\u00e4\u00e4d\u00e4nn\u00f6n mukaiset j\u00e4tehuollon periaatteet.<\/p>\n\t\t\t\t\t\t\t\t<\/div>\n\t\t\t\t<\/div>\n\t\t\t\t<div class=\"elementor-element elementor-element-11dfa3a elementor-widget elementor-widget-text-editor\" data-id=\"11dfa3a\" data-element_type=\"widget\" data-e-type=\"widget\" data-widget_type=\"text-editor.default\">\n\t\t\t\t<div class=\"elementor-widget-container\">\n\t\t\t\t\t\t\t\t\t<p><img decoding=\"async\" class=\"size-thumbnail wp-image-10639\" style=\"float: left; margin: 5px 15px 0px 5px;\" role=\"presentation\" src=\"https:\/\/chesse.org\/wp-content\/uploads\/chesse-alert.svg\" alt=\"\" width=\"45\" height=\"45\">T\u00e4m\u00e4 sivu k\u00e4sittelee j\u00e4telains\u00e4\u00e4d\u00e4nt\u00f6\u00e4.<br \/>K\u00e4yt\u00e4nn\u00f6n esimerkkej\u00e4 l\u00f6yd\u00e4t osiosta: <a href=\"https:\/\/chesse.org\/labelling-storage-waste-management\/waste-management\/\">J\u00e4tteiden k\u00e4sittely<\/a><\/p>\n\t\t\t\t\t\t\t\t<\/div>\n\t\t\t\t<\/div>\n\t\t\t\t<div class=\"elementor-element elementor-element-744b3d2 elementor-widget elementor-widget-text-editor\" data-id=\"744b3d2\" data-element_type=\"widget\" data-e-type=\"widget\" data-widget_type=\"text-editor.default\">\n\t\t\t\t<div class=\"elementor-widget-container\">\n\t\t\t\t\t\t\t\t\t<p>J\u00e4tepuitedirektiiviss\u00e4 (WFD) s\u00e4\u00e4det\u00e4\u00e4n joistakin j\u00e4tehuollon perusperiaatteista: varmistetaan, ett\u00e4 j\u00e4tehuolto tapahtuu vaarantamatta ihmisten terveytt\u00e4 ja vahingoittamatta ymp\u00e4rist\u00f6\u00e4, erityisesti vaarantamatta vesi\u00e4, ilmaa, maaper\u00e4\u00e4, kasveja tai el\u00e4imi\u00e4, ja aiheuttamatta melu- tai hajuhaittoja sek\u00e4 vahingoittamatta maaseutua ja erityist\u00e4 merkityst\u00e4 omaavia kohteita.<\/p>\n<p>J\u00e4tehierarkian mukaan ensisijaisena tavoitteena on v\u00e4hent\u00e4\u00e4 j\u00e4tteen m\u00e4\u00e4r\u00e4\u00e4 ja j\u00e4tteen sis\u00e4lt\u00e4m\u00e4n vaarallisen aineen pitoisuutta.<\/p>\n\t\t\t\t\t\t\t\t<\/div>\n\t\t\t\t<\/div>\n\t\t\t\t<div class=\"elementor-element elementor-element-584f8ef elementor-widget elementor-widget-text-editor\" data-id=\"584f8ef\" data-element_type=\"widget\" data-e-type=\"widget\" data-widget_type=\"text-editor.default\">\n\t\t\t\t<div class=\"elementor-widget-container\">\n\t\t\t\t\t\t\t\t\t<figure><img decoding=\"async\" class=\"size-full wp-image-2557\" style=\"width: 90vw; max-width: 500px;\" src=\"https:\/\/chesse.org\/wp-content\/uploads\/FI_waste-framework-directive-waste-hierarchy.svg\" alt=\"Pyramidi j\u00e4tehierarkian mallina: Alhaalta yl\u00f6sp\u00e4in levenev\u00e4 pyramidi on jaettu vaakasuunnassa viiteen osaan. Pyramidin ylin ja levein osa on ehk\u00e4iseminen. Pyramidin toinen osa on uudelleenk\u00e4ytt\u00f6. Pyramidin kolmas osa on kierr\u00e4tys. Pyramidin nelj\u00e4s osa on muu hy\u00f6dynt\u00e4minen. Pyramidin alaosassa viimeisen\u00e4 ja kapeimpana osana on loppuk\u00e4sittely.\"><figcaption>J\u00e4tepuitedirektiivi (WFD) m\u00e4\u00e4ritt\u00e4\u00e4 j\u00e4tehuollon hierarkian. J\u00e4tteen syntymisen ehk\u00e4iseminen on j\u00e4tehuollon ensisijainen tavoite. Ennen j\u00e4tteen k\u00e4ytt\u00f6\u00e4 energiana pit\u00e4isi suosia j\u00e4tteen uudelleenk\u00e4ytt\u00f6\u00e4 ja kierr\u00e4tyst\u00e4. Uudelleenk\u00e4ytt\u00f6\u00e4 pit\u00e4isi suosia ennen kierr\u00e4tyst\u00e4. <\/figcaption><\/figure>\n\t\t\t\t\t\t\t\t<\/div>\n\t\t\t\t<\/div>\n\t\t\t\t<div class=\"elementor-element elementor-element-a9aba14 elementor-widget elementor-widget-text-editor\" data-id=\"a9aba14\" data-element_type=\"widget\" data-e-type=\"widget\" data-widget_type=\"text-editor.default\">\n\t\t\t\t<div class=\"elementor-widget-container\">\n\t\t\t\t\t\t\t\t\t<p>Saastuttaja maksaa -periaate on ymp\u00e4rist\u00f6vastuun yleinen periaate. Lyhyesti sanottuna periaate tarkoittaa, ett\u00e4 saastuttajan, t\u00e4ss\u00e4 tapauksessa alkuper\u00e4isen j\u00e4tteen tuottajan tai nykyisten\/edellisten j\u00e4tteen haltijoiden, pit\u00e4isi vastata j\u00e4tehuollon kustannuksista.<\/p>\n<p>Koulujen johtajien pit\u00e4isi ottaa selv\u00e4\u00e4 heid\u00e4n paikallisista ja kansallisista s\u00e4\u00e4d\u00f6ksist\u00e4, koska ne ovat usein tiukempia kuin t\u00e4m\u00e4 EU:n direktiivi.<\/p>\n\t\t\t\t\t\t\t\t<\/div>\n\t\t\t\t<\/div>\n\t\t\t\t<div class=\"elementor-element elementor-element-b17ea3f linkBox elementor-widget elementor-widget-text-editor\" data-id=\"b17ea3f\" data-element_type=\"widget\" data-e-type=\"widget\" data-widget_type=\"text-editor.default\">\n\t\t\t\t<div class=\"elementor-widget-container\">\n\t\t\t\t\t\t\t\t\t<h2>Aiheeseen liittyv\u00e4t lakis\u00e4\u00e4teiset asiakirjat<\/h2>\n<p><a href=\"https:\/\/data.europa.eu\/eli\/dir\/2008\/98\">The Waste Framework Directive (WFD): 2008\/98\/EC<\/a><\/p>\n\t\t\t\t\t\t\t\t<\/div>\n\t\t\t\t<\/div>\n\t\t\t\t\t<\/div>\n\t\t<\/div>\n\t\t\t\t\t<\/div>\n\t\t<\/section>\n\t\t\t\t<\/div>\n\t\t","protected":false},"excerpt":{"rendered":"<p>EU:n lains\u00e4\u00e4d\u00e4nn\u00f6n mukaiset j\u00e4tehuollon periaatteet. T\u00e4m\u00e4 sivu k\u00e4sittelee j\u00e4telains\u00e4\u00e4d\u00e4nt\u00f6\u00e4.K\u00e4yt\u00e4nn\u00f6n esimerkkej\u00e4 l\u00f6yd\u00e4t osiosta: J\u00e4tteiden k\u00e4sittely J\u00e4tepuitedirektiiviss\u00e4 (WFD) s\u00e4\u00e4det\u00e4\u00e4n joistakin j\u00e4tehuollon perusperiaatteista: varmistetaan, ett\u00e4 j\u00e4tehuolto tapahtuu vaarantamatta ihmisten terveytt\u00e4 ja vahingoittamatta ymp\u00e4rist\u00f6\u00e4, erityisesti vaarantamatta vesi\u00e4, ilmaa, maaper\u00e4\u00e4, kasveja tai el\u00e4imi\u00e4, ja aiheuttamatta melu- tai hajuhaittoja sek\u00e4 vahingoittamatta maaseutua ja erityist\u00e4 merkityst\u00e4 omaavia kohteita. J\u00e4tehierarkian mukaan ensisijaisena tavoitteena &hellip; <a href=\"https:\/\/chesse.org\/fi\/lainsaadanto\/jatelainsaadanto\/\" class=\"more-link\">Jatka lukemista <span class=\"screen-reader-text\">J\u00e4telains\u00e4\u00e4d\u00e4nt\u00f6<\/span> <span class=\"meta-nav\">&rarr;<\/span><\/a><\/p>\n","protected":false},"author":43,"featured_media":0,"parent":10817,"menu_order":3,"comment_status":"closed","ping_status":"closed","template":"","meta":{"footnotes":""},"class_list":["post-10790","page","type-page","status-publish","hentry"],"yoast_head":"<!-- This site is optimized with the Yoast SEO plugin v27.3 - https:\/\/yoast.com\/product\/yoast-seo-wordpress\/ -->\n<title>J\u00e4telains\u00e4\u00e4d\u00e4nt\u00f6 &#8211; Chemical Safety in Science Education<\/title>\n<meta name=\"description\" content=\"EU:n lains\u00e4\u00e4d\u00e4nn\u00f6n mukaiset j\u00e4tehuollon periaatteet.\" \/>\n<meta name=\"robots\" content=\"index, follow, max-snippet:-1, max-image-preview:large, max-video-preview:-1\" \/>\n<link rel=\"canonical\" href=\"https:\/\/chesse.org\/fi\/lainsaadanto\/jatelainsaadanto\/\" \/>\n<meta property=\"og:locale\" content=\"fi_FI\" \/>\n<meta property=\"og:type\" content=\"article\" \/>\n<meta property=\"og:title\" content=\"J\u00e4telains\u00e4\u00e4d\u00e4nt\u00f6 &#8211; Chemical Safety in Science Education\" \/>\n<meta property=\"og:description\" content=\"EU:n lains\u00e4\u00e4d\u00e4nn\u00f6n mukaiset j\u00e4tehuollon periaatteet.\" \/>\n<meta property=\"og:url\" content=\"https:\/\/chesse.org\/fi\/lainsaadanto\/jatelainsaadanto\/\" \/>\n<meta property=\"og:site_name\" content=\"Chemical Safety in Science Education\" \/>\n<meta property=\"article:modified_time\" content=\"2022-11-07T17:10:31+00:00\" \/>\n<meta property=\"og:image\" content=\"https:\/\/chesse.org\/wp-content\/uploads\/chesse-alert.svg\" \/>\n<meta name=\"twitter:card\" content=\"summary_large_image\" \/>\n<script type=\"application\/ld+json\" class=\"yoast-schema-graph\">{\"@context\":\"https:\\\/\\\/schema.org\",\"@graph\":[{\"@type\":\"WebPage\",\"@id\":\"https:\\\/\\\/chesse.org\\\/fi\\\/lainsaadanto\\\/jatelainsaadanto\\\/\",\"url\":\"https:\\\/\\\/chesse.org\\\/fi\\\/lainsaadanto\\\/jatelainsaadanto\\\/\",\"name\":\"J\u00e4telains\u00e4\u00e4d\u00e4nt\u00f6 &#8211; Chemical Safety in Science Education\",\"isPartOf\":{\"@id\":\"https:\\\/\\\/chesse.org\\\/fi\\\/#website\"},\"primaryImageOfPage\":{\"@id\":\"https:\\\/\\\/chesse.org\\\/fi\\\/lainsaadanto\\\/jatelainsaadanto\\\/#primaryimage\"},\"image\":{\"@id\":\"https:\\\/\\\/chesse.org\\\/fi\\\/lainsaadanto\\\/jatelainsaadanto\\\/#primaryimage\"},\"thumbnailUrl\":\"https:\\\/\\\/chesse.org\\\/wp-content\\\/uploads\\\/chesse-alert.svg\",\"datePublished\":\"2022-11-07T09:13:14+00:00\",\"dateModified\":\"2022-11-07T17:10:31+00:00\",\"description\":\"EU:n lains\u00e4\u00e4d\u00e4nn\u00f6n mukaiset j\u00e4tehuollon periaatteet.\",\"breadcrumb\":{\"@id\":\"https:\\\/\\\/chesse.org\\\/fi\\\/lainsaadanto\\\/jatelainsaadanto\\\/#breadcrumb\"},\"inLanguage\":\"fi\",\"potentialAction\":[{\"@type\":\"ReadAction\",\"target\":[\"https:\\\/\\\/chesse.org\\\/fi\\\/lainsaadanto\\\/jatelainsaadanto\\\/\"]}]},{\"@type\":\"ImageObject\",\"inLanguage\":\"fi\",\"@id\":\"https:\\\/\\\/chesse.org\\\/fi\\\/lainsaadanto\\\/jatelainsaadanto\\\/#primaryimage\",\"url\":\"https:\\\/\\\/chesse.org\\\/wp-content\\\/uploads\\\/chesse-alert.svg\",\"contentUrl\":\"https:\\\/\\\/chesse.org\\\/wp-content\\\/uploads\\\/chesse-alert.svg\"},{\"@type\":\"BreadcrumbList\",\"@id\":\"https:\\\/\\\/chesse.org\\\/fi\\\/lainsaadanto\\\/jatelainsaadanto\\\/#breadcrumb\",\"itemListElement\":[{\"@type\":\"ListItem\",\"position\":1,\"name\":\"Etusivu\",\"item\":\"https:\\\/\\\/chesse.org\\\/fi\\\/\"},{\"@type\":\"ListItem\",\"position\":2,\"name\":\"Lains\u00e4\u00e4d\u00e4nt\u00f6\",\"item\":\"https:\\\/\\\/chesse.org\\\/fi\\\/lainsaadanto\\\/\"},{\"@type\":\"ListItem\",\"position\":3,\"name\":\"J\u00e4telains\u00e4\u00e4d\u00e4nt\u00f6\"}]},{\"@type\":\"WebSite\",\"@id\":\"https:\\\/\\\/chesse.org\\\/fi\\\/#website\",\"url\":\"https:\\\/\\\/chesse.org\\\/fi\\\/\",\"name\":\"Chemical Safety in Science Education\",\"description\":\"Condensed, up-to date information for science and chemistry teachers, head of schools and science teacher educators.\",\"publisher\":{\"@id\":\"https:\\\/\\\/chesse.org\\\/fi\\\/#organization\"},\"potentialAction\":[{\"@type\":\"SearchAction\",\"target\":{\"@type\":\"EntryPoint\",\"urlTemplate\":\"https:\\\/\\\/chesse.org\\\/fi\\\/?s={search_term_string}\"},\"query-input\":{\"@type\":\"PropertyValueSpecification\",\"valueRequired\":true,\"valueName\":\"search_term_string\"}}],\"inLanguage\":\"fi\"},{\"@type\":\"Organization\",\"@id\":\"https:\\\/\\\/chesse.org\\\/fi\\\/#organization\",\"name\":\"Online resources for Chemical Safety in Science Education\",\"url\":\"https:\\\/\\\/chesse.org\\\/fi\\\/\",\"logo\":{\"@type\":\"ImageObject\",\"inLanguage\":\"fi\",\"@id\":\"https:\\\/\\\/chesse.org\\\/fi\\\/#\\\/schema\\\/logo\\\/image\\\/\",\"url\":\"https:\\\/\\\/chesse.org\\\/wp-content\\\/uploads\\\/2020\\\/10\\\/CheSSE_logo-01.svg\",\"contentUrl\":\"https:\\\/\\\/chesse.org\\\/wp-content\\\/uploads\\\/2020\\\/10\\\/CheSSE_logo-01.svg\",\"width\":350,\"height\":100,\"caption\":\"Online resources for Chemical Safety in Science Education\"},\"image\":{\"@id\":\"https:\\\/\\\/chesse.org\\\/fi\\\/#\\\/schema\\\/logo\\\/image\\\/\"}}]}<\/script>\n<!-- \/ Yoast SEO plugin. -->","yoast_head_json":{"title":"J\u00e4telains\u00e4\u00e4d\u00e4nt\u00f6 &#8211; Chemical Safety in Science Education","description":"EU:n lains\u00e4\u00e4d\u00e4nn\u00f6n mukaiset j\u00e4tehuollon periaatteet.","robots":{"index":"index","follow":"follow","max-snippet":"max-snippet:-1","max-image-preview":"max-image-preview:large","max-video-preview":"max-video-preview:-1"},"canonical":"https:\/\/chesse.org\/fi\/lainsaadanto\/jatelainsaadanto\/","og_locale":"fi_FI","og_type":"article","og_title":"J\u00e4telains\u00e4\u00e4d\u00e4nt\u00f6 &#8211; Chemical Safety in Science Education","og_description":"EU:n lains\u00e4\u00e4d\u00e4nn\u00f6n mukaiset j\u00e4tehuollon periaatteet.","og_url":"https:\/\/chesse.org\/fi\/lainsaadanto\/jatelainsaadanto\/","og_site_name":"Chemical Safety in Science Education","article_modified_time":"2022-11-07T17:10:31+00:00","og_image":[{"url":"https:\/\/chesse.org\/wp-content\/uploads\/chesse-alert.svg","type":"","width":"","height":""}],"twitter_card":"summary_large_image","schema":{"@context":"https:\/\/schema.org","@graph":[{"@type":"WebPage","@id":"https:\/\/chesse.org\/fi\/lainsaadanto\/jatelainsaadanto\/","url":"https:\/\/chesse.org\/fi\/lainsaadanto\/jatelainsaadanto\/","name":"J\u00e4telains\u00e4\u00e4d\u00e4nt\u00f6 &#8211; Chemical Safety in Science Education","isPartOf":{"@id":"https:\/\/chesse.org\/fi\/#website"},"primaryImageOfPage":{"@id":"https:\/\/chesse.org\/fi\/lainsaadanto\/jatelainsaadanto\/#primaryimage"},"image":{"@id":"https:\/\/chesse.org\/fi\/lainsaadanto\/jatelainsaadanto\/#primaryimage"},"thumbnailUrl":"https:\/\/chesse.org\/wp-content\/uploads\/chesse-alert.svg","datePublished":"2022-11-07T09:13:14+00:00","dateModified":"2022-11-07T17:10:31+00:00","description":"EU:n lains\u00e4\u00e4d\u00e4nn\u00f6n mukaiset j\u00e4tehuollon periaatteet.","breadcrumb":{"@id":"https:\/\/chesse.org\/fi\/lainsaadanto\/jatelainsaadanto\/#breadcrumb"},"inLanguage":"fi","potentialAction":[{"@type":"ReadAction","target":["https:\/\/chesse.org\/fi\/lainsaadanto\/jatelainsaadanto\/"]}]},{"@type":"ImageObject","inLanguage":"fi","@id":"https:\/\/chesse.org\/fi\/lainsaadanto\/jatelainsaadanto\/#primaryimage","url":"https:\/\/chesse.org\/wp-content\/uploads\/chesse-alert.svg","contentUrl":"https:\/\/chesse.org\/wp-content\/uploads\/chesse-alert.svg"},{"@type":"BreadcrumbList","@id":"https:\/\/chesse.org\/fi\/lainsaadanto\/jatelainsaadanto\/#breadcrumb","itemListElement":[{"@type":"ListItem","position":1,"name":"Etusivu","item":"https:\/\/chesse.org\/fi\/"},{"@type":"ListItem","position":2,"name":"Lains\u00e4\u00e4d\u00e4nt\u00f6","item":"https:\/\/chesse.org\/fi\/lainsaadanto\/"},{"@type":"ListItem","position":3,"name":"J\u00e4telains\u00e4\u00e4d\u00e4nt\u00f6"}]},{"@type":"WebSite","@id":"https:\/\/chesse.org\/fi\/#website","url":"https:\/\/chesse.org\/fi\/","name":"Chemical Safety in Science Education","description":"Condensed, up-to date information for science and chemistry teachers, head of schools and science teacher educators.","publisher":{"@id":"https:\/\/chesse.org\/fi\/#organization"},"potentialAction":[{"@type":"SearchAction","target":{"@type":"EntryPoint","urlTemplate":"https:\/\/chesse.org\/fi\/?s={search_term_string}"},"query-input":{"@type":"PropertyValueSpecification","valueRequired":true,"valueName":"search_term_string"}}],"inLanguage":"fi"},{"@type":"Organization","@id":"https:\/\/chesse.org\/fi\/#organization","name":"Online resources for Chemical Safety in Science Education","url":"https:\/\/chesse.org\/fi\/","logo":{"@type":"ImageObject","inLanguage":"fi","@id":"https:\/\/chesse.org\/fi\/#\/schema\/logo\/image\/","url":"https:\/\/chesse.org\/wp-content\/uploads\/2020\/10\/CheSSE_logo-01.svg","contentUrl":"https:\/\/chesse.org\/wp-content\/uploads\/2020\/10\/CheSSE_logo-01.svg","width":350,"height":100,"caption":"Online resources for Chemical Safety in Science Education"},"image":{"@id":"https:\/\/chesse.org\/fi\/#\/schema\/logo\/image\/"}}]}},"_links":{"self":[{"href":"https:\/\/chesse.org\/fi\/wp-json\/wp\/v2\/pages\/10790","targetHints":{"allow":["GET"]}}],"collection":[{"href":"https:\/\/chesse.org\/fi\/wp-json\/wp\/v2\/pages"}],"about":[{"href":"https:\/\/chesse.org\/fi\/wp-json\/wp\/v2\/types\/page"}],"author":[{"embeddable":true,"href":"https:\/\/chesse.org\/fi\/wp-json\/wp\/v2\/users\/43"}],"replies":[{"embeddable":true,"href":"https:\/\/chesse.org\/fi\/wp-json\/wp\/v2\/comments?post=10790"}],"version-history":[{"count":11,"href":"https:\/\/chesse.org\/fi\/wp-json\/wp\/v2\/pages\/10790\/revisions"}],"predecessor-version":[{"id":10900,"href":"https:\/\/chesse.org\/fi\/wp-json\/wp\/v2\/pages\/10790\/revisions\/10900"}],"up":[{"embeddable":true,"href":"https:\/\/chesse.org\/fi\/wp-json\/wp\/v2\/pages\/10817"}],"wp:attachment":[{"href":"https:\/\/chesse.org\/fi\/wp-json\/wp\/v2\/media?parent=10790"}],"curies":[{"name":"wp","href":"https:\/\/api.w.org\/{rel}","templated":true}]}}