{"id":10798,"date":"2022-11-07T10:23:39","date_gmt":"2022-11-07T09:23:39","guid":{"rendered":"https:\/\/chesse.org\/tyoterveys-ja-tyoturvallisuuslainsaadanto\/"},"modified":"2022-11-07T17:33:49","modified_gmt":"2022-11-07T16:33:49","slug":"tyoterveys-ja-tyoturvallisuuslainsaadanto","status":"publish","type":"page","link":"https:\/\/chesse.org\/fi\/lainsaadanto\/tyoterveys-ja-tyoturvallisuuslainsaadanto\/","title":{"rendered":"Ty\u00f6terveys- ja ty\u00f6turvallisuuslains\u00e4\u00e4d\u00e4nt\u00f6"},"content":{"rendered":"\t\t<div data-elementor-type=\"wp-page\" data-elementor-id=\"10798\" class=\"elementor elementor-10798 elementor-2845\" data-elementor-post-type=\"page\">\n\t\t\t\t\t\t<section class=\"elementor-section elementor-top-section elementor-element elementor-element-a9e5912 elementor-section-boxed elementor-section-height-default elementor-section-height-default\" data-id=\"a9e5912\" data-element_type=\"section\" data-e-type=\"section\">\n\t\t\t\t\t\t<div class=\"elementor-container elementor-column-gap-default\">\n\t\t\t\t\t<div class=\"elementor-column elementor-col-100 elementor-top-column elementor-element elementor-element-40f4e81\" data-id=\"40f4e81\" data-element_type=\"column\" data-e-type=\"column\">\n\t\t\t<div class=\"elementor-widget-wrap elementor-element-populated\">\n\t\t\t\t\t\t<div class=\"elementor-element elementor-element-963a9ce standfirst elementor-widget elementor-widget-text-editor\" data-id=\"963a9ce\" data-element_type=\"widget\" data-e-type=\"widget\" data-widget_type=\"text-editor.default\">\n\t\t\t\t<div class=\"elementor-widget-container\">\n\t\t\t\t\t\t\t\t\t<p>Useissa direktiiveiss\u00e4 annetaan ohjeita, miten ty\u00f6 koulun kemian laboratoriossa voidaan toteuttaa turvallisesti. Kaksi t\u00e4rkeint\u00e4 direktiivi\u00e4 esitell\u00e4\u00e4n alla.<\/p>\n\t\t\t\t\t\t\t\t<\/div>\n\t\t\t\t<\/div>\n\t\t\t\t<div class=\"elementor-element elementor-element-adb9313 elementor-toc--content-ellipsis elementor-widget elementor-widget-global elementor-global-5017 elementor-global-3097 elementor-widget-table-of-contents\" data-id=\"adb9313\" data-element_type=\"widget\" data-e-type=\"widget\" data-settings=\"{&quot;headings_by_tags&quot;:[&quot;h2&quot;,&quot;h3&quot;],&quot;exclude_headings_by_selector&quot;:&quot;.noTOC&quot;,&quot;marker_view&quot;:&quot;bullets&quot;,&quot;icon&quot;:{&quot;value&quot;:&quot;fas fa-circle&quot;,&quot;library&quot;:&quot;fa-solid&quot;},&quot;no_headings_message&quot;:&quot;No headings were found on this page.&quot;,&quot;hierarchical_view&quot;:&quot;yes&quot;,&quot;min_height&quot;:{&quot;unit&quot;:&quot;px&quot;,&quot;size&quot;:&quot;&quot;,&quot;sizes&quot;:[]},&quot;min_height_tablet&quot;:{&quot;unit&quot;:&quot;px&quot;,&quot;size&quot;:&quot;&quot;,&quot;sizes&quot;:[]},&quot;min_height_mobile&quot;:{&quot;unit&quot;:&quot;px&quot;,&quot;size&quot;:&quot;&quot;,&quot;sizes&quot;:[]}}\" data-widget_type=\"table-of-contents.default\">\n\t\t\t\t<div class=\"elementor-widget-container\">\n\t\t\t\t\t\t\t\t\t<div class=\"elementor-toc__header\">\n\t\t\t\t\t\t<div class=\"elementor-toc__header-title\">\n\t\t\t\tSis\u00e4llys\t\t\t<\/div>\n\t\t\t\t\t\t\t\t<\/div>\n\t\t\t\t<div id=\"elementor-toc__adb9313\" class=\"elementor-toc__body\">\n\t\t\t<div class=\"elementor-toc__spinner-container\">\n\t\t\t\t<i class=\"elementor-toc__spinner eicon-animation-spin eicon-loading\" aria-hidden=\"true\"><\/i>\t\t\t<\/div>\n\t\t<\/div>\n\t\t\t\t\t\t<\/div>\n\t\t\t\t<\/div>\n\t\t\t\t<div class=\"elementor-element elementor-element-6d565c8 elementor-widget elementor-widget-text-editor\" data-id=\"6d565c8\" data-element_type=\"widget\" data-e-type=\"widget\" data-widget_type=\"text-editor.default\">\n\t\t\t\t<div class=\"elementor-widget-container\">\n\t\t\t\t\t\t\t\t\t<h2>Ty\u00f6ntekij\u00f6iden terveys ja turvallisuus<\/h2>\n<p>Sek\u00e4 luonnontieteiden opettajia (ty\u00f6ntekij\u00f6it\u00e4) ett\u00e4 rehtoreita (tai muita ty\u00f6nantajia) koskevat kemikaaliturvallisuuteen liittyv\u00e4t s\u00e4\u00e4nn\u00f6t sis\u00e4ltyv\u00e4t EU:n direktiiviin ty\u00f6ntekij\u00f6iden terveydest\u00e4 ja turvallisuudesta ty\u00f6ss\u00e4 ja erityisdirektiiviin ty\u00f6paikalla esiintyvist\u00e4 kemiallisiin tekij\u00f6ihin liittyvist\u00e4 riskeist\u00e4.<\/p>\n<p>Direktiiveiss\u00e4 s\u00e4\u00e4det\u00e4\u00e4n, ett\u00e4 ty\u00f6nantajan on m\u00e4\u00e4ritett\u00e4v\u00e4 ty\u00f6paikalla esiintyv\u00e4t vaaralliset kemialliset tekij\u00e4t. Jos t\u00e4llaisia tekij\u00f6it\u00e4 esiintyy, ty\u00f6nantajan on muiden velvoitteiden ohella:<\/p>\n<ul>\n<li>Varmistettava, ett\u00e4 ty\u00f6ntekij\u00e4ll\u00e4 on riitt\u00e4v\u00e4sti aikaa ja koulutusta, jotta h\u00e4n voi suoriutua turvallisuusteht\u00e4v\u00e4st\u00e4.<\/li>\n<li>Kuultava ty\u00f6ntekij\u00f6it\u00e4 kaikissa ty\u00f6turvallisuuteen ja -terveyteen liittyviss\u00e4 kysymyksiss\u00e4.<\/li>\n<li>Nimett\u00e4v\u00e4 riitt\u00e4v\u00e4 m\u00e4\u00e4r\u00e4 ty\u00f6ntekij\u00f6it\u00e4 huolehtimaan teht\u00e4vist\u00e4, jotka liittyv\u00e4t ty\u00f6ss\u00e4 esiintyvilt\u00e4 vaaroilta suojelemiseen ja niiden ehk\u00e4isyyn. Heille on annettava riitt\u00e4v\u00e4sti aikaa direktiivin mukaisten velvoitteiden t\u00e4ytt\u00e4mist\u00e4 varten. Lis\u00e4ksi heille on j\u00e4rjestett\u00e4v\u00e4 tarvittavat taidot ja keinot n\u00e4iden teht\u00e4vien suorittamiseen.<\/li>\n<li>Arvioitava kemiallisten tekij\u00f6iden aiheuttavat riskit ty\u00f6ntekij\u00f6iden terveydelle ja turvallisuudelle, mukaan lukien esimerkiksi ty\u00f6v\u00e4lineet ja kemialliset aineet.<\/li>\n<li>Toteutettava tarvittavat toimenpiteet terveyden ja turvallisuuden takaamiseksi.<\/li>\n<li>Toteutettava asianmukaiset toimenpiteet, jotta ty\u00f6ntekij\u00e4t saavat kaikki tarvittavat tiedot turvallisuutta ja terveytt\u00e4 uhkaavista vaaroista sek\u00e4 suojelu- ja ehk\u00e4isytoimenpiteist\u00e4.<\/li>\n<\/ul>\n<p>Jokaisen ty\u00f6ntekij\u00e4n velvollisuus on mahdollisimman hyvin huolehtia omasta turvallisuudestaan. Direktiiviss\u00e4 89\/391\/ETY todetaan, ett\u00e4 ty\u00f6ntekij\u00e4 on velvollinen tekem\u00e4\u00e4n yhteisty\u00f6t\u00e4 ty\u00f6nantajan kanssa turvallisten ty\u00f6olojen varmistamiseksi, mukaan lukien:<\/p>\n<ul>\n<li>K\u00e4ytett\u00e4v\u00e4 oikein laitteita, ty\u00f6kaluja ja vaarallisia aineita.<\/li>\n<li>Huolehdittava mahdollisimman hyvin omasta turvallisuudesta koulutuksensa ja ty\u00f6nantajansa ohjeiden mukaisesti.<\/li>\n<li>Ilmoitettava v\u00e4litt\u00f6m\u00e4sti ty\u00f6nantajalle turvaj\u00e4rjestelyjen puutteesta. Puute voi olla esimerkiksi se, ett\u00e4 sinulla ei ole oikeanlaista kaappia kaasus\u00e4ili\u00f6iden s\u00e4ilytt\u00e4miseen.<\/li>\n<li>Teht\u00e4v\u00e4 yhteisty\u00f6t\u00e4 ty\u00f6nantajan kanssa, jotta teht\u00e4v\u00e4t tai vaatimukset tulevat t\u00e4ytetyksi.<\/li>\n<\/ul>\n<p>Lis\u00e4ksi j\u00e4senvaltioiden on kansallisen lains\u00e4\u00e4d\u00e4nn\u00f6n ja k\u00e4yt\u00e4nn\u00f6n mukaisesti otettava k\u00e4ytt\u00f6\u00f6n j\u00e4rjestelyj\u00e4 ty\u00f6ntekij\u00f6iden terveydentilan tarpeellisen seurannan toteuttamiseksi. N\u00e4in ollen on v\u00e4ltt\u00e4m\u00e4t\u00f6nt\u00e4 tutustua n\u00e4ihin asianmukaisiin kansallisiin s\u00e4\u00e4d\u00f6ksiin.<\/p>\n\t\t\t\t\t\t\t\t<\/div>\n\t\t\t\t<\/div>\n\t\t\t\t<div class=\"elementor-element elementor-element-0877b75 elementor-widget elementor-widget-text-editor\" data-id=\"0877b75\" data-element_type=\"widget\" data-e-type=\"widget\" data-widget_type=\"text-editor.default\">\n\t\t\t\t<div class=\"elementor-widget-container\">\n\t\t\t\t\t\t\t\t\t<h2>Ty\u00f6ss\u00e4 suojautuminen sy\u00f6p\u00e4sairauden vaaraa ja perim\u00e4n muutoksia aiheuttavilta tekij\u00f6it\u00e4<\/h2>\n<p>Sy\u00f6p\u00e4\u00e4 aiheuttavat, perim\u00e4\u00e4 vaurioittavat ja lis\u00e4\u00e4ntymiselle vaaralliset kemikaalit (CMR-aineet) muodostavat ensimm\u00e4isen ja myrkyllisimm\u00e4n luokan aineista, joihin vaaralliset kemikaalit voidaan jakaa. Sy\u00f6p\u00e4sairauden vaaraa aiheuttavia tekij\u00f6it\u00e4 ja perim\u00e4n muutoksia aiheuttavia aineita koskeva direktiivi asettaa v\u00e4himm\u00e4isvaatimukset ty\u00f6ntekij\u00f6iden suojelemiseksi heid\u00e4n terveytt\u00e4\u00e4n ja turvallisuuttaan uhkaavilta vaaroilta, jotka aiheutuvat tai voivat aiheutua altistumisesta ty\u00f6ss\u00e4 sy\u00f6p\u00e4\u00e4 aiheuttaville aineille, perim\u00e4n muutoksia aiheuttaville aineille tai lis\u00e4\u00e4ntymiselle vaarallisille aineille. Lis\u00e4ksi direktiiviss\u00e4 esitet\u00e4\u00e4n ty\u00f6nantajien ja kyseisiin teht\u00e4viin osallistuvien ty\u00f6ntekij\u00f6iden velvollisuudet. N\u00e4m\u00e4 aineet tunnetaan my\u00f6s erityist\u00e4 huolta aiheuttavina aineina, joista kerrotaan lis\u00e4\u00e4 osiossa <a href=\"https:\/\/chesse.org\/fi\/lainsaadanto\/kemikaalien-kayttoa-rajoittava-lainsaadanto\/#elementor-toc__heading-anchor-1\">Terveys- tai ymp\u00e4rist\u00f6vaaroista aiheutuvat rajoitukset<\/a>.<\/p>\n\t\t\t\t\t\t\t\t<\/div>\n\t\t\t\t<\/div>\n\t\t\t\t<div class=\"elementor-element elementor-element-a6eeaeb linkBox elementor-widget elementor-widget-text-editor\" data-id=\"a6eeaeb\" data-element_type=\"widget\" data-e-type=\"widget\" data-widget_type=\"text-editor.default\">\n\t\t\t\t<div class=\"elementor-widget-container\">\n\t\t\t\t\t\t\t\t\t<h2>Aiheeseen liittyv\u00e4t lakis\u00e4\u00e4teiset asiakirjat<\/h2>\n<p><a href=\"https:\/\/eur-lex.europa.eu\/eli\/dir\/1989\/391\">Directive for occupational safety and health (OSH): 89\/391\/EEC<\/a><\/p>\n<p><a href=\"https:\/\/eur-lex.europa.eu\/eli\/dir\/1998\/24\">Directive on the protection of the health and safety of workers from the risks related to chemical agents at work: 98\/24\/EC<\/a><\/p>\n<p><a href=\"https:\/\/eur-lex.europa.eu\/eli\/dir\/2004\/37\">Directive on Carcinogens and Mutagens at work (CMD): 2004\/37\/EC<\/a><\/p>\n<p><a href=\"https:\/\/eur-lex.europa.eu\/eli\/dir\/1994\/33\">Directive on the protection of young people at work: 94\/33\/EC<\/a><\/p>\n\t\t\t\t\t\t\t\t<\/div>\n\t\t\t\t<\/div>\n\t\t\t\t\t<\/div>\n\t\t<\/div>\n\t\t\t\t\t<\/div>\n\t\t<\/section>\n\t\t\t\t<\/div>\n\t\t","protected":false},"excerpt":{"rendered":"<p>Useissa direktiiveiss\u00e4 annetaan ohjeita, miten ty\u00f6 koulun kemian laboratoriossa voidaan toteuttaa turvallisesti. Kaksi t\u00e4rkeint\u00e4 direktiivi\u00e4 esitell\u00e4\u00e4n alla. Table of Contents Ty\u00f6ntekij\u00f6iden terveys ja turvallisuus Sek\u00e4 luonnontieteiden opettajia (ty\u00f6ntekij\u00f6it\u00e4) ett\u00e4 rehtoreita (tai muita ty\u00f6nantajia) koskevat kemikaaliturvallisuuteen liittyv\u00e4t s\u00e4\u00e4nn\u00f6t sis\u00e4ltyv\u00e4t EU:n direktiiviin ty\u00f6ntekij\u00f6iden terveydest\u00e4 ja turvallisuudesta ty\u00f6ss\u00e4 ja erityisdirektiiviin ty\u00f6paikalla esiintyvist\u00e4 kemiallisiin tekij\u00f6ihin liittyvist\u00e4 riskeist\u00e4. Direktiiveiss\u00e4 s\u00e4\u00e4det\u00e4\u00e4n, &hellip; <a href=\"https:\/\/chesse.org\/fi\/lainsaadanto\/tyoterveys-ja-tyoturvallisuuslainsaadanto\/\" class=\"more-link\">Jatka lukemista <span class=\"screen-reader-text\">Ty\u00f6terveys- ja ty\u00f6turvallisuuslains\u00e4\u00e4d\u00e4nt\u00f6<\/span> <span class=\"meta-nav\">&rarr;<\/span><\/a><\/p>\n","protected":false},"author":43,"featured_media":0,"parent":10817,"menu_order":4,"comment_status":"closed","ping_status":"closed","template":"","meta":{"footnotes":""},"class_list":["post-10798","page","type-page","status-publish","hentry"],"yoast_head":"<!-- This site is optimized with the Yoast SEO plugin v27.5 - https:\/\/yoast.com\/product\/yoast-seo-wordpress\/ -->\n<title>Ty\u00f6terveys- ja ty\u00f6turvallisuuslains\u00e4\u00e4d\u00e4nt\u00f6 &#8211; Chemical Safety in Science Education<\/title>\n<meta name=\"description\" content=\"Useissa direktiiveiss\u00e4 annetaan ohjeita, miten ty\u00f6 koulun kemian laboratoriossa voidaan toteuttaa turvallisesti.\" \/>\n<meta name=\"robots\" content=\"index, follow, max-snippet:-1, max-image-preview:large, max-video-preview:-1\" \/>\n<link rel=\"canonical\" href=\"https:\/\/chesse.org\/fi\/lainsaadanto\/tyoterveys-ja-tyoturvallisuuslainsaadanto\/\" \/>\n<meta property=\"og:locale\" content=\"fi_FI\" \/>\n<meta property=\"og:type\" content=\"article\" \/>\n<meta property=\"og:title\" content=\"Ty\u00f6terveys- ja ty\u00f6turvallisuuslains\u00e4\u00e4d\u00e4nt\u00f6 &#8211; Chemical Safety in Science Education\" \/>\n<meta property=\"og:description\" content=\"Useissa direktiiveiss\u00e4 annetaan ohjeita, miten ty\u00f6 koulun kemian laboratoriossa voidaan toteuttaa turvallisesti.\" \/>\n<meta property=\"og:url\" content=\"https:\/\/chesse.org\/fi\/lainsaadanto\/tyoterveys-ja-tyoturvallisuuslainsaadanto\/\" \/>\n<meta property=\"og:site_name\" content=\"Chemical Safety in Science Education\" \/>\n<meta property=\"article:modified_time\" content=\"2022-11-07T16:33:49+00:00\" \/>\n<meta property=\"og:image\" content=\"https:\/\/chesse.org\/wp-content\/uploads\/2022\/06\/chesse-sharing.png\" \/>\n\t<meta property=\"og:image:width\" content=\"1200\" \/>\n\t<meta property=\"og:image:height\" content=\"630\" \/>\n\t<meta property=\"og:image:type\" content=\"image\/png\" \/>\n<meta name=\"twitter:card\" content=\"summary_large_image\" \/>\n<script type=\"application\/ld+json\" class=\"yoast-schema-graph\">{\"@context\":\"https:\\\/\\\/schema.org\",\"@graph\":[{\"@type\":\"WebPage\",\"@id\":\"https:\\\/\\\/chesse.org\\\/fi\\\/lainsaadanto\\\/tyoterveys-ja-tyoturvallisuuslainsaadanto\\\/\",\"url\":\"https:\\\/\\\/chesse.org\\\/fi\\\/lainsaadanto\\\/tyoterveys-ja-tyoturvallisuuslainsaadanto\\\/\",\"name\":\"Ty\u00f6terveys- ja ty\u00f6turvallisuuslains\u00e4\u00e4d\u00e4nt\u00f6 &#8211; Chemical Safety in Science Education\",\"isPartOf\":{\"@id\":\"https:\\\/\\\/chesse.org\\\/fi\\\/#website\"},\"datePublished\":\"2022-11-07T09:23:39+00:00\",\"dateModified\":\"2022-11-07T16:33:49+00:00\",\"description\":\"Useissa direktiiveiss\u00e4 annetaan ohjeita, miten ty\u00f6 koulun kemian laboratoriossa voidaan toteuttaa turvallisesti.\",\"breadcrumb\":{\"@id\":\"https:\\\/\\\/chesse.org\\\/fi\\\/lainsaadanto\\\/tyoterveys-ja-tyoturvallisuuslainsaadanto\\\/#breadcrumb\"},\"inLanguage\":\"fi\",\"potentialAction\":[{\"@type\":\"ReadAction\",\"target\":[\"https:\\\/\\\/chesse.org\\\/fi\\\/lainsaadanto\\\/tyoterveys-ja-tyoturvallisuuslainsaadanto\\\/\"]}]},{\"@type\":\"BreadcrumbList\",\"@id\":\"https:\\\/\\\/chesse.org\\\/fi\\\/lainsaadanto\\\/tyoterveys-ja-tyoturvallisuuslainsaadanto\\\/#breadcrumb\",\"itemListElement\":[{\"@type\":\"ListItem\",\"position\":1,\"name\":\"Etusivu\",\"item\":\"https:\\\/\\\/chesse.org\\\/fi\\\/\"},{\"@type\":\"ListItem\",\"position\":2,\"name\":\"Lains\u00e4\u00e4d\u00e4nt\u00f6\",\"item\":\"https:\\\/\\\/chesse.org\\\/fi\\\/lainsaadanto\\\/\"},{\"@type\":\"ListItem\",\"position\":3,\"name\":\"Ty\u00f6terveys- ja ty\u00f6turvallisuuslains\u00e4\u00e4d\u00e4nt\u00f6\"}]},{\"@type\":\"WebSite\",\"@id\":\"https:\\\/\\\/chesse.org\\\/fi\\\/#website\",\"url\":\"https:\\\/\\\/chesse.org\\\/fi\\\/\",\"name\":\"Chemical Safety in Science Education\",\"description\":\"Condensed, up-to date information for science and chemistry teachers, head of schools and science teacher educators.\",\"publisher\":{\"@id\":\"https:\\\/\\\/chesse.org\\\/fi\\\/#organization\"},\"potentialAction\":[{\"@type\":\"SearchAction\",\"target\":{\"@type\":\"EntryPoint\",\"urlTemplate\":\"https:\\\/\\\/chesse.org\\\/fi\\\/?s={search_term_string}\"},\"query-input\":{\"@type\":\"PropertyValueSpecification\",\"valueRequired\":true,\"valueName\":\"search_term_string\"}}],\"inLanguage\":\"fi\"},{\"@type\":\"Organization\",\"@id\":\"https:\\\/\\\/chesse.org\\\/fi\\\/#organization\",\"name\":\"Online resources for Chemical Safety in Science Education\",\"url\":\"https:\\\/\\\/chesse.org\\\/fi\\\/\",\"logo\":{\"@type\":\"ImageObject\",\"inLanguage\":\"fi\",\"@id\":\"https:\\\/\\\/chesse.org\\\/fi\\\/#\\\/schema\\\/logo\\\/image\\\/\",\"url\":\"https:\\\/\\\/chesse.org\\\/wp-content\\\/uploads\\\/2020\\\/10\\\/CheSSE_logo-01.svg\",\"contentUrl\":\"https:\\\/\\\/chesse.org\\\/wp-content\\\/uploads\\\/2020\\\/10\\\/CheSSE_logo-01.svg\",\"width\":350,\"height\":100,\"caption\":\"Online resources for Chemical Safety in Science Education\"},\"image\":{\"@id\":\"https:\\\/\\\/chesse.org\\\/fi\\\/#\\\/schema\\\/logo\\\/image\\\/\"}}]}<\/script>\n<!-- \/ Yoast SEO plugin. -->","yoast_head_json":{"title":"Ty\u00f6terveys- ja ty\u00f6turvallisuuslains\u00e4\u00e4d\u00e4nt\u00f6 &#8211; Chemical Safety in Science Education","description":"Useissa direktiiveiss\u00e4 annetaan ohjeita, miten ty\u00f6 koulun kemian laboratoriossa voidaan toteuttaa turvallisesti.","robots":{"index":"index","follow":"follow","max-snippet":"max-snippet:-1","max-image-preview":"max-image-preview:large","max-video-preview":"max-video-preview:-1"},"canonical":"https:\/\/chesse.org\/fi\/lainsaadanto\/tyoterveys-ja-tyoturvallisuuslainsaadanto\/","og_locale":"fi_FI","og_type":"article","og_title":"Ty\u00f6terveys- ja ty\u00f6turvallisuuslains\u00e4\u00e4d\u00e4nt\u00f6 &#8211; Chemical Safety in Science Education","og_description":"Useissa direktiiveiss\u00e4 annetaan ohjeita, miten ty\u00f6 koulun kemian laboratoriossa voidaan toteuttaa turvallisesti.","og_url":"https:\/\/chesse.org\/fi\/lainsaadanto\/tyoterveys-ja-tyoturvallisuuslainsaadanto\/","og_site_name":"Chemical Safety in Science Education","article_modified_time":"2022-11-07T16:33:49+00:00","og_image":[{"width":1200,"height":630,"url":"https:\/\/chesse.org\/wp-content\/uploads\/2022\/06\/chesse-sharing.png","type":"image\/png"}],"twitter_card":"summary_large_image","schema":{"@context":"https:\/\/schema.org","@graph":[{"@type":"WebPage","@id":"https:\/\/chesse.org\/fi\/lainsaadanto\/tyoterveys-ja-tyoturvallisuuslainsaadanto\/","url":"https:\/\/chesse.org\/fi\/lainsaadanto\/tyoterveys-ja-tyoturvallisuuslainsaadanto\/","name":"Ty\u00f6terveys- ja ty\u00f6turvallisuuslains\u00e4\u00e4d\u00e4nt\u00f6 &#8211; Chemical Safety in Science Education","isPartOf":{"@id":"https:\/\/chesse.org\/fi\/#website"},"datePublished":"2022-11-07T09:23:39+00:00","dateModified":"2022-11-07T16:33:49+00:00","description":"Useissa direktiiveiss\u00e4 annetaan ohjeita, miten ty\u00f6 koulun kemian laboratoriossa voidaan toteuttaa turvallisesti.","breadcrumb":{"@id":"https:\/\/chesse.org\/fi\/lainsaadanto\/tyoterveys-ja-tyoturvallisuuslainsaadanto\/#breadcrumb"},"inLanguage":"fi","potentialAction":[{"@type":"ReadAction","target":["https:\/\/chesse.org\/fi\/lainsaadanto\/tyoterveys-ja-tyoturvallisuuslainsaadanto\/"]}]},{"@type":"BreadcrumbList","@id":"https:\/\/chesse.org\/fi\/lainsaadanto\/tyoterveys-ja-tyoturvallisuuslainsaadanto\/#breadcrumb","itemListElement":[{"@type":"ListItem","position":1,"name":"Etusivu","item":"https:\/\/chesse.org\/fi\/"},{"@type":"ListItem","position":2,"name":"Lains\u00e4\u00e4d\u00e4nt\u00f6","item":"https:\/\/chesse.org\/fi\/lainsaadanto\/"},{"@type":"ListItem","position":3,"name":"Ty\u00f6terveys- ja ty\u00f6turvallisuuslains\u00e4\u00e4d\u00e4nt\u00f6"}]},{"@type":"WebSite","@id":"https:\/\/chesse.org\/fi\/#website","url":"https:\/\/chesse.org\/fi\/","name":"Chemical Safety in Science Education","description":"Condensed, up-to date information for science and chemistry teachers, head of schools and science teacher educators.","publisher":{"@id":"https:\/\/chesse.org\/fi\/#organization"},"potentialAction":[{"@type":"SearchAction","target":{"@type":"EntryPoint","urlTemplate":"https:\/\/chesse.org\/fi\/?s={search_term_string}"},"query-input":{"@type":"PropertyValueSpecification","valueRequired":true,"valueName":"search_term_string"}}],"inLanguage":"fi"},{"@type":"Organization","@id":"https:\/\/chesse.org\/fi\/#organization","name":"Online resources for Chemical Safety in Science Education","url":"https:\/\/chesse.org\/fi\/","logo":{"@type":"ImageObject","inLanguage":"fi","@id":"https:\/\/chesse.org\/fi\/#\/schema\/logo\/image\/","url":"https:\/\/chesse.org\/wp-content\/uploads\/2020\/10\/CheSSE_logo-01.svg","contentUrl":"https:\/\/chesse.org\/wp-content\/uploads\/2020\/10\/CheSSE_logo-01.svg","width":350,"height":100,"caption":"Online resources for Chemical Safety in Science Education"},"image":{"@id":"https:\/\/chesse.org\/fi\/#\/schema\/logo\/image\/"}}]}},"_links":{"self":[{"href":"https:\/\/chesse.org\/fi\/wp-json\/wp\/v2\/pages\/10798","targetHints":{"allow":["GET"]}}],"collection":[{"href":"https:\/\/chesse.org\/fi\/wp-json\/wp\/v2\/pages"}],"about":[{"href":"https:\/\/chesse.org\/fi\/wp-json\/wp\/v2\/types\/page"}],"author":[{"embeddable":true,"href":"https:\/\/chesse.org\/fi\/wp-json\/wp\/v2\/users\/43"}],"replies":[{"embeddable":true,"href":"https:\/\/chesse.org\/fi\/wp-json\/wp\/v2\/comments?post=10798"}],"version-history":[{"count":5,"href":"https:\/\/chesse.org\/fi\/wp-json\/wp\/v2\/pages\/10798\/revisions"}],"predecessor-version":[{"id":10896,"href":"https:\/\/chesse.org\/fi\/wp-json\/wp\/v2\/pages\/10798\/revisions\/10896"}],"up":[{"embeddable":true,"href":"https:\/\/chesse.org\/fi\/wp-json\/wp\/v2\/pages\/10817"}],"wp:attachment":[{"href":"https:\/\/chesse.org\/fi\/wp-json\/wp\/v2\/media?parent=10798"}],"curies":[{"name":"wp","href":"https:\/\/api.w.org\/{rel}","templated":true}]}}