{"id":10800,"date":"2022-11-07T10:28:53","date_gmt":"2022-11-07T09:28:53","guid":{"rendered":"https:\/\/chesse.org\/kansalliset-erityislainsaadannot\/"},"modified":"2022-11-07T14:41:22","modified_gmt":"2022-11-07T13:41:22","slug":"kansalliset-erityislainsaadannot","status":"publish","type":"page","link":"https:\/\/chesse.org\/fi\/lainsaadanto\/kansalliset-erityislainsaadannot\/","title":{"rendered":"Kansalliset erityislains\u00e4\u00e4d\u00e4nn\u00f6t"},"content":{"rendered":"\t\t<div data-elementor-type=\"wp-page\" data-elementor-id=\"10800\" class=\"elementor elementor-10800 elementor-374\" data-elementor-post-type=\"page\">\n\t\t\t\t\t\t<section class=\"elementor-section elementor-top-section elementor-element elementor-element-1e41446 elementor-section-boxed elementor-section-height-default elementor-section-height-default\" data-id=\"1e41446\" data-element_type=\"section\" data-e-type=\"section\">\n\t\t\t\t\t\t<div class=\"elementor-container elementor-column-gap-default\">\n\t\t\t\t\t<div class=\"elementor-column elementor-col-100 elementor-top-column elementor-element elementor-element-62dece0\" data-id=\"62dece0\" data-element_type=\"column\" data-e-type=\"column\">\n\t\t\t<div class=\"elementor-widget-wrap elementor-element-populated\">\n\t\t\t\t\t\t<div class=\"elementor-element elementor-element-90900d0 standfirst elementor-widget elementor-widget-text-editor\" data-id=\"90900d0\" data-element_type=\"widget\" data-e-type=\"widget\" data-widget_type=\"text-editor.default\">\n\t\t\t\t<div class=\"elementor-widget-container\">\n\t\t\t\t\t\t\t\t\t<p>Tiivistelm\u00e4 kansallisista laista ja tulkinnoista, jotka eroavat yleisest\u00e4 EU-lains\u00e4\u00e4d\u00e4nn\u00f6st\u00e4. T\u00e4t\u00e4 osiota k\u00e4sitell\u00e4\u00e4n laajemmin CheSSE-sivuston maakohtaisissa versiossa.<\/p>\n\t\t\t\t\t\t\t\t<\/div>\n\t\t\t\t<\/div>\n\t\t\t\t\t<\/div>\n\t\t<\/div>\n\t\t\t\t\t<\/div>\n\t\t<\/section>\n\t\t\t\t<\/div>\n\t\t","protected":false},"excerpt":{"rendered":"<p>Tiivistelm\u00e4 kansallisista laista ja tulkinnoista, jotka eroavat yleisest\u00e4 EU-lains\u00e4\u00e4d\u00e4nn\u00f6st\u00e4. T\u00e4t\u00e4 osiota k\u00e4sitell\u00e4\u00e4n laajemmin CheSSE-sivuston maakohtaisissa versiossa.<\/p>\n","protected":false},"author":53,"featured_media":0,"parent":10817,"menu_order":5,"comment_status":"closed","ping_status":"closed","template":"","meta":{"footnotes":""},"class_list":["post-10800","page","type-page","status-publish","hentry"],"yoast_head":"<!-- This site is optimized with the Yoast SEO plugin v27.3 - https:\/\/yoast.com\/product\/yoast-seo-wordpress\/ -->\n<title>Kansalliset erityislains\u00e4\u00e4d\u00e4nn\u00f6t &#8211; Chemical Safety in Science Education<\/title>\n<meta name=\"description\" content=\"Tiivistelm\u00e4 kansallisista laista ja tulkinnoista, jotka eroavat yleisest\u00e4 EU-lains\u00e4\u00e4d\u00e4nn\u00f6st\u00e4.\" \/>\n<meta name=\"robots\" content=\"index, follow, max-snippet:-1, max-image-preview:large, max-video-preview:-1\" \/>\n<link rel=\"canonical\" href=\"https:\/\/chesse.org\/fi\/lainsaadanto\/kansalliset-erityislainsaadannot\/\" \/>\n<meta property=\"og:locale\" content=\"fi_FI\" \/>\n<meta property=\"og:type\" content=\"article\" \/>\n<meta property=\"og:title\" content=\"Kansalliset erityislains\u00e4\u00e4d\u00e4nn\u00f6t &#8211; Chemical Safety in Science Education\" \/>\n<meta property=\"og:description\" content=\"Tiivistelm\u00e4 kansallisista laista ja tulkinnoista, jotka eroavat yleisest\u00e4 EU-lains\u00e4\u00e4d\u00e4nn\u00f6st\u00e4.\" \/>\n<meta property=\"og:url\" content=\"https:\/\/chesse.org\/fi\/lainsaadanto\/kansalliset-erityislainsaadannot\/\" \/>\n<meta property=\"og:site_name\" content=\"Chemical Safety in Science Education\" \/>\n<meta property=\"article:modified_time\" content=\"2022-11-07T13:41:22+00:00\" \/>\n<meta property=\"og:image\" content=\"https:\/\/chesse.org\/wp-content\/uploads\/2022\/06\/chesse-sharing.png\" \/>\n\t<meta property=\"og:image:width\" content=\"1200\" \/>\n\t<meta property=\"og:image:height\" content=\"630\" \/>\n\t<meta property=\"og:image:type\" content=\"image\/png\" \/>\n<meta name=\"twitter:card\" content=\"summary_large_image\" \/>\n<script type=\"application\/ld+json\" class=\"yoast-schema-graph\">{\"@context\":\"https:\\\/\\\/schema.org\",\"@graph\":[{\"@type\":\"WebPage\",\"@id\":\"https:\\\/\\\/chesse.org\\\/fi\\\/lainsaadanto\\\/kansalliset-erityislainsaadannot\\\/\",\"url\":\"https:\\\/\\\/chesse.org\\\/fi\\\/lainsaadanto\\\/kansalliset-erityislainsaadannot\\\/\",\"name\":\"Kansalliset erityislains\u00e4\u00e4d\u00e4nn\u00f6t &#8211; Chemical Safety in Science Education\",\"isPartOf\":{\"@id\":\"https:\\\/\\\/chesse.org\\\/fi\\\/#website\"},\"datePublished\":\"2022-11-07T09:28:53+00:00\",\"dateModified\":\"2022-11-07T13:41:22+00:00\",\"description\":\"Tiivistelm\u00e4 kansallisista laista ja tulkinnoista, jotka eroavat yleisest\u00e4 EU-lains\u00e4\u00e4d\u00e4nn\u00f6st\u00e4.\",\"breadcrumb\":{\"@id\":\"https:\\\/\\\/chesse.org\\\/fi\\\/lainsaadanto\\\/kansalliset-erityislainsaadannot\\\/#breadcrumb\"},\"inLanguage\":\"fi\",\"potentialAction\":[{\"@type\":\"ReadAction\",\"target\":[\"https:\\\/\\\/chesse.org\\\/fi\\\/lainsaadanto\\\/kansalliset-erityislainsaadannot\\\/\"]}]},{\"@type\":\"BreadcrumbList\",\"@id\":\"https:\\\/\\\/chesse.org\\\/fi\\\/lainsaadanto\\\/kansalliset-erityislainsaadannot\\\/#breadcrumb\",\"itemListElement\":[{\"@type\":\"ListItem\",\"position\":1,\"name\":\"Etusivu\",\"item\":\"https:\\\/\\\/chesse.org\\\/fi\\\/\"},{\"@type\":\"ListItem\",\"position\":2,\"name\":\"Lains\u00e4\u00e4d\u00e4nt\u00f6\",\"item\":\"https:\\\/\\\/chesse.org\\\/fi\\\/lainsaadanto\\\/\"},{\"@type\":\"ListItem\",\"position\":3,\"name\":\"Kansalliset erityislains\u00e4\u00e4d\u00e4nn\u00f6t\"}]},{\"@type\":\"WebSite\",\"@id\":\"https:\\\/\\\/chesse.org\\\/fi\\\/#website\",\"url\":\"https:\\\/\\\/chesse.org\\\/fi\\\/\",\"name\":\"Chemical Safety in Science Education\",\"description\":\"Condensed, up-to date information for science and chemistry teachers, head of schools and science teacher educators.\",\"publisher\":{\"@id\":\"https:\\\/\\\/chesse.org\\\/fi\\\/#organization\"},\"potentialAction\":[{\"@type\":\"SearchAction\",\"target\":{\"@type\":\"EntryPoint\",\"urlTemplate\":\"https:\\\/\\\/chesse.org\\\/fi\\\/?s={search_term_string}\"},\"query-input\":{\"@type\":\"PropertyValueSpecification\",\"valueRequired\":true,\"valueName\":\"search_term_string\"}}],\"inLanguage\":\"fi\"},{\"@type\":\"Organization\",\"@id\":\"https:\\\/\\\/chesse.org\\\/fi\\\/#organization\",\"name\":\"Online resources for Chemical Safety in Science Education\",\"url\":\"https:\\\/\\\/chesse.org\\\/fi\\\/\",\"logo\":{\"@type\":\"ImageObject\",\"inLanguage\":\"fi\",\"@id\":\"https:\\\/\\\/chesse.org\\\/fi\\\/#\\\/schema\\\/logo\\\/image\\\/\",\"url\":\"https:\\\/\\\/chesse.org\\\/wp-content\\\/uploads\\\/2020\\\/10\\\/CheSSE_logo-01.svg\",\"contentUrl\":\"https:\\\/\\\/chesse.org\\\/wp-content\\\/uploads\\\/2020\\\/10\\\/CheSSE_logo-01.svg\",\"width\":350,\"height\":100,\"caption\":\"Online resources for Chemical Safety in Science Education\"},\"image\":{\"@id\":\"https:\\\/\\\/chesse.org\\\/fi\\\/#\\\/schema\\\/logo\\\/image\\\/\"}}]}<\/script>\n<!-- \/ Yoast SEO plugin. -->","yoast_head_json":{"title":"Kansalliset erityislains\u00e4\u00e4d\u00e4nn\u00f6t &#8211; Chemical Safety in Science Education","description":"Tiivistelm\u00e4 kansallisista laista ja tulkinnoista, jotka eroavat yleisest\u00e4 EU-lains\u00e4\u00e4d\u00e4nn\u00f6st\u00e4.","robots":{"index":"index","follow":"follow","max-snippet":"max-snippet:-1","max-image-preview":"max-image-preview:large","max-video-preview":"max-video-preview:-1"},"canonical":"https:\/\/chesse.org\/fi\/lainsaadanto\/kansalliset-erityislainsaadannot\/","og_locale":"fi_FI","og_type":"article","og_title":"Kansalliset erityislains\u00e4\u00e4d\u00e4nn\u00f6t &#8211; Chemical Safety in Science Education","og_description":"Tiivistelm\u00e4 kansallisista laista ja tulkinnoista, jotka eroavat yleisest\u00e4 EU-lains\u00e4\u00e4d\u00e4nn\u00f6st\u00e4.","og_url":"https:\/\/chesse.org\/fi\/lainsaadanto\/kansalliset-erityislainsaadannot\/","og_site_name":"Chemical Safety in Science Education","article_modified_time":"2022-11-07T13:41:22+00:00","og_image":[{"width":1200,"height":630,"url":"https:\/\/chesse.org\/wp-content\/uploads\/2022\/06\/chesse-sharing.png","type":"image\/png"}],"twitter_card":"summary_large_image","schema":{"@context":"https:\/\/schema.org","@graph":[{"@type":"WebPage","@id":"https:\/\/chesse.org\/fi\/lainsaadanto\/kansalliset-erityislainsaadannot\/","url":"https:\/\/chesse.org\/fi\/lainsaadanto\/kansalliset-erityislainsaadannot\/","name":"Kansalliset erityislains\u00e4\u00e4d\u00e4nn\u00f6t &#8211; Chemical Safety in Science Education","isPartOf":{"@id":"https:\/\/chesse.org\/fi\/#website"},"datePublished":"2022-11-07T09:28:53+00:00","dateModified":"2022-11-07T13:41:22+00:00","description":"Tiivistelm\u00e4 kansallisista laista ja tulkinnoista, jotka eroavat yleisest\u00e4 EU-lains\u00e4\u00e4d\u00e4nn\u00f6st\u00e4.","breadcrumb":{"@id":"https:\/\/chesse.org\/fi\/lainsaadanto\/kansalliset-erityislainsaadannot\/#breadcrumb"},"inLanguage":"fi","potentialAction":[{"@type":"ReadAction","target":["https:\/\/chesse.org\/fi\/lainsaadanto\/kansalliset-erityislainsaadannot\/"]}]},{"@type":"BreadcrumbList","@id":"https:\/\/chesse.org\/fi\/lainsaadanto\/kansalliset-erityislainsaadannot\/#breadcrumb","itemListElement":[{"@type":"ListItem","position":1,"name":"Etusivu","item":"https:\/\/chesse.org\/fi\/"},{"@type":"ListItem","position":2,"name":"Lains\u00e4\u00e4d\u00e4nt\u00f6","item":"https:\/\/chesse.org\/fi\/lainsaadanto\/"},{"@type":"ListItem","position":3,"name":"Kansalliset erityislains\u00e4\u00e4d\u00e4nn\u00f6t"}]},{"@type":"WebSite","@id":"https:\/\/chesse.org\/fi\/#website","url":"https:\/\/chesse.org\/fi\/","name":"Chemical Safety in Science Education","description":"Condensed, up-to date information for science and chemistry teachers, head of schools and science teacher educators.","publisher":{"@id":"https:\/\/chesse.org\/fi\/#organization"},"potentialAction":[{"@type":"SearchAction","target":{"@type":"EntryPoint","urlTemplate":"https:\/\/chesse.org\/fi\/?s={search_term_string}"},"query-input":{"@type":"PropertyValueSpecification","valueRequired":true,"valueName":"search_term_string"}}],"inLanguage":"fi"},{"@type":"Organization","@id":"https:\/\/chesse.org\/fi\/#organization","name":"Online resources for Chemical Safety in Science Education","url":"https:\/\/chesse.org\/fi\/","logo":{"@type":"ImageObject","inLanguage":"fi","@id":"https:\/\/chesse.org\/fi\/#\/schema\/logo\/image\/","url":"https:\/\/chesse.org\/wp-content\/uploads\/2020\/10\/CheSSE_logo-01.svg","contentUrl":"https:\/\/chesse.org\/wp-content\/uploads\/2020\/10\/CheSSE_logo-01.svg","width":350,"height":100,"caption":"Online resources for Chemical Safety in Science Education"},"image":{"@id":"https:\/\/chesse.org\/fi\/#\/schema\/logo\/image\/"}}]}},"_links":{"self":[{"href":"https:\/\/chesse.org\/fi\/wp-json\/wp\/v2\/pages\/10800","targetHints":{"allow":["GET"]}}],"collection":[{"href":"https:\/\/chesse.org\/fi\/wp-json\/wp\/v2\/pages"}],"about":[{"href":"https:\/\/chesse.org\/fi\/wp-json\/wp\/v2\/types\/page"}],"author":[{"embeddable":true,"href":"https:\/\/chesse.org\/fi\/wp-json\/wp\/v2\/users\/53"}],"replies":[{"embeddable":true,"href":"https:\/\/chesse.org\/fi\/wp-json\/wp\/v2\/comments?post=10800"}],"version-history":[{"count":1,"href":"https:\/\/chesse.org\/fi\/wp-json\/wp\/v2\/pages\/10800\/revisions"}],"predecessor-version":[{"id":10801,"href":"https:\/\/chesse.org\/fi\/wp-json\/wp\/v2\/pages\/10800\/revisions\/10801"}],"up":[{"embeddable":true,"href":"https:\/\/chesse.org\/fi\/wp-json\/wp\/v2\/pages\/10817"}],"wp:attachment":[{"href":"https:\/\/chesse.org\/fi\/wp-json\/wp\/v2\/media?parent=10800"}],"curies":[{"name":"wp","href":"https:\/\/api.w.org\/{rel}","templated":true}]}}