{"id":10817,"date":"2022-11-07T13:25:54","date_gmt":"2022-11-07T12:25:54","guid":{"rendered":"https:\/\/chesse.org\/lainsaadanto\/"},"modified":"2022-12-15T10:25:33","modified_gmt":"2022-12-15T09:25:33","slug":"lainsaadanto","status":"publish","type":"page","link":"https:\/\/chesse.org\/fi\/lainsaadanto\/","title":{"rendered":"Lains\u00e4\u00e4d\u00e4nt\u00f6"},"content":{"rendered":"\t\t<div data-elementor-type=\"wp-page\" data-elementor-id=\"10817\" class=\"elementor elementor-10817 elementor-43\" data-elementor-post-type=\"page\">\n\t\t\t\t\t\t<div class=\"elementor-section elementor-top-section elementor-element elementor-element-191e2d0 elementor-section-boxed elementor-section-height-default elementor-section-height-default\" data-id=\"191e2d0\" data-element_type=\"section\" data-e-type=\"section\">\n\t\t\t\t\t\t<div class=\"elementor-container elementor-column-gap-default\">\n\t\t\t\t\t<div class=\"elementor-column elementor-col-100 elementor-top-column elementor-element elementor-element-f689c51\" data-id=\"f689c51\" data-element_type=\"column\" data-e-type=\"column\">\n\t\t\t<div class=\"elementor-widget-wrap elementor-element-populated\">\n\t\t\t\t\t\t<div class=\"elementor-element elementor-element-e5987b9 standfirst elementor-widget elementor-widget-text-editor\" data-id=\"e5987b9\" data-element_type=\"widget\" data-e-type=\"widget\" data-widget_type=\"text-editor.default\">\n\t\t\t\t<div class=\"elementor-widget-container\">\n\t\t\t\t\t\t\t\t\t<p>T\u00e4ss\u00e4 osiossa esitet\u00e4\u00e4n lains\u00e4\u00e4d\u00e4nt\u00f6\u00e4, jolla s\u00e4\u00e4det\u00e4\u00e4n kemikaalien k\u00e4ytt\u00f6\u00e4. K\u00e4yt\u00e4nn\u00f6n esimerkit lains\u00e4\u00e4d\u00e4nn\u00f6n tulkinnasta Euroopan kouluissa esitet\u00e4\u00e4n toisissa osioissa. K\u00e4yt\u00e4nn\u00f6n esimerkkej\u00e4 lains\u00e4\u00e4d\u00e4nn\u00f6n tulkitsemisesta eurooppalaisissa kouluissa l\u00f6ytyy muista osioista.<\/p>\n\t\t\t\t\t\t\t\t<\/div>\n\t\t\t\t<\/div>\n\t\t\t\t\t<\/div>\n\t\t<\/div>\n\t\t\t\t\t<\/div>\n\t\t<\/div>\n\t\t\t\t<div class=\"elementor-section elementor-top-section elementor-element elementor-element-d4c8b79 subsectionpage legislation-section elementor-section-boxed elementor-section-height-default elementor-section-height-default\" data-id=\"d4c8b79\" data-element_type=\"section\" data-e-type=\"section\">\n\t\t\t\t\t\t<div class=\"elementor-container elementor-column-gap-no\">\n\t\t\t\t\t<div class=\"elementor-column elementor-col-100 elementor-top-column elementor-element elementor-element-007099e\" data-id=\"007099e\" data-element_type=\"column\" data-e-type=\"column\">\n\t\t\t<div class=\"elementor-widget-wrap elementor-element-populated\">\n\t\t\t\t\t\t<section class=\"elementor-section elementor-inner-section elementor-element elementor-element-5e2ecbe elementor-section-boxed elementor-section-height-default elementor-section-height-default\" data-id=\"5e2ecbe\" data-element_type=\"section\" data-e-type=\"section\">\n\t\t\t\t\t\t<div class=\"elementor-container elementor-column-gap-default\">\n\t\t\t\t\t<div class=\"elementor-column elementor-col-33 elementor-inner-column elementor-element elementor-element-295df29\" data-id=\"295df29\" data-element_type=\"column\" data-e-type=\"column\">\n\t\t\t<div class=\"elementor-widget-wrap elementor-element-populated\">\n\t\t\t\t\t\t<div class=\"elementor-element elementor-element-fa38673 elementor-widget elementor-widget-button\" data-id=\"fa38673\" data-element_type=\"widget\" data-e-type=\"widget\" data-widget_type=\"button.default\">\n\t\t\t\t<div class=\"elementor-widget-container\">\n\t\t\t\t\t\t\t\t\t<div class=\"elementor-button-wrapper\">\n\t\t\t\t\t<a class=\"elementor-button elementor-button-link elementor-size-lg\" href=\"https:\/\/chesse.org\/fi\/lainsaadanto\/katsaus-euroopan-kemikaalilainsaadantoon\/\">\n\t\t\t\t\t\t<span class=\"elementor-button-content-wrapper\">\n\t\t\t\t\t\t\t\t\t<span class=\"elementor-button-text\">Katsaus Euroopan kemikaali&shy;lain&shy;s\u00e4\u00e4d\u00e4nt\u00f6\u00f6n<\/span>\n\t\t\t\t\t<\/span>\n\t\t\t\t\t<\/a>\n\t\t\t\t<\/div>\n\t\t\t\t\t\t\t\t<\/div>\n\t\t\t\t<\/div>\n\t\t\t\t\t<\/div>\n\t\t<\/div>\n\t\t\t\t<div class=\"elementor-column elementor-col-33 elementor-inner-column elementor-element elementor-element-7d353df\" data-id=\"7d353df\" data-element_type=\"column\" data-e-type=\"column\">\n\t\t\t<div class=\"elementor-widget-wrap elementor-element-populated\">\n\t\t\t\t\t\t<div class=\"elementor-element elementor-element-de5fc96 elementor-widget elementor-widget-button\" data-id=\"de5fc96\" data-element_type=\"widget\" data-e-type=\"widget\" data-widget_type=\"button.default\">\n\t\t\t\t<div class=\"elementor-widget-container\">\n\t\t\t\t\t\t\t\t\t<div class=\"elementor-button-wrapper\">\n\t\t\t\t\t<a class=\"elementor-button elementor-button-link elementor-size-lg\" href=\"https:\/\/chesse.org\/fi\/lainsaadanto\/lainsaadanto-kemikaalien-luokituksesta-ja-merkinnoista\/\">\n\t\t\t\t\t\t<span class=\"elementor-button-content-wrapper\">\n\t\t\t\t\t\t\t\t\t<span class=\"elementor-button-text\">Lains\u00e4\u00e4d\u00e4nt\u00f6 kemikaalien luokittelusta ja merkitsemisest\u00e4<\/span>\n\t\t\t\t\t<\/span>\n\t\t\t\t\t<\/a>\n\t\t\t\t<\/div>\n\t\t\t\t\t\t\t\t<\/div>\n\t\t\t\t<\/div>\n\t\t\t\t\t<\/div>\n\t\t<\/div>\n\t\t\t\t<div class=\"elementor-column elementor-col-33 elementor-inner-column elementor-element elementor-element-5f26564\" data-id=\"5f26564\" data-element_type=\"column\" data-e-type=\"column\">\n\t\t\t<div class=\"elementor-widget-wrap elementor-element-populated\">\n\t\t\t\t\t\t<div class=\"elementor-element elementor-element-888e45f elementor-widget elementor-widget-button\" data-id=\"888e45f\" data-element_type=\"widget\" data-e-type=\"widget\" data-widget_type=\"button.default\">\n\t\t\t\t<div class=\"elementor-widget-container\">\n\t\t\t\t\t\t\t\t\t<div class=\"elementor-button-wrapper\">\n\t\t\t\t\t<a class=\"elementor-button elementor-button-link elementor-size-lg\" href=\"https:\/\/chesse.org\/fi\/lainsaadanto\/kemikaalien-kayttoa-rajoittava-lainsaadanto\/\">\n\t\t\t\t\t\t<span class=\"elementor-button-content-wrapper\">\n\t\t\t\t\t\t\t\t\t<span class=\"elementor-button-text\">Kemikaalien k\u00e4ytt\u00f6\u00e4 rajoittava lains\u00e4\u00e4d\u00e4nt\u00f6<\/span>\n\t\t\t\t\t<\/span>\n\t\t\t\t\t<\/a>\n\t\t\t\t<\/div>\n\t\t\t\t\t\t\t\t<\/div>\n\t\t\t\t<\/div>\n\t\t\t\t\t<\/div>\n\t\t<\/div>\n\t\t\t\t\t<\/div>\n\t\t<\/section>\n\t\t\t\t<section class=\"elementor-section elementor-inner-section elementor-element elementor-element-b9e94dc elementor-section-boxed elementor-section-height-default elementor-section-height-default\" data-id=\"b9e94dc\" data-element_type=\"section\" data-e-type=\"section\">\n\t\t\t\t\t\t<div class=\"elementor-container elementor-column-gap-default\">\n\t\t\t\t\t<div class=\"elementor-column elementor-col-33 elementor-inner-column elementor-element elementor-element-e511c84\" data-id=\"e511c84\" data-element_type=\"column\" data-e-type=\"column\">\n\t\t\t<div class=\"elementor-widget-wrap elementor-element-populated\">\n\t\t\t\t\t\t<div class=\"elementor-element elementor-element-0e865b3 elementor-widget elementor-widget-button\" data-id=\"0e865b3\" data-element_type=\"widget\" data-e-type=\"widget\" data-widget_type=\"button.default\">\n\t\t\t\t<div class=\"elementor-widget-container\">\n\t\t\t\t\t\t\t\t\t<div class=\"elementor-button-wrapper\">\n\t\t\t\t\t<a class=\"elementor-button elementor-button-link elementor-size-lg\" href=\"https:\/\/chesse.org\/fi\/lainsaadanto\/jatelainsaadanto\/\">\n\t\t\t\t\t\t<span class=\"elementor-button-content-wrapper\">\n\t\t\t\t\t\t\t\t\t<span class=\"elementor-button-text\">J\u00e4telains\u00e4\u00e4d\u00e4nt\u00f6<\/span>\n\t\t\t\t\t<\/span>\n\t\t\t\t\t<\/a>\n\t\t\t\t<\/div>\n\t\t\t\t\t\t\t\t<\/div>\n\t\t\t\t<\/div>\n\t\t\t\t\t<\/div>\n\t\t<\/div>\n\t\t\t\t<div class=\"elementor-column elementor-col-33 elementor-inner-column elementor-element elementor-element-feb83ff\" data-id=\"feb83ff\" data-element_type=\"column\" data-e-type=\"column\">\n\t\t\t<div class=\"elementor-widget-wrap elementor-element-populated\">\n\t\t\t\t\t\t<div class=\"elementor-element elementor-element-4f5bd65 elementor-widget elementor-widget-button\" data-id=\"4f5bd65\" data-element_type=\"widget\" data-e-type=\"widget\" data-widget_type=\"button.default\">\n\t\t\t\t<div class=\"elementor-widget-container\">\n\t\t\t\t\t\t\t\t\t<div class=\"elementor-button-wrapper\">\n\t\t\t\t\t<a class=\"elementor-button elementor-button-link elementor-size-lg\" href=\"https:\/\/chesse.org\/fi\/lainsaadanto\/tyoterveys-ja-tyoturvallisuuslainsaadanto\/\">\n\t\t\t\t\t\t<span class=\"elementor-button-content-wrapper\">\n\t\t\t\t\t\t\t\t\t<span class=\"elementor-button-text\">Ty\u00f6terveys- ja ty\u00f6&shy;turvallisuus\u00ad&shy;lain&shy;s\u00e4\u00e4d\u00e4nt\u00f6 <\/span>\n\t\t\t\t\t<\/span>\n\t\t\t\t\t<\/a>\n\t\t\t\t<\/div>\n\t\t\t\t\t\t\t\t<\/div>\n\t\t\t\t<\/div>\n\t\t\t\t\t<\/div>\n\t\t<\/div>\n\t\t\t\t<div class=\"elementor-column elementor-col-33 elementor-inner-column elementor-element elementor-element-52e12bb\" data-id=\"52e12bb\" data-element_type=\"column\" data-e-type=\"column\">\n\t\t\t<div class=\"elementor-widget-wrap elementor-element-populated\">\n\t\t\t\t\t\t<div class=\"elementor-element elementor-element-1a41bf5 elementor-widget elementor-widget-button\" data-id=\"1a41bf5\" data-element_type=\"widget\" data-e-type=\"widget\" data-widget_type=\"button.default\">\n\t\t\t\t<div class=\"elementor-widget-container\">\n\t\t\t\t\t\t\t\t\t<div class=\"elementor-button-wrapper\">\n\t\t\t\t\t<a class=\"elementor-button elementor-button-link elementor-size-lg\" href=\"https:\/\/chesse.org\/fi\/lainsaadanto\/kansalliset-erityislainsaadannot\/\">\n\t\t\t\t\t\t<span class=\"elementor-button-content-wrapper\">\n\t\t\t\t\t\t\t\t\t<span class=\"elementor-button-text\">Kansalliset erityis&shy;lain&shy;s\u00e4\u00e4d\u00e4nn\u00f6t<\/span>\n\t\t\t\t\t<\/span>\n\t\t\t\t\t<\/a>\n\t\t\t\t<\/div>\n\t\t\t\t\t\t\t\t<\/div>\n\t\t\t\t<\/div>\n\t\t\t\t\t<\/div>\n\t\t<\/div>\n\t\t\t\t\t<\/div>\n\t\t<\/section>\n\t\t\t\t\t<\/div>\n\t\t<\/div>\n\t\t\t\t\t<\/div>\n\t\t<\/div>\n\t\t\t\t<\/div>\n\t\t","protected":false},"excerpt":{"rendered":"<p>T\u00e4ss\u00e4 osiossa esitet\u00e4\u00e4n lains\u00e4\u00e4d\u00e4nt\u00f6\u00e4, jolla s\u00e4\u00e4det\u00e4\u00e4n kemikaalien k\u00e4ytt\u00f6\u00e4. K\u00e4yt\u00e4nn\u00f6n esimerkit lains\u00e4\u00e4d\u00e4nn\u00f6n tulkinnasta Euroopan kouluissa esitet\u00e4\u00e4n toisissa osioissa. K\u00e4yt\u00e4nn\u00f6n esimerkkej\u00e4 lains\u00e4\u00e4d\u00e4nn\u00f6n tulkitsemisesta eurooppalaisissa kouluissa l\u00f6ytyy muista osioista. Katsaus Euroopan kemikaali&shy;lain&shy;s\u00e4\u00e4d\u00e4nt\u00f6\u00f6n Lains\u00e4\u00e4d\u00e4nt\u00f6 kemikaalien luokittelusta ja merkitsemisest\u00e4 Kemikaalien k\u00e4ytt\u00f6\u00e4 rajoittava lains\u00e4\u00e4d\u00e4nt\u00f6 J\u00e4telains\u00e4\u00e4d\u00e4nt\u00f6 Ty\u00f6terveys- ja ty\u00f6&shy;turvallisuus\u00ad&shy;lain&shy;s\u00e4\u00e4d\u00e4nt\u00f6 Kansalliset erityis&shy;lain&shy;s\u00e4\u00e4d\u00e4nn\u00f6t<\/p>\n","protected":false},"author":53,"featured_media":0,"parent":0,"menu_order":4,"comment_status":"closed","ping_status":"closed","template":"","meta":{"footnotes":""},"class_list":["post-10817","page","type-page","status-publish","hentry"],"yoast_head":"<!-- This site is optimized with the Yoast SEO plugin v27.3 - https:\/\/yoast.com\/product\/yoast-seo-wordpress\/ -->\n<title>Lains\u00e4\u00e4d\u00e4nt\u00f6 &#8211; Chemical Safety in Science Education<\/title>\n<meta name=\"description\" content=\"Yhteenveto kemikaalilains\u00e4\u00e4d\u00e4nn\u00f6st\u00e4, joka k\u00e4sittelee kemikaalien k\u00e4ytt\u00f6\u00e4 Euroopan kouluissa.\" \/>\n<meta name=\"robots\" content=\"index, follow, max-snippet:-1, max-image-preview:large, max-video-preview:-1\" \/>\n<link rel=\"canonical\" href=\"https:\/\/chesse.org\/fi\/lainsaadanto\/\" \/>\n<meta property=\"og:locale\" content=\"fi_FI\" \/>\n<meta property=\"og:type\" content=\"article\" \/>\n<meta property=\"og:title\" content=\"Lains\u00e4\u00e4d\u00e4nt\u00f6 &#8211; Chemical Safety in Science Education\" \/>\n<meta property=\"og:description\" content=\"Yhteenveto kemikaalilains\u00e4\u00e4d\u00e4nn\u00f6st\u00e4, joka k\u00e4sittelee kemikaalien k\u00e4ytt\u00f6\u00e4 Euroopan kouluissa.\" \/>\n<meta property=\"og:url\" content=\"https:\/\/chesse.org\/fi\/lainsaadanto\/\" \/>\n<meta property=\"og:site_name\" content=\"Chemical Safety in Science Education\" \/>\n<meta property=\"article:modified_time\" content=\"2022-12-15T09:25:33+00:00\" \/>\n<meta property=\"og:image\" content=\"https:\/\/chesse.org\/wp-content\/uploads\/2022\/06\/chesse-sharing.png\" \/>\n\t<meta property=\"og:image:width\" content=\"1200\" \/>\n\t<meta property=\"og:image:height\" content=\"630\" \/>\n\t<meta property=\"og:image:type\" content=\"image\/png\" \/>\n<meta name=\"twitter:card\" content=\"summary_large_image\" \/>\n<script type=\"application\/ld+json\" class=\"yoast-schema-graph\">{\"@context\":\"https:\\\/\\\/schema.org\",\"@graph\":[{\"@type\":\"WebPage\",\"@id\":\"https:\\\/\\\/chesse.org\\\/fi\\\/lainsaadanto\\\/\",\"url\":\"https:\\\/\\\/chesse.org\\\/fi\\\/lainsaadanto\\\/\",\"name\":\"Lains\u00e4\u00e4d\u00e4nt\u00f6 &#8211; Chemical Safety in Science Education\",\"isPartOf\":{\"@id\":\"https:\\\/\\\/chesse.org\\\/fi\\\/#website\"},\"datePublished\":\"2022-11-07T12:25:54+00:00\",\"dateModified\":\"2022-12-15T09:25:33+00:00\",\"description\":\"Yhteenveto kemikaalilains\u00e4\u00e4d\u00e4nn\u00f6st\u00e4, joka k\u00e4sittelee kemikaalien k\u00e4ytt\u00f6\u00e4 Euroopan kouluissa.\",\"breadcrumb\":{\"@id\":\"https:\\\/\\\/chesse.org\\\/fi\\\/lainsaadanto\\\/#breadcrumb\"},\"inLanguage\":\"fi\",\"potentialAction\":[{\"@type\":\"ReadAction\",\"target\":[\"https:\\\/\\\/chesse.org\\\/fi\\\/lainsaadanto\\\/\"]}]},{\"@type\":\"BreadcrumbList\",\"@id\":\"https:\\\/\\\/chesse.org\\\/fi\\\/lainsaadanto\\\/#breadcrumb\",\"itemListElement\":[{\"@type\":\"ListItem\",\"position\":1,\"name\":\"Etusivu\",\"item\":\"https:\\\/\\\/chesse.org\\\/fi\\\/\"},{\"@type\":\"ListItem\",\"position\":2,\"name\":\"Lains\u00e4\u00e4d\u00e4nt\u00f6\"}]},{\"@type\":\"WebSite\",\"@id\":\"https:\\\/\\\/chesse.org\\\/fi\\\/#website\",\"url\":\"https:\\\/\\\/chesse.org\\\/fi\\\/\",\"name\":\"Chemical Safety in Science Education\",\"description\":\"Condensed, up-to date information for science and chemistry teachers, head of schools and science teacher educators.\",\"publisher\":{\"@id\":\"https:\\\/\\\/chesse.org\\\/fi\\\/#organization\"},\"potentialAction\":[{\"@type\":\"SearchAction\",\"target\":{\"@type\":\"EntryPoint\",\"urlTemplate\":\"https:\\\/\\\/chesse.org\\\/fi\\\/?s={search_term_string}\"},\"query-input\":{\"@type\":\"PropertyValueSpecification\",\"valueRequired\":true,\"valueName\":\"search_term_string\"}}],\"inLanguage\":\"fi\"},{\"@type\":\"Organization\",\"@id\":\"https:\\\/\\\/chesse.org\\\/fi\\\/#organization\",\"name\":\"Online resources for Chemical Safety in Science Education\",\"url\":\"https:\\\/\\\/chesse.org\\\/fi\\\/\",\"logo\":{\"@type\":\"ImageObject\",\"inLanguage\":\"fi\",\"@id\":\"https:\\\/\\\/chesse.org\\\/fi\\\/#\\\/schema\\\/logo\\\/image\\\/\",\"url\":\"https:\\\/\\\/chesse.org\\\/wp-content\\\/uploads\\\/2020\\\/10\\\/CheSSE_logo-01.svg\",\"contentUrl\":\"https:\\\/\\\/chesse.org\\\/wp-content\\\/uploads\\\/2020\\\/10\\\/CheSSE_logo-01.svg\",\"width\":350,\"height\":100,\"caption\":\"Online resources for Chemical Safety in Science Education\"},\"image\":{\"@id\":\"https:\\\/\\\/chesse.org\\\/fi\\\/#\\\/schema\\\/logo\\\/image\\\/\"}}]}<\/script>\n<!-- \/ Yoast SEO plugin. -->","yoast_head_json":{"title":"Lains\u00e4\u00e4d\u00e4nt\u00f6 &#8211; Chemical Safety in Science Education","description":"Yhteenveto kemikaalilains\u00e4\u00e4d\u00e4nn\u00f6st\u00e4, joka k\u00e4sittelee kemikaalien k\u00e4ytt\u00f6\u00e4 Euroopan kouluissa.","robots":{"index":"index","follow":"follow","max-snippet":"max-snippet:-1","max-image-preview":"max-image-preview:large","max-video-preview":"max-video-preview:-1"},"canonical":"https:\/\/chesse.org\/fi\/lainsaadanto\/","og_locale":"fi_FI","og_type":"article","og_title":"Lains\u00e4\u00e4d\u00e4nt\u00f6 &#8211; Chemical Safety in Science Education","og_description":"Yhteenveto kemikaalilains\u00e4\u00e4d\u00e4nn\u00f6st\u00e4, joka k\u00e4sittelee kemikaalien k\u00e4ytt\u00f6\u00e4 Euroopan kouluissa.","og_url":"https:\/\/chesse.org\/fi\/lainsaadanto\/","og_site_name":"Chemical Safety in Science Education","article_modified_time":"2022-12-15T09:25:33+00:00","og_image":[{"width":1200,"height":630,"url":"https:\/\/chesse.org\/wp-content\/uploads\/2022\/06\/chesse-sharing.png","type":"image\/png"}],"twitter_card":"summary_large_image","schema":{"@context":"https:\/\/schema.org","@graph":[{"@type":"WebPage","@id":"https:\/\/chesse.org\/fi\/lainsaadanto\/","url":"https:\/\/chesse.org\/fi\/lainsaadanto\/","name":"Lains\u00e4\u00e4d\u00e4nt\u00f6 &#8211; Chemical Safety in Science Education","isPartOf":{"@id":"https:\/\/chesse.org\/fi\/#website"},"datePublished":"2022-11-07T12:25:54+00:00","dateModified":"2022-12-15T09:25:33+00:00","description":"Yhteenveto kemikaalilains\u00e4\u00e4d\u00e4nn\u00f6st\u00e4, joka k\u00e4sittelee kemikaalien k\u00e4ytt\u00f6\u00e4 Euroopan kouluissa.","breadcrumb":{"@id":"https:\/\/chesse.org\/fi\/lainsaadanto\/#breadcrumb"},"inLanguage":"fi","potentialAction":[{"@type":"ReadAction","target":["https:\/\/chesse.org\/fi\/lainsaadanto\/"]}]},{"@type":"BreadcrumbList","@id":"https:\/\/chesse.org\/fi\/lainsaadanto\/#breadcrumb","itemListElement":[{"@type":"ListItem","position":1,"name":"Etusivu","item":"https:\/\/chesse.org\/fi\/"},{"@type":"ListItem","position":2,"name":"Lains\u00e4\u00e4d\u00e4nt\u00f6"}]},{"@type":"WebSite","@id":"https:\/\/chesse.org\/fi\/#website","url":"https:\/\/chesse.org\/fi\/","name":"Chemical Safety in Science Education","description":"Condensed, up-to date information for science and chemistry teachers, head of schools and science teacher educators.","publisher":{"@id":"https:\/\/chesse.org\/fi\/#organization"},"potentialAction":[{"@type":"SearchAction","target":{"@type":"EntryPoint","urlTemplate":"https:\/\/chesse.org\/fi\/?s={search_term_string}"},"query-input":{"@type":"PropertyValueSpecification","valueRequired":true,"valueName":"search_term_string"}}],"inLanguage":"fi"},{"@type":"Organization","@id":"https:\/\/chesse.org\/fi\/#organization","name":"Online resources for Chemical Safety in Science Education","url":"https:\/\/chesse.org\/fi\/","logo":{"@type":"ImageObject","inLanguage":"fi","@id":"https:\/\/chesse.org\/fi\/#\/schema\/logo\/image\/","url":"https:\/\/chesse.org\/wp-content\/uploads\/2020\/10\/CheSSE_logo-01.svg","contentUrl":"https:\/\/chesse.org\/wp-content\/uploads\/2020\/10\/CheSSE_logo-01.svg","width":350,"height":100,"caption":"Online resources for Chemical Safety in Science Education"},"image":{"@id":"https:\/\/chesse.org\/fi\/#\/schema\/logo\/image\/"}}]}},"_links":{"self":[{"href":"https:\/\/chesse.org\/fi\/wp-json\/wp\/v2\/pages\/10817","targetHints":{"allow":["GET"]}}],"collection":[{"href":"https:\/\/chesse.org\/fi\/wp-json\/wp\/v2\/pages"}],"about":[{"href":"https:\/\/chesse.org\/fi\/wp-json\/wp\/v2\/types\/page"}],"author":[{"embeddable":true,"href":"https:\/\/chesse.org\/fi\/wp-json\/wp\/v2\/users\/53"}],"replies":[{"embeddable":true,"href":"https:\/\/chesse.org\/fi\/wp-json\/wp\/v2\/comments?post=10817"}],"version-history":[{"count":38,"href":"https:\/\/chesse.org\/fi\/wp-json\/wp\/v2\/pages\/10817\/revisions"}],"predecessor-version":[{"id":12497,"href":"https:\/\/chesse.org\/fi\/wp-json\/wp\/v2\/pages\/10817\/revisions\/12497"}],"wp:attachment":[{"href":"https:\/\/chesse.org\/fi\/wp-json\/wp\/v2\/media?parent=10817"}],"curies":[{"name":"wp","href":"https:\/\/api.w.org\/{rel}","templated":true}]}}