{"id":11193,"date":"2022-11-14T15:22:03","date_gmt":"2022-11-14T14:22:03","guid":{"rendered":"https:\/\/chesse.org\/sivustokartta\/"},"modified":"2026-02-24T10:36:12","modified_gmt":"2026-02-24T09:36:12","slug":"sivustokartta","status":"publish","type":"page","link":"https:\/\/chesse.org\/fi\/sivustokartta\/","title":{"rendered":"Sivustokartta"},"content":{"rendered":"\t\t<div data-elementor-type=\"wp-page\" data-elementor-id=\"11193\" class=\"elementor elementor-11193 elementor-37\" data-elementor-post-type=\"page\">\n\t\t\t\t\t\t<section class=\"elementor-section elementor-top-section elementor-element elementor-element-a9351ac elementor-section-boxed elementor-section-height-default elementor-section-height-default\" data-id=\"a9351ac\" data-element_type=\"section\" data-e-type=\"section\">\n\t\t\t\t\t\t<div class=\"elementor-container elementor-column-gap-default\">\n\t\t\t\t\t<div class=\"elementor-column elementor-col-100 elementor-top-column elementor-element elementor-element-f3c5056\" data-id=\"f3c5056\" data-element_type=\"column\" data-e-type=\"column\">\n\t\t\t<div class=\"elementor-widget-wrap elementor-element-populated\">\n\t\t\t\t\t\t<div class=\"elementor-element elementor-element-eeea7f4 elementor-widget elementor-widget-sitemap\" data-id=\"eeea7f4\" data-element_type=\"widget\" data-e-type=\"widget\" data-widget_type=\"sitemap.default\">\n\t\t\t\t<div class=\"elementor-widget-container\">\n\t\t\t\t\t<div class=\"elementor-sitemap-wrap\"><div class=\"elementor-sitemap-section\"><h2 class=\"elementor-sitemap-title elementor-sitemap-page-title\">Sivut<\/h2><ul class=\"elementor-sitemap-list elementor-sitemap-page-list\"><li class=\"elementor-sitemap-item elementor-sitemap-item-page page_item page-item-12094\"><a href=\"https:\/\/chesse.org\/fi\/velvollisuudet-kaytanteet-ja-koulutus\/\">Velvollisuudet, k\u00e4yt\u00e4nteet ja koulutus<\/a><ul class='children'><li class=\"elementor-sitemap-item elementor-sitemap-item-page page_item page-item-12098\"><a href=\"https:\/\/chesse.org\/fi\/velvollisuudet-kaytanteet-ja-koulutus\/lakisaateiset-velvollisuudet\/\">Lakis\u00e4\u00e4teiset velvollisuudet<\/a><\/li><li class=\"elementor-sitemap-item elementor-sitemap-item-page page_item page-item-12073\"><a href=\"https:\/\/chesse.org\/fi\/velvollisuudet-kaytanteet-ja-koulutus\/kemikaaliturvallisuuskaytanteet\/\">Kemikaaliturvallisuusk\u00e4yt\u00e4nteet<\/a><\/li><li class=\"elementor-sitemap-item elementor-sitemap-item-page page_item page-item-12142\"><a href=\"https:\/\/chesse.org\/fi\/velvollisuudet-kaytanteet-ja-koulutus\/kemikaaliturvallisuuskoulutus\/\">Kemikaaliturvallisuuskoulutus<\/a><\/li><\/ul><\/li><li class=\"elementor-sitemap-item elementor-sitemap-item-page page_item page-item-12150\"><a href=\"https:\/\/chesse.org\/fi\/riskien-arviointi-ja-korvaaminen\/\">Riskien arviointi ja korvaaminen<\/a><ul class='children'><li class=\"elementor-sitemap-item elementor-sitemap-item-page page_item page-item-12377\"><a href=\"https:\/\/chesse.org\/fi\/riskien-arviointi-ja-korvaaminen\/riskien-arviointi\/\">Riskien arviointi<\/a><\/li><li class=\"elementor-sitemap-item elementor-sitemap-item-page page_item page-item-12154\"><a href=\"https:\/\/chesse.org\/fi\/riskien-arviointi-ja-korvaaminen\/korvaaminen\/\">Korvaaminen<\/a><\/li><\/ul><\/li><li class=\"elementor-sitemap-item elementor-sitemap-item-page page_item page-item-12451\"><a href=\"https:\/\/chesse.org\/fi\/merkinta-sailytys-ja-jatteenkasittely\/\">Merkint\u00e4, s\u00e4ilytys ja j\u00e4tteenk\u00e4sittely<\/a><ul class='children'><li class=\"elementor-sitemap-item elementor-sitemap-item-page page_item page-item-12394\"><a href=\"https:\/\/chesse.org\/fi\/merkinta-sailytys-ja-jatteenkasittely\/merkitseminen\/\">Merkitseminen<\/a><\/li><li class=\"elementor-sitemap-item elementor-sitemap-item-page page_item page-item-12398\"><a href=\"https:\/\/chesse.org\/fi\/merkinta-sailytys-ja-jatteenkasittely\/sailytys\/\">S\u00e4ilytys<\/a><\/li><li class=\"elementor-sitemap-item elementor-sitemap-item-page page_item page-item-12403\"><a href=\"https:\/\/chesse.org\/fi\/merkinta-sailytys-ja-jatteenkasittely\/jatteenkasittely\/\">J\u00e4tteenk\u00e4sittely<\/a><\/li><\/ul><\/li><li class=\"elementor-sitemap-item elementor-sitemap-item-page page_item page-item-10817\"><a href=\"https:\/\/chesse.org\/fi\/lainsaadanto\/\">Lains\u00e4\u00e4d\u00e4nt\u00f6<\/a><ul class='children'><li class=\"elementor-sitemap-item elementor-sitemap-item-page page_item page-item-10782\"><a href=\"https:\/\/chesse.org\/fi\/lainsaadanto\/katsaus-euroopan-kemikaalilainsaadantoon\/\">Katsaus Euroopan kemikaali-lain-s\u00e4\u00e4d\u00e4nt\u00f6\u00f6n<\/a><\/li><li class=\"elementor-sitemap-item elementor-sitemap-item-page page_item page-item-10724\"><a href=\"https:\/\/chesse.org\/fi\/lainsaadanto\/lainsaadanto-kemikaalien-luokituksesta-ja-merkinnoista\/\">Lains\u00e4\u00e4d\u00e4nt\u00f6 kemikaalien luokituksesta ja merkinn\u00f6ist\u00e4<\/a><\/li><li class=\"elementor-sitemap-item elementor-sitemap-item-page page_item page-item-10786\"><a href=\"https:\/\/chesse.org\/fi\/lainsaadanto\/kemikaalien-kayttoa-rajoittava-lainsaadanto\/\">Kemikaalien k\u00e4ytt\u00f6\u00e4 rajoittava lains\u00e4\u00e4d\u00e4nt\u00f6<\/a><\/li><li class=\"elementor-sitemap-item elementor-sitemap-item-page page_item page-item-10790\"><a href=\"https:\/\/chesse.org\/fi\/lainsaadanto\/jatelainsaadanto\/\">J\u00e4telains\u00e4\u00e4d\u00e4nt\u00f6<\/a><\/li><li class=\"elementor-sitemap-item elementor-sitemap-item-page page_item page-item-10798\"><a href=\"https:\/\/chesse.org\/fi\/lainsaadanto\/tyoterveys-ja-tyoturvallisuuslainsaadanto\/\">Ty\u00f6terveys- ja ty\u00f6turvallisuuslains\u00e4\u00e4d\u00e4nt\u00f6<\/a><\/li><li class=\"elementor-sitemap-item elementor-sitemap-item-page page_item page-item-10800\"><a href=\"https:\/\/chesse.org\/fi\/lainsaadanto\/kansalliset-erityislainsaadannot\/\">Kansalliset erityislains\u00e4\u00e4d\u00e4nn\u00f6t<\/a><\/li><\/ul><\/li><li class=\"elementor-sitemap-item elementor-sitemap-item-page page_item page-item-12384\"><a href=\"https:\/\/chesse.org\/fi\/vihrea-kemia\/\">Vihre\u00e4 kemia<\/a><ul class='children'><li class=\"elementor-sitemap-item elementor-sitemap-item-page page_item page-item-14246\"><a href=\"https:\/\/chesse.org\/fi\/vihrea-kemia\/mita-on-vihrea-kemia\/\">Mit\u00e4 on vihre\u00e4 kemia?<\/a><\/li><li class=\"elementor-sitemap-item elementor-sitemap-item-page page_item page-item-14250\"><a href=\"https:\/\/chesse.org\/fi\/vihrea-kemia\/vihreaan-kemiaa-kasittelevia-kokeellisia-toita\/\">Vihre\u00e4\u00e4 kemiaa k\u00e4sittelevi\u00e4 kokeellisia t\u00f6it\u00e4<\/a><\/li><\/ul><\/li><li class=\"elementor-sitemap-item elementor-sitemap-item-page page_item page-item-12411\"><a href=\"https:\/\/chesse.org\/fi\/tarkistuslistat-ja-tyokalut\/\">Tarkistuslistat ja ty\u00f6kalut<\/a><\/li><\/ul><\/div><\/div>\t\t\t\t<\/div>\n\t\t\t\t<\/div>\n\t\t\t\t\t<\/div>\n\t\t<\/div>\n\t\t\t\t\t<\/div>\n\t\t<\/section>\n\t\t\t\t<\/div>\n\t\t","protected":false},"excerpt":{"rendered":"","protected":false},"author":43,"featured_media":0,"parent":0,"menu_order":12,"comment_status":"closed","ping_status":"closed","template":"","meta":{"footnotes":""},"class_list":["post-11193","page","type-page","status-publish","hentry"],"yoast_head":"<!-- This site is optimized with the Yoast SEO plugin v27.3 - https:\/\/yoast.com\/product\/yoast-seo-wordpress\/ -->\n<title>Sivustokartta &#8211; Chemical Safety in Science Education<\/title>\n<meta name=\"robots\" content=\"index, follow, max-snippet:-1, max-image-preview:large, max-video-preview:-1\" \/>\n<link rel=\"canonical\" href=\"https:\/\/chesse.org\/fi\/sivustokartta\/\" \/>\n<meta property=\"og:locale\" content=\"fi_FI\" \/>\n<meta property=\"og:type\" content=\"article\" \/>\n<meta property=\"og:title\" content=\"Sivustokartta &#8211; Chemical Safety in Science Education\" \/>\n<meta property=\"og:url\" content=\"https:\/\/chesse.org\/fi\/sivustokartta\/\" \/>\n<meta property=\"og:site_name\" content=\"Chemical Safety in Science Education\" \/>\n<meta property=\"article:modified_time\" content=\"2026-02-24T09:36:12+00:00\" \/>\n<meta property=\"og:image\" content=\"https:\/\/chesse.org\/wp-content\/uploads\/2022\/06\/chesse-sharing.png\" \/>\n\t<meta property=\"og:image:width\" content=\"1200\" \/>\n\t<meta property=\"og:image:height\" content=\"630\" \/>\n\t<meta property=\"og:image:type\" content=\"image\/png\" \/>\n<meta name=\"twitter:card\" content=\"summary_large_image\" \/>\n<script type=\"application\/ld+json\" class=\"yoast-schema-graph\">{\"@context\":\"https:\\\/\\\/schema.org\",\"@graph\":[{\"@type\":\"WebPage\",\"@id\":\"https:\\\/\\\/chesse.org\\\/fi\\\/sivustokartta\\\/\",\"url\":\"https:\\\/\\\/chesse.org\\\/fi\\\/sivustokartta\\\/\",\"name\":\"Sivustokartta &#8211; Chemical Safety in Science Education\",\"isPartOf\":{\"@id\":\"https:\\\/\\\/chesse.org\\\/fi\\\/#website\"},\"datePublished\":\"2022-11-14T14:22:03+00:00\",\"dateModified\":\"2026-02-24T09:36:12+00:00\",\"breadcrumb\":{\"@id\":\"https:\\\/\\\/chesse.org\\\/fi\\\/sivustokartta\\\/#breadcrumb\"},\"inLanguage\":\"fi\",\"potentialAction\":[{\"@type\":\"ReadAction\",\"target\":[\"https:\\\/\\\/chesse.org\\\/fi\\\/sivustokartta\\\/\"]}]},{\"@type\":\"BreadcrumbList\",\"@id\":\"https:\\\/\\\/chesse.org\\\/fi\\\/sivustokartta\\\/#breadcrumb\",\"itemListElement\":[{\"@type\":\"ListItem\",\"position\":1,\"name\":\"Etusivu\",\"item\":\"https:\\\/\\\/chesse.org\\\/fi\\\/\"},{\"@type\":\"ListItem\",\"position\":2,\"name\":\"Sivustokartta\"}]},{\"@type\":\"WebSite\",\"@id\":\"https:\\\/\\\/chesse.org\\\/fi\\\/#website\",\"url\":\"https:\\\/\\\/chesse.org\\\/fi\\\/\",\"name\":\"Chemical Safety in Science Education\",\"description\":\"Condensed, up-to date information for science and chemistry teachers, head of schools and science teacher educators.\",\"publisher\":{\"@id\":\"https:\\\/\\\/chesse.org\\\/fi\\\/#organization\"},\"potentialAction\":[{\"@type\":\"SearchAction\",\"target\":{\"@type\":\"EntryPoint\",\"urlTemplate\":\"https:\\\/\\\/chesse.org\\\/fi\\\/?s={search_term_string}\"},\"query-input\":{\"@type\":\"PropertyValueSpecification\",\"valueRequired\":true,\"valueName\":\"search_term_string\"}}],\"inLanguage\":\"fi\"},{\"@type\":\"Organization\",\"@id\":\"https:\\\/\\\/chesse.org\\\/fi\\\/#organization\",\"name\":\"Online resources for Chemical Safety in Science Education\",\"url\":\"https:\\\/\\\/chesse.org\\\/fi\\\/\",\"logo\":{\"@type\":\"ImageObject\",\"inLanguage\":\"fi\",\"@id\":\"https:\\\/\\\/chesse.org\\\/fi\\\/#\\\/schema\\\/logo\\\/image\\\/\",\"url\":\"https:\\\/\\\/chesse.org\\\/wp-content\\\/uploads\\\/2020\\\/10\\\/CheSSE_logo-01.svg\",\"contentUrl\":\"https:\\\/\\\/chesse.org\\\/wp-content\\\/uploads\\\/2020\\\/10\\\/CheSSE_logo-01.svg\",\"width\":350,\"height\":100,\"caption\":\"Online resources for Chemical Safety in Science Education\"},\"image\":{\"@id\":\"https:\\\/\\\/chesse.org\\\/fi\\\/#\\\/schema\\\/logo\\\/image\\\/\"}}]}<\/script>\n<!-- \/ Yoast SEO plugin. -->","yoast_head_json":{"title":"Sivustokartta &#8211; Chemical Safety in Science Education","robots":{"index":"index","follow":"follow","max-snippet":"max-snippet:-1","max-image-preview":"max-image-preview:large","max-video-preview":"max-video-preview:-1"},"canonical":"https:\/\/chesse.org\/fi\/sivustokartta\/","og_locale":"fi_FI","og_type":"article","og_title":"Sivustokartta &#8211; Chemical Safety in Science Education","og_url":"https:\/\/chesse.org\/fi\/sivustokartta\/","og_site_name":"Chemical Safety in Science Education","article_modified_time":"2026-02-24T09:36:12+00:00","og_image":[{"width":1200,"height":630,"url":"https:\/\/chesse.org\/wp-content\/uploads\/2022\/06\/chesse-sharing.png","type":"image\/png"}],"twitter_card":"summary_large_image","schema":{"@context":"https:\/\/schema.org","@graph":[{"@type":"WebPage","@id":"https:\/\/chesse.org\/fi\/sivustokartta\/","url":"https:\/\/chesse.org\/fi\/sivustokartta\/","name":"Sivustokartta &#8211; Chemical Safety in Science Education","isPartOf":{"@id":"https:\/\/chesse.org\/fi\/#website"},"datePublished":"2022-11-14T14:22:03+00:00","dateModified":"2026-02-24T09:36:12+00:00","breadcrumb":{"@id":"https:\/\/chesse.org\/fi\/sivustokartta\/#breadcrumb"},"inLanguage":"fi","potentialAction":[{"@type":"ReadAction","target":["https:\/\/chesse.org\/fi\/sivustokartta\/"]}]},{"@type":"BreadcrumbList","@id":"https:\/\/chesse.org\/fi\/sivustokartta\/#breadcrumb","itemListElement":[{"@type":"ListItem","position":1,"name":"Etusivu","item":"https:\/\/chesse.org\/fi\/"},{"@type":"ListItem","position":2,"name":"Sivustokartta"}]},{"@type":"WebSite","@id":"https:\/\/chesse.org\/fi\/#website","url":"https:\/\/chesse.org\/fi\/","name":"Chemical Safety in Science Education","description":"Condensed, up-to date information for science and chemistry teachers, head of schools and science teacher educators.","publisher":{"@id":"https:\/\/chesse.org\/fi\/#organization"},"potentialAction":[{"@type":"SearchAction","target":{"@type":"EntryPoint","urlTemplate":"https:\/\/chesse.org\/fi\/?s={search_term_string}"},"query-input":{"@type":"PropertyValueSpecification","valueRequired":true,"valueName":"search_term_string"}}],"inLanguage":"fi"},{"@type":"Organization","@id":"https:\/\/chesse.org\/fi\/#organization","name":"Online resources for Chemical Safety in Science Education","url":"https:\/\/chesse.org\/fi\/","logo":{"@type":"ImageObject","inLanguage":"fi","@id":"https:\/\/chesse.org\/fi\/#\/schema\/logo\/image\/","url":"https:\/\/chesse.org\/wp-content\/uploads\/2020\/10\/CheSSE_logo-01.svg","contentUrl":"https:\/\/chesse.org\/wp-content\/uploads\/2020\/10\/CheSSE_logo-01.svg","width":350,"height":100,"caption":"Online resources for Chemical Safety in Science Education"},"image":{"@id":"https:\/\/chesse.org\/fi\/#\/schema\/logo\/image\/"}}]}},"_links":{"self":[{"href":"https:\/\/chesse.org\/fi\/wp-json\/wp\/v2\/pages\/11193","targetHints":{"allow":["GET"]}}],"collection":[{"href":"https:\/\/chesse.org\/fi\/wp-json\/wp\/v2\/pages"}],"about":[{"href":"https:\/\/chesse.org\/fi\/wp-json\/wp\/v2\/types\/page"}],"author":[{"embeddable":true,"href":"https:\/\/chesse.org\/fi\/wp-json\/wp\/v2\/users\/43"}],"replies":[{"embeddable":true,"href":"https:\/\/chesse.org\/fi\/wp-json\/wp\/v2\/comments?post=11193"}],"version-history":[{"count":2,"href":"https:\/\/chesse.org\/fi\/wp-json\/wp\/v2\/pages\/11193\/revisions"}],"predecessor-version":[{"id":15336,"href":"https:\/\/chesse.org\/fi\/wp-json\/wp\/v2\/pages\/11193\/revisions\/15336"}],"wp:attachment":[{"href":"https:\/\/chesse.org\/fi\/wp-json\/wp\/v2\/media?parent=11193"}],"curies":[{"name":"wp","href":"https:\/\/api.w.org\/{rel}","templated":true}]}}