{"id":12094,"date":"2022-11-30T14:36:53","date_gmt":"2022-11-30T13:36:53","guid":{"rendered":"https:\/\/chesse.org\/velvollisuudet-kaytanteet-ja-koulutus\/"},"modified":"2022-12-15T10:17:42","modified_gmt":"2022-12-15T09:17:42","slug":"velvollisuudet-kaytanteet-ja-koulutus","status":"publish","type":"page","link":"https:\/\/chesse.org\/fi\/velvollisuudet-kaytanteet-ja-koulutus\/","title":{"rendered":"Velvollisuudet, k\u00e4yt\u00e4nteet ja koulutus"},"content":{"rendered":"\t\t<div data-elementor-type=\"wp-page\" data-elementor-id=\"12094\" class=\"elementor elementor-12094 elementor-64\" data-elementor-post-type=\"page\">\n\t\t\t\t\t\t<div class=\"elementor-section elementor-top-section elementor-element elementor-element-6cf9ce6 elementor-section-boxed elementor-section-height-default elementor-section-height-default\" data-id=\"6cf9ce6\" data-element_type=\"section\" data-e-type=\"section\">\n\t\t\t\t\t\t<div class=\"elementor-container elementor-column-gap-default\">\n\t\t\t\t\t<div class=\"elementor-column elementor-col-100 elementor-top-column elementor-element elementor-element-ef91ab9\" data-id=\"ef91ab9\" data-element_type=\"column\" data-e-type=\"column\">\n\t\t\t<div class=\"elementor-widget-wrap elementor-element-populated\">\n\t\t\t\t\t\t<div class=\"elementor-element elementor-element-02472b4 standfirst elementor-widget elementor-widget-text-editor\" data-id=\"02472b4\" data-element_type=\"widget\" data-e-type=\"widget\" data-widget_type=\"text-editor.default\">\n\t\t\t\t<div class=\"elementor-widget-container\">\n\t\t\t\t\t\t\t\t\t<p>Me kaikki haluamme olla kemikaaliturvallisuuden k\u00e4rjess\u00e4, mutta monet meist\u00e4 ovat ep\u00e4varmoja, mit\u00e4 siihen tarvitaan. T\u00e4ss\u00e4 osiossa esitell\u00e4\u00e4n lakis\u00e4\u00e4teisi\u00e4 velvollisuuksia, erilaisia k\u00e4yt\u00e4nteit\u00e4 ja sopivaa koulutusta koulussa kemikaalien kanssa ty\u00f6skenteleville. <\/p>\n\t\t\t\t\t\t\t\t<\/div>\n\t\t\t\t<\/div>\n\t\t\t\t\t<\/div>\n\t\t<\/div>\n\t\t\t\t\t<\/div>\n\t\t<\/div>\n\t\t\t\t<div class=\"elementor-section elementor-top-section elementor-element elementor-element-8bc41fd subsectionpage taking-charge-section elementor-section-boxed elementor-section-height-default elementor-section-height-default\" data-id=\"8bc41fd\" data-element_type=\"section\" data-e-type=\"section\">\n\t\t\t\t\t\t<div class=\"elementor-container elementor-column-gap-no\">\n\t\t\t\t\t<div class=\"elementor-column elementor-col-100 elementor-top-column elementor-element elementor-element-bd8bd53\" data-id=\"bd8bd53\" data-element_type=\"column\" data-e-type=\"column\">\n\t\t\t<div class=\"elementor-widget-wrap elementor-element-populated\">\n\t\t\t\t\t\t<section class=\"elementor-section elementor-inner-section elementor-element elementor-element-8cd765a elementor-section-boxed elementor-section-height-default elementor-section-height-default\" data-id=\"8cd765a\" data-element_type=\"section\" data-e-type=\"section\">\n\t\t\t\t\t\t<div class=\"elementor-container elementor-column-gap-default\">\n\t\t\t\t\t<div class=\"elementor-column elementor-col-33 elementor-inner-column elementor-element elementor-element-d1fa6b7\" data-id=\"d1fa6b7\" data-element_type=\"column\" data-e-type=\"column\">\n\t\t\t<div class=\"elementor-widget-wrap elementor-element-populated\">\n\t\t\t\t\t\t<div class=\"elementor-element elementor-element-d45cc31 elementor-widget elementor-widget-button\" data-id=\"d45cc31\" data-element_type=\"widget\" data-e-type=\"widget\" data-widget_type=\"button.default\">\n\t\t\t\t<div class=\"elementor-widget-container\">\n\t\t\t\t\t\t\t\t\t<div class=\"elementor-button-wrapper\">\n\t\t\t\t\t<a class=\"elementor-button elementor-button-link elementor-size-lg\" href=\"https:\/\/chesse.org\/fi\/velvollisuudet-kaytanteet-ja-koulutus\/lakisaateiset-velvollisuudet\/\">\n\t\t\t\t\t\t<span class=\"elementor-button-content-wrapper\">\n\t\t\t\t\t\t\t\t\t<span class=\"elementor-button-text\">Lakis\u00e4\u00e4teiset velvollisuudet<\/span>\n\t\t\t\t\t<\/span>\n\t\t\t\t\t<\/a>\n\t\t\t\t<\/div>\n\t\t\t\t\t\t\t\t<\/div>\n\t\t\t\t<\/div>\n\t\t\t\t\t<\/div>\n\t\t<\/div>\n\t\t\t\t<div class=\"elementor-column elementor-col-33 elementor-inner-column elementor-element elementor-element-8393984\" data-id=\"8393984\" data-element_type=\"column\" data-e-type=\"column\">\n\t\t\t<div class=\"elementor-widget-wrap elementor-element-populated\">\n\t\t\t\t\t\t<div class=\"elementor-element elementor-element-f55ec9e elementor-widget elementor-widget-button\" data-id=\"f55ec9e\" data-element_type=\"widget\" data-e-type=\"widget\" data-widget_type=\"button.default\">\n\t\t\t\t<div class=\"elementor-widget-container\">\n\t\t\t\t\t\t\t\t\t<div class=\"elementor-button-wrapper\">\n\t\t\t\t\t<a class=\"elementor-button elementor-button-link elementor-size-lg\" href=\"https:\/\/chesse.org\/fi\/velvollisuudet-kaytanteet-ja-koulutus\/kemikaaliturvallisuuskaytanteet\/\">\n\t\t\t\t\t\t<span class=\"elementor-button-content-wrapper\">\n\t\t\t\t\t\t\t\t\t<span class=\"elementor-button-text\">Kemikaali&shy;turvallisuus&shy;k\u00e4yt\u00e4nteet<\/span>\n\t\t\t\t\t<\/span>\n\t\t\t\t\t<\/a>\n\t\t\t\t<\/div>\n\t\t\t\t\t\t\t\t<\/div>\n\t\t\t\t<\/div>\n\t\t\t\t\t<\/div>\n\t\t<\/div>\n\t\t\t\t<div class=\"elementor-column elementor-col-33 elementor-inner-column elementor-element elementor-element-96ce761\" data-id=\"96ce761\" data-element_type=\"column\" data-e-type=\"column\">\n\t\t\t<div class=\"elementor-widget-wrap elementor-element-populated\">\n\t\t\t\t\t\t<div class=\"elementor-element elementor-element-9b23dce elementor-widget elementor-widget-button\" data-id=\"9b23dce\" data-element_type=\"widget\" data-e-type=\"widget\" data-widget_type=\"button.default\">\n\t\t\t\t<div class=\"elementor-widget-container\">\n\t\t\t\t\t\t\t\t\t<div class=\"elementor-button-wrapper\">\n\t\t\t\t\t<a class=\"elementor-button elementor-button-link elementor-size-lg\" href=\"https:\/\/chesse.org\/fi\/velvollisuudet-kaytanteet-ja-koulutus\/kemikaaliturvallisuuskoulutus\/\">\n\t\t\t\t\t\t<span class=\"elementor-button-content-wrapper\">\n\t\t\t\t\t\t\t\t\t<span class=\"elementor-button-text\">Kemikaali&shy;turvallisuus&shy;koulutus<\/span>\n\t\t\t\t\t<\/span>\n\t\t\t\t\t<\/a>\n\t\t\t\t<\/div>\n\t\t\t\t\t\t\t\t<\/div>\n\t\t\t\t<\/div>\n\t\t\t\t\t<\/div>\n\t\t<\/div>\n\t\t\t\t\t<\/div>\n\t\t<\/section>\n\t\t\t\t\t<\/div>\n\t\t<\/div>\n\t\t\t\t\t<\/div>\n\t\t<\/div>\n\t\t\t\t<\/div>\n\t\t","protected":false},"excerpt":{"rendered":"<p>Me kaikki haluamme olla kemikaaliturvallisuuden k\u00e4rjess\u00e4, mutta monet meist\u00e4 ovat ep\u00e4varmoja, mit\u00e4 siihen tarvitaan. T\u00e4ss\u00e4 osiossa esitell\u00e4\u00e4n lakis\u00e4\u00e4teisi\u00e4 velvollisuuksia, erilaisia k\u00e4yt\u00e4nteit\u00e4 ja sopivaa koulutusta koulussa kemikaalien kanssa ty\u00f6skenteleville. Lakis\u00e4\u00e4teiset velvollisuudet Kemikaali&shy;turvallisuus&shy;k\u00e4yt\u00e4nteet Kemikaali&shy;turvallisuus&shy;koulutus<\/p>\n","protected":false},"author":53,"featured_media":0,"parent":0,"menu_order":0,"comment_status":"closed","ping_status":"closed","template":"","meta":{"footnotes":""},"class_list":["post-12094","page","type-page","status-publish","hentry"],"yoast_head":"<!-- This site is optimized with the Yoast SEO plugin v27.5 - https:\/\/yoast.com\/product\/yoast-seo-wordpress\/ -->\n<title>Velvollisuudet, k\u00e4yt\u00e4nteet ja koulutus &#8211; Chemical Safety in Science Education<\/title>\n<meta name=\"description\" content=\"Me kaikki haluamme olla kemikaaliturvallisuuden k\u00e4rjess\u00e4, mutta monet meist\u00e4 ovat ep\u00e4varmoja, mit\u00e4 siihen tarvitaan. T\u00e4ss\u00e4 osiossa esitell\u00e4\u00e4n lakis\u00e4\u00e4teisi\u00e4 velvollisuuksia, erilaisia k\u00e4yt\u00e4nteit\u00e4 ja sopivaa koulutusta koulussa kemikaalien kanssa ty\u00f6skenteleville.\" \/>\n<meta name=\"robots\" content=\"index, follow, max-snippet:-1, max-image-preview:large, max-video-preview:-1\" \/>\n<link rel=\"canonical\" href=\"https:\/\/chesse.org\/fi\/velvollisuudet-kaytanteet-ja-koulutus\/\" \/>\n<meta property=\"og:locale\" content=\"fi_FI\" \/>\n<meta property=\"og:type\" content=\"article\" \/>\n<meta property=\"og:title\" content=\"Velvollisuudet, k\u00e4yt\u00e4nteet ja koulutus &#8211; Chemical Safety in Science Education\" \/>\n<meta property=\"og:description\" content=\"Me kaikki haluamme olla kemikaaliturvallisuuden k\u00e4rjess\u00e4, mutta monet meist\u00e4 ovat ep\u00e4varmoja, mit\u00e4 siihen tarvitaan. T\u00e4ss\u00e4 osiossa esitell\u00e4\u00e4n lakis\u00e4\u00e4teisi\u00e4 velvollisuuksia, erilaisia k\u00e4yt\u00e4nteit\u00e4 ja sopivaa koulutusta koulussa kemikaalien kanssa ty\u00f6skenteleville.\" \/>\n<meta property=\"og:url\" content=\"https:\/\/chesse.org\/fi\/velvollisuudet-kaytanteet-ja-koulutus\/\" \/>\n<meta property=\"og:site_name\" content=\"Chemical Safety in Science Education\" \/>\n<meta property=\"article:modified_time\" content=\"2022-12-15T09:17:42+00:00\" \/>\n<meta property=\"og:image\" content=\"https:\/\/chesse.org\/wp-content\/uploads\/2022\/06\/chesse-sharing.png\" \/>\n\t<meta property=\"og:image:width\" content=\"1200\" \/>\n\t<meta property=\"og:image:height\" content=\"630\" \/>\n\t<meta property=\"og:image:type\" content=\"image\/png\" \/>\n<meta name=\"twitter:card\" content=\"summary_large_image\" \/>\n<script type=\"application\/ld+json\" class=\"yoast-schema-graph\">{\"@context\":\"https:\\\/\\\/schema.org\",\"@graph\":[{\"@type\":\"WebPage\",\"@id\":\"https:\\\/\\\/chesse.org\\\/fi\\\/velvollisuudet-kaytanteet-ja-koulutus\\\/\",\"url\":\"https:\\\/\\\/chesse.org\\\/fi\\\/velvollisuudet-kaytanteet-ja-koulutus\\\/\",\"name\":\"Velvollisuudet, k\u00e4yt\u00e4nteet ja koulutus &#8211; Chemical Safety in Science Education\",\"isPartOf\":{\"@id\":\"https:\\\/\\\/chesse.org\\\/fi\\\/#website\"},\"datePublished\":\"2022-11-30T13:36:53+00:00\",\"dateModified\":\"2022-12-15T09:17:42+00:00\",\"description\":\"Me kaikki haluamme olla kemikaaliturvallisuuden k\u00e4rjess\u00e4, mutta monet meist\u00e4 ovat ep\u00e4varmoja, mit\u00e4 siihen tarvitaan. T\u00e4ss\u00e4 osiossa esitell\u00e4\u00e4n lakis\u00e4\u00e4teisi\u00e4 velvollisuuksia, erilaisia k\u00e4yt\u00e4nteit\u00e4 ja sopivaa koulutusta koulussa kemikaalien kanssa ty\u00f6skenteleville.\",\"breadcrumb\":{\"@id\":\"https:\\\/\\\/chesse.org\\\/fi\\\/velvollisuudet-kaytanteet-ja-koulutus\\\/#breadcrumb\"},\"inLanguage\":\"fi\",\"potentialAction\":[{\"@type\":\"ReadAction\",\"target\":[\"https:\\\/\\\/chesse.org\\\/fi\\\/velvollisuudet-kaytanteet-ja-koulutus\\\/\"]}]},{\"@type\":\"BreadcrumbList\",\"@id\":\"https:\\\/\\\/chesse.org\\\/fi\\\/velvollisuudet-kaytanteet-ja-koulutus\\\/#breadcrumb\",\"itemListElement\":[{\"@type\":\"ListItem\",\"position\":1,\"name\":\"Etusivu\",\"item\":\"https:\\\/\\\/chesse.org\\\/fi\\\/\"},{\"@type\":\"ListItem\",\"position\":2,\"name\":\"Velvollisuudet, k\u00e4yt\u00e4nteet ja koulutus\"}]},{\"@type\":\"WebSite\",\"@id\":\"https:\\\/\\\/chesse.org\\\/fi\\\/#website\",\"url\":\"https:\\\/\\\/chesse.org\\\/fi\\\/\",\"name\":\"Chemical Safety in Science Education\",\"description\":\"Condensed, up-to date information for science and chemistry teachers, head of schools and science teacher educators.\",\"publisher\":{\"@id\":\"https:\\\/\\\/chesse.org\\\/fi\\\/#organization\"},\"potentialAction\":[{\"@type\":\"SearchAction\",\"target\":{\"@type\":\"EntryPoint\",\"urlTemplate\":\"https:\\\/\\\/chesse.org\\\/fi\\\/?s={search_term_string}\"},\"query-input\":{\"@type\":\"PropertyValueSpecification\",\"valueRequired\":true,\"valueName\":\"search_term_string\"}}],\"inLanguage\":\"fi\"},{\"@type\":\"Organization\",\"@id\":\"https:\\\/\\\/chesse.org\\\/fi\\\/#organization\",\"name\":\"Online resources for Chemical Safety in Science Education\",\"url\":\"https:\\\/\\\/chesse.org\\\/fi\\\/\",\"logo\":{\"@type\":\"ImageObject\",\"inLanguage\":\"fi\",\"@id\":\"https:\\\/\\\/chesse.org\\\/fi\\\/#\\\/schema\\\/logo\\\/image\\\/\",\"url\":\"https:\\\/\\\/chesse.org\\\/wp-content\\\/uploads\\\/2020\\\/10\\\/CheSSE_logo-01.svg\",\"contentUrl\":\"https:\\\/\\\/chesse.org\\\/wp-content\\\/uploads\\\/2020\\\/10\\\/CheSSE_logo-01.svg\",\"width\":350,\"height\":100,\"caption\":\"Online resources for Chemical Safety in Science Education\"},\"image\":{\"@id\":\"https:\\\/\\\/chesse.org\\\/fi\\\/#\\\/schema\\\/logo\\\/image\\\/\"}}]}<\/script>\n<!-- \/ Yoast SEO plugin. -->","yoast_head_json":{"title":"Velvollisuudet, k\u00e4yt\u00e4nteet ja koulutus &#8211; Chemical Safety in Science Education","description":"Me kaikki haluamme olla kemikaaliturvallisuuden k\u00e4rjess\u00e4, mutta monet meist\u00e4 ovat ep\u00e4varmoja, mit\u00e4 siihen tarvitaan. T\u00e4ss\u00e4 osiossa esitell\u00e4\u00e4n lakis\u00e4\u00e4teisi\u00e4 velvollisuuksia, erilaisia k\u00e4yt\u00e4nteit\u00e4 ja sopivaa koulutusta koulussa kemikaalien kanssa ty\u00f6skenteleville.","robots":{"index":"index","follow":"follow","max-snippet":"max-snippet:-1","max-image-preview":"max-image-preview:large","max-video-preview":"max-video-preview:-1"},"canonical":"https:\/\/chesse.org\/fi\/velvollisuudet-kaytanteet-ja-koulutus\/","og_locale":"fi_FI","og_type":"article","og_title":"Velvollisuudet, k\u00e4yt\u00e4nteet ja koulutus &#8211; Chemical Safety in Science Education","og_description":"Me kaikki haluamme olla kemikaaliturvallisuuden k\u00e4rjess\u00e4, mutta monet meist\u00e4 ovat ep\u00e4varmoja, mit\u00e4 siihen tarvitaan. T\u00e4ss\u00e4 osiossa esitell\u00e4\u00e4n lakis\u00e4\u00e4teisi\u00e4 velvollisuuksia, erilaisia k\u00e4yt\u00e4nteit\u00e4 ja sopivaa koulutusta koulussa kemikaalien kanssa ty\u00f6skenteleville.","og_url":"https:\/\/chesse.org\/fi\/velvollisuudet-kaytanteet-ja-koulutus\/","og_site_name":"Chemical Safety in Science Education","article_modified_time":"2022-12-15T09:17:42+00:00","og_image":[{"width":1200,"height":630,"url":"https:\/\/chesse.org\/wp-content\/uploads\/2022\/06\/chesse-sharing.png","type":"image\/png"}],"twitter_card":"summary_large_image","schema":{"@context":"https:\/\/schema.org","@graph":[{"@type":"WebPage","@id":"https:\/\/chesse.org\/fi\/velvollisuudet-kaytanteet-ja-koulutus\/","url":"https:\/\/chesse.org\/fi\/velvollisuudet-kaytanteet-ja-koulutus\/","name":"Velvollisuudet, k\u00e4yt\u00e4nteet ja koulutus &#8211; Chemical Safety in Science Education","isPartOf":{"@id":"https:\/\/chesse.org\/fi\/#website"},"datePublished":"2022-11-30T13:36:53+00:00","dateModified":"2022-12-15T09:17:42+00:00","description":"Me kaikki haluamme olla kemikaaliturvallisuuden k\u00e4rjess\u00e4, mutta monet meist\u00e4 ovat ep\u00e4varmoja, mit\u00e4 siihen tarvitaan. T\u00e4ss\u00e4 osiossa esitell\u00e4\u00e4n lakis\u00e4\u00e4teisi\u00e4 velvollisuuksia, erilaisia k\u00e4yt\u00e4nteit\u00e4 ja sopivaa koulutusta koulussa kemikaalien kanssa ty\u00f6skenteleville.","breadcrumb":{"@id":"https:\/\/chesse.org\/fi\/velvollisuudet-kaytanteet-ja-koulutus\/#breadcrumb"},"inLanguage":"fi","potentialAction":[{"@type":"ReadAction","target":["https:\/\/chesse.org\/fi\/velvollisuudet-kaytanteet-ja-koulutus\/"]}]},{"@type":"BreadcrumbList","@id":"https:\/\/chesse.org\/fi\/velvollisuudet-kaytanteet-ja-koulutus\/#breadcrumb","itemListElement":[{"@type":"ListItem","position":1,"name":"Etusivu","item":"https:\/\/chesse.org\/fi\/"},{"@type":"ListItem","position":2,"name":"Velvollisuudet, k\u00e4yt\u00e4nteet ja koulutus"}]},{"@type":"WebSite","@id":"https:\/\/chesse.org\/fi\/#website","url":"https:\/\/chesse.org\/fi\/","name":"Chemical Safety in Science Education","description":"Condensed, up-to date information for science and chemistry teachers, head of schools and science teacher educators.","publisher":{"@id":"https:\/\/chesse.org\/fi\/#organization"},"potentialAction":[{"@type":"SearchAction","target":{"@type":"EntryPoint","urlTemplate":"https:\/\/chesse.org\/fi\/?s={search_term_string}"},"query-input":{"@type":"PropertyValueSpecification","valueRequired":true,"valueName":"search_term_string"}}],"inLanguage":"fi"},{"@type":"Organization","@id":"https:\/\/chesse.org\/fi\/#organization","name":"Online resources for Chemical Safety in Science Education","url":"https:\/\/chesse.org\/fi\/","logo":{"@type":"ImageObject","inLanguage":"fi","@id":"https:\/\/chesse.org\/fi\/#\/schema\/logo\/image\/","url":"https:\/\/chesse.org\/wp-content\/uploads\/2020\/10\/CheSSE_logo-01.svg","contentUrl":"https:\/\/chesse.org\/wp-content\/uploads\/2020\/10\/CheSSE_logo-01.svg","width":350,"height":100,"caption":"Online resources for Chemical Safety in Science Education"},"image":{"@id":"https:\/\/chesse.org\/fi\/#\/schema\/logo\/image\/"}}]}},"_links":{"self":[{"href":"https:\/\/chesse.org\/fi\/wp-json\/wp\/v2\/pages\/12094","targetHints":{"allow":["GET"]}}],"collection":[{"href":"https:\/\/chesse.org\/fi\/wp-json\/wp\/v2\/pages"}],"about":[{"href":"https:\/\/chesse.org\/fi\/wp-json\/wp\/v2\/types\/page"}],"author":[{"embeddable":true,"href":"https:\/\/chesse.org\/fi\/wp-json\/wp\/v2\/users\/53"}],"replies":[{"embeddable":true,"href":"https:\/\/chesse.org\/fi\/wp-json\/wp\/v2\/comments?post=12094"}],"version-history":[{"count":25,"href":"https:\/\/chesse.org\/fi\/wp-json\/wp\/v2\/pages\/12094\/revisions"}],"predecessor-version":[{"id":12494,"href":"https:\/\/chesse.org\/fi\/wp-json\/wp\/v2\/pages\/12094\/revisions\/12494"}],"wp:attachment":[{"href":"https:\/\/chesse.org\/fi\/wp-json\/wp\/v2\/media?parent=12094"}],"curies":[{"name":"wp","href":"https:\/\/api.w.org\/{rel}","templated":true}]}}