{"id":12098,"date":"2022-11-30T14:45:06","date_gmt":"2022-11-30T13:45:06","guid":{"rendered":"https:\/\/chesse.org\/velvollisuudet-kaytanteet-ja-koulutus\/lakisaateiset-velvollisuudet\/"},"modified":"2025-06-10T13:45:00","modified_gmt":"2025-06-10T11:45:00","slug":"lakisaateiset-velvollisuudet","status":"publish","type":"page","link":"https:\/\/chesse.org\/fi\/velvollisuudet-kaytanteet-ja-koulutus\/lakisaateiset-velvollisuudet\/","title":{"rendered":"Lakis\u00e4\u00e4teiset velvollisuudet"},"content":{"rendered":"\t\t<div data-elementor-type=\"wp-page\" data-elementor-id=\"12098\" class=\"elementor elementor-12098 elementor-2086\" data-elementor-post-type=\"page\">\n\t\t\t\t\t\t<section class=\"elementor-section elementor-top-section elementor-element elementor-element-5448ac6 elementor-section-boxed elementor-section-height-default elementor-section-height-default\" data-id=\"5448ac6\" data-element_type=\"section\" data-e-type=\"section\">\n\t\t\t\t\t\t<div class=\"elementor-container elementor-column-gap-default\">\n\t\t\t\t\t<div class=\"elementor-column elementor-col-100 elementor-top-column elementor-element elementor-element-a9c8175\" data-id=\"a9c8175\" data-element_type=\"column\" data-e-type=\"column\">\n\t\t\t<div class=\"elementor-widget-wrap elementor-element-populated\">\n\t\t\t\t\t\t<div class=\"elementor-element elementor-element-8ff28ff standfirst elementor-widget elementor-widget-text-editor\" data-id=\"8ff28ff\" data-element_type=\"widget\" data-e-type=\"widget\" data-widget_type=\"text-editor.default\">\n\t\t\t\t<div class=\"elementor-widget-container\">\n\t\t\t\t\t\t\t\t\t<p>Ty\u00f6nantajalla on virallisesti velvollisuus varmistaa, ett\u00e4 opettajat ja oppijat ovat turvassa ja ett\u00e4 koulu noudattaa kemikaaliturvallisuutta koskevia lakeja ja s\u00e4\u00e4d\u00f6ksi\u00e4.<\/p>\t\t\t\t\t\t\t\t<\/div>\n\t\t\t\t<\/div>\n\t\t\t\t<div class=\"elementor-element elementor-element-984e59e elementor-toc--content-ellipsis elementor-widget elementor-widget-global elementor-global-5017 elementor-global-3097 elementor-widget-table-of-contents\" data-id=\"984e59e\" data-element_type=\"widget\" data-e-type=\"widget\" data-settings=\"{&quot;headings_by_tags&quot;:[&quot;h2&quot;,&quot;h3&quot;],&quot;exclude_headings_by_selector&quot;:&quot;.noTOC&quot;,&quot;marker_view&quot;:&quot;bullets&quot;,&quot;icon&quot;:{&quot;value&quot;:&quot;fas fa-circle&quot;,&quot;library&quot;:&quot;fa-solid&quot;},&quot;no_headings_message&quot;:&quot;No headings were found on this page.&quot;,&quot;hierarchical_view&quot;:&quot;yes&quot;,&quot;min_height&quot;:{&quot;unit&quot;:&quot;px&quot;,&quot;size&quot;:&quot;&quot;,&quot;sizes&quot;:[]},&quot;min_height_tablet&quot;:{&quot;unit&quot;:&quot;px&quot;,&quot;size&quot;:&quot;&quot;,&quot;sizes&quot;:[]},&quot;min_height_mobile&quot;:{&quot;unit&quot;:&quot;px&quot;,&quot;size&quot;:&quot;&quot;,&quot;sizes&quot;:[]}}\" data-widget_type=\"table-of-contents.default\">\n\t\t\t\t<div class=\"elementor-widget-container\">\n\t\t\t\t\t\t\t\t\t<div class=\"elementor-toc__header\">\n\t\t\t\t\t\t<div class=\"elementor-toc__header-title\">\n\t\t\t\tSis\u00e4llys\t\t\t<\/div>\n\t\t\t\t\t\t\t\t<\/div>\n\t\t\t\t<div id=\"elementor-toc__984e59e\" class=\"elementor-toc__body\">\n\t\t\t<div class=\"elementor-toc__spinner-container\">\n\t\t\t\t<i class=\"elementor-toc__spinner eicon-animation-spin eicon-loading\" aria-hidden=\"true\"><\/i>\t\t\t<\/div>\n\t\t<\/div>\n\t\t\t\t\t\t<\/div>\n\t\t\t\t<\/div>\n\t\t\t\t<div class=\"elementor-element elementor-element-e0bca9d elementor-widget elementor-widget-text-editor\" data-id=\"e0bca9d\" data-element_type=\"widget\" data-e-type=\"widget\" data-widget_type=\"text-editor.default\">\n\t\t\t\t<div class=\"elementor-widget-container\">\n\t\t\t\t\t\t\t\t\t<h2>Ty\u00f6nantajan velvollisuus<\/h2><p>Ty\u00f6nantajan edustajana rehtorilla on virallisesti velvollisuus sek\u00e4 henkil\u00f6st\u00f6n ett\u00e4 oppijoiden terveydest\u00e4 ja turvallisuudesta. T\u00e4m\u00e4 velvollisuus sis\u00e4lt\u00e4\u00e4: <\/p><ul><li>j\u00e4rjestelm\u00e4llisen dokumentoinnin, miten lain vaatimalla tavalla l\u00e4hestyt\u00e4\u00e4n kemikaaliturvallisuutta<\/li><li>varmistuksen, ett\u00e4 henkil\u00f6st\u00f6ll\u00e4 ja oppijoilla on tarvittava koulutus kemikaaliturvallisuudesta<\/li><li>kemikaaliturvallisuusty\u00f6h\u00f6n riitt\u00e4v\u00e4n ajan ja muiden resurssien osoittaminen.<\/li><\/ul><p>Rehtorien ja muiden kemikaaliturvallisuudesta virallisesti vastaavien johtajien on varmistettava systemaattinen kemikaaliturvallisuusty\u00f6. Systemattisuus takaa rutiinit, jotka varmistavat tarvittavien teht\u00e4vien jakamisen ja suorittamisen sek\u00e4 henkil\u00f6kunnan ett\u00e4 oppilaiden ty\u00f6turvallisuus koulutukset.  Ellei johtajalla ole luennontieteiden taustaa, t\u00e4m\u00e4 on todenn\u00e4k\u00f6isesti tuntematon alue.<\/p><p>Vaikka rehtorilla (ty\u00f6nantajalla) on muodollinen vastuu, h\u00e4nen ei tarvitse henkil\u00f6kohtaisesti suorittaa koulun kemikaaliturvallisuuteen liittyvi\u00e4 teht\u00e4vi\u00e4. Sen sijaan ty\u00f6nantaja voi jakaa tiettyj\u00e4 kemikaaliturvallisuuteen liittyvi\u00e4 teht\u00e4vi\u00e4 esimerkiksi luonnontieteiden tai kemian opettajalle tai muulle sopivan p\u00e4tevyyden omaavalle henkil\u00f6lle. N\u00e4ille teht\u00e4ville annetulle henkil\u00f6lle tulisi my\u00f6s antaa tarvittavat valtuudet, aika ja koulutus ty\u00f6n suorittamiseen.<\/p><h3>Teht\u00e4vien jako<\/h3><p>Kemian laboratorion hoitamisessa monet teht\u00e4v\u00e4t eiv\u00e4t sovi opettajan tavanomaiseen pedagogiseen ty\u00f6h\u00f6n. Turvallisen ty\u00f6skentelyn varmistamiseksi kemian tiloissa on hyv\u00e4 idea, ett\u00e4 koulun johto (esimerkiksi rehtori) m\u00e4\u00e4rittelee n\u00e4m\u00e4 teht\u00e4v\u00e4t kirjallisesti.<\/p><p>Esimerkkej\u00e4 kemian tilojen teht\u00e4vist\u00e4, jotka voidaan jakaa riitt\u00e4v\u00e4n p\u00e4tev\u00e4lle henkil\u00f6lle:<\/p><ul><li>ty\u00f6terveys- ja turvallisuusarvioinnin j\u00e4rjest\u00e4minen<\/li><li>Inventaation, varaston ja j\u00e4tteen hallinta<\/li><li>Laitteiden tarkastus ja huolto<\/li><\/ul><p>Kun ty\u00f6ntekij\u00e4lle m\u00e4\u00e4r\u00e4t\u00e4\u00e4n turvallisuusteht\u00e4v\u00e4, ty\u00f6nantajan vastuulla on tarjota ty\u00f6n suorittamiseen tarvittavat resurssit.<\/p><ul><li class=\"word\"><a href=\"https:\/\/chesse.org\/wp-content\/uploads\/FI_Contract-distribution-of-tasks.docx\">Malli: Sopimus kemian ja luonnontieteiden osaston teht\u00e4vien jakamisesta (Word)<\/a><\/li><li class=\"word\"><a href=\"https:\/\/chesse.org\/wp-content\/uploads\/FI_Overview-of-distributed-chemical-safety-tasks.docx\">Malli: Yleiskatsaus jaetuista kemikaaliturvallisuusteht\u00e4vist\u00e4 (Word)<\/a><\/li><\/ul>\t\t\t\t\t\t\t\t<\/div>\n\t\t\t\t<\/div>\n\t\t\t\t<div class=\"elementor-element elementor-element-1ef0ea5 elementor-widget elementor-widget-text-editor\" data-id=\"1ef0ea5\" data-element_type=\"widget\" data-e-type=\"widget\" data-widget_type=\"text-editor.default\">\n\t\t\t\t<div class=\"elementor-widget-container\">\n\t\t\t\t\t\t\t\t\t<h2>Opettajien ja oppijoiden velvollisuudet<\/h2><p>Sek\u00e4 opettajat ett\u00e4 oppijat ovat vastuussa yhteisty\u00f6st\u00e4 ty\u00f6nantajan kanssa turvallisten ty\u00f6olojen varmistamiseksi. T\u00e4m\u00e4 tarkoittaa ty\u00f6skentely\u00e4 mahdollisimman turvallisesti ja annettujen ohjeiden noudattamista. <\/p><p>Opettajat ovat my\u00f6s velvollisia ilmoittamaan ty\u00f6nantajalle mahdollisista turvallisuusj\u00e4rjestelyjen puutteista.<\/p>\t\t\t\t\t\t\t\t<\/div>\n\t\t\t\t<\/div>\n\t\t\t\t<div class=\"elementor-element elementor-element-3c9b9e1 linkBox elementor-widget elementor-widget-text-editor\" data-id=\"3c9b9e1\" data-element_type=\"widget\" data-e-type=\"widget\" data-widget_type=\"text-editor.default\">\n\t\t\t\t<div class=\"elementor-widget-container\">\n\t\t\t\t\t\t\t\t\t<h2>Lis\u00e4tietoa<\/h2><p><a href=\"https:\/\/chesse.org\/fi\/lainsaadanto\/\">Lains\u00e4\u00e4d\u00e4nt\u00f6, jolla s\u00e4\u00e4det\u00e4\u00e4n kemikaalien k\u00e4ytt\u00f6\u00e4.<\/a><em><br><\/em><\/p>\t\t\t\t\t\t\t\t<\/div>\n\t\t\t\t<\/div>\n\t\t\t\t\t<\/div>\n\t\t<\/div>\n\t\t\t\t\t<\/div>\n\t\t<\/section>\n\t\t\t\t<\/div>\n\t\t","protected":false},"excerpt":{"rendered":"<p>Ty\u00f6nantajalla on virallisesti velvollisuus varmistaa, ett\u00e4 opettajat ja oppijat ovat turvassa ja ett\u00e4 koulu noudattaa kemikaaliturvallisuutta koskevia lakeja ja s\u00e4\u00e4d\u00f6ksi\u00e4. Table of Contents Ty\u00f6nantajan velvollisuus Ty\u00f6nantajan edustajana rehtorilla on virallisesti velvollisuus sek\u00e4 henkil\u00f6st\u00f6n ett\u00e4 oppijoiden terveydest\u00e4 ja turvallisuudesta. T\u00e4m\u00e4 velvollisuus sis\u00e4lt\u00e4\u00e4: j\u00e4rjestelm\u00e4llisen dokumentoinnin, miten lain vaatimalla tavalla l\u00e4hestyt\u00e4\u00e4n kemikaaliturvallisuutta varmistuksen, ett\u00e4 henkil\u00f6st\u00f6ll\u00e4 ja oppijoilla on &hellip; <a href=\"https:\/\/chesse.org\/fi\/velvollisuudet-kaytanteet-ja-koulutus\/lakisaateiset-velvollisuudet\/\" class=\"more-link\">Jatka lukemista <span class=\"screen-reader-text\">Lakis\u00e4\u00e4teiset velvollisuudet<\/span> <span class=\"meta-nav\">&rarr;<\/span><\/a><\/p>\n","protected":false},"author":43,"featured_media":0,"parent":12094,"menu_order":0,"comment_status":"closed","ping_status":"closed","template":"","meta":{"footnotes":""},"class_list":["post-12098","page","type-page","status-publish","hentry"],"yoast_head":"<!-- This site is optimized with the Yoast SEO plugin v27.5 - https:\/\/yoast.com\/product\/yoast-seo-wordpress\/ -->\n<title>Lakis\u00e4\u00e4teiset velvollisuudet &#8211; Chemical Safety in Science Education<\/title>\n<meta name=\"description\" content=\"Ty\u00f6nantajalla on virallisesti velvollisuus varmistaa, ett\u00e4 opettajat ja oppijat ovat turvassa ja ett\u00e4 koulu noudattaa kemikaaliturvallisuutta koskevia lakeja ja s\u00e4\u00e4d\u00f6ksi\u00e4.\" \/>\n<meta name=\"robots\" content=\"index, follow, max-snippet:-1, max-image-preview:large, max-video-preview:-1\" \/>\n<link rel=\"canonical\" href=\"https:\/\/chesse.org\/fi\/velvollisuudet-kaytanteet-ja-koulutus\/lakisaateiset-velvollisuudet\/\" \/>\n<meta property=\"og:locale\" content=\"fi_FI\" \/>\n<meta property=\"og:type\" content=\"article\" \/>\n<meta property=\"og:title\" content=\"Lakis\u00e4\u00e4teiset velvollisuudet &#8211; Chemical Safety in Science Education\" \/>\n<meta property=\"og:description\" content=\"Ty\u00f6nantajalla on virallisesti velvollisuus varmistaa, ett\u00e4 opettajat ja oppijat ovat turvassa ja ett\u00e4 koulu noudattaa kemikaaliturvallisuutta koskevia lakeja ja s\u00e4\u00e4d\u00f6ksi\u00e4.\" \/>\n<meta property=\"og:url\" content=\"https:\/\/chesse.org\/fi\/velvollisuudet-kaytanteet-ja-koulutus\/lakisaateiset-velvollisuudet\/\" \/>\n<meta property=\"og:site_name\" content=\"Chemical Safety in Science Education\" \/>\n<meta property=\"article:modified_time\" content=\"2025-06-10T11:45:00+00:00\" \/>\n<meta property=\"og:image\" content=\"https:\/\/chesse.org\/wp-content\/uploads\/2022\/06\/chesse-sharing.png\" \/>\n\t<meta property=\"og:image:width\" content=\"1200\" \/>\n\t<meta property=\"og:image:height\" content=\"630\" \/>\n\t<meta property=\"og:image:type\" content=\"image\/png\" \/>\n<meta name=\"twitter:card\" content=\"summary_large_image\" \/>\n<script type=\"application\/ld+json\" class=\"yoast-schema-graph\">{\"@context\":\"https:\\\/\\\/schema.org\",\"@graph\":[{\"@type\":\"WebPage\",\"@id\":\"https:\\\/\\\/chesse.org\\\/fi\\\/velvollisuudet-kaytanteet-ja-koulutus\\\/lakisaateiset-velvollisuudet\\\/\",\"url\":\"https:\\\/\\\/chesse.org\\\/fi\\\/velvollisuudet-kaytanteet-ja-koulutus\\\/lakisaateiset-velvollisuudet\\\/\",\"name\":\"Lakis\u00e4\u00e4teiset velvollisuudet &#8211; Chemical Safety in Science Education\",\"isPartOf\":{\"@id\":\"https:\\\/\\\/chesse.org\\\/fi\\\/#website\"},\"datePublished\":\"2022-11-30T13:45:06+00:00\",\"dateModified\":\"2025-06-10T11:45:00+00:00\",\"description\":\"Ty\u00f6nantajalla on virallisesti velvollisuus varmistaa, ett\u00e4 opettajat ja oppijat ovat turvassa ja ett\u00e4 koulu noudattaa kemikaaliturvallisuutta koskevia lakeja ja s\u00e4\u00e4d\u00f6ksi\u00e4.\",\"breadcrumb\":{\"@id\":\"https:\\\/\\\/chesse.org\\\/fi\\\/velvollisuudet-kaytanteet-ja-koulutus\\\/lakisaateiset-velvollisuudet\\\/#breadcrumb\"},\"inLanguage\":\"fi\",\"potentialAction\":[{\"@type\":\"ReadAction\",\"target\":[\"https:\\\/\\\/chesse.org\\\/fi\\\/velvollisuudet-kaytanteet-ja-koulutus\\\/lakisaateiset-velvollisuudet\\\/\"]}]},{\"@type\":\"BreadcrumbList\",\"@id\":\"https:\\\/\\\/chesse.org\\\/fi\\\/velvollisuudet-kaytanteet-ja-koulutus\\\/lakisaateiset-velvollisuudet\\\/#breadcrumb\",\"itemListElement\":[{\"@type\":\"ListItem\",\"position\":1,\"name\":\"Etusivu\",\"item\":\"https:\\\/\\\/chesse.org\\\/fi\\\/\"},{\"@type\":\"ListItem\",\"position\":2,\"name\":\"Velvollisuudet, k\u00e4yt\u00e4nteet ja koulutus\",\"item\":\"https:\\\/\\\/chesse.org\\\/fi\\\/velvollisuudet-kaytanteet-ja-koulutus\\\/\"},{\"@type\":\"ListItem\",\"position\":3,\"name\":\"Lakis\u00e4\u00e4teiset velvollisuudet\"}]},{\"@type\":\"WebSite\",\"@id\":\"https:\\\/\\\/chesse.org\\\/fi\\\/#website\",\"url\":\"https:\\\/\\\/chesse.org\\\/fi\\\/\",\"name\":\"Chemical Safety in Science Education\",\"description\":\"Condensed, up-to date information for science and chemistry teachers, head of schools and science teacher educators.\",\"publisher\":{\"@id\":\"https:\\\/\\\/chesse.org\\\/fi\\\/#organization\"},\"potentialAction\":[{\"@type\":\"SearchAction\",\"target\":{\"@type\":\"EntryPoint\",\"urlTemplate\":\"https:\\\/\\\/chesse.org\\\/fi\\\/?s={search_term_string}\"},\"query-input\":{\"@type\":\"PropertyValueSpecification\",\"valueRequired\":true,\"valueName\":\"search_term_string\"}}],\"inLanguage\":\"fi\"},{\"@type\":\"Organization\",\"@id\":\"https:\\\/\\\/chesse.org\\\/fi\\\/#organization\",\"name\":\"Online resources for Chemical Safety in Science Education\",\"url\":\"https:\\\/\\\/chesse.org\\\/fi\\\/\",\"logo\":{\"@type\":\"ImageObject\",\"inLanguage\":\"fi\",\"@id\":\"https:\\\/\\\/chesse.org\\\/fi\\\/#\\\/schema\\\/logo\\\/image\\\/\",\"url\":\"https:\\\/\\\/chesse.org\\\/wp-content\\\/uploads\\\/2020\\\/10\\\/CheSSE_logo-01.svg\",\"contentUrl\":\"https:\\\/\\\/chesse.org\\\/wp-content\\\/uploads\\\/2020\\\/10\\\/CheSSE_logo-01.svg\",\"width\":350,\"height\":100,\"caption\":\"Online resources for Chemical Safety in Science Education\"},\"image\":{\"@id\":\"https:\\\/\\\/chesse.org\\\/fi\\\/#\\\/schema\\\/logo\\\/image\\\/\"}}]}<\/script>\n<!-- \/ Yoast SEO plugin. -->","yoast_head_json":{"title":"Lakis\u00e4\u00e4teiset velvollisuudet &#8211; Chemical Safety in Science Education","description":"Ty\u00f6nantajalla on virallisesti velvollisuus varmistaa, ett\u00e4 opettajat ja oppijat ovat turvassa ja ett\u00e4 koulu noudattaa kemikaaliturvallisuutta koskevia lakeja ja s\u00e4\u00e4d\u00f6ksi\u00e4.","robots":{"index":"index","follow":"follow","max-snippet":"max-snippet:-1","max-image-preview":"max-image-preview:large","max-video-preview":"max-video-preview:-1"},"canonical":"https:\/\/chesse.org\/fi\/velvollisuudet-kaytanteet-ja-koulutus\/lakisaateiset-velvollisuudet\/","og_locale":"fi_FI","og_type":"article","og_title":"Lakis\u00e4\u00e4teiset velvollisuudet &#8211; Chemical Safety in Science Education","og_description":"Ty\u00f6nantajalla on virallisesti velvollisuus varmistaa, ett\u00e4 opettajat ja oppijat ovat turvassa ja ett\u00e4 koulu noudattaa kemikaaliturvallisuutta koskevia lakeja ja s\u00e4\u00e4d\u00f6ksi\u00e4.","og_url":"https:\/\/chesse.org\/fi\/velvollisuudet-kaytanteet-ja-koulutus\/lakisaateiset-velvollisuudet\/","og_site_name":"Chemical Safety in Science Education","article_modified_time":"2025-06-10T11:45:00+00:00","og_image":[{"width":1200,"height":630,"url":"https:\/\/chesse.org\/wp-content\/uploads\/2022\/06\/chesse-sharing.png","type":"image\/png"}],"twitter_card":"summary_large_image","schema":{"@context":"https:\/\/schema.org","@graph":[{"@type":"WebPage","@id":"https:\/\/chesse.org\/fi\/velvollisuudet-kaytanteet-ja-koulutus\/lakisaateiset-velvollisuudet\/","url":"https:\/\/chesse.org\/fi\/velvollisuudet-kaytanteet-ja-koulutus\/lakisaateiset-velvollisuudet\/","name":"Lakis\u00e4\u00e4teiset velvollisuudet &#8211; Chemical Safety in Science Education","isPartOf":{"@id":"https:\/\/chesse.org\/fi\/#website"},"datePublished":"2022-11-30T13:45:06+00:00","dateModified":"2025-06-10T11:45:00+00:00","description":"Ty\u00f6nantajalla on virallisesti velvollisuus varmistaa, ett\u00e4 opettajat ja oppijat ovat turvassa ja ett\u00e4 koulu noudattaa kemikaaliturvallisuutta koskevia lakeja ja s\u00e4\u00e4d\u00f6ksi\u00e4.","breadcrumb":{"@id":"https:\/\/chesse.org\/fi\/velvollisuudet-kaytanteet-ja-koulutus\/lakisaateiset-velvollisuudet\/#breadcrumb"},"inLanguage":"fi","potentialAction":[{"@type":"ReadAction","target":["https:\/\/chesse.org\/fi\/velvollisuudet-kaytanteet-ja-koulutus\/lakisaateiset-velvollisuudet\/"]}]},{"@type":"BreadcrumbList","@id":"https:\/\/chesse.org\/fi\/velvollisuudet-kaytanteet-ja-koulutus\/lakisaateiset-velvollisuudet\/#breadcrumb","itemListElement":[{"@type":"ListItem","position":1,"name":"Etusivu","item":"https:\/\/chesse.org\/fi\/"},{"@type":"ListItem","position":2,"name":"Velvollisuudet, k\u00e4yt\u00e4nteet ja koulutus","item":"https:\/\/chesse.org\/fi\/velvollisuudet-kaytanteet-ja-koulutus\/"},{"@type":"ListItem","position":3,"name":"Lakis\u00e4\u00e4teiset velvollisuudet"}]},{"@type":"WebSite","@id":"https:\/\/chesse.org\/fi\/#website","url":"https:\/\/chesse.org\/fi\/","name":"Chemical Safety in Science Education","description":"Condensed, up-to date information for science and chemistry teachers, head of schools and science teacher educators.","publisher":{"@id":"https:\/\/chesse.org\/fi\/#organization"},"potentialAction":[{"@type":"SearchAction","target":{"@type":"EntryPoint","urlTemplate":"https:\/\/chesse.org\/fi\/?s={search_term_string}"},"query-input":{"@type":"PropertyValueSpecification","valueRequired":true,"valueName":"search_term_string"}}],"inLanguage":"fi"},{"@type":"Organization","@id":"https:\/\/chesse.org\/fi\/#organization","name":"Online resources for Chemical Safety in Science Education","url":"https:\/\/chesse.org\/fi\/","logo":{"@type":"ImageObject","inLanguage":"fi","@id":"https:\/\/chesse.org\/fi\/#\/schema\/logo\/image\/","url":"https:\/\/chesse.org\/wp-content\/uploads\/2020\/10\/CheSSE_logo-01.svg","contentUrl":"https:\/\/chesse.org\/wp-content\/uploads\/2020\/10\/CheSSE_logo-01.svg","width":350,"height":100,"caption":"Online resources for Chemical Safety in Science Education"},"image":{"@id":"https:\/\/chesse.org\/fi\/#\/schema\/logo\/image\/"}}]}},"_links":{"self":[{"href":"https:\/\/chesse.org\/fi\/wp-json\/wp\/v2\/pages\/12098","targetHints":{"allow":["GET"]}}],"collection":[{"href":"https:\/\/chesse.org\/fi\/wp-json\/wp\/v2\/pages"}],"about":[{"href":"https:\/\/chesse.org\/fi\/wp-json\/wp\/v2\/types\/page"}],"author":[{"embeddable":true,"href":"https:\/\/chesse.org\/fi\/wp-json\/wp\/v2\/users\/43"}],"replies":[{"embeddable":true,"href":"https:\/\/chesse.org\/fi\/wp-json\/wp\/v2\/comments?post=12098"}],"version-history":[{"count":10,"href":"https:\/\/chesse.org\/fi\/wp-json\/wp\/v2\/pages\/12098\/revisions"}],"predecessor-version":[{"id":15945,"href":"https:\/\/chesse.org\/fi\/wp-json\/wp\/v2\/pages\/12098\/revisions\/15945"}],"up":[{"embeddable":true,"href":"https:\/\/chesse.org\/fi\/wp-json\/wp\/v2\/pages\/12094"}],"wp:attachment":[{"href":"https:\/\/chesse.org\/fi\/wp-json\/wp\/v2\/media?parent=12098"}],"curies":[{"name":"wp","href":"https:\/\/api.w.org\/{rel}","templated":true}]}}