{"id":12142,"date":"2022-12-19T22:03:00","date_gmt":"2022-12-19T21:03:00","guid":{"rendered":"https:\/\/chesse.org\/velvollisuudet-kaytanteet-ja-koulutus\/kemikaaliturvallisuuskoulutus\/"},"modified":"2025-04-10T12:19:25","modified_gmt":"2025-04-10T10:19:25","slug":"kemikaaliturvallisuuskoulutus","status":"publish","type":"page","link":"https:\/\/chesse.org\/fi\/velvollisuudet-kaytanteet-ja-koulutus\/kemikaaliturvallisuuskoulutus\/","title":{"rendered":"Kemikaaliturvallisuuskoulutus"},"content":{"rendered":"\t\t<div data-elementor-type=\"wp-page\" data-elementor-id=\"12142\" class=\"elementor elementor-12142 elementor-457\" data-elementor-post-type=\"page\">\n\t\t\t\t\t\t<section class=\"elementor-section elementor-top-section elementor-element elementor-element-0c971fc elementor-section-boxed elementor-section-height-default elementor-section-height-default\" data-id=\"0c971fc\" data-element_type=\"section\" data-e-type=\"section\">\n\t\t\t\t\t\t<div class=\"elementor-container elementor-column-gap-default\">\n\t\t\t\t\t<div class=\"elementor-column elementor-col-100 elementor-top-column elementor-element elementor-element-a620df9\" data-id=\"a620df9\" data-element_type=\"column\" data-e-type=\"column\">\n\t\t\t<div class=\"elementor-widget-wrap elementor-element-populated\">\n\t\t\t\t\t\t<div class=\"elementor-element elementor-element-776151b standfirst elementor-widget elementor-widget-text-editor\" data-id=\"776151b\" data-element_type=\"widget\" data-e-type=\"widget\" data-widget_type=\"text-editor.default\">\n\t\t\t\t<div class=\"elementor-widget-container\">\n\t\t\t\t\t\t\t\t\t<p>Kaikilta kemikaalien parissa ty\u00f6skentelevilt\u00e4 vaaditaan asianmukainen koulutus. T\u00e4m\u00e4 koskee sek\u00e4 opettajia ett\u00e4 oppijoita. <\/p>\n\t\t\t\t\t\t\t\t<\/div>\n\t\t\t\t<\/div>\n\t\t\t\t<div class=\"elementor-element elementor-element-9eb004b elementor-toc--content-ellipsis elementor-widget elementor-widget-global elementor-global-5017 elementor-global-3097 elementor-widget-table-of-contents\" data-id=\"9eb004b\" data-element_type=\"widget\" data-e-type=\"widget\" data-settings=\"{&quot;headings_by_tags&quot;:[&quot;h2&quot;,&quot;h3&quot;],&quot;exclude_headings_by_selector&quot;:&quot;.noTOC&quot;,&quot;marker_view&quot;:&quot;bullets&quot;,&quot;icon&quot;:{&quot;value&quot;:&quot;fas fa-circle&quot;,&quot;library&quot;:&quot;fa-solid&quot;},&quot;no_headings_message&quot;:&quot;No headings were found on this page.&quot;,&quot;hierarchical_view&quot;:&quot;yes&quot;,&quot;min_height&quot;:{&quot;unit&quot;:&quot;px&quot;,&quot;size&quot;:&quot;&quot;,&quot;sizes&quot;:[]},&quot;min_height_tablet&quot;:{&quot;unit&quot;:&quot;px&quot;,&quot;size&quot;:&quot;&quot;,&quot;sizes&quot;:[]},&quot;min_height_mobile&quot;:{&quot;unit&quot;:&quot;px&quot;,&quot;size&quot;:&quot;&quot;,&quot;sizes&quot;:[]}}\" data-widget_type=\"table-of-contents.default\">\n\t\t\t\t<div class=\"elementor-widget-container\">\n\t\t\t\t\t\t\t\t\t<div class=\"elementor-toc__header\">\n\t\t\t\t\t\t<div class=\"elementor-toc__header-title\">\n\t\t\t\tSis\u00e4llys\t\t\t<\/div>\n\t\t\t\t\t\t\t\t<\/div>\n\t\t\t\t<div id=\"elementor-toc__9eb004b\" class=\"elementor-toc__body\">\n\t\t\t<div class=\"elementor-toc__spinner-container\">\n\t\t\t\t<i class=\"elementor-toc__spinner eicon-animation-spin eicon-loading\" aria-hidden=\"true\"><\/i>\t\t\t<\/div>\n\t\t<\/div>\n\t\t\t\t\t\t<\/div>\n\t\t\t\t<\/div>\n\t\t\t\t<div class=\"elementor-element elementor-element-0be279b elementor-widget elementor-widget-text-editor\" data-id=\"0be279b\" data-element_type=\"widget\" data-e-type=\"widget\" data-widget_type=\"text-editor.default\">\n\t\t\t\t<div class=\"elementor-widget-container\">\n\t\t\t\t\t\t\t\t\t<h2>Opettajien koulutus<\/h2>\n<p>Opettaja tarvitsee kaksi erilaista taitoa k\u00e4sitelless\u00e4\u00e4n kemikaaleja koulussa:<\/p>\n<ul>\n<li>vaarallisten kemikaalien turvalliseen ty\u00f6skentelyyn tarvittavat tiedot ja k\u00e4yt\u00e4nn\u00f6n taidot sek\u00e4 oppijoiden opettaminen tekem\u00e4\u00e4n samoin<\/li>\n<li>kemikaaliturvallisuusteht\u00e4vien, kuten riskinarvioinnin, kemikaalien s\u00e4ilytyksen ja vaarallisten j\u00e4tteiden k\u00e4sittelyn, ty\u00f6skentelyyn tarvittavat taidot ja p\u00e4tevyys.<\/li>\n<\/ul>\n<p>Vaikka opettajat ovat saattaneet oppia ty\u00f6skentelem\u00e4\u00e4n turvallisesti vaarallisten kemikaalien kanssa osana koulutustaan, heid\u00e4n koulutuksensa kemikaalivaraston hoidossa on usein rajallista. Lis\u00e4ksi p\u00e4tevien opettajien on yll\u00e4pidett\u00e4v\u00e4 ja p\u00e4ivitett\u00e4v\u00e4 tietonsa. <\/p>\n<h3>Vastuuopettajien ty\u00f6terveys- ja turvallisuuskoulutus<\/h3>\n<p>Ty\u00f6nantajan on ty\u00f6paikalla, jossa on vaarallisia kemikaaleja, varmistettava, ett\u00e4 ty\u00f6ntekij\u00e4t ovat p\u00e4tevi\u00e4 ty\u00f6skentelem\u00e4\u00e4n turvallisesti kemikaalien kanssa. Ty\u00f6ntekij\u00f6ille, joilla on kemikaaliturvallisuuteen liittyvi\u00e4 ty\u00f6teht\u00e4vi\u00e4, on my\u00f6s annettava aikaa ja koulutusta, joka tarvitaan ty\u00f6skentelyyn varmoin ottein. T\u00e4m\u00e4 koskee my\u00f6s luonnontieteiden ja kemian opettajia sek\u00e4 heid\u00e4n ty\u00f6t\u00e4\u00e4n kemikaalien ja kemikaaliturvallisuuden parissa.  <\/p>\n<p>T\u00e4m\u00e4n koulutuksen j\u00e4rjest\u00e4miseen on useita tapoja. Joissakin maissa t\u00e4llaisia \u200b\u200bkursseja tarjoavat ty\u00f6ntekij\u00e4liitot tai yksityiset tai julkiset yritykset. Muussa tapauksessa koulutus on j\u00e4rjestett\u00e4v\u00e4 paikallisesti. T\u00e4m\u00e4 verkkosivusto kattaa kemikaaliturvallisuusty\u00f6n perusvaatimukset ja ohjeet. Sivustoa voidaan k\u00e4ytt\u00e4\u00e4 materiaalina kemikaaliturvallisuuskoulutuksessa. <\/p>\n<h3>Vaarallisten kemikaalien kanssa ty\u00f6skentely<\/h3>\n<p>Opettajien, jotka eiv\u00e4t ole varmoja ty\u00f6skentelyst\u00e4\u00e4n vaarallisten kemikaalien kanssa, on saatava asianmukainen koulutus. On t\u00e4rke\u00e4\u00e4, ett\u00e4 opettajat ja rehtori viestiv\u00e4t siit\u00e4, tarvitaanko t\u00e4llaista koulutusta. T\u00e4m\u00e4n tyyppist\u00e4 koulutusta ei k\u00e4sitell\u00e4 t\u00e4ll\u00e4 verkkosivustolla.<\/p>\n<h3>Kemikaaliturvallisuusty\u00f6n peruskoulutus opettajille<\/h3>\n<p>Kaikilla luonnontieteiden ja kemian opettajilla tulee olla perusymm\u00e4rrys kemikaaliturvallisuuteen liittyvist\u00e4 asioista. Lis\u00e4ksi heid\u00e4n tulee tuntea koulunsa kemikaaliturvallisuusk\u00e4yt\u00e4nteet.<\/p>\n\t\t\t\t\t\t\t\t<\/div>\n\t\t\t\t<\/div>\n\t\t\t\t<div class=\"elementor-element elementor-element-e1f7435 elementor-widget elementor-widget-toggle\" data-id=\"e1f7435\" data-element_type=\"widget\" data-e-type=\"widget\" data-widget_type=\"toggle.default\">\n\t\t\t\t<div class=\"elementor-widget-container\">\n\t\t\t\t\t\t\t<div class=\"elementor-toggle\">\n\t\t\t\t\t\t\t<div class=\"elementor-toggle-item\">\n\t\t\t\t\t<div id=\"elementor-tab-title-2361\" class=\"elementor-tab-title\" data-tab=\"1\" role=\"button\" aria-controls=\"elementor-tab-content-2361\" aria-expanded=\"false\">\n\t\t\t\t\t\t\t\t\t\t\t\t<span class=\"elementor-toggle-icon elementor-toggle-icon-left\" aria-hidden=\"true\">\n\t\t\t\t\t\t\t\t\t\t\t\t\t\t\t<span class=\"elementor-toggle-icon-closed\"><i class=\"fas fa-caret-right\"><\/i><\/span>\n\t\t\t\t\t\t\t\t<span class=\"elementor-toggle-icon-opened\"><i class=\"elementor-toggle-icon-opened fas fa-caret-down\"><\/i><\/span>\n\t\t\t\t\t\t\t\t\t\t\t\t\t<\/span>\n\t\t\t\t\t\t\t\t\t\t\t\t<a class=\"elementor-toggle-title\" tabindex=\"0\">Kemikaaliturvallisuuden peruskoulutuksen esimerkkisis\u00e4lt\u00f6<\/a>\n\t\t\t\t\t<\/div>\n\n\t\t\t\t\t<div id=\"elementor-tab-content-2361\" class=\"elementor-tab-content elementor-clearfix\" data-tab=\"1\" role=\"region\" aria-labelledby=\"elementor-tab-title-2361\"><p>Suosittelemme ottamaan mukaan ennakkoteht\u00e4v\u00e4n ja koulutuksen loppuprojektin, koska ty\u00f6h\u00f6n sidottu kemikaaliturvallisuustieto on merkityksellisemp\u00e4\u00e4. Voit kuitenkin my\u00f6s valita, ett\u00e4 tehd\u00e4\u00e4n vain keskimm\u00e4inen perustiedot-osio. <\/p>\n<p><strong>Koulutuksen ennakkoteht\u00e4v\u00e4<br \/><\/strong><\/p>\n<p>Kirjoita yl\u00f6s kysymyksi\u00e4, joihin haluat vastauksen koulutuksen aikana.<\/p>\n<p><strong>Perustiedot kemikaaliturvallisuudesta<\/strong><\/p>\n<p>Peruskoulutuksen tulee sis\u00e4lt\u00e4\u00e4 ainakin seuraavat aiheet:<\/p>\n<ol>\n<li>Esitt\u00e4ytyminen ja odotukset<\/li>\n<li>CheSSE.org materiaalina kemikaaliturvallisuuteen<\/li>\n<li>Lains\u00e4\u00e4d\u00e4nt\u00f6. Vaadittu ja suositeltu k\u00e4yt\u00e4nt\u00f6 <\/li>\n<li>Vastuukysymykset<\/li>\n<li>K\u00e4ytt\u00f6turvallisuustiedotteet<\/li>\n<li>Riskinarviointi<\/li>\n<li>Kemikaalien s\u00e4ilytys ja merkitseminen<\/li>\n<li>Omien liuoksien teko ja merkint\u00e4<\/li>\n<li>Vaarallisten j\u00e4tteiden k\u00e4sittely<\/li>\n<li>Opettajan vastuu laboratoriossa<\/li>\n<li>Koulun k\u00e4yt\u00e4nteet ja tiedotus<\/li>\n<li>Yhteenveto ja loppuajatukset<\/li>\n<\/ol>\n<p><strong>Koulutuksen loppuprojekti<br \/><\/strong><\/p>\n<p>Koulutuksen loppuprojekti voidaan toteuttaa itse. Yhteisty\u00f6 kollegan kanssa on kuitenkin hyv\u00e4 vaihtoehto. <\/p>\n<ol>\n<li>Tunnista koulusi kemikaaliturvallisuuteen liittyv\u00e4t asiat, jotka kaipaavat parannusta.<\/li>\n<li>Tee toimintasuunnitelma siit\u00e4, mit\u00e4 aiot tehd\u00e4 tilanteen parantamiseksi ja toteuta suunnitelma.<\/li>\n<li>Kirjoita lyhyt raportti ja jaa se ty\u00f6nantajallesi.<\/li>\n<\/ol>\n<\/div>\n\t\t\t\t<\/div>\n\t\t\t\t\t\t\t\t<\/div>\n\t\t\t\t\t\t<\/div>\n\t\t\t\t<\/div>\n\t\t\t\t<div class=\"elementor-element elementor-element-96c13cf elementor-widget elementor-widget-text-editor\" data-id=\"96c13cf\" data-element_type=\"widget\" data-e-type=\"widget\" data-widget_type=\"text-editor.default\">\n\t\t\t\t<div class=\"elementor-widget-container\">\n\t\t\t\t\t\t\t\t\t<h3>Erityiskoulutus tiettyihin teht\u00e4viin<\/h3>\n<p>Jos jollekin annetaan erityinen kemikaaliturvallisuusteht\u00e4v\u00e4, h\u00e4nelle on annettava tiedot ja p\u00e4tevyys tehd\u00e4 se riitt\u00e4v\u00e4n hyvin. Se voi liitty\u00e4 esimerkiksi kemikaaliluettelon p\u00e4ivitt\u00e4miseen. T\u00e4m\u00e4n koulutuksen voi antaa teht\u00e4v\u00e4\u00e4 aiemmin hoitanut henkil\u00f6 kurssilla tai itseopiskeluna. Olosuhteista riippumatta on t\u00e4rke\u00e4\u00e4 varata aikaa koulutukseen.<\/p>\n<p>On arvokasta, jos yksi tai useampi organisaation henkil\u00f6 saa kattavan koulutuksen kemikaaliturvallisuudesta ja voi olla voimavara kemikaaliturvallisuusasioissa.<\/p>\n<h3>Koulutuksen j\u00e4lkeinen tuki<\/h3>\n<p>Kemikaaliturvallisuustaitojen yll\u00e4pit\u00e4miseksi ja kehitt\u00e4miseksi koulun tulee pyrki\u00e4 kehitt\u00e4m\u00e4\u00e4n kemikaaliturvallisuuskulttuuria, jossa asioista voidaan keskustella kollegoiden kanssa s\u00e4\u00e4nn\u00f6llisin v\u00e4liajoin. Joissakin maissa on my\u00f6s kansallisia tai alueellisia verkostoja tai yksityisi\u00e4 tai julkisia yrityksi\u00e4, jotka tarjoavat tukea kemikaaliturvallisuuskysymyksiss\u00e4.<\/p>\n\t\t\t\t\t\t\t\t<\/div>\n\t\t\t\t<\/div>\n\t\t\t\t<div class=\"elementor-element elementor-element-9a8fe71 elementor-widget elementor-widget-text-editor\" data-id=\"9a8fe71\" data-element_type=\"widget\" data-e-type=\"widget\" data-widget_type=\"text-editor.default\">\n\t\t\t\t<div class=\"elementor-widget-container\">\n\t\t\t\t\t\t\t\t\t<h2>Oppijoiden koulutus<\/h2><p>Suosittelemme, ett\u00e4 oppijoilla on jokaisen vuoden alussa laboratorioturvallisuuden peruskurssi, joka on mukautettu ik\u00e4ryhm\u00e4n tarpeisiin ja toimintaan. T\u00e4h\u00e4n sis\u00e4ltyy kemian laboratoriossa sovellettavien s\u00e4\u00e4nt\u00f6jen oppiminen ja varoitusmerkkien lukeminen ja tulkinta. S\u00e4\u00e4nt\u00f6jen tekeminen yhdess\u00e4 oppijoiden kanssa keskustelun avulla voi helpottaa s\u00e4\u00e4nt\u00f6jen muistamista ja lis\u00e4t\u00e4 niiden noudattamista.<\/p><p>Voi olla my\u00f6s hyv\u00e4 idea kouluttaa oppijoita tiettyihin laboratoriotekniikoihin, esimerkiksi kaasupolttimien oikeaan k\u00e4ytt\u00f6\u00f6n tai pipetointitekniikoihin, jotta varmistetaan oikea k\u00e4sittely ja minimoidaan onnettomuuden riski. T\u00e4llaisissa tapauksissa oppijalle voidaan my\u00f6nt\u00e4\u00e4 todistus tai merkki todisteeksi suoritetusta koulutuksesta. T\u00e4m\u00e4 helpottaa my\u00f6s oppijan k\u00e4yt\u00e4nn\u00f6n taitojen hallinnan dokumentointia.<\/p><ul><li class=\"word\"><a href=\"https:\/\/chesse.org\/wp-content\/uploads\/FI_Routines-for-HSE-training-of-students.docx\">Malli: K\u00e4yt\u00e4nteet oppijoiden kemikaaliturvallisuuskoulutukseen (Word)<\/a><\/li><li class=\"word\"><a href=\"https:\/\/chesse.org\/wp-content\/uploads\/FI_Safety-rules-short-version.docx\">Esimerkki: Tiedeluokan turvallisuuss\u00e4\u00e4nn\u00f6t (Word)<\/a><\/li><li class=\"word\"><a href=\"https:\/\/chesse.org\/wp-content\/uploads\/FI_Safety-rules-for-the-chemistry-laboratory.docx\">Esimerkki: Kemian luokan yksityiskohtaiset turvallisuusohjeet (Word)<\/a><\/li><li class=\"word\"><a href=\"https:\/\/chesse.org\/wp-content\/uploads\/FI_Gas-burner-instructions.docx\">Malli: Kaasupolttimen ohjeistus (Word)<\/a><\/li><li class=\"word\"><a href=\"https:\/\/chesse.org\/wp-content\/uploads\/FI_Template-gas-burner-certificate.pptx\">Malli: Kaasupoltintodistus (PowerPoint)<\/a><\/li><li class=\"word\"><a href=\"https:\/\/chesse.org\/wp-content\/uploads\/FI_Information-for-students-and-guardians.docx\">Malli: Tiedote oppijoille ja huoltajille (Word)<\/a><\/li><\/ul>\t\t\t\t\t\t\t\t<\/div>\n\t\t\t\t<\/div>\n\t\t\t\t\t<\/div>\n\t\t<\/div>\n\t\t\t\t\t<\/div>\n\t\t<\/section>\n\t\t\t\t<\/div>\n\t\t","protected":false},"excerpt":{"rendered":"<p>Kaikilta kemikaalien parissa ty\u00f6skentelevilt\u00e4 vaaditaan asianmukainen koulutus. T\u00e4m\u00e4 koskee sek\u00e4 opettajia ett\u00e4 oppijoita. Sis\u00e4llys Opettajien koulutus Opettaja tarvitsee kaksi erilaista taitoa k\u00e4sitelless\u00e4\u00e4n kemikaaleja koulussa: vaarallisten kemikaalien turvalliseen ty\u00f6skentelyyn tarvittavat tiedot ja k\u00e4yt\u00e4nn\u00f6n taidot sek\u00e4 oppijoiden opettaminen tekem\u00e4\u00e4n samoin kemikaaliturvallisuusteht\u00e4vien, kuten riskinarvioinnin, kemikaalien s\u00e4ilytyksen ja vaarallisten j\u00e4tteiden k\u00e4sittelyn, ty\u00f6skentelyyn tarvittavat taidot ja p\u00e4tevyys. Vaikka opettajat ovat &hellip; <a href=\"https:\/\/chesse.org\/fi\/velvollisuudet-kaytanteet-ja-koulutus\/kemikaaliturvallisuuskoulutus\/\" class=\"more-link\">Jatka lukemista <span class=\"screen-reader-text\">Kemikaaliturvallisuuskoulutus<\/span> <span class=\"meta-nav\">&rarr;<\/span><\/a><\/p>\n","protected":false},"author":53,"featured_media":0,"parent":12094,"menu_order":2,"comment_status":"closed","ping_status":"closed","template":"","meta":{"footnotes":""},"class_list":["post-12142","page","type-page","status-publish","hentry"],"yoast_head":"<!-- This site is optimized with the Yoast SEO plugin v27.4 - https:\/\/yoast.com\/product\/yoast-seo-wordpress\/ -->\n<title>Kemikaaliturvallisuuskoulutus &#8211; Chemical Safety in Science Education<\/title>\n<meta name=\"description\" content=\"Kaikilta kemikaalien parissa ty\u00f6skentelevilt\u00e4 vaaditaan asianmukainen koulutus. T\u00e4m\u00e4 koskee sek\u00e4 opettajia ett\u00e4 oppijoita.\" \/>\n<meta name=\"robots\" content=\"index, follow, max-snippet:-1, max-image-preview:large, max-video-preview:-1\" \/>\n<link rel=\"canonical\" href=\"https:\/\/chesse.org\/fi\/velvollisuudet-kaytanteet-ja-koulutus\/kemikaaliturvallisuuskoulutus\/\" \/>\n<meta property=\"og:locale\" content=\"fi_FI\" \/>\n<meta property=\"og:type\" content=\"article\" \/>\n<meta property=\"og:title\" content=\"Kemikaaliturvallisuuskoulutus &#8211; Chemical Safety in Science Education\" \/>\n<meta property=\"og:description\" content=\"Kaikilta kemikaalien parissa ty\u00f6skentelevilt\u00e4 vaaditaan asianmukainen koulutus. T\u00e4m\u00e4 koskee sek\u00e4 opettajia ett\u00e4 oppijoita.\" \/>\n<meta property=\"og:url\" content=\"https:\/\/chesse.org\/fi\/velvollisuudet-kaytanteet-ja-koulutus\/kemikaaliturvallisuuskoulutus\/\" \/>\n<meta property=\"og:site_name\" content=\"Chemical Safety in Science Education\" \/>\n<meta property=\"article:modified_time\" content=\"2025-04-10T10:19:25+00:00\" \/>\n<meta property=\"og:image\" content=\"https:\/\/chesse.org\/wp-content\/uploads\/2022\/06\/chesse-sharing.png\" \/>\n\t<meta property=\"og:image:width\" content=\"1200\" \/>\n\t<meta property=\"og:image:height\" content=\"630\" \/>\n\t<meta property=\"og:image:type\" content=\"image\/png\" \/>\n<meta name=\"twitter:card\" content=\"summary_large_image\" \/>\n<script type=\"application\/ld+json\" class=\"yoast-schema-graph\">{\"@context\":\"https:\\\/\\\/schema.org\",\"@graph\":[{\"@type\":\"WebPage\",\"@id\":\"https:\\\/\\\/chesse.org\\\/fi\\\/velvollisuudet-kaytanteet-ja-koulutus\\\/kemikaaliturvallisuuskoulutus\\\/\",\"url\":\"https:\\\/\\\/chesse.org\\\/fi\\\/velvollisuudet-kaytanteet-ja-koulutus\\\/kemikaaliturvallisuuskoulutus\\\/\",\"name\":\"Kemikaaliturvallisuuskoulutus &#8211; Chemical Safety in Science Education\",\"isPartOf\":{\"@id\":\"https:\\\/\\\/chesse.org\\\/fi\\\/#website\"},\"datePublished\":\"2022-12-19T21:03:00+00:00\",\"dateModified\":\"2025-04-10T10:19:25+00:00\",\"description\":\"Kaikilta kemikaalien parissa ty\u00f6skentelevilt\u00e4 vaaditaan asianmukainen koulutus. T\u00e4m\u00e4 koskee sek\u00e4 opettajia ett\u00e4 oppijoita.\",\"breadcrumb\":{\"@id\":\"https:\\\/\\\/chesse.org\\\/fi\\\/velvollisuudet-kaytanteet-ja-koulutus\\\/kemikaaliturvallisuuskoulutus\\\/#breadcrumb\"},\"inLanguage\":\"fi\",\"potentialAction\":[{\"@type\":\"ReadAction\",\"target\":[\"https:\\\/\\\/chesse.org\\\/fi\\\/velvollisuudet-kaytanteet-ja-koulutus\\\/kemikaaliturvallisuuskoulutus\\\/\"]}]},{\"@type\":\"BreadcrumbList\",\"@id\":\"https:\\\/\\\/chesse.org\\\/fi\\\/velvollisuudet-kaytanteet-ja-koulutus\\\/kemikaaliturvallisuuskoulutus\\\/#breadcrumb\",\"itemListElement\":[{\"@type\":\"ListItem\",\"position\":1,\"name\":\"Etusivu\",\"item\":\"https:\\\/\\\/chesse.org\\\/fi\\\/\"},{\"@type\":\"ListItem\",\"position\":2,\"name\":\"Velvollisuudet, k\u00e4yt\u00e4nteet ja koulutus\",\"item\":\"https:\\\/\\\/chesse.org\\\/fi\\\/velvollisuudet-kaytanteet-ja-koulutus\\\/\"},{\"@type\":\"ListItem\",\"position\":3,\"name\":\"Kemikaaliturvallisuuskoulutus\"}]},{\"@type\":\"WebSite\",\"@id\":\"https:\\\/\\\/chesse.org\\\/fi\\\/#website\",\"url\":\"https:\\\/\\\/chesse.org\\\/fi\\\/\",\"name\":\"Chemical Safety in Science Education\",\"description\":\"Condensed, up-to date information for science and chemistry teachers, head of schools and science teacher educators.\",\"publisher\":{\"@id\":\"https:\\\/\\\/chesse.org\\\/fi\\\/#organization\"},\"potentialAction\":[{\"@type\":\"SearchAction\",\"target\":{\"@type\":\"EntryPoint\",\"urlTemplate\":\"https:\\\/\\\/chesse.org\\\/fi\\\/?s={search_term_string}\"},\"query-input\":{\"@type\":\"PropertyValueSpecification\",\"valueRequired\":true,\"valueName\":\"search_term_string\"}}],\"inLanguage\":\"fi\"},{\"@type\":\"Organization\",\"@id\":\"https:\\\/\\\/chesse.org\\\/fi\\\/#organization\",\"name\":\"Online resources for Chemical Safety in Science Education\",\"url\":\"https:\\\/\\\/chesse.org\\\/fi\\\/\",\"logo\":{\"@type\":\"ImageObject\",\"inLanguage\":\"fi\",\"@id\":\"https:\\\/\\\/chesse.org\\\/fi\\\/#\\\/schema\\\/logo\\\/image\\\/\",\"url\":\"https:\\\/\\\/chesse.org\\\/wp-content\\\/uploads\\\/2020\\\/10\\\/CheSSE_logo-01.svg\",\"contentUrl\":\"https:\\\/\\\/chesse.org\\\/wp-content\\\/uploads\\\/2020\\\/10\\\/CheSSE_logo-01.svg\",\"width\":350,\"height\":100,\"caption\":\"Online resources for Chemical Safety in Science Education\"},\"image\":{\"@id\":\"https:\\\/\\\/chesse.org\\\/fi\\\/#\\\/schema\\\/logo\\\/image\\\/\"}}]}<\/script>\n<!-- \/ Yoast SEO plugin. -->","yoast_head_json":{"title":"Kemikaaliturvallisuuskoulutus &#8211; Chemical Safety in Science Education","description":"Kaikilta kemikaalien parissa ty\u00f6skentelevilt\u00e4 vaaditaan asianmukainen koulutus. T\u00e4m\u00e4 koskee sek\u00e4 opettajia ett\u00e4 oppijoita.","robots":{"index":"index","follow":"follow","max-snippet":"max-snippet:-1","max-image-preview":"max-image-preview:large","max-video-preview":"max-video-preview:-1"},"canonical":"https:\/\/chesse.org\/fi\/velvollisuudet-kaytanteet-ja-koulutus\/kemikaaliturvallisuuskoulutus\/","og_locale":"fi_FI","og_type":"article","og_title":"Kemikaaliturvallisuuskoulutus &#8211; Chemical Safety in Science Education","og_description":"Kaikilta kemikaalien parissa ty\u00f6skentelevilt\u00e4 vaaditaan asianmukainen koulutus. T\u00e4m\u00e4 koskee sek\u00e4 opettajia ett\u00e4 oppijoita.","og_url":"https:\/\/chesse.org\/fi\/velvollisuudet-kaytanteet-ja-koulutus\/kemikaaliturvallisuuskoulutus\/","og_site_name":"Chemical Safety in Science Education","article_modified_time":"2025-04-10T10:19:25+00:00","og_image":[{"width":1200,"height":630,"url":"https:\/\/chesse.org\/wp-content\/uploads\/2022\/06\/chesse-sharing.png","type":"image\/png"}],"twitter_card":"summary_large_image","schema":{"@context":"https:\/\/schema.org","@graph":[{"@type":"WebPage","@id":"https:\/\/chesse.org\/fi\/velvollisuudet-kaytanteet-ja-koulutus\/kemikaaliturvallisuuskoulutus\/","url":"https:\/\/chesse.org\/fi\/velvollisuudet-kaytanteet-ja-koulutus\/kemikaaliturvallisuuskoulutus\/","name":"Kemikaaliturvallisuuskoulutus &#8211; Chemical Safety in Science Education","isPartOf":{"@id":"https:\/\/chesse.org\/fi\/#website"},"datePublished":"2022-12-19T21:03:00+00:00","dateModified":"2025-04-10T10:19:25+00:00","description":"Kaikilta kemikaalien parissa ty\u00f6skentelevilt\u00e4 vaaditaan asianmukainen koulutus. T\u00e4m\u00e4 koskee sek\u00e4 opettajia ett\u00e4 oppijoita.","breadcrumb":{"@id":"https:\/\/chesse.org\/fi\/velvollisuudet-kaytanteet-ja-koulutus\/kemikaaliturvallisuuskoulutus\/#breadcrumb"},"inLanguage":"fi","potentialAction":[{"@type":"ReadAction","target":["https:\/\/chesse.org\/fi\/velvollisuudet-kaytanteet-ja-koulutus\/kemikaaliturvallisuuskoulutus\/"]}]},{"@type":"BreadcrumbList","@id":"https:\/\/chesse.org\/fi\/velvollisuudet-kaytanteet-ja-koulutus\/kemikaaliturvallisuuskoulutus\/#breadcrumb","itemListElement":[{"@type":"ListItem","position":1,"name":"Etusivu","item":"https:\/\/chesse.org\/fi\/"},{"@type":"ListItem","position":2,"name":"Velvollisuudet, k\u00e4yt\u00e4nteet ja koulutus","item":"https:\/\/chesse.org\/fi\/velvollisuudet-kaytanteet-ja-koulutus\/"},{"@type":"ListItem","position":3,"name":"Kemikaaliturvallisuuskoulutus"}]},{"@type":"WebSite","@id":"https:\/\/chesse.org\/fi\/#website","url":"https:\/\/chesse.org\/fi\/","name":"Chemical Safety in Science Education","description":"Condensed, up-to date information for science and chemistry teachers, head of schools and science teacher educators.","publisher":{"@id":"https:\/\/chesse.org\/fi\/#organization"},"potentialAction":[{"@type":"SearchAction","target":{"@type":"EntryPoint","urlTemplate":"https:\/\/chesse.org\/fi\/?s={search_term_string}"},"query-input":{"@type":"PropertyValueSpecification","valueRequired":true,"valueName":"search_term_string"}}],"inLanguage":"fi"},{"@type":"Organization","@id":"https:\/\/chesse.org\/fi\/#organization","name":"Online resources for Chemical Safety in Science Education","url":"https:\/\/chesse.org\/fi\/","logo":{"@type":"ImageObject","inLanguage":"fi","@id":"https:\/\/chesse.org\/fi\/#\/schema\/logo\/image\/","url":"https:\/\/chesse.org\/wp-content\/uploads\/2020\/10\/CheSSE_logo-01.svg","contentUrl":"https:\/\/chesse.org\/wp-content\/uploads\/2020\/10\/CheSSE_logo-01.svg","width":350,"height":100,"caption":"Online resources for Chemical Safety in Science Education"},"image":{"@id":"https:\/\/chesse.org\/fi\/#\/schema\/logo\/image\/"}}]}},"_links":{"self":[{"href":"https:\/\/chesse.org\/fi\/wp-json\/wp\/v2\/pages\/12142","targetHints":{"allow":["GET"]}}],"collection":[{"href":"https:\/\/chesse.org\/fi\/wp-json\/wp\/v2\/pages"}],"about":[{"href":"https:\/\/chesse.org\/fi\/wp-json\/wp\/v2\/types\/page"}],"author":[{"embeddable":true,"href":"https:\/\/chesse.org\/fi\/wp-json\/wp\/v2\/users\/53"}],"replies":[{"embeddable":true,"href":"https:\/\/chesse.org\/fi\/wp-json\/wp\/v2\/comments?post=12142"}],"version-history":[{"count":22,"href":"https:\/\/chesse.org\/fi\/wp-json\/wp\/v2\/pages\/12142\/revisions"}],"predecessor-version":[{"id":15696,"href":"https:\/\/chesse.org\/fi\/wp-json\/wp\/v2\/pages\/12142\/revisions\/15696"}],"up":[{"embeddable":true,"href":"https:\/\/chesse.org\/fi\/wp-json\/wp\/v2\/pages\/12094"}],"wp:attachment":[{"href":"https:\/\/chesse.org\/fi\/wp-json\/wp\/v2\/media?parent=12142"}],"curies":[{"name":"wp","href":"https:\/\/api.w.org\/{rel}","templated":true}]}}