{"id":12150,"date":"2022-12-01T09:15:41","date_gmt":"2022-12-01T08:15:41","guid":{"rendered":"https:\/\/chesse.org\/riskien-arviointi-ja-korvaaminen\/"},"modified":"2022-12-20T15:00:25","modified_gmt":"2022-12-20T14:00:25","slug":"riskien-arviointi-ja-korvaaminen","status":"publish","type":"page","link":"https:\/\/chesse.org\/fi\/riskien-arviointi-ja-korvaaminen\/","title":{"rendered":"Riskien arviointi ja korvaaminen"},"content":{"rendered":"\t\t<div data-elementor-type=\"wp-page\" data-elementor-id=\"12150\" class=\"elementor elementor-12150 elementor-53\" data-elementor-post-type=\"page\">\n\t\t\t\t\t\t<div class=\"elementor-section elementor-top-section elementor-element elementor-element-e84266c elementor-section-boxed elementor-section-height-default elementor-section-height-default\" data-id=\"e84266c\" data-element_type=\"section\" data-e-type=\"section\">\n\t\t\t\t\t\t<div class=\"elementor-container elementor-column-gap-default\">\n\t\t\t\t\t<div class=\"elementor-column elementor-col-100 elementor-top-column elementor-element elementor-element-ba96091\" data-id=\"ba96091\" data-element_type=\"column\" data-e-type=\"column\">\n\t\t\t<div class=\"elementor-widget-wrap elementor-element-populated\">\n\t\t\t\t\t\t<div class=\"elementor-element elementor-element-e9c611a standfirst elementor-widget elementor-widget-text-editor\" data-id=\"e9c611a\" data-element_type=\"widget\" data-e-type=\"widget\" data-widget_type=\"text-editor.default\">\n\t\t\t\t<div class=\"elementor-widget-container\">\n\t\t\t\t\t\t\t\t\t<p>Riskien arvioinnit ovat t\u00e4rkeit\u00e4 asianmukaisen riskien hallinnan kannalta. Korvaaminen on vaarallisten kemikaalien ja valmistusprosessien korvaamista turvallisemmilla kemikaaleilla ja ymp\u00e4rist\u00f6yst\u00e4v\u00e4llisemm\u00e4ll\u00e4 teknologialla. Tavoitteena on suojella ihmisten terveytt\u00e4 ja ymp\u00e4rist\u00f6\u00e4.  <\/p>\n\t\t\t\t\t\t\t\t<\/div>\n\t\t\t\t<\/div>\n\t\t\t\t\t<\/div>\n\t\t<\/div>\n\t\t\t\t\t<\/div>\n\t\t<\/div>\n\t\t\t\t<div class=\"elementor-section elementor-top-section elementor-element elementor-element-809a623 subsectionpage risk-section elementor-section-boxed elementor-section-height-default elementor-section-height-default\" data-id=\"809a623\" data-element_type=\"section\" data-e-type=\"section\">\n\t\t\t\t\t\t<div class=\"elementor-container elementor-column-gap-no\">\n\t\t\t\t\t<div class=\"elementor-column elementor-col-100 elementor-top-column elementor-element elementor-element-edd490c\" data-id=\"edd490c\" data-element_type=\"column\" data-e-type=\"column\">\n\t\t\t<div class=\"elementor-widget-wrap elementor-element-populated\">\n\t\t\t\t\t\t<section class=\"elementor-section elementor-inner-section elementor-element elementor-element-9409423 elementor-section-boxed elementor-section-height-default elementor-section-height-default\" data-id=\"9409423\" data-element_type=\"section\" data-e-type=\"section\">\n\t\t\t\t\t\t<div class=\"elementor-container elementor-column-gap-default\">\n\t\t\t\t\t<div class=\"elementor-column elementor-col-33 elementor-inner-column elementor-element elementor-element-47bd2eb\" data-id=\"47bd2eb\" data-element_type=\"column\" data-e-type=\"column\">\n\t\t\t<div class=\"elementor-widget-wrap elementor-element-populated\">\n\t\t\t\t\t\t<div class=\"elementor-element elementor-element-a73d3c7 elementor-widget elementor-widget-button\" data-id=\"a73d3c7\" data-element_type=\"widget\" data-e-type=\"widget\" data-widget_type=\"button.default\">\n\t\t\t\t<div class=\"elementor-widget-container\">\n\t\t\t\t\t\t\t\t\t<div class=\"elementor-button-wrapper\">\n\t\t\t\t\t<a class=\"elementor-button elementor-button-link elementor-size-lg\" href=\"https:\/\/chesse.org\/fi\/riskien-arviointi-ja-korvaaminen\/riskien-arviointi\/\">\n\t\t\t\t\t\t<span class=\"elementor-button-content-wrapper\">\n\t\t\t\t\t\t\t\t\t<span class=\"elementor-button-text\">Riskien arviointi<\/span>\n\t\t\t\t\t<\/span>\n\t\t\t\t\t<\/a>\n\t\t\t\t<\/div>\n\t\t\t\t\t\t\t\t<\/div>\n\t\t\t\t<\/div>\n\t\t\t\t\t<\/div>\n\t\t<\/div>\n\t\t\t\t<div class=\"elementor-column elementor-col-33 elementor-inner-column elementor-element elementor-element-d0ba0a9\" data-id=\"d0ba0a9\" data-element_type=\"column\" data-e-type=\"column\">\n\t\t\t<div class=\"elementor-widget-wrap elementor-element-populated\">\n\t\t\t\t\t\t<div class=\"elementor-element elementor-element-604d0cc elementor-widget elementor-widget-button\" data-id=\"604d0cc\" data-element_type=\"widget\" data-e-type=\"widget\" data-widget_type=\"button.default\">\n\t\t\t\t<div class=\"elementor-widget-container\">\n\t\t\t\t\t\t\t\t\t<div class=\"elementor-button-wrapper\">\n\t\t\t\t\t<a class=\"elementor-button elementor-button-link elementor-size-lg\" href=\"https:\/\/chesse.org\/fi\/riskien-arviointi-ja-korvaaminen\/korvaaminen\/\">\n\t\t\t\t\t\t<span class=\"elementor-button-content-wrapper\">\n\t\t\t\t\t\t\t\t\t<span class=\"elementor-button-text\">Korvaaminen<\/span>\n\t\t\t\t\t<\/span>\n\t\t\t\t\t<\/a>\n\t\t\t\t<\/div>\n\t\t\t\t\t\t\t\t<\/div>\n\t\t\t\t<\/div>\n\t\t\t\t\t<\/div>\n\t\t<\/div>\n\t\t\t\t<div class=\"elementor-column elementor-col-33 elementor-inner-column elementor-element elementor-element-fe7d51f\" data-id=\"fe7d51f\" data-element_type=\"column\" data-e-type=\"column\">\n\t\t\t<div class=\"elementor-widget-wrap\">\n\t\t\t\t\t\t\t<\/div>\n\t\t<\/div>\n\t\t\t\t\t<\/div>\n\t\t<\/section>\n\t\t\t\t\t<\/div>\n\t\t<\/div>\n\t\t\t\t\t<\/div>\n\t\t<\/div>\n\t\t\t\t<\/div>\n\t\t","protected":false},"excerpt":{"rendered":"<p>Riskien arvioinnit ovat t\u00e4rkeit\u00e4 asianmukaisen riskien hallinnan kannalta. Korvaaminen on vaarallisten kemikaalien ja valmistusprosessien korvaamista turvallisemmilla kemikaaleilla ja ymp\u00e4rist\u00f6yst\u00e4v\u00e4llisemm\u00e4ll\u00e4 teknologialla. Tavoitteena on suojella ihmisten terveytt\u00e4 ja ymp\u00e4rist\u00f6\u00e4. Riskien arviointi Korvaaminen<\/p>\n","protected":false},"author":43,"featured_media":0,"parent":0,"menu_order":1,"comment_status":"closed","ping_status":"closed","template":"","meta":{"footnotes":""},"class_list":["post-12150","page","type-page","status-publish","hentry"],"yoast_head":"<!-- This site is optimized with the Yoast SEO plugin v27.3 - https:\/\/yoast.com\/product\/yoast-seo-wordpress\/ -->\n<title>Riskien arviointi ja korvaaminen &#8211; Chemical Safety in Science Education<\/title>\n<meta name=\"description\" content=\"Riskien arvioinnit ovat t\u00e4rkeit\u00e4 asianmukaisen riskien hallinnan kannalta. Korvaaminen on vaarallisten kemikaalien ja valmistusprosessien korvaamista turvallisemmilla kemikaaleilla ja ymp\u00e4rist\u00f6yst\u00e4v\u00e4llisemm\u00e4ll\u00e4 teknologialla. Tavoitteena on suojella ihmisten terveytt\u00e4 ja ymp\u00e4rist\u00f6\u00e4.\" \/>\n<meta name=\"robots\" content=\"index, follow, max-snippet:-1, max-image-preview:large, max-video-preview:-1\" \/>\n<link rel=\"canonical\" href=\"https:\/\/chesse.org\/fi\/riskien-arviointi-ja-korvaaminen\/\" \/>\n<meta property=\"og:locale\" content=\"fi_FI\" \/>\n<meta property=\"og:type\" content=\"article\" \/>\n<meta property=\"og:title\" content=\"Riskien arviointi ja korvaaminen &#8211; Chemical Safety in Science Education\" \/>\n<meta property=\"og:description\" content=\"Riskien arvioinnit ovat t\u00e4rkeit\u00e4 asianmukaisen riskien hallinnan kannalta. Korvaaminen on vaarallisten kemikaalien ja valmistusprosessien korvaamista turvallisemmilla kemikaaleilla ja ymp\u00e4rist\u00f6yst\u00e4v\u00e4llisemm\u00e4ll\u00e4 teknologialla. Tavoitteena on suojella ihmisten terveytt\u00e4 ja ymp\u00e4rist\u00f6\u00e4.\" \/>\n<meta property=\"og:url\" content=\"https:\/\/chesse.org\/fi\/riskien-arviointi-ja-korvaaminen\/\" \/>\n<meta property=\"og:site_name\" content=\"Chemical Safety in Science Education\" \/>\n<meta property=\"article:modified_time\" content=\"2022-12-20T14:00:25+00:00\" \/>\n<meta property=\"og:image\" content=\"https:\/\/chesse.org\/wp-content\/uploads\/2022\/06\/chesse-sharing.png\" \/>\n\t<meta property=\"og:image:width\" content=\"1200\" \/>\n\t<meta property=\"og:image:height\" content=\"630\" \/>\n\t<meta property=\"og:image:type\" content=\"image\/png\" \/>\n<meta name=\"twitter:card\" content=\"summary_large_image\" \/>\n<script type=\"application\/ld+json\" class=\"yoast-schema-graph\">{\"@context\":\"https:\\\/\\\/schema.org\",\"@graph\":[{\"@type\":\"WebPage\",\"@id\":\"https:\\\/\\\/chesse.org\\\/fi\\\/riskien-arviointi-ja-korvaaminen\\\/\",\"url\":\"https:\\\/\\\/chesse.org\\\/fi\\\/riskien-arviointi-ja-korvaaminen\\\/\",\"name\":\"Riskien arviointi ja korvaaminen &#8211; Chemical Safety in Science Education\",\"isPartOf\":{\"@id\":\"https:\\\/\\\/chesse.org\\\/fi\\\/#website\"},\"datePublished\":\"2022-12-01T08:15:41+00:00\",\"dateModified\":\"2022-12-20T14:00:25+00:00\",\"description\":\"Riskien arvioinnit ovat t\u00e4rkeit\u00e4 asianmukaisen riskien hallinnan kannalta. Korvaaminen on vaarallisten kemikaalien ja valmistusprosessien korvaamista turvallisemmilla kemikaaleilla ja ymp\u00e4rist\u00f6yst\u00e4v\u00e4llisemm\u00e4ll\u00e4 teknologialla. Tavoitteena on suojella ihmisten terveytt\u00e4 ja ymp\u00e4rist\u00f6\u00e4.\",\"breadcrumb\":{\"@id\":\"https:\\\/\\\/chesse.org\\\/fi\\\/riskien-arviointi-ja-korvaaminen\\\/#breadcrumb\"},\"inLanguage\":\"fi\",\"potentialAction\":[{\"@type\":\"ReadAction\",\"target\":[\"https:\\\/\\\/chesse.org\\\/fi\\\/riskien-arviointi-ja-korvaaminen\\\/\"]}]},{\"@type\":\"BreadcrumbList\",\"@id\":\"https:\\\/\\\/chesse.org\\\/fi\\\/riskien-arviointi-ja-korvaaminen\\\/#breadcrumb\",\"itemListElement\":[{\"@type\":\"ListItem\",\"position\":1,\"name\":\"Etusivu\",\"item\":\"https:\\\/\\\/chesse.org\\\/fi\\\/\"},{\"@type\":\"ListItem\",\"position\":2,\"name\":\"Riskien arviointi ja korvaaminen\"}]},{\"@type\":\"WebSite\",\"@id\":\"https:\\\/\\\/chesse.org\\\/fi\\\/#website\",\"url\":\"https:\\\/\\\/chesse.org\\\/fi\\\/\",\"name\":\"Chemical Safety in Science Education\",\"description\":\"Condensed, up-to date information for science and chemistry teachers, head of schools and science teacher educators.\",\"publisher\":{\"@id\":\"https:\\\/\\\/chesse.org\\\/fi\\\/#organization\"},\"potentialAction\":[{\"@type\":\"SearchAction\",\"target\":{\"@type\":\"EntryPoint\",\"urlTemplate\":\"https:\\\/\\\/chesse.org\\\/fi\\\/?s={search_term_string}\"},\"query-input\":{\"@type\":\"PropertyValueSpecification\",\"valueRequired\":true,\"valueName\":\"search_term_string\"}}],\"inLanguage\":\"fi\"},{\"@type\":\"Organization\",\"@id\":\"https:\\\/\\\/chesse.org\\\/fi\\\/#organization\",\"name\":\"Online resources for Chemical Safety in Science Education\",\"url\":\"https:\\\/\\\/chesse.org\\\/fi\\\/\",\"logo\":{\"@type\":\"ImageObject\",\"inLanguage\":\"fi\",\"@id\":\"https:\\\/\\\/chesse.org\\\/fi\\\/#\\\/schema\\\/logo\\\/image\\\/\",\"url\":\"https:\\\/\\\/chesse.org\\\/wp-content\\\/uploads\\\/2020\\\/10\\\/CheSSE_logo-01.svg\",\"contentUrl\":\"https:\\\/\\\/chesse.org\\\/wp-content\\\/uploads\\\/2020\\\/10\\\/CheSSE_logo-01.svg\",\"width\":350,\"height\":100,\"caption\":\"Online resources for Chemical Safety in Science Education\"},\"image\":{\"@id\":\"https:\\\/\\\/chesse.org\\\/fi\\\/#\\\/schema\\\/logo\\\/image\\\/\"}}]}<\/script>\n<!-- \/ Yoast SEO plugin. -->","yoast_head_json":{"title":"Riskien arviointi ja korvaaminen &#8211; Chemical Safety in Science Education","description":"Riskien arvioinnit ovat t\u00e4rkeit\u00e4 asianmukaisen riskien hallinnan kannalta. Korvaaminen on vaarallisten kemikaalien ja valmistusprosessien korvaamista turvallisemmilla kemikaaleilla ja ymp\u00e4rist\u00f6yst\u00e4v\u00e4llisemm\u00e4ll\u00e4 teknologialla. Tavoitteena on suojella ihmisten terveytt\u00e4 ja ymp\u00e4rist\u00f6\u00e4.","robots":{"index":"index","follow":"follow","max-snippet":"max-snippet:-1","max-image-preview":"max-image-preview:large","max-video-preview":"max-video-preview:-1"},"canonical":"https:\/\/chesse.org\/fi\/riskien-arviointi-ja-korvaaminen\/","og_locale":"fi_FI","og_type":"article","og_title":"Riskien arviointi ja korvaaminen &#8211; Chemical Safety in Science Education","og_description":"Riskien arvioinnit ovat t\u00e4rkeit\u00e4 asianmukaisen riskien hallinnan kannalta. Korvaaminen on vaarallisten kemikaalien ja valmistusprosessien korvaamista turvallisemmilla kemikaaleilla ja ymp\u00e4rist\u00f6yst\u00e4v\u00e4llisemm\u00e4ll\u00e4 teknologialla. Tavoitteena on suojella ihmisten terveytt\u00e4 ja ymp\u00e4rist\u00f6\u00e4.","og_url":"https:\/\/chesse.org\/fi\/riskien-arviointi-ja-korvaaminen\/","og_site_name":"Chemical Safety in Science Education","article_modified_time":"2022-12-20T14:00:25+00:00","og_image":[{"width":1200,"height":630,"url":"https:\/\/chesse.org\/wp-content\/uploads\/2022\/06\/chesse-sharing.png","type":"image\/png"}],"twitter_card":"summary_large_image","schema":{"@context":"https:\/\/schema.org","@graph":[{"@type":"WebPage","@id":"https:\/\/chesse.org\/fi\/riskien-arviointi-ja-korvaaminen\/","url":"https:\/\/chesse.org\/fi\/riskien-arviointi-ja-korvaaminen\/","name":"Riskien arviointi ja korvaaminen &#8211; Chemical Safety in Science Education","isPartOf":{"@id":"https:\/\/chesse.org\/fi\/#website"},"datePublished":"2022-12-01T08:15:41+00:00","dateModified":"2022-12-20T14:00:25+00:00","description":"Riskien arvioinnit ovat t\u00e4rkeit\u00e4 asianmukaisen riskien hallinnan kannalta. Korvaaminen on vaarallisten kemikaalien ja valmistusprosessien korvaamista turvallisemmilla kemikaaleilla ja ymp\u00e4rist\u00f6yst\u00e4v\u00e4llisemm\u00e4ll\u00e4 teknologialla. Tavoitteena on suojella ihmisten terveytt\u00e4 ja ymp\u00e4rist\u00f6\u00e4.","breadcrumb":{"@id":"https:\/\/chesse.org\/fi\/riskien-arviointi-ja-korvaaminen\/#breadcrumb"},"inLanguage":"fi","potentialAction":[{"@type":"ReadAction","target":["https:\/\/chesse.org\/fi\/riskien-arviointi-ja-korvaaminen\/"]}]},{"@type":"BreadcrumbList","@id":"https:\/\/chesse.org\/fi\/riskien-arviointi-ja-korvaaminen\/#breadcrumb","itemListElement":[{"@type":"ListItem","position":1,"name":"Etusivu","item":"https:\/\/chesse.org\/fi\/"},{"@type":"ListItem","position":2,"name":"Riskien arviointi ja korvaaminen"}]},{"@type":"WebSite","@id":"https:\/\/chesse.org\/fi\/#website","url":"https:\/\/chesse.org\/fi\/","name":"Chemical Safety in Science Education","description":"Condensed, up-to date information for science and chemistry teachers, head of schools and science teacher educators.","publisher":{"@id":"https:\/\/chesse.org\/fi\/#organization"},"potentialAction":[{"@type":"SearchAction","target":{"@type":"EntryPoint","urlTemplate":"https:\/\/chesse.org\/fi\/?s={search_term_string}"},"query-input":{"@type":"PropertyValueSpecification","valueRequired":true,"valueName":"search_term_string"}}],"inLanguage":"fi"},{"@type":"Organization","@id":"https:\/\/chesse.org\/fi\/#organization","name":"Online resources for Chemical Safety in Science Education","url":"https:\/\/chesse.org\/fi\/","logo":{"@type":"ImageObject","inLanguage":"fi","@id":"https:\/\/chesse.org\/fi\/#\/schema\/logo\/image\/","url":"https:\/\/chesse.org\/wp-content\/uploads\/2020\/10\/CheSSE_logo-01.svg","contentUrl":"https:\/\/chesse.org\/wp-content\/uploads\/2020\/10\/CheSSE_logo-01.svg","width":350,"height":100,"caption":"Online resources for Chemical Safety in Science Education"},"image":{"@id":"https:\/\/chesse.org\/fi\/#\/schema\/logo\/image\/"}}]}},"_links":{"self":[{"href":"https:\/\/chesse.org\/fi\/wp-json\/wp\/v2\/pages\/12150","targetHints":{"allow":["GET"]}}],"collection":[{"href":"https:\/\/chesse.org\/fi\/wp-json\/wp\/v2\/pages"}],"about":[{"href":"https:\/\/chesse.org\/fi\/wp-json\/wp\/v2\/types\/page"}],"author":[{"embeddable":true,"href":"https:\/\/chesse.org\/fi\/wp-json\/wp\/v2\/users\/43"}],"replies":[{"embeddable":true,"href":"https:\/\/chesse.org\/fi\/wp-json\/wp\/v2\/comments?post=12150"}],"version-history":[{"count":10,"href":"https:\/\/chesse.org\/fi\/wp-json\/wp\/v2\/pages\/12150\/revisions"}],"predecessor-version":[{"id":12758,"href":"https:\/\/chesse.org\/fi\/wp-json\/wp\/v2\/pages\/12150\/revisions\/12758"}],"wp:attachment":[{"href":"https:\/\/chesse.org\/fi\/wp-json\/wp\/v2\/media?parent=12150"}],"curies":[{"name":"wp","href":"https:\/\/api.w.org\/{rel}","templated":true}]}}