{"id":12154,"date":"2022-12-01T09:29:11","date_gmt":"2022-12-01T08:29:11","guid":{"rendered":"https:\/\/chesse.org\/riskien-arviointi-ja-korvaaminen\/korvaaminen\/"},"modified":"2023-05-31T17:06:00","modified_gmt":"2023-05-31T15:06:00","slug":"korvaaminen","status":"publish","type":"page","link":"https:\/\/chesse.org\/fi\/riskien-arviointi-ja-korvaaminen\/korvaaminen\/","title":{"rendered":"Korvaaminen"},"content":{"rendered":"\t\t<div data-elementor-type=\"wp-page\" data-elementor-id=\"12154\" class=\"elementor elementor-12154 elementor-7021\" data-elementor-post-type=\"page\">\n\t\t\t\t\t\t<section class=\"elementor-section elementor-top-section elementor-element elementor-element-74ca136 elementor-section-boxed elementor-section-height-default elementor-section-height-default\" data-id=\"74ca136\" data-element_type=\"section\" data-e-type=\"section\">\n\t\t\t\t\t\t<div class=\"elementor-container elementor-column-gap-default\">\n\t\t\t\t\t<div class=\"elementor-column elementor-col-100 elementor-top-column elementor-element elementor-element-ad8f888\" data-id=\"ad8f888\" data-element_type=\"column\" data-e-type=\"column\">\n\t\t\t<div class=\"elementor-widget-wrap elementor-element-populated\">\n\t\t\t\t\t\t<div class=\"elementor-element elementor-element-626756b standfirst elementor-widget elementor-widget-text-editor\" data-id=\"626756b\" data-element_type=\"widget\" data-e-type=\"widget\" data-widget_type=\"text-editor.default\">\n\t\t\t\t<div class=\"elementor-widget-container\">\n\t\t\t\t\t\t\t\t\t<p>T\u00e4ss\u00e4 yhteydess\u00e4 korvaamisella tarkoitetaan vaarallisten kemikaalien tai valmistusprosessien poistamista tai korvaamista v\u00e4hemm\u00e4n vaarallisilla vaihtoehdoilla.<\/p>\n\t\t\t\t\t\t\t\t<\/div>\n\t\t\t\t<\/div>\n\t\t\t\t<div class=\"elementor-element elementor-element-91e5269 elementor-toc--content-ellipsis elementor-widget elementor-widget-global elementor-global-5017 elementor-global-3097 elementor-widget-table-of-contents\" data-id=\"91e5269\" data-element_type=\"widget\" data-e-type=\"widget\" data-settings=\"{&quot;headings_by_tags&quot;:[&quot;h2&quot;,&quot;h3&quot;],&quot;exclude_headings_by_selector&quot;:&quot;.noTOC&quot;,&quot;marker_view&quot;:&quot;bullets&quot;,&quot;icon&quot;:{&quot;value&quot;:&quot;fas fa-circle&quot;,&quot;library&quot;:&quot;fa-solid&quot;},&quot;no_headings_message&quot;:&quot;No headings were found on this page.&quot;,&quot;hierarchical_view&quot;:&quot;yes&quot;,&quot;min_height&quot;:{&quot;unit&quot;:&quot;px&quot;,&quot;size&quot;:&quot;&quot;,&quot;sizes&quot;:[]},&quot;min_height_tablet&quot;:{&quot;unit&quot;:&quot;px&quot;,&quot;size&quot;:&quot;&quot;,&quot;sizes&quot;:[]},&quot;min_height_mobile&quot;:{&quot;unit&quot;:&quot;px&quot;,&quot;size&quot;:&quot;&quot;,&quot;sizes&quot;:[]}}\" data-widget_type=\"table-of-contents.default\">\n\t\t\t\t<div class=\"elementor-widget-container\">\n\t\t\t\t\t\t\t\t\t<div class=\"elementor-toc__header\">\n\t\t\t\t\t\t<div class=\"elementor-toc__header-title\">\n\t\t\t\tSis\u00e4llys\t\t\t<\/div>\n\t\t\t\t\t\t\t\t<\/div>\n\t\t\t\t<div id=\"elementor-toc__91e5269\" class=\"elementor-toc__body\">\n\t\t\t<div class=\"elementor-toc__spinner-container\">\n\t\t\t\t<i class=\"elementor-toc__spinner eicon-animation-spin eicon-loading\" aria-hidden=\"true\"><\/i>\t\t\t<\/div>\n\t\t<\/div>\n\t\t\t\t\t\t<\/div>\n\t\t\t\t<\/div>\n\t\t\t\t<div class=\"elementor-element elementor-element-694aac0 elementor-widget elementor-widget-text-editor\" data-id=\"694aac0\" data-element_type=\"widget\" data-e-type=\"widget\" data-widget_type=\"text-editor.default\">\n\t\t\t\t<div class=\"elementor-widget-container\">\n\t\t\t\t\t\t\t\t\t<h2>Mit\u00e4 korvaaminen on?<\/h2>\n<p>Kokeellisessa ty\u00f6skentelyss\u00e4 korvaamisella tarkoitetaan vaarallisten kemikaalien ja valmistusprosessien korvaamista v\u00e4hemm\u00e4n vaarallisilla vaihtoehdoilla minimoidakseen vaarojen riskit. Vaara on mik\u00e4 tahansa, joka voi aiheuttaa vahinkoa, kuten vaaralliset kemikaalit, s\u00e4hk\u00f6, korkeat l\u00e4mp\u00f6tilat, ty\u00f6v\u00e4lineet tai liukas lattia. Esimerkkimme keskittyv\u00e4t kemikaalien korvaamiseen.   <\/p>\n<p>Korvaaminen voisi tehd\u00e4 koulujen laboratoriot\u00f6ist\u00e4 vihre\u00e4n kemian periaatteiden mukaisia. T\u00e4t\u00e4 k\u00e4sitell\u00e4\u00e4n tarkemmin <a href=\"https:\/\/chesse.org\/fi\/vihrea-kemia\/\">osiossamme vihre\u00e4 kemia koulun kokeellisessa ty\u00f6skentelyss\u00e4<\/a>. <\/p>\n\t\t\t\t\t\t\t\t<\/div>\n\t\t\t\t<\/div>\n\t\t\t\t<div class=\"elementor-element elementor-element-c71dd93 elementor-widget elementor-widget-text-editor\" data-id=\"c71dd93\" data-element_type=\"widget\" data-e-type=\"widget\" data-widget_type=\"text-editor.default\">\n\t\t\t\t<div class=\"elementor-widget-container\">\n\t\t\t\t\t\t\t\t\t<h2>Mit\u00e4 pit\u00e4\u00e4 korvata?<\/h2>\n<p>Joskus on v\u00e4ltt\u00e4m\u00e4t\u00f6nt\u00e4 korvata tietyt aineet, koska <a href=\"https:\/\/chesse.org\/fi\/lainsaadanto\/kemikaalien-kayttoa-rajoittava-lainsaadanto\/\">ne ovat lain mukaan rajoitettuja tai kiellettyj\u00e4<\/a>. Jos k\u00e4yt\u00e4t jotakin erityist\u00e4 huolta aiheuttaviksi aineiksi m\u00e4\u00e4riteltyj\u00e4 aineita (SVHC), korvaa ne ensin.<\/p>\n<p>Vaikka tiettyjen aineiden korvaaminen on pakollista, se ei ole v\u00e4ltt\u00e4m\u00e4tt\u00e4 kaikkien oppikirjojen tekij\u00f6iden tiedossa. Lis\u00e4ksi vaaraluokitus voi muuttua, kun saamme uutta tietoa aineesta. Jos l\u00f6yd\u00e4t kokeellisia t\u00f6it\u00e4 oppikirjasta tai internetist\u00e4, sinun tulee harkita, voisitko k\u00e4ytt\u00e4\u00e4 v\u00e4hemm\u00e4n vaarallisia aineita kuin kokeellisessa ty\u00f6ss\u00e4 suositellaan.  <\/p>\n\t\t\t\t\t\t\t\t<\/div>\n\t\t\t\t<\/div>\n\t\t\t\t<div class=\"elementor-element elementor-element-e191b02 elementor-widget elementor-widget-text-editor\" data-id=\"e191b02\" data-element_type=\"widget\" data-e-type=\"widget\" data-widget_type=\"text-editor.default\">\n\t\t\t\t<div class=\"elementor-widget-container\">\n\t\t\t\t\t\t\t\t\t<h2>Miten korvataan?<\/h2>\n<p>Voit est\u00e4\u00e4 altistumisen vaaralliselle aineelle korvaamalla sen toisella aineella, joka aiheuttaa v\u00e4hemm\u00e4n tai ei ollenkaan riski\u00e4. Voit my\u00f6s k\u00e4ytt\u00e4\u00e4 toista valmistusprosessia, joka ei aiheuta kyseisen aineen vaarallista muotoa. Riskinarviointi auttaa p\u00e4\u00e4tt\u00e4m\u00e4\u00e4n, ovatko vaihtoehtoiset kemikaalit sopivia valintoja. <\/p>\n<p>Jos korvaaminen ei ole mahdollista, riskit voitaisiin minimoida esimerkiksi suunnittelemalla kokeellinen ty\u00f6uudelleen mikromittakaavassa tai k\u00e4ytt\u00e4m\u00e4ll\u00e4 pienemp\u00e4\u00e4 liuospitoisuutta. T\u00e4m\u00e4 v\u00e4hent\u00e4isi k\u00e4ytett\u00e4vien vaarallisten aineiden m\u00e4\u00e4ri\u00e4. <a href=\"https:\/\/chesse.org\/fi\/merkinta-sailytys-ja-jatteenkasittely\/merkitseminen\/#labelgenerator\">CheSSE etikettikone<\/a> sis\u00e4lt\u00e4\u00e4 tietoa yleisten liuosten eri pitoisuuksien vaaraluokituksesta ja sit\u00e4 voidaan k\u00e4ytt\u00e4\u00e4 ty\u00f6kaluna arvioitaessa, kuinka pitoisuuden v\u00e4hent\u00e4minen vaikuttaa riskiin. Kokeen tekeminen demonstraationa on my\u00f6s mahdollista.<\/p>\n\t\t\t\t\t\t\t\t<\/div>\n\t\t\t\t<\/div>\n\t\t\t\t<div class=\"elementor-element elementor-element-d117f92 linkBox elementor-widget elementor-widget-text-editor\" data-id=\"d117f92\" data-element_type=\"widget\" data-e-type=\"widget\" data-widget_type=\"text-editor.default\">\n\t\t\t\t<div class=\"elementor-widget-container\">\n\t\t\t\t\t\t\t\t\t<p><strong>Esimerkki 1:<\/strong> <br \/>Vetykaasun tuottaminen sinkin ja hapon v\u00e4liss\u00e4 reaktiossa on yleinen kokeellinen ty\u00f6 monissa kouluissa. Sinkin k\u00e4ytt\u00f6 vaatii v\u00e4kev\u00e4\u00e4 vahvaa happoa. Valitsemalla reaktiivisemman metallin, kuten magnesiumin, laimeampi heikko happo riitt\u00e4\u00e4 reaktion tapahtumiseen. Oppimistulos on sama, ja kokeellinen ty\u00f6 on turvallisempi.<\/p>\n<p><strong>Esimerkki 2:<\/strong> <br \/>Fenoliftaleiini on yleisesti happo-em\u00e4stitrauksissa k\u00e4ytetty kemiallinen indikaattori. Fenoliftaleiini on kuitenkin <a href=\"https:\/\/echa.europa.eu\/en\/candidate-list-table\">erityist\u00e4 huolta aiheuttavien aineiden (SVHC) ehdokasluettelossa<\/a>, ja sen k\u00e4ytt\u00f6\u00f6n on olemassa ennaltaehk\u00e4isevi\u00e4 ohjeita.<\/p>\n<p>Riippuen titrauksen tyypist\u00e4, yksi ratkaisu voisi olla fenoliftaleiinin korvaaminen toisella v\u00e4hemm\u00e4n vaarallisella indikaattorilla, kuten tymoliftaleiinilla. Jos t\u00e4m\u00e4 ei ole mahdollista, riskej\u00e4 voi v\u00e4hent\u00e4\u00e4 k\u00e4ytt\u00e4m\u00e4ll\u00e4 laimeampaa fenoliftaleiiniliuosta tai v\u00e4hent\u00e4m\u00e4ll\u00e4 fenoliftaleiinin m\u00e4\u00e4r\u00e4\u00e4.<\/p>\n\t\t\t\t\t\t\t\t<\/div>\n\t\t\t\t<\/div>\n\t\t\t\t<div class=\"elementor-element elementor-element-400b92c elementor-widget elementor-widget-text-editor\" data-id=\"400b92c\" data-element_type=\"widget\" data-e-type=\"widget\" data-widget_type=\"text-editor.default\">\n\t\t\t\t<div class=\"elementor-widget-container\">\n\t\t\t\t\t\t\t\t\t<p>CLP-asetuksen mukaan seosten luokittelussa k\u00e4ytet\u00e4\u00e4n tiettyj\u00e4 pitoisuusrajoja. N\u00e4m\u00e4 voivat auttaa meit\u00e4 m\u00e4\u00e4ritt\u00e4m\u00e4\u00e4n pitoisuuden, johon sy\u00f6p\u00e4\u00e4 aiheuttava, sukusolujen perim\u00e4\u00e4 vaurioittava tai lis\u00e4\u00e4ntymiselle vaarallinen (CMR) kemikaali laimennetaan, jossa sit\u00e4 ei en\u00e4\u00e4 luokitella CMR-aineeksi.<\/p>\n\t\t\t\t\t\t\t\t<\/div>\n\t\t\t\t<\/div>\n\t\t\t\t<div class=\"elementor-element elementor-element-4df0fc8 elementor-widget elementor-widget-text-editor\" data-id=\"4df0fc8\" data-element_type=\"widget\" data-e-type=\"widget\" data-widget_type=\"text-editor.default\">\n\t\t\t\t<div class=\"elementor-widget-container\">\n\t\t\t\t\t\t\t\t\t<table class=\"chesseTable\">\n<caption>Seosten luokittelussa k\u00e4ytetyt pitoisuusrajat<\/caption>\n<tbody>\n<tr>\n<th class=\"orange\" style=\"width: 30%; font-size: larger; text-align: center;\">Pitoisuusraja<\/th>\n<td class=\"orangeBorder\">Pitoisuus, jonka ylittyess\u00e4 tietyn vaaraluokan luokitus tulee voimaan.<\/td>\n<\/tr>\n<tr>\n<th class=\"orange\" style=\"font-size: larger; text-align: center;\">Erityinen pitoisuusraja<\/th>\n<td class=\"orangeBorder\">Ainekohtainen pitoisuusraja, joka on etusijalla yleisiin pitoisuusrajoihin n\u00e4hden. Erityiset pitoisuusrajat ovat CLP-asetuksessa ja k\u00e4ytt\u00f6turvallisuustiedotteessa.<\/td>\n<\/tr>\n<\/tbody>\n<\/table>\n\t\t\t\t\t\t\t\t<\/div>\n\t\t\t\t<\/div>\n\t\t\t\t<div class=\"elementor-element elementor-element-f99d429 elementor-widget elementor-widget-text-editor\" data-id=\"f99d429\" data-element_type=\"widget\" data-e-type=\"widget\" data-widget_type=\"text-editor.default\">\n\t\t\t\t<div class=\"elementor-widget-container\">\n\t\t\t\t\t\t\t\t\t<p>Fenoliftaleiinilla on vaaralauseke Saattaa aiheuttaa sy\u00f6p\u00e4\u00e4 (H350), mutta sen erityinen pitoisuusraja on \u22651 %, joka on korkeampi kuin yleinen pitoisuusraja (\u2265 0,1 %). Toisin sanoen, fenoliftaleiiniliuos luokitellaan sy\u00f6p\u00e4\u00e4 aiheuttavaksi vain, jos sen pitoisuus on \u22651 %. Liuos, jonka pitoisuus on 1 g\/l, toimii hyvin useimmissa kokeellisissa t\u00f6iss\u00e4. Jos et kuitenkaan osta toimittajalta valmiiksi laimennettua liuosta, sy\u00f6p\u00e4\u00e4 aiheuttavien aineiden k\u00e4sittelyn m\u00e4\u00e4r\u00e4yksi\u00e4 sovelletaan liuoksen valmistajiin.   <\/p>\n<p>Toinen tapa poistaa vaara voisi olla menetelm\u00e4n muuttaminen ja pH-mittarin k\u00e4ytt\u00e4minen fenoliftaleiinin sijaan.<\/p>\n\t\t\t\t\t\t\t\t<\/div>\n\t\t\t\t<\/div>\n\t\t\t\t<div class=\"elementor-element elementor-element-fea811e elementor-widget elementor-widget-text-editor\" data-id=\"fea811e\" data-element_type=\"widget\" data-e-type=\"widget\" data-widget_type=\"text-editor.default\">\n\t\t\t\t<div class=\"elementor-widget-container\">\n\t\t\t\t\t\t\t\t\t<p>Alla oleva vaiheittainen malli n\u00e4ytt\u00e4\u00e4, miten korvataan vaaralliset kemikaalit ja tunnistetaan tuotteiden ja prosessien paremmat vaihtoehdot.<\/p>\n<figure><img fetchpriority=\"high\" decoding=\"async\" class=\"alignnone wp-image-8900 \" style=\"max-width: 95vw; width: 460px;\" src=\"https:\/\/chesse.org\/wp-content\/uploads\/FI_the-five-steps-in-the-substitution-process.svg\" alt=\"Korvausprosessin viisi vaihetta: Ker\u00e4\u00e4 tietoa kemiallisesta koostumuksesta, tunnista ei-toivotut aineet, etsi sopivia vaihtoehtoja, arvioi ja valitse vaihtoehtoja ja kehit\u00e4 uusia vaihtoehtoja.\" width=\"1920\" height=\"1080\"><figcaption>Korvausprosessin viisi vaihetta.<\/figcaption><\/figure>\n\t\t\t\t\t\t\t\t<\/div>\n\t\t\t\t<\/div>\n\t\t\t\t\t<\/div>\n\t\t<\/div>\n\t\t\t\t\t<\/div>\n\t\t<\/section>\n\t\t\t\t<section class=\"elementor-section elementor-top-section elementor-element elementor-element-ab00939 elementor-section-boxed elementor-section-height-default elementor-section-height-default\" data-id=\"ab00939\" data-element_type=\"section\" data-e-type=\"section\">\n\t\t\t\t\t\t<div class=\"elementor-container elementor-column-gap-default\">\n\t\t\t\t\t<div class=\"elementor-column elementor-col-100 elementor-top-column elementor-element elementor-element-9fef527\" data-id=\"9fef527\" data-element_type=\"column\" data-e-type=\"column\">\n\t\t\t<div class=\"elementor-widget-wrap elementor-element-populated\">\n\t\t\t\t\t\t<div class=\"elementor-element elementor-element-03a71ca linkBox elementor-widget elementor-widget-text-editor\" data-id=\"03a71ca\" data-element_type=\"widget\" data-e-type=\"widget\" data-widget_type=\"text-editor.default\">\n\t\t\t\t<div class=\"elementor-widget-container\">\n\t\t\t\t\t\t\t\t\t<h2>Linkit ja aiheeseen liittyv\u00e4t asiakirjat<\/h2>\n<p><a href=\"https:\/\/chesse.org\/fi\/lainsaadanto\/kemikaalien-kayttoa-rajoittava-lainsaadanto\/\">Kemikaalien k\u00e4ytt\u00f6\u00e4 rajoittava lains\u00e4\u00e4d\u00e4nt\u00f6<\/a><\/p>\n<p><a href=\"https:\/\/echa.europa.eu\/authorisation-list\">Lupaluettelo<\/a><\/p>\n<p><a href=\"https:\/\/echa.europa.eu\/en\/candidate-list-table\">Ehdokasluettelo erityist\u00e4 huolta aiheuttavista aineista lupamenettely\u00e4 varten<\/a><\/p>\n<p><a href=\"https:\/\/echa.europa.eu\/substitution-to-safer-chemicals\">Korvaaminen turvallisemmilla kemikaaleilla<\/a><\/p>\n<p><a href=\"https:\/\/chesse.org\/fi\/vihrea-kemia\/vihreaan-kemiaa-kasittelevia-kokeellisia-toita\/\">Vihre\u00e4ll\u00e4 kemialla optimoituja kokeellisia t\u00f6it\u00e4<\/a><\/p>\n\t\t\t\t\t\t\t\t<\/div>\n\t\t\t\t<\/div>\n\t\t\t\t\t<\/div>\n\t\t<\/div>\n\t\t\t\t\t<\/div>\n\t\t<\/section>\n\t\t\t\t<\/div>\n\t\t","protected":false},"excerpt":{"rendered":"<p>T\u00e4ss\u00e4 yhteydess\u00e4 korvaamisella tarkoitetaan vaarallisten kemikaalien tai valmistusprosessien poistamista tai korvaamista v\u00e4hemm\u00e4n vaarallisilla vaihtoehdoilla. Table of Contents Mit\u00e4 korvaaminen on? Kokeellisessa ty\u00f6skentelyss\u00e4 korvaamisella tarkoitetaan vaarallisten kemikaalien ja valmistusprosessien korvaamista v\u00e4hemm\u00e4n vaarallisilla vaihtoehdoilla minimoidakseen vaarojen riskit. Vaara on mik\u00e4 tahansa, joka voi aiheuttaa vahinkoa, kuten vaaralliset kemikaalit, s\u00e4hk\u00f6, korkeat l\u00e4mp\u00f6tilat, ty\u00f6v\u00e4lineet tai liukas lattia. Esimerkkimme keskittyv\u00e4t &hellip; <a href=\"https:\/\/chesse.org\/fi\/riskien-arviointi-ja-korvaaminen\/korvaaminen\/\" class=\"more-link\">Jatka lukemista <span class=\"screen-reader-text\">Korvaaminen<\/span> <span class=\"meta-nav\">&rarr;<\/span><\/a><\/p>\n","protected":false},"author":43,"featured_media":0,"parent":12150,"menu_order":1,"comment_status":"closed","ping_status":"closed","template":"","meta":{"footnotes":""},"class_list":["post-12154","page","type-page","status-publish","hentry"],"yoast_head":"<!-- This site is optimized with the Yoast SEO plugin v27.4 - https:\/\/yoast.com\/product\/yoast-seo-wordpress\/ -->\n<title>Korvaaminen &#8211; Chemical Safety in Science Education<\/title>\n<meta name=\"description\" content=\"T\u00e4ss\u00e4 yhteydess\u00e4 korvaamisella tarkoitetaan vaarallisten kemikaalien tai valmistusprosessien poistamista tai korvaamista v\u00e4hemm\u00e4n vaarallisilla vaihtoehdoilla.\" \/>\n<meta name=\"robots\" content=\"index, follow, max-snippet:-1, max-image-preview:large, max-video-preview:-1\" \/>\n<link rel=\"canonical\" href=\"https:\/\/chesse.org\/fi\/riskien-arviointi-ja-korvaaminen\/korvaaminen\/\" \/>\n<meta property=\"og:locale\" content=\"fi_FI\" \/>\n<meta property=\"og:type\" content=\"article\" \/>\n<meta property=\"og:title\" content=\"Korvaaminen &#8211; Chemical Safety in Science Education\" \/>\n<meta property=\"og:description\" content=\"Korvaaminen on vaarallisten kemikaalien ja valmistusprosessien poistamista tai korvaamista v\u00e4hemm\u00e4n vaarallisilla vaihtoehdoilla.\" \/>\n<meta property=\"og:url\" content=\"https:\/\/chesse.org\/fi\/riskien-arviointi-ja-korvaaminen\/korvaaminen\/\" \/>\n<meta property=\"og:site_name\" content=\"Chemical Safety in Science Education\" \/>\n<meta property=\"article:modified_time\" content=\"2023-05-31T15:06:00+00:00\" \/>\n<meta property=\"og:image\" content=\"https:\/\/chesse.org\/wp-content\/uploads\/FI_the-five-steps-in-the-substitution-process.svg\" \/>\n<meta name=\"twitter:card\" content=\"summary_large_image\" \/>\n<script type=\"application\/ld+json\" class=\"yoast-schema-graph\">{\"@context\":\"https:\\\/\\\/schema.org\",\"@graph\":[{\"@type\":\"WebPage\",\"@id\":\"https:\\\/\\\/chesse.org\\\/fi\\\/riskien-arviointi-ja-korvaaminen\\\/korvaaminen\\\/\",\"url\":\"https:\\\/\\\/chesse.org\\\/fi\\\/riskien-arviointi-ja-korvaaminen\\\/korvaaminen\\\/\",\"name\":\"Korvaaminen &#8211; Chemical Safety in Science Education\",\"isPartOf\":{\"@id\":\"https:\\\/\\\/chesse.org\\\/fi\\\/#website\"},\"primaryImageOfPage\":{\"@id\":\"https:\\\/\\\/chesse.org\\\/fi\\\/riskien-arviointi-ja-korvaaminen\\\/korvaaminen\\\/#primaryimage\"},\"image\":{\"@id\":\"https:\\\/\\\/chesse.org\\\/fi\\\/riskien-arviointi-ja-korvaaminen\\\/korvaaminen\\\/#primaryimage\"},\"thumbnailUrl\":\"https:\\\/\\\/chesse.org\\\/wp-content\\\/uploads\\\/FI_the-five-steps-in-the-substitution-process.svg\",\"datePublished\":\"2022-12-01T08:29:11+00:00\",\"dateModified\":\"2023-05-31T15:06:00+00:00\",\"description\":\"T\u00e4ss\u00e4 yhteydess\u00e4 korvaamisella tarkoitetaan vaarallisten kemikaalien tai valmistusprosessien poistamista tai korvaamista v\u00e4hemm\u00e4n vaarallisilla vaihtoehdoilla.\",\"breadcrumb\":{\"@id\":\"https:\\\/\\\/chesse.org\\\/fi\\\/riskien-arviointi-ja-korvaaminen\\\/korvaaminen\\\/#breadcrumb\"},\"inLanguage\":\"fi\",\"potentialAction\":[{\"@type\":\"ReadAction\",\"target\":[\"https:\\\/\\\/chesse.org\\\/fi\\\/riskien-arviointi-ja-korvaaminen\\\/korvaaminen\\\/\"]}]},{\"@type\":\"ImageObject\",\"inLanguage\":\"fi\",\"@id\":\"https:\\\/\\\/chesse.org\\\/fi\\\/riskien-arviointi-ja-korvaaminen\\\/korvaaminen\\\/#primaryimage\",\"url\":\"https:\\\/\\\/chesse.org\\\/wp-content\\\/uploads\\\/FI_the-five-steps-in-the-substitution-process.svg\",\"contentUrl\":\"https:\\\/\\\/chesse.org\\\/wp-content\\\/uploads\\\/FI_the-five-steps-in-the-substitution-process.svg\"},{\"@type\":\"BreadcrumbList\",\"@id\":\"https:\\\/\\\/chesse.org\\\/fi\\\/riskien-arviointi-ja-korvaaminen\\\/korvaaminen\\\/#breadcrumb\",\"itemListElement\":[{\"@type\":\"ListItem\",\"position\":1,\"name\":\"Etusivu\",\"item\":\"https:\\\/\\\/chesse.org\\\/fi\\\/\"},{\"@type\":\"ListItem\",\"position\":2,\"name\":\"Riskien arviointi ja korvaaminen\",\"item\":\"https:\\\/\\\/chesse.org\\\/fi\\\/riskien-arviointi-ja-korvaaminen\\\/\"},{\"@type\":\"ListItem\",\"position\":3,\"name\":\"Korvaaminen\"}]},{\"@type\":\"WebSite\",\"@id\":\"https:\\\/\\\/chesse.org\\\/fi\\\/#website\",\"url\":\"https:\\\/\\\/chesse.org\\\/fi\\\/\",\"name\":\"Chemical Safety in Science Education\",\"description\":\"Condensed, up-to date information for science and chemistry teachers, head of schools and science teacher educators.\",\"publisher\":{\"@id\":\"https:\\\/\\\/chesse.org\\\/fi\\\/#organization\"},\"potentialAction\":[{\"@type\":\"SearchAction\",\"target\":{\"@type\":\"EntryPoint\",\"urlTemplate\":\"https:\\\/\\\/chesse.org\\\/fi\\\/?s={search_term_string}\"},\"query-input\":{\"@type\":\"PropertyValueSpecification\",\"valueRequired\":true,\"valueName\":\"search_term_string\"}}],\"inLanguage\":\"fi\"},{\"@type\":\"Organization\",\"@id\":\"https:\\\/\\\/chesse.org\\\/fi\\\/#organization\",\"name\":\"Online resources for Chemical Safety in Science Education\",\"url\":\"https:\\\/\\\/chesse.org\\\/fi\\\/\",\"logo\":{\"@type\":\"ImageObject\",\"inLanguage\":\"fi\",\"@id\":\"https:\\\/\\\/chesse.org\\\/fi\\\/#\\\/schema\\\/logo\\\/image\\\/\",\"url\":\"https:\\\/\\\/chesse.org\\\/wp-content\\\/uploads\\\/2020\\\/10\\\/CheSSE_logo-01.svg\",\"contentUrl\":\"https:\\\/\\\/chesse.org\\\/wp-content\\\/uploads\\\/2020\\\/10\\\/CheSSE_logo-01.svg\",\"width\":350,\"height\":100,\"caption\":\"Online resources for Chemical Safety in Science Education\"},\"image\":{\"@id\":\"https:\\\/\\\/chesse.org\\\/fi\\\/#\\\/schema\\\/logo\\\/image\\\/\"}}]}<\/script>\n<!-- \/ Yoast SEO plugin. -->","yoast_head_json":{"title":"Korvaaminen &#8211; Chemical Safety in Science Education","description":"T\u00e4ss\u00e4 yhteydess\u00e4 korvaamisella tarkoitetaan vaarallisten kemikaalien tai valmistusprosessien poistamista tai korvaamista v\u00e4hemm\u00e4n vaarallisilla vaihtoehdoilla.","robots":{"index":"index","follow":"follow","max-snippet":"max-snippet:-1","max-image-preview":"max-image-preview:large","max-video-preview":"max-video-preview:-1"},"canonical":"https:\/\/chesse.org\/fi\/riskien-arviointi-ja-korvaaminen\/korvaaminen\/","og_locale":"fi_FI","og_type":"article","og_title":"Korvaaminen &#8211; Chemical Safety in Science Education","og_description":"Korvaaminen on vaarallisten kemikaalien ja valmistusprosessien poistamista tai korvaamista v\u00e4hemm\u00e4n vaarallisilla vaihtoehdoilla.","og_url":"https:\/\/chesse.org\/fi\/riskien-arviointi-ja-korvaaminen\/korvaaminen\/","og_site_name":"Chemical Safety in Science Education","article_modified_time":"2023-05-31T15:06:00+00:00","og_image":[{"url":"https:\/\/chesse.org\/wp-content\/uploads\/FI_the-five-steps-in-the-substitution-process.svg","type":"","width":"","height":""}],"twitter_card":"summary_large_image","schema":{"@context":"https:\/\/schema.org","@graph":[{"@type":"WebPage","@id":"https:\/\/chesse.org\/fi\/riskien-arviointi-ja-korvaaminen\/korvaaminen\/","url":"https:\/\/chesse.org\/fi\/riskien-arviointi-ja-korvaaminen\/korvaaminen\/","name":"Korvaaminen &#8211; Chemical Safety in Science Education","isPartOf":{"@id":"https:\/\/chesse.org\/fi\/#website"},"primaryImageOfPage":{"@id":"https:\/\/chesse.org\/fi\/riskien-arviointi-ja-korvaaminen\/korvaaminen\/#primaryimage"},"image":{"@id":"https:\/\/chesse.org\/fi\/riskien-arviointi-ja-korvaaminen\/korvaaminen\/#primaryimage"},"thumbnailUrl":"https:\/\/chesse.org\/wp-content\/uploads\/FI_the-five-steps-in-the-substitution-process.svg","datePublished":"2022-12-01T08:29:11+00:00","dateModified":"2023-05-31T15:06:00+00:00","description":"T\u00e4ss\u00e4 yhteydess\u00e4 korvaamisella tarkoitetaan vaarallisten kemikaalien tai valmistusprosessien poistamista tai korvaamista v\u00e4hemm\u00e4n vaarallisilla vaihtoehdoilla.","breadcrumb":{"@id":"https:\/\/chesse.org\/fi\/riskien-arviointi-ja-korvaaminen\/korvaaminen\/#breadcrumb"},"inLanguage":"fi","potentialAction":[{"@type":"ReadAction","target":["https:\/\/chesse.org\/fi\/riskien-arviointi-ja-korvaaminen\/korvaaminen\/"]}]},{"@type":"ImageObject","inLanguage":"fi","@id":"https:\/\/chesse.org\/fi\/riskien-arviointi-ja-korvaaminen\/korvaaminen\/#primaryimage","url":"https:\/\/chesse.org\/wp-content\/uploads\/FI_the-five-steps-in-the-substitution-process.svg","contentUrl":"https:\/\/chesse.org\/wp-content\/uploads\/FI_the-five-steps-in-the-substitution-process.svg"},{"@type":"BreadcrumbList","@id":"https:\/\/chesse.org\/fi\/riskien-arviointi-ja-korvaaminen\/korvaaminen\/#breadcrumb","itemListElement":[{"@type":"ListItem","position":1,"name":"Etusivu","item":"https:\/\/chesse.org\/fi\/"},{"@type":"ListItem","position":2,"name":"Riskien arviointi ja korvaaminen","item":"https:\/\/chesse.org\/fi\/riskien-arviointi-ja-korvaaminen\/"},{"@type":"ListItem","position":3,"name":"Korvaaminen"}]},{"@type":"WebSite","@id":"https:\/\/chesse.org\/fi\/#website","url":"https:\/\/chesse.org\/fi\/","name":"Chemical Safety in Science Education","description":"Condensed, up-to date information for science and chemistry teachers, head of schools and science teacher educators.","publisher":{"@id":"https:\/\/chesse.org\/fi\/#organization"},"potentialAction":[{"@type":"SearchAction","target":{"@type":"EntryPoint","urlTemplate":"https:\/\/chesse.org\/fi\/?s={search_term_string}"},"query-input":{"@type":"PropertyValueSpecification","valueRequired":true,"valueName":"search_term_string"}}],"inLanguage":"fi"},{"@type":"Organization","@id":"https:\/\/chesse.org\/fi\/#organization","name":"Online resources for Chemical Safety in Science Education","url":"https:\/\/chesse.org\/fi\/","logo":{"@type":"ImageObject","inLanguage":"fi","@id":"https:\/\/chesse.org\/fi\/#\/schema\/logo\/image\/","url":"https:\/\/chesse.org\/wp-content\/uploads\/2020\/10\/CheSSE_logo-01.svg","contentUrl":"https:\/\/chesse.org\/wp-content\/uploads\/2020\/10\/CheSSE_logo-01.svg","width":350,"height":100,"caption":"Online resources for Chemical Safety in Science Education"},"image":{"@id":"https:\/\/chesse.org\/fi\/#\/schema\/logo\/image\/"}}]}},"_links":{"self":[{"href":"https:\/\/chesse.org\/fi\/wp-json\/wp\/v2\/pages\/12154","targetHints":{"allow":["GET"]}}],"collection":[{"href":"https:\/\/chesse.org\/fi\/wp-json\/wp\/v2\/pages"}],"about":[{"href":"https:\/\/chesse.org\/fi\/wp-json\/wp\/v2\/types\/page"}],"author":[{"embeddable":true,"href":"https:\/\/chesse.org\/fi\/wp-json\/wp\/v2\/users\/43"}],"replies":[{"embeddable":true,"href":"https:\/\/chesse.org\/fi\/wp-json\/wp\/v2\/comments?post=12154"}],"version-history":[{"count":21,"href":"https:\/\/chesse.org\/fi\/wp-json\/wp\/v2\/pages\/12154\/revisions"}],"predecessor-version":[{"id":14286,"href":"https:\/\/chesse.org\/fi\/wp-json\/wp\/v2\/pages\/12154\/revisions\/14286"}],"up":[{"embeddable":true,"href":"https:\/\/chesse.org\/fi\/wp-json\/wp\/v2\/pages\/12150"}],"wp:attachment":[{"href":"https:\/\/chesse.org\/fi\/wp-json\/wp\/v2\/media?parent=12154"}],"curies":[{"name":"wp","href":"https:\/\/api.w.org\/{rel}","templated":true}]}}