{"id":12158,"date":"2022-12-01T10:19:28","date_gmt":"2022-12-01T09:19:28","guid":{"rendered":"https:\/\/chesse.org\/tietosuojakaytanto\/"},"modified":"2026-03-13T15:00:33","modified_gmt":"2026-03-13T14:00:33","slug":"tietosuojakaytanto","status":"publish","type":"page","link":"https:\/\/chesse.org\/fi\/tietosuojakaytanto\/","title":{"rendered":"Tietosuoja"},"content":{"rendered":"\t\t<div data-elementor-type=\"wp-page\" data-elementor-id=\"12158\" class=\"elementor elementor-12158 elementor-46\" data-elementor-post-type=\"page\">\n\t\t\t\t\t\t<section class=\"elementor-section elementor-top-section elementor-element elementor-element-1e045498 mainLeft elementor-section-boxed elementor-section-height-default elementor-section-height-default\" data-id=\"1e045498\" data-element_type=\"section\" data-e-type=\"section\">\n\t\t\t\t\t\t<div class=\"elementor-container elementor-column-gap-default\">\n\t\t\t\t\t<div class=\"elementor-column elementor-col-100 elementor-top-column elementor-element elementor-element-6ae1532e\" data-id=\"6ae1532e\" data-element_type=\"column\" data-e-type=\"column\">\n\t\t\t<div class=\"elementor-widget-wrap elementor-element-populated\">\n\t\t\t\t\t\t<div class=\"elementor-element elementor-element-5d5d572a elementor-widget elementor-widget-text-editor\" data-id=\"5d5d572a\" data-element_type=\"widget\" data-e-type=\"widget\" data-widget_type=\"text-editor.default\">\n\t\t\t\t<div class=\"elementor-widget-container\">\n\t\t\t\t\t\t\t\t\t<h2>Keite me olemme?<\/h2><p>Online Resources for Chemical Safety in Science Education <em>CheSSE<\/em> on <a href=\"https:\/\/ec.europa.eu\/programmes\/erasmus-plus\/projects\/eplus-project-details\/#project\/2020-1-SE01-KA201-077945\">kolmivuotinen ERASMUS+ -projekti<\/a>, joka alkoi 1. syyskuuta 2020 ja loppuu 31. elokuuta 2023. Verkkosivumme osoite on https:\/\/chesse.org.<\/p><p>Projektia toteuttavat Oslon yliopisto (Norja), Helsingin yliopisto (Suomi), Ljubljanan yliopisto (Slovenia) ja Tukholman yliopisto (Ruotsi). CheSSE:n tavoitteena on kehitt\u00e4\u00e4 tiiviit\u00e4 ajan tasalla olevia online-resursseja koulujen kemikaaliturvallisuudesta.<\/p><p>Norjan tiedeopetuksen keskus Oslon yliopistosta (UiO) on t\u00e4ll\u00e4 verkkosivustolla olevien henkil\u00f6tietojen rekisterinpit\u00e4j\u00e4.<\/p><h2>Verkkoanalytiikka<\/h2><p>Norjan tiedeopetuksen keskus ker\u00e4\u00e4 Chesse.org-sivuston k\u00e4yt\u00f6st\u00e4 tilastotietoja Plausible.io-sovelluksella. Tarkoituksena on dokumentoida sivuston k\u00e4ytt\u00f6\u00e4 sek\u00e4 ker\u00e4t\u00e4 tietoja sen kehitt\u00e4miseen. Plausible.io ei k\u00e4yt\u00e4 ev\u00e4steit\u00e4 eik\u00e4 ker\u00e4\u00e4 henkil\u00f6tietoja. <br><a href=\"https:\/\/plausible.io\/data-policy\" target=\"_blank\" rel=\"noopener\">Lis\u00e4tietoja sovelluksesta on saatavilla osoitteessa Plausible.io<\/a><\/p><h2>Ev\u00e4steet ja paikallinen tallennus<\/h2><p>chesse.org ei k\u00e4yt\u00e4 ev\u00e4steit\u00e4, ellet ole sis\u00e4lle kirjautunut kirjailija tai k\u00e4\u00e4nt\u00e4j\u00e4. Katso lis\u00e4tietoja alta.<\/p><p>Joillakin verkkosivuston sivuilla on upotettuja videoita Vimeosta. N\u00e4m\u00e4 ladataan Do Not Track -parametrilla (dnt=true), joka est\u00e4\u00e4 Vimeoa seuraamasta istuntotietoja ja rajoittaa ev\u00e4steet vain niihin, joita soittimen turvallinen toiminta edellytt\u00e4\u00e4: player_clearance, cf_clearance, _cf_bm ja _cfuvid.  <br><a href=\"https:\/\/help.vimeo.com\/hc\/en-us\/articles\/26080940921361-Vimeo-Player-Cookies\">Lis\u00e4tietoja on saatavilla Vimeossa<\/a>.<\/p><p>H5P-oppimiskokonaisuuksia sis\u00e4lt\u00e4vill\u00e4 sivuilla H5P-liit\u00e4nn\u00e4inen tallentaa selaimen paikalliseen tallennustilaan yhden yksil\u00f6llisen tunnisteen (H5PUserUUID). T\u00e4t\u00e4 tunnistetta k\u00e4ytet\u00e4\u00e4n vain muistamaan vuorovaikutuksesi H5P-toimintojen kanssa chesse.org-sivustolla (esimerkiksi edistymisen jatkamiseksi tai samojen sis\u00e4ll\u00f6n kehotusten toistuvan n\u00e4ytt\u00e4misen v\u00e4ltt\u00e4miseksi). Paikallinen tallennustila on rajattu vain t\u00e4h\u00e4n sivustoon, eik\u00e4 sit\u00e4 voida k\u00e4ytt\u00e4\u00e4 sivustojen v\u00e4liseen seurantaan. Jos haluat poistaa t\u00e4m\u00e4n tunnisteen, voit tyhjent\u00e4\u00e4 sivuston tiedot tai paikallisen tallennuksen selaimen asetusten kautta.   <\/p><h2>Verkkosivuston tekij\u00f6ille ja k\u00e4\u00e4nt\u00e4jille<\/h2><p>Tallennamme kirjoittajien ja k\u00e4\u00e4nt\u00e4jien antamat henkil\u00f6tiedot heid\u00e4n k\u00e4ytt\u00e4j\u00e4profiileihinsa. Kaikki k\u00e4ytt\u00e4j\u00e4t voivat n\u00e4hd\u00e4, muokata tai poistaa henkil\u00f6kohtaisia tietojaan milloin tahansa, mutta he eiv\u00e4t voi muuttaa k\u00e4ytt\u00e4j\u00e4tunnustaan. Verkkosivustojen yll\u00e4pit\u00e4j\u00e4t voivat my\u00f6s n\u00e4hd\u00e4 ja muokata n\u00e4it\u00e4 tietoja.<\/p><p>Kun k\u00e4yt\u00e4t WPML-laajennusta, t\u00e4m\u00e4 laajennus jakaa sivustoa koskevia tietoja Installerin kautta. Mit\u00e4\u00e4n tietoja k\u00e4ytt\u00e4j\u00e4lt\u00e4 itselt\u00e4\u00e4n ei jaeta. WPML Media Translation l\u00e4hett\u00e4\u00e4 jokaisen manager-k\u00e4ytt\u00e4j\u00e4n ja k\u00e4\u00e4nt\u00e4j\u00e4n s\u00e4hk\u00f6postiosoitteen ja nimen sek\u00e4 itse sis\u00e4ll\u00f6n Advanced Translation Editorille ja k\u00e4ytetyille k\u00e4\u00e4nn\u00f6spalveluille. WPML Media Translation l\u00e4hett\u00e4\u00e4 jokaisen manager-k\u00e4ytt\u00e4j\u00e4n ja k\u00e4\u00e4nt\u00e4j\u00e4n s\u00e4hk\u00f6postiosoitteen ja nimen sek\u00e4 itse sis\u00e4ll\u00f6n Advanced Translation Editorille ja k\u00e4ytetyille k\u00e4\u00e4nn\u00f6spalveluille. WPML String Translation l\u00e4hett\u00e4\u00e4 kaikki merkkijonot WPML:n Advanced Translation Editorille ja k\u00e4ytetyille k\u00e4\u00e4nn\u00f6spalveluille.<\/p><p>Ev\u00e4steet:<\/p><ul><li>Kun vierailet kirjautumissivullamme, asetamme v\u00e4liaikaisen ev\u00e4steen m\u00e4\u00e4ritt\u00e4\u00e4ksemme, hyv\u00e4ksyyk\u00f6 selaimesi ev\u00e4steet. T\u00e4m\u00e4 ev\u00e4ste ei sis\u00e4ll\u00e4 henkil\u00f6tietoja, ja se hyl\u00e4t\u00e4\u00e4n, kun suljet selaimesi.<\/li><li>Kun kirjaudut sis\u00e4\u00e4n, asetamme my\u00f6s useita ev\u00e4steit\u00e4 tallentaaksemme kirjautumistietosi ja n\u00e4yt\u00f6n valintasi. Kirjautumisev\u00e4steet kest\u00e4v\u00e4t kaksi p\u00e4iv\u00e4\u00e4 ja n\u00e4ytt\u00f6asetusev\u00e4steet vuoden. Jos valitset &#8221;Muista minut&#8221;, kirjautumisesi s\u00e4ilyy kaksi viikkoa.<\/li><li>Jos kirjaudut ulos tililt\u00e4si, kirjautumisev\u00e4steet poistetaan.<\/li><li>Jos muokkaat tai julkaiset artikkelin, selaimeesi tallennetaan lis\u00e4ev\u00e4ste. T\u00e4m\u00e4 ev\u00e4ste ei sis\u00e4ll\u00e4 henkil\u00f6tietoja, ja se osoittaa yksinkertaisesti juuri muokkaamasi artikkelin ID:n. Se vanhenee 1 vuorokauden kuluttua.<\/li><li>WPML k\u00e4ytt\u00e4\u00e4 ev\u00e4steit\u00e4 tunnistaakseen vierailijan nykyisen kielen, viimeksi vieraillun kielen ja sis\u00e4\u00e4nkirjautuneiden k\u00e4ytt\u00e4jien kielen.<\/li><\/ul><h2>Yhteystiedot<\/h2><p><a href=\"mailto:contact@chesse.org\">yhteydenotto@chesse.org<\/a><\/p>\t\t\t\t\t\t\t\t<\/div>\n\t\t\t\t<\/div>\n\t\t\t\t\t<\/div>\n\t\t<\/div>\n\t\t\t\t\t<\/div>\n\t\t<\/section>\n\t\t\t\t<\/div>\n\t\t","protected":false},"excerpt":{"rendered":"<p>Keite me olemme? Online Resources for Chemical Safety in Science Education CheSSE on kolmivuotinen ERASMUS+ -projekti, joka alkoi 1. syyskuuta 2020 ja loppuu 31. elokuuta 2023. Verkkosivumme osoite on https:\/\/chesse.org. Projektia toteuttavat Oslon yliopisto (Norja), Helsingin yliopisto (Suomi), Ljubljanan yliopisto (Slovenia) ja Tukholman yliopisto (Ruotsi). CheSSE:n tavoitteena on kehitt\u00e4\u00e4 tiiviit\u00e4 ajan tasalla olevia online-resursseja koulujen &hellip; <a href=\"https:\/\/chesse.org\/fi\/tietosuojakaytanto\/\" class=\"more-link\">Jatka lukemista <span class=\"screen-reader-text\">Tietosuoja<\/span> <span class=\"meta-nav\">&rarr;<\/span><\/a><\/p>\n","protected":false},"author":43,"featured_media":0,"parent":0,"menu_order":12,"comment_status":"closed","ping_status":"closed","template":"","meta":{"footnotes":""},"class_list":["post-12158","page","type-page","status-publish","hentry"],"yoast_head":"<!-- This site is optimized with the Yoast SEO plugin v27.3 - https:\/\/yoast.com\/product\/yoast-seo-wordpress\/ -->\n<title>Tietosuoja &#8211; Chemical Safety in Science Education<\/title>\n<meta name=\"robots\" content=\"index, follow, max-snippet:-1, max-image-preview:large, max-video-preview:-1\" \/>\n<link rel=\"canonical\" href=\"https:\/\/chesse.org\/fi\/tietosuojakaytanto\/\" \/>\n<meta property=\"og:locale\" content=\"fi_FI\" \/>\n<meta property=\"og:type\" content=\"article\" \/>\n<meta property=\"og:title\" content=\"Tietosuoja &#8211; Chemical Safety in Science Education\" \/>\n<meta property=\"og:description\" content=\"Keite me olemme? Online Resources for Chemical Safety in Science Education CheSSE on kolmivuotinen ERASMUS+ -projekti, joka alkoi 1. syyskuuta 2020 ja loppuu 31. elokuuta 2023. Verkkosivumme osoite on https:\/\/chesse.org. Projektia toteuttavat Oslon yliopisto (Norja), Helsingin yliopisto (Suomi), Ljubljanan yliopisto (Slovenia) ja Tukholman yliopisto (Ruotsi). CheSSE:n tavoitteena on kehitt\u00e4\u00e4 tiiviit\u00e4 ajan tasalla olevia online-resursseja koulujen &hellip; Jatka lukemista Tietosuoja &rarr;\" \/>\n<meta property=\"og:url\" content=\"https:\/\/chesse.org\/fi\/tietosuojakaytanto\/\" \/>\n<meta property=\"og:site_name\" content=\"Chemical Safety in Science Education\" \/>\n<meta property=\"article:modified_time\" content=\"2026-03-13T14:00:33+00:00\" \/>\n<meta property=\"og:image\" content=\"https:\/\/chesse.org\/wp-content\/uploads\/2022\/06\/chesse-sharing.png\" \/>\n\t<meta property=\"og:image:width\" content=\"1200\" \/>\n\t<meta property=\"og:image:height\" content=\"630\" \/>\n\t<meta property=\"og:image:type\" content=\"image\/png\" \/>\n<meta name=\"twitter:card\" content=\"summary_large_image\" \/>\n<script type=\"application\/ld+json\" class=\"yoast-schema-graph\">{\"@context\":\"https:\\\/\\\/schema.org\",\"@graph\":[{\"@type\":\"WebPage\",\"@id\":\"https:\\\/\\\/chesse.org\\\/fi\\\/tietosuojakaytanto\\\/\",\"url\":\"https:\\\/\\\/chesse.org\\\/fi\\\/tietosuojakaytanto\\\/\",\"name\":\"Tietosuoja &#8211; Chemical Safety in Science Education\",\"isPartOf\":{\"@id\":\"https:\\\/\\\/chesse.org\\\/fi\\\/#website\"},\"datePublished\":\"2022-12-01T09:19:28+00:00\",\"dateModified\":\"2026-03-13T14:00:33+00:00\",\"breadcrumb\":{\"@id\":\"https:\\\/\\\/chesse.org\\\/fi\\\/tietosuojakaytanto\\\/#breadcrumb\"},\"inLanguage\":\"fi\",\"potentialAction\":[{\"@type\":\"ReadAction\",\"target\":[\"https:\\\/\\\/chesse.org\\\/fi\\\/tietosuojakaytanto\\\/\"]}]},{\"@type\":\"BreadcrumbList\",\"@id\":\"https:\\\/\\\/chesse.org\\\/fi\\\/tietosuojakaytanto\\\/#breadcrumb\",\"itemListElement\":[{\"@type\":\"ListItem\",\"position\":1,\"name\":\"Etusivu\",\"item\":\"https:\\\/\\\/chesse.org\\\/fi\\\/\"},{\"@type\":\"ListItem\",\"position\":2,\"name\":\"Tietosuoja\"}]},{\"@type\":\"WebSite\",\"@id\":\"https:\\\/\\\/chesse.org\\\/fi\\\/#website\",\"url\":\"https:\\\/\\\/chesse.org\\\/fi\\\/\",\"name\":\"Chemical Safety in Science Education\",\"description\":\"Condensed, up-to date information for science and chemistry teachers, head of schools and science teacher educators.\",\"publisher\":{\"@id\":\"https:\\\/\\\/chesse.org\\\/fi\\\/#organization\"},\"potentialAction\":[{\"@type\":\"SearchAction\",\"target\":{\"@type\":\"EntryPoint\",\"urlTemplate\":\"https:\\\/\\\/chesse.org\\\/fi\\\/?s={search_term_string}\"},\"query-input\":{\"@type\":\"PropertyValueSpecification\",\"valueRequired\":true,\"valueName\":\"search_term_string\"}}],\"inLanguage\":\"fi\"},{\"@type\":\"Organization\",\"@id\":\"https:\\\/\\\/chesse.org\\\/fi\\\/#organization\",\"name\":\"Online resources for Chemical Safety in Science Education\",\"url\":\"https:\\\/\\\/chesse.org\\\/fi\\\/\",\"logo\":{\"@type\":\"ImageObject\",\"inLanguage\":\"fi\",\"@id\":\"https:\\\/\\\/chesse.org\\\/fi\\\/#\\\/schema\\\/logo\\\/image\\\/\",\"url\":\"https:\\\/\\\/chesse.org\\\/wp-content\\\/uploads\\\/2020\\\/10\\\/CheSSE_logo-01.svg\",\"contentUrl\":\"https:\\\/\\\/chesse.org\\\/wp-content\\\/uploads\\\/2020\\\/10\\\/CheSSE_logo-01.svg\",\"width\":350,\"height\":100,\"caption\":\"Online resources for Chemical Safety in Science Education\"},\"image\":{\"@id\":\"https:\\\/\\\/chesse.org\\\/fi\\\/#\\\/schema\\\/logo\\\/image\\\/\"}}]}<\/script>\n<!-- \/ Yoast SEO plugin. -->","yoast_head_json":{"title":"Tietosuoja &#8211; Chemical Safety in Science Education","robots":{"index":"index","follow":"follow","max-snippet":"max-snippet:-1","max-image-preview":"max-image-preview:large","max-video-preview":"max-video-preview:-1"},"canonical":"https:\/\/chesse.org\/fi\/tietosuojakaytanto\/","og_locale":"fi_FI","og_type":"article","og_title":"Tietosuoja &#8211; Chemical Safety in Science Education","og_description":"Keite me olemme? Online Resources for Chemical Safety in Science Education CheSSE on kolmivuotinen ERASMUS+ -projekti, joka alkoi 1. syyskuuta 2020 ja loppuu 31. elokuuta 2023. Verkkosivumme osoite on https:\/\/chesse.org. Projektia toteuttavat Oslon yliopisto (Norja), Helsingin yliopisto (Suomi), Ljubljanan yliopisto (Slovenia) ja Tukholman yliopisto (Ruotsi). CheSSE:n tavoitteena on kehitt\u00e4\u00e4 tiiviit\u00e4 ajan tasalla olevia online-resursseja koulujen &hellip; Jatka lukemista Tietosuoja &rarr;","og_url":"https:\/\/chesse.org\/fi\/tietosuojakaytanto\/","og_site_name":"Chemical Safety in Science Education","article_modified_time":"2026-03-13T14:00:33+00:00","og_image":[{"width":1200,"height":630,"url":"https:\/\/chesse.org\/wp-content\/uploads\/2022\/06\/chesse-sharing.png","type":"image\/png"}],"twitter_card":"summary_large_image","schema":{"@context":"https:\/\/schema.org","@graph":[{"@type":"WebPage","@id":"https:\/\/chesse.org\/fi\/tietosuojakaytanto\/","url":"https:\/\/chesse.org\/fi\/tietosuojakaytanto\/","name":"Tietosuoja &#8211; Chemical Safety in Science Education","isPartOf":{"@id":"https:\/\/chesse.org\/fi\/#website"},"datePublished":"2022-12-01T09:19:28+00:00","dateModified":"2026-03-13T14:00:33+00:00","breadcrumb":{"@id":"https:\/\/chesse.org\/fi\/tietosuojakaytanto\/#breadcrumb"},"inLanguage":"fi","potentialAction":[{"@type":"ReadAction","target":["https:\/\/chesse.org\/fi\/tietosuojakaytanto\/"]}]},{"@type":"BreadcrumbList","@id":"https:\/\/chesse.org\/fi\/tietosuojakaytanto\/#breadcrumb","itemListElement":[{"@type":"ListItem","position":1,"name":"Etusivu","item":"https:\/\/chesse.org\/fi\/"},{"@type":"ListItem","position":2,"name":"Tietosuoja"}]},{"@type":"WebSite","@id":"https:\/\/chesse.org\/fi\/#website","url":"https:\/\/chesse.org\/fi\/","name":"Chemical Safety in Science Education","description":"Condensed, up-to date information for science and chemistry teachers, head of schools and science teacher educators.","publisher":{"@id":"https:\/\/chesse.org\/fi\/#organization"},"potentialAction":[{"@type":"SearchAction","target":{"@type":"EntryPoint","urlTemplate":"https:\/\/chesse.org\/fi\/?s={search_term_string}"},"query-input":{"@type":"PropertyValueSpecification","valueRequired":true,"valueName":"search_term_string"}}],"inLanguage":"fi"},{"@type":"Organization","@id":"https:\/\/chesse.org\/fi\/#organization","name":"Online resources for Chemical Safety in Science Education","url":"https:\/\/chesse.org\/fi\/","logo":{"@type":"ImageObject","inLanguage":"fi","@id":"https:\/\/chesse.org\/fi\/#\/schema\/logo\/image\/","url":"https:\/\/chesse.org\/wp-content\/uploads\/2020\/10\/CheSSE_logo-01.svg","contentUrl":"https:\/\/chesse.org\/wp-content\/uploads\/2020\/10\/CheSSE_logo-01.svg","width":350,"height":100,"caption":"Online resources for Chemical Safety in Science Education"},"image":{"@id":"https:\/\/chesse.org\/fi\/#\/schema\/logo\/image\/"}}]}},"_links":{"self":[{"href":"https:\/\/chesse.org\/fi\/wp-json\/wp\/v2\/pages\/12158","targetHints":{"allow":["GET"]}}],"collection":[{"href":"https:\/\/chesse.org\/fi\/wp-json\/wp\/v2\/pages"}],"about":[{"href":"https:\/\/chesse.org\/fi\/wp-json\/wp\/v2\/types\/page"}],"author":[{"embeddable":true,"href":"https:\/\/chesse.org\/fi\/wp-json\/wp\/v2\/users\/43"}],"replies":[{"embeddable":true,"href":"https:\/\/chesse.org\/fi\/wp-json\/wp\/v2\/comments?post=12158"}],"version-history":[{"count":19,"href":"https:\/\/chesse.org\/fi\/wp-json\/wp\/v2\/pages\/12158\/revisions"}],"predecessor-version":[{"id":16692,"href":"https:\/\/chesse.org\/fi\/wp-json\/wp\/v2\/pages\/12158\/revisions\/16692"}],"wp:attachment":[{"href":"https:\/\/chesse.org\/fi\/wp-json\/wp\/v2\/media?parent=12158"}],"curies":[{"name":"wp","href":"https:\/\/api.w.org\/{rel}","templated":true}]}}