{"id":11041,"date":"2022-11-11T18:45:59","date_gmt":"2022-11-11T17:45:59","guid":{"rendered":"https:\/\/chesse.org\/tilgjengelighetserklaering\/"},"modified":"2023-01-26T12:02:42","modified_gmt":"2023-01-26T11:02:42","slug":"tilgjengelighetserklaering","status":"publish","type":"page","link":"https:\/\/chesse.org\/no\/tilgjengelighetserklaering\/","title":{"rendered":"Tilgjengelighetserkl\u00e6ring"},"content":{"rendered":"\t\t<div data-elementor-type=\"wp-page\" data-elementor-id=\"11041\" class=\"elementor elementor-11041 elementor-11027\" data-elementor-post-type=\"page\">\n\t\t\t\t\t\t<section class=\"elementor-section elementor-top-section elementor-element elementor-element-d762a7d mainLeft elementor-section-boxed elementor-section-height-default elementor-section-height-default\" data-id=\"d762a7d\" data-element_type=\"section\" data-e-type=\"section\">\n\t\t\t\t\t\t<div class=\"elementor-container elementor-column-gap-default\">\n\t\t\t\t\t<div class=\"elementor-column elementor-col-100 elementor-top-column elementor-element elementor-element-afdec77\" data-id=\"afdec77\" data-element_type=\"column\" data-e-type=\"column\">\n\t\t\t<div class=\"elementor-widget-wrap elementor-element-populated\">\n\t\t\t\t\t\t<div class=\"elementor-element elementor-element-a3ccf7a elementor-widget elementor-widget-text-editor\" data-id=\"a3ccf7a\" data-element_type=\"widget\" data-e-type=\"widget\" data-widget_type=\"text-editor.default\">\n\t\t\t\t<div class=\"elementor-widget-container\">\n\t\t\t\t\t\t\t\t\t<p><a href=\"https:\/\/uustatus.no\/nb\/erklaringer\/publisert\/9919ec9b-a6f4-4f0c-bec8-73fdaa80a36d\">Tilgjengelighetserkl\u00e6ring for chesse.org\/no p\u00e5 uustatus.no<\/a><\/p><h2>Tilbakemelding<\/h2><p>Har du tilbakemeldinger om avvik p\u00e5 universell utforming p\u00e5 chesse.org, ta kontakt: <a href=\"mailto:kontakt@chesse.org\">kontakt@chesse.org<\/a><\/p>\t\t\t\t\t\t\t\t<\/div>\n\t\t\t\t<\/div>\n\t\t\t\t\t<\/div>\n\t\t<\/div>\n\t\t\t\t\t<\/div>\n\t\t<\/section>\n\t\t\t\t<\/div>\n\t\t","protected":false},"excerpt":{"rendered":"<p>Tilgjengelighetserkl\u00e6ring for chesse.org\/no p\u00e5 uustatus.no Tilbakemelding Har du tilbakemeldinger om avvik p\u00e5 universell utforming p\u00e5 chesse.org, ta kontakt: kontakt@chesse.org<\/p>\n","protected":false},"author":50,"featured_media":0,"parent":0,"menu_order":11,"comment_status":"closed","ping_status":"closed","template":"","meta":{"footnotes":""},"class_list":["post-11041","page","type-page","status-publish","hentry"],"yoast_head":"<!-- This site is optimized with the Yoast SEO plugin v27.5 - https:\/\/yoast.com\/product\/yoast-seo-wordpress\/ -->\n<title>Tilgjengelighetserkl\u00e6ring &#8211; Kjemikaliesikkerhet i naturfag og kjemi<\/title>\n<meta name=\"robots\" content=\"index, follow, max-snippet:-1, max-image-preview:large, max-video-preview:-1\" \/>\n<link rel=\"canonical\" href=\"https:\/\/chesse.org\/no\/tilgjengelighetserklaering\/\" \/>\n<meta property=\"og:locale\" content=\"nb_NO\" \/>\n<meta property=\"og:type\" content=\"article\" \/>\n<meta property=\"og:title\" content=\"Tilgjengelighetserkl\u00e6ring &#8211; Kjemikaliesikkerhet i naturfag og kjemi\" \/>\n<meta property=\"og:description\" content=\"Tilgjengelighetserkl\u00e6ring for chesse.org\/no p\u00e5 uustatus.no Tilbakemelding Har du tilbakemeldinger om avvik p\u00e5 universell utforming p\u00e5 chesse.org, ta kontakt: kontakt@chesse.org\" \/>\n<meta property=\"og:url\" content=\"https:\/\/chesse.org\/no\/tilgjengelighetserklaering\/\" \/>\n<meta property=\"og:site_name\" content=\"Kjemikaliesikkerhet i naturfag og kjemi\" \/>\n<meta property=\"article:modified_time\" content=\"2023-01-26T11:02:42+00:00\" \/>\n<meta property=\"og:image\" content=\"https:\/\/chesse.org\/wp-content\/uploads\/2022\/06\/chesse-sharing.png\" \/>\n\t<meta property=\"og:image:width\" content=\"1200\" \/>\n\t<meta property=\"og:image:height\" content=\"630\" \/>\n\t<meta property=\"og:image:type\" content=\"image\/png\" \/>\n<meta name=\"twitter:card\" content=\"summary_large_image\" \/>\n<script type=\"application\/ld+json\" class=\"yoast-schema-graph\">{\"@context\":\"https:\\\/\\\/schema.org\",\"@graph\":[{\"@type\":\"WebPage\",\"@id\":\"https:\\\/\\\/chesse.org\\\/no\\\/tilgjengelighetserklaering\\\/\",\"url\":\"https:\\\/\\\/chesse.org\\\/no\\\/tilgjengelighetserklaering\\\/\",\"name\":\"Tilgjengelighetserkl\u00e6ring &#8211; Kjemikaliesikkerhet i naturfag og kjemi\",\"isPartOf\":{\"@id\":\"https:\\\/\\\/chesse.org\\\/no\\\/#website\"},\"datePublished\":\"2022-11-11T17:45:59+00:00\",\"dateModified\":\"2023-01-26T11:02:42+00:00\",\"breadcrumb\":{\"@id\":\"https:\\\/\\\/chesse.org\\\/no\\\/tilgjengelighetserklaering\\\/#breadcrumb\"},\"inLanguage\":\"nb-NO\",\"potentialAction\":[{\"@type\":\"ReadAction\",\"target\":[\"https:\\\/\\\/chesse.org\\\/no\\\/tilgjengelighetserklaering\\\/\"]}]},{\"@type\":\"BreadcrumbList\",\"@id\":\"https:\\\/\\\/chesse.org\\\/no\\\/tilgjengelighetserklaering\\\/#breadcrumb\",\"itemListElement\":[{\"@type\":\"ListItem\",\"position\":1,\"name\":\"Hjem\",\"item\":\"https:\\\/\\\/chesse.org\\\/no\\\/\"},{\"@type\":\"ListItem\",\"position\":2,\"name\":\"Tilgjengelighetserkl\u00e6ring\"}]},{\"@type\":\"WebSite\",\"@id\":\"https:\\\/\\\/chesse.org\\\/no\\\/#website\",\"url\":\"https:\\\/\\\/chesse.org\\\/no\\\/\",\"name\":\"Kjemikaliesikkerhet i naturfag og kjemi\",\"description\":\"Kortfattet, oppdatert informasjon for naturfag- og kjemil\u00e6rere, skoleledere og l\u00e6rerutdannere.\",\"publisher\":{\"@id\":\"https:\\\/\\\/chesse.org\\\/no\\\/#organization\"},\"potentialAction\":[{\"@type\":\"SearchAction\",\"target\":{\"@type\":\"EntryPoint\",\"urlTemplate\":\"https:\\\/\\\/chesse.org\\\/no\\\/?s={search_term_string}\"},\"query-input\":{\"@type\":\"PropertyValueSpecification\",\"valueRequired\":true,\"valueName\":\"search_term_string\"}}],\"inLanguage\":\"nb-NO\"},{\"@type\":\"Organization\",\"@id\":\"https:\\\/\\\/chesse.org\\\/no\\\/#organization\",\"name\":\"Online resources for Chemical Safety in Science Education\",\"url\":\"https:\\\/\\\/chesse.org\\\/no\\\/\",\"logo\":{\"@type\":\"ImageObject\",\"inLanguage\":\"nb-NO\",\"@id\":\"https:\\\/\\\/chesse.org\\\/no\\\/#\\\/schema\\\/logo\\\/image\\\/\",\"url\":\"https:\\\/\\\/chesse.org\\\/wp-content\\\/uploads\\\/2020\\\/10\\\/CheSSE_logo-01.svg\",\"contentUrl\":\"https:\\\/\\\/chesse.org\\\/wp-content\\\/uploads\\\/2020\\\/10\\\/CheSSE_logo-01.svg\",\"width\":350,\"height\":100,\"caption\":\"Online resources for Chemical Safety in Science Education\"},\"image\":{\"@id\":\"https:\\\/\\\/chesse.org\\\/no\\\/#\\\/schema\\\/logo\\\/image\\\/\"}}]}<\/script>\n<!-- \/ Yoast SEO plugin. -->","yoast_head_json":{"title":"Tilgjengelighetserkl\u00e6ring &#8211; Kjemikaliesikkerhet i naturfag og kjemi","robots":{"index":"index","follow":"follow","max-snippet":"max-snippet:-1","max-image-preview":"max-image-preview:large","max-video-preview":"max-video-preview:-1"},"canonical":"https:\/\/chesse.org\/no\/tilgjengelighetserklaering\/","og_locale":"nb_NO","og_type":"article","og_title":"Tilgjengelighetserkl\u00e6ring &#8211; Kjemikaliesikkerhet i naturfag og kjemi","og_description":"Tilgjengelighetserkl\u00e6ring for chesse.org\/no p\u00e5 uustatus.no Tilbakemelding Har du tilbakemeldinger om avvik p\u00e5 universell utforming p\u00e5 chesse.org, ta kontakt: kontakt@chesse.org","og_url":"https:\/\/chesse.org\/no\/tilgjengelighetserklaering\/","og_site_name":"Kjemikaliesikkerhet i naturfag og kjemi","article_modified_time":"2023-01-26T11:02:42+00:00","og_image":[{"width":1200,"height":630,"url":"https:\/\/chesse.org\/wp-content\/uploads\/2022\/06\/chesse-sharing.png","type":"image\/png"}],"twitter_card":"summary_large_image","schema":{"@context":"https:\/\/schema.org","@graph":[{"@type":"WebPage","@id":"https:\/\/chesse.org\/no\/tilgjengelighetserklaering\/","url":"https:\/\/chesse.org\/no\/tilgjengelighetserklaering\/","name":"Tilgjengelighetserkl\u00e6ring &#8211; Kjemikaliesikkerhet i naturfag og kjemi","isPartOf":{"@id":"https:\/\/chesse.org\/no\/#website"},"datePublished":"2022-11-11T17:45:59+00:00","dateModified":"2023-01-26T11:02:42+00:00","breadcrumb":{"@id":"https:\/\/chesse.org\/no\/tilgjengelighetserklaering\/#breadcrumb"},"inLanguage":"nb-NO","potentialAction":[{"@type":"ReadAction","target":["https:\/\/chesse.org\/no\/tilgjengelighetserklaering\/"]}]},{"@type":"BreadcrumbList","@id":"https:\/\/chesse.org\/no\/tilgjengelighetserklaering\/#breadcrumb","itemListElement":[{"@type":"ListItem","position":1,"name":"Hjem","item":"https:\/\/chesse.org\/no\/"},{"@type":"ListItem","position":2,"name":"Tilgjengelighetserkl\u00e6ring"}]},{"@type":"WebSite","@id":"https:\/\/chesse.org\/no\/#website","url":"https:\/\/chesse.org\/no\/","name":"Kjemikaliesikkerhet i naturfag og kjemi","description":"Kortfattet, oppdatert informasjon for naturfag- og kjemil\u00e6rere, skoleledere og l\u00e6rerutdannere.","publisher":{"@id":"https:\/\/chesse.org\/no\/#organization"},"potentialAction":[{"@type":"SearchAction","target":{"@type":"EntryPoint","urlTemplate":"https:\/\/chesse.org\/no\/?s={search_term_string}"},"query-input":{"@type":"PropertyValueSpecification","valueRequired":true,"valueName":"search_term_string"}}],"inLanguage":"nb-NO"},{"@type":"Organization","@id":"https:\/\/chesse.org\/no\/#organization","name":"Online resources for Chemical Safety in Science Education","url":"https:\/\/chesse.org\/no\/","logo":{"@type":"ImageObject","inLanguage":"nb-NO","@id":"https:\/\/chesse.org\/no\/#\/schema\/logo\/image\/","url":"https:\/\/chesse.org\/wp-content\/uploads\/2020\/10\/CheSSE_logo-01.svg","contentUrl":"https:\/\/chesse.org\/wp-content\/uploads\/2020\/10\/CheSSE_logo-01.svg","width":350,"height":100,"caption":"Online resources for Chemical Safety in Science Education"},"image":{"@id":"https:\/\/chesse.org\/no\/#\/schema\/logo\/image\/"}}]}},"_links":{"self":[{"href":"https:\/\/chesse.org\/no\/wp-json\/wp\/v2\/pages\/11041","targetHints":{"allow":["GET"]}}],"collection":[{"href":"https:\/\/chesse.org\/no\/wp-json\/wp\/v2\/pages"}],"about":[{"href":"https:\/\/chesse.org\/no\/wp-json\/wp\/v2\/types\/page"}],"author":[{"embeddable":true,"href":"https:\/\/chesse.org\/no\/wp-json\/wp\/v2\/users\/50"}],"replies":[{"embeddable":true,"href":"https:\/\/chesse.org\/no\/wp-json\/wp\/v2\/comments?post=11041"}],"version-history":[{"count":22,"href":"https:\/\/chesse.org\/no\/wp-json\/wp\/v2\/pages\/11041\/revisions"}],"predecessor-version":[{"id":12904,"href":"https:\/\/chesse.org\/no\/wp-json\/wp\/v2\/pages\/11041\/revisions\/12904"}],"wp:attachment":[{"href":"https:\/\/chesse.org\/no\/wp-json\/wp\/v2\/media?parent=11041"}],"curies":[{"name":"wp","href":"https:\/\/api.w.org\/{rel}","templated":true}]}}