{"id":11620,"date":"2022-11-25T12:26:39","date_gmt":"2022-11-25T11:26:39","guid":{"rendered":"https:\/\/chesse.org\/personvernerklaering\/"},"modified":"2026-02-24T10:35:57","modified_gmt":"2026-02-24T09:35:57","slug":"personvernerklaering","status":"publish","type":"page","link":"https:\/\/chesse.org\/no\/personvernerklaering\/","title":{"rendered":"Personvernerkl\u00e6ring"},"content":{"rendered":"\t\t<div data-elementor-type=\"wp-page\" data-elementor-id=\"11620\" class=\"elementor elementor-11620 elementor-46\" data-elementor-post-type=\"page\">\n\t\t\t\t\t\t<section class=\"elementor-section elementor-top-section elementor-element elementor-element-1e045498 mainLeft elementor-section-boxed elementor-section-height-default elementor-section-height-default\" data-id=\"1e045498\" data-element_type=\"section\" data-e-type=\"section\">\n\t\t\t\t\t\t<div class=\"elementor-container elementor-column-gap-default\">\n\t\t\t\t\t<div class=\"elementor-column elementor-col-100 elementor-top-column elementor-element elementor-element-6ae1532e\" data-id=\"6ae1532e\" data-element_type=\"column\" data-e-type=\"column\">\n\t\t\t<div class=\"elementor-widget-wrap elementor-element-populated\">\n\t\t\t\t\t\t<div class=\"elementor-element elementor-element-5d5d572a elementor-widget elementor-widget-text-editor\" data-id=\"5d5d572a\" data-element_type=\"widget\" data-e-type=\"widget\" data-widget_type=\"text-editor.default\">\n\t\t\t\t<div class=\"elementor-widget-container\">\n\t\t\t\t\t\t\t\t\t<h2>Hvem vi er<\/h2><p>Online Resources for Chemical Safety in Science Education, <em>CheSSE<\/em>, er <a href=\"https:\/\/ec.europa.eu\/programmes\/erasmus-plus\/projects\/eplus-project-details\/#project\/2020-1-SE01-KA201-077945\">et tre\u00e5rig ERASMUS+-prosjekt<\/a> som startet 1. september 2020 og avsluttes 31. august 2023. V\u00e5r nettsideadresse er: https:\/\/chesse.org.<\/p><p>Deltakerne i prosjektet er Universitetet i Oslo, Universitetet i Helsinki, Universitetet i Ljubljana og Stockholm Universitet. M\u00e5let med CheSSE er \u00e5 utvikle en kortfattet og oppdatert nettressurs om sikkerhet i skolens naturfag- og kjemiundervisning.<\/p><p>Naturfagsenteret, Nasjonalt senter for naturfag i oppl\u00e6ringa, ved Universitetet i Oslo (UiO) er behandlingsansvarlig for personopplysninger p\u00e5 denne nettsiden.<\/p><h2>Statistikk over bes\u00f8k<\/h2><p>Naturfagsenteret samler inn enkel webstatistikk for chesse.org med verkt\u00f8yet Plausible.io. Form\u00e5let med dette er \u00e5 utarbeide statistikk som vi bruker for \u00e5 dokumentere bruk, samt forbedre og videreutvikle nettstedet. Plausible.io bruker ikke informasjonskapsler og samler ikke inn persondata. <br><a href=\"https:\/\/plausible.io\/data-policy\" target=\"_blank\" rel=\"noopener\">Mer info hos Plausible.io<\/a><\/p><h2>Informasjonskapsler og lokal lagring<\/h2><p>chesse.org bruker ikke informasjonskapsler med mindre du er forfatter eller oversetter som logger p\u00e5, se nedenfor.<\/p><p>Noen sider p\u00e5 nettstedet inneholder innebygde videoer fra Vimeo. Disse lastes inn med parameteren Do Not Track (dnt=true), som hindrer Vimeo i \u00e5 spore \u00f8ktdata og begrenser informasjonskapsler til kun de som er n\u00f8dvendige for sikker drift av avspilleren: player_clearance, cf_clearance, _cf_bm og _cfuvid.  <br><a href=\"https:\/\/help.vimeo.com\/hc\/en-us\/articles\/26080940921361-Vimeo-Player-Cookies\">Mer info hos Vimeo<\/a>.<\/p><p>P\u00e5 sider som inneholder H5P-objekter, lagrer H5P-pluginen en enkelt unik identifikator (H5PUserUUID) i nettleserens lokale lagring. Denne identifikatoren brukes kun til \u00e5 huske dine interaksjoner med H5P-objekter p\u00e5 chesse.org. Lokal lagring er avgrenset til denne nettsiden og kan ikke brukes til sporing p\u00e5 tvers av nettsteder. Hvis du \u00f8nsker \u00e5 fjerne denne identifikatoren, kan du t\u00f8mme nettsteddataene eller lokal lagring via nettleserinnstillingene dine.   <\/p><h2>For forfattere og oversettere av nettstedet<\/h2><p>Vi lagrer personlig informasjon som forfattere og oversetter ev. oppgir i brukerprofilen. Alle brukere kan se, redigere eller slette sin personlige informasjon n\u00e5r som helst (bortsett fra at de ikke kan endre brukernavnet sitt). Nettstedsadministratorer kan ogs\u00e5 se og redigere denne informasjonen.<\/p><p>Mens du bruker plugin-modulen WPML, vil denne plugin-en dele data om nettstedet gjennom installasjonsprogrammet. Ingen data fra brukeren selv vil bli delt. WPML Media Translation vil sende e-postadressen og navnet til brukeren og tildelt oversetter samt selve innholdet til Advanced Translation Editor og ev. til oversettelsestjenestene som brukes. WPML Translation Management vil sende e-postadressen og navnet til brukeren og tildelt oversetter samt selve innholdet til Advanced Translation Editor og ev. til oversettelsestjenestene som brukes. WPML String Translation vil sende alle tekststrenger til WPMLs Advanced Translation Editor og ev. til oversettelsestjenestene som brukes.<\/p><p>Informasjonskapsler:<\/p><ul><li>N\u00e5r du bes\u00f8ker p\u00e5loggingssiden v\u00e5r, vil vi sette en midlertidig informasjonskapsel for \u00e5 avgj\u00f8re om nettleseren din godtar informasjonskapsler. Denne informasjonskapselen inneholder ingen personlige data og blir forkastet n\u00e5r du lukker nettleseren din.<\/li><li>N\u00e5r du logger inn, vil vi ogs\u00e5 sette opp flere informasjonskapsler for \u00e5 lagre p\u00e5loggingsinformasjonen og skjermvisningsvalgene dine. Innloggingsinformasjonskapsler varer i to dager, og informasjonskapsler for skjermalternativer varer i ett \u00e5r. Hvis du velger &laquo;Husk meg&raquo;, vil p\u00e5loggingen vedvare i to uker.<\/li><li>Hvis du logger ut av kontoen din, vil informasjonskapslene for p\u00e5logging bli fjernet.<\/li><li>Hvis du redigerer eller publiserer en side, vil en ekstra informasjonskapsel bli lagret i nettleseren din. Denne informasjonskapselen inneholder ingen personlige data og indikerer bare post-ID-en til siden du nettopp redigerte. Den utl\u00f8per etter \u00e9n dag.<\/li><li>WPML bruker informasjonskapsler for \u00e5 identifisere bes\u00f8kendes gjeldende spr\u00e5k, det sist bes\u00f8kte spr\u00e5ket og spr\u00e5ket til brukere som har logget p\u00e5.<\/li><\/ul><h2>Kontaktinformasjon<\/h2><p><a href=\"mailto:contact@chesse.org\">kontakt@chesse.org<\/a><\/p>\t\t\t\t\t\t\t\t<\/div>\n\t\t\t\t<\/div>\n\t\t\t\t\t<\/div>\n\t\t<\/div>\n\t\t\t\t\t<\/div>\n\t\t<\/section>\n\t\t\t\t<\/div>\n\t\t","protected":false},"excerpt":{"rendered":"<p>Hvem vi er Online Resources for Chemical Safety in Science Education, CheSSE, er et tre\u00e5rig ERASMUS+-prosjekt som startet 1. september 2020 og avsluttes 31. august 2023. V\u00e5r nettsideadresse er: https:\/\/chesse.org. Deltakerne i prosjektet er Universitetet i Oslo, Universitetet i Helsinki, Universitetet i Ljubljana og Stockholm Universitet. M\u00e5let med CheSSE er \u00e5 utvikle en kortfattet og &hellip; <a href=\"https:\/\/chesse.org\/no\/personvernerklaering\/\" class=\"more-link\">Fortsett \u00e5 lese <span class=\"screen-reader-text\">Personvernerkl\u00e6ring<\/span> <span class=\"meta-nav\">&rarr;<\/span><\/a><\/p>\n","protected":false},"author":43,"featured_media":0,"parent":0,"menu_order":12,"comment_status":"closed","ping_status":"closed","template":"","meta":{"footnotes":""},"class_list":["post-11620","page","type-page","status-publish","hentry"],"yoast_head":"<!-- This site is optimized with the Yoast SEO plugin v27.3 - https:\/\/yoast.com\/product\/yoast-seo-wordpress\/ -->\n<title>Personvernerkl\u00e6ring &#8211; Kjemikaliesikkerhet i naturfag og kjemi<\/title>\n<meta name=\"robots\" content=\"index, follow, max-snippet:-1, max-image-preview:large, max-video-preview:-1\" \/>\n<link rel=\"canonical\" href=\"https:\/\/chesse.org\/no\/personvernerklaering\/\" \/>\n<meta property=\"og:locale\" content=\"nb_NO\" \/>\n<meta property=\"og:type\" content=\"article\" \/>\n<meta property=\"og:title\" content=\"Personvernerkl\u00e6ring &#8211; Kjemikaliesikkerhet i naturfag og kjemi\" \/>\n<meta property=\"og:description\" content=\"Hvem vi er Online Resources for Chemical Safety in Science Education, CheSSE, er et tre\u00e5rig ERASMUS+-prosjekt som startet 1. september 2020 og avsluttes 31. august 2023. V\u00e5r nettsideadresse er: https:\/\/chesse.org. Deltakerne i prosjektet er Universitetet i Oslo, Universitetet i Helsinki, Universitetet i Ljubljana og Stockholm Universitet. M\u00e5let med CheSSE er \u00e5 utvikle en kortfattet og &hellip; Fortsett \u00e5 lese Personvernerkl\u00e6ring &rarr;\" \/>\n<meta property=\"og:url\" content=\"https:\/\/chesse.org\/no\/personvernerklaering\/\" \/>\n<meta property=\"og:site_name\" content=\"Kjemikaliesikkerhet i naturfag og kjemi\" \/>\n<meta property=\"article:modified_time\" content=\"2026-02-24T09:35:57+00:00\" \/>\n<meta property=\"og:image\" content=\"https:\/\/chesse.org\/wp-content\/uploads\/2022\/06\/chesse-sharing.png\" \/>\n\t<meta property=\"og:image:width\" content=\"1200\" \/>\n\t<meta property=\"og:image:height\" content=\"630\" \/>\n\t<meta property=\"og:image:type\" content=\"image\/png\" \/>\n<meta name=\"twitter:card\" content=\"summary_large_image\" \/>\n<script type=\"application\/ld+json\" class=\"yoast-schema-graph\">{\"@context\":\"https:\\\/\\\/schema.org\",\"@graph\":[{\"@type\":\"WebPage\",\"@id\":\"https:\\\/\\\/chesse.org\\\/no\\\/personvernerklaering\\\/\",\"url\":\"https:\\\/\\\/chesse.org\\\/no\\\/personvernerklaering\\\/\",\"name\":\"Personvernerkl\u00e6ring &#8211; Kjemikaliesikkerhet i naturfag og kjemi\",\"isPartOf\":{\"@id\":\"https:\\\/\\\/chesse.org\\\/no\\\/#website\"},\"datePublished\":\"2022-11-25T11:26:39+00:00\",\"dateModified\":\"2026-02-24T09:35:57+00:00\",\"breadcrumb\":{\"@id\":\"https:\\\/\\\/chesse.org\\\/no\\\/personvernerklaering\\\/#breadcrumb\"},\"inLanguage\":\"nb-NO\",\"potentialAction\":[{\"@type\":\"ReadAction\",\"target\":[\"https:\\\/\\\/chesse.org\\\/no\\\/personvernerklaering\\\/\"]}]},{\"@type\":\"BreadcrumbList\",\"@id\":\"https:\\\/\\\/chesse.org\\\/no\\\/personvernerklaering\\\/#breadcrumb\",\"itemListElement\":[{\"@type\":\"ListItem\",\"position\":1,\"name\":\"Hjem\",\"item\":\"https:\\\/\\\/chesse.org\\\/no\\\/\"},{\"@type\":\"ListItem\",\"position\":2,\"name\":\"Personvernerkl\u00e6ring\"}]},{\"@type\":\"WebSite\",\"@id\":\"https:\\\/\\\/chesse.org\\\/no\\\/#website\",\"url\":\"https:\\\/\\\/chesse.org\\\/no\\\/\",\"name\":\"Kjemikaliesikkerhet i naturfag og kjemi\",\"description\":\"Kortfattet, oppdatert informasjon for naturfag- og kjemil\u00e6rere, skoleledere og l\u00e6rerutdannere.\",\"publisher\":{\"@id\":\"https:\\\/\\\/chesse.org\\\/no\\\/#organization\"},\"potentialAction\":[{\"@type\":\"SearchAction\",\"target\":{\"@type\":\"EntryPoint\",\"urlTemplate\":\"https:\\\/\\\/chesse.org\\\/no\\\/?s={search_term_string}\"},\"query-input\":{\"@type\":\"PropertyValueSpecification\",\"valueRequired\":true,\"valueName\":\"search_term_string\"}}],\"inLanguage\":\"nb-NO\"},{\"@type\":\"Organization\",\"@id\":\"https:\\\/\\\/chesse.org\\\/no\\\/#organization\",\"name\":\"Online resources for Chemical Safety in Science Education\",\"url\":\"https:\\\/\\\/chesse.org\\\/no\\\/\",\"logo\":{\"@type\":\"ImageObject\",\"inLanguage\":\"nb-NO\",\"@id\":\"https:\\\/\\\/chesse.org\\\/no\\\/#\\\/schema\\\/logo\\\/image\\\/\",\"url\":\"https:\\\/\\\/chesse.org\\\/wp-content\\\/uploads\\\/2020\\\/10\\\/CheSSE_logo-01.svg\",\"contentUrl\":\"https:\\\/\\\/chesse.org\\\/wp-content\\\/uploads\\\/2020\\\/10\\\/CheSSE_logo-01.svg\",\"width\":350,\"height\":100,\"caption\":\"Online resources for Chemical Safety in Science Education\"},\"image\":{\"@id\":\"https:\\\/\\\/chesse.org\\\/no\\\/#\\\/schema\\\/logo\\\/image\\\/\"}}]}<\/script>\n<!-- \/ Yoast SEO plugin. -->","yoast_head_json":{"title":"Personvernerkl\u00e6ring &#8211; Kjemikaliesikkerhet i naturfag og kjemi","robots":{"index":"index","follow":"follow","max-snippet":"max-snippet:-1","max-image-preview":"max-image-preview:large","max-video-preview":"max-video-preview:-1"},"canonical":"https:\/\/chesse.org\/no\/personvernerklaering\/","og_locale":"nb_NO","og_type":"article","og_title":"Personvernerkl\u00e6ring &#8211; Kjemikaliesikkerhet i naturfag og kjemi","og_description":"Hvem vi er Online Resources for Chemical Safety in Science Education, CheSSE, er et tre\u00e5rig ERASMUS+-prosjekt som startet 1. september 2020 og avsluttes 31. august 2023. V\u00e5r nettsideadresse er: https:\/\/chesse.org. Deltakerne i prosjektet er Universitetet i Oslo, Universitetet i Helsinki, Universitetet i Ljubljana og Stockholm Universitet. M\u00e5let med CheSSE er \u00e5 utvikle en kortfattet og &hellip; Fortsett \u00e5 lese Personvernerkl\u00e6ring &rarr;","og_url":"https:\/\/chesse.org\/no\/personvernerklaering\/","og_site_name":"Kjemikaliesikkerhet i naturfag og kjemi","article_modified_time":"2026-02-24T09:35:57+00:00","og_image":[{"width":1200,"height":630,"url":"https:\/\/chesse.org\/wp-content\/uploads\/2022\/06\/chesse-sharing.png","type":"image\/png"}],"twitter_card":"summary_large_image","schema":{"@context":"https:\/\/schema.org","@graph":[{"@type":"WebPage","@id":"https:\/\/chesse.org\/no\/personvernerklaering\/","url":"https:\/\/chesse.org\/no\/personvernerklaering\/","name":"Personvernerkl\u00e6ring &#8211; Kjemikaliesikkerhet i naturfag og kjemi","isPartOf":{"@id":"https:\/\/chesse.org\/no\/#website"},"datePublished":"2022-11-25T11:26:39+00:00","dateModified":"2026-02-24T09:35:57+00:00","breadcrumb":{"@id":"https:\/\/chesse.org\/no\/personvernerklaering\/#breadcrumb"},"inLanguage":"nb-NO","potentialAction":[{"@type":"ReadAction","target":["https:\/\/chesse.org\/no\/personvernerklaering\/"]}]},{"@type":"BreadcrumbList","@id":"https:\/\/chesse.org\/no\/personvernerklaering\/#breadcrumb","itemListElement":[{"@type":"ListItem","position":1,"name":"Hjem","item":"https:\/\/chesse.org\/no\/"},{"@type":"ListItem","position":2,"name":"Personvernerkl\u00e6ring"}]},{"@type":"WebSite","@id":"https:\/\/chesse.org\/no\/#website","url":"https:\/\/chesse.org\/no\/","name":"Kjemikaliesikkerhet i naturfag og kjemi","description":"Kortfattet, oppdatert informasjon for naturfag- og kjemil\u00e6rere, skoleledere og l\u00e6rerutdannere.","publisher":{"@id":"https:\/\/chesse.org\/no\/#organization"},"potentialAction":[{"@type":"SearchAction","target":{"@type":"EntryPoint","urlTemplate":"https:\/\/chesse.org\/no\/?s={search_term_string}"},"query-input":{"@type":"PropertyValueSpecification","valueRequired":true,"valueName":"search_term_string"}}],"inLanguage":"nb-NO"},{"@type":"Organization","@id":"https:\/\/chesse.org\/no\/#organization","name":"Online resources for Chemical Safety in Science Education","url":"https:\/\/chesse.org\/no\/","logo":{"@type":"ImageObject","inLanguage":"nb-NO","@id":"https:\/\/chesse.org\/no\/#\/schema\/logo\/image\/","url":"https:\/\/chesse.org\/wp-content\/uploads\/2020\/10\/CheSSE_logo-01.svg","contentUrl":"https:\/\/chesse.org\/wp-content\/uploads\/2020\/10\/CheSSE_logo-01.svg","width":350,"height":100,"caption":"Online resources for Chemical Safety in Science Education"},"image":{"@id":"https:\/\/chesse.org\/no\/#\/schema\/logo\/image\/"}}]}},"_links":{"self":[{"href":"https:\/\/chesse.org\/no\/wp-json\/wp\/v2\/pages\/11620","targetHints":{"allow":["GET"]}}],"collection":[{"href":"https:\/\/chesse.org\/no\/wp-json\/wp\/v2\/pages"}],"about":[{"href":"https:\/\/chesse.org\/no\/wp-json\/wp\/v2\/types\/page"}],"author":[{"embeddable":true,"href":"https:\/\/chesse.org\/no\/wp-json\/wp\/v2\/users\/43"}],"replies":[{"embeddable":true,"href":"https:\/\/chesse.org\/no\/wp-json\/wp\/v2\/comments?post=11620"}],"version-history":[{"count":19,"href":"https:\/\/chesse.org\/no\/wp-json\/wp\/v2\/pages\/11620\/revisions"}],"predecessor-version":[{"id":16351,"href":"https:\/\/chesse.org\/no\/wp-json\/wp\/v2\/pages\/11620\/revisions\/16351"}],"wp:attachment":[{"href":"https:\/\/chesse.org\/no\/wp-json\/wp\/v2\/media?parent=11620"}],"curies":[{"name":"wp","href":"https:\/\/api.w.org\/{rel}","templated":true}]}}