{"id":13653,"date":"2023-03-19T20:38:45","date_gmt":"2023-03-19T19:38:45","guid":{"rendered":"https:\/\/chesse.org\/gronn-kjemi\/de-tolv-prinsippene-i-gronn-kjemi\/"},"modified":"2023-04-25T08:14:30","modified_gmt":"2023-04-25T06:14:30","slug":"hva-er-gronn-kjemi","status":"publish","type":"page","link":"https:\/\/chesse.org\/no\/gronn-kjemi\/hva-er-gronn-kjemi\/","title":{"rendered":"Hva er gr\u00f8nn kjemi?"},"content":{"rendered":"\t\t<div data-elementor-type=\"wp-page\" data-elementor-id=\"13653\" class=\"elementor elementor-13653 elementor-9158\" data-elementor-post-type=\"page\">\n\t\t\t\t\t\t<section class=\"elementor-section elementor-top-section elementor-element elementor-element-5278eec elementor-section-boxed elementor-section-height-default elementor-section-height-default\" data-id=\"5278eec\" data-element_type=\"section\" data-e-type=\"section\">\n\t\t\t\t\t\t<div class=\"elementor-container elementor-column-gap-default\">\n\t\t\t\t\t<div class=\"elementor-column elementor-col-100 elementor-top-column elementor-element elementor-element-2c6b074\" data-id=\"2c6b074\" data-element_type=\"column\" data-e-type=\"column\">\n\t\t\t<div class=\"elementor-widget-wrap elementor-element-populated\">\n\t\t\t\t\t\t<div class=\"elementor-element elementor-element-3c4ffe1 standfirst elementor-widget elementor-widget-text-editor\" data-id=\"3c4ffe1\" data-element_type=\"widget\" data-e-type=\"widget\" data-widget_type=\"text-editor.default\">\n\t\t\t\t<div class=\"elementor-widget-container\">\n\t\t\t\t\t\t\t\t\t<p>Gr\u00f8nn kjemi er basert p\u00e5 tolv prinsipper som skal bidra til mer milj\u00f8vennlig og b\u00e6rekraftig kjemi.<\/p>\t\t\t\t\t\t\t\t<\/div>\n\t\t\t\t<\/div>\n\t\t\t\t<div class=\"elementor-element elementor-element-745b79b elementor-toc--content-ellipsis elementor-toc--minimized-on-none elementor-widget elementor-widget-table-of-contents\" data-id=\"745b79b\" data-element_type=\"widget\" data-e-type=\"widget\" data-settings=\"{&quot;headings_by_tags&quot;:[&quot;h2&quot;],&quot;exclude_headings_by_selector&quot;:&quot;.noTOC&quot;,&quot;marker_view&quot;:&quot;bullets&quot;,&quot;minimized_on&quot;:&quot;none&quot;,&quot;icon&quot;:{&quot;value&quot;:&quot;fas fa-circle&quot;,&quot;library&quot;:&quot;fa-solid&quot;},&quot;no_headings_message&quot;:&quot;No headings were found on this page.&quot;,&quot;minimize_box&quot;:&quot;yes&quot;,&quot;hierarchical_view&quot;:&quot;yes&quot;,&quot;min_height&quot;:{&quot;unit&quot;:&quot;px&quot;,&quot;size&quot;:&quot;&quot;,&quot;sizes&quot;:[]},&quot;min_height_tablet&quot;:{&quot;unit&quot;:&quot;px&quot;,&quot;size&quot;:&quot;&quot;,&quot;sizes&quot;:[]},&quot;min_height_mobile&quot;:{&quot;unit&quot;:&quot;px&quot;,&quot;size&quot;:&quot;&quot;,&quot;sizes&quot;:[]}}\" data-widget_type=\"table-of-contents.default\">\n\t\t\t\t<div class=\"elementor-widget-container\">\n\t\t\t\t\t\t\t\t\t<div class=\"elementor-toc__header\">\n\t\t\t\t\t\t<div class=\"elementor-toc__header-title\">\n\t\t\t\tInnhold\t\t\t<\/div>\n\t\t\t\t\t\t\t\t\t\t<div class=\"elementor-toc__toggle-button elementor-toc__toggle-button--expand\" role=\"button\" tabindex=\"0\" aria-controls=\"elementor-toc__745b79b\" aria-expanded=\"true\" aria-label=\"Open table of contents\"><i aria-hidden=\"true\" class=\"fas fa-chevron-down\"><\/i><\/div>\n\t\t\t\t<div class=\"elementor-toc__toggle-button elementor-toc__toggle-button--collapse\" role=\"button\" tabindex=\"0\" aria-controls=\"elementor-toc__745b79b\" aria-expanded=\"true\" aria-label=\"Close table of contents\"><i aria-hidden=\"true\" class=\"fas fa-chevron-up\"><\/i><\/div>\n\t\t\t\t\t<\/div>\n\t\t\t\t<div id=\"elementor-toc__745b79b\" class=\"elementor-toc__body\">\n\t\t\t<div class=\"elementor-toc__spinner-container\">\n\t\t\t\t<i class=\"elementor-toc__spinner eicon-animation-spin eicon-loading\" aria-hidden=\"true\"><\/i>\t\t\t<\/div>\n\t\t<\/div>\n\t\t\t\t\t\t<\/div>\n\t\t\t\t<\/div>\n\t\t\t\t<div class=\"elementor-element elementor-element-08cb767 elementor-widget elementor-widget-text-editor\" data-id=\"08cb767\" data-element_type=\"widget\" data-e-type=\"widget\" data-widget_type=\"text-editor.default\">\n\t\t\t\t<div class=\"elementor-widget-container\">\n\t\t\t\t\t\t\t\t\t<h2>Hva er gr\u00f8nn kjemi?<\/h2><p>Gr\u00f8nn kjemi tar sikte p\u00e5 \u00e5 utvikle b\u00e6rekraftige og milj\u00f8vennlige kjemiske produkter og prosesser p\u00e5 en m\u00e5te som reduserer eller unng\u00e5r bruk og produksjon av farlige stoffer. Dette inneb\u00e6rer avfallsforebygging og energisparing, og vurdering av hele livssyklusen til produkter, blant annet ved \u00e5 bruke fornybare r\u00e5varer og designe produkter slik at de brytes ned p\u00e5 en milj\u00f8vennlig m\u00e5te.\u00a0<\/p><p>Gr\u00f8nn kjemi baserer seg p\u00e5 tolv prinsipper introdusert av Paul Anastas og John Warner i 1998 i boken <i>Green Chemistry: Theory and Practice<\/i> og handler om hele livssyklusen til kjemisk framstilte produkter. Selv om det ikke er mulig \u00e5 gj\u00f8re alle kjemiske prosesser og produkter helt milj\u00f8vennlige, kan man redusere den negative p\u00e5virkningen ved \u00e5 f\u00f8lge de tolv prinsippene i utformingen, utviklingen og bruken av kjemiske produkter og prosesser.<\/p>\t\t\t\t\t\t\t\t<\/div>\n\t\t\t\t<\/div>\n\t\t\t\t<div class=\"elementor-element elementor-element-45254f6 elementor-widget elementor-widget-text-editor\" data-id=\"45254f6\" data-element_type=\"widget\" data-e-type=\"widget\" data-widget_type=\"text-editor.default\">\n\t\t\t\t<div class=\"elementor-widget-container\">\n\t\t\t\t\t\t\t\t\t<h2>De tolv prinsippene i gr\u00f8nn kjemi<\/h2><div class=\"GCP-waste-prevention\"><h3>1. Avfallsforebygging<\/h3><p>Avfallsforebygging har som m\u00e5l \u00e5 redusere eller eliminere avfall fra kjemiske prosesser for \u00e5 \u00f8ke ressurseffektiviteten og redusere milj\u00f8p\u00e5virkningen. Eksempler er \u00e5 minimere mengden avfall, gjenbruk og resirkulering av avfallsmateriale.<\/p><\/div><div class=\"GCP-atom-economy\"><h3>2. Atom\u00f8konomi<\/h3><p>Synteser b\u00f8r designes slik at atomer som inng\u00e5r i utgangsstoffene i st\u00f8rst mulig grad inng\u00e5r i det endelige produktet.<\/p><\/div><div class=\"GCP-less-hazardous-chemical-synthesis\"><h3>3. Mindre farlige kjemiske synteser<\/h3><p>Fremstilling av kjemiske stoffer og materialer b\u00f8r v\u00e6re minst mulig farlige for menneskers helse og for milj\u00f8et.<\/p><\/div><div class=\"GCP-designing-safer-chemicals\"><h3>4. Lag tryggere kjemikalier<\/h3><p>Fremstillingen av kjemiske stoffer og materialer b\u00f8r optimaliseres slik at stoffene som brukes og dannes har \u00f8nsket funksjon og er mest mulig effektive samtidig som skadelige effekter p\u00e5 helse og milj\u00f8 minimaliseres.<\/p><\/div><div class=\"GCP-safer-solvents-and-auxiliaries\"><h3>5. Bruk tryggere l\u00f8semidler og hjelpestoffer<\/h3><p>L\u00f8semidler og andre hjelpestoffer er stoffer som brukes for \u00e5 lette eller forbedre reaksjonsprosessen, uten \u00e5 v\u00e6re direkte involvert i reaksjonen. Bruken av l\u00f8semidler og andre hjelpestoffer b\u00f8r unng\u00e5s der det er mulig. N\u00e5r slike stoffer er n\u00f8dvendig, b\u00f8r man velge de som er minst skadelige for helse og milj\u00f8.<\/p><\/div><div class=\"GCP-design-for-energy-efficiency\"><h3>6. Energieffektivitet<\/h3><p>Kjemiske prosesser b\u00f8r designes slik at de krever minst mulig energi. M\u00e5let er at synteser utf\u00f8res ved romtemperatur og vanlig trykk.<\/p><\/div><div class=\"GCP-use-of-renewable-feedstock\"><h3>7. Bruk fornybare r\u00e5materialer<\/h3><p>Hvis mulig, bruk fornybare r\u00e5materialer.<\/p><\/div><div class=\"GCP-reduce-derivatives\"><h3>8. Minimer derivatisering<\/h3><p>Ved \u00e5 begrense bruken av mellomtrinn eller reaksjonsprodukter som ikke inng\u00e5r direkte i det \u00f8nskede sluttproduktet fra kjemiske synteser, kan mengden avfall fra og ressurser som brukes i syntesen reduseres. Dette kan ogs\u00e5 redusere risikoen for forurensning og u\u00f8nskede biprodukter og gi lavere energiforbruk.<\/p><\/div><div class=\"GCP-catalysis\"><h3>9. Katalyse<\/h3><p>Katalyse er prosessen med \u00e5 \u00f8ke hastigheten p\u00e5 en kjemisk reaksjon ved \u00e5 bruke en katalysator. Katalysatorer gj\u00f8r det mulig \u00e5 produsere st\u00f8rre mengder av en \u00f8nsket forbindelse p\u00e5 kortere tid, og med mindre energi- og materialkostnader. Katalysatorer kan ogs\u00e5 forbedre effektiviteten av en reaksjon ved \u00e5 favorisere dannelsen av \u00f8nsket produkt over u\u00f8nskede biprodukter.<\/p><\/div><div class=\"GCP-design-for-degradation\"><h3>10. Design for nedbryting<\/h3><p>Kjemiske stoffer og materialer m\u00e5 designes slik at n\u00e5r de ikke lenger kan brukes, brytes de ned til ufarlige stoffer som ikke akkumulerer i milj\u00f8et.<\/p><\/div><div class=\"GCP-real-time-analysis-for-pollution-prevention\"><h3>11. Sanntidsanalyse og overv\u00e5king<\/h3><p>Analytiske metoder m\u00e5 forbedres slik at det blir mulig \u00e5 overv\u00e5ke og kontrollere prosesser i sanntid og f\u00f8r farlige stoffer dannes.<\/p><\/div><div class=\"GCP-inherently-safer-chemistry-for-accident-prevention\"><h3>12. Tryggere kjemikalier og prosesser for ulykkesforebygging<\/h3><p>For \u00e5 minimere risikoen for uhell og ulykker b\u00f8r man velge trygge prosesser og trygge kjemikalier.<\/p><\/div>\t\t\t\t\t\t\t\t<\/div>\n\t\t\t\t<\/div>\n\t\t\t\t\t<\/div>\n\t\t<\/div>\n\t\t\t\t\t<\/div>\n\t\t<\/section>\n\t\t\t\t<\/div>\n\t\t","protected":false},"excerpt":{"rendered":"<p>Gr\u00f8nn kjemi er basert p\u00e5 tolv prinsipper som skal bidra til mer milj\u00f8vennlig og b\u00e6rekraftig kjemi. Innhold Hva er gr\u00f8nn kjemi? Gr\u00f8nn kjemi tar sikte p\u00e5 \u00e5 utvikle b\u00e6rekraftige og milj\u00f8vennlige kjemiske produkter og prosesser p\u00e5 en m\u00e5te som reduserer eller unng\u00e5r bruk og produksjon av farlige stoffer. Dette inneb\u00e6rer avfallsforebygging og energisparing, og vurdering &hellip; <a href=\"https:\/\/chesse.org\/no\/gronn-kjemi\/hva-er-gronn-kjemi\/\" class=\"more-link\">Fortsett \u00e5 lese <span class=\"screen-reader-text\">Hva er gr\u00f8nn kjemi?<\/span> <span class=\"meta-nav\">&rarr;<\/span><\/a><\/p>\n","protected":false},"author":50,"featured_media":0,"parent":9828,"menu_order":0,"comment_status":"closed","ping_status":"closed","template":"","meta":{"footnotes":""},"class_list":["post-13653","page","type-page","status-publish","hentry"],"yoast_head":"<!-- This site is optimized with the Yoast SEO plugin v27.5 - https:\/\/yoast.com\/product\/yoast-seo-wordpress\/ -->\n<title>Hva er gr\u00f8nn kjemi? &#8211; Kjemikaliesikkerhet i naturfag og kjemi<\/title>\n<meta name=\"description\" content=\"Gr\u00f8nn kjemi er basert p\u00e5 tolv prinsipper som skal bidra til mer milj\u00f8vennlig og b\u00e6rekraftig kjemi.\" \/>\n<meta name=\"robots\" content=\"index, follow, max-snippet:-1, max-image-preview:large, max-video-preview:-1\" \/>\n<link rel=\"canonical\" href=\"https:\/\/chesse.org\/no\/gronn-kjemi\/hva-er-gronn-kjemi\/\" \/>\n<meta property=\"og:locale\" content=\"nb_NO\" \/>\n<meta property=\"og:type\" content=\"article\" \/>\n<meta property=\"og:title\" content=\"Hva er gr\u00f8nn kjemi?\" \/>\n<meta property=\"og:description\" content=\"Gr\u00f8nn kjemi er basert p\u00e5 tolv prinsipper som skal bidra til mer milj\u00f8vennlig og b\u00e6rekraftig kjemi.\" \/>\n<meta property=\"og:url\" content=\"https:\/\/chesse.org\/no\/gronn-kjemi\/hva-er-gronn-kjemi\/\" \/>\n<meta property=\"og:site_name\" content=\"Kjemikaliesikkerhet i naturfag og kjemi\" \/>\n<meta property=\"article:modified_time\" content=\"2023-04-25T06:14:30+00:00\" \/>\n<meta property=\"og:image\" content=\"https:\/\/chesse.org\/wp-content\/uploads\/2022\/06\/chesse-sharing.png\" \/>\n\t<meta property=\"og:image:width\" content=\"1200\" \/>\n\t<meta property=\"og:image:height\" content=\"630\" \/>\n\t<meta property=\"og:image:type\" content=\"image\/png\" \/>\n<meta name=\"twitter:card\" content=\"summary_large_image\" \/>\n<script type=\"application\/ld+json\" class=\"yoast-schema-graph\">{\"@context\":\"https:\\\/\\\/schema.org\",\"@graph\":[{\"@type\":\"WebPage\",\"@id\":\"https:\\\/\\\/chesse.org\\\/no\\\/gronn-kjemi\\\/hva-er-gronn-kjemi\\\/\",\"url\":\"https:\\\/\\\/chesse.org\\\/no\\\/gronn-kjemi\\\/hva-er-gronn-kjemi\\\/\",\"name\":\"Hva er gr\u00f8nn kjemi? &#8211; Kjemikaliesikkerhet i naturfag og kjemi\",\"isPartOf\":{\"@id\":\"https:\\\/\\\/chesse.org\\\/no\\\/#website\"},\"datePublished\":\"2023-03-19T19:38:45+00:00\",\"dateModified\":\"2023-04-25T06:14:30+00:00\",\"description\":\"Gr\u00f8nn kjemi er basert p\u00e5 tolv prinsipper som skal bidra til mer milj\u00f8vennlig og b\u00e6rekraftig kjemi.\",\"breadcrumb\":{\"@id\":\"https:\\\/\\\/chesse.org\\\/no\\\/gronn-kjemi\\\/hva-er-gronn-kjemi\\\/#breadcrumb\"},\"inLanguage\":\"nb-NO\",\"potentialAction\":[{\"@type\":\"ReadAction\",\"target\":[\"https:\\\/\\\/chesse.org\\\/no\\\/gronn-kjemi\\\/hva-er-gronn-kjemi\\\/\"]}]},{\"@type\":\"BreadcrumbList\",\"@id\":\"https:\\\/\\\/chesse.org\\\/no\\\/gronn-kjemi\\\/hva-er-gronn-kjemi\\\/#breadcrumb\",\"itemListElement\":[{\"@type\":\"ListItem\",\"position\":1,\"name\":\"Hjem\",\"item\":\"https:\\\/\\\/chesse.org\\\/no\\\/\"},{\"@type\":\"ListItem\",\"position\":2,\"name\":\"Gr\u00f8nn kjemi\",\"item\":\"https:\\\/\\\/chesse.org\\\/no\\\/green-chemistry\\\/\"},{\"@type\":\"ListItem\",\"position\":3,\"name\":\"Hva er gr\u00f8nn kjemi?\"}]},{\"@type\":\"WebSite\",\"@id\":\"https:\\\/\\\/chesse.org\\\/no\\\/#website\",\"url\":\"https:\\\/\\\/chesse.org\\\/no\\\/\",\"name\":\"Kjemikaliesikkerhet i naturfag og kjemi\",\"description\":\"Kortfattet, oppdatert informasjon for naturfag- og kjemil\u00e6rere, skoleledere og l\u00e6rerutdannere.\",\"publisher\":{\"@id\":\"https:\\\/\\\/chesse.org\\\/no\\\/#organization\"},\"potentialAction\":[{\"@type\":\"SearchAction\",\"target\":{\"@type\":\"EntryPoint\",\"urlTemplate\":\"https:\\\/\\\/chesse.org\\\/no\\\/?s={search_term_string}\"},\"query-input\":{\"@type\":\"PropertyValueSpecification\",\"valueRequired\":true,\"valueName\":\"search_term_string\"}}],\"inLanguage\":\"nb-NO\"},{\"@type\":\"Organization\",\"@id\":\"https:\\\/\\\/chesse.org\\\/no\\\/#organization\",\"name\":\"Online resources for Chemical Safety in Science Education\",\"url\":\"https:\\\/\\\/chesse.org\\\/no\\\/\",\"logo\":{\"@type\":\"ImageObject\",\"inLanguage\":\"nb-NO\",\"@id\":\"https:\\\/\\\/chesse.org\\\/no\\\/#\\\/schema\\\/logo\\\/image\\\/\",\"url\":\"https:\\\/\\\/chesse.org\\\/wp-content\\\/uploads\\\/2020\\\/10\\\/CheSSE_logo-01.svg\",\"contentUrl\":\"https:\\\/\\\/chesse.org\\\/wp-content\\\/uploads\\\/2020\\\/10\\\/CheSSE_logo-01.svg\",\"width\":350,\"height\":100,\"caption\":\"Online resources for Chemical Safety in Science Education\"},\"image\":{\"@id\":\"https:\\\/\\\/chesse.org\\\/no\\\/#\\\/schema\\\/logo\\\/image\\\/\"}}]}<\/script>\n<!-- \/ Yoast SEO plugin. -->","yoast_head_json":{"title":"Hva er gr\u00f8nn kjemi? &#8211; Kjemikaliesikkerhet i naturfag og kjemi","description":"Gr\u00f8nn kjemi er basert p\u00e5 tolv prinsipper som skal bidra til mer milj\u00f8vennlig og b\u00e6rekraftig kjemi.","robots":{"index":"index","follow":"follow","max-snippet":"max-snippet:-1","max-image-preview":"max-image-preview:large","max-video-preview":"max-video-preview:-1"},"canonical":"https:\/\/chesse.org\/no\/gronn-kjemi\/hva-er-gronn-kjemi\/","og_locale":"nb_NO","og_type":"article","og_title":"Hva er gr\u00f8nn kjemi?","og_description":"Gr\u00f8nn kjemi er basert p\u00e5 tolv prinsipper som skal bidra til mer milj\u00f8vennlig og b\u00e6rekraftig kjemi.","og_url":"https:\/\/chesse.org\/no\/gronn-kjemi\/hva-er-gronn-kjemi\/","og_site_name":"Kjemikaliesikkerhet i naturfag og kjemi","article_modified_time":"2023-04-25T06:14:30+00:00","og_image":[{"width":1200,"height":630,"url":"https:\/\/chesse.org\/wp-content\/uploads\/2022\/06\/chesse-sharing.png","type":"image\/png"}],"twitter_card":"summary_large_image","schema":{"@context":"https:\/\/schema.org","@graph":[{"@type":"WebPage","@id":"https:\/\/chesse.org\/no\/gronn-kjemi\/hva-er-gronn-kjemi\/","url":"https:\/\/chesse.org\/no\/gronn-kjemi\/hva-er-gronn-kjemi\/","name":"Hva er gr\u00f8nn kjemi? &#8211; Kjemikaliesikkerhet i naturfag og kjemi","isPartOf":{"@id":"https:\/\/chesse.org\/no\/#website"},"datePublished":"2023-03-19T19:38:45+00:00","dateModified":"2023-04-25T06:14:30+00:00","description":"Gr\u00f8nn kjemi er basert p\u00e5 tolv prinsipper som skal bidra til mer milj\u00f8vennlig og b\u00e6rekraftig kjemi.","breadcrumb":{"@id":"https:\/\/chesse.org\/no\/gronn-kjemi\/hva-er-gronn-kjemi\/#breadcrumb"},"inLanguage":"nb-NO","potentialAction":[{"@type":"ReadAction","target":["https:\/\/chesse.org\/no\/gronn-kjemi\/hva-er-gronn-kjemi\/"]}]},{"@type":"BreadcrumbList","@id":"https:\/\/chesse.org\/no\/gronn-kjemi\/hva-er-gronn-kjemi\/#breadcrumb","itemListElement":[{"@type":"ListItem","position":1,"name":"Hjem","item":"https:\/\/chesse.org\/no\/"},{"@type":"ListItem","position":2,"name":"Gr\u00f8nn kjemi","item":"https:\/\/chesse.org\/no\/green-chemistry\/"},{"@type":"ListItem","position":3,"name":"Hva er gr\u00f8nn kjemi?"}]},{"@type":"WebSite","@id":"https:\/\/chesse.org\/no\/#website","url":"https:\/\/chesse.org\/no\/","name":"Kjemikaliesikkerhet i naturfag og kjemi","description":"Kortfattet, oppdatert informasjon for naturfag- og kjemil\u00e6rere, skoleledere og l\u00e6rerutdannere.","publisher":{"@id":"https:\/\/chesse.org\/no\/#organization"},"potentialAction":[{"@type":"SearchAction","target":{"@type":"EntryPoint","urlTemplate":"https:\/\/chesse.org\/no\/?s={search_term_string}"},"query-input":{"@type":"PropertyValueSpecification","valueRequired":true,"valueName":"search_term_string"}}],"inLanguage":"nb-NO"},{"@type":"Organization","@id":"https:\/\/chesse.org\/no\/#organization","name":"Online resources for Chemical Safety in Science Education","url":"https:\/\/chesse.org\/no\/","logo":{"@type":"ImageObject","inLanguage":"nb-NO","@id":"https:\/\/chesse.org\/no\/#\/schema\/logo\/image\/","url":"https:\/\/chesse.org\/wp-content\/uploads\/2020\/10\/CheSSE_logo-01.svg","contentUrl":"https:\/\/chesse.org\/wp-content\/uploads\/2020\/10\/CheSSE_logo-01.svg","width":350,"height":100,"caption":"Online resources for Chemical Safety in Science Education"},"image":{"@id":"https:\/\/chesse.org\/no\/#\/schema\/logo\/image\/"}}]}},"_links":{"self":[{"href":"https:\/\/chesse.org\/no\/wp-json\/wp\/v2\/pages\/13653","targetHints":{"allow":["GET"]}}],"collection":[{"href":"https:\/\/chesse.org\/no\/wp-json\/wp\/v2\/pages"}],"about":[{"href":"https:\/\/chesse.org\/no\/wp-json\/wp\/v2\/types\/page"}],"author":[{"embeddable":true,"href":"https:\/\/chesse.org\/no\/wp-json\/wp\/v2\/users\/50"}],"replies":[{"embeddable":true,"href":"https:\/\/chesse.org\/no\/wp-json\/wp\/v2\/comments?post=13653"}],"version-history":[{"count":26,"href":"https:\/\/chesse.org\/no\/wp-json\/wp\/v2\/pages\/13653\/revisions"}],"predecessor-version":[{"id":13884,"href":"https:\/\/chesse.org\/no\/wp-json\/wp\/v2\/pages\/13653\/revisions\/13884"}],"up":[{"embeddable":true,"href":"https:\/\/chesse.org\/no\/wp-json\/wp\/v2\/pages\/9828"}],"wp:attachment":[{"href":"https:\/\/chesse.org\/no\/wp-json\/wp\/v2\/media?parent=13653"}],"curies":[{"name":"wp","href":"https:\/\/api.w.org\/{rel}","templated":true}]}}