{"id":14707,"date":"2025-03-23T10:15:07","date_gmt":"2025-03-23T09:15:07","guid":{"rendered":"https:\/\/chesse.org\/?page_id=14707"},"modified":"2025-10-10T12:15:53","modified_gmt":"2025-10-10T10:15:53","slug":"modul-merking-av-kjemikalier","status":"publish","type":"page","link":"https:\/\/chesse.org\/no\/modul-merking-av-kjemikalier\/","title":{"rendered":"Modul: Merking av kjemikalier"},"content":{"rendered":"\t\t<div data-elementor-type=\"wp-page\" data-elementor-id=\"14707\" class=\"elementor elementor-14707\" data-elementor-post-type=\"page\">\n\t\t\t\t\t\t<section class=\"elementor-section elementor-top-section elementor-element elementor-element-9da7eb2 elementor-section-boxed elementor-section-height-default elementor-section-height-default\" data-id=\"9da7eb2\" data-element_type=\"section\" data-e-type=\"section\">\n\t\t\t\t\t\t<div class=\"elementor-container elementor-column-gap-default\">\n\t\t\t\t\t<div class=\"elementor-column elementor-col-100 elementor-top-column elementor-element elementor-element-c74ab6e\" data-id=\"c74ab6e\" data-element_type=\"column\" data-e-type=\"column\">\n\t\t\t<div class=\"elementor-widget-wrap elementor-element-populated\">\n\t\t\t\t\t\t<div class=\"elementor-element elementor-element-53d7981 standfirst elementor-widget elementor-widget-text-editor\" data-id=\"53d7981\" data-element_type=\"widget\" data-e-type=\"widget\" data-widget_type=\"text-editor.default\">\n\t\t\t\t<div class=\"elementor-widget-container\">\n\t\t\t\t\t\t\t\t\t<p>Kjemikalier skal merkes for \u00e5 informere om farene de kan utgj\u00f8re. Hvis du lager dine egne l\u00f8sninger, eller andre stoffblandinger, b\u00f8r disse merkes slik at de kan identifiseres og h\u00e5ndteres p\u00e5 en forsvarlig m\u00e5te.<\/p>\t\t\t\t\t\t\t\t<\/div>\n\t\t\t\t<\/div>\n\t\t\t\t<div class=\"elementor-element elementor-element-0f93973 elementor-toc--content-ellipsis elementor-toc--minimized-on-none elementor-widget elementor-widget-table-of-contents\" data-id=\"0f93973\" data-element_type=\"widget\" data-e-type=\"widget\" data-settings=\"{&quot;headings_by_tags&quot;:[&quot;h2&quot;],&quot;exclude_headings_by_selector&quot;:&quot;.noTOC&quot;,&quot;marker_view&quot;:&quot;bullets&quot;,&quot;minimized_on&quot;:&quot;none&quot;,&quot;no_headings_message&quot;:&quot;No headings were found on this page.&quot;,&quot;icon&quot;:{&quot;value&quot;:&quot;fas fa-circle&quot;,&quot;library&quot;:&quot;fa-solid&quot;},&quot;minimize_box&quot;:&quot;yes&quot;,&quot;hierarchical_view&quot;:&quot;yes&quot;,&quot;min_height&quot;:{&quot;unit&quot;:&quot;px&quot;,&quot;size&quot;:&quot;&quot;,&quot;sizes&quot;:[]},&quot;min_height_tablet&quot;:{&quot;unit&quot;:&quot;px&quot;,&quot;size&quot;:&quot;&quot;,&quot;sizes&quot;:[]},&quot;min_height_mobile&quot;:{&quot;unit&quot;:&quot;px&quot;,&quot;size&quot;:&quot;&quot;,&quot;sizes&quot;:[]}}\" data-widget_type=\"table-of-contents.default\">\n\t\t\t\t<div class=\"elementor-widget-container\">\n\t\t\t\t\t\t\t\t\t<div class=\"elementor-toc__header\">\n\t\t\t\t\t\t<div class=\"elementor-toc__header-title\">\n\t\t\t\tInnhold\t\t\t<\/div>\n\t\t\t\t\t\t\t\t\t\t<div class=\"elementor-toc__toggle-button elementor-toc__toggle-button--expand\" role=\"button\" tabindex=\"0\" aria-controls=\"elementor-toc__0f93973\" aria-expanded=\"true\" aria-label=\"Open table of contents\"><i aria-hidden=\"true\" class=\"fas fa-chevron-down\"><\/i><\/div>\n\t\t\t\t<div class=\"elementor-toc__toggle-button elementor-toc__toggle-button--collapse\" role=\"button\" tabindex=\"0\" aria-controls=\"elementor-toc__0f93973\" aria-expanded=\"true\" aria-label=\"Close table of contents\"><i aria-hidden=\"true\" class=\"fas fa-chevron-up\"><\/i><\/div>\n\t\t\t\t\t<\/div>\n\t\t\t\t<div id=\"elementor-toc__0f93973\" class=\"elementor-toc__body\">\n\t\t\t<div class=\"elementor-toc__spinner-container\">\n\t\t\t\t<i class=\"elementor-toc__spinner eicon-animation-spin eicon-loading\" aria-hidden=\"true\"><\/i>\t\t\t<\/div>\n\t\t<\/div>\n\t\t\t\t\t\t<\/div>\n\t\t\t\t<\/div>\n\t\t\t\t<div class=\"elementor-element elementor-element-f2f1aaa elementor-widget elementor-widget-text-editor\" data-id=\"f2f1aaa\" data-element_type=\"widget\" data-e-type=\"widget\" data-widget_type=\"text-editor.default\">\n\t\t\t\t<div class=\"elementor-widget-container\">\n\t\t\t\t\t\t\t\t\t<p><img decoding=\"async\" class=\"size-thumbnail wp-image-10639\" style=\"float: left; margin: 5px 15px 0px 5px;\" role=\"presentation\" src=\"https:\/\/chesse.org\/wp-content\/uploads\/chesse-alert.svg\" alt=\"\" width=\"45\" height=\"45\" \/>Modulen er under utvikling. Bruk den gjerne, men mindre justeringer kan skje fortl\u00f8pende.<\/p><p>Har du en tilbakemelding til modulen, send den til kontakt@chesse.org.<\/p>\t\t\t\t\t\t\t\t<\/div>\n\t\t\t\t<\/div>\n\t\t\t\t<div class=\"elementor-element elementor-element-983d098 elementor-widget elementor-widget-text-editor\" data-id=\"983d098\" data-element_type=\"widget\" data-e-type=\"widget\" data-widget_type=\"text-editor.default\">\n\t\t\t\t<div class=\"elementor-widget-container\">\n\t\t\t\t\t\t\t\t\t<p>N\u00e5r du har gjennomf\u00f8rt denne modulen<\/p><ul><li>vet du hva forsvarlig merking av stoffer inneb\u00e6rer<\/li><li>kan du bruke fareetikettgeneratoren p\u00e5 chesse.org\/no<\/li><li>er du kjent med din skoles rutiner for merking av kjemikalier<\/li><\/ul><h2>Forarbeid (10 min)<\/h2><p>Noter noen stikkord \/ korte setninger\u202fom:<\/p><ul><li>Hvorfor er det viktig at b\u00e5de innkj\u00f8pte kjemikalier og l\u00f8sninger som er laget p\u00e5 skolen er forsvarlig merket?<\/li><li>Hvilken sikkerhetsrisiko kan feilmerking eller manglende merking av kjemikalier utgj\u00f8re?<\/li><\/ul><p>Hvis dere er flere som jobber sammen, g\u00e5 sammen i grupper p\u00e5 tre\u2013fire personer\u202fog diskuter det dere har notert.<\/p><h2>Test deg selv (15 min)<\/h2><p>Les om\u00a0<a href=\"https:\/\/chesse.org\/no\/merking-oppbevaring-og-avfallshandtering\/merking\/\" target=\"_blank\" rel=\"noopener\">merking<\/a>\u00a0og\u00a0<a href=\"https:\/\/chesse.org\/no\/lovgivning\/lovgivning-for-klassifisering-og-merking-av-kjemikalier\/\" target=\"_blank\" rel=\"noopener\">lovgivning om klassifisering og merking av kjemikalier<\/a>. Fullf\u00f8r test-deg-selv-oppgavene f\u00f8r du g\u00e5r videre i kompetansemodulen. Legg merke til at oppgavene kan vises i fullskjermmodus.<\/p><div class=\"h5p-iframe-wrapper\"><iframe id=\"h5p-iframe-61\" class=\"h5p-iframe\" data-content-id=\"61\" style=\"height:1px\" src=\"about:blank\" frameBorder=\"0\" scrolling=\"no\" title=\"Merking - test deg selv\"><\/iframe><\/div><h2>CheSSEs fareetikettgenerator (15 min)<\/h2><p>I\u00a0<a href=\"https:\/\/chesse.org\/no\/merking-oppbevaring-og-avfallshandtering\/merking\/#labelgenerator\" target=\"_blank\" rel=\"noopener\">fareetikettgeneratoren<\/a> finner du stoffer som er vanlige p\u00e5 mange skoler.<br \/>Se screencasten f\u00f8r du fullf\u00f8rer oppgavene nedenfor.<\/p>\t\t\t\t\t\t\t\t<\/div>\n\t\t\t\t<\/div>\n\t\t\t\t<div class=\"elementor-element elementor-element-71f179f elementor-widget elementor-widget-video\" data-id=\"71f179f\" data-element_type=\"widget\" data-e-type=\"widget\" data-settings=\"{&quot;video_type&quot;:&quot;vimeo&quot;,&quot;yt_privacy&quot;:&quot;yes&quot;}\" data-widget_type=\"video.default\">\n\t\t\t\t<div class=\"elementor-widget-container\">\n\t\t\t\t\t\t\t<div class=\"elementor-wrapper elementor-open-inline\">\n\t\t\t<iframe class=\"elementor-video-iframe\" allowfullscreen allow=\"clipboard-write\" title=\"vimeo videoavspiller\" src=\"https:\/\/player.vimeo.com\/video\/1061945791?color&amp;autopause=0&amp;dnt=true&amp;loop=0&amp;muted=0&amp;title=0&amp;portrait=0&amp;byline=0#t=\"><\/iframe>\t\t<\/div>\n\t\t\t\t\t\t<\/div>\n\t\t\t\t<\/div>\n\t\t\t\t<div class=\"elementor-element elementor-element-ee190e5 elementor-widget elementor-widget-text-editor\" data-id=\"ee190e5\" data-element_type=\"widget\" data-e-type=\"widget\" data-widget_type=\"text-editor.default\">\n\t\t\t\t<div class=\"elementor-widget-container\">\n\t\t\t\t\t\t\t\t\t<p>Oppgaver:<\/p><ul><li>Bruk fareetikettgeneratoren til \u00e5 lage etikett for 15 % eddiksyre.<\/li><li>Finn et kjemikalie i skolens kjemikalieskap som er oppf\u00f8rt i etikettgeneratoren og som trenger ny etikett. Bruk fareetikettgeneratoren til \u00e5 lage en fareetikett. Juster st\u00f8rrelsen slik at den passer til beholderen, skriv den ut og fest den til beholderen.<\/li><\/ul><h2>F\u00e5 orden p\u00e5 kjemikaliemerkingen (30 min)<\/h2><p>Alle skoler er lovp\u00e5lagt \u00e5 dokumentere sine kjemikaliesikkerhetsprosedyrer. Som en del av denne dokumentasjonen er det n\u00f8dvendig med et skriftlig sett med rutiner for \u00e5 sikre forsvarlig merking av skolen kjemikaliesamling.<\/p><p>Er alle skolens kjemikalier, inkludert l\u00f8sninger du og andre l\u00e6rere har laget, forsvarlig merket? Hvis ikke, finn frem skolens rutiner for dette og lag en plan for hvordan dere sikrer at alle kjemikalier er forsvarlig merket. Dersom skolen din ikke tidligere har hatt en systematisk tiln\u00e6rming til rutiner, kan du bruke<em> Rutiner for merking av kjemikalier<\/em> fra\u00a0<a href=\"https:\/\/chesse.org\/no\/sjekklister-og-verktoy\/\" target=\"_blank\" rel=\"noopener\">Sjekklister og verkt\u00f8y<\/a>.<\/p>\t\t\t\t\t\t\t\t<\/div>\n\t\t\t\t<\/div>\n\t\t\t\t<div class=\"elementor-element elementor-element-d4f5bc8 elementor-widget elementor-widget-toggle\" data-id=\"d4f5bc8\" data-element_type=\"widget\" data-e-type=\"widget\" data-widget_type=\"toggle.default\">\n\t\t\t\t<div class=\"elementor-widget-container\">\n\t\t\t\t\t\t\t<div class=\"elementor-toggle\">\n\t\t\t\t\t\t\t<div class=\"elementor-toggle-item\">\n\t\t\t\t\t<h3 id=\"elementor-tab-title-2231\" class=\"elementor-tab-title\" data-tab=\"1\" role=\"button\" aria-controls=\"elementor-tab-content-2231\" aria-expanded=\"false\">\n\t\t\t\t\t\t\t\t\t\t\t\t<span class=\"elementor-toggle-icon elementor-toggle-icon-left\" aria-hidden=\"true\">\n\t\t\t\t\t\t\t\t\t\t\t\t\t\t\t<span class=\"elementor-toggle-icon-closed\"><i class=\"fas fa-caret-right\"><\/i><\/span>\n\t\t\t\t\t\t\t\t<span class=\"elementor-toggle-icon-opened\"><i class=\"elementor-toggle-icon-opened fas fa-caret-up\"><\/i><\/span>\n\t\t\t\t\t\t\t\t\t\t\t\t\t<\/span>\n\t\t\t\t\t\t\t\t\t\t\t\t<a class=\"elementor-toggle-title\" tabindex=\"0\">Etiketter for stoffer du ikke finner i fareetikettgeneratoren <\/a>\n\t\t\t\t\t<\/h3>\n\n\t\t\t\t\t<div id=\"elementor-tab-content-2231\" class=\"elementor-tab-content elementor-clearfix\" data-tab=\"1\" role=\"region\" aria-labelledby=\"elementor-tab-title-2231\"><p>Disse elementene skal v\u00e6re med p\u00e5 etiketten:<\/p><ul><li>Produktidentifikator (navn og identifikasjonsnummer)<\/li><li>Kjemisk formel og konsentrasjon p\u00e5 det oppl\u00f8ste stoffet<\/li><li>Fareinformasjon<ul><li>Faresymbol(er)<\/li><li>Varselord<\/li><li>Faresetninger (H-setninger)<\/li><li>Sikkerhetssetninger (P-setninger)<\/li><\/ul><\/li><li>Informasjon om hvem som har laget l\u00f8sningen og n\u00e5r den ble laget<\/li><\/ul><p>Finn et sikkerhetsdatablad for en l\u00f8sning med samme stoff og konsentrasjon som du skal merke. Dersom du ikke finner et sikkerhetsdatablad med riktig konsentrasjon, bruk et sikkerhetsdatablad for en mer konsentrert l\u00f8sning eller for det rene stoffet. Det kan bety at l\u00f8sningen blir klassifisert som farligere enn det den er, men her er det bedre \u00e5 v\u00e6re p\u00e5 den sikre siden.<\/p><p>Bruk faresymbol, varselord og faresetninger (H-setninger) du finner i sikkerhetsdatabladet og bruk de sikkerhetssetningene (P-setninger) som er relevante for hvordan l\u00f8sningen skal brukes i klasserommet.<\/p><p>Dersom du mener at l\u00f8sningen ikke er farlig, kan du skrive \u201cPer n\u00e5 ikke klassifisert som en farlig blanding\u201d p\u00e5 etiketten.<\/p><\/div>\n\t\t\t\t<\/div>\n\t\t\t\t\t\t\t\t<\/div>\n\t\t\t\t\t\t<\/div>\n\t\t\t\t<\/div>\n\t\t\t\t\t<\/div>\n\t\t<\/div>\n\t\t\t\t\t<\/div>\n\t\t<\/section>\n\t\t\t\t<\/div>\n\t\t","protected":false},"excerpt":{"rendered":"<p>Kjemikalier skal merkes for \u00e5 informere om farene de kan utgj\u00f8re. Hvis du lager dine egne l\u00f8sninger, eller andre stoffblandinger, b\u00f8r disse merkes slik at de kan identifiseres og h\u00e5ndteres p\u00e5 en forsvarlig m\u00e5te. Innhold Modulen er under utvikling. Bruk den gjerne, men mindre justeringer kan skje fortl\u00f8pende. Har du en tilbakemelding til modulen, send &hellip; <a href=\"https:\/\/chesse.org\/no\/modul-merking-av-kjemikalier\/\" class=\"more-link\">Fortsett \u00e5 lese <span class=\"screen-reader-text\">Modul: Merking av kjemikalier<\/span> <span class=\"meta-nav\">&rarr;<\/span><\/a><\/p>\n","protected":false},"author":50,"featured_media":0,"parent":0,"menu_order":0,"comment_status":"closed","ping_status":"closed","template":"","meta":{"footnotes":""},"class_list":["post-14707","page","type-page","status-publish","hentry"],"yoast_head":"<!-- This site is optimized with the Yoast SEO plugin v27.4 - https:\/\/yoast.com\/product\/yoast-seo-wordpress\/ -->\n<title>Modul: Merking av kjemikalier &#8211; Kjemikaliesikkerhet i naturfag og kjemi<\/title>\n<meta name=\"robots\" content=\"index, follow, max-snippet:-1, max-image-preview:large, max-video-preview:-1\" \/>\n<link rel=\"canonical\" href=\"https:\/\/chesse.org\/no\/modul-merking-av-kjemikalier\/\" \/>\n<meta property=\"og:locale\" content=\"nb_NO\" \/>\n<meta property=\"og:type\" content=\"article\" \/>\n<meta property=\"og:title\" content=\"Modul: Merking av kjemikalier &#8211; Kjemikaliesikkerhet i naturfag og kjemi\" \/>\n<meta property=\"og:description\" content=\"Kjemikalier skal merkes for \u00e5 informere om farene de kan utgj\u00f8re. Hvis du lager dine egne l\u00f8sninger, eller andre stoffblandinger, b\u00f8r disse merkes slik at de kan identifiseres og h\u00e5ndteres p\u00e5 en forsvarlig m\u00e5te. Innhold Modulen er under utvikling. Bruk den gjerne, men mindre justeringer kan skje fortl\u00f8pende. Har du en tilbakemelding til modulen, send &hellip; Fortsett \u00e5 lese Modul: Merking av kjemikalier &rarr;\" \/>\n<meta property=\"og:url\" content=\"https:\/\/chesse.org\/no\/modul-merking-av-kjemikalier\/\" \/>\n<meta property=\"og:site_name\" content=\"Kjemikaliesikkerhet i naturfag og kjemi\" \/>\n<meta property=\"article:modified_time\" content=\"2025-10-10T10:15:53+00:00\" \/>\n<meta property=\"og:image\" content=\"https:\/\/chesse.org\/wp-content\/uploads\/chesse-alert.svg\" \/>\n<meta name=\"twitter:card\" content=\"summary_large_image\" \/>\n<script type=\"application\/ld+json\" class=\"yoast-schema-graph\">{\"@context\":\"https:\\\/\\\/schema.org\",\"@graph\":[{\"@type\":\"WebPage\",\"@id\":\"https:\\\/\\\/chesse.org\\\/no\\\/modul-merking-av-kjemikalier\\\/\",\"url\":\"https:\\\/\\\/chesse.org\\\/no\\\/modul-merking-av-kjemikalier\\\/\",\"name\":\"Modul: Merking av kjemikalier &#8211; Kjemikaliesikkerhet i naturfag og kjemi\",\"isPartOf\":{\"@id\":\"https:\\\/\\\/chesse.org\\\/no\\\/#website\"},\"primaryImageOfPage\":{\"@id\":\"https:\\\/\\\/chesse.org\\\/no\\\/modul-merking-av-kjemikalier\\\/#primaryimage\"},\"image\":{\"@id\":\"https:\\\/\\\/chesse.org\\\/no\\\/modul-merking-av-kjemikalier\\\/#primaryimage\"},\"thumbnailUrl\":\"https:\\\/\\\/chesse.org\\\/wp-content\\\/uploads\\\/chesse-alert.svg\",\"datePublished\":\"2025-03-23T09:15:07+00:00\",\"dateModified\":\"2025-10-10T10:15:53+00:00\",\"breadcrumb\":{\"@id\":\"https:\\\/\\\/chesse.org\\\/no\\\/modul-merking-av-kjemikalier\\\/#breadcrumb\"},\"inLanguage\":\"nb-NO\",\"potentialAction\":[{\"@type\":\"ReadAction\",\"target\":[\"https:\\\/\\\/chesse.org\\\/no\\\/modul-merking-av-kjemikalier\\\/\"]}]},{\"@type\":\"ImageObject\",\"inLanguage\":\"nb-NO\",\"@id\":\"https:\\\/\\\/chesse.org\\\/no\\\/modul-merking-av-kjemikalier\\\/#primaryimage\",\"url\":\"https:\\\/\\\/chesse.org\\\/wp-content\\\/uploads\\\/chesse-alert.svg\",\"contentUrl\":\"https:\\\/\\\/chesse.org\\\/wp-content\\\/uploads\\\/chesse-alert.svg\"},{\"@type\":\"BreadcrumbList\",\"@id\":\"https:\\\/\\\/chesse.org\\\/no\\\/modul-merking-av-kjemikalier\\\/#breadcrumb\",\"itemListElement\":[{\"@type\":\"ListItem\",\"position\":1,\"name\":\"Hjem\",\"item\":\"https:\\\/\\\/chesse.org\\\/no\\\/\"},{\"@type\":\"ListItem\",\"position\":2,\"name\":\"Modul: Merking av kjemikalier\"}]},{\"@type\":\"WebSite\",\"@id\":\"https:\\\/\\\/chesse.org\\\/no\\\/#website\",\"url\":\"https:\\\/\\\/chesse.org\\\/no\\\/\",\"name\":\"Kjemikaliesikkerhet i naturfag og kjemi\",\"description\":\"Kortfattet, oppdatert informasjon for naturfag- og kjemil\u00e6rere, skoleledere og l\u00e6rerutdannere.\",\"publisher\":{\"@id\":\"https:\\\/\\\/chesse.org\\\/no\\\/#organization\"},\"potentialAction\":[{\"@type\":\"SearchAction\",\"target\":{\"@type\":\"EntryPoint\",\"urlTemplate\":\"https:\\\/\\\/chesse.org\\\/no\\\/?s={search_term_string}\"},\"query-input\":{\"@type\":\"PropertyValueSpecification\",\"valueRequired\":true,\"valueName\":\"search_term_string\"}}],\"inLanguage\":\"nb-NO\"},{\"@type\":\"Organization\",\"@id\":\"https:\\\/\\\/chesse.org\\\/no\\\/#organization\",\"name\":\"Online resources for Chemical Safety in Science Education\",\"url\":\"https:\\\/\\\/chesse.org\\\/no\\\/\",\"logo\":{\"@type\":\"ImageObject\",\"inLanguage\":\"nb-NO\",\"@id\":\"https:\\\/\\\/chesse.org\\\/no\\\/#\\\/schema\\\/logo\\\/image\\\/\",\"url\":\"https:\\\/\\\/chesse.org\\\/wp-content\\\/uploads\\\/2020\\\/10\\\/CheSSE_logo-01.svg\",\"contentUrl\":\"https:\\\/\\\/chesse.org\\\/wp-content\\\/uploads\\\/2020\\\/10\\\/CheSSE_logo-01.svg\",\"width\":350,\"height\":100,\"caption\":\"Online resources for Chemical Safety in Science Education\"},\"image\":{\"@id\":\"https:\\\/\\\/chesse.org\\\/no\\\/#\\\/schema\\\/logo\\\/image\\\/\"}}]}<\/script>\n<!-- \/ Yoast SEO plugin. -->","yoast_head_json":{"title":"Modul: Merking av kjemikalier &#8211; Kjemikaliesikkerhet i naturfag og kjemi","robots":{"index":"index","follow":"follow","max-snippet":"max-snippet:-1","max-image-preview":"max-image-preview:large","max-video-preview":"max-video-preview:-1"},"canonical":"https:\/\/chesse.org\/no\/modul-merking-av-kjemikalier\/","og_locale":"nb_NO","og_type":"article","og_title":"Modul: Merking av kjemikalier &#8211; Kjemikaliesikkerhet i naturfag og kjemi","og_description":"Kjemikalier skal merkes for \u00e5 informere om farene de kan utgj\u00f8re. Hvis du lager dine egne l\u00f8sninger, eller andre stoffblandinger, b\u00f8r disse merkes slik at de kan identifiseres og h\u00e5ndteres p\u00e5 en forsvarlig m\u00e5te. Innhold Modulen er under utvikling. Bruk den gjerne, men mindre justeringer kan skje fortl\u00f8pende. Har du en tilbakemelding til modulen, send &hellip; Fortsett \u00e5 lese Modul: Merking av kjemikalier &rarr;","og_url":"https:\/\/chesse.org\/no\/modul-merking-av-kjemikalier\/","og_site_name":"Kjemikaliesikkerhet i naturfag og kjemi","article_modified_time":"2025-10-10T10:15:53+00:00","og_image":[{"url":"https:\/\/chesse.org\/wp-content\/uploads\/chesse-alert.svg","type":"","width":"","height":""}],"twitter_card":"summary_large_image","schema":{"@context":"https:\/\/schema.org","@graph":[{"@type":"WebPage","@id":"https:\/\/chesse.org\/no\/modul-merking-av-kjemikalier\/","url":"https:\/\/chesse.org\/no\/modul-merking-av-kjemikalier\/","name":"Modul: Merking av kjemikalier &#8211; Kjemikaliesikkerhet i naturfag og kjemi","isPartOf":{"@id":"https:\/\/chesse.org\/no\/#website"},"primaryImageOfPage":{"@id":"https:\/\/chesse.org\/no\/modul-merking-av-kjemikalier\/#primaryimage"},"image":{"@id":"https:\/\/chesse.org\/no\/modul-merking-av-kjemikalier\/#primaryimage"},"thumbnailUrl":"https:\/\/chesse.org\/wp-content\/uploads\/chesse-alert.svg","datePublished":"2025-03-23T09:15:07+00:00","dateModified":"2025-10-10T10:15:53+00:00","breadcrumb":{"@id":"https:\/\/chesse.org\/no\/modul-merking-av-kjemikalier\/#breadcrumb"},"inLanguage":"nb-NO","potentialAction":[{"@type":"ReadAction","target":["https:\/\/chesse.org\/no\/modul-merking-av-kjemikalier\/"]}]},{"@type":"ImageObject","inLanguage":"nb-NO","@id":"https:\/\/chesse.org\/no\/modul-merking-av-kjemikalier\/#primaryimage","url":"https:\/\/chesse.org\/wp-content\/uploads\/chesse-alert.svg","contentUrl":"https:\/\/chesse.org\/wp-content\/uploads\/chesse-alert.svg"},{"@type":"BreadcrumbList","@id":"https:\/\/chesse.org\/no\/modul-merking-av-kjemikalier\/#breadcrumb","itemListElement":[{"@type":"ListItem","position":1,"name":"Hjem","item":"https:\/\/chesse.org\/no\/"},{"@type":"ListItem","position":2,"name":"Modul: Merking av kjemikalier"}]},{"@type":"WebSite","@id":"https:\/\/chesse.org\/no\/#website","url":"https:\/\/chesse.org\/no\/","name":"Kjemikaliesikkerhet i naturfag og kjemi","description":"Kortfattet, oppdatert informasjon for naturfag- og kjemil\u00e6rere, skoleledere og l\u00e6rerutdannere.","publisher":{"@id":"https:\/\/chesse.org\/no\/#organization"},"potentialAction":[{"@type":"SearchAction","target":{"@type":"EntryPoint","urlTemplate":"https:\/\/chesse.org\/no\/?s={search_term_string}"},"query-input":{"@type":"PropertyValueSpecification","valueRequired":true,"valueName":"search_term_string"}}],"inLanguage":"nb-NO"},{"@type":"Organization","@id":"https:\/\/chesse.org\/no\/#organization","name":"Online resources for Chemical Safety in Science Education","url":"https:\/\/chesse.org\/no\/","logo":{"@type":"ImageObject","inLanguage":"nb-NO","@id":"https:\/\/chesse.org\/no\/#\/schema\/logo\/image\/","url":"https:\/\/chesse.org\/wp-content\/uploads\/2020\/10\/CheSSE_logo-01.svg","contentUrl":"https:\/\/chesse.org\/wp-content\/uploads\/2020\/10\/CheSSE_logo-01.svg","width":350,"height":100,"caption":"Online resources for Chemical Safety in Science Education"},"image":{"@id":"https:\/\/chesse.org\/no\/#\/schema\/logo\/image\/"}}]}},"_links":{"self":[{"href":"https:\/\/chesse.org\/no\/wp-json\/wp\/v2\/pages\/14707","targetHints":{"allow":["GET"]}}],"collection":[{"href":"https:\/\/chesse.org\/no\/wp-json\/wp\/v2\/pages"}],"about":[{"href":"https:\/\/chesse.org\/no\/wp-json\/wp\/v2\/types\/page"}],"author":[{"embeddable":true,"href":"https:\/\/chesse.org\/no\/wp-json\/wp\/v2\/users\/50"}],"replies":[{"embeddable":true,"href":"https:\/\/chesse.org\/no\/wp-json\/wp\/v2\/comments?post=14707"}],"version-history":[{"count":90,"href":"https:\/\/chesse.org\/no\/wp-json\/wp\/v2\/pages\/14707\/revisions"}],"predecessor-version":[{"id":16220,"href":"https:\/\/chesse.org\/no\/wp-json\/wp\/v2\/pages\/14707\/revisions\/16220"}],"wp:attachment":[{"href":"https:\/\/chesse.org\/no\/wp-json\/wp\/v2\/media?parent=14707"}],"curies":[{"name":"wp","href":"https:\/\/api.w.org\/{rel}","templated":true}]}}