{"id":15400,"date":"2024-11-09T13:13:46","date_gmt":"2024-11-09T12:13:46","guid":{"rendered":"https:\/\/chesse.org\/om-chesse-2\/"},"modified":"2024-11-12T16:43:10","modified_gmt":"2024-11-12T15:43:10","slug":"om-chesse","status":"publish","type":"page","link":"https:\/\/chesse.org\/no\/om-chesse\/","title":{"rendered":"Om CheSSE"},"content":{"rendered":"\t\t<div data-elementor-type=\"wp-page\" data-elementor-id=\"15400\" class=\"elementor elementor-15400 elementor-15174\" data-elementor-post-type=\"page\">\n\t\t\t\t\t\t<section class=\"elementor-section elementor-top-section elementor-element elementor-element-5b1581e mainColumns elementor-section-boxed elementor-section-height-default elementor-section-height-default\" data-id=\"5b1581e\" data-element_type=\"section\" data-e-type=\"section\">\n\t\t\t\t\t\t<div class=\"elementor-container elementor-column-gap-default\">\n\t\t\t\t\t<div class=\"elementor-column elementor-col-50 elementor-top-column elementor-element elementor-element-adc4550\" data-id=\"adc4550\" data-element_type=\"column\" data-e-type=\"column\">\n\t\t\t<div class=\"elementor-widget-wrap elementor-element-populated\">\n\t\t\t\t\t\t<div class=\"elementor-element elementor-element-d6caf44 elementor-widget elementor-widget-text-editor\" data-id=\"d6caf44\" data-element_type=\"widget\" data-e-type=\"widget\" data-widget_type=\"text-editor.default\">\n\t\t\t\t<div class=\"elementor-widget-container\">\n\t\t\t\t\t\t\t\t\t<p>Online Resources for Chemical Safety in Science Education, <em>CheSSE<\/em>, var <a href=\"https:\/\/erasmus-plus.ec.europa.eu\/projects\/search\/details\/2020-1-SE01-KA201-077945\">et tre\u00e5rig ERASMUS+-prosjekt<\/a> som p\u00e5gikk fra 2020 til 2023. Prosjektet har f\u00e5tt ytterligere finansiering fra ERASMUS+ for \u00e5 revidere chesse.org slik at det er i samsvar med EUs nye kjemikalieregelverk, og for \u00e5 lage oppl\u00e6ringsmateriell til nettstedet. <a href=\"https:\/\/erasmus-plus.ec.europa.eu\/projects\/search\/details\/2024-1-NO01-KA220-SCH-000257319\">Oppf\u00f8lgingsprosjektet<\/a> vil p\u00e5g\u00e5 fra 2024 til 2027. <\/p>\n<p>Det overordnede m\u00e5let med CheSSE er \u00e5 utvikle en kortfattet, oppdatert og nettressurs om kjemikaliesikkerhet i naturfagundervisningen i skolen. Et langsiktig m\u00e5l er at l\u00e6rere i kjemi og naturfag skal f\u00f8le seg kompetente og trygge n\u00e5r de h\u00e5ndterer kjemikalier. <\/p>\n<p>Innholdet utvikles gjennom diskusjoner og workshops, og blir publisert p\u00e5 dette nettstedet, chesse.org, p\u00e5 engelsk, finsk, norsk, slovensk og svensk. Samarbeid med skolepartneren, l\u00e6rere og referansegrupper er viktig for \u00e5 utvikle innholdet slik at det m\u00f8ter behovene til m\u00e5lgruppene for prosjektet. <\/p>\n<p><img decoding=\"async\" style=\"float: left; margin-bottom: 20px;\" src=\"https:\/\/chesse.org\/wp-content\/uploads\/ASE-Evaluated-2022-logo-150x150.png\" alt=\"ASE Evaluated 2022 logo\" width=\"150\" height=\"150\">ASE gjennomf\u00f8rte en<a href=\"https:\/\/www.ase.org.uk\/news\/green-tick-chemical-safety-in-science-education\"> ASE Green Tick evaluering av innholdet p\u00e5 chesse.org<\/a> oktober 2022. <a href=\"https:\/\/www.ase.org.uk\/resources\/green-tick-evaluations\">ASE Green Tick<\/a> er ikke en godkjenningsordning, men ekspertevalueringer som identifiserer styrker og svakheter i aktuelt materiale. <\/p>\n<h2>M\u00e5lgrupper<\/h2>\n<p>M\u00e5lgruppene er prim\u00e6rt naturfag- og kjemil\u00e6rere, samt l\u00e6rerutdannnere. Innholdet kan ogs\u00e5 v\u00e6re nyttig for nasjonale og regionale myndigheter som st\u00f8tter og kontrollerer bruk av kjemikalier i skolen.  <\/p>\n<h2>Deltakerorganisasjoner<\/h2>\n<ul>\n<li>Stockholms universitet, Sverige (koordinator 2020\u20132023)<br \/>Kontaktperson: Jenny Olander, <a href=\"mailto:jenny.olander@krc.su.se\">jenny.olander@krc.su.se<\/a><\/li>\n<li>Universitetet i Helsinki, Finland<br \/>Kontaktperson: Ari Myllyviita, <a href=\"mailto:ari.myllyviita@helsinki.fi\">ari.myllyviita@helsinki.fi<\/a><\/li>\n<li>Universitetet i Ljubljana, Slovenia<br \/>Kontaktperson: Vesna Ferk Savec, <a href=\"mailto:vesna.ferk@pef.uni-lj.si\">vesna.ferk@pef.uni-lj.si<\/a><\/li>\n<li>Universitetet i Oslo, Norge (koordinator 2024\u20132027)<br \/>Kontaktperson: Svein Tveit, <a href=\"mailto:svein.tveit@kjemi.uio.no\">svein.tveit@kjemi.uio.no<\/a><\/li>\n<\/ul>\n<ul>\n<li>Katedralskolan Uppsala, Sverige (2024\u20132027)<\/li>\n<\/ul>\n<h2>Sitere fra CheSSE<\/h2>\n<p>Mange forfattere har v\u00e6rt med \u00e5 utforme innholdet p\u00e5 chesse.org. Hvis du \u00f8nsker \u00e5 sitere fra chesse.org, foresl\u00e5r vi f\u00f8lgende format (APA 7):<\/p>\n<p>Sider med publiseringsdato:<\/p>\n<ul>\n<li>Referanseliste:<br \/>Online Resources for Chemical Safety in Science Education. (\u00e5r, dag. m\u00e5ned). <em>Sidetittel.<\/em> https:\/\/chesse.org\/\u2026\/\u2026\/<\/li>\n<li>Sitering i l\u00f8pende tekst:<br \/>(Online Resources for Chemical Safety in Science Education, \u00e5r)<\/li>\n<\/ul>\n<p>Seksjonssider uten publiseringsdato:<\/p>\n<ul>\n<li>Referanseliste:<br \/>Online Resources for Chemical Safety in Science Education. (n.d.). <em>Sidetittel.<\/em> Hentet dag. m\u00e5ned \u00e5r, fra https:\/\/chesse.org\/\u2026\/\u2026\/<\/li>\n<li>Sitering i l\u00f8pende tekst:<br \/>(Online Resources for Chemical Safety in Science Education, n.d.)<\/li>\n<\/ul>\n<h2>Opphavsrett<\/h2>\n<p>Alt innhold p\u00e5 chesse.org er publisert under <a href=\"https:\/\/creativecommons.org\/licenses\/by-sa\/4.0\">Creative Commons Attribution-ShareAlike-lisensen<\/a>. Dette tillater andre \u00e5 dele, bearbeide og bygge videre p\u00e5 materialet, forutsatt at det oppgis riktig kreditering og eventuelle avledede verk distribueres under samme lisens som originalen. <\/p>\n<h2>KI-erkl\u00e6ring<\/h2>\n<p>Innholdet p\u00e5 chesse.org er utviklet av menneskelige forfattere. KI (kunstig intelligens) kan ha blitt brukt for \u00e5 bearbeide innhold, men det vil alltid v\u00e6re grundig gjennomg\u00e5tt og redigert av mennesker for \u00e5 sikre kvalitet og n\u00f8yaktighet. KI-generert innhold vil v\u00e6re tydelig merket.  <\/p>\n<h2>Formidlingsaktiviteter<\/h2>\n<p>Dette dokumentet viser prosjektets formidlingsaktiviteter som ble gjennomf\u00f8rt i Finland, Sverige, Slovenia og Norge i l\u00f8pet av 2020\u20132023 .<\/p>\n<ul>\n<li class=\"pdf\" style=\"margin-bottom: 15px;\"><a href=\"https:\/\/chesse.org\/wp-content\/uploads\/ORCheSSE-2020-2023-Dissemination-Activities.pdf\">ORCheSSE-2020-2023-Dissemination-Activities.pdf<\/a><\/li>\n<\/ul>\n<h2 style=\"padding: 0; margin-bottom: 0;\">Forfatterliste<\/h2>\n\t\t\t\t\t\t\t\t<\/div>\n\t\t\t\t<\/div>\n\t\t\t\t<div class=\"elementor-element elementor-element-d40acc5 elementor-tabs-view-horizontal elementor-widget elementor-widget-tabs\" data-id=\"d40acc5\" data-element_type=\"widget\" data-e-type=\"widget\" data-widget_type=\"tabs.default\">\n\t\t\t\t<div class=\"elementor-widget-container\">\n\t\t\t\t\t\t\t<div class=\"elementor-tabs\">\n\t\t\t<div class=\"elementor-tabs-wrapper\" role=\"tablist\" >\n\t\t\t\t\t\t\t\t\t<div id=\"elementor-tab-title-2221\" class=\"elementor-tab-title elementor-tab-desktop-title\" aria-selected=\"true\" data-tab=\"1\" role=\"tab\" tabindex=\"0\" aria-controls=\"elementor-tab-content-2221\" aria-expanded=\"false\">2020\u20132023<\/div>\n\t\t\t\t\t\t\t\t\t<div id=\"elementor-tab-title-2222\" class=\"elementor-tab-title elementor-tab-desktop-title\" aria-selected=\"false\" data-tab=\"2\" role=\"tab\" tabindex=\"-1\" aria-controls=\"elementor-tab-content-2222\" aria-expanded=\"false\">2024\u20132027<\/div>\n\t\t\t\t\t\t\t<\/div>\n\t\t\t<div class=\"elementor-tabs-content-wrapper\" role=\"tablist\" aria-orientation=\"vertical\">\n\t\t\t\t\t\t\t\t\t<div class=\"elementor-tab-title elementor-tab-mobile-title\" aria-selected=\"true\" data-tab=\"1\" role=\"tab\" tabindex=\"0\" aria-controls=\"elementor-tab-content-2221\" aria-expanded=\"false\">2020\u20132023<\/div>\n\t\t\t\t\t<div id=\"elementor-tab-content-2221\" class=\"elementor-tab-content elementor-clearfix\" data-tab=\"1\" role=\"tabpanel\" aria-labelledby=\"elementor-tab-title-2221\" tabindex=\"0\" hidden=\"false\"><ul>\n<li>Ferk Savec, Vesna<br \/>professor, Utdanningsvitenskapelig fakultet, Universitetet i Ljubljana, Slovenia<\/li>\n<li>Fiskum, Kirsten<br \/>universitetslektor, Naturfagsenteret, Universitetet i Oslo, Norge<\/li>\n<li>F\u00e6gri, Karoline<br \/>f\u00f8rstelektor, Kjemisk institutt, Universitetet i Oslo, Norge<\/li>\n<li>Haatainen, Outi<br \/>postdoktor, Universitetet i Helsinki, Finland<\/li>\n<li>Holland, Sara<br \/>lektor, Katedralskolan, Uppsala, Sverige<\/li>\n<li>Hrast, \u0160pela<br \/>stipendiat, Utdanningsvitenskapelig fakultet, Universitetet i Ljubljana, Slovenia<\/li>\n<li>Klemen, Taja<br \/>stipendiat, Utdanningsvitenskaplig fakultet, Universitetet i Ljubljana, Slovenia<\/li>\n<li>Lampiselk\u00e4, Jarkko<br \/>universitetslektor, Universitetet i Helsinki, Finland<\/li>\n<li>Mlinarec, Katarina<br \/>stipendiat, Utdanningsvitenskaplig fakultet, Universitetet i Ljubljana, Slovenia<\/li>\n<li>Myllyviita, Ari<br \/>universitetslektor, Viikki universitetsskole \/ Universitetet i Helsinki, Finland<\/li>\n<li>Olander, Jenny<br \/>leder, Kemil\u00e4rarnas resurscentrum, Stockholms universitet, Sverige<\/li>\n<li>Pernaa, Johannes<br \/>universitetslektor, Universitetet i Helsinki, Finland<\/li>\n<li>Salmij\u00e4rvi, Jenna<br \/>l\u00e6rer, Ehnroos videreg\u00e5ende skole, M\u00e4nts\u00e4l\u00e4, Finland<\/li>\n<li>Stenberg, Cecilia<br \/>lektor, Kemil\u00e4rarnas resurscentrum, Stockholms universitet, Sverige<\/li>\n<li>S\u00f8rborg, \u00d8ystein<br \/>universitetslektor, Naturfagsenteret, Universitetet i Oslo, Norge<\/li>\n<li>Tveit, Svein<br \/>universitetslektor, Kjemisk institutt, Universitetet i Oslo, Norge<\/li>\n<li>Vesterinen, Veli-Matti<br \/>universitetslektor, Universitetet i Turku, Finland<\/li>\n<\/ul>\n<\/div>\n\t\t\t\t\t\t\t\t\t<div class=\"elementor-tab-title elementor-tab-mobile-title\" aria-selected=\"false\" data-tab=\"2\" role=\"tab\" tabindex=\"-1\" aria-controls=\"elementor-tab-content-2222\" aria-expanded=\"false\">2024\u20132027<\/div>\n\t\t\t\t\t<div id=\"elementor-tab-content-2222\" class=\"elementor-tab-content elementor-clearfix\" data-tab=\"2\" role=\"tabpanel\" aria-labelledby=\"elementor-tab-title-2222\" tabindex=\"0\" hidden=\"hidden\"><ul>\n<li>Ferk Savec, Vesna<br \/>professor, Utdanningsvitenskapelig fakultet, Universitetet i Ljubljana, Slovenia<\/li>\n<li>Fiskum, Kirsten<br \/>universitetslektor, Naturfagsenteret, Universitetet i Oslo, Norge<\/li>\n<li>F\u00e6gri, Karoline<br \/>f\u00f8rstelektor, Kjemisk institutt, Universitetet i Oslo, Norge<\/li>\n<li>Holland, Sara<br \/>lektor, Katedralskolan, Uppsala, Sverige<\/li>\n<li>Jedrinovi\u0107, Sanja<br \/>leder for avdelingen for didaktisk st\u00f8tte i IKT-forbedrete pedagogiske prosesser, Universitetet i Ljubljana, Slovenia<\/li>\n<li>Mlinarec, Katarina<br \/>stipendiat, Utdanningsvitenskaplig fakultet, Universitetet i Ljubljana, Slovenia<\/li>\n<li>Myllyviita, Ari<br \/>universitetslektor, Viikki universitetsskole \/ Universitetet i Helsinki, Finland<\/li>\n<li>Olander, Jenny<br \/>leder, Kemil\u00e4rarnas resurscentrum, Stockholms universitet, Sverige<\/li>\n<li>Pernaa, Johannes<br \/>universitetslektor, Universitetet i Helsinki, Finland<\/li>\n<li>Salmij\u00e4rvi, Jenna<br \/>l\u00e6rer, Ehnroos videreg\u00e5ende skole, M\u00e4nts\u00e4l\u00e4, Finland<\/li>\n<li>Stenberg, Cecilia<br \/>lektor, Kemil\u00e4rarnas resurscentrum, Stockholms universitet, Sverige<\/li>\n<li>S\u00f8rborg, \u00d8ystein<br \/>universitetslektor, Naturfagsenteret, Universitetet i Oslo, Norge<\/li>\n<li>Tveit, Svein<br \/>universitetslektor, Kjemisk institutt, Universitetet i Oslo, Norge<\/li>\n<\/ul>\n<\/div>\n\t\t\t\t\t\t\t<\/div>\n\t\t<\/div>\n\t\t\t\t\t\t<\/div>\n\t\t\t\t<\/div>\n\t\t\t\t\t<\/div>\n\t\t<\/div>\n\t\t\t\t<aside class=\"elementor-column elementor-col-50 elementor-top-column elementor-element elementor-element-a9197ba\" data-id=\"a9197ba\" data-element_type=\"column\" data-e-type=\"column\">\n\t\t\t<div class=\"elementor-widget-wrap elementor-element-populated\">\n\t\t\t\t\t\t<section class=\"elementor-section elementor-inner-section elementor-element elementor-element-7cf7aa0 elementor-section-boxed elementor-section-height-default elementor-section-height-default\" data-id=\"7cf7aa0\" data-element_type=\"section\" data-e-type=\"section\" data-settings=\"{&quot;background_background&quot;:&quot;classic&quot;}\">\n\t\t\t\t\t\t<div class=\"elementor-container elementor-column-gap-default\">\n\t\t\t\t\t<div class=\"elementor-column elementor-col-100 elementor-inner-column elementor-element elementor-element-289061f\" data-id=\"289061f\" data-element_type=\"column\" data-e-type=\"column\">\n\t\t\t<div class=\"elementor-widget-wrap elementor-element-populated\">\n\t\t\t\t\t\t<div class=\"elementor-element elementor-element-4dcd5c3 elementor-widget elementor-widget-heading\" data-id=\"4dcd5c3\" data-element_type=\"widget\" data-e-type=\"widget\" data-widget_type=\"heading.default\">\n\t\t\t\t<div class=\"elementor-widget-container\">\n\t\t\t\t\t<h2 class=\"elementor-heading-title elementor-size-small\">ORCheSSE ER | Online resources for Chemical Safety in Science Education \u2013 Educational Resources<\/h2>\t\t\t\t<\/div>\n\t\t\t\t<\/div>\n\t\t\t\t<div class=\"elementor-element elementor-element-34a51ea elementor-widget elementor-widget-text-editor\" data-id=\"34a51ea\" data-element_type=\"widget\" data-e-type=\"widget\" data-widget_type=\"text-editor.default\">\n\t\t\t\t<div class=\"elementor-widget-container\">\n\t\t\t\t\t\t\t\t\t<ul>\n<li>Start: 01-09-2024 \u2013 Slutt: 31-08-2027<\/li>\n<li>Program: Erasmus+<\/li>\n<li>Key Action: Cooperation partnerships in school education<\/li>\n<li>Action Type: Partnerships for cooperation<\/li>\n<li>Bevilgende myndighet: Direktoratet for h\u00f8yere utdanning og kompetanse<\/li>\n<li>Innvilget budsjett: 400 000 euro<\/li>\n<\/ul>\n<div><a href=\"https:\/\/erasmus-plus.ec.europa.eu\/projects\/search\/details\/2024-1-NO01-KA220-SCH-000257319\">Mer info<\/a><\/div>\n\t\t\t\t\t\t\t\t<\/div>\n\t\t\t\t<\/div>\n\t\t\t\t\t<\/div>\n\t\t<\/div>\n\t\t\t\t\t<\/div>\n\t\t<\/section>\n\t\t\t\t<section class=\"elementor-section elementor-inner-section elementor-element elementor-element-010a991 elementor-section-boxed elementor-section-height-default elementor-section-height-default\" data-id=\"010a991\" data-element_type=\"section\" data-e-type=\"section\" data-settings=\"{&quot;background_background&quot;:&quot;classic&quot;}\">\n\t\t\t\t\t\t<div class=\"elementor-container elementor-column-gap-default\">\n\t\t\t\t\t<div class=\"elementor-column elementor-col-100 elementor-inner-column elementor-element elementor-element-d48de22\" data-id=\"d48de22\" data-element_type=\"column\" data-e-type=\"column\">\n\t\t\t<div class=\"elementor-widget-wrap elementor-element-populated\">\n\t\t\t\t\t\t<div class=\"elementor-element elementor-element-7207174 elementor-widget elementor-widget-heading\" data-id=\"7207174\" data-element_type=\"widget\" data-e-type=\"widget\" data-widget_type=\"heading.default\">\n\t\t\t\t<div class=\"elementor-widget-container\">\n\t\t\t\t\t<h2 class=\"elementor-heading-title elementor-size-small\">ORCheSSE | Online resources for Chemical Safety in Science Education<\/h2>\t\t\t\t<\/div>\n\t\t\t\t<\/div>\n\t\t\t\t<div class=\"elementor-element elementor-element-48b08fd elementor-widget elementor-widget-text-editor\" data-id=\"48b08fd\" data-element_type=\"widget\" data-e-type=\"widget\" data-widget_type=\"text-editor.default\">\n\t\t\t\t<div class=\"elementor-widget-container\">\n\t\t\t\t\t\t\t\t\t<ul>\n<li>Start: 01-09-2020 \u2013 Slutt: 31-08-2023<\/li>\n<li>Program: Erasmus+<\/li>\n<li>Key Action: Cooperation for innovation and the exchange of good practices<\/li>\n<li>Action Type: Strategic Partnerships for school education<\/li>\n<li>Bevilgende myndighet: Universitets- och h\u00f6gskoler\u00e5det i Sverige<\/li>\n<li>Tildelt budsjettramme: 324 685 Euro<\/li>\n<\/ul>\n<div><a href=\"https:\/\/erasmus-plus.ec.europa.eu\/projects\/search\/details\/2020-1-SE01-KA201-077945\">Mer info<\/a><\/div>\n\t\t\t\t\t\t\t\t<\/div>\n\t\t\t\t<\/div>\n\t\t\t\t\t<\/div>\n\t\t<\/div>\n\t\t\t\t\t<\/div>\n\t\t<\/section>\n\t\t\t\t\t<\/div>\n\t\t<\/aside>\n\t\t\t\t\t<\/div>\n\t\t<\/section>\n\t\t\t\t<\/div>\n\t\t","protected":false},"excerpt":{"rendered":"<p>Online Resources for Chemical Safety in Science Education, CheSSE, var et tre\u00e5rig ERASMUS+-prosjekt som p\u00e5gikk fra 2020 til 2023. Prosjektet har f\u00e5tt ytterligere finansiering fra ERASMUS+ for \u00e5 revidere chesse.org slik at det er i samsvar med EUs nye kjemikalieregelverk, og for \u00e5 lage oppl\u00e6ringsmateriell til nettstedet. Oppf\u00f8lgingsprosjektet vil p\u00e5g\u00e5 fra 2024 til 2027. Det &hellip; <a href=\"https:\/\/chesse.org\/no\/om-chesse\/\" class=\"more-link\">Fortsett \u00e5 lese <span class=\"screen-reader-text\">Om CheSSE<\/span> <span class=\"meta-nav\">&rarr;<\/span><\/a><\/p>\n","protected":false},"author":43,"featured_media":0,"parent":0,"menu_order":0,"comment_status":"closed","ping_status":"closed","template":"","meta":{"footnotes":""},"class_list":["post-15400","page","type-page","status-publish","hentry"],"yoast_head":"<!-- This site is optimized with the Yoast SEO plugin v27.5 - https:\/\/yoast.com\/product\/yoast-seo-wordpress\/ -->\n<title>Om CheSSE &#8211; Kjemikaliesikkerhet i naturfag og kjemi<\/title>\n<meta name=\"robots\" content=\"index, follow, max-snippet:-1, max-image-preview:large, max-video-preview:-1\" \/>\n<link rel=\"canonical\" href=\"https:\/\/chesse.org\/no\/om-chesse\/\" \/>\n<meta property=\"og:locale\" content=\"nb_NO\" \/>\n<meta property=\"og:type\" content=\"article\" \/>\n<meta property=\"og:title\" content=\"Om CheSSE &#8211; Kjemikaliesikkerhet i naturfag og kjemi\" \/>\n<meta property=\"og:description\" content=\"Online Resources for Chemical Safety in Science Education, CheSSE, var et tre\u00e5rig ERASMUS+-prosjekt som p\u00e5gikk fra 2020 til 2023. Prosjektet har f\u00e5tt ytterligere finansiering fra ERASMUS+ for \u00e5 revidere chesse.org slik at det er i samsvar med EUs nye kjemikalieregelverk, og for \u00e5 lage oppl\u00e6ringsmateriell til nettstedet. Oppf\u00f8lgingsprosjektet vil p\u00e5g\u00e5 fra 2024 til 2027. Det &hellip; Fortsett \u00e5 lese Om CheSSE &rarr;\" \/>\n<meta property=\"og:url\" content=\"https:\/\/chesse.org\/no\/om-chesse\/\" \/>\n<meta property=\"og:site_name\" content=\"Kjemikaliesikkerhet i naturfag og kjemi\" \/>\n<meta property=\"article:modified_time\" content=\"2024-11-12T15:43:10+00:00\" \/>\n<meta property=\"og:image\" content=\"https:\/\/chesse.org\/wp-content\/uploads\/ASE-Evaluated-2022-logo-150x150.png\" \/>\n<meta name=\"twitter:card\" content=\"summary_large_image\" \/>\n<script type=\"application\/ld+json\" class=\"yoast-schema-graph\">{\"@context\":\"https:\\\/\\\/schema.org\",\"@graph\":[{\"@type\":\"WebPage\",\"@id\":\"https:\\\/\\\/chesse.org\\\/no\\\/om-chesse\\\/\",\"url\":\"https:\\\/\\\/chesse.org\\\/no\\\/om-chesse\\\/\",\"name\":\"Om CheSSE &#8211; Kjemikaliesikkerhet i naturfag og kjemi\",\"isPartOf\":{\"@id\":\"https:\\\/\\\/chesse.org\\\/no\\\/#website\"},\"primaryImageOfPage\":{\"@id\":\"https:\\\/\\\/chesse.org\\\/no\\\/om-chesse\\\/#primaryimage\"},\"image\":{\"@id\":\"https:\\\/\\\/chesse.org\\\/no\\\/om-chesse\\\/#primaryimage\"},\"thumbnailUrl\":\"https:\\\/\\\/chesse.org\\\/wp-content\\\/uploads\\\/ASE-Evaluated-2022-logo-150x150.png\",\"datePublished\":\"2024-11-09T12:13:46+00:00\",\"dateModified\":\"2024-11-12T15:43:10+00:00\",\"breadcrumb\":{\"@id\":\"https:\\\/\\\/chesse.org\\\/no\\\/om-chesse\\\/#breadcrumb\"},\"inLanguage\":\"nb-NO\",\"potentialAction\":[{\"@type\":\"ReadAction\",\"target\":[\"https:\\\/\\\/chesse.org\\\/no\\\/om-chesse\\\/\"]}]},{\"@type\":\"ImageObject\",\"inLanguage\":\"nb-NO\",\"@id\":\"https:\\\/\\\/chesse.org\\\/no\\\/om-chesse\\\/#primaryimage\",\"url\":\"https:\\\/\\\/chesse.org\\\/wp-content\\\/uploads\\\/ASE-Evaluated-2022-logo-150x150.png\",\"contentUrl\":\"https:\\\/\\\/chesse.org\\\/wp-content\\\/uploads\\\/ASE-Evaluated-2022-logo-150x150.png\"},{\"@type\":\"BreadcrumbList\",\"@id\":\"https:\\\/\\\/chesse.org\\\/no\\\/om-chesse\\\/#breadcrumb\",\"itemListElement\":[{\"@type\":\"ListItem\",\"position\":1,\"name\":\"Hjem\",\"item\":\"https:\\\/\\\/chesse.org\\\/no\\\/\"},{\"@type\":\"ListItem\",\"position\":2,\"name\":\"Om CheSSE\"}]},{\"@type\":\"WebSite\",\"@id\":\"https:\\\/\\\/chesse.org\\\/no\\\/#website\",\"url\":\"https:\\\/\\\/chesse.org\\\/no\\\/\",\"name\":\"Kjemikaliesikkerhet i naturfag og kjemi\",\"description\":\"Kortfattet, oppdatert informasjon for naturfag- og kjemil\u00e6rere, skoleledere og l\u00e6rerutdannere.\",\"publisher\":{\"@id\":\"https:\\\/\\\/chesse.org\\\/no\\\/#organization\"},\"potentialAction\":[{\"@type\":\"SearchAction\",\"target\":{\"@type\":\"EntryPoint\",\"urlTemplate\":\"https:\\\/\\\/chesse.org\\\/no\\\/?s={search_term_string}\"},\"query-input\":{\"@type\":\"PropertyValueSpecification\",\"valueRequired\":true,\"valueName\":\"search_term_string\"}}],\"inLanguage\":\"nb-NO\"},{\"@type\":\"Organization\",\"@id\":\"https:\\\/\\\/chesse.org\\\/no\\\/#organization\",\"name\":\"Online resources for Chemical Safety in Science Education\",\"url\":\"https:\\\/\\\/chesse.org\\\/no\\\/\",\"logo\":{\"@type\":\"ImageObject\",\"inLanguage\":\"nb-NO\",\"@id\":\"https:\\\/\\\/chesse.org\\\/no\\\/#\\\/schema\\\/logo\\\/image\\\/\",\"url\":\"https:\\\/\\\/chesse.org\\\/wp-content\\\/uploads\\\/2020\\\/10\\\/CheSSE_logo-01.svg\",\"contentUrl\":\"https:\\\/\\\/chesse.org\\\/wp-content\\\/uploads\\\/2020\\\/10\\\/CheSSE_logo-01.svg\",\"width\":350,\"height\":100,\"caption\":\"Online resources for Chemical Safety in Science Education\"},\"image\":{\"@id\":\"https:\\\/\\\/chesse.org\\\/no\\\/#\\\/schema\\\/logo\\\/image\\\/\"}}]}<\/script>\n<!-- \/ Yoast SEO plugin. -->","yoast_head_json":{"title":"Om CheSSE &#8211; Kjemikaliesikkerhet i naturfag og kjemi","robots":{"index":"index","follow":"follow","max-snippet":"max-snippet:-1","max-image-preview":"max-image-preview:large","max-video-preview":"max-video-preview:-1"},"canonical":"https:\/\/chesse.org\/no\/om-chesse\/","og_locale":"nb_NO","og_type":"article","og_title":"Om CheSSE &#8211; Kjemikaliesikkerhet i naturfag og kjemi","og_description":"Online Resources for Chemical Safety in Science Education, CheSSE, var et tre\u00e5rig ERASMUS+-prosjekt som p\u00e5gikk fra 2020 til 2023. Prosjektet har f\u00e5tt ytterligere finansiering fra ERASMUS+ for \u00e5 revidere chesse.org slik at det er i samsvar med EUs nye kjemikalieregelverk, og for \u00e5 lage oppl\u00e6ringsmateriell til nettstedet. Oppf\u00f8lgingsprosjektet vil p\u00e5g\u00e5 fra 2024 til 2027. Det &hellip; Fortsett \u00e5 lese Om CheSSE &rarr;","og_url":"https:\/\/chesse.org\/no\/om-chesse\/","og_site_name":"Kjemikaliesikkerhet i naturfag og kjemi","article_modified_time":"2024-11-12T15:43:10+00:00","og_image":[{"url":"https:\/\/chesse.org\/wp-content\/uploads\/ASE-Evaluated-2022-logo-150x150.png","type":"","width":"","height":""}],"twitter_card":"summary_large_image","schema":{"@context":"https:\/\/schema.org","@graph":[{"@type":"WebPage","@id":"https:\/\/chesse.org\/no\/om-chesse\/","url":"https:\/\/chesse.org\/no\/om-chesse\/","name":"Om CheSSE &#8211; Kjemikaliesikkerhet i naturfag og kjemi","isPartOf":{"@id":"https:\/\/chesse.org\/no\/#website"},"primaryImageOfPage":{"@id":"https:\/\/chesse.org\/no\/om-chesse\/#primaryimage"},"image":{"@id":"https:\/\/chesse.org\/no\/om-chesse\/#primaryimage"},"thumbnailUrl":"https:\/\/chesse.org\/wp-content\/uploads\/ASE-Evaluated-2022-logo-150x150.png","datePublished":"2024-11-09T12:13:46+00:00","dateModified":"2024-11-12T15:43:10+00:00","breadcrumb":{"@id":"https:\/\/chesse.org\/no\/om-chesse\/#breadcrumb"},"inLanguage":"nb-NO","potentialAction":[{"@type":"ReadAction","target":["https:\/\/chesse.org\/no\/om-chesse\/"]}]},{"@type":"ImageObject","inLanguage":"nb-NO","@id":"https:\/\/chesse.org\/no\/om-chesse\/#primaryimage","url":"https:\/\/chesse.org\/wp-content\/uploads\/ASE-Evaluated-2022-logo-150x150.png","contentUrl":"https:\/\/chesse.org\/wp-content\/uploads\/ASE-Evaluated-2022-logo-150x150.png"},{"@type":"BreadcrumbList","@id":"https:\/\/chesse.org\/no\/om-chesse\/#breadcrumb","itemListElement":[{"@type":"ListItem","position":1,"name":"Hjem","item":"https:\/\/chesse.org\/no\/"},{"@type":"ListItem","position":2,"name":"Om CheSSE"}]},{"@type":"WebSite","@id":"https:\/\/chesse.org\/no\/#website","url":"https:\/\/chesse.org\/no\/","name":"Kjemikaliesikkerhet i naturfag og kjemi","description":"Kortfattet, oppdatert informasjon for naturfag- og kjemil\u00e6rere, skoleledere og l\u00e6rerutdannere.","publisher":{"@id":"https:\/\/chesse.org\/no\/#organization"},"potentialAction":[{"@type":"SearchAction","target":{"@type":"EntryPoint","urlTemplate":"https:\/\/chesse.org\/no\/?s={search_term_string}"},"query-input":{"@type":"PropertyValueSpecification","valueRequired":true,"valueName":"search_term_string"}}],"inLanguage":"nb-NO"},{"@type":"Organization","@id":"https:\/\/chesse.org\/no\/#organization","name":"Online resources for Chemical Safety in Science Education","url":"https:\/\/chesse.org\/no\/","logo":{"@type":"ImageObject","inLanguage":"nb-NO","@id":"https:\/\/chesse.org\/no\/#\/schema\/logo\/image\/","url":"https:\/\/chesse.org\/wp-content\/uploads\/2020\/10\/CheSSE_logo-01.svg","contentUrl":"https:\/\/chesse.org\/wp-content\/uploads\/2020\/10\/CheSSE_logo-01.svg","width":350,"height":100,"caption":"Online resources for Chemical Safety in Science Education"},"image":{"@id":"https:\/\/chesse.org\/no\/#\/schema\/logo\/image\/"}}]}},"_links":{"self":[{"href":"https:\/\/chesse.org\/no\/wp-json\/wp\/v2\/pages\/15400","targetHints":{"allow":["GET"]}}],"collection":[{"href":"https:\/\/chesse.org\/no\/wp-json\/wp\/v2\/pages"}],"about":[{"href":"https:\/\/chesse.org\/no\/wp-json\/wp\/v2\/types\/page"}],"author":[{"embeddable":true,"href":"https:\/\/chesse.org\/no\/wp-json\/wp\/v2\/users\/43"}],"replies":[{"embeddable":true,"href":"https:\/\/chesse.org\/no\/wp-json\/wp\/v2\/comments?post=15400"}],"version-history":[{"count":14,"href":"https:\/\/chesse.org\/no\/wp-json\/wp\/v2\/pages\/15400\/revisions"}],"predecessor-version":[{"id":15438,"href":"https:\/\/chesse.org\/no\/wp-json\/wp\/v2\/pages\/15400\/revisions\/15438"}],"wp:attachment":[{"href":"https:\/\/chesse.org\/no\/wp-json\/wp\/v2\/media?parent=15400"}],"curies":[{"name":"wp","href":"https:\/\/api.w.org\/{rel}","templated":true}]}}