{"id":16143,"date":"2026-04-13T09:07:44","date_gmt":"2026-04-13T07:07:44","guid":{"rendered":"https:\/\/chesse.org\/?page_id=16143"},"modified":"2026-04-13T09:08:33","modified_gmt":"2026-04-13T07:08:33","slug":"modul-oppbevaring-av-kjemikalier","status":"publish","type":"page","link":"https:\/\/chesse.org\/no\/modul-oppbevaring-av-kjemikalier\/","title":{"rendered":"Modul: Oppbevaring av kjemikalier"},"content":{"rendered":"\t\t<div data-elementor-type=\"wp-page\" data-elementor-id=\"16143\" class=\"elementor elementor-16143\" data-elementor-post-type=\"page\">\n\t\t\t\t\t\t<section class=\"elementor-section elementor-top-section elementor-element elementor-element-61ac1df elementor-section-boxed elementor-section-height-default elementor-section-height-default\" data-id=\"61ac1df\" data-element_type=\"section\" data-e-type=\"section\">\n\t\t\t\t\t\t<div class=\"elementor-container elementor-column-gap-default\">\n\t\t\t\t\t<div class=\"elementor-column elementor-col-100 elementor-top-column elementor-element elementor-element-34edf7c\" data-id=\"34edf7c\" data-element_type=\"column\" data-e-type=\"column\">\n\t\t\t<div class=\"elementor-widget-wrap elementor-element-populated\">\n\t\t\t\t\t\t<div class=\"elementor-element elementor-element-a534f9e standfirst elementor-widget elementor-widget-text-editor\" data-id=\"a534f9e\" data-element_type=\"widget\" data-e-type=\"widget\" data-widget_type=\"text-editor.default\">\n\t\t\t\t<div class=\"elementor-widget-container\">\n\t\t\t\t\t\t\t\t\t<p>Kjemikalier skal oppbevares p\u00e5 en trygg og forsvarlig m\u00e5te for \u00e5 forhindre helseskader, brann, eksplosjoner og andre ulykker.<\/p>\t\t\t\t\t\t\t\t<\/div>\n\t\t\t\t<\/div>\n\t\t\t\t<div class=\"elementor-element elementor-element-fdd740d elementor-toc--content-ellipsis elementor-toc--minimized-on-none elementor-widget elementor-widget-table-of-contents\" data-id=\"fdd740d\" data-element_type=\"widget\" data-e-type=\"widget\" data-settings=\"{&quot;headings_by_tags&quot;:[&quot;h2&quot;],&quot;exclude_headings_by_selector&quot;:&quot;.noTOC&quot;,&quot;marker_view&quot;:&quot;bullets&quot;,&quot;minimized_on&quot;:&quot;none&quot;,&quot;no_headings_message&quot;:&quot;No headings were found on this page.&quot;,&quot;icon&quot;:{&quot;value&quot;:&quot;fas fa-circle&quot;,&quot;library&quot;:&quot;fa-solid&quot;},&quot;minimize_box&quot;:&quot;yes&quot;,&quot;hierarchical_view&quot;:&quot;yes&quot;,&quot;min_height&quot;:{&quot;unit&quot;:&quot;px&quot;,&quot;size&quot;:&quot;&quot;,&quot;sizes&quot;:[]},&quot;min_height_tablet&quot;:{&quot;unit&quot;:&quot;px&quot;,&quot;size&quot;:&quot;&quot;,&quot;sizes&quot;:[]},&quot;min_height_mobile&quot;:{&quot;unit&quot;:&quot;px&quot;,&quot;size&quot;:&quot;&quot;,&quot;sizes&quot;:[]}}\" data-widget_type=\"table-of-contents.default\">\n\t\t\t\t<div class=\"elementor-widget-container\">\n\t\t\t\t\t\t\t\t\t<div class=\"elementor-toc__header\">\n\t\t\t\t\t\t<div class=\"elementor-toc__header-title\">\n\t\t\t\tInnhold\t\t\t<\/div>\n\t\t\t\t\t\t\t\t\t\t<div class=\"elementor-toc__toggle-button elementor-toc__toggle-button--expand\" role=\"button\" tabindex=\"0\" aria-controls=\"elementor-toc__fdd740d\" aria-expanded=\"true\" aria-label=\"Open table of contents\"><i aria-hidden=\"true\" class=\"fas fa-chevron-down\"><\/i><\/div>\n\t\t\t\t<div class=\"elementor-toc__toggle-button elementor-toc__toggle-button--collapse\" role=\"button\" tabindex=\"0\" aria-controls=\"elementor-toc__fdd740d\" aria-expanded=\"true\" aria-label=\"Close table of contents\"><i aria-hidden=\"true\" class=\"fas fa-chevron-up\"><\/i><\/div>\n\t\t\t\t\t<\/div>\n\t\t\t\t<div id=\"elementor-toc__fdd740d\" class=\"elementor-toc__body\">\n\t\t\t<div class=\"elementor-toc__spinner-container\">\n\t\t\t\t<i class=\"elementor-toc__spinner eicon-animation-spin eicon-loading\" aria-hidden=\"true\"><\/i>\t\t\t<\/div>\n\t\t<\/div>\n\t\t\t\t\t\t<\/div>\n\t\t\t\t<\/div>\n\t\t\t\t<div class=\"elementor-element elementor-element-86acdfb elementor-widget elementor-widget-text-editor\" data-id=\"86acdfb\" data-element_type=\"widget\" data-e-type=\"widget\" data-widget_type=\"text-editor.default\">\n\t\t\t\t<div class=\"elementor-widget-container\">\n\t\t\t\t\t\t\t\t\t<p><img decoding=\"async\" class=\"size-thumbnail wp-image-10639\" style=\"float: left; margin: 5px 15px 0px 5px;\" role=\"presentation\" src=\"https:\/\/chesse.org\/wp-content\/uploads\/chesse-alert.svg\" alt=\"\" width=\"45\" height=\"45\" \/>Modulen er under utvikling. Bruk den gjerne, men justeringer kan skje fortl\u00f8pende.<\/p><p>Har du en tilbakemelding til modulen, send den til kontakt@chesse.org.<\/p>\t\t\t\t\t\t\t\t<\/div>\n\t\t\t\t<\/div>\n\t\t\t\t<div class=\"elementor-element elementor-element-9cc24bc elementor-widget elementor-widget-text-editor\" data-id=\"9cc24bc\" data-element_type=\"widget\" data-e-type=\"widget\" data-widget_type=\"text-editor.default\">\n\t\t\t\t<div class=\"elementor-widget-container\">\n\t\t\t\t\t\t\t\t\t<p>N\u00e5r du har gjennomf\u00f8rt denne modulen skal du<\/p><ul><li>kjenne til ansvarsfordelingen p\u00e5 egen skole<\/li><li>vite hva som kjennetegner trygg og korrekt oppbevaring av farlige kjemikalier, og hvilke krav som gjelder for plassering og lagring<\/li><li>kunne bruke et sikkerhetsdatablad til \u00e5 vurdere oppbevaring av farlige kjemikalier<\/li><\/ul><h2>Forberedelse (15 min)<\/h2><p>Start med \u00e5 reflektere over rutinene for oppbevaring av kjemikalier p\u00e5 din skole. Noter noen stikkord eller korte setninger om:<\/p><ul><li>Hvor finner du skolens stoffkartotek?<\/li><li>Har skolen en kjemikalieliste i tillegg til stoffkartoteket? I s\u00e5 fall, hvor finner du den?<\/li><li>Hvilke rutiner har din skole for oppbevaring av kjemikalier?<\/li><li>Hvem ivaretar skolens system for oppbevaring av kjemikalier?<\/li><\/ul><h2>Test deg selv: Hva vet du om oppbevaring av kjemikalier? (30 min)<\/h2><p>Les\u202fsiden om <a href=\"https:\/\/chesse.org\/no\/merking-oppbevaring-og-avfallshandtering\/oppbevaring\/\">oppbevaring<\/a> p\u00e5 chesse.org. N\u00e5r du er ferdig med \u00e5 lese, fullf\u00f8r test-deg-selv-oppgavene f\u00f8r du g\u00e5r videre. Legg merke til at oppgavene kan vises i fullskjermsmodus.<\/p><div class=\"h5p-iframe-wrapper\"><iframe id=\"h5p-iframe-155\" class=\"h5p-iframe\" data-content-id=\"155\" style=\"height:1px\" src=\"about:blank\" frameBorder=\"0\" scrolling=\"no\" title=\"Oppbevaring\u2013 test deg selv\"><\/iframe><\/div><h2>Bestem plassering (45 min)<\/h2><p>For \u00e5 sikre trygg h\u00e5ndtering av kjemikalier m\u00e5 du vite hvordan de skal oppbevares. Kjemikalieskap b\u00f8r organiseres ved at fareklasser og kompatibilitet styrer inndelingen.<\/p><figure><img fetchpriority=\"high\" decoding=\"async\" src=\"https:\/\/chesse.org\/wp-content\/uploads\/seks-skap.png\" alt=\"Illustrasjon av seks kjemiskap.\" width=\"851\" height=\"507\" \/><figcaption>Eksempel p\u00e5 organisering av kjemikaliene med seks skap.<\/figcaption><\/figure>\t\t\t\t\t\t\t\t<\/div>\n\t\t\t\t<\/div>\n\t\t\t\t<div class=\"elementor-element elementor-element-3ee1b05 elementor-widget elementor-widget-text-editor\" data-id=\"3ee1b05\" data-element_type=\"widget\" data-e-type=\"widget\" data-widget_type=\"text-editor.default\">\n\t\t\t\t<div class=\"elementor-widget-container\">\n\t\t\t\t\t\t\t\t\t<p>Filmen nedenfor\u00a0gir en praktisk gjennomgang av hvordan du bruker faremerking og sikkerhetsdatablad til \u00e5 velge riktig skap. Se filmen f\u00f8r du gj\u00f8r de p\u00e5f\u00f8lgende oppgavene.<\/p>\t\t\t\t\t\t\t\t<\/div>\n\t\t\t\t<\/div>\n\t\t\t\t<div class=\"elementor-element elementor-element-9bd3eb0 elementor-widget elementor-widget-video\" data-id=\"9bd3eb0\" data-element_type=\"widget\" data-e-type=\"widget\" data-settings=\"{&quot;video_type&quot;:&quot;vimeo&quot;,&quot;yt_privacy&quot;:&quot;yes&quot;}\" data-widget_type=\"video.default\">\n\t\t\t\t<div class=\"elementor-widget-container\">\n\t\t\t\t\t\t\t<div class=\"elementor-wrapper elementor-open-inline\">\n\t\t\t<iframe class=\"elementor-video-iframe\" allowfullscreen allow=\"clipboard-write\" title=\"vimeo videoavspiller\" src=\"https:\/\/player.vimeo.com\/video\/1166106775?color&amp;autopause=0&amp;dnt=true&amp;loop=0&amp;muted=0&amp;title=0&amp;portrait=0&amp;byline=0#t=\"><\/iframe>\t\t<\/div>\n\t\t\t\t\t\t<\/div>\n\t\t\t\t<\/div>\n\t\t\t\t<div class=\"elementor-element elementor-element-e80fddd elementor-widget elementor-widget-text-editor\" data-id=\"e80fddd\" data-element_type=\"widget\" data-e-type=\"widget\" data-widget_type=\"text-editor.default\">\n\t\t\t\t<div class=\"elementor-widget-container\">\n\t\t\t\t\t\t\t\t\t<h3>Oppgave 1<\/h3>\nAvgj\u00f8r i hvilket skap disse stoffene skal plasseres\n<ul>\n \t<li>Etansyre (eddiksyre ) 98%, CH<sub>3<\/sub>COOH, CAS 64-19-7 [<a href=\"https:\/\/www.fybikon.no\/file\/sds\/16330-etansyre.pdf\" target=\"_blank\" rel=\"noopener\">sikkerhetsdatablad<\/a>]<\/li>\n \t<li>Kaliumpermanganat, KMnO<sub>4<\/sub> (s), CAS 7722-64-7 [<a href=\"https:\/\/www.fybikon.no\/file\/sds\/16083-kaliumpermanganat.pdf\" target=\"_blank\" rel=\"noopener\">sikkerhetsdatablad<\/a>]<\/li>\n \t<li>Jern(III)klorid, FeCl<sub>3<\/sub>, CAS 10025-77-1 [<a href=\"https:\/\/www.fybikon.no\/file\/sds\/16052-jerniiiklorid-heksahydrat-pdf\" target=\"_blank\" rel=\"noopener\">sikkerhetsdatablad<\/a>]<\/li>\n<\/ul>\t\t\t\t\t\t\t\t<\/div>\n\t\t\t\t<\/div>\n\t\t\t\t\t<\/div>\n\t\t<\/div>\n\t\t\t\t\t<\/div>\n\t\t<\/section>\n\t\t\t\t<section class=\"elementor-section elementor-top-section elementor-element elementor-element-f19a71c elementor-section-boxed elementor-section-height-default elementor-section-height-default\" data-id=\"f19a71c\" data-element_type=\"section\" data-e-type=\"section\">\n\t\t\t\t\t\t<div class=\"elementor-container elementor-column-gap-default\">\n\t\t\t\t\t<div class=\"elementor-column elementor-col-100 elementor-top-column elementor-element elementor-element-dd3a463\" data-id=\"dd3a463\" data-element_type=\"column\" data-e-type=\"column\">\n\t\t\t<div class=\"elementor-widget-wrap elementor-element-populated\">\n\t\t\t\t\t\t<div class=\"elementor-element elementor-element-bb36ee4 elementor-widget elementor-widget-toggle\" data-id=\"bb36ee4\" data-element_type=\"widget\" data-e-type=\"widget\" data-widget_type=\"toggle.default\">\n\t\t\t\t<div class=\"elementor-widget-container\">\n\t\t\t\t\t\t\t<div class=\"elementor-toggle\">\n\t\t\t\t\t\t\t<div class=\"elementor-toggle-item\">\n\t\t\t\t\t<div id=\"elementor-tab-title-1961\" class=\"elementor-tab-title\" data-tab=\"1\" role=\"button\" aria-controls=\"elementor-tab-content-1961\" aria-expanded=\"false\">\n\t\t\t\t\t\t\t\t\t\t\t\t<span class=\"elementor-toggle-icon elementor-toggle-icon-left\" aria-hidden=\"true\">\n\t\t\t\t\t\t\t\t\t\t\t\t\t\t\t<span class=\"elementor-toggle-icon-closed\"><i class=\"fas fa-caret-right\"><\/i><\/span>\n\t\t\t\t\t\t\t\t<span class=\"elementor-toggle-icon-opened\"><i class=\"elementor-toggle-icon-opened fas fa-caret-down\"><\/i><\/span>\n\t\t\t\t\t\t\t\t\t\t\t\t\t<\/span>\n\t\t\t\t\t\t\t\t\t\t\t\t<a class=\"elementor-toggle-title\" tabindex=\"0\">Sammenlign svarene dine med dette forslaget <\/a>\n\t\t\t\t\t<\/div>\n\n\t\t\t\t\t<div id=\"elementor-tab-content-1961\" class=\"elementor-tab-content elementor-clearfix\" data-tab=\"1\" role=\"region\" aria-labelledby=\"elementor-tab-title-1961\"><table class=\"chesseTable chessetable-centered\"><caption>Forslag til skap for oppbevaring av kjemikalier.<\/caption>\n<thead>\n<tr>\n<th class=\"orange orangeBorder\" style=\"width: 25%;\" scope=\"col\">Kjemikalie<\/th>\n<th class=\"orange orangeBorder\" style=\"width: 20%;\" scope=\"col\">Faremerking<\/th>\n<th class=\"orange orangeBorder pictogramCol\" style=\"text-align: center;\" scope=\"col\">Vurdering<\/th>\n<\/tr>\n<\/thead>\n<tbody>\n<tr>\n<td class=\"orangeBorder\">Etansyre (eddiksyre) 98 %<\/td>\n<td class=\"orangeBorder\" style=\"text-align: center;\"><img decoding=\"async\" style=\"width: 60px; min-width: 60px;\" src=\"https:\/\/chesse.org\/wp-content\/uploads\/2022\/06\/GHS-pictogram-flamme.svg\" alt=\"Brannfarlig\" \/><img decoding=\"async\" style=\"width: 60px; min-width: 60px;\" src=\"https:\/\/chesse.org\/wp-content\/uploads\/2022\/06\/GHS-pictogram-harmed-material-and-harmed-hand.svg\" alt=\"Etsende\" \/><\/td>\n<td class=\"orangeBorder\">Brannfarlig og etsende. Brannfarlig har h\u00f8yere prioritering enn etsende. Plasseres i skapet for brannfarlige stoffer, under \u00f8yeh\u00f8yde. Syra kan gjerne plasseres i en sekund\u00e6rbeholder. Det er ingen informasjon i avsnitt 7 eller 10 i sikkerhetsdatabladet som tilsier at etansyre ikke skal st\u00e5 i dette skapet. <\/td>\n<\/tr>\n<tr>\n<td class=\"orangeBorder\">Kaliumpermanganat<\/td>\n<td class=\"orangeBorder\" style=\"text-align: center;\"><img decoding=\"async\" style=\"width: 60px; min-width: 60px;\" src=\"https:\/\/chesse.org\/wp-content\/uploads\/2022\/06\/GHS-pictogram-flame-over-circle.svg\" alt=\"Oksiderende\" \/><img decoding=\"async\" style=\"width: 60px; min-width: 60px;\" src=\"https:\/\/chesse.org\/wp-content\/uploads\/2022\/06\/GHS-pictogram-exclamation-mark.svg\" alt=\"Helsefare\" \/><img decoding=\"async\" style=\"width: 60px; min-width: 60px;\" src=\"https:\/\/chesse.org\/wp-content\/uploads\/2022\/06\/GHS-pictogram-torso-harmed-internally.svg\" alt=\"Kronisk helsefare\" \/><img decoding=\"async\" style=\"width: 60px; min-width: 60px;\" src=\"https:\/\/chesse.org\/wp-content\/uploads\/2022\/06\/GHS-pictogram-dead-plant-and-dead-fish.svg\" alt=\"Milj\u00f8fare\" \/><\/td>\n<td class=\"orangeBorder\">Oksiderende har h\u00f8yere prioritering enn de andre fareklassene. Plasseres sammen med andre oksiderende stoffer, i et skap av metall eller annet ikke-brennbart materiale. Det er ingen informasjon i avsnitt 7 eller 10 i sikkerhetsdatabladet som tilsier at kaliumpermanganat ikke skal st\u00e5 i dette skapet.<\/td>\n<\/tr>\n<tr>\n<td class=\"orangeBorder\">\n<div>Jern(III)klorid<\/div><\/td>\n<td class=\"orangeBorder\" style=\"text-align: center;\"><img decoding=\"async\" style=\"width: 60px; min-width: 60px;\" src=\"https:\/\/chesse.org\/wp-content\/uploads\/2022\/06\/GHS-pictogram-harmed-material-and-harmed-hand.svg\" alt=\"Etsende\" \/><img decoding=\"async\" style=\"width: 60px; min-width: 60px;\" src=\"https:\/\/chesse.org\/wp-content\/uploads\/2022\/06\/GHS-pictogram-exclamation-mark.svg\" alt=\"Helsefare\" \/><\/td>\n<td class=\"orangeBorder\">Plasseres i skap for med salter og saltl\u00f8sninger. Det er ingen informasjon i avsnitt 7 eller 10 i sikkerhetsdatabladet som tilsier at jern(III)klorid ikke skal st\u00e5 i dette skapet.<\/td><\/tr>\n<\/tbody>\n<\/table><\/div>\n\t\t\t\t<\/div>\n\t\t\t\t\t\t\t\t<\/div>\n\t\t\t\t\t\t<\/div>\n\t\t\t\t<\/div>\n\t\t\t\t<div class=\"elementor-element elementor-element-5944a00 elementor-widget elementor-widget-text-editor\" data-id=\"5944a00\" data-element_type=\"widget\" data-e-type=\"widget\" data-widget_type=\"text-editor.default\">\n\t\t\t\t<div class=\"elementor-widget-container\">\n\t\t\t\t\t\t\t\t\t<h3>Oppgave 2<\/h3>\n<p>Velg to kjemikalier fra skolens kjemikaliesamling og avgj\u00f8r om de oppbevares i riktig skap, eller eventuelt hvilket skap hvert av stoffene b\u00f8r plasseres i. F\u00f8lg fremgangsm\u00e5ten i filmen over og diskuter plasseringen med en kollega.<\/p>\t\t\t\t\t\t\t\t<\/div>\n\t\t\t\t<\/div>\n\t\t\t\t\t<\/div>\n\t\t<\/div>\n\t\t\t\t\t<\/div>\n\t\t<\/section>\n\t\t\t\t<\/div>\n\t\t","protected":false},"excerpt":{"rendered":"<p>Kjemikalier skal oppbevares p\u00e5 en trygg og forsvarlig m\u00e5te for \u00e5 forhindre helseskader, brann, eksplosjoner og andre ulykker. Innhold Modulen er under utvikling. Bruk den gjerne, men justeringer kan skje fortl\u00f8pende. Har du en tilbakemelding til modulen, send den til kontakt@chesse.org. N\u00e5r du har gjennomf\u00f8rt denne modulen skal du kjenne til ansvarsfordelingen p\u00e5 egen skole &hellip; <a href=\"https:\/\/chesse.org\/no\/modul-oppbevaring-av-kjemikalier\/\" class=\"more-link\">Fortsett \u00e5 lese <span class=\"screen-reader-text\">Modul: Oppbevaring av kjemikalier<\/span> <span class=\"meta-nav\">&rarr;<\/span><\/a><\/p>\n","protected":false},"author":50,"featured_media":0,"parent":0,"menu_order":0,"comment_status":"closed","ping_status":"closed","template":"","meta":{"footnotes":""},"class_list":["post-16143","page","type-page","status-publish","hentry"],"yoast_head":"<!-- This site is optimized with the Yoast SEO plugin v27.4 - https:\/\/yoast.com\/product\/yoast-seo-wordpress\/ -->\n<title>Modul: Oppbevaring av kjemikalier &#8211; Kjemikaliesikkerhet i naturfag og kjemi<\/title>\n<meta name=\"robots\" content=\"index, follow, max-snippet:-1, max-image-preview:large, max-video-preview:-1\" \/>\n<link rel=\"canonical\" href=\"https:\/\/chesse.org\/no\/modul-oppbevaring-av-kjemikalier\/\" \/>\n<meta property=\"og:locale\" content=\"nb_NO\" \/>\n<meta property=\"og:type\" content=\"article\" \/>\n<meta property=\"og:title\" content=\"Modul: Oppbevaring av kjemikalier &#8211; Kjemikaliesikkerhet i naturfag og kjemi\" \/>\n<meta property=\"og:description\" content=\"Kjemikalier skal oppbevares p\u00e5 en trygg og forsvarlig m\u00e5te for \u00e5 forhindre helseskader, brann, eksplosjoner og andre ulykker. Innhold Modulen er under utvikling. Bruk den gjerne, men justeringer kan skje fortl\u00f8pende. Har du en tilbakemelding til modulen, send den til kontakt@chesse.org. N\u00e5r du har gjennomf\u00f8rt denne modulen skal du kjenne til ansvarsfordelingen p\u00e5 egen skole &hellip; Fortsett \u00e5 lese Modul: Oppbevaring av kjemikalier &rarr;\" \/>\n<meta property=\"og:url\" content=\"https:\/\/chesse.org\/no\/modul-oppbevaring-av-kjemikalier\/\" \/>\n<meta property=\"og:site_name\" content=\"Kjemikaliesikkerhet i naturfag og kjemi\" \/>\n<meta property=\"article:modified_time\" content=\"2026-04-13T07:08:33+00:00\" \/>\n<meta property=\"og:image\" content=\"https:\/\/chesse.org\/wp-content\/uploads\/2022\/06\/chesse-sharing.png\" \/>\n\t<meta property=\"og:image:width\" content=\"1200\" \/>\n\t<meta property=\"og:image:height\" content=\"630\" \/>\n\t<meta property=\"og:image:type\" content=\"image\/png\" \/>\n<meta name=\"twitter:card\" content=\"summary_large_image\" \/>\n<script type=\"application\/ld+json\" class=\"yoast-schema-graph\">{\"@context\":\"https:\\\/\\\/schema.org\",\"@graph\":[{\"@type\":\"WebPage\",\"@id\":\"https:\\\/\\\/chesse.org\\\/no\\\/modul-oppbevaring-av-kjemikalier\\\/\",\"url\":\"https:\\\/\\\/chesse.org\\\/no\\\/modul-oppbevaring-av-kjemikalier\\\/\",\"name\":\"Modul: Oppbevaring av kjemikalier &#8211; Kjemikaliesikkerhet i naturfag og kjemi\",\"isPartOf\":{\"@id\":\"https:\\\/\\\/chesse.org\\\/no\\\/#website\"},\"primaryImageOfPage\":{\"@id\":\"https:\\\/\\\/chesse.org\\\/no\\\/modul-oppbevaring-av-kjemikalier\\\/#primaryimage\"},\"image\":{\"@id\":\"https:\\\/\\\/chesse.org\\\/no\\\/modul-oppbevaring-av-kjemikalier\\\/#primaryimage\"},\"thumbnailUrl\":\"https:\\\/\\\/chesse.org\\\/wp-content\\\/uploads\\\/chesse-alert.svg\",\"datePublished\":\"2026-04-13T07:07:44+00:00\",\"dateModified\":\"2026-04-13T07:08:33+00:00\",\"breadcrumb\":{\"@id\":\"https:\\\/\\\/chesse.org\\\/no\\\/modul-oppbevaring-av-kjemikalier\\\/#breadcrumb\"},\"inLanguage\":\"nb-NO\",\"potentialAction\":[{\"@type\":\"ReadAction\",\"target\":[\"https:\\\/\\\/chesse.org\\\/no\\\/modul-oppbevaring-av-kjemikalier\\\/\"]}]},{\"@type\":\"ImageObject\",\"inLanguage\":\"nb-NO\",\"@id\":\"https:\\\/\\\/chesse.org\\\/no\\\/modul-oppbevaring-av-kjemikalier\\\/#primaryimage\",\"url\":\"https:\\\/\\\/chesse.org\\\/wp-content\\\/uploads\\\/chesse-alert.svg\",\"contentUrl\":\"https:\\\/\\\/chesse.org\\\/wp-content\\\/uploads\\\/chesse-alert.svg\"},{\"@type\":\"BreadcrumbList\",\"@id\":\"https:\\\/\\\/chesse.org\\\/no\\\/modul-oppbevaring-av-kjemikalier\\\/#breadcrumb\",\"itemListElement\":[{\"@type\":\"ListItem\",\"position\":1,\"name\":\"Hjem\",\"item\":\"https:\\\/\\\/chesse.org\\\/no\\\/\"},{\"@type\":\"ListItem\",\"position\":2,\"name\":\"Modul: Oppbevaring av kjemikalier\"}]},{\"@type\":\"WebSite\",\"@id\":\"https:\\\/\\\/chesse.org\\\/no\\\/#website\",\"url\":\"https:\\\/\\\/chesse.org\\\/no\\\/\",\"name\":\"Kjemikaliesikkerhet i naturfag og kjemi\",\"description\":\"Kortfattet, oppdatert informasjon for naturfag- og kjemil\u00e6rere, skoleledere og l\u00e6rerutdannere.\",\"publisher\":{\"@id\":\"https:\\\/\\\/chesse.org\\\/no\\\/#organization\"},\"potentialAction\":[{\"@type\":\"SearchAction\",\"target\":{\"@type\":\"EntryPoint\",\"urlTemplate\":\"https:\\\/\\\/chesse.org\\\/no\\\/?s={search_term_string}\"},\"query-input\":{\"@type\":\"PropertyValueSpecification\",\"valueRequired\":true,\"valueName\":\"search_term_string\"}}],\"inLanguage\":\"nb-NO\"},{\"@type\":\"Organization\",\"@id\":\"https:\\\/\\\/chesse.org\\\/no\\\/#organization\",\"name\":\"Online resources for Chemical Safety in Science Education\",\"url\":\"https:\\\/\\\/chesse.org\\\/no\\\/\",\"logo\":{\"@type\":\"ImageObject\",\"inLanguage\":\"nb-NO\",\"@id\":\"https:\\\/\\\/chesse.org\\\/no\\\/#\\\/schema\\\/logo\\\/image\\\/\",\"url\":\"https:\\\/\\\/chesse.org\\\/wp-content\\\/uploads\\\/2020\\\/10\\\/CheSSE_logo-01.svg\",\"contentUrl\":\"https:\\\/\\\/chesse.org\\\/wp-content\\\/uploads\\\/2020\\\/10\\\/CheSSE_logo-01.svg\",\"width\":350,\"height\":100,\"caption\":\"Online resources for Chemical Safety in Science Education\"},\"image\":{\"@id\":\"https:\\\/\\\/chesse.org\\\/no\\\/#\\\/schema\\\/logo\\\/image\\\/\"}}]}<\/script>\n<!-- \/ Yoast SEO plugin. -->","yoast_head_json":{"title":"Modul: Oppbevaring av kjemikalier &#8211; Kjemikaliesikkerhet i naturfag og kjemi","robots":{"index":"index","follow":"follow","max-snippet":"max-snippet:-1","max-image-preview":"max-image-preview:large","max-video-preview":"max-video-preview:-1"},"canonical":"https:\/\/chesse.org\/no\/modul-oppbevaring-av-kjemikalier\/","og_locale":"nb_NO","og_type":"article","og_title":"Modul: Oppbevaring av kjemikalier &#8211; Kjemikaliesikkerhet i naturfag og kjemi","og_description":"Kjemikalier skal oppbevares p\u00e5 en trygg og forsvarlig m\u00e5te for \u00e5 forhindre helseskader, brann, eksplosjoner og andre ulykker. Innhold Modulen er under utvikling. Bruk den gjerne, men justeringer kan skje fortl\u00f8pende. Har du en tilbakemelding til modulen, send den til kontakt@chesse.org. N\u00e5r du har gjennomf\u00f8rt denne modulen skal du kjenne til ansvarsfordelingen p\u00e5 egen skole &hellip; Fortsett \u00e5 lese Modul: Oppbevaring av kjemikalier &rarr;","og_url":"https:\/\/chesse.org\/no\/modul-oppbevaring-av-kjemikalier\/","og_site_name":"Kjemikaliesikkerhet i naturfag og kjemi","article_modified_time":"2026-04-13T07:08:33+00:00","og_image":[{"width":1200,"height":630,"url":"https:\/\/chesse.org\/wp-content\/uploads\/2022\/06\/chesse-sharing.png","type":"image\/png"}],"twitter_card":"summary_large_image","schema":{"@context":"https:\/\/schema.org","@graph":[{"@type":"WebPage","@id":"https:\/\/chesse.org\/no\/modul-oppbevaring-av-kjemikalier\/","url":"https:\/\/chesse.org\/no\/modul-oppbevaring-av-kjemikalier\/","name":"Modul: Oppbevaring av kjemikalier &#8211; Kjemikaliesikkerhet i naturfag og kjemi","isPartOf":{"@id":"https:\/\/chesse.org\/no\/#website"},"primaryImageOfPage":{"@id":"https:\/\/chesse.org\/no\/modul-oppbevaring-av-kjemikalier\/#primaryimage"},"image":{"@id":"https:\/\/chesse.org\/no\/modul-oppbevaring-av-kjemikalier\/#primaryimage"},"thumbnailUrl":"https:\/\/chesse.org\/wp-content\/uploads\/chesse-alert.svg","datePublished":"2026-04-13T07:07:44+00:00","dateModified":"2026-04-13T07:08:33+00:00","breadcrumb":{"@id":"https:\/\/chesse.org\/no\/modul-oppbevaring-av-kjemikalier\/#breadcrumb"},"inLanguage":"nb-NO","potentialAction":[{"@type":"ReadAction","target":["https:\/\/chesse.org\/no\/modul-oppbevaring-av-kjemikalier\/"]}]},{"@type":"ImageObject","inLanguage":"nb-NO","@id":"https:\/\/chesse.org\/no\/modul-oppbevaring-av-kjemikalier\/#primaryimage","url":"https:\/\/chesse.org\/wp-content\/uploads\/chesse-alert.svg","contentUrl":"https:\/\/chesse.org\/wp-content\/uploads\/chesse-alert.svg"},{"@type":"BreadcrumbList","@id":"https:\/\/chesse.org\/no\/modul-oppbevaring-av-kjemikalier\/#breadcrumb","itemListElement":[{"@type":"ListItem","position":1,"name":"Hjem","item":"https:\/\/chesse.org\/no\/"},{"@type":"ListItem","position":2,"name":"Modul: Oppbevaring av kjemikalier"}]},{"@type":"WebSite","@id":"https:\/\/chesse.org\/no\/#website","url":"https:\/\/chesse.org\/no\/","name":"Kjemikaliesikkerhet i naturfag og kjemi","description":"Kortfattet, oppdatert informasjon for naturfag- og kjemil\u00e6rere, skoleledere og l\u00e6rerutdannere.","publisher":{"@id":"https:\/\/chesse.org\/no\/#organization"},"potentialAction":[{"@type":"SearchAction","target":{"@type":"EntryPoint","urlTemplate":"https:\/\/chesse.org\/no\/?s={search_term_string}"},"query-input":{"@type":"PropertyValueSpecification","valueRequired":true,"valueName":"search_term_string"}}],"inLanguage":"nb-NO"},{"@type":"Organization","@id":"https:\/\/chesse.org\/no\/#organization","name":"Online resources for Chemical Safety in Science Education","url":"https:\/\/chesse.org\/no\/","logo":{"@type":"ImageObject","inLanguage":"nb-NO","@id":"https:\/\/chesse.org\/no\/#\/schema\/logo\/image\/","url":"https:\/\/chesse.org\/wp-content\/uploads\/2020\/10\/CheSSE_logo-01.svg","contentUrl":"https:\/\/chesse.org\/wp-content\/uploads\/2020\/10\/CheSSE_logo-01.svg","width":350,"height":100,"caption":"Online resources for Chemical Safety in Science Education"},"image":{"@id":"https:\/\/chesse.org\/no\/#\/schema\/logo\/image\/"}}]}},"_links":{"self":[{"href":"https:\/\/chesse.org\/no\/wp-json\/wp\/v2\/pages\/16143","targetHints":{"allow":["GET"]}}],"collection":[{"href":"https:\/\/chesse.org\/no\/wp-json\/wp\/v2\/pages"}],"about":[{"href":"https:\/\/chesse.org\/no\/wp-json\/wp\/v2\/types\/page"}],"author":[{"embeddable":true,"href":"https:\/\/chesse.org\/no\/wp-json\/wp\/v2\/users\/50"}],"replies":[{"embeddable":true,"href":"https:\/\/chesse.org\/no\/wp-json\/wp\/v2\/comments?post=16143"}],"version-history":[{"count":85,"href":"https:\/\/chesse.org\/no\/wp-json\/wp\/v2\/pages\/16143\/revisions"}],"predecessor-version":[{"id":16793,"href":"https:\/\/chesse.org\/no\/wp-json\/wp\/v2\/pages\/16143\/revisions\/16793"}],"wp:attachment":[{"href":"https:\/\/chesse.org\/no\/wp-json\/wp\/v2\/media?parent=16143"}],"curies":[{"name":"wp","href":"https:\/\/api.w.org\/{rel}","templated":true}]}}