{"id":4780,"date":"2022-06-23T15:08:43","date_gmt":"2022-06-23T13:08:43","guid":{"rendered":"https:\/\/chesse.org\/oversikt-over-europeisk-kjemikalielovgivning\/"},"modified":"2026-02-27T14:05:42","modified_gmt":"2026-02-27T13:05:42","slug":"oversikt-over-europeisk-kjemikalielovgivning","status":"publish","type":"page","link":"https:\/\/chesse.org\/no\/lovgivning\/oversikt-over-europeisk-kjemikalielovgivning\/","title":{"rendered":"Oversikt over europeisk kjemikalielovgivning"},"content":{"rendered":"\t\t<div data-elementor-type=\"wp-page\" data-elementor-id=\"4780\" class=\"elementor elementor-4780 elementor-41\" data-elementor-post-type=\"page\">\n\t\t\t\t\t\t<section class=\"elementor-section elementor-top-section elementor-element elementor-element-f7ebe58 elementor-section-boxed elementor-section-height-default elementor-section-height-default\" data-id=\"f7ebe58\" data-element_type=\"section\" data-e-type=\"section\">\n\t\t\t\t\t\t<div class=\"elementor-container elementor-column-gap-default\">\n\t\t\t\t\t<div class=\"elementor-column elementor-col-100 elementor-top-column elementor-element elementor-element-4786d50\" data-id=\"4786d50\" data-element_type=\"column\" data-e-type=\"column\">\n\t\t\t<div class=\"elementor-widget-wrap elementor-element-populated\">\n\t\t\t\t\t\t<div class=\"elementor-element elementor-element-23d83fe standfirst elementor-widget elementor-widget-text-editor\" data-id=\"23d83fe\" data-element_type=\"widget\" data-e-type=\"widget\" data-widget_type=\"text-editor.default\">\n\t\t\t\t<div class=\"elementor-widget-container\">\n\t\t\t\t\t\t\t\t\t<p>Lovgivning som regulerer h\u00e5ndtering av kjemikalier i skoler i EU og E\u00d8S.<\/p>\t\t\t\t\t\t\t\t<\/div>\n\t\t\t\t<\/div>\n\t\t\t\t<div class=\"elementor-element elementor-element-78960b1 elementor-toc--content-ellipsis elementor-widget elementor-widget-global elementor-global-4830 elementor-global-3097 elementor-widget-table-of-contents\" data-id=\"78960b1\" data-element_type=\"widget\" data-e-type=\"widget\" data-settings=\"{&quot;headings_by_tags&quot;:[&quot;h2&quot;,&quot;h3&quot;],&quot;exclude_headings_by_selector&quot;:&quot;.noTOC&quot;,&quot;marker_view&quot;:&quot;bullets&quot;,&quot;icon&quot;:{&quot;value&quot;:&quot;fas fa-circle&quot;,&quot;library&quot;:&quot;fa-solid&quot;},&quot;no_headings_message&quot;:&quot;No headings were found on this page.&quot;,&quot;hierarchical_view&quot;:&quot;yes&quot;,&quot;min_height&quot;:{&quot;unit&quot;:&quot;px&quot;,&quot;size&quot;:&quot;&quot;,&quot;sizes&quot;:[]},&quot;min_height_tablet&quot;:{&quot;unit&quot;:&quot;px&quot;,&quot;size&quot;:&quot;&quot;,&quot;sizes&quot;:[]},&quot;min_height_mobile&quot;:{&quot;unit&quot;:&quot;px&quot;,&quot;size&quot;:&quot;&quot;,&quot;sizes&quot;:[]}}\" data-widget_type=\"table-of-contents.default\">\n\t\t\t\t<div class=\"elementor-widget-container\">\n\t\t\t\t\t\t\t\t\t<div class=\"elementor-toc__header\">\n\t\t\t\t\t\t<div class=\"elementor-toc__header-title\">\n\t\t\t\tInnhold\t\t\t<\/div>\n\t\t\t\t\t\t\t\t<\/div>\n\t\t\t\t<div id=\"elementor-toc__78960b1\" class=\"elementor-toc__body\">\n\t\t\t<div class=\"elementor-toc__spinner-container\">\n\t\t\t\t<i class=\"elementor-toc__spinner eicon-animation-spin eicon-loading\" aria-hidden=\"true\"><\/i>\t\t\t<\/div>\n\t\t<\/div>\n\t\t\t\t\t\t<\/div>\n\t\t\t\t<\/div>\n\t\t\t\t<div class=\"elementor-element elementor-element-6e3cdde elementor-widget elementor-widget-text-editor\" data-id=\"6e3cdde\" data-element_type=\"widget\" data-e-type=\"widget\" data-widget_type=\"text-editor.default\">\n\t\t\t\t<div class=\"elementor-widget-container\">\n\t\t\t\t\t\t\t\t\t<h2>Generelle prinsipper for EUs kjemikalielovgivning<\/h2><p>Det er flere EU-lover som omhandler kjemisk risiko. De generelle prinsippene for disse lovene er blant annet disse:<\/p><ul><li><strong>Forebyggingsprinsippet<\/strong><br>Det er bedre \u00e5 forebygge enn \u00e5 reparere.<\/li><li><strong>Forsiktighetsprinsippet<\/strong><br>Hvis man mistenker fare, men ikke vet nok, m\u00e5 man iverksette egnede tiltak for \u00e5 forebygge mulig risiko mot folkehelse, sikkerhet og milj\u00f8. Slike interesser g\u00e5r foran \u00f8konomiske interesser. <\/li><li><strong>Forurenser betaler-prinsippet<\/strong><br>Den som for\u00e5rsaker forurensning av milj\u00f8et er ansvarlig for \u00e5 betale for skaden.<\/li><\/ul>\t\t\t\t\t\t\t\t<\/div>\n\t\t\t\t<\/div>\n\t\t\t\t<div class=\"elementor-element elementor-element-6a076f4 elementor-widget elementor-widget-text-editor\" data-id=\"6a076f4\" data-element_type=\"widget\" data-e-type=\"widget\" data-widget_type=\"text-editor.default\">\n\t\t\t\t<div class=\"elementor-widget-container\">\n\t\t\t\t\t\t\t\t\t<h2>EU-lovgivning som er relevant for kjemikalier i skolen<\/h2>\n<figure><img fetchpriority=\"high\" decoding=\"async\" role=\"img\" src=\"https:\/\/chesse.org\/wp-content\/uploads\/2021\/11\/overview-of-legislation-NO.svg\" alt=\"Flytdiagram som beskriver lovgivning som er relevant for kjemikalier i skolen. EU-forordninger gjelder direkte i alle EU-land. EU-direktiver vedtas p\u00e5 EU-niv\u00e5, og innlemmes i EU- og E\u00d8S-landenes nasjonale lover. Medlemsstatene kan ha nasjonal lovgivning som er mer restriktiv enn EU-kravene.\" width=\"1440\" height=\"675\"><p><\/p>\n<figcaption>Oversikt over lovgivningen<\/figcaption>\n<\/figure>\n<h3>EU-forordninger<\/h3>\n<p>EU\u2013forordninger er bindende og gjelder direkte i alle EU- og E\u00d8S-land. Det er to forordninger av s\u00e6rskilt betydning for kjemisk sikkerhet. I Norge finner vi de to EU-forordningene igjen i disse forskriftene:<\/p>\n<ul>\n<li><strong>Forskrift om klassifisering, merking og emballasje (CLP)<\/strong> regulerer hvordan kjemikalier klassifiseres med hensyn til fare, og hvordan fare, sikker bruk og avfallsh\u00e5ndtering kommuniseres. Alle kjemikalier som er klassifisert som farlige, m\u00e5 merkes og emballeres i henhold til CLP-kravene. Dette inkluderer l\u00f8sninger som lages og oppbevares p\u00e5 skoler.<\/li>\n<li><strong>Forskrift om registrering, vurdering, autorisasjon og begrensning av kjemikalier (REACH)<\/strong> regulerer bruken av visse kjemikalier, b\u00e5de ved \u00e5 kreve at industrien gj\u00f8r informasjon om fare og risiko tilgjengelig og ved \u00e5 legge begrensninger p\u00e5 bruken av visse kjemikalier p\u00e5 grunn av stoffenes fare for helse eller milj\u00f8. Forskriften krever at du som l\u00e6rer (profesjonell bruker) leser og f\u00f8lger informasjonen i sikkerhetsdatabladet for alle kjemiske produkter du bruker i undervisningen.<\/li>\n<\/ul>\n<p><span class=\"TextRun Highlight SCXW12408492 BCX9\" lang=\"SL-SI\" xml:lang=\"SL-SI\" data-contrast=\"auto\"><span class=\"NormalTextRun SCXW12408492 BCX9\" data-ccp-charstyle=\"normaltextrun\" data-ccp-charstyle-defn=\"{&quot;ObjectId&quot;:&quot;0cfb082b-a0a0-4428-9ad5-8d7b1056f648|168&quot;,&quot;ClassId&quot;:1073872969,&quot;Properties&quot;:[469775450,&quot;normaltextrun&quot;,201340122,&quot;1&quot;,134233614,&quot;true&quot;,469778129,&quot;normaltextrun&quot;,335572020,&quot;1&quot;,469778324,&quot;Default Paragraph Font&quot;]}\">CLP- <\/span><span class=\"SpellingError SCXW12408492 BCX9\" data-ccp-charstyle=\"normaltextrun\">og<\/span><span class=\"NormalTextRun SCXW12408492 BCX9\" data-ccp-charstyle=\"normaltextrun\"> REACH-<\/span><span class=\"SpellingError SCXW12408492 BCX9\" data-ccp-charstyle=\"normaltextrun\">forskriften<\/span> <span class=\"SpellingError SCXW12408492 BCX9\" data-ccp-charstyle=\"normaltextrun\">forvaltes<\/span><span class=\"NormalTextRun SCXW12408492 BCX9\" data-ccp-charstyle=\"normaltextrun\"> av <\/span><span class=\"SpellingError SCXW12408492 BCX9\" data-ccp-charstyle=\"normaltextrun\">Milj\u00f8direktoratet<\/span><span class=\"NormalTextRun SCXW12408492 BCX9\" data-ccp-charstyle=\"normaltextrun\">.<\/span><\/span><span class=\"TextRun SCXW12408492 BCX9\" lang=\"SL-SI\" xml:lang=\"SL-SI\" data-contrast=\"auto\"><span class=\"NormalTextRun SCXW12408492 BCX9\" data-ccp-charstyle=\"normaltextrun\">&nbsp;<\/span><\/span><span class=\"EOP SCXW12408492 BCX9\" data-ccp-props=\"{&quot;201341983&quot;:0,&quot;335559739&quot;:160,&quot;335559740&quot;:257}\">&nbsp;<\/span><\/p>\n<h3>EU-direktiver<\/h3>\n<p>EU-direktiver vedtas p\u00e5 EU-niv\u00e5, og innlemmes i nasjonal lov av EU- og E\u00d8S-landene slik at direktivene blir nasjonale eller regionale lover. Rammedirektivet for avfall (WFD) og direktivet om kreftfremkallende og mutagene stoffer (CMD) er eksempler p\u00e5 EU-direktiver.<\/p>\n<h3>Nasjonale lover<\/h3>\n<p>B\u00e5de EU-forordninger og EU-direktiver er bindende rettsakter. I Norge er lover fastsatt av Stortinget, mens forskrifter er fastsatt av departementer eller direktorater. Forskrifter kan ses p\u00e5 som en detaljert forklaring av hvordan en lov skal praktiseres. Den nasjonale lovgivning kan i mange tilfeller v\u00e6re strengere enn EU-direktivene.<\/p>\n<p>De viktigste myndighetene for tilsyn og kontroll av skolens kjemikalieh\u00e5ndtering er Arbeidstilsynet og det kommunale brannvesenet. Direktoratet for samfunnssikkerhet og beredskap (DSB) arbeider med \u00e5 forebygge ulykker, kriser og andre u\u00f8nskede hendelser.<\/p>\t\t\t\t\t\t\t\t<\/div>\n\t\t\t\t<\/div>\n\t\t\t\t\t<\/div>\n\t\t<\/div>\n\t\t\t\t\t<\/div>\n\t\t<\/section>\n\t\t\t\t<\/div>\n\t\t","protected":false},"excerpt":{"rendered":"<p>Lovgivning som regulerer h\u00e5ndtering av kjemikalier i skoler i EU og E\u00d8S. Innhold Generelle prinsipper for EUs kjemikalielovgivning Det er flere EU-lover som omhandler kjemisk risiko. De generelle prinsippene for disse lovene er blant annet disse: ForebyggingsprinsippetDet er bedre \u00e5 forebygge enn \u00e5 reparere. ForsiktighetsprinsippetHvis man mistenker fare, men ikke vet nok, m\u00e5 man iverksette &hellip; <a href=\"https:\/\/chesse.org\/no\/lovgivning\/oversikt-over-europeisk-kjemikalielovgivning\/\" class=\"more-link\">Fortsett \u00e5 lese <span class=\"screen-reader-text\">Oversikt over europeisk kjemikalielovgivning<\/span> <span class=\"meta-nav\">&rarr;<\/span><\/a><\/p>\n","protected":false},"author":50,"featured_media":0,"parent":4788,"menu_order":0,"comment_status":"closed","ping_status":"closed","template":"","meta":{"footnotes":""},"class_list":["post-4780","page","type-page","status-publish","hentry"],"yoast_head":"<!-- This site is optimized with the Yoast SEO plugin v27.5 - https:\/\/yoast.com\/product\/yoast-seo-wordpress\/ -->\n<title>Oversikt over europeisk kjemikalielovgivning &#8211; Kjemikaliesikkerhet i naturfag og kjemi<\/title>\n<meta name=\"description\" content=\"Lovgivning som regulerer h\u00e5ndtering av kjemikalier i skoler i EU og E\u00d8S.\" \/>\n<meta name=\"robots\" content=\"index, follow, max-snippet:-1, max-image-preview:large, max-video-preview:-1\" \/>\n<link rel=\"canonical\" href=\"https:\/\/chesse.org\/no\/lovgivning\/oversikt-over-europeisk-kjemikalielovgivning\/\" \/>\n<meta property=\"og:locale\" content=\"nb_NO\" \/>\n<meta property=\"og:type\" content=\"article\" \/>\n<meta property=\"og:title\" content=\"Oversikt over europeisk kjemikalielovgivning &#8211; Kjemikaliesikkerhet i naturfag og kjemi\" \/>\n<meta property=\"og:description\" content=\"Lovgivning som regulerer h\u00e5ndtering av kjemikalier i skoler i EU og E\u00d8S.\" \/>\n<meta property=\"og:url\" content=\"https:\/\/chesse.org\/no\/lovgivning\/oversikt-over-europeisk-kjemikalielovgivning\/\" \/>\n<meta property=\"og:site_name\" content=\"Kjemikaliesikkerhet i naturfag og kjemi\" \/>\n<meta property=\"article:modified_time\" content=\"2026-02-27T13:05:42+00:00\" \/>\n<meta property=\"og:image\" content=\"https:\/\/chesse.org\/wp-content\/uploads\/2021\/11\/overview-of-legislation-NO.svg\" \/>\n<meta name=\"twitter:card\" content=\"summary_large_image\" \/>\n<script type=\"application\/ld+json\" class=\"yoast-schema-graph\">{\"@context\":\"https:\\\/\\\/schema.org\",\"@graph\":[{\"@type\":\"WebPage\",\"@id\":\"https:\\\/\\\/chesse.org\\\/no\\\/lovgivning\\\/oversikt-over-europeisk-kjemikalielovgivning\\\/\",\"url\":\"https:\\\/\\\/chesse.org\\\/no\\\/lovgivning\\\/oversikt-over-europeisk-kjemikalielovgivning\\\/\",\"name\":\"Oversikt over europeisk kjemikalielovgivning &#8211; Kjemikaliesikkerhet i naturfag og kjemi\",\"isPartOf\":{\"@id\":\"https:\\\/\\\/chesse.org\\\/no\\\/#website\"},\"primaryImageOfPage\":{\"@id\":\"https:\\\/\\\/chesse.org\\\/no\\\/lovgivning\\\/oversikt-over-europeisk-kjemikalielovgivning\\\/#primaryimage\"},\"image\":{\"@id\":\"https:\\\/\\\/chesse.org\\\/no\\\/lovgivning\\\/oversikt-over-europeisk-kjemikalielovgivning\\\/#primaryimage\"},\"thumbnailUrl\":\"https:\\\/\\\/chesse.org\\\/wp-content\\\/uploads\\\/2021\\\/11\\\/overview-of-legislation-NO.svg\",\"datePublished\":\"2022-06-23T13:08:43+00:00\",\"dateModified\":\"2026-02-27T13:05:42+00:00\",\"description\":\"Lovgivning som regulerer h\u00e5ndtering av kjemikalier i skoler i EU og E\u00d8S.\",\"breadcrumb\":{\"@id\":\"https:\\\/\\\/chesse.org\\\/no\\\/lovgivning\\\/oversikt-over-europeisk-kjemikalielovgivning\\\/#breadcrumb\"},\"inLanguage\":\"nb-NO\",\"potentialAction\":[{\"@type\":\"ReadAction\",\"target\":[\"https:\\\/\\\/chesse.org\\\/no\\\/lovgivning\\\/oversikt-over-europeisk-kjemikalielovgivning\\\/\"]}]},{\"@type\":\"ImageObject\",\"inLanguage\":\"nb-NO\",\"@id\":\"https:\\\/\\\/chesse.org\\\/no\\\/lovgivning\\\/oversikt-over-europeisk-kjemikalielovgivning\\\/#primaryimage\",\"url\":\"https:\\\/\\\/chesse.org\\\/wp-content\\\/uploads\\\/2021\\\/11\\\/overview-of-legislation-NO.svg\",\"contentUrl\":\"https:\\\/\\\/chesse.org\\\/wp-content\\\/uploads\\\/2021\\\/11\\\/overview-of-legislation-NO.svg\"},{\"@type\":\"BreadcrumbList\",\"@id\":\"https:\\\/\\\/chesse.org\\\/no\\\/lovgivning\\\/oversikt-over-europeisk-kjemikalielovgivning\\\/#breadcrumb\",\"itemListElement\":[{\"@type\":\"ListItem\",\"position\":1,\"name\":\"Hjem\",\"item\":\"https:\\\/\\\/chesse.org\\\/no\\\/\"},{\"@type\":\"ListItem\",\"position\":2,\"name\":\"Lovgivning\",\"item\":\"https:\\\/\\\/chesse.org\\\/no\\\/lovgivning\\\/\"},{\"@type\":\"ListItem\",\"position\":3,\"name\":\"Oversikt over europeisk kjemikalielovgivning\"}]},{\"@type\":\"WebSite\",\"@id\":\"https:\\\/\\\/chesse.org\\\/no\\\/#website\",\"url\":\"https:\\\/\\\/chesse.org\\\/no\\\/\",\"name\":\"Kjemikaliesikkerhet i naturfag og kjemi\",\"description\":\"Kortfattet, oppdatert informasjon for naturfag- og kjemil\u00e6rere, skoleledere og l\u00e6rerutdannere.\",\"publisher\":{\"@id\":\"https:\\\/\\\/chesse.org\\\/no\\\/#organization\"},\"potentialAction\":[{\"@type\":\"SearchAction\",\"target\":{\"@type\":\"EntryPoint\",\"urlTemplate\":\"https:\\\/\\\/chesse.org\\\/no\\\/?s={search_term_string}\"},\"query-input\":{\"@type\":\"PropertyValueSpecification\",\"valueRequired\":true,\"valueName\":\"search_term_string\"}}],\"inLanguage\":\"nb-NO\"},{\"@type\":\"Organization\",\"@id\":\"https:\\\/\\\/chesse.org\\\/no\\\/#organization\",\"name\":\"Online resources for Chemical Safety in Science Education\",\"url\":\"https:\\\/\\\/chesse.org\\\/no\\\/\",\"logo\":{\"@type\":\"ImageObject\",\"inLanguage\":\"nb-NO\",\"@id\":\"https:\\\/\\\/chesse.org\\\/no\\\/#\\\/schema\\\/logo\\\/image\\\/\",\"url\":\"https:\\\/\\\/chesse.org\\\/wp-content\\\/uploads\\\/2020\\\/10\\\/CheSSE_logo-01.svg\",\"contentUrl\":\"https:\\\/\\\/chesse.org\\\/wp-content\\\/uploads\\\/2020\\\/10\\\/CheSSE_logo-01.svg\",\"width\":350,\"height\":100,\"caption\":\"Online resources for Chemical Safety in Science Education\"},\"image\":{\"@id\":\"https:\\\/\\\/chesse.org\\\/no\\\/#\\\/schema\\\/logo\\\/image\\\/\"}}]}<\/script>\n<!-- \/ Yoast SEO plugin. -->","yoast_head_json":{"title":"Oversikt over europeisk kjemikalielovgivning &#8211; Kjemikaliesikkerhet i naturfag og kjemi","description":"Lovgivning som regulerer h\u00e5ndtering av kjemikalier i skoler i EU og E\u00d8S.","robots":{"index":"index","follow":"follow","max-snippet":"max-snippet:-1","max-image-preview":"max-image-preview:large","max-video-preview":"max-video-preview:-1"},"canonical":"https:\/\/chesse.org\/no\/lovgivning\/oversikt-over-europeisk-kjemikalielovgivning\/","og_locale":"nb_NO","og_type":"article","og_title":"Oversikt over europeisk kjemikalielovgivning &#8211; Kjemikaliesikkerhet i naturfag og kjemi","og_description":"Lovgivning som regulerer h\u00e5ndtering av kjemikalier i skoler i EU og E\u00d8S.","og_url":"https:\/\/chesse.org\/no\/lovgivning\/oversikt-over-europeisk-kjemikalielovgivning\/","og_site_name":"Kjemikaliesikkerhet i naturfag og kjemi","article_modified_time":"2026-02-27T13:05:42+00:00","og_image":[{"url":"https:\/\/chesse.org\/wp-content\/uploads\/2021\/11\/overview-of-legislation-NO.svg","type":"","width":"","height":""}],"twitter_card":"summary_large_image","schema":{"@context":"https:\/\/schema.org","@graph":[{"@type":"WebPage","@id":"https:\/\/chesse.org\/no\/lovgivning\/oversikt-over-europeisk-kjemikalielovgivning\/","url":"https:\/\/chesse.org\/no\/lovgivning\/oversikt-over-europeisk-kjemikalielovgivning\/","name":"Oversikt over europeisk kjemikalielovgivning &#8211; Kjemikaliesikkerhet i naturfag og kjemi","isPartOf":{"@id":"https:\/\/chesse.org\/no\/#website"},"primaryImageOfPage":{"@id":"https:\/\/chesse.org\/no\/lovgivning\/oversikt-over-europeisk-kjemikalielovgivning\/#primaryimage"},"image":{"@id":"https:\/\/chesse.org\/no\/lovgivning\/oversikt-over-europeisk-kjemikalielovgivning\/#primaryimage"},"thumbnailUrl":"https:\/\/chesse.org\/wp-content\/uploads\/2021\/11\/overview-of-legislation-NO.svg","datePublished":"2022-06-23T13:08:43+00:00","dateModified":"2026-02-27T13:05:42+00:00","description":"Lovgivning som regulerer h\u00e5ndtering av kjemikalier i skoler i EU og E\u00d8S.","breadcrumb":{"@id":"https:\/\/chesse.org\/no\/lovgivning\/oversikt-over-europeisk-kjemikalielovgivning\/#breadcrumb"},"inLanguage":"nb-NO","potentialAction":[{"@type":"ReadAction","target":["https:\/\/chesse.org\/no\/lovgivning\/oversikt-over-europeisk-kjemikalielovgivning\/"]}]},{"@type":"ImageObject","inLanguage":"nb-NO","@id":"https:\/\/chesse.org\/no\/lovgivning\/oversikt-over-europeisk-kjemikalielovgivning\/#primaryimage","url":"https:\/\/chesse.org\/wp-content\/uploads\/2021\/11\/overview-of-legislation-NO.svg","contentUrl":"https:\/\/chesse.org\/wp-content\/uploads\/2021\/11\/overview-of-legislation-NO.svg"},{"@type":"BreadcrumbList","@id":"https:\/\/chesse.org\/no\/lovgivning\/oversikt-over-europeisk-kjemikalielovgivning\/#breadcrumb","itemListElement":[{"@type":"ListItem","position":1,"name":"Hjem","item":"https:\/\/chesse.org\/no\/"},{"@type":"ListItem","position":2,"name":"Lovgivning","item":"https:\/\/chesse.org\/no\/lovgivning\/"},{"@type":"ListItem","position":3,"name":"Oversikt over europeisk kjemikalielovgivning"}]},{"@type":"WebSite","@id":"https:\/\/chesse.org\/no\/#website","url":"https:\/\/chesse.org\/no\/","name":"Kjemikaliesikkerhet i naturfag og kjemi","description":"Kortfattet, oppdatert informasjon for naturfag- og kjemil\u00e6rere, skoleledere og l\u00e6rerutdannere.","publisher":{"@id":"https:\/\/chesse.org\/no\/#organization"},"potentialAction":[{"@type":"SearchAction","target":{"@type":"EntryPoint","urlTemplate":"https:\/\/chesse.org\/no\/?s={search_term_string}"},"query-input":{"@type":"PropertyValueSpecification","valueRequired":true,"valueName":"search_term_string"}}],"inLanguage":"nb-NO"},{"@type":"Organization","@id":"https:\/\/chesse.org\/no\/#organization","name":"Online resources for Chemical Safety in Science Education","url":"https:\/\/chesse.org\/no\/","logo":{"@type":"ImageObject","inLanguage":"nb-NO","@id":"https:\/\/chesse.org\/no\/#\/schema\/logo\/image\/","url":"https:\/\/chesse.org\/wp-content\/uploads\/2020\/10\/CheSSE_logo-01.svg","contentUrl":"https:\/\/chesse.org\/wp-content\/uploads\/2020\/10\/CheSSE_logo-01.svg","width":350,"height":100,"caption":"Online resources for Chemical Safety in Science Education"},"image":{"@id":"https:\/\/chesse.org\/no\/#\/schema\/logo\/image\/"}}]}},"_links":{"self":[{"href":"https:\/\/chesse.org\/no\/wp-json\/wp\/v2\/pages\/4780","targetHints":{"allow":["GET"]}}],"collection":[{"href":"https:\/\/chesse.org\/no\/wp-json\/wp\/v2\/pages"}],"about":[{"href":"https:\/\/chesse.org\/no\/wp-json\/wp\/v2\/types\/page"}],"author":[{"embeddable":true,"href":"https:\/\/chesse.org\/no\/wp-json\/wp\/v2\/users\/50"}],"replies":[{"embeddable":true,"href":"https:\/\/chesse.org\/no\/wp-json\/wp\/v2\/comments?post=4780"}],"version-history":[{"count":100,"href":"https:\/\/chesse.org\/no\/wp-json\/wp\/v2\/pages\/4780\/revisions"}],"predecessor-version":[{"id":16676,"href":"https:\/\/chesse.org\/no\/wp-json\/wp\/v2\/pages\/4780\/revisions\/16676"}],"up":[{"embeddable":true,"href":"https:\/\/chesse.org\/no\/wp-json\/wp\/v2\/pages\/4788"}],"wp:attachment":[{"href":"https:\/\/chesse.org\/no\/wp-json\/wp\/v2\/media?parent=4780"}],"curies":[{"name":"wp","href":"https:\/\/api.w.org\/{rel}","templated":true}]}}