{"id":5036,"date":"2022-06-23T12:03:07","date_gmt":"2022-06-23T10:03:07","guid":{"rendered":"https:\/\/chesse.org\/lovgivning\/lovgivning-som-regulerer-bruk-av-kjemikalier\/"},"modified":"2026-04-24T07:43:12","modified_gmt":"2026-04-24T05:43:12","slug":"lovgivning-som-regulerer-bruk-av-kjemikalier","status":"publish","type":"page","link":"https:\/\/chesse.org\/no\/lovgivning\/lovgivning-som-regulerer-bruk-av-kjemikalier\/","title":{"rendered":"Lovgivning som regulerer bruk av kjemikalier"},"content":{"rendered":"\t\t<div data-elementor-type=\"wp-page\" data-elementor-id=\"5036\" class=\"elementor elementor-5036 elementor-2841\" data-elementor-post-type=\"page\">\n\t\t\t\t\t\t<section class=\"elementor-section elementor-top-section elementor-element elementor-element-c5fab45 elementor-section-boxed elementor-section-height-default elementor-section-height-default\" data-id=\"c5fab45\" data-element_type=\"section\" data-e-type=\"section\">\n\t\t\t\t\t\t<div class=\"elementor-container elementor-column-gap-default\">\n\t\t\t\t\t<div class=\"elementor-column elementor-col-100 elementor-top-column elementor-element elementor-element-9f1143f\" data-id=\"9f1143f\" data-element_type=\"column\" data-e-type=\"column\">\n\t\t\t<div class=\"elementor-widget-wrap elementor-element-populated\">\n\t\t\t\t\t\t<div class=\"elementor-element elementor-element-375e4f0 standfirst elementor-widget elementor-widget-text-editor\" data-id=\"375e4f0\" data-element_type=\"widget\" data-e-type=\"widget\" data-widget_type=\"text-editor.default\">\n\t\t\t\t<div class=\"elementor-widget-container\">\n\t\t\t\t\t\t\t\t\t<p>Omhandler restriksjoner p\u00e5 kjemikalier, basert p\u00e5 deres farlige egenskaper eller bruk.<\/p>\t\t\t\t\t\t\t\t<\/div>\n\t\t\t\t<\/div>\n\t\t\t\t<div class=\"elementor-element elementor-element-55b5fed elementor-toc--content-ellipsis elementor-widget elementor-widget-global elementor-global-4830 elementor-global-3097 elementor-widget-table-of-contents\" data-id=\"55b5fed\" data-element_type=\"widget\" data-e-type=\"widget\" data-settings=\"{&quot;headings_by_tags&quot;:[&quot;h2&quot;,&quot;h3&quot;],&quot;exclude_headings_by_selector&quot;:&quot;.noTOC&quot;,&quot;marker_view&quot;:&quot;bullets&quot;,&quot;icon&quot;:{&quot;value&quot;:&quot;fas fa-circle&quot;,&quot;library&quot;:&quot;fa-solid&quot;},&quot;no_headings_message&quot;:&quot;No headings were found on this page.&quot;,&quot;hierarchical_view&quot;:&quot;yes&quot;,&quot;min_height&quot;:{&quot;unit&quot;:&quot;px&quot;,&quot;size&quot;:&quot;&quot;,&quot;sizes&quot;:[]},&quot;min_height_tablet&quot;:{&quot;unit&quot;:&quot;px&quot;,&quot;size&quot;:&quot;&quot;,&quot;sizes&quot;:[]},&quot;min_height_mobile&quot;:{&quot;unit&quot;:&quot;px&quot;,&quot;size&quot;:&quot;&quot;,&quot;sizes&quot;:[]}}\" data-widget_type=\"table-of-contents.default\">\n\t\t\t\t<div class=\"elementor-widget-container\">\n\t\t\t\t\t\t\t\t\t<div class=\"elementor-toc__header\">\n\t\t\t\t\t\t<div class=\"elementor-toc__header-title\">\n\t\t\t\tInnhold\t\t\t<\/div>\n\t\t\t\t\t\t\t\t<\/div>\n\t\t\t\t<div id=\"elementor-toc__55b5fed\" class=\"elementor-toc__body\">\n\t\t\t<div class=\"elementor-toc__spinner-container\">\n\t\t\t\t<i class=\"elementor-toc__spinner eicon-animation-spin eicon-loading\" aria-hidden=\"true\"><\/i>\t\t\t<\/div>\n\t\t<\/div>\n\t\t\t\t\t\t<\/div>\n\t\t\t\t<\/div>\n\t\t\t\t<div class=\"elementor-element elementor-element-87143ed elementor-widget elementor-widget-text-editor\" data-id=\"87143ed\" data-element_type=\"widget\" data-e-type=\"widget\" data-widget_type=\"text-editor.default\">\n\t\t\t\t<div class=\"elementor-widget-container\">\n\t\t\t\t\t\t\t\t\t<h2>Restriksjoner knyttet til bruk av kjemikalier<\/h2><p>Bruk av visse kjemikalier er av ulike \u00e5rsaker regulert. Kjemikalier som gir stor grunn til bekymring, er underlagt et autorisasjonsregime <em>for all bruk.<\/em> Dette er stoffer som utgj\u00f8r alvorlig fysisk fare, helse- eller milj\u00f8farer, som for eksempel hormonforstyrrelser.<\/p><p>Noen kjemikalier har begrensinger p\u00e5 bruk p\u00e5 grunn av risiko knyttet til stoffets egenskaper eller mulige bruksomr\u00e5der. Dette gjelder for eksempel n\u00e5r stoffene kan brukes til \u00e5 lage eksplosiver eller ulovlige stoffer.<\/p><h3>Restriksjoner knyttet til helse- eller milj\u00f8fare<\/h3><p>REACH-forskriften (Registration, Evaluation, Authorization and Restriction of Chemicals) er et regelverk for identifisering og regulering av farlige kjemikalier. Stoffer som er sv\u00e6rt skadelige for helse og\/eller milj\u00f8, og dermed gir grunn til bekymring, kalles SVHC-stoffer (SVHC st\u00e5r for Substances of Very High Concern).<\/p><p>For \u00e5 kontrollere risiko knyttet til SVHC-stoffer, krever visse SVHC-stoffer autorisasjon for bruk fra EU-kommisjonen. M\u00e5let med dette er \u00e5 sikre at SVHC-stoffer identifiseres og gradvis erstattes av mindre farlige stoffer eller alternativ teknologi.<\/p>\t\t\t\t\t\t\t\t<\/div>\n\t\t\t\t<\/div>\n\t\t\t\t<div class=\"elementor-element elementor-element-7a72358 elementor-widget elementor-widget-text-editor\" data-id=\"7a72358\" data-element_type=\"widget\" data-e-type=\"widget\" data-widget_type=\"text-editor.default\">\n\t\t\t\t<div class=\"elementor-widget-container\">\n\t\t\t\t\t\t\t\t\t<table class=\"chesseTable\"><caption>SVHC-stoffer (Substances of Very High Concern)<\/caption><tbody><tr><th class=\"orange\" style=\"width: 30%; font-size: larger; text-align: center;\">Autorisasjonslista<\/th><td class=\"orangeBorder\"><ul><li>lister opp stoffer som krever autorisasjon<\/li><li>med mindre en autorisasjon foreligger, kan ikke stoffet leveres eller brukes<\/li><li><a href=\"https:\/\/echa.europa.eu\/authorisation-list\">publisert i vedlegg XIV i REACH-forskriften <\/a><\/li><li>reglene gjelder i hele EU og E\u00d8S<\/li><li>nye stoffer legges til autorisasjonslista regelmessig<\/li><\/ul><\/td><\/tr><tr><th class=\"orange\" style=\"font-size: larger; text-align: center;\">Kandidatlista (SVHC-lista)<\/th><td class=\"orangeBorder\"><ul><li>lister opp stoffer som kan bli lagt til autorisasjonslista<\/li><li><a href=\"https:\/\/echa.europa.eu\/en\/candidate-list-table\">publisert p\u00e5 nettsiden til ECHA<\/a> i tr\u00e5d med artikkel 59(10) i REACH-forskriften<\/li><li>gir en indikasjon p\u00e5 hvilke kjemikalier brukere b\u00f8r vurdere \u00e5 erstatte med mindre skadelige stoffer<\/li><\/ul><\/td><\/tr><\/tbody><\/table>\t\t\t\t\t\t\t\t<\/div>\n\t\t\t\t<\/div>\n\t\t\t\t<div class=\"elementor-element elementor-element-e989a2d elementor-widget elementor-widget-text-editor\" data-id=\"e989a2d\" data-element_type=\"widget\" data-e-type=\"widget\" data-widget_type=\"text-editor.default\">\n\t\t\t\t<div class=\"elementor-widget-container\">\n\t\t\t\t\t\t\t\t\t<p>Alle stoffer p\u00e5 autorisasjonslista m\u00e5 substitueres, og substitusjon anbefales sterkt for stoffer p\u00e5 kandidatlista. <i>Substitusjonsplikten <\/i>inneb\u00e6rer at den enkelte virksomhet m\u00e5 vurdere sin kjemikaliebruk og g\u00e5 over til mindre skadelige alternativer der det kan skje uten urimelig kostnad eller ulempe. Hvis substitusjon ikke er mulig, kan EU-kommisjonen, etter en grundig begrunnet s\u00f8knad, tillate fortsatt bruk.<\/p><p><span data-contrast=\"auto\">I tillegg til autorisasjonslista og kandidatlista har vi den s\u00e6rnorske prioritetslista. Prioritetslista overlapper delvis med b\u00e5de autorisasjonslista og kandidatlista. P\u00e5 prioritetslista har norske myndigheter prioritert milj\u00f8skadelige stoffer fremfor de stoffene som kun er helseskadelige og tatt st\u00f8rre hensyn til funnene som er gjort i norsk overv\u00e5kning. Denne lista gir et viktig signal om at dette er stoffer hvor det er viktig \u00e5 jobbe for reduksjon i bruk eller utslipp, p\u00e5 samme m\u00e5te som kandidatlista.<\/span><span data-contrast=\"auto\">\u00a0<\/span><span data-ccp-props=\"{&quot;201341983&quot;:0,&quot;335551550&quot;:1,&quot;335551620&quot;:1,&quot;335559739&quot;:160,&quot;335559740&quot;:257}\">\u00a0<\/span><\/p><p><span data-contrast=\"auto\">Prioritetslista og de norske oversettelsene av autorisasjonslista og kandidatlista ligger p\u00e5 Milj\u00f8direktoratets nettsider. Eksempler p\u00e5 stoffer som er oppf\u00f8rt p\u00e5 disse listene er fenolftalein og en rekke bly- og kromforbindelser.<\/span><\/p><h3>Andre begrensninger<\/h3><p>Det finnes ogs\u00e5 andre europeiske regelverk enn de som er nevnt her som regulerer bruken av farlige kjemikalier. Et eksempel er det europeiske leket\u00f8ysdirektivets forbud mot bruk av farlige stoffer.<\/p><h3>Potensielle utgangsstoffer for eksplosiver eller ulovlig fremstilling av narkotika<\/h3><p>Noen kjemikalier er regulert fordi de kan brukes som utgangsmateriale for \u00e5 lage eksplosiver eller brukes til ulovlig fremstilling av narkotika. Hvis du \u00f8nsker \u00e5 kj\u00f8pe noen av disse kjemikaliene, vil forhandleren be om en kj\u00f8pserkl\u00e6ring der du oppgir navn og adresse til skolen din. Du m\u00e5 ogs\u00e5 redegj\u00f8re for tiltenkt bruk av kjemikalien(e). Det er forhandlerens ansvar \u00e5 bekrefte din identitet og s\u00f8rge for at handelen er i samsvar med regelverket i Norge. Tre eksempler p\u00e5 kjemikalier som trenger kj\u00f8pserkl\u00e6ring, og som er vanlige \u00e5 bruke i kjemiundervisningen p\u00e5 videreg\u00e5ende skoler, er salpetersyre, ammoniumnitrat og kaliumpermanganat.<\/p><p><span data-contrast=\"auto\">Kjemikalier som selges uten restriksjoner, kan ogs\u00e5 v\u00e6re utgangsstoffer for eksplosiver eller brukes til ulovlig fremstilling av narkotika. Det er derfor viktig at kjemikalier lagres sikkert og at tilgangen til stoffene er begrenset. Tyveri skal meldes til politiet umiddelbart.<\/span><span data-ccp-props=\"{&quot;201341983&quot;:0,&quot;335559739&quot;:160,&quot;335559740&quot;:257}\">\u00a0<\/span><\/p>\t\t\t\t\t\t\t\t<\/div>\n\t\t\t\t<\/div>\n\t\t\t\t<div class=\"elementor-element elementor-element-5101caf elementor-widget elementor-widget-text-editor\" data-id=\"5101caf\" data-element_type=\"widget\" data-e-type=\"widget\" data-widget_type=\"text-editor.default\">\n\t\t\t\t<div class=\"elementor-widget-container\">\n\t\t\t\t\t\t\t\t\t<h2>Tiltak for \u00e5 forhindre uautorisert tilgang<\/h2><p>Skolen er p\u00e5lagt \u00e5 ha et system for \u00e5 holde oversikt over beholdningen av stoffer som kan v\u00e6re tyveriutsatt og for stoffer som har lovregulert bruk. Dette gjelder udenaturert etanol, stoffer som kan brukes som utgangsmateriale for \u00e5 lage eksplosiver og stoffer som kan brukes ved ulovlig fremstilling av narkotika. Skolen m\u00e5 ha et system som gj\u00f8r at tyveri, eller betydelig og uforklarlig svinn, raskt kan oppdages. Noen eksempler p\u00e5 stoffer med lovregulert bruk er svovelsyre, kaliumnitrat og kaliumpermanganat. Lister over stoffer med restriksjoner for bruk finnes nederst p\u00e5 siden.<\/p>\t\t\t\t\t\t\t\t<\/div>\n\t\t\t\t<\/div>\n\t\t\t\t<div class=\"elementor-element elementor-element-4e44120 linkBox elementor-widget elementor-widget-text-editor\" data-id=\"4e44120\" data-element_type=\"widget\" data-e-type=\"widget\" data-widget_type=\"text-editor.default\">\n\t\t\t\t<div class=\"elementor-widget-container\">\n\t\t\t\t\t\t\t\t\t<h2>Relevant regelverk<\/h2><p><a href=\"https:\/\/lovdata.no\/dokument\/SF\/forskrift\/2008-05-30-516\">Forskrift om registrering, vurdering, godkjenning og begrensning av kjemikalier (REACH-forskriften)<\/a><\/p><p><a href=\"https:\/\/lovdata.no\/dokument\/SF\/forskrift\/2024-08-28-2049\">Forskrift om utgangsstoffer for eksplosiver<\/a><\/p><p><a href=\"https:\/\/lovdata.no\/dokument\/SF\/forskrift\/2006-02-17-263\">Forskrift om stoffer som kan brukes ved ulovlig fremstilling av narkotika<\/a><\/p><p><strong>Lister over stoffer med restriksjoner for bruk<\/strong><\/p><ul><li><a href=\"https:\/\/www.miljodirektoratet.no\/ansvarsomrader\/kjemikalier\/reach\/krav-om-autorisasjon\/\">Autorisasjonslista (REACH-vedlegg XIV)<\/a><\/li><li><a href=\"https:\/\/www.miljodirektoratet.no\/ansvarsomrader\/kjemikalier\/reach\/reach-kandidatlista-svhc-lista\/\">Kandidatlista (SVHC-lista)<\/a><\/li><li><a href=\"https:\/\/www.miljodirektoratet.no\/ansvarsomrader\/kjemikalier\/prioritetslista\/\">Den norske prioritetslista<\/a><\/li><li><a href=\"https:\/\/lovdata.no\/dokument\/SF\/forskrift\/2024-08-28-2049#%C2%A72\">Potensielle utgangsstoffer for eksplosiver<\/a><\/li><li><a href=\"https:\/\/lovdata.no\/dokument\/SF\/forskrift\/2006-02-17-263\">Potensielle utgangsstoffer for ulovlig fremstilling av narkotika (se vedlegg 1)<\/a><\/li><\/ul>\t\t\t\t\t\t\t\t<\/div>\n\t\t\t\t<\/div>\n\t\t\t\t\t<\/div>\n\t\t<\/div>\n\t\t\t\t\t<\/div>\n\t\t<\/section>\n\t\t\t\t<\/div>\n\t\t","protected":false},"excerpt":{"rendered":"<p>Omhandler restriksjoner p\u00e5 kjemikalier, basert p\u00e5 deres farlige egenskaper eller bruk. Innhold Restriksjoner knyttet til bruk av kjemikalier Bruk av visse kjemikalier er av ulike \u00e5rsaker regulert. Kjemikalier som gir stor grunn til bekymring, er underlagt et autorisasjonsregime for all bruk. Dette er stoffer som utgj\u00f8r alvorlig fysisk fare, helse- eller milj\u00f8farer, som for eksempel &hellip; <a href=\"https:\/\/chesse.org\/no\/lovgivning\/lovgivning-som-regulerer-bruk-av-kjemikalier\/\" class=\"more-link\">Fortsett \u00e5 lese <span class=\"screen-reader-text\">Lovgivning som regulerer bruk av kjemikalier<\/span> <span class=\"meta-nav\">&rarr;<\/span><\/a><\/p>\n","protected":false},"author":50,"featured_media":0,"parent":4788,"menu_order":2,"comment_status":"closed","ping_status":"closed","template":"","meta":{"footnotes":""},"class_list":["post-5036","page","type-page","status-publish","hentry"],"yoast_head":"<!-- This site is optimized with the Yoast SEO plugin v27.5 - https:\/\/yoast.com\/product\/yoast-seo-wordpress\/ -->\n<title>Lovgivning som regulerer bruk av kjemikalier &#8211; Kjemikaliesikkerhet i naturfag og kjemi<\/title>\n<meta name=\"description\" content=\"Omhandler restriksjoner p\u00e5 kjemikalier, basert p\u00e5 deres farlige egenskaper eller bruk.\" \/>\n<meta name=\"robots\" content=\"index, follow, max-snippet:-1, max-image-preview:large, max-video-preview:-1\" \/>\n<link rel=\"canonical\" href=\"https:\/\/chesse.org\/no\/lovgivning\/lovgivning-som-regulerer-bruk-av-kjemikalier\/\" \/>\n<meta property=\"og:locale\" content=\"nb_NO\" \/>\n<meta property=\"og:type\" content=\"article\" \/>\n<meta property=\"og:title\" content=\"Lovgivning som regulerer bruk av kjemikalier &#8211; Kjemikaliesikkerhet i naturfag og kjemi\" \/>\n<meta property=\"og:description\" content=\"Omhandler restriksjoner p\u00e5 kjemikalier, basert p\u00e5 deres farlige egenskaper eller bruk.\" \/>\n<meta property=\"og:url\" content=\"https:\/\/chesse.org\/no\/lovgivning\/lovgivning-som-regulerer-bruk-av-kjemikalier\/\" \/>\n<meta property=\"og:site_name\" content=\"Kjemikaliesikkerhet i naturfag og kjemi\" \/>\n<meta property=\"article:modified_time\" content=\"2026-04-24T05:43:12+00:00\" \/>\n<meta property=\"og:image\" content=\"https:\/\/chesse.org\/wp-content\/uploads\/2022\/06\/chesse-sharing.png\" \/>\n\t<meta property=\"og:image:width\" content=\"1200\" \/>\n\t<meta property=\"og:image:height\" content=\"630\" \/>\n\t<meta property=\"og:image:type\" content=\"image\/png\" \/>\n<meta name=\"twitter:card\" content=\"summary_large_image\" \/>\n<script type=\"application\/ld+json\" class=\"yoast-schema-graph\">{\"@context\":\"https:\\\/\\\/schema.org\",\"@graph\":[{\"@type\":\"WebPage\",\"@id\":\"https:\\\/\\\/chesse.org\\\/no\\\/lovgivning\\\/lovgivning-som-regulerer-bruk-av-kjemikalier\\\/\",\"url\":\"https:\\\/\\\/chesse.org\\\/no\\\/lovgivning\\\/lovgivning-som-regulerer-bruk-av-kjemikalier\\\/\",\"name\":\"Lovgivning som regulerer bruk av kjemikalier &#8211; Kjemikaliesikkerhet i naturfag og kjemi\",\"isPartOf\":{\"@id\":\"https:\\\/\\\/chesse.org\\\/no\\\/#website\"},\"datePublished\":\"2022-06-23T10:03:07+00:00\",\"dateModified\":\"2026-04-24T05:43:12+00:00\",\"description\":\"Omhandler restriksjoner p\u00e5 kjemikalier, basert p\u00e5 deres farlige egenskaper eller bruk.\",\"breadcrumb\":{\"@id\":\"https:\\\/\\\/chesse.org\\\/no\\\/lovgivning\\\/lovgivning-som-regulerer-bruk-av-kjemikalier\\\/#breadcrumb\"},\"inLanguage\":\"nb-NO\",\"potentialAction\":[{\"@type\":\"ReadAction\",\"target\":[\"https:\\\/\\\/chesse.org\\\/no\\\/lovgivning\\\/lovgivning-som-regulerer-bruk-av-kjemikalier\\\/\"]}]},{\"@type\":\"BreadcrumbList\",\"@id\":\"https:\\\/\\\/chesse.org\\\/no\\\/lovgivning\\\/lovgivning-som-regulerer-bruk-av-kjemikalier\\\/#breadcrumb\",\"itemListElement\":[{\"@type\":\"ListItem\",\"position\":1,\"name\":\"Hjem\",\"item\":\"https:\\\/\\\/chesse.org\\\/no\\\/\"},{\"@type\":\"ListItem\",\"position\":2,\"name\":\"Lovgivning\",\"item\":\"https:\\\/\\\/chesse.org\\\/no\\\/lovgivning\\\/\"},{\"@type\":\"ListItem\",\"position\":3,\"name\":\"Lovgivning som regulerer bruk av kjemikalier\"}]},{\"@type\":\"WebSite\",\"@id\":\"https:\\\/\\\/chesse.org\\\/no\\\/#website\",\"url\":\"https:\\\/\\\/chesse.org\\\/no\\\/\",\"name\":\"Kjemikaliesikkerhet i naturfag og kjemi\",\"description\":\"Kortfattet, oppdatert informasjon for naturfag- og kjemil\u00e6rere, skoleledere og l\u00e6rerutdannere.\",\"publisher\":{\"@id\":\"https:\\\/\\\/chesse.org\\\/no\\\/#organization\"},\"potentialAction\":[{\"@type\":\"SearchAction\",\"target\":{\"@type\":\"EntryPoint\",\"urlTemplate\":\"https:\\\/\\\/chesse.org\\\/no\\\/?s={search_term_string}\"},\"query-input\":{\"@type\":\"PropertyValueSpecification\",\"valueRequired\":true,\"valueName\":\"search_term_string\"}}],\"inLanguage\":\"nb-NO\"},{\"@type\":\"Organization\",\"@id\":\"https:\\\/\\\/chesse.org\\\/no\\\/#organization\",\"name\":\"Online resources for Chemical Safety in Science Education\",\"url\":\"https:\\\/\\\/chesse.org\\\/no\\\/\",\"logo\":{\"@type\":\"ImageObject\",\"inLanguage\":\"nb-NO\",\"@id\":\"https:\\\/\\\/chesse.org\\\/no\\\/#\\\/schema\\\/logo\\\/image\\\/\",\"url\":\"https:\\\/\\\/chesse.org\\\/wp-content\\\/uploads\\\/2020\\\/10\\\/CheSSE_logo-01.svg\",\"contentUrl\":\"https:\\\/\\\/chesse.org\\\/wp-content\\\/uploads\\\/2020\\\/10\\\/CheSSE_logo-01.svg\",\"width\":350,\"height\":100,\"caption\":\"Online resources for Chemical Safety in Science Education\"},\"image\":{\"@id\":\"https:\\\/\\\/chesse.org\\\/no\\\/#\\\/schema\\\/logo\\\/image\\\/\"}}]}<\/script>\n<!-- \/ Yoast SEO plugin. -->","yoast_head_json":{"title":"Lovgivning som regulerer bruk av kjemikalier &#8211; Kjemikaliesikkerhet i naturfag og kjemi","description":"Omhandler restriksjoner p\u00e5 kjemikalier, basert p\u00e5 deres farlige egenskaper eller bruk.","robots":{"index":"index","follow":"follow","max-snippet":"max-snippet:-1","max-image-preview":"max-image-preview:large","max-video-preview":"max-video-preview:-1"},"canonical":"https:\/\/chesse.org\/no\/lovgivning\/lovgivning-som-regulerer-bruk-av-kjemikalier\/","og_locale":"nb_NO","og_type":"article","og_title":"Lovgivning som regulerer bruk av kjemikalier &#8211; Kjemikaliesikkerhet i naturfag og kjemi","og_description":"Omhandler restriksjoner p\u00e5 kjemikalier, basert p\u00e5 deres farlige egenskaper eller bruk.","og_url":"https:\/\/chesse.org\/no\/lovgivning\/lovgivning-som-regulerer-bruk-av-kjemikalier\/","og_site_name":"Kjemikaliesikkerhet i naturfag og kjemi","article_modified_time":"2026-04-24T05:43:12+00:00","og_image":[{"width":1200,"height":630,"url":"https:\/\/chesse.org\/wp-content\/uploads\/2022\/06\/chesse-sharing.png","type":"image\/png"}],"twitter_card":"summary_large_image","schema":{"@context":"https:\/\/schema.org","@graph":[{"@type":"WebPage","@id":"https:\/\/chesse.org\/no\/lovgivning\/lovgivning-som-regulerer-bruk-av-kjemikalier\/","url":"https:\/\/chesse.org\/no\/lovgivning\/lovgivning-som-regulerer-bruk-av-kjemikalier\/","name":"Lovgivning som regulerer bruk av kjemikalier &#8211; Kjemikaliesikkerhet i naturfag og kjemi","isPartOf":{"@id":"https:\/\/chesse.org\/no\/#website"},"datePublished":"2022-06-23T10:03:07+00:00","dateModified":"2026-04-24T05:43:12+00:00","description":"Omhandler restriksjoner p\u00e5 kjemikalier, basert p\u00e5 deres farlige egenskaper eller bruk.","breadcrumb":{"@id":"https:\/\/chesse.org\/no\/lovgivning\/lovgivning-som-regulerer-bruk-av-kjemikalier\/#breadcrumb"},"inLanguage":"nb-NO","potentialAction":[{"@type":"ReadAction","target":["https:\/\/chesse.org\/no\/lovgivning\/lovgivning-som-regulerer-bruk-av-kjemikalier\/"]}]},{"@type":"BreadcrumbList","@id":"https:\/\/chesse.org\/no\/lovgivning\/lovgivning-som-regulerer-bruk-av-kjemikalier\/#breadcrumb","itemListElement":[{"@type":"ListItem","position":1,"name":"Hjem","item":"https:\/\/chesse.org\/no\/"},{"@type":"ListItem","position":2,"name":"Lovgivning","item":"https:\/\/chesse.org\/no\/lovgivning\/"},{"@type":"ListItem","position":3,"name":"Lovgivning som regulerer bruk av kjemikalier"}]},{"@type":"WebSite","@id":"https:\/\/chesse.org\/no\/#website","url":"https:\/\/chesse.org\/no\/","name":"Kjemikaliesikkerhet i naturfag og kjemi","description":"Kortfattet, oppdatert informasjon for naturfag- og kjemil\u00e6rere, skoleledere og l\u00e6rerutdannere.","publisher":{"@id":"https:\/\/chesse.org\/no\/#organization"},"potentialAction":[{"@type":"SearchAction","target":{"@type":"EntryPoint","urlTemplate":"https:\/\/chesse.org\/no\/?s={search_term_string}"},"query-input":{"@type":"PropertyValueSpecification","valueRequired":true,"valueName":"search_term_string"}}],"inLanguage":"nb-NO"},{"@type":"Organization","@id":"https:\/\/chesse.org\/no\/#organization","name":"Online resources for Chemical Safety in Science Education","url":"https:\/\/chesse.org\/no\/","logo":{"@type":"ImageObject","inLanguage":"nb-NO","@id":"https:\/\/chesse.org\/no\/#\/schema\/logo\/image\/","url":"https:\/\/chesse.org\/wp-content\/uploads\/2020\/10\/CheSSE_logo-01.svg","contentUrl":"https:\/\/chesse.org\/wp-content\/uploads\/2020\/10\/CheSSE_logo-01.svg","width":350,"height":100,"caption":"Online resources for Chemical Safety in Science Education"},"image":{"@id":"https:\/\/chesse.org\/no\/#\/schema\/logo\/image\/"}}]}},"_links":{"self":[{"href":"https:\/\/chesse.org\/no\/wp-json\/wp\/v2\/pages\/5036","targetHints":{"allow":["GET"]}}],"collection":[{"href":"https:\/\/chesse.org\/no\/wp-json\/wp\/v2\/pages"}],"about":[{"href":"https:\/\/chesse.org\/no\/wp-json\/wp\/v2\/types\/page"}],"author":[{"embeddable":true,"href":"https:\/\/chesse.org\/no\/wp-json\/wp\/v2\/users\/50"}],"replies":[{"embeddable":true,"href":"https:\/\/chesse.org\/no\/wp-json\/wp\/v2\/comments?post=5036"}],"version-history":[{"count":137,"href":"https:\/\/chesse.org\/no\/wp-json\/wp\/v2\/pages\/5036\/revisions"}],"predecessor-version":[{"id":16851,"href":"https:\/\/chesse.org\/no\/wp-json\/wp\/v2\/pages\/5036\/revisions\/16851"}],"up":[{"embeddable":true,"href":"https:\/\/chesse.org\/no\/wp-json\/wp\/v2\/pages\/4788"}],"wp:attachment":[{"href":"https:\/\/chesse.org\/no\/wp-json\/wp\/v2\/media?parent=5036"}],"curies":[{"name":"wp","href":"https:\/\/api.w.org\/{rel}","templated":true}]}}