{"id":5115,"date":"2022-06-24T13:36:04","date_gmt":"2022-06-24T11:36:04","guid":{"rendered":"https:\/\/chesse.org\/lovgivning\/arbeidsmiljolovgivning\/"},"modified":"2026-04-25T16:50:09","modified_gmt":"2026-04-25T14:50:09","slug":"arbeidsmiljolovgivning","status":"publish","type":"page","link":"https:\/\/chesse.org\/no\/lovgivning\/arbeidsmiljolovgivning\/","title":{"rendered":"Arbeidsmilj\u00f8lovgivning"},"content":{"rendered":"\t\t<div data-elementor-type=\"wp-page\" data-elementor-id=\"5115\" class=\"elementor elementor-5115 elementor-2845\" data-elementor-post-type=\"page\">\n\t\t\t\t\t\t<section class=\"elementor-section elementor-top-section elementor-element elementor-element-a9e5912 elementor-section-boxed elementor-section-height-default elementor-section-height-default\" data-id=\"a9e5912\" data-element_type=\"section\" data-e-type=\"section\">\n\t\t\t\t\t\t<div class=\"elementor-container elementor-column-gap-default\">\n\t\t\t\t\t<div class=\"elementor-column elementor-col-100 elementor-top-column elementor-element elementor-element-40f4e81\" data-id=\"40f4e81\" data-element_type=\"column\" data-e-type=\"column\">\n\t\t\t<div class=\"elementor-widget-wrap elementor-element-populated\">\n\t\t\t\t\t\t<div class=\"elementor-element elementor-element-963a9ce standfirst elementor-widget elementor-widget-text-editor\" data-id=\"963a9ce\" data-element_type=\"widget\" data-e-type=\"widget\" data-widget_type=\"text-editor.default\">\n\t\t\t\t<div class=\"elementor-widget-container\">\n\t\t\t\t\t\t\t\t\t<p>Flere lover og forskrifter regulerer hvordan arbeid i skolens naturfag- og kjemirom skal gjennomf\u00f8res p\u00e5 en trygg og sikker m\u00e5te.<\/p>\t\t\t\t\t\t\t\t<\/div>\n\t\t\t\t<\/div>\n\t\t\t\t<div class=\"elementor-element elementor-element-adb9313 elementor-toc--content-ellipsis elementor-widget elementor-widget-global elementor-global-4830 elementor-global-3097 elementor-widget-table-of-contents\" data-id=\"adb9313\" data-element_type=\"widget\" data-e-type=\"widget\" data-settings=\"{&quot;headings_by_tags&quot;:[&quot;h2&quot;,&quot;h3&quot;],&quot;exclude_headings_by_selector&quot;:&quot;.noTOC&quot;,&quot;marker_view&quot;:&quot;bullets&quot;,&quot;icon&quot;:{&quot;value&quot;:&quot;fas fa-circle&quot;,&quot;library&quot;:&quot;fa-solid&quot;},&quot;no_headings_message&quot;:&quot;No headings were found on this page.&quot;,&quot;hierarchical_view&quot;:&quot;yes&quot;,&quot;min_height&quot;:{&quot;unit&quot;:&quot;px&quot;,&quot;size&quot;:&quot;&quot;,&quot;sizes&quot;:[]},&quot;min_height_tablet&quot;:{&quot;unit&quot;:&quot;px&quot;,&quot;size&quot;:&quot;&quot;,&quot;sizes&quot;:[]},&quot;min_height_mobile&quot;:{&quot;unit&quot;:&quot;px&quot;,&quot;size&quot;:&quot;&quot;,&quot;sizes&quot;:[]}}\" data-widget_type=\"table-of-contents.default\">\n\t\t\t\t<div class=\"elementor-widget-container\">\n\t\t\t\t\t\t\t\t\t<div class=\"elementor-toc__header\">\n\t\t\t\t\t\t<div class=\"elementor-toc__header-title\">\n\t\t\t\tInnhold\t\t\t<\/div>\n\t\t\t\t\t\t\t\t<\/div>\n\t\t\t\t<div id=\"elementor-toc__adb9313\" class=\"elementor-toc__body\">\n\t\t\t<div class=\"elementor-toc__spinner-container\">\n\t\t\t\t<i class=\"elementor-toc__spinner eicon-animation-spin eicon-loading\" aria-hidden=\"true\"><\/i>\t\t\t<\/div>\n\t\t<\/div>\n\t\t\t\t\t\t<\/div>\n\t\t\t\t<\/div>\n\t\t\t\t<div class=\"elementor-element elementor-element-6d565c8 elementor-widget elementor-widget-text-editor\" data-id=\"6d565c8\" data-element_type=\"widget\" data-e-type=\"widget\" data-widget_type=\"text-editor.default\">\n\t\t\t\t<div class=\"elementor-widget-container\">\n\t\t\t\t\t\t\t\t\t<h2>Arbeidstakeres helse og sikkerhet<\/h2><p>Regler som gjelder for b\u00e5de l\u00e6rere (arbeidstakere) og rektorer (arbeidsgivere) n\u00e5r det kommer til kjemikaliesikkerhet er omtalt i flere EU-direktiver om helse, milj\u00f8 og sikkerhet i arbeidslivet. Disse er innlemmet i norske lover og forskrifter. Flere av reglene omfatter ogs\u00e5 elever i en undervisningssituasjon.\u00a0<\/p>\t\t\t\t\t\t\t\t<\/div>\n\t\t\t\t<\/div>\n\t\t\t\t<div class=\"elementor-element elementor-element-968391c elementor-widget elementor-widget-text-editor\" data-id=\"968391c\" data-element_type=\"widget\" data-e-type=\"widget\" data-widget_type=\"text-editor.default\">\n\t\t\t\t<div class=\"elementor-widget-container\">\n\t\t\t\t\t\t\t\t\t<h2>Arbeidsmilj\u00f8loven<\/h2><p>Arbeidsmilj\u00f8loven og de tilh\u00f8rende forskriftene omhandler mange forhold knyttet til et trygt arbeidsmilj\u00f8, inkludert arbeid med farlige stoffer og stoffblandinger. Regelverket setter blant annet krav til risikovurdering og regler for forsvarlig oppbevaring og h\u00e5ndtering. P\u00e5 en skole er det rektor som er arbeidsgiver og ansvarlig for at regelverket blir fulgt. Arbeidstakere er p\u00e5lagt \u00e5 samarbeide med arbeidsgiver for \u00e5 sikre trygge arbeidsforhold.<\/p><p>Elever er beskyttet av Arbeidsmilj\u00f8loven med tilh\u00f8rende forskrifter i mange sammenhenger, ogs\u00e5 under elevfors\u00f8k og annet praktisk arbeid. De skal beskyttes mot stoffer som kan skade liv og helse. Man m\u00e5 ta hensyn til at barn og unge er ekstra s\u00e5rbare for helsefarlige stoffer, og ofte mangler erfaring og modenhet til \u00e5 vurdere risiko og handle riktig.<\/p>\t\t\t\t\t\t\t\t<\/div>\n\t\t\t\t<\/div>\n\t\t\t\t<div class=\"elementor-element elementor-element-f3bcf7d elementor-widget elementor-widget-text-editor\" data-id=\"f3bcf7d\" data-element_type=\"widget\" data-e-type=\"widget\" data-widget_type=\"text-editor.default\">\n\t\t\t\t<div class=\"elementor-widget-container\">\n\t\t\t\t\t\t\t\t\t<h2>Forskrifter til arbeidsmilj\u00f8loven<\/h2><p>Forskrift om organisering, ledelse og medvirkning skal sikre et fullt forsvarlig arbeidsmilj\u00f8, og legger vekt p\u00e5 forebyggende tiltak for arbeidsmilj\u00f8et. Forskriften stiller krav til at arbeidstakere skal f\u00e5 n\u00f8dvendig informasjon og oppl\u00e6ring, og at de skal medvirke i arbeidet med helse, milj\u00f8 og sikkerhet.<\/p><p>Forskrift om utf\u00f8relse av arbeid har som form\u00e5l \u00e5 verne arbeidstagere mot skader p\u00e5 liv og helse. Den sier blant annet at det skal opprettes et stoffkartotek over farlige kjemikalier og at all bruk av kjemikaliene skal risikovurderes.<\/p><p>Forskrift om systematisk helse-, milj\u00f8- og sikkerhetsarbeid i virksomheter (Internkontrollforskriften) p\u00e5legger skolen \u00e5 ha et system som sikrer at arbeidet med helse, milj\u00f8 og sikkerhet f\u00f8lger regelverket og har tilstrekkelig kvalitet. Systemet skal gjennomg\u00e5s jevnlig, og det er vanlig \u00e5 repetere rutinene\u00a0 \u00e5rlig. Forskriften stiller ogs\u00e5 krav til hvordan systemet skal v\u00e6re og hvilken dokumentasjon som kreves.<\/p><p><b>Arbeidsgiver skal blant annet<br \/><\/b><\/p><ul><li>opprette og vedlikeholde et stoffkartotek med sikkerhetsdatablader for farlige kjemikalier (<a href=\"https:\/\/lovdata.no\/forskrift\/2011-12-06-1357\/\u00a72-1\">Forskrift om utf\u00f8relse av arbeid \u00a72-1<\/a>)<\/li><li>s\u00f8rge for at arbeidstaker har lett tilgang til stoffkartoteket (<a href=\"https:\/\/lovdata.no\/forskrift\/2011-12-06-1357\/\u00a72-4\">Forskrift om utf\u00f8relse av arbeid \u00a72-4<\/a>)<\/li><li>kartlegge hva som finnes av farlige kjemikalier og hvordan de blir brukt (<a href=\"https:\/\/lovdata.no\/forskrift\/2011-12-06-1357\/\u00a73-1\">Forskrift om utf\u00f8relse av arbeid \u00a73-1<\/a>)<\/li><li>risikovurdere enhver bruk og h\u00e5ndtering av kjemikalier og utstyr (<a href=\"https:\/\/lovdata.no\/forskrift\/2011-12-06-1357\/\u00a73-1\">Forskrift om utf\u00f8relse av arbeid \u00a73-1<\/a>)<\/li><li>s\u00f8rge for at l\u00e6rere og elever f\u00e5r tilstrekkelig oppl\u00e6ring i arbeid med farlige kjemikalier til \u00e5 jobbe forsvarlig, og f\u00e5r n\u00f8dvendig informasjon om farer ved bruk av kjemikaliene (<a href=\"https:\/\/lovdata.no\/forskrift\/2011-12-06-1357\/\u00a73-4\">Forskrift om utf\u00f8relse av arbeid \u00a73-4 og \u00a73-5<\/a>)<\/li><li>begrense mengden kjemikalier til det som er n\u00f8dvendig for arbeidet med fors\u00f8k i undervisningen (<a href=\"https:\/\/lovdata.no\/forskrift\/2011-12-06-1357\/\u00a73-8\">Forskrift om utf\u00f8relse av arbeid \u00a73-8<\/a>)<\/li><li>s\u00f8rge for at farlige kjemikaler er forskriftsmessig merket og oppbevares p\u00e5 en fullt forsvarlig m\u00e5te (<a href=\"https:\/\/lovdata.no\/forskrift\/2011-12-06-1357\/\u00a73-13\">Forskrift om utf\u00f8relse av arbeid \u00a73-13<\/a> og <a href=\"https:\/\/lovdata.no\/forskrift\/2011-12-06-1357\/\u00a73-7\">\u00a73-7<\/a>)<\/li><li>s\u00f8rge for at de personene som har ansvar for arbeidet med kjemikaliesikkerhet har tilstrekkelig oppl\u00e6ring og ressurser til \u00e5 utf\u00f8re arbeidet i henhold til regelverket (<a href=\"https:\/\/lovdata.no\/lov\/2005-06-17-62\/\u00a74-5\">Arbeidsmilj\u00f8loven \u00a74-5<\/a> og <a href=\"https:\/\/lovdata.no\/forskrift\/2011-12-06-1355\/\u00a78-1\">Forskrift om organisering, ledelse og medvirkning \u00a7 8<\/a> og <a href=\"https:\/\/lovdata.no\/forskrift\/2011-12-06-1355\/\u00a713-1\">\u00a713<\/a>)<\/li><li>ha rutiner for hva som skal skje ved uhell (<a href=\"https:\/\/lovdata.no\/forskrift\/2011-12-06-1357\/\u00a73-15\">Forskrift om utf\u00f8relse av arbeid \u00a73-15<\/a>)<\/li><li>ha et system som dokumenterer arbeidet med helse, milj\u00f8 og sikkerhet, inkludert risikovurderinger, handlingsplaner og rutiner, og gjennomg\u00e5 systemet jevnlig (<a href=\"https:\/\/lovdata.no\/forskrift\/1996-12-06-1127\/\u00a75\">Internkontrollforskriften \u00a75<\/a>)<\/li><\/ul><p><b>L\u00e6reren skal som arbeidstaker<\/b> bidra til \u00e5 utvikle skolens systemer for arbeid med helse, milj\u00f8 og sikkerhet (<a href=\"https:\/\/lovdata.no\/forskrift\/1996-12-06-1127\/\u00a74\">Internkontrollforskriften \u00a74<\/a>). Det er hver enkelt arbeidstakers ansvar \u00e5, s\u00e5 langt det er mulig, ivareta sin egen sikkerhet.<\/p><p><b>B\u00e5de l\u00e6rere og elever skal<\/b><\/p><ul><li>f\u00f8lge skolens rutiner og retningslinjer for arbeid med helse, milj\u00f8 og sikkerhet<\/li><li>ta ansvar for egen helse og sikkerhet gjennom \u00e5 bruke utstyr og farlige stoffer p\u00e5 en trygg og sikker m\u00e5te<\/li><li>umiddelbart si fra om mangler og farer. Disse tre punktene er hjemlet i <a href=\"https:\/\/lovdata.no\/lov\/2005-06-17-62\/\u00a72-3\">Arbeidsmilj\u00f8loven \u00a72-3<\/a> og <a href=\"https:\/\/lovdata.no\/forskrift\/2005-12-16-1568\/\u00a71\">Forskrift om arbeidsmilj\u00f8lovens anvendelse for personer som ikke er arbeidstakere \u00a71<\/a><\/li><\/ul><p>I EU- og E\u00d8S-landene er det i noen tilfeller p\u00e5lagt \u00e5 ha helseoverv\u00e5king av arbeidstakere. Dette er beskrevet i Forskrift om utf\u00f8relse av arbeid.<\/p>\t\t\t\t\t\t\t\t<\/div>\n\t\t\t\t<\/div>\n\t\t\t\t<div class=\"elementor-element elementor-element-0877b75 elementor-widget elementor-widget-text-editor\" data-id=\"0877b75\" data-element_type=\"widget\" data-e-type=\"widget\" data-widget_type=\"text-editor.default\">\n\t\t\t\t<div class=\"elementor-widget-container\">\n\t\t\t\t\t\t\t\t\t<h2>Arbeid med kreftfremkallende og mutagene stoffer<\/h2><p>EU-direktivet om kreftfremkallende og mutagene stoffer fastsetter minimumskravene for \u00e5 beskytte arbeidstakere mot helse- og sikkerhetsrisiko som skyldes eksponering for kreftfremkallende stoffer og mutagener p\u00e5 jobb. Regelverket inkluderer ogs\u00e5 forpliktelser for b\u00e5de arbeidsgiverne og arbeidstakerne som er involvert i denne typen aktiviteter. Kreftfremkallende, mutagene (arvestoffskadelige) og reproduksjonsskadelige kjemikalier (CMR) i klasse 1A og 1B er SVHC-stoffer og omtalt i <a href=\"https:\/\/chesse.org\/no\/lovgivning\/lovgivning-som-regulerer-bruk-av-kjemikalier\/#elementor-toc__heading-anchor-1\">Restriksjoner knyttet til helse- eller milj\u00f8farer<\/a>.<\/p>\t\t\t\t\t\t\t\t<\/div>\n\t\t\t\t<\/div>\n\t\t\t\t<div class=\"elementor-element elementor-element-ab4c77f elementor-widget elementor-widget-text-editor\" data-id=\"ab4c77f\" data-element_type=\"widget\" data-e-type=\"widget\" data-widget_type=\"text-editor.default\">\n\t\t\t\t<div class=\"elementor-widget-container\">\n\t\t\t\t\t\t\t\t\t<h2>Barn og unge<\/h2><p>Fordi barn og unge kan v\u00e6re umodne eller mangle erfaring og bevissthet om eksisterende eller potensiell risiko, skal regelverket sikre at barn og unge har s\u00e5 trygge forhold som mulig. Enkelte stoffer b\u00f8r unng\u00e5s, mens andre kan brukes forutsatt at elevene f\u00e5r oppl\u00e6ring og bruker verneutstyr og avtrekk der det er p\u00e5krevd. Hvor skadelig et stoff er, avhenger blant annet av mengden vi blir eksponert for og over hvor lang tid.<\/p>\t\t\t\t\t\t\t\t<\/div>\n\t\t\t\t<\/div>\n\t\t\t\t<div class=\"elementor-element elementor-element-a6eeaeb linkBox elementor-widget elementor-widget-text-editor\" data-id=\"a6eeaeb\" data-element_type=\"widget\" data-e-type=\"widget\" data-widget_type=\"text-editor.default\">\n\t\t\t\t<div class=\"elementor-widget-container\">\n\t\t\t\t\t\t\t\t\t<h2>Relevant regelverk<\/h2><p><strong>Arbeidsmilj\u00f8loven og dens forskrifter<br \/><\/strong><\/p><p><a href=\"https:\/\/lovdata.no\/dokument\/NL\/lov\/2005-06-17-62\">Lov om arbeidsmilj\u00f8, arbeidstid og stillingsvern mv. (arbeidsmilj\u00f8loven)<\/a><\/p><p><a href=\"https:\/\/lovdata.no\/dokument\/SF\/forskrift\/2005-12-16-1568\">Forskrift om arbeidsmilj\u00f8lovens anvendelse for personer som ikke er arbeidstakere<\/a><\/p><p><a href=\"https:\/\/lovdata.no\/dokument\/SF\/forskrift\/2011-12-06-1355\">Forskrift om organisering, ledelse og medvirkning<\/a><\/p><p><a href=\"https:\/\/lovdata.no\/dokument\/SF\/forskrift\/1996-12-06-1127\">Forskrift om systematisk helse-, milj\u00f8- og sikkerhetsarbeid i virksomheter (Internkontrollforskriften)<\/a><\/p><p><a href=\"https:\/\/lovdata.no\/dokument\/SF\/forskrift\/2011-12-06-1357\">Forskrift om utf\u00f8relse av arbeid, bruk av arbeidsutstyr og tilh\u00f8rende tekniske krav (forskrift om utf\u00f8relse av arbeid)<\/a><\/p><p><strong>I Norge er EU-direktivene nedenfor innarbeidet i arbeidsmilj\u00f8loven og dens forskrifter<\/strong><\/p><p><a href=\"https:\/\/eur-lex.europa.eu\/eli\/dir\/1989\/391\/2008-12-11\">Framework Directive for occupational safety and health (OSH): 89\/391\/EEC<\/a><\/p><p><a href=\"https:\/\/eur-lex.europa.eu\/eli\/dir\/2004\/37\/2019-07-26\">Directive on Carcinogens and Mutagens at work (CMD): 2004\/37\/EC<\/a><\/p><p><a href=\"https:\/\/eur-lex.europa.eu\/eli\/dir\/1994\/33\/2019-07-26\">Directive on the protection of young people at work: 94\/33\/EC<\/a><\/p>\t\t\t\t\t\t\t\t<\/div>\n\t\t\t\t<\/div>\n\t\t\t\t\t<\/div>\n\t\t<\/div>\n\t\t\t\t\t<\/div>\n\t\t<\/section>\n\t\t\t\t<\/div>\n\t\t","protected":false},"excerpt":{"rendered":"<p>Flere lover og forskrifter regulerer hvordan arbeid i skolens naturfag- og kjemirom skal gjennomf\u00f8res p\u00e5 en trygg og sikker m\u00e5te. Innhold Arbeidstakeres helse og sikkerhet Regler som gjelder for b\u00e5de l\u00e6rere (arbeidstakere) og rektorer (arbeidsgivere) n\u00e5r det kommer til kjemikaliesikkerhet er omtalt i flere EU-direktiver om helse, milj\u00f8 og sikkerhet i arbeidslivet. Disse er innlemmet &hellip; <a href=\"https:\/\/chesse.org\/no\/lovgivning\/arbeidsmiljolovgivning\/\" class=\"more-link\">Fortsett \u00e5 lese <span class=\"screen-reader-text\">Arbeidsmilj\u00f8lovgivning<\/span> <span class=\"meta-nav\">&rarr;<\/span><\/a><\/p>\n","protected":false},"author":50,"featured_media":0,"parent":4788,"menu_order":4,"comment_status":"closed","ping_status":"closed","template":"","meta":{"footnotes":""},"class_list":["post-5115","page","type-page","status-publish","hentry"],"yoast_head":"<!-- This site is optimized with the Yoast SEO plugin v27.5 - https:\/\/yoast.com\/product\/yoast-seo-wordpress\/ -->\n<title>Arbeidsmilj\u00f8lovgivning &#8211; Kjemikaliesikkerhet i naturfag og kjemi<\/title>\n<meta name=\"description\" content=\"Flere lover og forskrifter regulerer hvordan arbeid i skolens naturfag- og kjemirom skal gjennomf\u00f8res p\u00e5 en trygg og sikker m\u00e5te.\" \/>\n<meta name=\"robots\" content=\"index, follow, max-snippet:-1, max-image-preview:large, max-video-preview:-1\" \/>\n<link rel=\"canonical\" href=\"https:\/\/chesse.org\/no\/lovgivning\/arbeidsmiljolovgivning\/\" \/>\n<meta property=\"og:locale\" content=\"nb_NO\" \/>\n<meta property=\"og:type\" content=\"article\" \/>\n<meta property=\"og:title\" content=\"Arbeidsmilj\u00f8lovgivning &#8211; Kjemikaliesikkerhet i naturfag og kjemi\" \/>\n<meta property=\"og:description\" content=\"Flere lover og forskrifter regulerer hvordan arbeid i skolens naturfag- og kjemirom skal gjennomf\u00f8res p\u00e5 en trygg og sikker m\u00e5te.\" \/>\n<meta property=\"og:url\" content=\"https:\/\/chesse.org\/no\/lovgivning\/arbeidsmiljolovgivning\/\" \/>\n<meta property=\"og:site_name\" content=\"Kjemikaliesikkerhet i naturfag og kjemi\" \/>\n<meta property=\"article:modified_time\" content=\"2026-04-25T14:50:09+00:00\" \/>\n<meta property=\"og:image\" content=\"https:\/\/chesse.org\/wp-content\/uploads\/2022\/06\/chesse-sharing.png\" \/>\n\t<meta property=\"og:image:width\" content=\"1200\" \/>\n\t<meta property=\"og:image:height\" content=\"630\" \/>\n\t<meta property=\"og:image:type\" content=\"image\/png\" \/>\n<meta name=\"twitter:card\" content=\"summary_large_image\" \/>\n<script type=\"application\/ld+json\" class=\"yoast-schema-graph\">{\"@context\":\"https:\\\/\\\/schema.org\",\"@graph\":[{\"@type\":\"WebPage\",\"@id\":\"https:\\\/\\\/chesse.org\\\/no\\\/lovgivning\\\/arbeidsmiljolovgivning\\\/\",\"url\":\"https:\\\/\\\/chesse.org\\\/no\\\/lovgivning\\\/arbeidsmiljolovgivning\\\/\",\"name\":\"Arbeidsmilj\u00f8lovgivning &#8211; Kjemikaliesikkerhet i naturfag og kjemi\",\"isPartOf\":{\"@id\":\"https:\\\/\\\/chesse.org\\\/no\\\/#website\"},\"datePublished\":\"2022-06-24T11:36:04+00:00\",\"dateModified\":\"2026-04-25T14:50:09+00:00\",\"description\":\"Flere lover og forskrifter regulerer hvordan arbeid i skolens naturfag- og kjemirom skal gjennomf\u00f8res p\u00e5 en trygg og sikker m\u00e5te.\",\"breadcrumb\":{\"@id\":\"https:\\\/\\\/chesse.org\\\/no\\\/lovgivning\\\/arbeidsmiljolovgivning\\\/#breadcrumb\"},\"inLanguage\":\"nb-NO\",\"potentialAction\":[{\"@type\":\"ReadAction\",\"target\":[\"https:\\\/\\\/chesse.org\\\/no\\\/lovgivning\\\/arbeidsmiljolovgivning\\\/\"]}]},{\"@type\":\"BreadcrumbList\",\"@id\":\"https:\\\/\\\/chesse.org\\\/no\\\/lovgivning\\\/arbeidsmiljolovgivning\\\/#breadcrumb\",\"itemListElement\":[{\"@type\":\"ListItem\",\"position\":1,\"name\":\"Hjem\",\"item\":\"https:\\\/\\\/chesse.org\\\/no\\\/\"},{\"@type\":\"ListItem\",\"position\":2,\"name\":\"Lovgivning\",\"item\":\"https:\\\/\\\/chesse.org\\\/no\\\/lovgivning\\\/\"},{\"@type\":\"ListItem\",\"position\":3,\"name\":\"Arbeidsmilj\u00f8lovgivning\"}]},{\"@type\":\"WebSite\",\"@id\":\"https:\\\/\\\/chesse.org\\\/no\\\/#website\",\"url\":\"https:\\\/\\\/chesse.org\\\/no\\\/\",\"name\":\"Kjemikaliesikkerhet i naturfag og kjemi\",\"description\":\"Kortfattet, oppdatert informasjon for naturfag- og kjemil\u00e6rere, skoleledere og l\u00e6rerutdannere.\",\"publisher\":{\"@id\":\"https:\\\/\\\/chesse.org\\\/no\\\/#organization\"},\"potentialAction\":[{\"@type\":\"SearchAction\",\"target\":{\"@type\":\"EntryPoint\",\"urlTemplate\":\"https:\\\/\\\/chesse.org\\\/no\\\/?s={search_term_string}\"},\"query-input\":{\"@type\":\"PropertyValueSpecification\",\"valueRequired\":true,\"valueName\":\"search_term_string\"}}],\"inLanguage\":\"nb-NO\"},{\"@type\":\"Organization\",\"@id\":\"https:\\\/\\\/chesse.org\\\/no\\\/#organization\",\"name\":\"Online resources for Chemical Safety in Science Education\",\"url\":\"https:\\\/\\\/chesse.org\\\/no\\\/\",\"logo\":{\"@type\":\"ImageObject\",\"inLanguage\":\"nb-NO\",\"@id\":\"https:\\\/\\\/chesse.org\\\/no\\\/#\\\/schema\\\/logo\\\/image\\\/\",\"url\":\"https:\\\/\\\/chesse.org\\\/wp-content\\\/uploads\\\/2020\\\/10\\\/CheSSE_logo-01.svg\",\"contentUrl\":\"https:\\\/\\\/chesse.org\\\/wp-content\\\/uploads\\\/2020\\\/10\\\/CheSSE_logo-01.svg\",\"width\":350,\"height\":100,\"caption\":\"Online resources for Chemical Safety in Science Education\"},\"image\":{\"@id\":\"https:\\\/\\\/chesse.org\\\/no\\\/#\\\/schema\\\/logo\\\/image\\\/\"}}]}<\/script>\n<!-- \/ Yoast SEO plugin. -->","yoast_head_json":{"title":"Arbeidsmilj\u00f8lovgivning &#8211; Kjemikaliesikkerhet i naturfag og kjemi","description":"Flere lover og forskrifter regulerer hvordan arbeid i skolens naturfag- og kjemirom skal gjennomf\u00f8res p\u00e5 en trygg og sikker m\u00e5te.","robots":{"index":"index","follow":"follow","max-snippet":"max-snippet:-1","max-image-preview":"max-image-preview:large","max-video-preview":"max-video-preview:-1"},"canonical":"https:\/\/chesse.org\/no\/lovgivning\/arbeidsmiljolovgivning\/","og_locale":"nb_NO","og_type":"article","og_title":"Arbeidsmilj\u00f8lovgivning &#8211; Kjemikaliesikkerhet i naturfag og kjemi","og_description":"Flere lover og forskrifter regulerer hvordan arbeid i skolens naturfag- og kjemirom skal gjennomf\u00f8res p\u00e5 en trygg og sikker m\u00e5te.","og_url":"https:\/\/chesse.org\/no\/lovgivning\/arbeidsmiljolovgivning\/","og_site_name":"Kjemikaliesikkerhet i naturfag og kjemi","article_modified_time":"2026-04-25T14:50:09+00:00","og_image":[{"width":1200,"height":630,"url":"https:\/\/chesse.org\/wp-content\/uploads\/2022\/06\/chesse-sharing.png","type":"image\/png"}],"twitter_card":"summary_large_image","schema":{"@context":"https:\/\/schema.org","@graph":[{"@type":"WebPage","@id":"https:\/\/chesse.org\/no\/lovgivning\/arbeidsmiljolovgivning\/","url":"https:\/\/chesse.org\/no\/lovgivning\/arbeidsmiljolovgivning\/","name":"Arbeidsmilj\u00f8lovgivning &#8211; Kjemikaliesikkerhet i naturfag og kjemi","isPartOf":{"@id":"https:\/\/chesse.org\/no\/#website"},"datePublished":"2022-06-24T11:36:04+00:00","dateModified":"2026-04-25T14:50:09+00:00","description":"Flere lover og forskrifter regulerer hvordan arbeid i skolens naturfag- og kjemirom skal gjennomf\u00f8res p\u00e5 en trygg og sikker m\u00e5te.","breadcrumb":{"@id":"https:\/\/chesse.org\/no\/lovgivning\/arbeidsmiljolovgivning\/#breadcrumb"},"inLanguage":"nb-NO","potentialAction":[{"@type":"ReadAction","target":["https:\/\/chesse.org\/no\/lovgivning\/arbeidsmiljolovgivning\/"]}]},{"@type":"BreadcrumbList","@id":"https:\/\/chesse.org\/no\/lovgivning\/arbeidsmiljolovgivning\/#breadcrumb","itemListElement":[{"@type":"ListItem","position":1,"name":"Hjem","item":"https:\/\/chesse.org\/no\/"},{"@type":"ListItem","position":2,"name":"Lovgivning","item":"https:\/\/chesse.org\/no\/lovgivning\/"},{"@type":"ListItem","position":3,"name":"Arbeidsmilj\u00f8lovgivning"}]},{"@type":"WebSite","@id":"https:\/\/chesse.org\/no\/#website","url":"https:\/\/chesse.org\/no\/","name":"Kjemikaliesikkerhet i naturfag og kjemi","description":"Kortfattet, oppdatert informasjon for naturfag- og kjemil\u00e6rere, skoleledere og l\u00e6rerutdannere.","publisher":{"@id":"https:\/\/chesse.org\/no\/#organization"},"potentialAction":[{"@type":"SearchAction","target":{"@type":"EntryPoint","urlTemplate":"https:\/\/chesse.org\/no\/?s={search_term_string}"},"query-input":{"@type":"PropertyValueSpecification","valueRequired":true,"valueName":"search_term_string"}}],"inLanguage":"nb-NO"},{"@type":"Organization","@id":"https:\/\/chesse.org\/no\/#organization","name":"Online resources for Chemical Safety in Science Education","url":"https:\/\/chesse.org\/no\/","logo":{"@type":"ImageObject","inLanguage":"nb-NO","@id":"https:\/\/chesse.org\/no\/#\/schema\/logo\/image\/","url":"https:\/\/chesse.org\/wp-content\/uploads\/2020\/10\/CheSSE_logo-01.svg","contentUrl":"https:\/\/chesse.org\/wp-content\/uploads\/2020\/10\/CheSSE_logo-01.svg","width":350,"height":100,"caption":"Online resources for Chemical Safety in Science Education"},"image":{"@id":"https:\/\/chesse.org\/no\/#\/schema\/logo\/image\/"}}]}},"_links":{"self":[{"href":"https:\/\/chesse.org\/no\/wp-json\/wp\/v2\/pages\/5115","targetHints":{"allow":["GET"]}}],"collection":[{"href":"https:\/\/chesse.org\/no\/wp-json\/wp\/v2\/pages"}],"about":[{"href":"https:\/\/chesse.org\/no\/wp-json\/wp\/v2\/types\/page"}],"author":[{"embeddable":true,"href":"https:\/\/chesse.org\/no\/wp-json\/wp\/v2\/users\/50"}],"replies":[{"embeddable":true,"href":"https:\/\/chesse.org\/no\/wp-json\/wp\/v2\/comments?post=5115"}],"version-history":[{"count":120,"href":"https:\/\/chesse.org\/no\/wp-json\/wp\/v2\/pages\/5115\/revisions"}],"predecessor-version":[{"id":16855,"href":"https:\/\/chesse.org\/no\/wp-json\/wp\/v2\/pages\/5115\/revisions\/16855"}],"up":[{"embeddable":true,"href":"https:\/\/chesse.org\/no\/wp-json\/wp\/v2\/pages\/4788"}],"wp:attachment":[{"href":"https:\/\/chesse.org\/no\/wp-json\/wp\/v2\/media?parent=5115"}],"curies":[{"name":"wp","href":"https:\/\/api.w.org\/{rel}","templated":true}]}}