{"id":5147,"date":"2022-12-01T15:16:18","date_gmt":"2022-12-01T14:16:18","guid":{"rendered":"https:\/\/chesse.org\/lovgivning\/saernorsk-lovgivning\/"},"modified":"2026-04-25T16:57:13","modified_gmt":"2026-04-25T14:57:13","slug":"brann-og-eksplosjonsvern","status":"publish","type":"page","link":"https:\/\/chesse.org\/no\/lovgivning\/brann-og-eksplosjonsvern\/","title":{"rendered":"Brann- og eksplosjonsvern"},"content":{"rendered":"\t\t<div data-elementor-type=\"wp-page\" data-elementor-id=\"5147\" class=\"elementor elementor-5147 elementor-374\" data-elementor-post-type=\"page\">\n\t\t\t\t\t\t<section class=\"elementor-section elementor-top-section elementor-element elementor-element-2949956 elementor-section-boxed elementor-section-height-default elementor-section-height-default\" data-id=\"2949956\" data-element_type=\"section\" data-e-type=\"section\">\n\t\t\t\t\t\t<div class=\"elementor-container elementor-column-gap-default\">\n\t\t\t\t\t<div class=\"elementor-column elementor-col-100 elementor-top-column elementor-element elementor-element-29669d4\" data-id=\"29669d4\" data-element_type=\"column\" data-e-type=\"column\">\n\t\t\t<div class=\"elementor-widget-wrap elementor-element-populated\">\n\t\t\t\t\t\t<div class=\"elementor-element elementor-element-90900d0 standfirst elementor-widget elementor-widget-text-editor\" data-id=\"90900d0\" data-element_type=\"widget\" data-e-type=\"widget\" data-widget_type=\"text-editor.default\">\n\t\t\t\t<div class=\"elementor-widget-container\">\n\t\t\t\t\t\t\t\t\t<p>P\u00e5 grunn av skadepotensialet finnes det mange lover og forskrifter som regulerer h\u00e5ndtering av stoffer som kan for\u00e5rsake brann eller eksplosjon. Mye er skrevet med tanke p\u00e5 oppbevaring av store mengder stoff, men lovverket gjelder ogs\u00e5 for skoler.<\/p>\t\t\t\t\t\t\t\t<\/div>\n\t\t\t\t<\/div>\n\t\t\t\t<div class=\"elementor-element elementor-element-f3af96d elementor-toc--content-ellipsis elementor-widget elementor-widget-global elementor-global-4830 elementor-global-3097 elementor-widget-table-of-contents\" data-id=\"f3af96d\" data-element_type=\"widget\" data-e-type=\"widget\" data-settings=\"{&quot;headings_by_tags&quot;:[&quot;h2&quot;,&quot;h3&quot;],&quot;exclude_headings_by_selector&quot;:&quot;.noTOC&quot;,&quot;marker_view&quot;:&quot;bullets&quot;,&quot;icon&quot;:{&quot;value&quot;:&quot;fas fa-circle&quot;,&quot;library&quot;:&quot;fa-solid&quot;},&quot;no_headings_message&quot;:&quot;No headings were found on this page.&quot;,&quot;hierarchical_view&quot;:&quot;yes&quot;,&quot;min_height&quot;:{&quot;unit&quot;:&quot;px&quot;,&quot;size&quot;:&quot;&quot;,&quot;sizes&quot;:[]},&quot;min_height_tablet&quot;:{&quot;unit&quot;:&quot;px&quot;,&quot;size&quot;:&quot;&quot;,&quot;sizes&quot;:[]},&quot;min_height_mobile&quot;:{&quot;unit&quot;:&quot;px&quot;,&quot;size&quot;:&quot;&quot;,&quot;sizes&quot;:[]}}\" data-widget_type=\"table-of-contents.default\">\n\t\t\t\t<div class=\"elementor-widget-container\">\n\t\t\t\t\t\t\t\t\t<div class=\"elementor-toc__header\">\n\t\t\t\t\t\t<div class=\"elementor-toc__header-title\">\n\t\t\t\tInnhold\t\t\t<\/div>\n\t\t\t\t\t\t\t\t<\/div>\n\t\t\t\t<div id=\"elementor-toc__f3af96d\" class=\"elementor-toc__body\">\n\t\t\t<div class=\"elementor-toc__spinner-container\">\n\t\t\t\t<i class=\"elementor-toc__spinner eicon-animation-spin eicon-loading\" aria-hidden=\"true\"><\/i>\t\t\t<\/div>\n\t\t<\/div>\n\t\t\t\t\t\t<\/div>\n\t\t\t\t<\/div>\n\t\t\t\t<div class=\"elementor-element elementor-element-787423f elementor-widget elementor-widget-text-editor\" data-id=\"787423f\" data-element_type=\"widget\" data-e-type=\"widget\" data-widget_type=\"text-editor.default\">\n\t\t\t\t<div class=\"elementor-widget-container\">\n\t\t\t\t\t\t\t\t\t<p><img decoding=\"async\" class=\"size-thumbnail wp-image-10639\" style=\"float: left;margin: 5px 15px 0px 5px\" role=\"presentation\" src=\"https:\/\/chesse.org\/wp-content\/uploads\/chesse-alert.svg\" alt=\"\" width=\"45\" height=\"45\" \/>Denne siden handler om lovgivning om brann- og eksplosjonsvern.<br \/>For praktiske eksempler, se: <a href=\"https:\/\/chesse.org\/no\/merking-oppbevaring-og-avfallshandtering\/\">Merking, oppbevaring og avfallsh\u00e5ndtering<\/a><\/p>\t\t\t\t\t\t\t\t<\/div>\n\t\t\t\t<\/div>\n\t\t\t\t<div class=\"elementor-element elementor-element-981bb3b elementor-widget elementor-widget-text-editor\" data-id=\"981bb3b\" data-element_type=\"widget\" data-e-type=\"widget\" data-widget_type=\"text-editor.default\">\n\t\t\t\t<div class=\"elementor-widget-container\">\n\t\t\t\t\t\t\t\t\t<h2>Brann- og eksplosjonsvern<\/h2><p>Brann- og eksplosjonsvernloven og tilh\u00f8rende forskrifter p\u00e5legger skoler \u00e5 jobbe systematisk med \u00e5 forebygge brann og eksplosjoner og \u00e5 dokumentere dette arbeidet. Det er skolens ansvar \u00e5 s\u00f8rge for forsvarlig oppbevaring og h\u00e5ndtering av brann- og eksplosjonsfarlige kjemikalier.<\/p><p>Alle som h\u00e5ndterer stoffer knyttet til risiko for brann, eksplosjon eller andre ulykker skal f\u00e5 tilstrekkelig oppl\u00e6ring til \u00e5 arbeide trygt og i samsvar med gjeldende sikkerhetsbestemmelser i lover, forskrifter og interne prosedyrer. Oppl\u00e6ringen skal ogs\u00e5 omfatte rutiner og forholdsregler ved ulykker.<\/p><h2>Brannfarlige, reaksjonsfarlige og trykksatte stoffer<\/h2><p>P\u00e5 skoler kan det v\u00e6re stoffer som faller inn under forskrift om h\u00e5ndtering av brannfarlig, reaksjonsfarlig og trykksatt stoff samt utstyr og anlegg som benyttes ved h\u00e5ndteringen. Forskriften stiller flere krav til h\u00e5ndtering av slike stoffer. Farer og problemer skal kartlegges slik at det er mulig \u00e5 vurdere risiko. P\u00e5 bakgrunn av risikovurderingen skal det utarbeides beredskapsplaner og gjennomf\u00f8res tiltak for \u00e5 redusere risikoen til et akseptabelt niv\u00e5.<\/p><h3>H\u00e5ndtering og oppbevaring<\/h3><p>Det skal gj\u00f8res en dokumentert risikovurdering av oppbevaringen for \u00e5 sikre at den er forsvarlig. I <a href=\"https:\/\/lovdata.no\/forskrift\/2009-06-08-602\/\u00a715\">forskriftens \u00a7 15<\/a> er det en rekke minimumskrav. Under har vi gjengitt kravene vi tenker er mest relevante for skoler:<\/p><ul><li>Det skal gjennomf\u00f8res sikringstiltak for \u00e5 hindre at uvedkommende f\u00e5r tilgang til farlig stoff.<\/li><li>Oksiderende stoffer skal oppbevares adskilt fra brannfarlige og brennbare stoffer og produkter.<\/li><li>Stoffer som utvikler brannfarlig eller giftig gass i kontakt med vann, fuktighet eller andre stoffer, skal h\u00e5ndteres slik at det ikke kan oppst\u00e5 farlig atmosf\u00e6re.<\/li><li>Spill av farlig stoff skal tas h\u00e5nd om slik at faresituasjoner ikke oppst\u00e5r.<\/li><\/ul><h3>Skilting<\/h3><p>Hvis skolen oppbevarer brannfarlige, reaksjonsfarlige og trykksatte stoffer, skal det settes opp skilt som opplyser om faren for brann, eksplosjon eller annen ulykke. Skiltene skal plasseres lett synlig, p\u00e5 passende steder og i tilstrekkelig antall. Dette inneb\u00e6rer at b\u00e5de skap som inneholder brannfarlige, reaksjonsfarlige og trykksatte stoffer (som gassbeholdere) og d\u00f8ren inn til rommet skal skiltes. Skiltene som skal brukes er gule og svarte fareskilt. Disse kan v\u00e6re trekantede eller ha svart trekant mot gul bakgrunn.<\/p><figure><img fetchpriority=\"high\" decoding=\"async\" class=\"alignnone size-full wp-image-12943\" role=\"img\" src=\"https:\/\/chesse.org\/wp-content\/uploads\/signs.svg\" alt=\"Tre ulike fareskilt, alle med gul bakgrunn. To trekantede skilt med svart kant og svart symbol. Det tredje er firkantet skilt med svart symbol som er omkranset av svart trekant og s\u00e5 svart tekst under trekanten.\" width=\"353\" height=\"156\" \/><figcaption>Eksempler p\u00e5 fareskilt.<\/figcaption><\/figure><h2>Eksplosiver og utgangsstoffer for eksplosiver<\/h2><p>H\u00e5ndtering av eksplosiver er regulert av forskrift om sivil h\u00e5ndtering av eksplosjonsfarlige stoffer (eksplosivforskriften). Den sl\u00e5r fast at det er forbudt \u00e5 h\u00e5ndtere og fremstille eksplosive stoffer uten spesiell tillatelse.\u00a0 Det inneb\u00e6rer for eksempel at det \u00e5 lage krutt ikke er en egnet aktivitet, verken for elever eller l\u00e6rere. Skoler som \u00f8nsker \u00e5 h\u00e5ndtere eksplosjonsfarlige stoffer m\u00e5 s\u00f8ke om tillatelse fra Direktoratet for samfunnssikkerhet og beredskap.<\/p><h3>Utgangsstoffer for eksplosiver<\/h3><p>Flere vanlige kjemikalier i skolen kan brukes som utgangsstoffer for eksplosiver. En fullstendig oversikt over hvilke stoffer det gjelder finnes i \u00a0<a href=\"https:\/\/lovdata.no\/dokument\/SF\/forskrift\/2024-08-28-2049\">forskrift om utgangsstoffer for eksplosiver<\/a>. Hvis du bestiller slike stoffer (noen av stoffene er forbudt \u00e5 kj\u00f8pe for privatpersoner), vil du for f\u00f8rste gang bli bedt om \u00e5 oppgi navn b\u00e5de p\u00e5 deg selv og skolen du bestiller fra, og du m\u00e5 redegj\u00f8re for hva du trenger stoffet til. Dette gjelder blant annet hydrogenperoksid over 12 vektprosent og salpetersyre over 3 vektprosent.<\/p><h3>Oppbevaring og overv\u00e5king<\/h3><p>Skolen er p\u00e5lagt \u00e5 sikre at stoffer som er definert som utgangsstoffer for eksplosiver ikke kommer p\u00e5 avveie eller i urette hender. Stoffer som ikke selges til privatpersoner og produkter med 16 vektprosent nitrogen eller mer fra ammoniumnitrat skal v\u00e6re innel\u00e5st, og skolen skal ha rutiner for og oversikt over hvem som har adgang til stoffene.<\/p><p>For alle stoffer som er regulert som utgangsstoffer for eksplosiver skal skolen ha rutiner som gj\u00f8r det mulig \u00e5 oppdage tyveri og uforklarlig svinn. Tyveri og betydelig svinn skal meldes til KRIPOS innen 24 timer. I praksis betyr dette at skolen m\u00e5 ha et system for \u00e5 overv\u00e5ke beholdningen av alle slike stoffer, for eksempel aceton, svovelsyre, flere nitratsalter og enkelte metallpulver (se forskriften for en fullstendig og oppdatert oversikt).<\/p>\t\t\t\t\t\t\t\t<\/div>\n\t\t\t\t<\/div>\n\t\t\t\t<div class=\"elementor-element elementor-element-63e6cca linkBox elementor-widget elementor-widget-text-editor\" data-id=\"63e6cca\" data-element_type=\"widget\" data-e-type=\"widget\" data-widget_type=\"text-editor.default\">\n\t\t\t\t<div class=\"elementor-widget-container\">\n\t\t\t\t\t\t\t\t\t<h2>Relevant regelverk<\/h2><p><a href=\"https:\/\/lovdata.no\/dokument\/NL\/lov\/2002-06-14-20\"><span data-contrast=\"none\">Lov om vern mot brann, eksplosjon og ulykker med farlig stoff og om brannvesenets redningsoppgaver (brann- og eksplosjonsvernloven)<\/span><\/a><span data-ccp-props=\"{&quot;201341983&quot;:0,&quot;335559739&quot;:160,&quot;335559740&quot;:259}\">\u00a0<\/span><\/p><p><a href=\"https:\/\/lovdata.no\/dokument\/SF\/forskrift\/2009-06-08-602\"><span data-contrast=\"none\">Forskrift om h\u00e5ndtering av brannfarlig, reaksjonsfarlig og trykksatt stoff samt utstyr og anlegg som benyttes ved h\u00e5ndteringen<\/span><\/a><span data-ccp-props=\"{&quot;201341983&quot;:0,&quot;335559739&quot;:160,&quot;335559740&quot;:259}\">\u00a0<\/span><\/p><p><a href=\"https:\/\/lovdata.no\/dokument\/SF\/forskrift\/2017-06-15-844\"><span data-contrast=\"none\">Forskrift om sivil h\u00e5ndtering av eksplosjonsfarlige stoffer (eksplosivforskriften)<\/span><\/a><span data-ccp-props=\"{&quot;201341983&quot;:0,&quot;335559739&quot;:160,&quot;335559740&quot;:259}\">\u00a0<\/span><\/p><p><a href=\"https:\/\/lovdata.no\/dokument\/SF\/forskrift\/2024-08-28-2049\"><span data-contrast=\"none\">Forskrift om utgangsstoffer for eksplosiver<\/span><\/a><\/p>\t\t\t\t\t\t\t\t<\/div>\n\t\t\t\t<\/div>\n\t\t\t\t\t<\/div>\n\t\t<\/div>\n\t\t\t\t\t<\/div>\n\t\t<\/section>\n\t\t\t\t<\/div>\n\t\t","protected":false},"excerpt":{"rendered":"<p>P\u00e5 grunn av skadepotensialet finnes det mange lover og forskrifter som regulerer h\u00e5ndtering av stoffer som kan for\u00e5rsake brann eller eksplosjon. Mye er skrevet med tanke p\u00e5 oppbevaring av store mengder stoff, men lovverket gjelder ogs\u00e5 for skoler. Innhold Denne siden handler om lovgivning om brann- og eksplosjonsvern.For praktiske eksempler, se: Merking, oppbevaring og avfallsh\u00e5ndtering &hellip; <a href=\"https:\/\/chesse.org\/no\/lovgivning\/brann-og-eksplosjonsvern\/\" class=\"more-link\">Fortsett \u00e5 lese <span class=\"screen-reader-text\">Brann- og eksplosjonsvern<\/span> <span class=\"meta-nav\">&rarr;<\/span><\/a><\/p>\n","protected":false},"author":50,"featured_media":0,"parent":4788,"menu_order":5,"comment_status":"closed","ping_status":"closed","template":"","meta":{"footnotes":""},"class_list":["post-5147","page","type-page","status-publish","hentry"],"yoast_head":"<!-- This site is optimized with the Yoast SEO plugin v27.5 - https:\/\/yoast.com\/product\/yoast-seo-wordpress\/ -->\n<title>Brann- og eksplosjonsvern &#8211; Kjemikaliesikkerhet i naturfag og kjemi<\/title>\n<meta name=\"description\" content=\"En innf\u00f8ring i lover og forskrifter for stoffer som kan for\u00e5rsake brann eller eksplosjon.\" \/>\n<meta name=\"robots\" content=\"index, follow, max-snippet:-1, max-image-preview:large, max-video-preview:-1\" \/>\n<link rel=\"canonical\" href=\"https:\/\/chesse.org\/no\/lovgivning\/brann-og-eksplosjonsvern\/\" \/>\n<meta property=\"og:locale\" content=\"nb_NO\" \/>\n<meta property=\"og:type\" content=\"article\" \/>\n<meta property=\"og:title\" content=\"Brann- og eksplosjonsvern &#8211; Kjemikaliesikkerhet i naturfag og kjemi\" \/>\n<meta property=\"og:description\" content=\"En innf\u00f8ring i lover og forskrifter for stoffer som kan for\u00e5rsake brann eller eksplosjon.\" \/>\n<meta property=\"og:url\" content=\"https:\/\/chesse.org\/no\/lovgivning\/brann-og-eksplosjonsvern\/\" \/>\n<meta property=\"og:site_name\" content=\"Kjemikaliesikkerhet i naturfag og kjemi\" \/>\n<meta property=\"article:modified_time\" content=\"2026-04-25T14:57:13+00:00\" \/>\n<meta property=\"og:image\" content=\"https:\/\/chesse.org\/wp-content\/uploads\/2022\/06\/chesse-sharing.png\" \/>\n\t<meta property=\"og:image:width\" content=\"1200\" \/>\n\t<meta property=\"og:image:height\" content=\"630\" \/>\n\t<meta property=\"og:image:type\" content=\"image\/png\" \/>\n<meta name=\"twitter:card\" content=\"summary_large_image\" \/>\n<script type=\"application\/ld+json\" class=\"yoast-schema-graph\">{\"@context\":\"https:\\\/\\\/schema.org\",\"@graph\":[{\"@type\":\"WebPage\",\"@id\":\"https:\\\/\\\/chesse.org\\\/no\\\/lovgivning\\\/brann-og-eksplosjonsvern\\\/\",\"url\":\"https:\\\/\\\/chesse.org\\\/no\\\/lovgivning\\\/brann-og-eksplosjonsvern\\\/\",\"name\":\"Brann- og eksplosjonsvern &#8211; Kjemikaliesikkerhet i naturfag og kjemi\",\"isPartOf\":{\"@id\":\"https:\\\/\\\/chesse.org\\\/no\\\/#website\"},\"primaryImageOfPage\":{\"@id\":\"https:\\\/\\\/chesse.org\\\/no\\\/lovgivning\\\/brann-og-eksplosjonsvern\\\/#primaryimage\"},\"image\":{\"@id\":\"https:\\\/\\\/chesse.org\\\/no\\\/lovgivning\\\/brann-og-eksplosjonsvern\\\/#primaryimage\"},\"thumbnailUrl\":\"https:\\\/\\\/chesse.org\\\/wp-content\\\/uploads\\\/chesse-alert.svg\",\"datePublished\":\"2022-12-01T14:16:18+00:00\",\"dateModified\":\"2026-04-25T14:57:13+00:00\",\"description\":\"En innf\u00f8ring i lover og forskrifter for stoffer som kan for\u00e5rsake brann eller eksplosjon.\",\"breadcrumb\":{\"@id\":\"https:\\\/\\\/chesse.org\\\/no\\\/lovgivning\\\/brann-og-eksplosjonsvern\\\/#breadcrumb\"},\"inLanguage\":\"nb-NO\",\"potentialAction\":[{\"@type\":\"ReadAction\",\"target\":[\"https:\\\/\\\/chesse.org\\\/no\\\/lovgivning\\\/brann-og-eksplosjonsvern\\\/\"]}]},{\"@type\":\"ImageObject\",\"inLanguage\":\"nb-NO\",\"@id\":\"https:\\\/\\\/chesse.org\\\/no\\\/lovgivning\\\/brann-og-eksplosjonsvern\\\/#primaryimage\",\"url\":\"https:\\\/\\\/chesse.org\\\/wp-content\\\/uploads\\\/chesse-alert.svg\",\"contentUrl\":\"https:\\\/\\\/chesse.org\\\/wp-content\\\/uploads\\\/chesse-alert.svg\"},{\"@type\":\"BreadcrumbList\",\"@id\":\"https:\\\/\\\/chesse.org\\\/no\\\/lovgivning\\\/brann-og-eksplosjonsvern\\\/#breadcrumb\",\"itemListElement\":[{\"@type\":\"ListItem\",\"position\":1,\"name\":\"Hjem\",\"item\":\"https:\\\/\\\/chesse.org\\\/no\\\/\"},{\"@type\":\"ListItem\",\"position\":2,\"name\":\"Lovgivning\",\"item\":\"https:\\\/\\\/chesse.org\\\/no\\\/lovgivning\\\/\"},{\"@type\":\"ListItem\",\"position\":3,\"name\":\"Brann- og eksplosjonsvern\"}]},{\"@type\":\"WebSite\",\"@id\":\"https:\\\/\\\/chesse.org\\\/no\\\/#website\",\"url\":\"https:\\\/\\\/chesse.org\\\/no\\\/\",\"name\":\"Kjemikaliesikkerhet i naturfag og kjemi\",\"description\":\"Kortfattet, oppdatert informasjon for naturfag- og kjemil\u00e6rere, skoleledere og l\u00e6rerutdannere.\",\"publisher\":{\"@id\":\"https:\\\/\\\/chesse.org\\\/no\\\/#organization\"},\"potentialAction\":[{\"@type\":\"SearchAction\",\"target\":{\"@type\":\"EntryPoint\",\"urlTemplate\":\"https:\\\/\\\/chesse.org\\\/no\\\/?s={search_term_string}\"},\"query-input\":{\"@type\":\"PropertyValueSpecification\",\"valueRequired\":true,\"valueName\":\"search_term_string\"}}],\"inLanguage\":\"nb-NO\"},{\"@type\":\"Organization\",\"@id\":\"https:\\\/\\\/chesse.org\\\/no\\\/#organization\",\"name\":\"Online resources for Chemical Safety in Science Education\",\"url\":\"https:\\\/\\\/chesse.org\\\/no\\\/\",\"logo\":{\"@type\":\"ImageObject\",\"inLanguage\":\"nb-NO\",\"@id\":\"https:\\\/\\\/chesse.org\\\/no\\\/#\\\/schema\\\/logo\\\/image\\\/\",\"url\":\"https:\\\/\\\/chesse.org\\\/wp-content\\\/uploads\\\/2020\\\/10\\\/CheSSE_logo-01.svg\",\"contentUrl\":\"https:\\\/\\\/chesse.org\\\/wp-content\\\/uploads\\\/2020\\\/10\\\/CheSSE_logo-01.svg\",\"width\":350,\"height\":100,\"caption\":\"Online resources for Chemical Safety in Science Education\"},\"image\":{\"@id\":\"https:\\\/\\\/chesse.org\\\/no\\\/#\\\/schema\\\/logo\\\/image\\\/\"}}]}<\/script>\n<!-- \/ Yoast SEO plugin. -->","yoast_head_json":{"title":"Brann- og eksplosjonsvern &#8211; Kjemikaliesikkerhet i naturfag og kjemi","description":"En innf\u00f8ring i lover og forskrifter for stoffer som kan for\u00e5rsake brann eller eksplosjon.","robots":{"index":"index","follow":"follow","max-snippet":"max-snippet:-1","max-image-preview":"max-image-preview:large","max-video-preview":"max-video-preview:-1"},"canonical":"https:\/\/chesse.org\/no\/lovgivning\/brann-og-eksplosjonsvern\/","og_locale":"nb_NO","og_type":"article","og_title":"Brann- og eksplosjonsvern &#8211; Kjemikaliesikkerhet i naturfag og kjemi","og_description":"En innf\u00f8ring i lover og forskrifter for stoffer som kan for\u00e5rsake brann eller eksplosjon.","og_url":"https:\/\/chesse.org\/no\/lovgivning\/brann-og-eksplosjonsvern\/","og_site_name":"Kjemikaliesikkerhet i naturfag og kjemi","article_modified_time":"2026-04-25T14:57:13+00:00","og_image":[{"width":1200,"height":630,"url":"https:\/\/chesse.org\/wp-content\/uploads\/2022\/06\/chesse-sharing.png","type":"image\/png"}],"twitter_card":"summary_large_image","schema":{"@context":"https:\/\/schema.org","@graph":[{"@type":"WebPage","@id":"https:\/\/chesse.org\/no\/lovgivning\/brann-og-eksplosjonsvern\/","url":"https:\/\/chesse.org\/no\/lovgivning\/brann-og-eksplosjonsvern\/","name":"Brann- og eksplosjonsvern &#8211; Kjemikaliesikkerhet i naturfag og kjemi","isPartOf":{"@id":"https:\/\/chesse.org\/no\/#website"},"primaryImageOfPage":{"@id":"https:\/\/chesse.org\/no\/lovgivning\/brann-og-eksplosjonsvern\/#primaryimage"},"image":{"@id":"https:\/\/chesse.org\/no\/lovgivning\/brann-og-eksplosjonsvern\/#primaryimage"},"thumbnailUrl":"https:\/\/chesse.org\/wp-content\/uploads\/chesse-alert.svg","datePublished":"2022-12-01T14:16:18+00:00","dateModified":"2026-04-25T14:57:13+00:00","description":"En innf\u00f8ring i lover og forskrifter for stoffer som kan for\u00e5rsake brann eller eksplosjon.","breadcrumb":{"@id":"https:\/\/chesse.org\/no\/lovgivning\/brann-og-eksplosjonsvern\/#breadcrumb"},"inLanguage":"nb-NO","potentialAction":[{"@type":"ReadAction","target":["https:\/\/chesse.org\/no\/lovgivning\/brann-og-eksplosjonsvern\/"]}]},{"@type":"ImageObject","inLanguage":"nb-NO","@id":"https:\/\/chesse.org\/no\/lovgivning\/brann-og-eksplosjonsvern\/#primaryimage","url":"https:\/\/chesse.org\/wp-content\/uploads\/chesse-alert.svg","contentUrl":"https:\/\/chesse.org\/wp-content\/uploads\/chesse-alert.svg"},{"@type":"BreadcrumbList","@id":"https:\/\/chesse.org\/no\/lovgivning\/brann-og-eksplosjonsvern\/#breadcrumb","itemListElement":[{"@type":"ListItem","position":1,"name":"Hjem","item":"https:\/\/chesse.org\/no\/"},{"@type":"ListItem","position":2,"name":"Lovgivning","item":"https:\/\/chesse.org\/no\/lovgivning\/"},{"@type":"ListItem","position":3,"name":"Brann- og eksplosjonsvern"}]},{"@type":"WebSite","@id":"https:\/\/chesse.org\/no\/#website","url":"https:\/\/chesse.org\/no\/","name":"Kjemikaliesikkerhet i naturfag og kjemi","description":"Kortfattet, oppdatert informasjon for naturfag- og kjemil\u00e6rere, skoleledere og l\u00e6rerutdannere.","publisher":{"@id":"https:\/\/chesse.org\/no\/#organization"},"potentialAction":[{"@type":"SearchAction","target":{"@type":"EntryPoint","urlTemplate":"https:\/\/chesse.org\/no\/?s={search_term_string}"},"query-input":{"@type":"PropertyValueSpecification","valueRequired":true,"valueName":"search_term_string"}}],"inLanguage":"nb-NO"},{"@type":"Organization","@id":"https:\/\/chesse.org\/no\/#organization","name":"Online resources for Chemical Safety in Science Education","url":"https:\/\/chesse.org\/no\/","logo":{"@type":"ImageObject","inLanguage":"nb-NO","@id":"https:\/\/chesse.org\/no\/#\/schema\/logo\/image\/","url":"https:\/\/chesse.org\/wp-content\/uploads\/2020\/10\/CheSSE_logo-01.svg","contentUrl":"https:\/\/chesse.org\/wp-content\/uploads\/2020\/10\/CheSSE_logo-01.svg","width":350,"height":100,"caption":"Online resources for Chemical Safety in Science Education"},"image":{"@id":"https:\/\/chesse.org\/no\/#\/schema\/logo\/image\/"}}]}},"_links":{"self":[{"href":"https:\/\/chesse.org\/no\/wp-json\/wp\/v2\/pages\/5147","targetHints":{"allow":["GET"]}}],"collection":[{"href":"https:\/\/chesse.org\/no\/wp-json\/wp\/v2\/pages"}],"about":[{"href":"https:\/\/chesse.org\/no\/wp-json\/wp\/v2\/types\/page"}],"author":[{"embeddable":true,"href":"https:\/\/chesse.org\/no\/wp-json\/wp\/v2\/users\/50"}],"replies":[{"embeddable":true,"href":"https:\/\/chesse.org\/no\/wp-json\/wp\/v2\/comments?post=5147"}],"version-history":[{"count":167,"href":"https:\/\/chesse.org\/no\/wp-json\/wp\/v2\/pages\/5147\/revisions"}],"predecessor-version":[{"id":16861,"href":"https:\/\/chesse.org\/no\/wp-json\/wp\/v2\/pages\/5147\/revisions\/16861"}],"up":[{"embeddable":true,"href":"https:\/\/chesse.org\/no\/wp-json\/wp\/v2\/pages\/4788"}],"wp:attachment":[{"href":"https:\/\/chesse.org\/no\/wp-json\/wp\/v2\/media?parent=5147"}],"curies":[{"name":"wp","href":"https:\/\/api.w.org\/{rel}","templated":true}]}}