{"id":9424,"date":"2022-10-05T18:27:40","date_gmt":"2022-10-05T16:27:40","guid":{"rendered":"https:\/\/chesse.org\/ansvarsforhold-rutiner-og-opplaering\/juridisk-ansvar\/"},"modified":"2025-03-03T23:29:16","modified_gmt":"2025-03-03T22:29:16","slug":"juridisk-ansvar","status":"publish","type":"page","link":"https:\/\/chesse.org\/no\/ansvarsforhold-rutiner-og-opplaering\/juridisk-ansvar\/","title":{"rendered":"Juridisk ansvar"},"content":{"rendered":"\t\t<div data-elementor-type=\"wp-page\" data-elementor-id=\"9424\" class=\"elementor elementor-9424 elementor-2086\" data-elementor-post-type=\"page\">\n\t\t\t\t\t\t<section class=\"elementor-section elementor-top-section elementor-element elementor-element-5448ac6 elementor-section-boxed elementor-section-height-default elementor-section-height-default\" data-id=\"5448ac6\" data-element_type=\"section\" data-e-type=\"section\">\n\t\t\t\t\t\t<div class=\"elementor-container elementor-column-gap-default\">\n\t\t\t\t\t<div class=\"elementor-column elementor-col-100 elementor-top-column elementor-element elementor-element-a9c8175\" data-id=\"a9c8175\" data-element_type=\"column\" data-e-type=\"column\">\n\t\t\t<div class=\"elementor-widget-wrap elementor-element-populated\">\n\t\t\t\t\t\t<div class=\"elementor-element elementor-element-8ff28ff standfirst elementor-widget elementor-widget-text-editor\" data-id=\"8ff28ff\" data-element_type=\"widget\" data-e-type=\"widget\" data-widget_type=\"text-editor.default\">\n\t\t\t\t<div class=\"elementor-widget-container\">\n\t\t\t\t\t\t\t\t\t<p>Arbeidsgiver har det juridiske ansvaret for sikkerheten til l\u00e6rere og elever i skolen, og at skolen f\u00f8lger lover og regler som gjelder kjemikaliesikkerhet.<\/p>\n\t\t\t\t\t\t\t\t<\/div>\n\t\t\t\t<\/div>\n\t\t\t\t<div class=\"elementor-element elementor-element-984e59e elementor-toc--content-ellipsis elementor-widget elementor-widget-global elementor-global-4830 elementor-global-3097 elementor-widget-table-of-contents\" data-id=\"984e59e\" data-element_type=\"widget\" data-e-type=\"widget\" data-settings=\"{&quot;headings_by_tags&quot;:[&quot;h2&quot;,&quot;h3&quot;],&quot;exclude_headings_by_selector&quot;:&quot;.noTOC&quot;,&quot;marker_view&quot;:&quot;bullets&quot;,&quot;icon&quot;:{&quot;value&quot;:&quot;fas fa-circle&quot;,&quot;library&quot;:&quot;fa-solid&quot;},&quot;no_headings_message&quot;:&quot;No headings were found on this page.&quot;,&quot;hierarchical_view&quot;:&quot;yes&quot;,&quot;min_height&quot;:{&quot;unit&quot;:&quot;px&quot;,&quot;size&quot;:&quot;&quot;,&quot;sizes&quot;:[]},&quot;min_height_tablet&quot;:{&quot;unit&quot;:&quot;px&quot;,&quot;size&quot;:&quot;&quot;,&quot;sizes&quot;:[]},&quot;min_height_mobile&quot;:{&quot;unit&quot;:&quot;px&quot;,&quot;size&quot;:&quot;&quot;,&quot;sizes&quot;:[]}}\" data-widget_type=\"table-of-contents.default\">\n\t\t\t\t<div class=\"elementor-widget-container\">\n\t\t\t\t\t\t\t\t\t<div class=\"elementor-toc__header\">\n\t\t\t\t\t\t<div class=\"elementor-toc__header-title\">\n\t\t\t\tInnhold\t\t\t<\/div>\n\t\t\t\t\t\t\t\t<\/div>\n\t\t\t\t<div id=\"elementor-toc__984e59e\" class=\"elementor-toc__body\">\n\t\t\t<div class=\"elementor-toc__spinner-container\">\n\t\t\t\t<i class=\"elementor-toc__spinner eicon-animation-spin eicon-loading\" aria-hidden=\"true\"><\/i>\t\t\t<\/div>\n\t\t<\/div>\n\t\t\t\t\t\t<\/div>\n\t\t\t\t<\/div>\n\t\t\t\t<div class=\"elementor-element elementor-element-e0bca9d elementor-widget elementor-widget-text-editor\" data-id=\"e0bca9d\" data-element_type=\"widget\" data-e-type=\"widget\" data-widget_type=\"text-editor.default\">\n\t\t\t\t<div class=\"elementor-widget-container\">\n\t\t\t\t\t\t\t\t\t<h2>Arbeidsgivers ansvar<\/h2>\n<p>P\u00e5 en skole er det rektor som representerer arbeidsgiver og dermed har ansvar for at regelverket blir fulgt. Dette ansvaret inneb\u00e6rer blant annet \u00e5 <\/p>\n<ul>\n<li>dokumentere at skolen har en systematisk tiln\u00e6rming til kjemikaliesikkerhet som oppfyller kravene i loven<\/li>\n<li>s\u00f8rge for at ansatte og elever har n\u00f8dvendig oppl\u00e6ring i kjemikaliesikkerhet<\/li>\n<li>sette av tilstrekkelig tid og andre ressurser til HMS-arbeid, inkludert kjemikaliesikkerhet<\/li>\n<\/ul>\n<p>Rektorer og andre med ansvar for skolens HMS-system m\u00e5 vite hva som kreves slik at skolen har rutiner som sikrer at lovp\u00e5lagte oppgaver blir fordelt og utf\u00f8rt, og at ansatte og elever f\u00e5r den oppl\u00e6ringen de trenger.  For skoleledere uten naturfaglig bakgrunn, kan rutiner og arbeidsoppgaver knyttet til kjemikaliesikkerhet i naturfag- og kjemiundervising v\u00e6re ukjent farvann.<\/p>\n<p>Selv om rektor er formelt ansvarlig for skolens HMS-arbeid, er ikke rektor p\u00e5lagt \u00e5 utf\u00f8re alt arbeidet selv. I stedet kan konkrete oppgaver delegeres til for eksempel en naturfag- eller kjemil\u00e6rer. Den som f\u00e5r disse oppgavene b\u00f8r ogs\u00e5 gis n\u00f8dvendig myndighet, ressurser (i form av tid og\/eller \u00f8konomisk godtgj\u00f8ring) og oppl\u00e6ring for \u00e5 utf\u00f8re oppgavene.<\/p>\n<h3>Delegering av oppgaver<\/h3>\n<p>En rekke av HMS-oppgavene som f\u00f8lger skolens ansvar for et kjemi- eller naturfagrom er ikke en del av l\u00e6rernes ordin\u00e6re pedagogiske arbeid. Det kan derfor v\u00e6re lurt at ledelsen ved skolen spesifiserer oppgavene som skal gj\u00f8res og delegerer disse skriftlig til for eksempel en samlingsstyrer eller seksjonsleder.<\/p>\n<p>Eksempler p\u00e5 oppgaver som kan delegeres:<\/p>\n<ul>\n<li>organisering av HMS-arbeidet i naturfagseksjonen<\/li>\n<li>forskriftsmessig merking og oppbevaring av kjemikalier<\/li>\n<li>jevnlig inspeksjon og vedlikehold av utstyr<\/li>\n<\/ul>\n<p>N\u00e5r en oppgave er delegert til en l\u00e6rer, er det rektors ansvar \u00e5 s\u00f8rge for at denne l\u00e6reren har de n\u00f8dvendige ressursene for \u00e5 utf\u00f8re arbeidet.<\/p>\n<ul>\n<li class=\"word\"><a href=\"https:\/\/chesse.org\/wp-content\/uploads\/NO_Contract-distribution-of-tasks.docx\">Mal: Kontrakt for delegerte HMS-oppgaver i naturfag-\/kjemiseksjonen (Word)<\/a><\/li>\n<li class=\"word\"><a href=\"https:\/\/chesse.org\/wp-content\/uploads\/NO_Overview-of-distributed-chemical-safety-tasks.docx\">Mal: \u200b\u200bOversikt over delegerte HMS-oppgaver (Word)<\/a><\/li>\n<\/ul>\n\t\t\t\t\t\t\t\t<\/div>\n\t\t\t\t<\/div>\n\t\t\t\t<div class=\"elementor-element elementor-element-1ef0ea5 elementor-widget elementor-widget-text-editor\" data-id=\"1ef0ea5\" data-element_type=\"widget\" data-e-type=\"widget\" data-widget_type=\"text-editor.default\">\n\t\t\t\t<div class=\"elementor-widget-container\">\n\t\t\t\t\t\t\t\t\t<h2>L\u00e6rere og elevers ansvar<\/h2>\n<p>For \u00e5 sikre et fullt forsvarlig og trygt arbeids- og l\u00e6ringsmilj\u00f8, har b\u00e5de l\u00e6rere og elever ansvar for \u00e5 f\u00f8lge skolens rutiner og retningslinjer. <\/p>\n<p>Dette inneb\u00e6rer \u00e5 ta ansvar for egen helse og sikkerhet gjennom \u00e5 bruke utstyr og farlige stoffer p\u00e5 en trygg og sikker m\u00e5te, og si fra til rektor om eventuelle mangler og farer.<\/p>\n\t\t\t\t\t\t\t\t<\/div>\n\t\t\t\t<\/div>\n\t\t\t\t<div class=\"elementor-element elementor-element-3c9b9e1 linkBox elementor-widget elementor-widget-text-editor\" data-id=\"3c9b9e1\" data-element_type=\"widget\" data-e-type=\"widget\" data-widget_type=\"text-editor.default\">\n\t\t\t\t<div class=\"elementor-widget-container\">\n\t\t\t\t\t\t\t\t\t<h2>Mer informasjon<\/h2>\n<p><a href=\"https:\/\/chesse.org\/no\/lovgivning\/\">Lovgivningen som regulerer bruk av kjemikalier i skolens naturfagundervisning<\/a><em><br \/><\/em><\/p>\n\t\t\t\t\t\t\t\t<\/div>\n\t\t\t\t<\/div>\n\t\t\t\t\t<\/div>\n\t\t<\/div>\n\t\t\t\t\t<\/div>\n\t\t<\/section>\n\t\t\t\t<\/div>\n\t\t","protected":false},"excerpt":{"rendered":"<p>Arbeidsgiver har det juridiske ansvaret for sikkerheten til l\u00e6rere og elever i skolen, og at skolen f\u00f8lger lover og regler som gjelder kjemikaliesikkerhet. Table of Contents Arbeidsgivers ansvar P\u00e5 en skole er det rektor som representerer arbeidsgiver og dermed har ansvar for at regelverket blir fulgt. Dette ansvaret inneb\u00e6rer blant annet \u00e5 dokumentere at skolen &hellip; <a href=\"https:\/\/chesse.org\/no\/ansvarsforhold-rutiner-og-opplaering\/juridisk-ansvar\/\" class=\"more-link\">Fortsett \u00e5 lese <span class=\"screen-reader-text\">Juridisk ansvar<\/span> <span class=\"meta-nav\">&rarr;<\/span><\/a><\/p>\n","protected":false},"author":43,"featured_media":0,"parent":9400,"menu_order":0,"comment_status":"closed","ping_status":"closed","template":"","meta":{"footnotes":""},"class_list":["post-9424","page","type-page","status-publish","hentry"],"yoast_head":"<!-- This site is optimized with the Yoast SEO plugin v27.5 - https:\/\/yoast.com\/product\/yoast-seo-wordpress\/ -->\n<title>Juridisk ansvar &#8211; Kjemikaliesikkerhet i naturfag og kjemi<\/title>\n<meta name=\"description\" content=\"Arbeidsgiver har det juridiske ansvaret for sikkerheten til l\u00e6rere og elever i skolen, og at skolen f\u00f8lger lover og regler som gjelder kjemikaliesikkerhet.\" \/>\n<meta name=\"robots\" content=\"index, follow, max-snippet:-1, max-image-preview:large, max-video-preview:-1\" \/>\n<link rel=\"canonical\" href=\"https:\/\/chesse.org\/no\/ansvarsforhold-rutiner-og-opplaering\/juridisk-ansvar\/\" \/>\n<meta property=\"og:locale\" content=\"nb_NO\" \/>\n<meta property=\"og:type\" content=\"article\" \/>\n<meta property=\"og:title\" content=\"Juridisk ansvar &#8211; Kjemikaliesikkerhet i naturfag og kjemi\" \/>\n<meta property=\"og:description\" content=\"Arbeidsgiver har det juridiske ansvaret for sikkerheten til l\u00e6rere og elever i skolen, og at skolen f\u00f8lger lover og regler som gjelder kjemikaliesikkerhet.\" \/>\n<meta property=\"og:url\" content=\"https:\/\/chesse.org\/no\/ansvarsforhold-rutiner-og-opplaering\/juridisk-ansvar\/\" \/>\n<meta property=\"og:site_name\" content=\"Kjemikaliesikkerhet i naturfag og kjemi\" \/>\n<meta property=\"article:modified_time\" content=\"2025-03-03T22:29:16+00:00\" \/>\n<meta property=\"og:image\" content=\"https:\/\/chesse.org\/wp-content\/uploads\/2022\/06\/chesse-sharing.png\" \/>\n\t<meta property=\"og:image:width\" content=\"1200\" \/>\n\t<meta property=\"og:image:height\" content=\"630\" \/>\n\t<meta property=\"og:image:type\" content=\"image\/png\" \/>\n<meta name=\"twitter:card\" content=\"summary_large_image\" \/>\n<script type=\"application\/ld+json\" class=\"yoast-schema-graph\">{\"@context\":\"https:\\\/\\\/schema.org\",\"@graph\":[{\"@type\":\"WebPage\",\"@id\":\"https:\\\/\\\/chesse.org\\\/no\\\/ansvarsforhold-rutiner-og-opplaering\\\/juridisk-ansvar\\\/\",\"url\":\"https:\\\/\\\/chesse.org\\\/no\\\/ansvarsforhold-rutiner-og-opplaering\\\/juridisk-ansvar\\\/\",\"name\":\"Juridisk ansvar &#8211; Kjemikaliesikkerhet i naturfag og kjemi\",\"isPartOf\":{\"@id\":\"https:\\\/\\\/chesse.org\\\/no\\\/#website\"},\"datePublished\":\"2022-10-05T16:27:40+00:00\",\"dateModified\":\"2025-03-03T22:29:16+00:00\",\"description\":\"Arbeidsgiver har det juridiske ansvaret for sikkerheten til l\u00e6rere og elever i skolen, og at skolen f\u00f8lger lover og regler som gjelder kjemikaliesikkerhet.\",\"breadcrumb\":{\"@id\":\"https:\\\/\\\/chesse.org\\\/no\\\/ansvarsforhold-rutiner-og-opplaering\\\/juridisk-ansvar\\\/#breadcrumb\"},\"inLanguage\":\"nb-NO\",\"potentialAction\":[{\"@type\":\"ReadAction\",\"target\":[\"https:\\\/\\\/chesse.org\\\/no\\\/ansvarsforhold-rutiner-og-opplaering\\\/juridisk-ansvar\\\/\"]}]},{\"@type\":\"BreadcrumbList\",\"@id\":\"https:\\\/\\\/chesse.org\\\/no\\\/ansvarsforhold-rutiner-og-opplaering\\\/juridisk-ansvar\\\/#breadcrumb\",\"itemListElement\":[{\"@type\":\"ListItem\",\"position\":1,\"name\":\"Hjem\",\"item\":\"https:\\\/\\\/chesse.org\\\/no\\\/\"},{\"@type\":\"ListItem\",\"position\":2,\"name\":\"Ansvarsforhold, rutiner og oppl\u00e6ring\",\"item\":\"https:\\\/\\\/chesse.org\\\/no\\\/ansvarsforhold-rutiner-og-opplaering\\\/\"},{\"@type\":\"ListItem\",\"position\":3,\"name\":\"Juridisk ansvar\"}]},{\"@type\":\"WebSite\",\"@id\":\"https:\\\/\\\/chesse.org\\\/no\\\/#website\",\"url\":\"https:\\\/\\\/chesse.org\\\/no\\\/\",\"name\":\"Kjemikaliesikkerhet i naturfag og kjemi\",\"description\":\"Kortfattet, oppdatert informasjon for naturfag- og kjemil\u00e6rere, skoleledere og l\u00e6rerutdannere.\",\"publisher\":{\"@id\":\"https:\\\/\\\/chesse.org\\\/no\\\/#organization\"},\"potentialAction\":[{\"@type\":\"SearchAction\",\"target\":{\"@type\":\"EntryPoint\",\"urlTemplate\":\"https:\\\/\\\/chesse.org\\\/no\\\/?s={search_term_string}\"},\"query-input\":{\"@type\":\"PropertyValueSpecification\",\"valueRequired\":true,\"valueName\":\"search_term_string\"}}],\"inLanguage\":\"nb-NO\"},{\"@type\":\"Organization\",\"@id\":\"https:\\\/\\\/chesse.org\\\/no\\\/#organization\",\"name\":\"Online resources for Chemical Safety in Science Education\",\"url\":\"https:\\\/\\\/chesse.org\\\/no\\\/\",\"logo\":{\"@type\":\"ImageObject\",\"inLanguage\":\"nb-NO\",\"@id\":\"https:\\\/\\\/chesse.org\\\/no\\\/#\\\/schema\\\/logo\\\/image\\\/\",\"url\":\"https:\\\/\\\/chesse.org\\\/wp-content\\\/uploads\\\/2020\\\/10\\\/CheSSE_logo-01.svg\",\"contentUrl\":\"https:\\\/\\\/chesse.org\\\/wp-content\\\/uploads\\\/2020\\\/10\\\/CheSSE_logo-01.svg\",\"width\":350,\"height\":100,\"caption\":\"Online resources for Chemical Safety in Science Education\"},\"image\":{\"@id\":\"https:\\\/\\\/chesse.org\\\/no\\\/#\\\/schema\\\/logo\\\/image\\\/\"}}]}<\/script>\n<!-- \/ Yoast SEO plugin. -->","yoast_head_json":{"title":"Juridisk ansvar &#8211; Kjemikaliesikkerhet i naturfag og kjemi","description":"Arbeidsgiver har det juridiske ansvaret for sikkerheten til l\u00e6rere og elever i skolen, og at skolen f\u00f8lger lover og regler som gjelder kjemikaliesikkerhet.","robots":{"index":"index","follow":"follow","max-snippet":"max-snippet:-1","max-image-preview":"max-image-preview:large","max-video-preview":"max-video-preview:-1"},"canonical":"https:\/\/chesse.org\/no\/ansvarsforhold-rutiner-og-opplaering\/juridisk-ansvar\/","og_locale":"nb_NO","og_type":"article","og_title":"Juridisk ansvar &#8211; Kjemikaliesikkerhet i naturfag og kjemi","og_description":"Arbeidsgiver har det juridiske ansvaret for sikkerheten til l\u00e6rere og elever i skolen, og at skolen f\u00f8lger lover og regler som gjelder kjemikaliesikkerhet.","og_url":"https:\/\/chesse.org\/no\/ansvarsforhold-rutiner-og-opplaering\/juridisk-ansvar\/","og_site_name":"Kjemikaliesikkerhet i naturfag og kjemi","article_modified_time":"2025-03-03T22:29:16+00:00","og_image":[{"width":1200,"height":630,"url":"https:\/\/chesse.org\/wp-content\/uploads\/2022\/06\/chesse-sharing.png","type":"image\/png"}],"twitter_card":"summary_large_image","schema":{"@context":"https:\/\/schema.org","@graph":[{"@type":"WebPage","@id":"https:\/\/chesse.org\/no\/ansvarsforhold-rutiner-og-opplaering\/juridisk-ansvar\/","url":"https:\/\/chesse.org\/no\/ansvarsforhold-rutiner-og-opplaering\/juridisk-ansvar\/","name":"Juridisk ansvar &#8211; Kjemikaliesikkerhet i naturfag og kjemi","isPartOf":{"@id":"https:\/\/chesse.org\/no\/#website"},"datePublished":"2022-10-05T16:27:40+00:00","dateModified":"2025-03-03T22:29:16+00:00","description":"Arbeidsgiver har det juridiske ansvaret for sikkerheten til l\u00e6rere og elever i skolen, og at skolen f\u00f8lger lover og regler som gjelder kjemikaliesikkerhet.","breadcrumb":{"@id":"https:\/\/chesse.org\/no\/ansvarsforhold-rutiner-og-opplaering\/juridisk-ansvar\/#breadcrumb"},"inLanguage":"nb-NO","potentialAction":[{"@type":"ReadAction","target":["https:\/\/chesse.org\/no\/ansvarsforhold-rutiner-og-opplaering\/juridisk-ansvar\/"]}]},{"@type":"BreadcrumbList","@id":"https:\/\/chesse.org\/no\/ansvarsforhold-rutiner-og-opplaering\/juridisk-ansvar\/#breadcrumb","itemListElement":[{"@type":"ListItem","position":1,"name":"Hjem","item":"https:\/\/chesse.org\/no\/"},{"@type":"ListItem","position":2,"name":"Ansvarsforhold, rutiner og oppl\u00e6ring","item":"https:\/\/chesse.org\/no\/ansvarsforhold-rutiner-og-opplaering\/"},{"@type":"ListItem","position":3,"name":"Juridisk ansvar"}]},{"@type":"WebSite","@id":"https:\/\/chesse.org\/no\/#website","url":"https:\/\/chesse.org\/no\/","name":"Kjemikaliesikkerhet i naturfag og kjemi","description":"Kortfattet, oppdatert informasjon for naturfag- og kjemil\u00e6rere, skoleledere og l\u00e6rerutdannere.","publisher":{"@id":"https:\/\/chesse.org\/no\/#organization"},"potentialAction":[{"@type":"SearchAction","target":{"@type":"EntryPoint","urlTemplate":"https:\/\/chesse.org\/no\/?s={search_term_string}"},"query-input":{"@type":"PropertyValueSpecification","valueRequired":true,"valueName":"search_term_string"}}],"inLanguage":"nb-NO"},{"@type":"Organization","@id":"https:\/\/chesse.org\/no\/#organization","name":"Online resources for Chemical Safety in Science Education","url":"https:\/\/chesse.org\/no\/","logo":{"@type":"ImageObject","inLanguage":"nb-NO","@id":"https:\/\/chesse.org\/no\/#\/schema\/logo\/image\/","url":"https:\/\/chesse.org\/wp-content\/uploads\/2020\/10\/CheSSE_logo-01.svg","contentUrl":"https:\/\/chesse.org\/wp-content\/uploads\/2020\/10\/CheSSE_logo-01.svg","width":350,"height":100,"caption":"Online resources for Chemical Safety in Science Education"},"image":{"@id":"https:\/\/chesse.org\/no\/#\/schema\/logo\/image\/"}}]}},"_links":{"self":[{"href":"https:\/\/chesse.org\/no\/wp-json\/wp\/v2\/pages\/9424","targetHints":{"allow":["GET"]}}],"collection":[{"href":"https:\/\/chesse.org\/no\/wp-json\/wp\/v2\/pages"}],"about":[{"href":"https:\/\/chesse.org\/no\/wp-json\/wp\/v2\/types\/page"}],"author":[{"embeddable":true,"href":"https:\/\/chesse.org\/no\/wp-json\/wp\/v2\/users\/43"}],"replies":[{"embeddable":true,"href":"https:\/\/chesse.org\/no\/wp-json\/wp\/v2\/comments?post=9424"}],"version-history":[{"count":32,"href":"https:\/\/chesse.org\/no\/wp-json\/wp\/v2\/pages\/9424\/revisions"}],"predecessor-version":[{"id":15591,"href":"https:\/\/chesse.org\/no\/wp-json\/wp\/v2\/pages\/9424\/revisions\/15591"}],"up":[{"embeddable":true,"href":"https:\/\/chesse.org\/no\/wp-json\/wp\/v2\/pages\/9400"}],"wp:attachment":[{"href":"https:\/\/chesse.org\/no\/wp-json\/wp\/v2\/media?parent=9424"}],"curies":[{"name":"wp","href":"https:\/\/api.w.org\/{rel}","templated":true}]}}