{"id":9441,"date":"2022-10-31T17:04:11","date_gmt":"2022-10-31T16:04:11","guid":{"rendered":"https:\/\/chesse.org\/ansvarsforhold-rutiner-og-opplaering\/opplaering-i-kjemikaliesikkerhet\/"},"modified":"2022-11-18T11:02:40","modified_gmt":"2022-11-18T10:02:40","slug":"opplaering-i-kjemikaliesikkerhet","status":"publish","type":"page","link":"https:\/\/chesse.org\/no\/ansvarsforhold-rutiner-og-opplaering\/opplaering-i-kjemikaliesikkerhet\/","title":{"rendered":"Oppl\u00e6ring i kjemikaliesikkerhet"},"content":{"rendered":"\t\t<div data-elementor-type=\"wp-page\" data-elementor-id=\"9441\" class=\"elementor elementor-9441 elementor-457\" data-elementor-post-type=\"page\">\n\t\t\t\t\t\t<section class=\"elementor-section elementor-top-section elementor-element elementor-element-0c971fc elementor-section-boxed elementor-section-height-default elementor-section-height-default\" data-id=\"0c971fc\" data-element_type=\"section\" data-e-type=\"section\">\n\t\t\t\t\t\t<div class=\"elementor-container elementor-column-gap-default\">\n\t\t\t\t\t<div class=\"elementor-column elementor-col-100 elementor-top-column elementor-element elementor-element-a620df9\" data-id=\"a620df9\" data-element_type=\"column\" data-e-type=\"column\">\n\t\t\t<div class=\"elementor-widget-wrap elementor-element-populated\">\n\t\t\t\t\t\t<div class=\"elementor-element elementor-element-776151b standfirst elementor-widget elementor-widget-text-editor\" data-id=\"776151b\" data-element_type=\"widget\" data-e-type=\"widget\" data-widget_type=\"text-editor.default\">\n\t\t\t\t<div class=\"elementor-widget-container\">\n\t\t\t\t\t\t\t\t\t<p>Det er lovp\u00e5lagt at l\u00e6rere og elever som jobber med farlige kjemikalier har tilstrekkelig oppl\u00e6ring til \u00e5 kunne jobbe forsvarlig med slike stoffer. <\/p>\n\t\t\t\t\t\t\t\t<\/div>\n\t\t\t\t<\/div>\n\t\t\t\t<div class=\"elementor-element elementor-element-9eb004b elementor-toc--content-ellipsis elementor-widget elementor-widget-global elementor-global-4830 elementor-global-3097 elementor-widget-table-of-contents\" data-id=\"9eb004b\" data-element_type=\"widget\" data-e-type=\"widget\" data-settings=\"{&quot;headings_by_tags&quot;:[&quot;h2&quot;,&quot;h3&quot;],&quot;exclude_headings_by_selector&quot;:&quot;.noTOC&quot;,&quot;marker_view&quot;:&quot;bullets&quot;,&quot;icon&quot;:{&quot;value&quot;:&quot;fas fa-circle&quot;,&quot;library&quot;:&quot;fa-solid&quot;},&quot;no_headings_message&quot;:&quot;No headings were found on this page.&quot;,&quot;hierarchical_view&quot;:&quot;yes&quot;,&quot;min_height&quot;:{&quot;unit&quot;:&quot;px&quot;,&quot;size&quot;:&quot;&quot;,&quot;sizes&quot;:[]},&quot;min_height_tablet&quot;:{&quot;unit&quot;:&quot;px&quot;,&quot;size&quot;:&quot;&quot;,&quot;sizes&quot;:[]},&quot;min_height_mobile&quot;:{&quot;unit&quot;:&quot;px&quot;,&quot;size&quot;:&quot;&quot;,&quot;sizes&quot;:[]}}\" data-widget_type=\"table-of-contents.default\">\n\t\t\t\t<div class=\"elementor-widget-container\">\n\t\t\t\t\t\t\t\t\t<div class=\"elementor-toc__header\">\n\t\t\t\t\t\t<div class=\"elementor-toc__header-title\">\n\t\t\t\tInnhold\t\t\t<\/div>\n\t\t\t\t\t\t\t\t<\/div>\n\t\t\t\t<div id=\"elementor-toc__9eb004b\" class=\"elementor-toc__body\">\n\t\t\t<div class=\"elementor-toc__spinner-container\">\n\t\t\t\t<i class=\"elementor-toc__spinner eicon-animation-spin eicon-loading\" aria-hidden=\"true\"><\/i>\t\t\t<\/div>\n\t\t<\/div>\n\t\t\t\t\t\t<\/div>\n\t\t\t\t<\/div>\n\t\t\t\t<div class=\"elementor-element elementor-element-0be279b elementor-widget elementor-widget-text-editor\" data-id=\"0be279b\" data-element_type=\"widget\" data-e-type=\"widget\" data-widget_type=\"text-editor.default\">\n\t\t\t\t<div class=\"elementor-widget-container\">\n\t\t\t\t\t\t\t\t\t<h2>Oppl\u00e6ring av l\u00e6rere<\/h2><p>L\u00e6rere som h\u00e5ndterer kjemikalier m\u00e5:<\/p><ul><li>ha kunnskap og praktiske ferdigheter slik at de kan arbeide p\u00e5 en trygg m\u00e5te, og l\u00e6re elevene \u00e5 gj\u00f8re det samme<\/li><li>kunne gj\u00f8re risikovurderinger av praktisk arbeid, h\u00e5ndtere farlig avfall og merke og lagre kjemikalier slik lovverket krever<\/li><\/ul><p>Mange l\u00e6rere har oppl\u00e6ring i \u00e5 jobbe med farlige kjemikalier som en del av sin egen utdanning. Oppl\u00e6ring i hva det inneb\u00e6rer \u00e5 ha ansvar for kjemikalier p\u00e5 et naturfag- eller kjemirom er mindre vanlig. B\u00e5de l\u00e6rere som underviser i naturfag eller kjemi, og l\u00e6rere som har ansvar for skolens naturfag- eller kjemirom trenger oppl\u00e6ring i forsvarlig h\u00e5ndtering av farlige kjemikalier.<\/p><h3>Ansvar for oppl\u00e6ring i kjemikaliesikkerhet<\/h3><p>Som arbeidsgiver skal skolen s\u00f8rge for at l\u00e6rere og elever f\u00e5r tilstrekkelig oppl\u00e6ring i arbeid med farlige kjemikalier til \u00e5 jobbe forsvarlig, og at de f\u00e5r n\u00f8dvendig informasjon om farer ved bruk av kjemikaliene. Videre skal arbeidsgiveren s\u00f8rge for at personer som har oppgaver knyttet til kjemikaliesikkerhet \u2013 for eksempel forberedelser til og gjennomf\u00f8ring av praktisk arbeid i undervisningen \u2013 har tilstrekkelig oppl\u00e6ring og ressurser til \u00e5 arbeide trygt og forsvarlig. Det er viktig at l\u00e6rere og rektor kommuniserer om det er behov for slik oppl\u00e6ring.<\/p><p>Det er flere m\u00e5ter \u00e5 gi oppl\u00e6ring i kjemikaliesikkerhet p\u00e5. I noen land tilbyr fagforeninger eller private eller offentlige virksomheter kurs. Andre steder m\u00e5 oppl\u00e6ringen skje lokalt. P\u00e5 chesse.org finner du ressurser som kan brukes i kjemikaliesikkerhetsoppl\u00e6ring for l\u00e6rere som underviser i naturfag og kjemi og l\u00e6rere som har ansvar for kjemikaliesikkerhet p\u00e5 en skole.<\/p><h3>Innf\u00f8ring i kjemikaliesikkerhetsarbeid for l\u00e6rere<\/h3><p>Alle naturfag- og kjemil\u00e6rere b\u00f8r ha en grunnleggende forst\u00e5else av problemstillinger knyttet til kjemikaliesikkerhet. De b\u00f8r ogs\u00e5 v\u00e6re kjent med kjemikaliesikkerhetsrutinene p\u00e5 sin skole.<\/p>\t\t\t\t\t\t\t\t<\/div>\n\t\t\t\t<\/div>\n\t\t\t\t<div class=\"elementor-element elementor-element-e1f7435 elementor-widget elementor-widget-toggle\" data-id=\"e1f7435\" data-element_type=\"widget\" data-e-type=\"widget\" data-widget_type=\"toggle.default\">\n\t\t\t\t<div class=\"elementor-widget-container\">\n\t\t\t\t\t\t\t<div class=\"elementor-toggle\">\n\t\t\t\t\t\t\t<div class=\"elementor-toggle-item\">\n\t\t\t\t\t<div id=\"elementor-tab-title-2361\" class=\"elementor-tab-title\" data-tab=\"1\" role=\"button\" aria-controls=\"elementor-tab-content-2361\" aria-expanded=\"false\">\n\t\t\t\t\t\t\t\t\t\t\t\t<span class=\"elementor-toggle-icon elementor-toggle-icon-left\" aria-hidden=\"true\">\n\t\t\t\t\t\t\t\t\t\t\t\t\t\t\t<span class=\"elementor-toggle-icon-closed\"><i class=\"fas fa-caret-right\"><\/i><\/span>\n\t\t\t\t\t\t\t\t<span class=\"elementor-toggle-icon-opened\"><i class=\"elementor-toggle-icon-opened fas fa-caret-down\"><\/i><\/span>\n\t\t\t\t\t\t\t\t\t\t\t\t\t<\/span>\n\t\t\t\t\t\t\t\t\t\t\t\t<a class=\"elementor-toggle-title\" tabindex=\"0\">Eksempel p\u00e5 hva et innf\u00f8ringskurs i kjemikaliesikkerhet b\u00f8r innholde<\/a>\n\t\t\t\t\t<\/div>\n\n\t\t\t\t\t<div id=\"elementor-tab-content-2361\" class=\"elementor-tab-content elementor-clearfix\" data-tab=\"1\" role=\"region\" aria-labelledby=\"elementor-tab-title-2361\"><ol><li>Lovverk \u2013 n\u00f8dvendig og anbefalt praksis<\/li><li>Ansvarssp\u00f8rsm\u00e5l<\/li><li>Sikkerhetsdatablader<\/li><li>Risikovurdering<\/li><li>Oppbevaring og merking av kjemikalier<\/li><li>Lage egne l\u00f8sninger og fareetiketter<\/li><li>H\u00e5ndtering av farlig avfall<\/li><li>L\u00e6rerens ansvar p\u00e5 naturfag- og kjemirommene<\/li><li>Skolens rutiner<\/li><\/ol><\/div>\n\t\t\t\t<\/div>\n\t\t\t\t\t\t\t\t<\/div>\n\t\t\t\t\t\t<\/div>\n\t\t\t\t<\/div>\n\t\t\t\t<div class=\"elementor-element elementor-element-96c13cf elementor-widget elementor-widget-text-editor\" data-id=\"96c13cf\" data-element_type=\"widget\" data-e-type=\"widget\" data-widget_type=\"text-editor.default\">\n\t\t\t\t<div class=\"elementor-widget-container\">\n\t\t\t\t\t\t\t\t\t<h3>Spesifikk oppl\u00e6ring for spesielle oppgaver<\/h3>\n<p>Dersom en l\u00e6rer f\u00e5r delegert en kjemikaliesikkerhetsoppgave, m\u00e5 denne l\u00e6reren f\u00e5 oppl\u00e6ring slik at oppgaven kan utf\u00f8res p\u00e5 en forsvarlig m\u00e5te. Et eksempel p\u00e5 en slik oppgave er oppdatering av skolens stoffkartotek. Oppl\u00e6ringen kan gis av den som har hatt oppgaven tidligere, p\u00e5 kurs eller ved selvstudium. Uavhengig av hvordan oppl\u00e6ringen foreg\u00e5r, er det viktig \u00e5 sette av nok tid til oppl\u00e6ringen og til \u00e5 utf\u00f8re oppgaven.<\/p>\n<p>Det kan v\u00e6re hensiktsmessig at en eller flere personer p\u00e5 skolen f\u00e5r omfattende oppl\u00e6ring i kjemikaliesikkerhet og dermed kan v\u00e6re en ressurs i kjemikaliesikkerhetssp\u00f8rsm\u00e5l.<\/p>\n<h3>Oppf\u00f8lging etter kursing<\/h3>\n<p>For \u00e5 opprettholde og utvikle l\u00e6reres kjemikaliesikkerhetskompetanse b\u00f8r skolen ha som m\u00e5l \u00e5 ha en kultur for kjemikaliesikkerhet. Det kan for eksempel inneb\u00e6re at det regelmessig settes av tid i fellestid til \u00e5 diskutere og jobbe med problemstillinger knyttet til forsvarlig arbeid p\u00e5 laboratoriet.<\/p>\n\t\t\t\t\t\t\t\t<\/div>\n\t\t\t\t<\/div>\n\t\t\t\t<div class=\"elementor-element elementor-element-9a8fe71 elementor-widget elementor-widget-text-editor\" data-id=\"9a8fe71\" data-element_type=\"widget\" data-e-type=\"widget\" data-widget_type=\"text-editor.default\">\n\t\t\t\t<div class=\"elementor-widget-container\">\n\t\t\t\t\t\t\t\t\t<h2>Oppl\u00e6ring av elever<\/h2><p>Vi anbefaler at alle elever f\u00e5r et innf\u00f8ringskurs i grunnleggende laboratoriesikkerhet i begynnelsen av hvert skole\u00e5r. Dette inneb\u00e6rer for eksempel \u00e5 l\u00e6re reglene som gjelder for arbeid p\u00e5 naturfag- eller kjemirommet og hvordan man leser og tolker farepiktogrammer. Kurset b\u00f8r tilpasses elevenes alder, behov og aktivitetene de skal gj\u00f8re.<\/p><p>For \u00e5 sikre korrekt h\u00e5ndtering av utstyr og for \u00e5 minimere risikoen for ulykker, b\u00f8r elevene l\u00e6res opp i praktiske ferdigheter som for eksempel riktig bruk av gassbrenner, hvordan st\u00f8tkoking kan unng\u00e5s og korrekt pipetteringsteknikk. Et diplom eller et merke kan fungere som dokumentasjon p\u00e5 gjennomf\u00f8rt oppl\u00e6ring.<\/p><ul><li class=\"word\"><a href=\"https:\/\/chesse.org\/wp-content\/uploads\/NO_Routines-for-HSE-training-of-students.docx\">Mal: \u200b\u200bRutiner for HMS-oppl\u00e6ring av naturfag- og kjemielever (Word)<\/a><\/li><li class=\"word\"><a href=\"https:\/\/chesse.org\/wp-content\/uploads\/NO_Safety-rules-short-version.docx\">Eksempel: Sikkerhetsregler for naturfagrommet (Word)<\/a><\/li><li class=\"word\"><a href=\"https:\/\/chesse.org\/wp-content\/uploads\/NO_Safety-rules-for-the-chemistry-laboratory.docx\">Eksempel: Sikkerhetsregler for kjemirommet (Word)<\/a><\/li><li class=\"word\"><a href=\"https:\/\/chesse.org\/wp-content\/uploads\/NO_Gas-burner-instructions.docx\">Mal: \u200b\u200bInstruksjon for bruk av gassbrenner (Word)<\/a><\/li><li class=\"powerpoint\"><a href=\"https:\/\/chesse.org\/wp-content\/uploads\/NO_Template-gas-burner-certificate.pptx\">Mal: \u200b\u200bGassbrennerdiplom (PowerPoint)<\/a><\/li><\/ul>\t\t\t\t\t\t\t\t<\/div>\n\t\t\t\t<\/div>\n\t\t\t\t\t<\/div>\n\t\t<\/div>\n\t\t\t\t\t<\/div>\n\t\t<\/section>\n\t\t\t\t<\/div>\n\t\t","protected":false},"excerpt":{"rendered":"<p>Det er lovp\u00e5lagt at l\u00e6rere og elever som jobber med farlige kjemikalier har tilstrekkelig oppl\u00e6ring til \u00e5 kunne jobbe forsvarlig med slike stoffer. Innhold Oppl\u00e6ring av l\u00e6rere L\u00e6rere som h\u00e5ndterer kjemikalier m\u00e5: ha kunnskap og praktiske ferdigheter slik at de kan arbeide p\u00e5 en trygg m\u00e5te, og l\u00e6re elevene \u00e5 gj\u00f8re det samme kunne gj\u00f8re &hellip; <a href=\"https:\/\/chesse.org\/no\/ansvarsforhold-rutiner-og-opplaering\/opplaering-i-kjemikaliesikkerhet\/\" class=\"more-link\">Fortsett \u00e5 lese <span class=\"screen-reader-text\">Oppl\u00e6ring i kjemikaliesikkerhet<\/span> <span class=\"meta-nav\">&rarr;<\/span><\/a><\/p>\n","protected":false},"author":50,"featured_media":0,"parent":9400,"menu_order":2,"comment_status":"closed","ping_status":"closed","template":"","meta":{"footnotes":""},"class_list":["post-9441","page","type-page","status-publish","hentry"],"yoast_head":"<!-- This site is optimized with the Yoast SEO plugin v27.5 - https:\/\/yoast.com\/product\/yoast-seo-wordpress\/ -->\n<title>Oppl\u00e6ring i kjemikaliesikkerhet &#8211; Kjemikaliesikkerhet i naturfag og kjemi<\/title>\n<meta name=\"description\" content=\"Det er lovp\u00e5lagt at l\u00e6rere og elever som jobber med farlige kjemikalier har tilstrekkelig oppl\u00e6ring til \u00e5 kunne jobbe forsvarlig med slike stoffer.\" \/>\n<meta name=\"robots\" content=\"index, follow, max-snippet:-1, max-image-preview:large, max-video-preview:-1\" \/>\n<link rel=\"canonical\" href=\"https:\/\/chesse.org\/no\/ansvarsforhold-rutiner-og-opplaering\/opplaering-i-kjemikaliesikkerhet\/\" \/>\n<meta property=\"og:locale\" content=\"nb_NO\" \/>\n<meta property=\"og:type\" content=\"article\" \/>\n<meta property=\"og:title\" content=\"Oppl\u00e6ring i kjemikaliesikkerhet &#8211; Kjemikaliesikkerhet i naturfag og kjemi\" \/>\n<meta property=\"og:description\" content=\"Det er lovp\u00e5lagt at l\u00e6rere og elever som jobber med farlige kjemikalier har tilstrekkelig oppl\u00e6ring til \u00e5 kunne jobbe forsvarlig med slike stoffer.\" \/>\n<meta property=\"og:url\" content=\"https:\/\/chesse.org\/no\/ansvarsforhold-rutiner-og-opplaering\/opplaering-i-kjemikaliesikkerhet\/\" \/>\n<meta property=\"og:site_name\" content=\"Kjemikaliesikkerhet i naturfag og kjemi\" \/>\n<meta property=\"article:modified_time\" content=\"2022-11-18T10:02:40+00:00\" \/>\n<meta property=\"og:image\" content=\"https:\/\/chesse.org\/wp-content\/uploads\/2022\/06\/chesse-sharing.png\" \/>\n\t<meta property=\"og:image:width\" content=\"1200\" \/>\n\t<meta property=\"og:image:height\" content=\"630\" \/>\n\t<meta property=\"og:image:type\" content=\"image\/png\" \/>\n<meta name=\"twitter:card\" content=\"summary_large_image\" \/>\n<script type=\"application\/ld+json\" class=\"yoast-schema-graph\">{\"@context\":\"https:\\\/\\\/schema.org\",\"@graph\":[{\"@type\":\"WebPage\",\"@id\":\"https:\\\/\\\/chesse.org\\\/no\\\/ansvarsforhold-rutiner-og-opplaering\\\/opplaering-i-kjemikaliesikkerhet\\\/\",\"url\":\"https:\\\/\\\/chesse.org\\\/no\\\/ansvarsforhold-rutiner-og-opplaering\\\/opplaering-i-kjemikaliesikkerhet\\\/\",\"name\":\"Oppl\u00e6ring i kjemikaliesikkerhet &#8211; Kjemikaliesikkerhet i naturfag og kjemi\",\"isPartOf\":{\"@id\":\"https:\\\/\\\/chesse.org\\\/no\\\/#website\"},\"datePublished\":\"2022-10-31T16:04:11+00:00\",\"dateModified\":\"2022-11-18T10:02:40+00:00\",\"description\":\"Det er lovp\u00e5lagt at l\u00e6rere og elever som jobber med farlige kjemikalier har tilstrekkelig oppl\u00e6ring til \u00e5 kunne jobbe forsvarlig med slike stoffer.\",\"breadcrumb\":{\"@id\":\"https:\\\/\\\/chesse.org\\\/no\\\/ansvarsforhold-rutiner-og-opplaering\\\/opplaering-i-kjemikaliesikkerhet\\\/#breadcrumb\"},\"inLanguage\":\"nb-NO\",\"potentialAction\":[{\"@type\":\"ReadAction\",\"target\":[\"https:\\\/\\\/chesse.org\\\/no\\\/ansvarsforhold-rutiner-og-opplaering\\\/opplaering-i-kjemikaliesikkerhet\\\/\"]}]},{\"@type\":\"BreadcrumbList\",\"@id\":\"https:\\\/\\\/chesse.org\\\/no\\\/ansvarsforhold-rutiner-og-opplaering\\\/opplaering-i-kjemikaliesikkerhet\\\/#breadcrumb\",\"itemListElement\":[{\"@type\":\"ListItem\",\"position\":1,\"name\":\"Hjem\",\"item\":\"https:\\\/\\\/chesse.org\\\/no\\\/\"},{\"@type\":\"ListItem\",\"position\":2,\"name\":\"Ansvarsforhold, rutiner og oppl\u00e6ring\",\"item\":\"https:\\\/\\\/chesse.org\\\/no\\\/ansvarsforhold-rutiner-og-opplaering\\\/\"},{\"@type\":\"ListItem\",\"position\":3,\"name\":\"Oppl\u00e6ring i kjemikaliesikkerhet\"}]},{\"@type\":\"WebSite\",\"@id\":\"https:\\\/\\\/chesse.org\\\/no\\\/#website\",\"url\":\"https:\\\/\\\/chesse.org\\\/no\\\/\",\"name\":\"Kjemikaliesikkerhet i naturfag og kjemi\",\"description\":\"Kortfattet, oppdatert informasjon for naturfag- og kjemil\u00e6rere, skoleledere og l\u00e6rerutdannere.\",\"publisher\":{\"@id\":\"https:\\\/\\\/chesse.org\\\/no\\\/#organization\"},\"potentialAction\":[{\"@type\":\"SearchAction\",\"target\":{\"@type\":\"EntryPoint\",\"urlTemplate\":\"https:\\\/\\\/chesse.org\\\/no\\\/?s={search_term_string}\"},\"query-input\":{\"@type\":\"PropertyValueSpecification\",\"valueRequired\":true,\"valueName\":\"search_term_string\"}}],\"inLanguage\":\"nb-NO\"},{\"@type\":\"Organization\",\"@id\":\"https:\\\/\\\/chesse.org\\\/no\\\/#organization\",\"name\":\"Online resources for Chemical Safety in Science Education\",\"url\":\"https:\\\/\\\/chesse.org\\\/no\\\/\",\"logo\":{\"@type\":\"ImageObject\",\"inLanguage\":\"nb-NO\",\"@id\":\"https:\\\/\\\/chesse.org\\\/no\\\/#\\\/schema\\\/logo\\\/image\\\/\",\"url\":\"https:\\\/\\\/chesse.org\\\/wp-content\\\/uploads\\\/2020\\\/10\\\/CheSSE_logo-01.svg\",\"contentUrl\":\"https:\\\/\\\/chesse.org\\\/wp-content\\\/uploads\\\/2020\\\/10\\\/CheSSE_logo-01.svg\",\"width\":350,\"height\":100,\"caption\":\"Online resources for Chemical Safety in Science Education\"},\"image\":{\"@id\":\"https:\\\/\\\/chesse.org\\\/no\\\/#\\\/schema\\\/logo\\\/image\\\/\"}}]}<\/script>\n<!-- \/ Yoast SEO plugin. -->","yoast_head_json":{"title":"Oppl\u00e6ring i kjemikaliesikkerhet &#8211; Kjemikaliesikkerhet i naturfag og kjemi","description":"Det er lovp\u00e5lagt at l\u00e6rere og elever som jobber med farlige kjemikalier har tilstrekkelig oppl\u00e6ring til \u00e5 kunne jobbe forsvarlig med slike stoffer.","robots":{"index":"index","follow":"follow","max-snippet":"max-snippet:-1","max-image-preview":"max-image-preview:large","max-video-preview":"max-video-preview:-1"},"canonical":"https:\/\/chesse.org\/no\/ansvarsforhold-rutiner-og-opplaering\/opplaering-i-kjemikaliesikkerhet\/","og_locale":"nb_NO","og_type":"article","og_title":"Oppl\u00e6ring i kjemikaliesikkerhet &#8211; Kjemikaliesikkerhet i naturfag og kjemi","og_description":"Det er lovp\u00e5lagt at l\u00e6rere og elever som jobber med farlige kjemikalier har tilstrekkelig oppl\u00e6ring til \u00e5 kunne jobbe forsvarlig med slike stoffer.","og_url":"https:\/\/chesse.org\/no\/ansvarsforhold-rutiner-og-opplaering\/opplaering-i-kjemikaliesikkerhet\/","og_site_name":"Kjemikaliesikkerhet i naturfag og kjemi","article_modified_time":"2022-11-18T10:02:40+00:00","og_image":[{"width":1200,"height":630,"url":"https:\/\/chesse.org\/wp-content\/uploads\/2022\/06\/chesse-sharing.png","type":"image\/png"}],"twitter_card":"summary_large_image","schema":{"@context":"https:\/\/schema.org","@graph":[{"@type":"WebPage","@id":"https:\/\/chesse.org\/no\/ansvarsforhold-rutiner-og-opplaering\/opplaering-i-kjemikaliesikkerhet\/","url":"https:\/\/chesse.org\/no\/ansvarsforhold-rutiner-og-opplaering\/opplaering-i-kjemikaliesikkerhet\/","name":"Oppl\u00e6ring i kjemikaliesikkerhet &#8211; Kjemikaliesikkerhet i naturfag og kjemi","isPartOf":{"@id":"https:\/\/chesse.org\/no\/#website"},"datePublished":"2022-10-31T16:04:11+00:00","dateModified":"2022-11-18T10:02:40+00:00","description":"Det er lovp\u00e5lagt at l\u00e6rere og elever som jobber med farlige kjemikalier har tilstrekkelig oppl\u00e6ring til \u00e5 kunne jobbe forsvarlig med slike stoffer.","breadcrumb":{"@id":"https:\/\/chesse.org\/no\/ansvarsforhold-rutiner-og-opplaering\/opplaering-i-kjemikaliesikkerhet\/#breadcrumb"},"inLanguage":"nb-NO","potentialAction":[{"@type":"ReadAction","target":["https:\/\/chesse.org\/no\/ansvarsforhold-rutiner-og-opplaering\/opplaering-i-kjemikaliesikkerhet\/"]}]},{"@type":"BreadcrumbList","@id":"https:\/\/chesse.org\/no\/ansvarsforhold-rutiner-og-opplaering\/opplaering-i-kjemikaliesikkerhet\/#breadcrumb","itemListElement":[{"@type":"ListItem","position":1,"name":"Hjem","item":"https:\/\/chesse.org\/no\/"},{"@type":"ListItem","position":2,"name":"Ansvarsforhold, rutiner og oppl\u00e6ring","item":"https:\/\/chesse.org\/no\/ansvarsforhold-rutiner-og-opplaering\/"},{"@type":"ListItem","position":3,"name":"Oppl\u00e6ring i kjemikaliesikkerhet"}]},{"@type":"WebSite","@id":"https:\/\/chesse.org\/no\/#website","url":"https:\/\/chesse.org\/no\/","name":"Kjemikaliesikkerhet i naturfag og kjemi","description":"Kortfattet, oppdatert informasjon for naturfag- og kjemil\u00e6rere, skoleledere og l\u00e6rerutdannere.","publisher":{"@id":"https:\/\/chesse.org\/no\/#organization"},"potentialAction":[{"@type":"SearchAction","target":{"@type":"EntryPoint","urlTemplate":"https:\/\/chesse.org\/no\/?s={search_term_string}"},"query-input":{"@type":"PropertyValueSpecification","valueRequired":true,"valueName":"search_term_string"}}],"inLanguage":"nb-NO"},{"@type":"Organization","@id":"https:\/\/chesse.org\/no\/#organization","name":"Online resources for Chemical Safety in Science Education","url":"https:\/\/chesse.org\/no\/","logo":{"@type":"ImageObject","inLanguage":"nb-NO","@id":"https:\/\/chesse.org\/no\/#\/schema\/logo\/image\/","url":"https:\/\/chesse.org\/wp-content\/uploads\/2020\/10\/CheSSE_logo-01.svg","contentUrl":"https:\/\/chesse.org\/wp-content\/uploads\/2020\/10\/CheSSE_logo-01.svg","width":350,"height":100,"caption":"Online resources for Chemical Safety in Science Education"},"image":{"@id":"https:\/\/chesse.org\/no\/#\/schema\/logo\/image\/"}}]}},"_links":{"self":[{"href":"https:\/\/chesse.org\/no\/wp-json\/wp\/v2\/pages\/9441","targetHints":{"allow":["GET"]}}],"collection":[{"href":"https:\/\/chesse.org\/no\/wp-json\/wp\/v2\/pages"}],"about":[{"href":"https:\/\/chesse.org\/no\/wp-json\/wp\/v2\/types\/page"}],"author":[{"embeddable":true,"href":"https:\/\/chesse.org\/no\/wp-json\/wp\/v2\/users\/50"}],"replies":[{"embeddable":true,"href":"https:\/\/chesse.org\/no\/wp-json\/wp\/v2\/comments?post=9441"}],"version-history":[{"count":61,"href":"https:\/\/chesse.org\/no\/wp-json\/wp\/v2\/pages\/9441\/revisions"}],"predecessor-version":[{"id":16603,"href":"https:\/\/chesse.org\/no\/wp-json\/wp\/v2\/pages\/9441\/revisions\/16603"}],"up":[{"embeddable":true,"href":"https:\/\/chesse.org\/no\/wp-json\/wp\/v2\/pages\/9400"}],"wp:attachment":[{"href":"https:\/\/chesse.org\/no\/wp-json\/wp\/v2\/media?parent=9441"}],"curies":[{"name":"wp","href":"https:\/\/api.w.org\/{rel}","templated":true}]}}