{"id":9469,"date":"2022-10-05T21:30:14","date_gmt":"2022-10-05T19:30:14","guid":{"rendered":"https:\/\/chesse.org\/risikovurdering-og-substitusjon\/"},"modified":"2022-10-10T11:19:26","modified_gmt":"2022-10-10T09:19:26","slug":"risikovurdering-og-substitusjon","status":"publish","type":"page","link":"https:\/\/chesse.org\/no\/risikovurdering-og-substitusjon\/","title":{"rendered":"Risikovurdering og substitusjon"},"content":{"rendered":"\t\t<div data-elementor-type=\"wp-page\" data-elementor-id=\"9469\" class=\"elementor elementor-9469 elementor-53\" data-elementor-post-type=\"page\">\n\t\t\t\t\t\t<div class=\"elementor-section elementor-top-section elementor-element elementor-element-e84266c elementor-section-boxed elementor-section-height-default elementor-section-height-default\" data-id=\"e84266c\" data-element_type=\"section\" data-e-type=\"section\">\n\t\t\t\t\t\t<div class=\"elementor-container elementor-column-gap-default\">\n\t\t\t\t\t<div class=\"elementor-column elementor-col-100 elementor-top-column elementor-element elementor-element-ba96091\" data-id=\"ba96091\" data-element_type=\"column\" data-e-type=\"column\">\n\t\t\t<div class=\"elementor-widget-wrap elementor-element-populated\">\n\t\t\t\t\t\t<div class=\"elementor-element elementor-element-e9c611a standfirst elementor-widget elementor-widget-text-editor\" data-id=\"e9c611a\" data-element_type=\"widget\" data-e-type=\"widget\" data-widget_type=\"text-editor.default\">\n\t\t\t\t<div class=\"elementor-widget-container\">\n\t\t\t\t\t\t\t\t\t<p>M\u00e5let med en risikovurdering er \u00e5 tenke gjennom potensielle farer knyttet til en aktivitet og hvilke tiltak som b\u00f8r gj\u00f8res for \u00e5 redusere risiko og unng\u00e5 uhell. Substitusjon handler om \u00e5 erstatte farlige kjemikalier og prosesser med mindre farlige alternativer. <\/p>\n\t\t\t\t\t\t\t\t<\/div>\n\t\t\t\t<\/div>\n\t\t\t\t\t<\/div>\n\t\t<\/div>\n\t\t\t\t\t<\/div>\n\t\t<\/div>\n\t\t\t\t<div class=\"elementor-section elementor-top-section elementor-element elementor-element-809a623 subsectionpage risk-section elementor-section-boxed elementor-section-height-default elementor-section-height-default\" data-id=\"809a623\" data-element_type=\"section\" data-e-type=\"section\">\n\t\t\t\t\t\t<div class=\"elementor-container elementor-column-gap-no\">\n\t\t\t\t\t<div class=\"elementor-column elementor-col-100 elementor-top-column elementor-element elementor-element-edd490c\" data-id=\"edd490c\" data-element_type=\"column\" data-e-type=\"column\">\n\t\t\t<div class=\"elementor-widget-wrap elementor-element-populated\">\n\t\t\t\t\t\t<section class=\"elementor-section elementor-inner-section elementor-element elementor-element-9409423 elementor-section-boxed elementor-section-height-default elementor-section-height-default\" data-id=\"9409423\" data-element_type=\"section\" data-e-type=\"section\">\n\t\t\t\t\t\t<div class=\"elementor-container elementor-column-gap-default\">\n\t\t\t\t\t<div class=\"elementor-column elementor-col-33 elementor-inner-column elementor-element elementor-element-47bd2eb\" data-id=\"47bd2eb\" data-element_type=\"column\" data-e-type=\"column\">\n\t\t\t<div class=\"elementor-widget-wrap elementor-element-populated\">\n\t\t\t\t\t\t<div class=\"elementor-element elementor-element-a73d3c7 elementor-widget elementor-widget-button\" data-id=\"a73d3c7\" data-element_type=\"widget\" data-e-type=\"widget\" data-widget_type=\"button.default\">\n\t\t\t\t<div class=\"elementor-widget-container\">\n\t\t\t\t\t\t\t\t\t<div class=\"elementor-button-wrapper\">\n\t\t\t\t\t<a class=\"elementor-button elementor-button-link elementor-size-lg\" href=\"https:\/\/chesse.org\/no\/risikovurdering-og-substitusjon\/risikovurdering\/\">\n\t\t\t\t\t\t<span class=\"elementor-button-content-wrapper\">\n\t\t\t\t\t\t\t\t\t<span class=\"elementor-button-text\">Risikovurdering<\/span>\n\t\t\t\t\t<\/span>\n\t\t\t\t\t<\/a>\n\t\t\t\t<\/div>\n\t\t\t\t\t\t\t\t<\/div>\n\t\t\t\t<\/div>\n\t\t\t\t\t<\/div>\n\t\t<\/div>\n\t\t\t\t<div class=\"elementor-column elementor-col-33 elementor-inner-column elementor-element elementor-element-d0ba0a9\" data-id=\"d0ba0a9\" data-element_type=\"column\" data-e-type=\"column\">\n\t\t\t<div class=\"elementor-widget-wrap elementor-element-populated\">\n\t\t\t\t\t\t<div class=\"elementor-element elementor-element-604d0cc elementor-widget elementor-widget-button\" data-id=\"604d0cc\" data-element_type=\"widget\" data-e-type=\"widget\" data-widget_type=\"button.default\">\n\t\t\t\t<div class=\"elementor-widget-container\">\n\t\t\t\t\t\t\t\t\t<div class=\"elementor-button-wrapper\">\n\t\t\t\t\t<a class=\"elementor-button elementor-button-link elementor-size-lg\" href=\"https:\/\/chesse.org\/no\/risikovurdering-og-substitusjon\/substitusjon\/\">\n\t\t\t\t\t\t<span class=\"elementor-button-content-wrapper\">\n\t\t\t\t\t\t\t\t\t<span class=\"elementor-button-text\">Substitusjon<\/span>\n\t\t\t\t\t<\/span>\n\t\t\t\t\t<\/a>\n\t\t\t\t<\/div>\n\t\t\t\t\t\t\t\t<\/div>\n\t\t\t\t<\/div>\n\t\t\t\t\t<\/div>\n\t\t<\/div>\n\t\t\t\t<div class=\"elementor-column elementor-col-33 elementor-inner-column elementor-element elementor-element-fe7d51f\" data-id=\"fe7d51f\" data-element_type=\"column\" data-e-type=\"column\">\n\t\t\t<div class=\"elementor-widget-wrap\">\n\t\t\t\t\t\t\t<\/div>\n\t\t<\/div>\n\t\t\t\t\t<\/div>\n\t\t<\/section>\n\t\t\t\t\t<\/div>\n\t\t<\/div>\n\t\t\t\t\t<\/div>\n\t\t<\/div>\n\t\t\t\t<\/div>\n\t\t","protected":false},"excerpt":{"rendered":"<p>M\u00e5let med en risikovurdering er \u00e5 tenke gjennom potensielle farer knyttet til en aktivitet og hvilke tiltak som b\u00f8r gj\u00f8res for \u00e5 redusere risiko og unng\u00e5 uhell. Substitusjon handler om \u00e5 erstatte farlige kjemikalier og prosesser med mindre farlige alternativer. Risikovurdering Substitusjon<\/p>\n","protected":false},"author":43,"featured_media":0,"parent":0,"menu_order":1,"comment_status":"closed","ping_status":"closed","template":"","meta":{"footnotes":""},"class_list":["post-9469","page","type-page","status-publish","hentry"],"yoast_head":"<!-- This site is optimized with the Yoast SEO plugin v27.5 - https:\/\/yoast.com\/product\/yoast-seo-wordpress\/ -->\n<title>Risikovurdering og substitusjon &#8211; Kjemikaliesikkerhet i naturfag og kjemi<\/title>\n<meta name=\"description\" content=\"M\u00e5let med en risikovurdering er \u00e5 tenke gjennom potensielle farer knyttet til en aktivitet og hvilke tiltak som b\u00f8r gj\u00f8res for \u00e5 redusere risiko og unng\u00e5 uhell. Substitusjon handler om \u00e5 erstatte farlige kjemikalier og prosesser med mindre farlige alternativer.\" \/>\n<meta name=\"robots\" content=\"index, follow, max-snippet:-1, max-image-preview:large, max-video-preview:-1\" \/>\n<link rel=\"canonical\" href=\"https:\/\/chesse.org\/no\/risikovurdering-og-substitusjon\/\" \/>\n<meta property=\"og:locale\" content=\"nb_NO\" \/>\n<meta property=\"og:type\" content=\"article\" \/>\n<meta property=\"og:title\" content=\"Risikovurdering og substitusjon &#8211; Kjemikaliesikkerhet i naturfag og kjemi\" \/>\n<meta property=\"og:description\" content=\"M\u00e5let med en risikovurdering er \u00e5 tenke gjennom potensielle farer knyttet til en aktivitet og hvilke tiltak som b\u00f8r gj\u00f8res for \u00e5 redusere risiko og unng\u00e5 uhell. Substitusjon handler om \u00e5 erstatte farlige kjemikalier og prosesser med mindre farlige alternativer.\" \/>\n<meta property=\"og:url\" content=\"https:\/\/chesse.org\/no\/risikovurdering-og-substitusjon\/\" \/>\n<meta property=\"og:site_name\" content=\"Kjemikaliesikkerhet i naturfag og kjemi\" \/>\n<meta property=\"article:modified_time\" content=\"2022-10-10T09:19:26+00:00\" \/>\n<meta property=\"og:image\" content=\"https:\/\/chesse.org\/wp-content\/uploads\/2022\/06\/chesse-sharing.png\" \/>\n\t<meta property=\"og:image:width\" content=\"1200\" \/>\n\t<meta property=\"og:image:height\" content=\"630\" \/>\n\t<meta property=\"og:image:type\" content=\"image\/png\" \/>\n<meta name=\"twitter:card\" content=\"summary_large_image\" \/>\n<script type=\"application\/ld+json\" class=\"yoast-schema-graph\">{\"@context\":\"https:\\\/\\\/schema.org\",\"@graph\":[{\"@type\":\"WebPage\",\"@id\":\"https:\\\/\\\/chesse.org\\\/no\\\/risikovurdering-og-substitusjon\\\/\",\"url\":\"https:\\\/\\\/chesse.org\\\/no\\\/risikovurdering-og-substitusjon\\\/\",\"name\":\"Risikovurdering og substitusjon &#8211; Kjemikaliesikkerhet i naturfag og kjemi\",\"isPartOf\":{\"@id\":\"https:\\\/\\\/chesse.org\\\/no\\\/#website\"},\"datePublished\":\"2022-10-05T19:30:14+00:00\",\"dateModified\":\"2022-10-10T09:19:26+00:00\",\"description\":\"M\u00e5let med en risikovurdering er \u00e5 tenke gjennom potensielle farer knyttet til en aktivitet og hvilke tiltak som b\u00f8r gj\u00f8res for \u00e5 redusere risiko og unng\u00e5 uhell. Substitusjon handler om \u00e5 erstatte farlige kjemikalier og prosesser med mindre farlige alternativer.\",\"breadcrumb\":{\"@id\":\"https:\\\/\\\/chesse.org\\\/no\\\/risikovurdering-og-substitusjon\\\/#breadcrumb\"},\"inLanguage\":\"nb-NO\",\"potentialAction\":[{\"@type\":\"ReadAction\",\"target\":[\"https:\\\/\\\/chesse.org\\\/no\\\/risikovurdering-og-substitusjon\\\/\"]}]},{\"@type\":\"BreadcrumbList\",\"@id\":\"https:\\\/\\\/chesse.org\\\/no\\\/risikovurdering-og-substitusjon\\\/#breadcrumb\",\"itemListElement\":[{\"@type\":\"ListItem\",\"position\":1,\"name\":\"Hjem\",\"item\":\"https:\\\/\\\/chesse.org\\\/no\\\/\"},{\"@type\":\"ListItem\",\"position\":2,\"name\":\"Risikovurdering og substitusjon\"}]},{\"@type\":\"WebSite\",\"@id\":\"https:\\\/\\\/chesse.org\\\/no\\\/#website\",\"url\":\"https:\\\/\\\/chesse.org\\\/no\\\/\",\"name\":\"Kjemikaliesikkerhet i naturfag og kjemi\",\"description\":\"Kortfattet, oppdatert informasjon for naturfag- og kjemil\u00e6rere, skoleledere og l\u00e6rerutdannere.\",\"publisher\":{\"@id\":\"https:\\\/\\\/chesse.org\\\/no\\\/#organization\"},\"potentialAction\":[{\"@type\":\"SearchAction\",\"target\":{\"@type\":\"EntryPoint\",\"urlTemplate\":\"https:\\\/\\\/chesse.org\\\/no\\\/?s={search_term_string}\"},\"query-input\":{\"@type\":\"PropertyValueSpecification\",\"valueRequired\":true,\"valueName\":\"search_term_string\"}}],\"inLanguage\":\"nb-NO\"},{\"@type\":\"Organization\",\"@id\":\"https:\\\/\\\/chesse.org\\\/no\\\/#organization\",\"name\":\"Online resources for Chemical Safety in Science Education\",\"url\":\"https:\\\/\\\/chesse.org\\\/no\\\/\",\"logo\":{\"@type\":\"ImageObject\",\"inLanguage\":\"nb-NO\",\"@id\":\"https:\\\/\\\/chesse.org\\\/no\\\/#\\\/schema\\\/logo\\\/image\\\/\",\"url\":\"https:\\\/\\\/chesse.org\\\/wp-content\\\/uploads\\\/2020\\\/10\\\/CheSSE_logo-01.svg\",\"contentUrl\":\"https:\\\/\\\/chesse.org\\\/wp-content\\\/uploads\\\/2020\\\/10\\\/CheSSE_logo-01.svg\",\"width\":350,\"height\":100,\"caption\":\"Online resources for Chemical Safety in Science Education\"},\"image\":{\"@id\":\"https:\\\/\\\/chesse.org\\\/no\\\/#\\\/schema\\\/logo\\\/image\\\/\"}}]}<\/script>\n<!-- \/ Yoast SEO plugin. -->","yoast_head_json":{"title":"Risikovurdering og substitusjon &#8211; Kjemikaliesikkerhet i naturfag og kjemi","description":"M\u00e5let med en risikovurdering er \u00e5 tenke gjennom potensielle farer knyttet til en aktivitet og hvilke tiltak som b\u00f8r gj\u00f8res for \u00e5 redusere risiko og unng\u00e5 uhell. Substitusjon handler om \u00e5 erstatte farlige kjemikalier og prosesser med mindre farlige alternativer.","robots":{"index":"index","follow":"follow","max-snippet":"max-snippet:-1","max-image-preview":"max-image-preview:large","max-video-preview":"max-video-preview:-1"},"canonical":"https:\/\/chesse.org\/no\/risikovurdering-og-substitusjon\/","og_locale":"nb_NO","og_type":"article","og_title":"Risikovurdering og substitusjon &#8211; Kjemikaliesikkerhet i naturfag og kjemi","og_description":"M\u00e5let med en risikovurdering er \u00e5 tenke gjennom potensielle farer knyttet til en aktivitet og hvilke tiltak som b\u00f8r gj\u00f8res for \u00e5 redusere risiko og unng\u00e5 uhell. Substitusjon handler om \u00e5 erstatte farlige kjemikalier og prosesser med mindre farlige alternativer.","og_url":"https:\/\/chesse.org\/no\/risikovurdering-og-substitusjon\/","og_site_name":"Kjemikaliesikkerhet i naturfag og kjemi","article_modified_time":"2022-10-10T09:19:26+00:00","og_image":[{"width":1200,"height":630,"url":"https:\/\/chesse.org\/wp-content\/uploads\/2022\/06\/chesse-sharing.png","type":"image\/png"}],"twitter_card":"summary_large_image","schema":{"@context":"https:\/\/schema.org","@graph":[{"@type":"WebPage","@id":"https:\/\/chesse.org\/no\/risikovurdering-og-substitusjon\/","url":"https:\/\/chesse.org\/no\/risikovurdering-og-substitusjon\/","name":"Risikovurdering og substitusjon &#8211; Kjemikaliesikkerhet i naturfag og kjemi","isPartOf":{"@id":"https:\/\/chesse.org\/no\/#website"},"datePublished":"2022-10-05T19:30:14+00:00","dateModified":"2022-10-10T09:19:26+00:00","description":"M\u00e5let med en risikovurdering er \u00e5 tenke gjennom potensielle farer knyttet til en aktivitet og hvilke tiltak som b\u00f8r gj\u00f8res for \u00e5 redusere risiko og unng\u00e5 uhell. Substitusjon handler om \u00e5 erstatte farlige kjemikalier og prosesser med mindre farlige alternativer.","breadcrumb":{"@id":"https:\/\/chesse.org\/no\/risikovurdering-og-substitusjon\/#breadcrumb"},"inLanguage":"nb-NO","potentialAction":[{"@type":"ReadAction","target":["https:\/\/chesse.org\/no\/risikovurdering-og-substitusjon\/"]}]},{"@type":"BreadcrumbList","@id":"https:\/\/chesse.org\/no\/risikovurdering-og-substitusjon\/#breadcrumb","itemListElement":[{"@type":"ListItem","position":1,"name":"Hjem","item":"https:\/\/chesse.org\/no\/"},{"@type":"ListItem","position":2,"name":"Risikovurdering og substitusjon"}]},{"@type":"WebSite","@id":"https:\/\/chesse.org\/no\/#website","url":"https:\/\/chesse.org\/no\/","name":"Kjemikaliesikkerhet i naturfag og kjemi","description":"Kortfattet, oppdatert informasjon for naturfag- og kjemil\u00e6rere, skoleledere og l\u00e6rerutdannere.","publisher":{"@id":"https:\/\/chesse.org\/no\/#organization"},"potentialAction":[{"@type":"SearchAction","target":{"@type":"EntryPoint","urlTemplate":"https:\/\/chesse.org\/no\/?s={search_term_string}"},"query-input":{"@type":"PropertyValueSpecification","valueRequired":true,"valueName":"search_term_string"}}],"inLanguage":"nb-NO"},{"@type":"Organization","@id":"https:\/\/chesse.org\/no\/#organization","name":"Online resources for Chemical Safety in Science Education","url":"https:\/\/chesse.org\/no\/","logo":{"@type":"ImageObject","inLanguage":"nb-NO","@id":"https:\/\/chesse.org\/no\/#\/schema\/logo\/image\/","url":"https:\/\/chesse.org\/wp-content\/uploads\/2020\/10\/CheSSE_logo-01.svg","contentUrl":"https:\/\/chesse.org\/wp-content\/uploads\/2020\/10\/CheSSE_logo-01.svg","width":350,"height":100,"caption":"Online resources for Chemical Safety in Science Education"},"image":{"@id":"https:\/\/chesse.org\/no\/#\/schema\/logo\/image\/"}}]}},"_links":{"self":[{"href":"https:\/\/chesse.org\/no\/wp-json\/wp\/v2\/pages\/9469","targetHints":{"allow":["GET"]}}],"collection":[{"href":"https:\/\/chesse.org\/no\/wp-json\/wp\/v2\/pages"}],"about":[{"href":"https:\/\/chesse.org\/no\/wp-json\/wp\/v2\/types\/page"}],"author":[{"embeddable":true,"href":"https:\/\/chesse.org\/no\/wp-json\/wp\/v2\/users\/43"}],"replies":[{"embeddable":true,"href":"https:\/\/chesse.org\/no\/wp-json\/wp\/v2\/comments?post=9469"}],"version-history":[{"count":13,"href":"https:\/\/chesse.org\/no\/wp-json\/wp\/v2\/pages\/9469\/revisions"}],"predecessor-version":[{"id":9779,"href":"https:\/\/chesse.org\/no\/wp-json\/wp\/v2\/pages\/9469\/revisions\/9779"}],"wp:attachment":[{"href":"https:\/\/chesse.org\/no\/wp-json\/wp\/v2\/media?parent=9469"}],"curies":[{"name":"wp","href":"https:\/\/api.w.org\/{rel}","templated":true}]}}