{"id":9538,"date":"2022-10-07T09:13:28","date_gmt":"2022-10-07T07:13:28","guid":{"rendered":"https:\/\/chesse.org\/risikovurdering-og-substitusjon\/substitusjon\/"},"modified":"2023-05-31T17:34:36","modified_gmt":"2023-05-31T15:34:36","slug":"substitusjon","status":"publish","type":"page","link":"https:\/\/chesse.org\/no\/risikovurdering-og-substitusjon\/substitusjon\/","title":{"rendered":"Substitusjon"},"content":{"rendered":"\t\t<div data-elementor-type=\"wp-page\" data-elementor-id=\"9538\" class=\"elementor elementor-9538 elementor-7021\" data-elementor-post-type=\"page\">\n\t\t\t\t\t\t<section class=\"elementor-section elementor-top-section elementor-element elementor-element-74ca136 elementor-section-boxed elementor-section-height-default elementor-section-height-default\" data-id=\"74ca136\" data-element_type=\"section\" data-e-type=\"section\">\n\t\t\t\t\t\t<div class=\"elementor-container elementor-column-gap-default\">\n\t\t\t\t\t<div class=\"elementor-column elementor-col-100 elementor-top-column elementor-element elementor-element-ad8f888\" data-id=\"ad8f888\" data-element_type=\"column\" data-e-type=\"column\">\n\t\t\t<div class=\"elementor-widget-wrap elementor-element-populated\">\n\t\t\t\t\t\t<div class=\"elementor-element elementor-element-626756b standfirst elementor-widget elementor-widget-text-editor\" data-id=\"626756b\" data-element_type=\"widget\" data-e-type=\"widget\" data-widget_type=\"text-editor.default\">\n\t\t\t\t<div class=\"elementor-widget-container\">\n\t\t\t\t\t\t\t\t\t<p>I denne sammenhengen er substitusjon \u00e5 erstatte farlige kjemikalier og prosedyrer med mindre farlige alternativer.<\/p>\t\t\t\t\t\t\t\t<\/div>\n\t\t\t\t<\/div>\n\t\t\t\t<div class=\"elementor-element elementor-element-91e5269 elementor-toc--content-ellipsis elementor-widget elementor-widget-global elementor-global-4830 elementor-global-3097 elementor-widget-table-of-contents\" data-id=\"91e5269\" data-element_type=\"widget\" data-e-type=\"widget\" data-settings=\"{&quot;headings_by_tags&quot;:[&quot;h2&quot;,&quot;h3&quot;],&quot;exclude_headings_by_selector&quot;:&quot;.noTOC&quot;,&quot;marker_view&quot;:&quot;bullets&quot;,&quot;icon&quot;:{&quot;value&quot;:&quot;fas fa-circle&quot;,&quot;library&quot;:&quot;fa-solid&quot;},&quot;no_headings_message&quot;:&quot;No headings were found on this page.&quot;,&quot;hierarchical_view&quot;:&quot;yes&quot;,&quot;min_height&quot;:{&quot;unit&quot;:&quot;px&quot;,&quot;size&quot;:&quot;&quot;,&quot;sizes&quot;:[]},&quot;min_height_tablet&quot;:{&quot;unit&quot;:&quot;px&quot;,&quot;size&quot;:&quot;&quot;,&quot;sizes&quot;:[]},&quot;min_height_mobile&quot;:{&quot;unit&quot;:&quot;px&quot;,&quot;size&quot;:&quot;&quot;,&quot;sizes&quot;:[]}}\" data-widget_type=\"table-of-contents.default\">\n\t\t\t\t<div class=\"elementor-widget-container\">\n\t\t\t\t\t\t\t\t\t<div class=\"elementor-toc__header\">\n\t\t\t\t\t\t<div class=\"elementor-toc__header-title\">\n\t\t\t\tInnhold\t\t\t<\/div>\n\t\t\t\t\t\t\t\t<\/div>\n\t\t\t\t<div id=\"elementor-toc__91e5269\" class=\"elementor-toc__body\">\n\t\t\t<div class=\"elementor-toc__spinner-container\">\n\t\t\t\t<i class=\"elementor-toc__spinner eicon-animation-spin eicon-loading\" aria-hidden=\"true\"><\/i>\t\t\t<\/div>\n\t\t<\/div>\n\t\t\t\t\t\t<\/div>\n\t\t\t\t<\/div>\n\t\t\t\t<div class=\"elementor-element elementor-element-694aac0 elementor-widget elementor-widget-text-editor\" data-id=\"694aac0\" data-element_type=\"widget\" data-e-type=\"widget\" data-widget_type=\"text-editor.default\">\n\t\t\t\t<div class=\"elementor-widget-container\">\n\t\t\t\t\t\t\t\t\t<h2>Substitusjon<\/h2>\n<p>Substitusjon i eksperimentelt arbeid skal minimere risikoen for skader p\u00e5 mennesker og milj\u00f8.   <\/p>\n<p>Eksemplene v\u00e5re fokuserer p\u00e5 \u00e5 erstatte farlig kjemikalier med mindre farlige alternativer. Substitusjon kan gj\u00f8re skolens laboratoriearbeid mer i tr\u00e5d med noen av <a href=\"https:\/\/chesse.org\/green-chemistry\/\">prinsippene for gr\u00f8nn kjemi<\/a>. <\/p>\n\t\t\t\t\t\t\t\t<\/div>\n\t\t\t\t<\/div>\n\t\t\t\t<div class=\"elementor-element elementor-element-fea811e elementor-widget elementor-widget-text-editor\" data-id=\"fea811e\" data-element_type=\"widget\" data-e-type=\"widget\" data-widget_type=\"text-editor.default\">\n\t\t\t\t<div class=\"elementor-widget-container\">\n\t\t\t\t\t\t\t\t\t<figure><img fetchpriority=\"high\" decoding=\"async\" class=\"alignnone wp-image-8902 size-full\" style=\"max-width: 95vw;width: 460px\" src=\"https:\/\/chesse.org\/wp-content\/uploads\/2022\/10\/the-five-steps-in-the-substitution-process_norwegian.svg\" alt=\"De fem trinnene i substitusjonsprosessen: samle informasjon om kjemisk innhold, identifisere u\u00f8nskede stoffer, finne tilgjengelige alternativer, vurdere og velge alternativer og utvikle nye alternativer.\" width=\"1599\" height=\"1051\" \/><figcaption>De fem trinnene i substitusjonsprosessen<\/figcaption><\/figure>\t\t\t\t\t\t\t\t<\/div>\n\t\t\t\t<\/div>\n\t\t\t\t<div class=\"elementor-element elementor-element-c71dd93 elementor-widget elementor-widget-text-editor\" data-id=\"c71dd93\" data-element_type=\"widget\" data-e-type=\"widget\" data-widget_type=\"text-editor.default\">\n\t\t\t\t<div class=\"elementor-widget-container\">\n\t\t\t\t\t\t\t\t\t<h2>Substitusjonsplikten<\/h2><p>F\u00f8r du, eller elevene, gj\u00f8r et fors\u00f8k skal du alltid vurdere om det er mulig \u00e5 substituere. Det betyr at du skal ha vurdert om det er akseptabel risiko og gode faglige grunner til \u00e5 bruke fors\u00f8ket slik det er, eller om du kan oppn\u00e5 det samme ved \u00e5 bruke et annet fors\u00f8k eller andre kjemikalier.\u00a0\u00a0<\/p><p>I noen tilfeller er substitusjon p\u00e5lagt eller sterkt anbefalt. Stoffer p\u00e5 autorisasjonslista kan bare brukes etter tillatelse fra det europeiske kjemikaliebyr\u00e5et og m\u00e5 substitueres. Dette gjelder blant annet alle seksverdige kromforbindelser. Stoffer p\u00e5 kandidatlista (SVHC-lista) skal etter hvert over p\u00e5 autorisasjonslisten og b\u00f8r derfor fases ut. Dette omfatter blant annet bly og blysalter.\u00a0<\/p><p>Alle stoffer som regnes som kreftfremkallende, mutagene eller reproduksjonsskadelige (CMR-stoffer) i klasse 1A og 1B er p\u00e5 kandidatlista eller autorisasjonslista. Dersom CMR-stoffer p\u00e5 kandidatlista skal brukes, kreves det omfattende tiltak som at skolen m\u00e5 ha et eksponeringsregister, det m\u00e5 iverksettes tiltak for \u00e5 sikre lavest mulig eksponering og tiltakene m\u00e5 dokumenteres skriftlig.\u00a0<\/p>\t\t\t\t\t\t\t\t<\/div>\n\t\t\t\t<\/div>\n\t\t\t\t<div class=\"elementor-element elementor-element-e191b02 elementor-widget elementor-widget-text-editor\" data-id=\"e191b02\" data-element_type=\"widget\" data-e-type=\"widget\" data-widget_type=\"text-editor.default\">\n\t\t\t\t<div class=\"elementor-widget-container\">\n\t\t\t\t\t\t\t\t\t<h2>Substitusjon reduserer risiko<\/h2><p>Ved \u00e5 erstatte et farlig stoff med et mindre farlig stoff, reduserer du risikoen i naturfag- og kjemifors\u00f8k. I tilfeller hvor substitusjon er vanskelig \u00e5 f\u00e5 til, kan risikoen reduseres ved \u00e5 bruke en lavere konsentrasjon av l\u00f8sningen eller redusere mengden av det farlige stoffet som brukes. Det kan for eksempel gj\u00f8res ved \u00e5 skalere eksperimentet ned til et mikroskalaeksperiment eller ved \u00e5 gj\u00f8re aktiviteten som en demonstrasjon i stedet for et fors\u00f8k elevene gj\u00f8r selv. Noen ganger er det nok \u00e5 bruke en lavere konsentrasjon av l\u00f8sningen i fors\u00f8ket. <a href=\"https:\/\/chesse.org\/no\/merking-oppbevaring-og-avfallshandtering\/merking\/#labelgenerator\">Fareetikettgeneratoren<\/a> inneholder informasjon om fareklassifiseringen for ulike konsentrasjoner av vanlige l\u00f8sninger og kan brukes til \u00e5 se hvordan lavere konsentrasjon p\u00e5virker risiko. Et annet alternativ kan v\u00e6re \u00e5 bruke en fremgangsm\u00e5te som har lavere risiko. En risikovurdering hjelper deg \u00e5 avgj\u00f8re hvilke tiltak du b\u00f8r velge.<\/p>\t\t\t\t\t\t\t\t<\/div>\n\t\t\t\t<\/div>\n\t\t\t\t<div class=\"elementor-element elementor-element-d117f92 linkBox elementor-widget elementor-widget-text-editor\" data-id=\"d117f92\" data-element_type=\"widget\" data-e-type=\"widget\" data-widget_type=\"text-editor.default\">\n\t\t\t\t<div class=\"elementor-widget-container\">\n\t\t\t\t\t\t\t\t\t<p><strong>Eksempel 1:<\/strong> <br \/>Fremstilling av hydrogengass der sink reagerer med en syre er et vanlig eksperiment p\u00e5 mange skoler. Bruk av sink krever en sterk syre med h\u00f8y konsentrasjon. Ved \u00e5 velge et mer reaktivt metall, som magnesium, er en lav konsentrasjon av en svak syre tilstrekkelig til at reaksjonen kan skje i en passe fart. L\u00e6ringsutbyttet er det samme, og eksperimentet har lavere risiko.<\/p><p><strong>Eksempel 2:<\/strong> <br \/>Fenolftalein brukes ofte som indikator for syre-base-titreringer. Men stoffet er kreftfremkallende og st\u00e5r p\u00e5 <a href=\"https:\/\/www.miljodirektoratet.no\/ansvarsomrader\/kjemikalier\/reach\/reach-kandidatlista-svhc-lista\/\">kandidatlista (SVHC-lista)<\/a>, og det er retningslinjer for bruk.<\/p><p>I noen tilfeller kan et alternativ v\u00e6re \u00e5 erstatte fenolftalein med en annen mindre farlig indikator, for eksempel tymolftalein. Hvis dette ikke er mulig, kan risikoen minimeres ved \u00e5 bruke en konsentrasjon av fenolftalein &lt; 1 % slik at l\u00f8sningen ikke lenger er klassifisert som kreftfremkallende. En 0,1 % fenolftaleinl\u00f8sning vil vanligvis gi tilstrekkelig fargeomslag.<\/p>\t\t\t\t\t\t\t\t<\/div>\n\t\t\t\t<\/div>\n\t\t\t\t<div class=\"elementor-element elementor-element-400b92c elementor-widget elementor-widget-text-editor\" data-id=\"400b92c\" data-element_type=\"widget\" data-e-type=\"widget\" data-widget_type=\"text-editor.default\">\n\t\t\t\t<div class=\"elementor-widget-container\">\n\t\t\t\t\t\t\t\t\t<p>I CLP-forskriften er det konsentrasjonsgrenser som brukes ved klassifisering av l\u00f8sninger. Disse kan hjelpe oss med \u00e5 bestemme konsentrasjonen der et CMR-stoff fortynnes nok til at det ikke lenger er klassifisert som CMR.\u00a0<\/p>\t\t\t\t\t\t\t\t<\/div>\n\t\t\t\t<\/div>\n\t\t\t\t<div class=\"elementor-element elementor-element-4df0fc8 elementor-hidden-desktop elementor-hidden-tablet elementor-hidden-mobile elementor-widget elementor-widget-text-editor\" data-id=\"4df0fc8\" data-element_type=\"widget\" data-e-type=\"widget\" data-widget_type=\"text-editor.default\">\n\t\t\t\t<div class=\"elementor-widget-container\">\n\t\t\t\t\t\t\t\t\t<table class=\"chesseTable\"><caption>Konsentrasjonsgrenser brukt ved klassifisering av blandinger<\/caption><tbody><tr><th class=\"orange\" style=\"width: 30%;font-size: larger;text-align: center\">Konsentrasjons\u00adgrense<\/th><td class=\"orangeBorder\">Terskelkonsentrasjon over hvilken klassifisering vil bli utl\u00f8st for en spesifikk fareklasse.<\/td><\/tr><tr><th class=\"orange\" style=\"font-size: larger;text-align: center\">Spesifikk konsentrasjons\u00ad\u00ad\u00adgrense<\/th><td class=\"orangeBorder\">En konsentrasjonsgrense som er spesifikk for et stoff og har forrang over generiske konsentrasjonsgrenser. Spesifikke konsentrasjonsgrenser finnes i CLP-forordningen og p\u00e5 SDS-arket.<\/td><\/tr><\/tbody><\/table>\t\t\t\t\t\t\t\t<\/div>\n\t\t\t\t<\/div>\n\t\t\t\t\t<\/div>\n\t\t<\/div>\n\t\t\t\t\t<\/div>\n\t\t<\/section>\n\t\t\t\t<section class=\"elementor-section elementor-top-section elementor-element elementor-element-ab00939 elementor-section-boxed elementor-section-height-default elementor-section-height-default\" data-id=\"ab00939\" data-element_type=\"section\" data-e-type=\"section\">\n\t\t\t\t\t\t<div class=\"elementor-container elementor-column-gap-default\">\n\t\t\t\t\t<div class=\"elementor-column elementor-col-100 elementor-top-column elementor-element elementor-element-9fef527\" data-id=\"9fef527\" data-element_type=\"column\" data-e-type=\"column\">\n\t\t\t<div class=\"elementor-widget-wrap elementor-element-populated\">\n\t\t\t\t\t\t<div class=\"elementor-element elementor-element-03a71ca linkBox elementor-widget elementor-widget-text-editor\" data-id=\"03a71ca\" data-element_type=\"widget\" data-e-type=\"widget\" data-widget_type=\"text-editor.default\">\n\t\t\t\t<div class=\"elementor-widget-container\">\n\t\t\t\t\t\t\t\t\t<h2>Mer informasjon<\/h2><p><a href=\"https:\/\/chesse.org\/no\/lovgivning\/lovgivning-som-regulerer-bruk-av-kjemikalier\/\">Lovgivning som regulerer bruk av kjemikalier<\/a><\/p><p><a href=\"https:\/\/www.miljodirektoratet.no\/ansvarsomrader\/kjemikalier\/for-naringsliv\/produsere-kjemikalier-og-produkter\/produsere-et-enkelt-stoff\/produsere-et-enkelt-stoff\/krav-om-autorisasjon\/\">Autorisasjonslista<\/a><\/p><p><a href=\"https:\/\/www.miljodirektoratet.no\/ansvarsomrader\/kjemikalier\/reach\/reach-kandidatlista-svhc-lista\/\">Kandidatlista<\/a><\/p><p><a href=\"https:\/\/www.miljodirektoratet.no\/ansvarsomrader\/kjemikalier\/prioritetslista\/\">Prioritetslista<\/a><\/p><p><a href=\"https:\/\/echa.europa.eu\/substitution-to-safer-chemicals\">Substituting to safer chemicals<\/a><\/p><p><a href=\"https:\/\/chesse.org\/no\/gronn-kjemi\/eksempler-pa-elevaktiviteter\/\">Eksempler p\u00e5 elevaktivteter \u2013 gr\u00f8nn kjemi<\/a><\/p>\t\t\t\t\t\t\t\t<\/div>\n\t\t\t\t<\/div>\n\t\t\t\t\t<\/div>\n\t\t<\/div>\n\t\t\t\t\t<\/div>\n\t\t<\/section>\n\t\t\t\t<\/div>\n\t\t","protected":false},"excerpt":{"rendered":"<p>I denne sammenhengen er substitusjon \u00e5 erstatte farlige kjemikalier og prosedyrer med mindre farlige alternativer. Innhold Substitusjon Substitusjon i eksperimentelt arbeid skal minimere risikoen for skader p\u00e5 mennesker og milj\u00f8. Eksemplene v\u00e5re fokuserer p\u00e5 \u00e5 erstatte farlig kjemikalier med mindre farlige alternativer. Substitusjon kan gj\u00f8re skolens laboratoriearbeid mer i tr\u00e5d med noen av prinsippene for &hellip; <a href=\"https:\/\/chesse.org\/no\/risikovurdering-og-substitusjon\/substitusjon\/\" class=\"more-link\">Fortsett \u00e5 lese <span class=\"screen-reader-text\">Substitusjon<\/span> <span class=\"meta-nav\">&rarr;<\/span><\/a><\/p>\n","protected":false},"author":50,"featured_media":0,"parent":9469,"menu_order":1,"comment_status":"closed","ping_status":"closed","template":"","meta":{"footnotes":""},"class_list":["post-9538","page","type-page","status-publish","hentry"],"yoast_head":"<!-- This site is optimized with the Yoast SEO plugin v27.3 - https:\/\/yoast.com\/product\/yoast-seo-wordpress\/ -->\n<title>Substitusjon &#8211; Kjemikaliesikkerhet i naturfag og kjemi<\/title>\n<meta name=\"description\" content=\"I denne sammenhengen er substitusjon \u00e5 erstatte farlige kjemikalier og prosedyrer med mindre farlige alternativer.\" \/>\n<meta name=\"robots\" content=\"index, follow, max-snippet:-1, max-image-preview:large, max-video-preview:-1\" \/>\n<link rel=\"canonical\" href=\"https:\/\/chesse.org\/no\/risikovurdering-og-substitusjon\/substitusjon\/\" \/>\n<meta property=\"og:locale\" content=\"nb_NO\" \/>\n<meta property=\"og:type\" content=\"article\" \/>\n<meta property=\"og:title\" content=\"Substitusjon &#8211; Kjemikaliesikkerhet i naturfag og kjemi\" \/>\n<meta property=\"og:description\" content=\"Substitusjon er \u00e5 erstatte farlige kjemikalier og prosedyrer med mindre farlige alternativer.\" \/>\n<meta property=\"og:url\" content=\"https:\/\/chesse.org\/no\/risikovurdering-og-substitusjon\/substitusjon\/\" \/>\n<meta property=\"og:site_name\" content=\"Kjemikaliesikkerhet i naturfag og kjemi\" \/>\n<meta property=\"article:modified_time\" content=\"2023-05-31T15:34:36+00:00\" \/>\n<meta property=\"og:image\" content=\"https:\/\/chesse.org\/wp-content\/uploads\/2022\/10\/the-five-steps-in-the-substitution-process_norwegian.svg\" \/>\n<meta name=\"twitter:card\" content=\"summary_large_image\" \/>\n<script type=\"application\/ld+json\" class=\"yoast-schema-graph\">{\"@context\":\"https:\\\/\\\/schema.org\",\"@graph\":[{\"@type\":\"WebPage\",\"@id\":\"https:\\\/\\\/chesse.org\\\/no\\\/risikovurdering-og-substitusjon\\\/substitusjon\\\/\",\"url\":\"https:\\\/\\\/chesse.org\\\/no\\\/risikovurdering-og-substitusjon\\\/substitusjon\\\/\",\"name\":\"Substitusjon &#8211; Kjemikaliesikkerhet i naturfag og kjemi\",\"isPartOf\":{\"@id\":\"https:\\\/\\\/chesse.org\\\/no\\\/#website\"},\"primaryImageOfPage\":{\"@id\":\"https:\\\/\\\/chesse.org\\\/no\\\/risikovurdering-og-substitusjon\\\/substitusjon\\\/#primaryimage\"},\"image\":{\"@id\":\"https:\\\/\\\/chesse.org\\\/no\\\/risikovurdering-og-substitusjon\\\/substitusjon\\\/#primaryimage\"},\"thumbnailUrl\":\"https:\\\/\\\/chesse.org\\\/wp-content\\\/uploads\\\/2022\\\/10\\\/the-five-steps-in-the-substitution-process_norwegian.svg\",\"datePublished\":\"2022-10-07T07:13:28+00:00\",\"dateModified\":\"2023-05-31T15:34:36+00:00\",\"description\":\"I denne sammenhengen er substitusjon \u00e5 erstatte farlige kjemikalier og prosedyrer med mindre farlige alternativer.\",\"breadcrumb\":{\"@id\":\"https:\\\/\\\/chesse.org\\\/no\\\/risikovurdering-og-substitusjon\\\/substitusjon\\\/#breadcrumb\"},\"inLanguage\":\"nb-NO\",\"potentialAction\":[{\"@type\":\"ReadAction\",\"target\":[\"https:\\\/\\\/chesse.org\\\/no\\\/risikovurdering-og-substitusjon\\\/substitusjon\\\/\"]}]},{\"@type\":\"ImageObject\",\"inLanguage\":\"nb-NO\",\"@id\":\"https:\\\/\\\/chesse.org\\\/no\\\/risikovurdering-og-substitusjon\\\/substitusjon\\\/#primaryimage\",\"url\":\"https:\\\/\\\/chesse.org\\\/wp-content\\\/uploads\\\/2022\\\/10\\\/the-five-steps-in-the-substitution-process_norwegian.svg\",\"contentUrl\":\"https:\\\/\\\/chesse.org\\\/wp-content\\\/uploads\\\/2022\\\/10\\\/the-five-steps-in-the-substitution-process_norwegian.svg\"},{\"@type\":\"BreadcrumbList\",\"@id\":\"https:\\\/\\\/chesse.org\\\/no\\\/risikovurdering-og-substitusjon\\\/substitusjon\\\/#breadcrumb\",\"itemListElement\":[{\"@type\":\"ListItem\",\"position\":1,\"name\":\"Hjem\",\"item\":\"https:\\\/\\\/chesse.org\\\/no\\\/\"},{\"@type\":\"ListItem\",\"position\":2,\"name\":\"Risikovurdering og substitusjon\",\"item\":\"https:\\\/\\\/chesse.org\\\/no\\\/risikovurdering-og-substitusjon\\\/\"},{\"@type\":\"ListItem\",\"position\":3,\"name\":\"Substitusjon\"}]},{\"@type\":\"WebSite\",\"@id\":\"https:\\\/\\\/chesse.org\\\/no\\\/#website\",\"url\":\"https:\\\/\\\/chesse.org\\\/no\\\/\",\"name\":\"Kjemikaliesikkerhet i naturfag og kjemi\",\"description\":\"Kortfattet, oppdatert informasjon for naturfag- og kjemil\u00e6rere, skoleledere og l\u00e6rerutdannere.\",\"publisher\":{\"@id\":\"https:\\\/\\\/chesse.org\\\/no\\\/#organization\"},\"potentialAction\":[{\"@type\":\"SearchAction\",\"target\":{\"@type\":\"EntryPoint\",\"urlTemplate\":\"https:\\\/\\\/chesse.org\\\/no\\\/?s={search_term_string}\"},\"query-input\":{\"@type\":\"PropertyValueSpecification\",\"valueRequired\":true,\"valueName\":\"search_term_string\"}}],\"inLanguage\":\"nb-NO\"},{\"@type\":\"Organization\",\"@id\":\"https:\\\/\\\/chesse.org\\\/no\\\/#organization\",\"name\":\"Online resources for Chemical Safety in Science Education\",\"url\":\"https:\\\/\\\/chesse.org\\\/no\\\/\",\"logo\":{\"@type\":\"ImageObject\",\"inLanguage\":\"nb-NO\",\"@id\":\"https:\\\/\\\/chesse.org\\\/no\\\/#\\\/schema\\\/logo\\\/image\\\/\",\"url\":\"https:\\\/\\\/chesse.org\\\/wp-content\\\/uploads\\\/2020\\\/10\\\/CheSSE_logo-01.svg\",\"contentUrl\":\"https:\\\/\\\/chesse.org\\\/wp-content\\\/uploads\\\/2020\\\/10\\\/CheSSE_logo-01.svg\",\"width\":350,\"height\":100,\"caption\":\"Online resources for Chemical Safety in Science Education\"},\"image\":{\"@id\":\"https:\\\/\\\/chesse.org\\\/no\\\/#\\\/schema\\\/logo\\\/image\\\/\"}}]}<\/script>\n<!-- \/ Yoast SEO plugin. -->","yoast_head_json":{"title":"Substitusjon &#8211; Kjemikaliesikkerhet i naturfag og kjemi","description":"I denne sammenhengen er substitusjon \u00e5 erstatte farlige kjemikalier og prosedyrer med mindre farlige alternativer.","robots":{"index":"index","follow":"follow","max-snippet":"max-snippet:-1","max-image-preview":"max-image-preview:large","max-video-preview":"max-video-preview:-1"},"canonical":"https:\/\/chesse.org\/no\/risikovurdering-og-substitusjon\/substitusjon\/","og_locale":"nb_NO","og_type":"article","og_title":"Substitusjon &#8211; Kjemikaliesikkerhet i naturfag og kjemi","og_description":"Substitusjon er \u00e5 erstatte farlige kjemikalier og prosedyrer med mindre farlige alternativer.","og_url":"https:\/\/chesse.org\/no\/risikovurdering-og-substitusjon\/substitusjon\/","og_site_name":"Kjemikaliesikkerhet i naturfag og kjemi","article_modified_time":"2023-05-31T15:34:36+00:00","og_image":[{"url":"https:\/\/chesse.org\/wp-content\/uploads\/2022\/10\/the-five-steps-in-the-substitution-process_norwegian.svg","type":"","width":"","height":""}],"twitter_card":"summary_large_image","schema":{"@context":"https:\/\/schema.org","@graph":[{"@type":"WebPage","@id":"https:\/\/chesse.org\/no\/risikovurdering-og-substitusjon\/substitusjon\/","url":"https:\/\/chesse.org\/no\/risikovurdering-og-substitusjon\/substitusjon\/","name":"Substitusjon &#8211; Kjemikaliesikkerhet i naturfag og kjemi","isPartOf":{"@id":"https:\/\/chesse.org\/no\/#website"},"primaryImageOfPage":{"@id":"https:\/\/chesse.org\/no\/risikovurdering-og-substitusjon\/substitusjon\/#primaryimage"},"image":{"@id":"https:\/\/chesse.org\/no\/risikovurdering-og-substitusjon\/substitusjon\/#primaryimage"},"thumbnailUrl":"https:\/\/chesse.org\/wp-content\/uploads\/2022\/10\/the-five-steps-in-the-substitution-process_norwegian.svg","datePublished":"2022-10-07T07:13:28+00:00","dateModified":"2023-05-31T15:34:36+00:00","description":"I denne sammenhengen er substitusjon \u00e5 erstatte farlige kjemikalier og prosedyrer med mindre farlige alternativer.","breadcrumb":{"@id":"https:\/\/chesse.org\/no\/risikovurdering-og-substitusjon\/substitusjon\/#breadcrumb"},"inLanguage":"nb-NO","potentialAction":[{"@type":"ReadAction","target":["https:\/\/chesse.org\/no\/risikovurdering-og-substitusjon\/substitusjon\/"]}]},{"@type":"ImageObject","inLanguage":"nb-NO","@id":"https:\/\/chesse.org\/no\/risikovurdering-og-substitusjon\/substitusjon\/#primaryimage","url":"https:\/\/chesse.org\/wp-content\/uploads\/2022\/10\/the-five-steps-in-the-substitution-process_norwegian.svg","contentUrl":"https:\/\/chesse.org\/wp-content\/uploads\/2022\/10\/the-five-steps-in-the-substitution-process_norwegian.svg"},{"@type":"BreadcrumbList","@id":"https:\/\/chesse.org\/no\/risikovurdering-og-substitusjon\/substitusjon\/#breadcrumb","itemListElement":[{"@type":"ListItem","position":1,"name":"Hjem","item":"https:\/\/chesse.org\/no\/"},{"@type":"ListItem","position":2,"name":"Risikovurdering og substitusjon","item":"https:\/\/chesse.org\/no\/risikovurdering-og-substitusjon\/"},{"@type":"ListItem","position":3,"name":"Substitusjon"}]},{"@type":"WebSite","@id":"https:\/\/chesse.org\/no\/#website","url":"https:\/\/chesse.org\/no\/","name":"Kjemikaliesikkerhet i naturfag og kjemi","description":"Kortfattet, oppdatert informasjon for naturfag- og kjemil\u00e6rere, skoleledere og l\u00e6rerutdannere.","publisher":{"@id":"https:\/\/chesse.org\/no\/#organization"},"potentialAction":[{"@type":"SearchAction","target":{"@type":"EntryPoint","urlTemplate":"https:\/\/chesse.org\/no\/?s={search_term_string}"},"query-input":{"@type":"PropertyValueSpecification","valueRequired":true,"valueName":"search_term_string"}}],"inLanguage":"nb-NO"},{"@type":"Organization","@id":"https:\/\/chesse.org\/no\/#organization","name":"Online resources for Chemical Safety in Science Education","url":"https:\/\/chesse.org\/no\/","logo":{"@type":"ImageObject","inLanguage":"nb-NO","@id":"https:\/\/chesse.org\/no\/#\/schema\/logo\/image\/","url":"https:\/\/chesse.org\/wp-content\/uploads\/2020\/10\/CheSSE_logo-01.svg","contentUrl":"https:\/\/chesse.org\/wp-content\/uploads\/2020\/10\/CheSSE_logo-01.svg","width":350,"height":100,"caption":"Online resources for Chemical Safety in Science Education"},"image":{"@id":"https:\/\/chesse.org\/no\/#\/schema\/logo\/image\/"}}]}},"_links":{"self":[{"href":"https:\/\/chesse.org\/no\/wp-json\/wp\/v2\/pages\/9538","targetHints":{"allow":["GET"]}}],"collection":[{"href":"https:\/\/chesse.org\/no\/wp-json\/wp\/v2\/pages"}],"about":[{"href":"https:\/\/chesse.org\/no\/wp-json\/wp\/v2\/types\/page"}],"author":[{"embeddable":true,"href":"https:\/\/chesse.org\/no\/wp-json\/wp\/v2\/users\/50"}],"replies":[{"embeddable":true,"href":"https:\/\/chesse.org\/no\/wp-json\/wp\/v2\/comments?post=9538"}],"version-history":[{"count":74,"href":"https:\/\/chesse.org\/no\/wp-json\/wp\/v2\/pages\/9538\/revisions"}],"predecessor-version":[{"id":14299,"href":"https:\/\/chesse.org\/no\/wp-json\/wp\/v2\/pages\/9538\/revisions\/14299"}],"up":[{"embeddable":true,"href":"https:\/\/chesse.org\/no\/wp-json\/wp\/v2\/pages\/9469"}],"wp:attachment":[{"href":"https:\/\/chesse.org\/no\/wp-json\/wp\/v2\/media?parent=9538"}],"curies":[{"name":"wp","href":"https:\/\/api.w.org\/{rel}","templated":true}]}}