{"id":9579,"date":"2022-10-07T10:01:57","date_gmt":"2022-10-07T08:01:57","guid":{"rendered":"https:\/\/chesse.org\/merking-oppbevaring-og-avfallshandtering\/"},"modified":"2022-10-10T11:20:10","modified_gmt":"2022-10-10T09:20:10","slug":"merking-oppbevaring-og-avfallshandtering","status":"publish","type":"page","link":"https:\/\/chesse.org\/no\/merking-oppbevaring-og-avfallshandtering\/","title":{"rendered":"Merking, oppbevaring og avfallsh\u00e5ndtering"},"content":{"rendered":"\t\t<div data-elementor-type=\"wp-page\" data-elementor-id=\"9579\" class=\"elementor elementor-9579 elementor-55\" data-elementor-post-type=\"page\">\n\t\t\t\t\t\t<div class=\"elementor-section elementor-top-section elementor-element elementor-element-891e6f2 elementor-section-boxed elementor-section-height-default elementor-section-height-default\" data-id=\"891e6f2\" data-element_type=\"section\" data-e-type=\"section\">\n\t\t\t\t\t\t<div class=\"elementor-container elementor-column-gap-default\">\n\t\t\t\t\t<div class=\"elementor-column elementor-col-100 elementor-top-column elementor-element elementor-element-d53f8cd\" data-id=\"d53f8cd\" data-element_type=\"column\" data-e-type=\"column\">\n\t\t\t<div class=\"elementor-widget-wrap elementor-element-populated\">\n\t\t\t\t\t\t<div class=\"elementor-element elementor-element-d4a2421 standfirst elementor-widget elementor-widget-text-editor\" data-id=\"d4a2421\" data-element_type=\"widget\" data-e-type=\"widget\" data-widget_type=\"text-editor.default\">\n\t\t\t\t<div class=\"elementor-widget-container\">\n\t\t\t\t\t\t\t\t\t<p>Her finner du informasjon om hvordan en skole b\u00f8r merke og oppbevare kjemikalier og hvilke rutiner for h\u00e5ndtering av kjemisk avfall som b\u00f8r v\u00e6re p\u00e5 plass.<\/p>\n\t\t\t\t\t\t\t\t<\/div>\n\t\t\t\t<\/div>\n\t\t\t\t\t<\/div>\n\t\t<\/div>\n\t\t\t\t\t<\/div>\n\t\t<\/div>\n\t\t\t\t<div class=\"elementor-section elementor-top-section elementor-element elementor-element-1239184 subsectionpage labelling-section elementor-section-boxed elementor-section-height-default elementor-section-height-default\" data-id=\"1239184\" data-element_type=\"section\" data-e-type=\"section\">\n\t\t\t\t\t\t<div class=\"elementor-container elementor-column-gap-no\">\n\t\t\t\t\t<div class=\"elementor-column elementor-col-100 elementor-top-column elementor-element elementor-element-d781dde\" data-id=\"d781dde\" data-element_type=\"column\" data-e-type=\"column\">\n\t\t\t<div class=\"elementor-widget-wrap elementor-element-populated\">\n\t\t\t\t\t\t<section class=\"elementor-section elementor-inner-section elementor-element elementor-element-20d2783 elementor-section-boxed elementor-section-height-default elementor-section-height-default\" data-id=\"20d2783\" data-element_type=\"section\" data-e-type=\"section\">\n\t\t\t\t\t\t<div class=\"elementor-container elementor-column-gap-default\">\n\t\t\t\t\t<div class=\"elementor-column elementor-col-33 elementor-inner-column elementor-element elementor-element-51edb1e\" data-id=\"51edb1e\" data-element_type=\"column\" data-e-type=\"column\">\n\t\t\t<div class=\"elementor-widget-wrap elementor-element-populated\">\n\t\t\t\t\t\t<div class=\"elementor-element elementor-element-580e9ad elementor-widget elementor-widget-button\" data-id=\"580e9ad\" data-element_type=\"widget\" data-e-type=\"widget\" data-widget_type=\"button.default\">\n\t\t\t\t<div class=\"elementor-widget-container\">\n\t\t\t\t\t\t\t\t\t<div class=\"elementor-button-wrapper\">\n\t\t\t\t\t<a class=\"elementor-button elementor-button-link elementor-size-lg\" href=\"https:\/\/chesse.org\/no\/merking-oppbevaring-og-avfallshandtering\/merking\/\">\n\t\t\t\t\t\t<span class=\"elementor-button-content-wrapper\">\n\t\t\t\t\t\t\t\t\t<span class=\"elementor-button-text\">Merking<\/span>\n\t\t\t\t\t<\/span>\n\t\t\t\t\t<\/a>\n\t\t\t\t<\/div>\n\t\t\t\t\t\t\t\t<\/div>\n\t\t\t\t<\/div>\n\t\t\t\t\t<\/div>\n\t\t<\/div>\n\t\t\t\t<div class=\"elementor-column elementor-col-33 elementor-inner-column elementor-element elementor-element-f56db36\" data-id=\"f56db36\" data-element_type=\"column\" data-e-type=\"column\">\n\t\t\t<div class=\"elementor-widget-wrap elementor-element-populated\">\n\t\t\t\t\t\t<div class=\"elementor-element elementor-element-4607631 elementor-widget elementor-widget-button\" data-id=\"4607631\" data-element_type=\"widget\" data-e-type=\"widget\" data-widget_type=\"button.default\">\n\t\t\t\t<div class=\"elementor-widget-container\">\n\t\t\t\t\t\t\t\t\t<div class=\"elementor-button-wrapper\">\n\t\t\t\t\t<a class=\"elementor-button elementor-button-link elementor-size-lg\" href=\"https:\/\/chesse.org\/no\/merking-oppbevaring-og-avfallshandtering\/oppbevaring\/\">\n\t\t\t\t\t\t<span class=\"elementor-button-content-wrapper\">\n\t\t\t\t\t\t\t\t\t<span class=\"elementor-button-text\">Oppbevaring<\/span>\n\t\t\t\t\t<\/span>\n\t\t\t\t\t<\/a>\n\t\t\t\t<\/div>\n\t\t\t\t\t\t\t\t<\/div>\n\t\t\t\t<\/div>\n\t\t\t\t\t<\/div>\n\t\t<\/div>\n\t\t\t\t<div class=\"elementor-column elementor-col-33 elementor-inner-column elementor-element elementor-element-19a339c\" data-id=\"19a339c\" data-element_type=\"column\" data-e-type=\"column\">\n\t\t\t<div class=\"elementor-widget-wrap elementor-element-populated\">\n\t\t\t\t\t\t<div class=\"elementor-element elementor-element-4f91f2f elementor-widget elementor-widget-button\" data-id=\"4f91f2f\" data-element_type=\"widget\" data-e-type=\"widget\" data-widget_type=\"button.default\">\n\t\t\t\t<div class=\"elementor-widget-container\">\n\t\t\t\t\t\t\t\t\t<div class=\"elementor-button-wrapper\">\n\t\t\t\t\t<a class=\"elementor-button elementor-button-link elementor-size-lg\" href=\"https:\/\/chesse.org\/no\/merking-oppbevaring-og-avfallshandtering\/avfallshandtering\/\">\n\t\t\t\t\t\t<span class=\"elementor-button-content-wrapper\">\n\t\t\t\t\t\t\t\t\t<span class=\"elementor-button-text\">Avfallsh\u00e5ndtering<\/span>\n\t\t\t\t\t<\/span>\n\t\t\t\t\t<\/a>\n\t\t\t\t<\/div>\n\t\t\t\t\t\t\t\t<\/div>\n\t\t\t\t<\/div>\n\t\t\t\t\t<\/div>\n\t\t<\/div>\n\t\t\t\t\t<\/div>\n\t\t<\/section>\n\t\t\t\t\t<\/div>\n\t\t<\/div>\n\t\t\t\t\t<\/div>\n\t\t<\/div>\n\t\t\t\t<\/div>\n\t\t","protected":false},"excerpt":{"rendered":"<p>Her finner du informasjon om hvordan en skole b\u00f8r merke og oppbevare kjemikalier og hvilke rutiner for h\u00e5ndtering av kjemisk avfall som b\u00f8r v\u00e6re p\u00e5 plass. Merking Oppbevaring Avfallsh\u00e5ndtering<\/p>\n","protected":false},"author":43,"featured_media":0,"parent":0,"menu_order":2,"comment_status":"closed","ping_status":"closed","template":"","meta":{"footnotes":""},"class_list":["post-9579","page","type-page","status-publish","hentry"],"yoast_head":"<!-- This site is optimized with the Yoast SEO plugin v27.5 - https:\/\/yoast.com\/product\/yoast-seo-wordpress\/ -->\n<title>Merking, oppbevaring og avfallsh\u00e5ndtering &#8211; Kjemikaliesikkerhet i naturfag og kjemi<\/title>\n<meta name=\"description\" content=\"Her finner du informasjon om hvordan en skole b\u00f8r merke og oppbevare kjemikalier og hvilke rutiner for h\u00e5ndtering av kjemisk avfall som b\u00f8r v\u00e6re p\u00e5 plass.\" \/>\n<meta name=\"robots\" content=\"index, follow, max-snippet:-1, max-image-preview:large, max-video-preview:-1\" \/>\n<link rel=\"canonical\" href=\"https:\/\/chesse.org\/no\/merking-oppbevaring-og-avfallshandtering\/\" \/>\n<meta property=\"og:locale\" content=\"nb_NO\" \/>\n<meta property=\"og:type\" content=\"article\" \/>\n<meta property=\"og:title\" content=\"Merking, oppbevaring og avfallsh\u00e5ndtering &#8211; Kjemikaliesikkerhet i naturfag og kjemi\" \/>\n<meta property=\"og:description\" content=\"Her finner du informasjon om hvordan en skole b\u00f8r merke og oppbevare kjemikalier og hvilke rutiner for h\u00e5ndtering av kjemisk avfall som b\u00f8r v\u00e6re p\u00e5 plass.\" \/>\n<meta property=\"og:url\" content=\"https:\/\/chesse.org\/no\/merking-oppbevaring-og-avfallshandtering\/\" \/>\n<meta property=\"og:site_name\" content=\"Kjemikaliesikkerhet i naturfag og kjemi\" \/>\n<meta property=\"article:modified_time\" content=\"2022-10-10T09:20:10+00:00\" \/>\n<meta property=\"og:image\" content=\"https:\/\/chesse.org\/wp-content\/uploads\/2022\/06\/chesse-sharing.png\" \/>\n\t<meta property=\"og:image:width\" content=\"1200\" \/>\n\t<meta property=\"og:image:height\" content=\"630\" \/>\n\t<meta property=\"og:image:type\" content=\"image\/png\" \/>\n<meta name=\"twitter:card\" content=\"summary_large_image\" \/>\n<script type=\"application\/ld+json\" class=\"yoast-schema-graph\">{\"@context\":\"https:\\\/\\\/schema.org\",\"@graph\":[{\"@type\":\"WebPage\",\"@id\":\"https:\\\/\\\/chesse.org\\\/no\\\/merking-oppbevaring-og-avfallshandtering\\\/\",\"url\":\"https:\\\/\\\/chesse.org\\\/no\\\/merking-oppbevaring-og-avfallshandtering\\\/\",\"name\":\"Merking, oppbevaring og avfallsh\u00e5ndtering &#8211; Kjemikaliesikkerhet i naturfag og kjemi\",\"isPartOf\":{\"@id\":\"https:\\\/\\\/chesse.org\\\/no\\\/#website\"},\"datePublished\":\"2022-10-07T08:01:57+00:00\",\"dateModified\":\"2022-10-10T09:20:10+00:00\",\"description\":\"Her finner du informasjon om hvordan en skole b\u00f8r merke og oppbevare kjemikalier og hvilke rutiner for h\u00e5ndtering av kjemisk avfall som b\u00f8r v\u00e6re p\u00e5 plass.\",\"breadcrumb\":{\"@id\":\"https:\\\/\\\/chesse.org\\\/no\\\/merking-oppbevaring-og-avfallshandtering\\\/#breadcrumb\"},\"inLanguage\":\"nb-NO\",\"potentialAction\":[{\"@type\":\"ReadAction\",\"target\":[\"https:\\\/\\\/chesse.org\\\/no\\\/merking-oppbevaring-og-avfallshandtering\\\/\"]}]},{\"@type\":\"BreadcrumbList\",\"@id\":\"https:\\\/\\\/chesse.org\\\/no\\\/merking-oppbevaring-og-avfallshandtering\\\/#breadcrumb\",\"itemListElement\":[{\"@type\":\"ListItem\",\"position\":1,\"name\":\"Hjem\",\"item\":\"https:\\\/\\\/chesse.org\\\/no\\\/\"},{\"@type\":\"ListItem\",\"position\":2,\"name\":\"Merking, oppbevaring og avfallsh\u00e5ndtering\"}]},{\"@type\":\"WebSite\",\"@id\":\"https:\\\/\\\/chesse.org\\\/no\\\/#website\",\"url\":\"https:\\\/\\\/chesse.org\\\/no\\\/\",\"name\":\"Kjemikaliesikkerhet i naturfag og kjemi\",\"description\":\"Kortfattet, oppdatert informasjon for naturfag- og kjemil\u00e6rere, skoleledere og l\u00e6rerutdannere.\",\"publisher\":{\"@id\":\"https:\\\/\\\/chesse.org\\\/no\\\/#organization\"},\"potentialAction\":[{\"@type\":\"SearchAction\",\"target\":{\"@type\":\"EntryPoint\",\"urlTemplate\":\"https:\\\/\\\/chesse.org\\\/no\\\/?s={search_term_string}\"},\"query-input\":{\"@type\":\"PropertyValueSpecification\",\"valueRequired\":true,\"valueName\":\"search_term_string\"}}],\"inLanguage\":\"nb-NO\"},{\"@type\":\"Organization\",\"@id\":\"https:\\\/\\\/chesse.org\\\/no\\\/#organization\",\"name\":\"Online resources for Chemical Safety in Science Education\",\"url\":\"https:\\\/\\\/chesse.org\\\/no\\\/\",\"logo\":{\"@type\":\"ImageObject\",\"inLanguage\":\"nb-NO\",\"@id\":\"https:\\\/\\\/chesse.org\\\/no\\\/#\\\/schema\\\/logo\\\/image\\\/\",\"url\":\"https:\\\/\\\/chesse.org\\\/wp-content\\\/uploads\\\/2020\\\/10\\\/CheSSE_logo-01.svg\",\"contentUrl\":\"https:\\\/\\\/chesse.org\\\/wp-content\\\/uploads\\\/2020\\\/10\\\/CheSSE_logo-01.svg\",\"width\":350,\"height\":100,\"caption\":\"Online resources for Chemical Safety in Science Education\"},\"image\":{\"@id\":\"https:\\\/\\\/chesse.org\\\/no\\\/#\\\/schema\\\/logo\\\/image\\\/\"}}]}<\/script>\n<!-- \/ Yoast SEO plugin. -->","yoast_head_json":{"title":"Merking, oppbevaring og avfallsh\u00e5ndtering &#8211; Kjemikaliesikkerhet i naturfag og kjemi","description":"Her finner du informasjon om hvordan en skole b\u00f8r merke og oppbevare kjemikalier og hvilke rutiner for h\u00e5ndtering av kjemisk avfall som b\u00f8r v\u00e6re p\u00e5 plass.","robots":{"index":"index","follow":"follow","max-snippet":"max-snippet:-1","max-image-preview":"max-image-preview:large","max-video-preview":"max-video-preview:-1"},"canonical":"https:\/\/chesse.org\/no\/merking-oppbevaring-og-avfallshandtering\/","og_locale":"nb_NO","og_type":"article","og_title":"Merking, oppbevaring og avfallsh\u00e5ndtering &#8211; Kjemikaliesikkerhet i naturfag og kjemi","og_description":"Her finner du informasjon om hvordan en skole b\u00f8r merke og oppbevare kjemikalier og hvilke rutiner for h\u00e5ndtering av kjemisk avfall som b\u00f8r v\u00e6re p\u00e5 plass.","og_url":"https:\/\/chesse.org\/no\/merking-oppbevaring-og-avfallshandtering\/","og_site_name":"Kjemikaliesikkerhet i naturfag og kjemi","article_modified_time":"2022-10-10T09:20:10+00:00","og_image":[{"width":1200,"height":630,"url":"https:\/\/chesse.org\/wp-content\/uploads\/2022\/06\/chesse-sharing.png","type":"image\/png"}],"twitter_card":"summary_large_image","schema":{"@context":"https:\/\/schema.org","@graph":[{"@type":"WebPage","@id":"https:\/\/chesse.org\/no\/merking-oppbevaring-og-avfallshandtering\/","url":"https:\/\/chesse.org\/no\/merking-oppbevaring-og-avfallshandtering\/","name":"Merking, oppbevaring og avfallsh\u00e5ndtering &#8211; Kjemikaliesikkerhet i naturfag og kjemi","isPartOf":{"@id":"https:\/\/chesse.org\/no\/#website"},"datePublished":"2022-10-07T08:01:57+00:00","dateModified":"2022-10-10T09:20:10+00:00","description":"Her finner du informasjon om hvordan en skole b\u00f8r merke og oppbevare kjemikalier og hvilke rutiner for h\u00e5ndtering av kjemisk avfall som b\u00f8r v\u00e6re p\u00e5 plass.","breadcrumb":{"@id":"https:\/\/chesse.org\/no\/merking-oppbevaring-og-avfallshandtering\/#breadcrumb"},"inLanguage":"nb-NO","potentialAction":[{"@type":"ReadAction","target":["https:\/\/chesse.org\/no\/merking-oppbevaring-og-avfallshandtering\/"]}]},{"@type":"BreadcrumbList","@id":"https:\/\/chesse.org\/no\/merking-oppbevaring-og-avfallshandtering\/#breadcrumb","itemListElement":[{"@type":"ListItem","position":1,"name":"Hjem","item":"https:\/\/chesse.org\/no\/"},{"@type":"ListItem","position":2,"name":"Merking, oppbevaring og avfallsh\u00e5ndtering"}]},{"@type":"WebSite","@id":"https:\/\/chesse.org\/no\/#website","url":"https:\/\/chesse.org\/no\/","name":"Kjemikaliesikkerhet i naturfag og kjemi","description":"Kortfattet, oppdatert informasjon for naturfag- og kjemil\u00e6rere, skoleledere og l\u00e6rerutdannere.","publisher":{"@id":"https:\/\/chesse.org\/no\/#organization"},"potentialAction":[{"@type":"SearchAction","target":{"@type":"EntryPoint","urlTemplate":"https:\/\/chesse.org\/no\/?s={search_term_string}"},"query-input":{"@type":"PropertyValueSpecification","valueRequired":true,"valueName":"search_term_string"}}],"inLanguage":"nb-NO"},{"@type":"Organization","@id":"https:\/\/chesse.org\/no\/#organization","name":"Online resources for Chemical Safety in Science Education","url":"https:\/\/chesse.org\/no\/","logo":{"@type":"ImageObject","inLanguage":"nb-NO","@id":"https:\/\/chesse.org\/no\/#\/schema\/logo\/image\/","url":"https:\/\/chesse.org\/wp-content\/uploads\/2020\/10\/CheSSE_logo-01.svg","contentUrl":"https:\/\/chesse.org\/wp-content\/uploads\/2020\/10\/CheSSE_logo-01.svg","width":350,"height":100,"caption":"Online resources for Chemical Safety in Science Education"},"image":{"@id":"https:\/\/chesse.org\/no\/#\/schema\/logo\/image\/"}}]}},"_links":{"self":[{"href":"https:\/\/chesse.org\/no\/wp-json\/wp\/v2\/pages\/9579","targetHints":{"allow":["GET"]}}],"collection":[{"href":"https:\/\/chesse.org\/no\/wp-json\/wp\/v2\/pages"}],"about":[{"href":"https:\/\/chesse.org\/no\/wp-json\/wp\/v2\/types\/page"}],"author":[{"embeddable":true,"href":"https:\/\/chesse.org\/no\/wp-json\/wp\/v2\/users\/43"}],"replies":[{"embeddable":true,"href":"https:\/\/chesse.org\/no\/wp-json\/wp\/v2\/comments?post=9579"}],"version-history":[{"count":11,"href":"https:\/\/chesse.org\/no\/wp-json\/wp\/v2\/pages\/9579\/revisions"}],"predecessor-version":[{"id":9783,"href":"https:\/\/chesse.org\/no\/wp-json\/wp\/v2\/pages\/9579\/revisions\/9783"}],"wp:attachment":[{"href":"https:\/\/chesse.org\/no\/wp-json\/wp\/v2\/media?parent=9579"}],"curies":[{"name":"wp","href":"https:\/\/api.w.org\/{rel}","templated":true}]}}