{"id":9808,"date":"2022-09-10T19:09:10","date_gmt":"2022-09-10T17:09:10","guid":{"rendered":"https:\/\/chesse.org\/ansvarsfraskrivelse\/"},"modified":"2026-02-24T10:35:43","modified_gmt":"2026-02-24T09:35:43","slug":"ansvarsfraskrivelse","status":"publish","type":"page","link":"https:\/\/chesse.org\/no\/ansvarsfraskrivelse\/","title":{"rendered":"Ansvarsfraskrivelse"},"content":{"rendered":"\t\t<div data-elementor-type=\"wp-page\" data-elementor-id=\"9808\" class=\"elementor elementor-9808 elementor-434\" data-elementor-post-type=\"page\">\n\t\t\t\t\t\t<section class=\"elementor-section elementor-top-section elementor-element elementor-element-bff3cab mainLeft elementor-section-boxed elementor-section-height-default elementor-section-height-default\" data-id=\"bff3cab\" data-element_type=\"section\" data-e-type=\"section\">\n\t\t\t\t\t\t<div class=\"elementor-container elementor-column-gap-default\">\n\t\t\t\t\t<div class=\"elementor-column elementor-col-100 elementor-top-column elementor-element elementor-element-a37fbc7\" data-id=\"a37fbc7\" data-element_type=\"column\" data-e-type=\"column\">\n\t\t\t<div class=\"elementor-widget-wrap elementor-element-populated\">\n\t\t\t\t\t\t<div class=\"elementor-element elementor-element-4332acb elementor-widget elementor-widget-text-editor\" data-id=\"4332acb\" data-element_type=\"widget\" data-e-type=\"widget\" data-widget_type=\"text-editor.default\">\n\t\t\t\t<div class=\"elementor-widget-container\">\n\t\t\t\t\t\t\t\t\t<p>EU-kommisjonens st\u00f8tte til produksjonen av dette nettstedet er ikke en godkjenning av innholdet, men gjenspeiler kun synspunktene til forfatterne. Kommisjonen kan ikke holdes ansvarlig for bruk av informasjonen.<\/p><p><a href=\"https:\/\/erasmus-plus.ec.europa.eu\/projects\/search\/details\/2020-1-SE01-KA201-077945\">Erasmus+-prosjektet Online Resources for Chemical Safety in Science Education<\/a> vedlikeholder denne nettsiden. Vi pr\u00f8ver etter beste evne \u00e5 sikre at informasjonen p\u00e5 dette nettstedet er n\u00f8yaktig og oppdatert, og rette opp feil vi blir gjort oppmerksomme p\u00e5. Prosjektet p\u00e5tar seg imidlertid ikke noe ansvar og er ikke ansvarlige for tap eller skade som skyldes bruk av \u2013 eller manglende evne til \u00e5 bruke \u2013 informasjonen p\u00e5 nettstedet. <\/p>\t\t\t\t\t\t\t\t<\/div>\n\t\t\t\t<\/div>\n\t\t\t\t\t<\/div>\n\t\t<\/div>\n\t\t\t\t\t<\/div>\n\t\t<\/section>\n\t\t\t\t<\/div>\n\t\t","protected":false},"excerpt":{"rendered":"<p>EU-kommisjonens st\u00f8tte til produksjonen av dette nettstedet er ikke en godkjenning av innholdet, men gjenspeiler kun synspunktene til forfatterne. Kommisjonen kan ikke holdes ansvarlig for bruk av informasjonen. Erasmus+-prosjektet Online Resources for Chemical Safety in Science Education vedlikeholder denne nettsiden. Vi pr\u00f8ver etter beste evne \u00e5 sikre at informasjonen p\u00e5 dette nettstedet er n\u00f8yaktig og &hellip; <a href=\"https:\/\/chesse.org\/no\/ansvarsfraskrivelse\/\" class=\"more-link\">Fortsett \u00e5 lese <span class=\"screen-reader-text\">Ansvarsfraskrivelse<\/span> <span class=\"meta-nav\">&rarr;<\/span><\/a><\/p>\n","protected":false},"author":43,"featured_media":0,"parent":0,"menu_order":10,"comment_status":"closed","ping_status":"closed","template":"","meta":{"footnotes":""},"class_list":["post-9808","page","type-page","status-publish","hentry"],"yoast_head":"<!-- This site is optimized with the Yoast SEO plugin v27.5 - https:\/\/yoast.com\/product\/yoast-seo-wordpress\/ -->\n<title>Ansvarsfraskrivelse &#8211; Kjemikaliesikkerhet i naturfag og kjemi<\/title>\n<meta name=\"robots\" content=\"index, follow, max-snippet:-1, max-image-preview:large, max-video-preview:-1\" \/>\n<link rel=\"canonical\" href=\"https:\/\/chesse.org\/no\/ansvarsfraskrivelse\/\" \/>\n<meta property=\"og:locale\" content=\"nb_NO\" \/>\n<meta property=\"og:type\" content=\"article\" \/>\n<meta property=\"og:title\" content=\"Ansvarsfraskrivelse &#8211; Kjemikaliesikkerhet i naturfag og kjemi\" \/>\n<meta property=\"og:description\" content=\"EU-kommisjonens st\u00f8tte til produksjonen av dette nettstedet er ikke en godkjenning av innholdet, men gjenspeiler kun synspunktene til forfatterne. Kommisjonen kan ikke holdes ansvarlig for bruk av informasjonen. Erasmus+-prosjektet Online Resources for Chemical Safety in Science Education vedlikeholder denne nettsiden. Vi pr\u00f8ver etter beste evne \u00e5 sikre at informasjonen p\u00e5 dette nettstedet er n\u00f8yaktig og &hellip; Fortsett \u00e5 lese Ansvarsfraskrivelse &rarr;\" \/>\n<meta property=\"og:url\" content=\"https:\/\/chesse.org\/no\/ansvarsfraskrivelse\/\" \/>\n<meta property=\"og:site_name\" content=\"Kjemikaliesikkerhet i naturfag og kjemi\" \/>\n<meta property=\"article:modified_time\" content=\"2026-02-24T09:35:43+00:00\" \/>\n<meta property=\"og:image\" content=\"https:\/\/chesse.org\/wp-content\/uploads\/2022\/06\/chesse-sharing.png\" \/>\n\t<meta property=\"og:image:width\" content=\"1200\" \/>\n\t<meta property=\"og:image:height\" content=\"630\" \/>\n\t<meta property=\"og:image:type\" content=\"image\/png\" \/>\n<meta name=\"twitter:card\" content=\"summary_large_image\" \/>\n<script type=\"application\/ld+json\" class=\"yoast-schema-graph\">{\"@context\":\"https:\\\/\\\/schema.org\",\"@graph\":[{\"@type\":\"WebPage\",\"@id\":\"https:\\\/\\\/chesse.org\\\/no\\\/ansvarsfraskrivelse\\\/\",\"url\":\"https:\\\/\\\/chesse.org\\\/no\\\/ansvarsfraskrivelse\\\/\",\"name\":\"Ansvarsfraskrivelse &#8211; Kjemikaliesikkerhet i naturfag og kjemi\",\"isPartOf\":{\"@id\":\"https:\\\/\\\/chesse.org\\\/no\\\/#website\"},\"datePublished\":\"2022-09-10T17:09:10+00:00\",\"dateModified\":\"2026-02-24T09:35:43+00:00\",\"breadcrumb\":{\"@id\":\"https:\\\/\\\/chesse.org\\\/no\\\/ansvarsfraskrivelse\\\/#breadcrumb\"},\"inLanguage\":\"nb-NO\",\"potentialAction\":[{\"@type\":\"ReadAction\",\"target\":[\"https:\\\/\\\/chesse.org\\\/no\\\/ansvarsfraskrivelse\\\/\"]}]},{\"@type\":\"BreadcrumbList\",\"@id\":\"https:\\\/\\\/chesse.org\\\/no\\\/ansvarsfraskrivelse\\\/#breadcrumb\",\"itemListElement\":[{\"@type\":\"ListItem\",\"position\":1,\"name\":\"Hjem\",\"item\":\"https:\\\/\\\/chesse.org\\\/no\\\/\"},{\"@type\":\"ListItem\",\"position\":2,\"name\":\"Ansvarsfraskrivelse\"}]},{\"@type\":\"WebSite\",\"@id\":\"https:\\\/\\\/chesse.org\\\/no\\\/#website\",\"url\":\"https:\\\/\\\/chesse.org\\\/no\\\/\",\"name\":\"Kjemikaliesikkerhet i naturfag og kjemi\",\"description\":\"Kortfattet, oppdatert informasjon for naturfag- og kjemil\u00e6rere, skoleledere og l\u00e6rerutdannere.\",\"publisher\":{\"@id\":\"https:\\\/\\\/chesse.org\\\/no\\\/#organization\"},\"potentialAction\":[{\"@type\":\"SearchAction\",\"target\":{\"@type\":\"EntryPoint\",\"urlTemplate\":\"https:\\\/\\\/chesse.org\\\/no\\\/?s={search_term_string}\"},\"query-input\":{\"@type\":\"PropertyValueSpecification\",\"valueRequired\":true,\"valueName\":\"search_term_string\"}}],\"inLanguage\":\"nb-NO\"},{\"@type\":\"Organization\",\"@id\":\"https:\\\/\\\/chesse.org\\\/no\\\/#organization\",\"name\":\"Online resources for Chemical Safety in Science Education\",\"url\":\"https:\\\/\\\/chesse.org\\\/no\\\/\",\"logo\":{\"@type\":\"ImageObject\",\"inLanguage\":\"nb-NO\",\"@id\":\"https:\\\/\\\/chesse.org\\\/no\\\/#\\\/schema\\\/logo\\\/image\\\/\",\"url\":\"https:\\\/\\\/chesse.org\\\/wp-content\\\/uploads\\\/2020\\\/10\\\/CheSSE_logo-01.svg\",\"contentUrl\":\"https:\\\/\\\/chesse.org\\\/wp-content\\\/uploads\\\/2020\\\/10\\\/CheSSE_logo-01.svg\",\"width\":350,\"height\":100,\"caption\":\"Online resources for Chemical Safety in Science Education\"},\"image\":{\"@id\":\"https:\\\/\\\/chesse.org\\\/no\\\/#\\\/schema\\\/logo\\\/image\\\/\"}}]}<\/script>\n<!-- \/ Yoast SEO plugin. -->","yoast_head_json":{"title":"Ansvarsfraskrivelse &#8211; Kjemikaliesikkerhet i naturfag og kjemi","robots":{"index":"index","follow":"follow","max-snippet":"max-snippet:-1","max-image-preview":"max-image-preview:large","max-video-preview":"max-video-preview:-1"},"canonical":"https:\/\/chesse.org\/no\/ansvarsfraskrivelse\/","og_locale":"nb_NO","og_type":"article","og_title":"Ansvarsfraskrivelse &#8211; Kjemikaliesikkerhet i naturfag og kjemi","og_description":"EU-kommisjonens st\u00f8tte til produksjonen av dette nettstedet er ikke en godkjenning av innholdet, men gjenspeiler kun synspunktene til forfatterne. Kommisjonen kan ikke holdes ansvarlig for bruk av informasjonen. Erasmus+-prosjektet Online Resources for Chemical Safety in Science Education vedlikeholder denne nettsiden. Vi pr\u00f8ver etter beste evne \u00e5 sikre at informasjonen p\u00e5 dette nettstedet er n\u00f8yaktig og &hellip; Fortsett \u00e5 lese Ansvarsfraskrivelse &rarr;","og_url":"https:\/\/chesse.org\/no\/ansvarsfraskrivelse\/","og_site_name":"Kjemikaliesikkerhet i naturfag og kjemi","article_modified_time":"2026-02-24T09:35:43+00:00","og_image":[{"width":1200,"height":630,"url":"https:\/\/chesse.org\/wp-content\/uploads\/2022\/06\/chesse-sharing.png","type":"image\/png"}],"twitter_card":"summary_large_image","schema":{"@context":"https:\/\/schema.org","@graph":[{"@type":"WebPage","@id":"https:\/\/chesse.org\/no\/ansvarsfraskrivelse\/","url":"https:\/\/chesse.org\/no\/ansvarsfraskrivelse\/","name":"Ansvarsfraskrivelse &#8211; Kjemikaliesikkerhet i naturfag og kjemi","isPartOf":{"@id":"https:\/\/chesse.org\/no\/#website"},"datePublished":"2022-09-10T17:09:10+00:00","dateModified":"2026-02-24T09:35:43+00:00","breadcrumb":{"@id":"https:\/\/chesse.org\/no\/ansvarsfraskrivelse\/#breadcrumb"},"inLanguage":"nb-NO","potentialAction":[{"@type":"ReadAction","target":["https:\/\/chesse.org\/no\/ansvarsfraskrivelse\/"]}]},{"@type":"BreadcrumbList","@id":"https:\/\/chesse.org\/no\/ansvarsfraskrivelse\/#breadcrumb","itemListElement":[{"@type":"ListItem","position":1,"name":"Hjem","item":"https:\/\/chesse.org\/no\/"},{"@type":"ListItem","position":2,"name":"Ansvarsfraskrivelse"}]},{"@type":"WebSite","@id":"https:\/\/chesse.org\/no\/#website","url":"https:\/\/chesse.org\/no\/","name":"Kjemikaliesikkerhet i naturfag og kjemi","description":"Kortfattet, oppdatert informasjon for naturfag- og kjemil\u00e6rere, skoleledere og l\u00e6rerutdannere.","publisher":{"@id":"https:\/\/chesse.org\/no\/#organization"},"potentialAction":[{"@type":"SearchAction","target":{"@type":"EntryPoint","urlTemplate":"https:\/\/chesse.org\/no\/?s={search_term_string}"},"query-input":{"@type":"PropertyValueSpecification","valueRequired":true,"valueName":"search_term_string"}}],"inLanguage":"nb-NO"},{"@type":"Organization","@id":"https:\/\/chesse.org\/no\/#organization","name":"Online resources for Chemical Safety in Science Education","url":"https:\/\/chesse.org\/no\/","logo":{"@type":"ImageObject","inLanguage":"nb-NO","@id":"https:\/\/chesse.org\/no\/#\/schema\/logo\/image\/","url":"https:\/\/chesse.org\/wp-content\/uploads\/2020\/10\/CheSSE_logo-01.svg","contentUrl":"https:\/\/chesse.org\/wp-content\/uploads\/2020\/10\/CheSSE_logo-01.svg","width":350,"height":100,"caption":"Online resources for Chemical Safety in Science Education"},"image":{"@id":"https:\/\/chesse.org\/no\/#\/schema\/logo\/image\/"}}]}},"_links":{"self":[{"href":"https:\/\/chesse.org\/no\/wp-json\/wp\/v2\/pages\/9808","targetHints":{"allow":["GET"]}}],"collection":[{"href":"https:\/\/chesse.org\/no\/wp-json\/wp\/v2\/pages"}],"about":[{"href":"https:\/\/chesse.org\/no\/wp-json\/wp\/v2\/types\/page"}],"author":[{"embeddable":true,"href":"https:\/\/chesse.org\/no\/wp-json\/wp\/v2\/users\/43"}],"replies":[{"embeddable":true,"href":"https:\/\/chesse.org\/no\/wp-json\/wp\/v2\/comments?post=9808"}],"version-history":[{"count":14,"href":"https:\/\/chesse.org\/no\/wp-json\/wp\/v2\/pages\/9808\/revisions"}],"predecessor-version":[{"id":16543,"href":"https:\/\/chesse.org\/no\/wp-json\/wp\/v2\/pages\/9808\/revisions\/16543"}],"wp:attachment":[{"href":"https:\/\/chesse.org\/no\/wp-json\/wp\/v2\/media?parent=9808"}],"curies":[{"name":"wp","href":"https:\/\/api.w.org\/{rel}","templated":true}]}}