{"id":11737,"date":"2022-11-28T17:08:04","date_gmt":"2022-11-28T16:08:04","guid":{"rendered":"https:\/\/chesse.org\/zemljevid-strani\/"},"modified":"2026-02-24T10:36:12","modified_gmt":"2026-02-24T09:36:12","slug":"zemljevid-strani","status":"publish","type":"page","link":"https:\/\/chesse.org\/sl\/zemljevid-strani\/","title":{"rendered":"Zemljevid strani"},"content":{"rendered":"\t\t<div data-elementor-type=\"wp-page\" data-elementor-id=\"11737\" class=\"elementor elementor-11737 elementor-37\" data-elementor-post-type=\"page\">\n\t\t\t\t\t\t<section class=\"elementor-section elementor-top-section elementor-element elementor-element-a9351ac elementor-section-boxed elementor-section-height-default elementor-section-height-default\" data-id=\"a9351ac\" data-element_type=\"section\" data-e-type=\"section\">\n\t\t\t\t\t\t<div class=\"elementor-container elementor-column-gap-default\">\n\t\t\t\t\t<div class=\"elementor-column elementor-col-100 elementor-top-column elementor-element elementor-element-f3c5056\" data-id=\"f3c5056\" data-element_type=\"column\" data-e-type=\"column\">\n\t\t\t<div class=\"elementor-widget-wrap elementor-element-populated\">\n\t\t\t\t\t\t<div class=\"elementor-element elementor-element-eeea7f4 elementor-widget elementor-widget-sitemap\" data-id=\"eeea7f4\" data-element_type=\"widget\" data-e-type=\"widget\" data-widget_type=\"sitemap.default\">\n\t\t\t\t<div class=\"elementor-widget-container\">\n\t\t\t\t\t<div class=\"elementor-sitemap-wrap\"><div class=\"elementor-sitemap-section\"><h2 class=\"elementor-sitemap-title elementor-sitemap-page-title\">Strani<\/h2><ul class=\"elementor-sitemap-list elementor-sitemap-page-list\"><li class=\"elementor-sitemap-item elementor-sitemap-item-page page_item page-item-14341\"><a href=\"https:\/\/chesse.org\/sl\/uvod-v-kemijsko-varnost-usmeritve-in-usposabljanje\/\">Uvod v kemijsko varnost, usmeritve in usposabljanje<\/a><ul class='children'><li class=\"elementor-sitemap-item elementor-sitemap-item-page page_item page-item-14346\"><a href=\"https:\/\/chesse.org\/sl\/uvod-v-kemijsko-varnost-usmeritve-in-usposabljanje\/uvod-v-kemijsko-varnost\/\">Uvod v kemijsko varnost<\/a><\/li><li class=\"elementor-sitemap-item elementor-sitemap-item-page page_item page-item-14363\"><a href=\"https:\/\/chesse.org\/sl\/uvod-v-kemijsko-varnost-usmeritve-in-usposabljanje\/usmeritve-s-primeri-dobre-prakse\/\">Usmeritve s primeri dobre prakse<\/a><\/li><li class=\"elementor-sitemap-item elementor-sitemap-item-page page_item page-item-14350\"><a href=\"https:\/\/chesse.org\/sl\/uvod-v-kemijsko-varnost-usmeritve-in-usposabljanje\/moznosti-za-nadaljnje-usposabljanje-s-podrocja-kemijske-varnosti\/\">Mo\u017enosti za nadaljnje usposabljanje s podro\u010dja kemijske varnosti<\/a><\/li><\/ul><\/li><li class=\"elementor-sitemap-item elementor-sitemap-item-page page_item page-item-13962\"><a href=\"https:\/\/chesse.org\/sl\/ocena-tveganja-in-zamenjava\/\">Kemijska varnost pri eksperimentalnem delu<\/a><ul class='children'><li class=\"elementor-sitemap-item elementor-sitemap-item-page page_item page-item-14049\"><a href=\"https:\/\/chesse.org\/sl\/ocena-tveganja-in-zamenjava\/premisleki-v-povezavi-z-oceno-tveganja\/\">Premisleki v povezavi z oceno tveganja<\/a><\/li><li class=\"elementor-sitemap-item elementor-sitemap-item-page page_item page-item-14044\"><a href=\"https:\/\/chesse.org\/sl\/ocena-tveganja-in-zamenjava\/nadomescanje\/\">Nadome\u0161\u010danje<\/a><\/li><\/ul><\/li><li class=\"elementor-sitemap-item elementor-sitemap-item-page page_item page-item-13806\"><a href=\"https:\/\/chesse.org\/sl\/oznacevanje-in-skladiscenje-kemikalij-ter-ravnanje-z-odpadki\/\">Ozna\u010devanje in skladi\u0161\u010denje kemikalij ter ravnanje z odpadki<\/a><ul class='children'><li class=\"elementor-sitemap-item elementor-sitemap-item-page page_item page-item-13819\"><a href=\"https:\/\/chesse.org\/sl\/oznacevanje-in-skladiscenje-kemikalij-ter-ravnanje-z-odpadki\/oznacevanje\/\">Ozna\u010devanje<\/a><\/li><li class=\"elementor-sitemap-item elementor-sitemap-item-page page_item page-item-13815\"><a href=\"https:\/\/chesse.org\/sl\/oznacevanje-in-skladiscenje-kemikalij-ter-ravnanje-z-odpadki\/skladiscenje\/\">Skladi\u0161\u010denje<\/a><\/li><li class=\"elementor-sitemap-item elementor-sitemap-item-page page_item page-item-13811\"><a href=\"https:\/\/chesse.org\/sl\/oznacevanje-in-skladiscenje-kemikalij-ter-ravnanje-z-odpadki\/ravnanje-z-odpadki\/\">Ravnanje z odpadki<\/a><\/li><\/ul><\/li><li class=\"elementor-sitemap-item elementor-sitemap-item-page page_item page-item-13694\"><a href=\"https:\/\/chesse.org\/sl\/zakonodaja\/\">Zakonodaja<\/a><ul class='children'><li class=\"elementor-sitemap-item elementor-sitemap-item-page page_item page-item-13697\"><a href=\"https:\/\/chesse.org\/sl\/zakonodaja\/pregled-zakonodaje-eu-o-kemikalijah\/\">Pregled zakonodaje EU o kemikalijah<\/a><\/li><li class=\"elementor-sitemap-item elementor-sitemap-item-page page_item page-item-13737\"><a href=\"https:\/\/chesse.org\/sl\/zakonodaja\/zakonodaja-o-razvrscanju-in-oznacevanju-kemikalij\/\">Zakonodaja o razvr\u0161\u010danju in ozna\u010devanju kemikalij<\/a><\/li><li class=\"elementor-sitemap-item elementor-sitemap-item-page page_item page-item-13731\"><a href=\"https:\/\/chesse.org\/sl\/zakonodaja\/zakonodaja-ki-omejuje-uporabo-kemikalij\/\">Zakonodaja, ki omejuje uporabo kemikalij<\/a><\/li><li class=\"elementor-sitemap-item elementor-sitemap-item-page page_item page-item-13700\"><a href=\"https:\/\/chesse.org\/sl\/zakonodaja\/zakonodaja-o-odpadkih\/\">Zakonodaja o odpadkih<\/a><\/li><li class=\"elementor-sitemap-item elementor-sitemap-item-page page_item page-item-13735\"><a href=\"https:\/\/chesse.org\/sl\/zakonodaja\/zakonodaja-na-podrocju-varnosti-in-zdravja-pri-delu\/\">Zakonodaja na podro\u010dju varnosti in zdravja pri delu<\/a><\/li><li class=\"elementor-sitemap-item elementor-sitemap-item-page page_item page-item-13733\"><a href=\"https:\/\/chesse.org\/sl\/zakonodaja\/nacionalno-specificna-zakonodaja\/\">Nacionalno specifi\u010dna zakonodaja<\/a><\/li><\/ul><\/li><li class=\"elementor-sitemap-item elementor-sitemap-item-page page_item page-item-14162\"><a href=\"https:\/\/chesse.org\/sl\/zelena-kemija\/\">Zelena kemija<\/a><ul class='children'><li class=\"elementor-sitemap-item elementor-sitemap-item-page page_item page-item-14119\"><a href=\"https:\/\/chesse.org\/sl\/zelena-kemija\/kaj-je-zelena-kemija\/\">Kaj je zelena kemija?<\/a><\/li><li class=\"elementor-sitemap-item elementor-sitemap-item-page page_item page-item-14123\"><a href=\"https:\/\/chesse.org\/sl\/zelena-kemija\/optimizacija-eksperimentalnega-dela-s-premisleki-zelene-kemije\/\">Optimizacija eksperimentalnega dela s premisleki zelene kemije<\/a><\/li><\/ul><\/li><li class=\"elementor-sitemap-item elementor-sitemap-item-page page_item page-item-14400\"><a href=\"https:\/\/chesse.org\/sl\/predloge-in-primeri-dobrih-praks\/\">Predloge in primeri dobrih praks<\/a><\/li><\/ul><\/div><\/div>\t\t\t\t<\/div>\n\t\t\t\t<\/div>\n\t\t\t\t\t<\/div>\n\t\t<\/div>\n\t\t\t\t\t<\/div>\n\t\t<\/section>\n\t\t\t\t<\/div>\n\t\t","protected":false},"excerpt":{"rendered":"","protected":false},"author":43,"featured_media":0,"parent":0,"menu_order":12,"comment_status":"closed","ping_status":"closed","template":"","meta":{"footnotes":""},"class_list":["post-11737","page","type-page","status-publish","hentry"],"yoast_head":"<!-- This site is optimized with the Yoast SEO plugin v27.3 - https:\/\/yoast.com\/product\/yoast-seo-wordpress\/ -->\n<title>Zemljevid strani &#8211; Chemical Safety in Science Education<\/title>\n<meta name=\"robots\" content=\"index, follow, max-snippet:-1, max-image-preview:large, max-video-preview:-1\" \/>\n<link rel=\"canonical\" href=\"https:\/\/chesse.org\/sl\/zemljevid-strani\/\" \/>\n<meta property=\"og:locale\" content=\"sl_SI\" \/>\n<meta property=\"og:type\" content=\"article\" \/>\n<meta property=\"og:title\" content=\"Zemljevid strani &#8211; Chemical Safety in Science Education\" \/>\n<meta property=\"og:url\" content=\"https:\/\/chesse.org\/sl\/zemljevid-strani\/\" \/>\n<meta property=\"og:site_name\" content=\"Chemical Safety in Science Education\" \/>\n<meta property=\"article:modified_time\" content=\"2026-02-24T09:36:12+00:00\" \/>\n<meta property=\"og:image\" content=\"https:\/\/chesse.org\/wp-content\/uploads\/2022\/06\/chesse-sharing.png\" \/>\n\t<meta property=\"og:image:width\" content=\"1200\" \/>\n\t<meta property=\"og:image:height\" content=\"630\" \/>\n\t<meta property=\"og:image:type\" content=\"image\/png\" \/>\n<meta name=\"twitter:card\" content=\"summary_large_image\" \/>\n<script type=\"application\/ld+json\" class=\"yoast-schema-graph\">{\"@context\":\"https:\\\/\\\/schema.org\",\"@graph\":[{\"@type\":\"WebPage\",\"@id\":\"https:\\\/\\\/chesse.org\\\/sl\\\/zemljevid-strani\\\/\",\"url\":\"https:\\\/\\\/chesse.org\\\/sl\\\/zemljevid-strani\\\/\",\"name\":\"Zemljevid strani &#8211; Chemical Safety in Science Education\",\"isPartOf\":{\"@id\":\"https:\\\/\\\/chesse.org\\\/sl\\\/#website\"},\"datePublished\":\"2022-11-28T16:08:04+00:00\",\"dateModified\":\"2026-02-24T09:36:12+00:00\",\"breadcrumb\":{\"@id\":\"https:\\\/\\\/chesse.org\\\/sl\\\/zemljevid-strani\\\/#breadcrumb\"},\"inLanguage\":\"sl-SI\",\"potentialAction\":[{\"@type\":\"ReadAction\",\"target\":[\"https:\\\/\\\/chesse.org\\\/sl\\\/zemljevid-strani\\\/\"]}]},{\"@type\":\"BreadcrumbList\",\"@id\":\"https:\\\/\\\/chesse.org\\\/sl\\\/zemljevid-strani\\\/#breadcrumb\",\"itemListElement\":[{\"@type\":\"ListItem\",\"position\":1,\"name\":\"Domov\",\"item\":\"https:\\\/\\\/chesse.org\\\/sl\\\/\"},{\"@type\":\"ListItem\",\"position\":2,\"name\":\"Zemljevid strani\"}]},{\"@type\":\"WebSite\",\"@id\":\"https:\\\/\\\/chesse.org\\\/sl\\\/#website\",\"url\":\"https:\\\/\\\/chesse.org\\\/sl\\\/\",\"name\":\"Chemical Safety in Science Education\",\"description\":\"Condensed, up-to date information for science and chemistry teachers, head of schools and science teacher educators.\",\"publisher\":{\"@id\":\"https:\\\/\\\/chesse.org\\\/sl\\\/#organization\"},\"potentialAction\":[{\"@type\":\"SearchAction\",\"target\":{\"@type\":\"EntryPoint\",\"urlTemplate\":\"https:\\\/\\\/chesse.org\\\/sl\\\/?s={search_term_string}\"},\"query-input\":{\"@type\":\"PropertyValueSpecification\",\"valueRequired\":true,\"valueName\":\"search_term_string\"}}],\"inLanguage\":\"sl-SI\"},{\"@type\":\"Organization\",\"@id\":\"https:\\\/\\\/chesse.org\\\/sl\\\/#organization\",\"name\":\"Online resources for Chemical Safety in Science Education\",\"url\":\"https:\\\/\\\/chesse.org\\\/sl\\\/\",\"logo\":{\"@type\":\"ImageObject\",\"inLanguage\":\"sl-SI\",\"@id\":\"https:\\\/\\\/chesse.org\\\/sl\\\/#\\\/schema\\\/logo\\\/image\\\/\",\"url\":\"https:\\\/\\\/chesse.org\\\/wp-content\\\/uploads\\\/2020\\\/10\\\/CheSSE_logo-01.svg\",\"contentUrl\":\"https:\\\/\\\/chesse.org\\\/wp-content\\\/uploads\\\/2020\\\/10\\\/CheSSE_logo-01.svg\",\"width\":350,\"height\":100,\"caption\":\"Online resources for Chemical Safety in Science Education\"},\"image\":{\"@id\":\"https:\\\/\\\/chesse.org\\\/sl\\\/#\\\/schema\\\/logo\\\/image\\\/\"}}]}<\/script>\n<!-- \/ Yoast SEO plugin. -->","yoast_head_json":{"title":"Zemljevid strani &#8211; Chemical Safety in Science Education","robots":{"index":"index","follow":"follow","max-snippet":"max-snippet:-1","max-image-preview":"max-image-preview:large","max-video-preview":"max-video-preview:-1"},"canonical":"https:\/\/chesse.org\/sl\/zemljevid-strani\/","og_locale":"sl_SI","og_type":"article","og_title":"Zemljevid strani &#8211; Chemical Safety in Science Education","og_url":"https:\/\/chesse.org\/sl\/zemljevid-strani\/","og_site_name":"Chemical Safety in Science Education","article_modified_time":"2026-02-24T09:36:12+00:00","og_image":[{"width":1200,"height":630,"url":"https:\/\/chesse.org\/wp-content\/uploads\/2022\/06\/chesse-sharing.png","type":"image\/png"}],"twitter_card":"summary_large_image","schema":{"@context":"https:\/\/schema.org","@graph":[{"@type":"WebPage","@id":"https:\/\/chesse.org\/sl\/zemljevid-strani\/","url":"https:\/\/chesse.org\/sl\/zemljevid-strani\/","name":"Zemljevid strani &#8211; Chemical Safety in Science Education","isPartOf":{"@id":"https:\/\/chesse.org\/sl\/#website"},"datePublished":"2022-11-28T16:08:04+00:00","dateModified":"2026-02-24T09:36:12+00:00","breadcrumb":{"@id":"https:\/\/chesse.org\/sl\/zemljevid-strani\/#breadcrumb"},"inLanguage":"sl-SI","potentialAction":[{"@type":"ReadAction","target":["https:\/\/chesse.org\/sl\/zemljevid-strani\/"]}]},{"@type":"BreadcrumbList","@id":"https:\/\/chesse.org\/sl\/zemljevid-strani\/#breadcrumb","itemListElement":[{"@type":"ListItem","position":1,"name":"Domov","item":"https:\/\/chesse.org\/sl\/"},{"@type":"ListItem","position":2,"name":"Zemljevid strani"}]},{"@type":"WebSite","@id":"https:\/\/chesse.org\/sl\/#website","url":"https:\/\/chesse.org\/sl\/","name":"Chemical Safety in Science Education","description":"Condensed, up-to date information for science and chemistry teachers, head of schools and science teacher educators.","publisher":{"@id":"https:\/\/chesse.org\/sl\/#organization"},"potentialAction":[{"@type":"SearchAction","target":{"@type":"EntryPoint","urlTemplate":"https:\/\/chesse.org\/sl\/?s={search_term_string}"},"query-input":{"@type":"PropertyValueSpecification","valueRequired":true,"valueName":"search_term_string"}}],"inLanguage":"sl-SI"},{"@type":"Organization","@id":"https:\/\/chesse.org\/sl\/#organization","name":"Online resources for Chemical Safety in Science Education","url":"https:\/\/chesse.org\/sl\/","logo":{"@type":"ImageObject","inLanguage":"sl-SI","@id":"https:\/\/chesse.org\/sl\/#\/schema\/logo\/image\/","url":"https:\/\/chesse.org\/wp-content\/uploads\/2020\/10\/CheSSE_logo-01.svg","contentUrl":"https:\/\/chesse.org\/wp-content\/uploads\/2020\/10\/CheSSE_logo-01.svg","width":350,"height":100,"caption":"Online resources for Chemical Safety in Science Education"},"image":{"@id":"https:\/\/chesse.org\/sl\/#\/schema\/logo\/image\/"}}]}},"_links":{"self":[{"href":"https:\/\/chesse.org\/sl\/wp-json\/wp\/v2\/pages\/11737","targetHints":{"allow":["GET"]}}],"collection":[{"href":"https:\/\/chesse.org\/sl\/wp-json\/wp\/v2\/pages"}],"about":[{"href":"https:\/\/chesse.org\/sl\/wp-json\/wp\/v2\/types\/page"}],"author":[{"embeddable":true,"href":"https:\/\/chesse.org\/sl\/wp-json\/wp\/v2\/users\/43"}],"replies":[{"embeddable":true,"href":"https:\/\/chesse.org\/sl\/wp-json\/wp\/v2\/comments?post=11737"}],"version-history":[{"count":2,"href":"https:\/\/chesse.org\/sl\/wp-json\/wp\/v2\/pages\/11737\/revisions"}],"predecessor-version":[{"id":15337,"href":"https:\/\/chesse.org\/sl\/wp-json\/wp\/v2\/pages\/11737\/revisions\/15337"}],"wp:attachment":[{"href":"https:\/\/chesse.org\/sl\/wp-json\/wp\/v2\/media?parent=11737"}],"curies":[{"name":"wp","href":"https:\/\/api.w.org\/{rel}","templated":true}]}}