{"id":11749,"date":"2022-11-28T17:15:59","date_gmt":"2022-11-28T16:15:59","guid":{"rendered":"https:\/\/chesse.org\/izjava-o-dostopnosti\/"},"modified":"2026-02-24T10:35:49","modified_gmt":"2026-02-24T09:35:49","slug":"izjava-o-dostopnosti","status":"publish","type":"page","link":"https:\/\/chesse.org\/sl\/izjava-o-dostopnosti\/","title":{"rendered":"Izjava o dostopnosti"},"content":{"rendered":"\t\t<div data-elementor-type=\"wp-page\" data-elementor-id=\"11749\" class=\"elementor elementor-11749 elementor-11027\" data-elementor-post-type=\"page\">\n\t\t\t\t\t\t<section class=\"elementor-section elementor-top-section elementor-element elementor-element-d762a7d mainLeft elementor-section-boxed elementor-section-height-default elementor-section-height-default\" data-id=\"d762a7d\" data-element_type=\"section\" data-e-type=\"section\">\n\t\t\t\t\t\t<div class=\"elementor-container elementor-column-gap-default\">\n\t\t\t\t\t<div class=\"elementor-column elementor-col-100 elementor-top-column elementor-element elementor-element-afdec77\" data-id=\"afdec77\" data-element_type=\"column\" data-e-type=\"column\">\n\t\t\t<div class=\"elementor-widget-wrap elementor-element-populated\">\n\t\t\t\t\t\t<div class=\"elementor-element elementor-element-a3ccf7a elementor-widget elementor-widget-text-editor\" data-id=\"a3ccf7a\" data-element_type=\"widget\" data-e-type=\"widget\" data-widget_type=\"text-editor.default\">\n\t\t\t\t<div class=\"elementor-widget-container\">\n\t\t\t\t\t\t\t\t\t<p>Prizadevamo si, da bi bila uporaba spletne strani chesse.org dostopna vsem.<\/p><h2>Stopnja skladnosti<\/h2><ul><li>Ni znanih odstopanj glede dostopnosti.<\/li><\/ul><h2>Povratne in kontaktne informacije<\/h2><p>\u010ce imate vpra\u0161anja ali povratne informacije v zvezi s prilagodljivostjo spletne strani chesse.org, nam lahko to sporo\u010dite po elektronskem naslovu <a href=\"mailto:accessibility@chesse.org\">accessibility@chesse.org<\/a>.<\/p>\t\t\t\t\t\t\t\t<\/div>\n\t\t\t\t<\/div>\n\t\t\t\t\t<\/div>\n\t\t<\/div>\n\t\t\t\t\t<\/div>\n\t\t<\/section>\n\t\t\t\t<\/div>\n\t\t","protected":false},"excerpt":{"rendered":"<p>Prizadevamo si, da bi bila uporaba spletne strani chesse.org dostopna vsem. Stopnja skladnosti Ni znanih odstopanj glede dostopnosti. Povratne in kontaktne informacije \u010ce imate vpra\u0161anja ali povratne informacije v zvezi s prilagodljivostjo spletne strani chesse.org, nam lahko to sporo\u010dite po elektronskem naslovu accessibility@chesse.org.<\/p>\n","protected":false},"author":43,"featured_media":0,"parent":0,"menu_order":11,"comment_status":"closed","ping_status":"closed","template":"","meta":{"footnotes":""},"class_list":["post-11749","page","type-page","status-publish","hentry"],"yoast_head":"<!-- This site is optimized with the Yoast SEO plugin v27.3 - https:\/\/yoast.com\/product\/yoast-seo-wordpress\/ -->\n<title>Izjava o dostopnosti &#8211; Chemical Safety in Science Education<\/title>\n<meta name=\"robots\" content=\"index, follow, max-snippet:-1, max-image-preview:large, max-video-preview:-1\" \/>\n<link rel=\"canonical\" href=\"https:\/\/chesse.org\/sl\/izjava-o-dostopnosti\/\" \/>\n<meta property=\"og:locale\" content=\"sl_SI\" \/>\n<meta property=\"og:type\" content=\"article\" \/>\n<meta property=\"og:title\" content=\"Izjava o dostopnosti &#8211; Chemical Safety in Science Education\" \/>\n<meta property=\"og:description\" content=\"Prizadevamo si, da bi bila uporaba spletne strani chesse.org dostopna vsem. Stopnja skladnosti Ni znanih odstopanj glede dostopnosti. Povratne in kontaktne informacije \u010ce imate vpra\u0161anja ali povratne informacije v zvezi s prilagodljivostjo spletne strani chesse.org, nam lahko to sporo\u010dite po elektronskem naslovu accessibility@chesse.org.\" \/>\n<meta property=\"og:url\" content=\"https:\/\/chesse.org\/sl\/izjava-o-dostopnosti\/\" \/>\n<meta property=\"og:site_name\" content=\"Chemical Safety in Science Education\" \/>\n<meta property=\"article:modified_time\" content=\"2026-02-24T09:35:49+00:00\" \/>\n<meta property=\"og:image\" content=\"https:\/\/chesse.org\/wp-content\/uploads\/2022\/06\/chesse-sharing.png\" \/>\n\t<meta property=\"og:image:width\" content=\"1200\" \/>\n\t<meta property=\"og:image:height\" content=\"630\" \/>\n\t<meta property=\"og:image:type\" content=\"image\/png\" \/>\n<meta name=\"twitter:card\" content=\"summary_large_image\" \/>\n<script type=\"application\/ld+json\" class=\"yoast-schema-graph\">{\"@context\":\"https:\\\/\\\/schema.org\",\"@graph\":[{\"@type\":\"WebPage\",\"@id\":\"https:\\\/\\\/chesse.org\\\/sl\\\/izjava-o-dostopnosti\\\/\",\"url\":\"https:\\\/\\\/chesse.org\\\/sl\\\/izjava-o-dostopnosti\\\/\",\"name\":\"Izjava o dostopnosti &#8211; Chemical Safety in Science Education\",\"isPartOf\":{\"@id\":\"https:\\\/\\\/chesse.org\\\/sl\\\/#website\"},\"datePublished\":\"2022-11-28T16:15:59+00:00\",\"dateModified\":\"2026-02-24T09:35:49+00:00\",\"breadcrumb\":{\"@id\":\"https:\\\/\\\/chesse.org\\\/sl\\\/izjava-o-dostopnosti\\\/#breadcrumb\"},\"inLanguage\":\"sl-SI\",\"potentialAction\":[{\"@type\":\"ReadAction\",\"target\":[\"https:\\\/\\\/chesse.org\\\/sl\\\/izjava-o-dostopnosti\\\/\"]}]},{\"@type\":\"BreadcrumbList\",\"@id\":\"https:\\\/\\\/chesse.org\\\/sl\\\/izjava-o-dostopnosti\\\/#breadcrumb\",\"itemListElement\":[{\"@type\":\"ListItem\",\"position\":1,\"name\":\"Domov\",\"item\":\"https:\\\/\\\/chesse.org\\\/sl\\\/\"},{\"@type\":\"ListItem\",\"position\":2,\"name\":\"Izjava o dostopnosti\"}]},{\"@type\":\"WebSite\",\"@id\":\"https:\\\/\\\/chesse.org\\\/sl\\\/#website\",\"url\":\"https:\\\/\\\/chesse.org\\\/sl\\\/\",\"name\":\"Chemical Safety in Science Education\",\"description\":\"Condensed, up-to date information for science and chemistry teachers, head of schools and science teacher educators.\",\"publisher\":{\"@id\":\"https:\\\/\\\/chesse.org\\\/sl\\\/#organization\"},\"potentialAction\":[{\"@type\":\"SearchAction\",\"target\":{\"@type\":\"EntryPoint\",\"urlTemplate\":\"https:\\\/\\\/chesse.org\\\/sl\\\/?s={search_term_string}\"},\"query-input\":{\"@type\":\"PropertyValueSpecification\",\"valueRequired\":true,\"valueName\":\"search_term_string\"}}],\"inLanguage\":\"sl-SI\"},{\"@type\":\"Organization\",\"@id\":\"https:\\\/\\\/chesse.org\\\/sl\\\/#organization\",\"name\":\"Online resources for Chemical Safety in Science Education\",\"url\":\"https:\\\/\\\/chesse.org\\\/sl\\\/\",\"logo\":{\"@type\":\"ImageObject\",\"inLanguage\":\"sl-SI\",\"@id\":\"https:\\\/\\\/chesse.org\\\/sl\\\/#\\\/schema\\\/logo\\\/image\\\/\",\"url\":\"https:\\\/\\\/chesse.org\\\/wp-content\\\/uploads\\\/2020\\\/10\\\/CheSSE_logo-01.svg\",\"contentUrl\":\"https:\\\/\\\/chesse.org\\\/wp-content\\\/uploads\\\/2020\\\/10\\\/CheSSE_logo-01.svg\",\"width\":350,\"height\":100,\"caption\":\"Online resources for Chemical Safety in Science Education\"},\"image\":{\"@id\":\"https:\\\/\\\/chesse.org\\\/sl\\\/#\\\/schema\\\/logo\\\/image\\\/\"}}]}<\/script>\n<!-- \/ Yoast SEO plugin. -->","yoast_head_json":{"title":"Izjava o dostopnosti &#8211; Chemical Safety in Science Education","robots":{"index":"index","follow":"follow","max-snippet":"max-snippet:-1","max-image-preview":"max-image-preview:large","max-video-preview":"max-video-preview:-1"},"canonical":"https:\/\/chesse.org\/sl\/izjava-o-dostopnosti\/","og_locale":"sl_SI","og_type":"article","og_title":"Izjava o dostopnosti &#8211; Chemical Safety in Science Education","og_description":"Prizadevamo si, da bi bila uporaba spletne strani chesse.org dostopna vsem. Stopnja skladnosti Ni znanih odstopanj glede dostopnosti. Povratne in kontaktne informacije \u010ce imate vpra\u0161anja ali povratne informacije v zvezi s prilagodljivostjo spletne strani chesse.org, nam lahko to sporo\u010dite po elektronskem naslovu accessibility@chesse.org.","og_url":"https:\/\/chesse.org\/sl\/izjava-o-dostopnosti\/","og_site_name":"Chemical Safety in Science Education","article_modified_time":"2026-02-24T09:35:49+00:00","og_image":[{"width":1200,"height":630,"url":"https:\/\/chesse.org\/wp-content\/uploads\/2022\/06\/chesse-sharing.png","type":"image\/png"}],"twitter_card":"summary_large_image","schema":{"@context":"https:\/\/schema.org","@graph":[{"@type":"WebPage","@id":"https:\/\/chesse.org\/sl\/izjava-o-dostopnosti\/","url":"https:\/\/chesse.org\/sl\/izjava-o-dostopnosti\/","name":"Izjava o dostopnosti &#8211; Chemical Safety in Science Education","isPartOf":{"@id":"https:\/\/chesse.org\/sl\/#website"},"datePublished":"2022-11-28T16:15:59+00:00","dateModified":"2026-02-24T09:35:49+00:00","breadcrumb":{"@id":"https:\/\/chesse.org\/sl\/izjava-o-dostopnosti\/#breadcrumb"},"inLanguage":"sl-SI","potentialAction":[{"@type":"ReadAction","target":["https:\/\/chesse.org\/sl\/izjava-o-dostopnosti\/"]}]},{"@type":"BreadcrumbList","@id":"https:\/\/chesse.org\/sl\/izjava-o-dostopnosti\/#breadcrumb","itemListElement":[{"@type":"ListItem","position":1,"name":"Domov","item":"https:\/\/chesse.org\/sl\/"},{"@type":"ListItem","position":2,"name":"Izjava o dostopnosti"}]},{"@type":"WebSite","@id":"https:\/\/chesse.org\/sl\/#website","url":"https:\/\/chesse.org\/sl\/","name":"Chemical Safety in Science Education","description":"Condensed, up-to date information for science and chemistry teachers, head of schools and science teacher educators.","publisher":{"@id":"https:\/\/chesse.org\/sl\/#organization"},"potentialAction":[{"@type":"SearchAction","target":{"@type":"EntryPoint","urlTemplate":"https:\/\/chesse.org\/sl\/?s={search_term_string}"},"query-input":{"@type":"PropertyValueSpecification","valueRequired":true,"valueName":"search_term_string"}}],"inLanguage":"sl-SI"},{"@type":"Organization","@id":"https:\/\/chesse.org\/sl\/#organization","name":"Online resources for Chemical Safety in Science Education","url":"https:\/\/chesse.org\/sl\/","logo":{"@type":"ImageObject","inLanguage":"sl-SI","@id":"https:\/\/chesse.org\/sl\/#\/schema\/logo\/image\/","url":"https:\/\/chesse.org\/wp-content\/uploads\/2020\/10\/CheSSE_logo-01.svg","contentUrl":"https:\/\/chesse.org\/wp-content\/uploads\/2020\/10\/CheSSE_logo-01.svg","width":350,"height":100,"caption":"Online resources for Chemical Safety in Science Education"},"image":{"@id":"https:\/\/chesse.org\/sl\/#\/schema\/logo\/image\/"}}]}},"_links":{"self":[{"href":"https:\/\/chesse.org\/sl\/wp-json\/wp\/v2\/pages\/11749","targetHints":{"allow":["GET"]}}],"collection":[{"href":"https:\/\/chesse.org\/sl\/wp-json\/wp\/v2\/pages"}],"about":[{"href":"https:\/\/chesse.org\/sl\/wp-json\/wp\/v2\/types\/page"}],"author":[{"embeddable":true,"href":"https:\/\/chesse.org\/sl\/wp-json\/wp\/v2\/users\/43"}],"replies":[{"embeddable":true,"href":"https:\/\/chesse.org\/sl\/wp-json\/wp\/v2\/comments?post=11749"}],"version-history":[{"count":4,"href":"https:\/\/chesse.org\/sl\/wp-json\/wp\/v2\/pages\/11749\/revisions"}],"predecessor-version":[{"id":16545,"href":"https:\/\/chesse.org\/sl\/wp-json\/wp\/v2\/pages\/11749\/revisions\/16545"}],"wp:attachment":[{"href":"https:\/\/chesse.org\/sl\/wp-json\/wp\/v2\/media?parent=11749"}],"curies":[{"name":"wp","href":"https:\/\/api.w.org\/{rel}","templated":true}]}}