{"id":12311,"date":"2022-12-07T21:05:46","date_gmt":"2022-12-07T20:05:46","guid":{"rendered":"https:\/\/chesse.org\/pravno-obvestilo\/"},"modified":"2026-04-14T08:17:47","modified_gmt":"2026-04-14T06:17:47","slug":"pravno-obvestilo","status":"publish","type":"page","link":"https:\/\/chesse.org\/sl\/pravno-obvestilo\/","title":{"rendered":"Pravilnik o zasebnosti"},"content":{"rendered":"\t\t<div data-elementor-type=\"wp-page\" data-elementor-id=\"12311\" class=\"elementor elementor-12311 elementor-46\" data-elementor-post-type=\"page\">\n\t\t\t\t\t\t<section class=\"elementor-section elementor-top-section elementor-element elementor-element-1e045498 mainLeft elementor-section-boxed elementor-section-height-default elementor-section-height-default\" data-id=\"1e045498\" data-element_type=\"section\" data-e-type=\"section\">\n\t\t\t\t\t\t<div class=\"elementor-container elementor-column-gap-default\">\n\t\t\t\t\t<div class=\"elementor-column elementor-col-100 elementor-top-column elementor-element elementor-element-6ae1532e\" data-id=\"6ae1532e\" data-element_type=\"column\" data-e-type=\"column\">\n\t\t\t<div class=\"elementor-widget-wrap elementor-element-populated\">\n\t\t\t\t\t\t<div class=\"elementor-element elementor-element-5d5d572a elementor-widget elementor-widget-text-editor\" data-id=\"5d5d572a\" data-element_type=\"widget\" data-e-type=\"widget\" data-widget_type=\"text-editor.default\">\n\t\t\t\t<div class=\"elementor-widget-container\">\n\t\t\t\t\t\t\t\t\t<h2>Kdo smo<\/h2><p>Projekt Spletni viri za kemijsko varnost v naravoslovnem izobra\u017eevanju (Online Resources for Chemical Safety in Science Education, <em>ORCheSSE<\/em>), je triletni <a href=\"https:\/\/ec.europa.eu\/programmes\/erasmus-plus\/projects\/eplus-project-details\/#project\/2020-1-SE01-KA201-077945\"> ERASMUS+ projekt<\/a> (1. 9. 2020 &#8211; 31. 8. 2023). Spletna stran projekta: https:\/\/chesse.org.<\/p><p>V projektu sodelujejo Univerza v Oslu (Norve\u0161ka), Univerza v Helsinkih (Finska), Univerza v Ljubljani (Slovenija) in Univerza v Stockholmu (\u0160vedska). Cilj projekta je razviti spletna gradiva v povezavi s kemijsko varnostjo na osnovnih in srednjih \u0161olah ter gradiva za aktivne in prihodnje u\u010ditelje in u\u010diteljice kemije o optimizaciji \u0161olskega eksperimentalnega dela z vidika zelene kemije.<\/p><p>Norve\u0161ki center za naravoslovno izobra\u017eevanje na Univerzi v Oslu je upravljalec osebnih podatkov na tej spletni strani.<\/p><h2>Spletna analitika<\/h2><p>Norve\u0161ki center za naravoslovno izobra\u017eevanje zbira osnovne statisti\u010dne podatke o uporabi spletne strani chesse.org z uporabo storitve Plausible.io. Namen uporabe te storitve je analiziranje prometa oziroma dokumentiranje uporabe spletne strani, izbolj\u0161anje in nadaljnji razvoj spleti\u0161\u010da. Plausible.io ne uporablja pi\u0161kotkov in ne zbira osebnih podatkov. <br><a href=\"https:\/\/plausible.io\/data-policy\" target=\"_blank\" rel=\"noopener\">Ve\u010d informacij je na voljo na spletni strani Plausible.io<\/a><\/p><h2>Pi\u0161kotki in lokalna shramba<\/h2><p>Spletna stran chesse.org ne uporablja pi\u0161kotkov, razen \u010de se na spletno stran prijavite kot avtor ali prevajalec vsebin.<\/p><p>Nekatere strani na spletnem mestu vklju\u010dujejo vdelane videoposnetke s platforme Vimeo. Ti se nalagajo z nastavitvijo Do Not Track (dnt=true), ki prepre\u010duje, da bi Vimeo sledil podatkom o seji ter omejuje uporabo pi\u0161kotkov na tiste, ki so nujni za varno delovanje predvajalnika: player_clearance, cf_clearance, _cf_bm in _cfuvid.  <br><a href=\"https:\/\/help.vimeo.com\/hc\/en-us\/articles\/26080940921361-Vimeo-Player-Cookies\">Ve\u010d informacij je na voljo na platformi Vimeo<\/a>.<\/p><p>Na straneh, ki vsebujejo u\u010dne enote H5P, vti\u010dnik H5P v lokalno shrambo brskalnika shrani enoli\u010dni identifikator (H5PUserUUID). Ta identifikator se uporablja izklju\u010dno za pomnjenje va\u0161ih interakcij z dejavnostmi H5P na spletnem mestu chesse.org (na primer za nadaljevanje napredka ali prepre\u010devanje ponovnega prikazovanja istih vsebinskih pozivov).<br>Lokalna shramba je omejena izklju\u010dno na to spletno mesto in se ne uporablja za sledenje med razli\u010dnimi spletnimi mesti. \u010ce \u017eelite ta identifikator odstraniti, lahko v nastavitvah brskalnika izbri\u0161ete podatke spletnega mesta ali lokalno shrambo.   <\/p><h2>Za avtorje in prevajalce vsebin na spletni strani<\/h2><p>Shranjujemo le osebne podatke, ki jih uporabniki, ki se na spletno stran prijavljajo kot avtorji ali prevajalci vsebin, navedejo v njihovem uporabni\u0161kem profilu. Vsi uporabniki lahko kadarkoli vidijo, uredijo ali izbri\u0161ejo svoje osebne podatke (le da ne morejo spremeniti uporabni\u0161kega imena). Skrbniki spletnega mesta lahko tudi vidijo in urejajo te podatke.<\/p><p>Medtem ko uporabljate vti\u010dnik WPML, bo ta vti\u010dnik delil podatke o spletnem mestu prek namestitvenega programa. Podatki samega uporabnika ne bodo posredovani. WPML Media Translation bo poslal e-po\u0161tni naslov in ime vsakega upravitelja in dodeljenega prevajalca ter samo vsebino naprednemu urejevalniku prevodov in prevajalskim storitvam, ki se uporabljajo. WPML Translation Management bo poslal e-po\u0161tni naslov in ime vsakega upravitelja in dodeljenega prevajalca ter samo vsebino naprednemu urejevalniku prevodov in prevajalskim storitvam, ki se uporabljajo. Prevajanje nizov WPML bo poslalo vse nize naprednemu urejevalniku prevodov WPML in prevajalskim storitvam, ki se uporabljajo.<\/p><p>Pi\u0161kotki:<\/p><ul><li>Ko obi\u0161\u010dete na\u0161o prijavno stran, bomo nastavili za\u010dasen pi\u0161kotek, da ugotovimo, ali va\u0161 brskalnik sprejema pi\u0161kotke. Ta pi\u0161kotek ne vsebuje osebnih podatkov in se zavr\u017ee, ko zaprete brskalnik.<\/li><li>Ko se prijavite, bomo nastavili tudi ve\u010d pi\u0161kotkov, da shranimo va\u0161e podatke za prijavo in izbire prikaza na zaslonu. Pi\u0161kotki za prijavo trajajo dva dni, pi\u0161kotki z mo\u017enostmi prikaza na zaslonu pa eno leto. \u010ce izberete \u00bbZapomni si me\u00ab, bo va\u0161a prijava trajala dva tedna.<\/li><li>\u010ce se odjavite iz svojega ra\u010duna, bodo prijavni pi\u0161kotki odstranjeni.<\/li><li>Pri urejanju ali objavljanju prispevkov, se v va\u0161 brskalnik shrani dodaten pi\u0161kotek. Ta pi\u0161kotek ne vklju\u010duje nobenih osebnih podatkov in ozna\u010duje le ID objave prispevka, ki ste ga uredili. Pote\u010de po 1 dnevu.<\/li><li>WPML uporablja pi\u0161kotke za prepoznavanje trenutnega jezika obiskovalca, nazadnje obiskanega jezika in jezika uporabnikov, ki so se prijavili.<\/li><\/ul><h2>Kontaktne informacije<\/h2><p><a href=\"mailto:contact@chesse.org\">podpora@chesse.org<\/a><\/p>\t\t\t\t\t\t\t\t<\/div>\n\t\t\t\t<\/div>\n\t\t\t\t\t<\/div>\n\t\t<\/div>\n\t\t\t\t\t<\/div>\n\t\t<\/section>\n\t\t\t\t<\/div>\n\t\t","protected":false},"excerpt":{"rendered":"<p>Kdo smo Projekt Spletni viri za kemijsko varnost v naravoslovnem izobra\u017eevanju (Online Resources for Chemical Safety in Science Education, ORCheSSE), je triletni ERASMUS+ projekt (1. 9. 2020 &#8211; 31. 8. 2023). Spletna stran projekta: https:\/\/chesse.org. V projektu sodelujejo Univerza v Oslu (Norve\u0161ka), Univerza v Helsinkih (Finska), Univerza v Ljubljani (Slovenija) in Univerza v Stockholmu (\u0160vedska). &hellip; <a href=\"https:\/\/chesse.org\/sl\/pravno-obvestilo\/\" class=\"more-link\">Preberi ve\u010d <span class=\"screen-reader-text\">Pravilnik o zasebnosti<\/span> <span class=\"meta-nav\">&rarr;<\/span><\/a><\/p>\n","protected":false},"author":43,"featured_media":0,"parent":0,"menu_order":12,"comment_status":"closed","ping_status":"closed","template":"","meta":{"footnotes":""},"class_list":["post-12311","page","type-page","status-publish","hentry"],"yoast_head":"<!-- This site is optimized with the Yoast SEO plugin v27.3 - https:\/\/yoast.com\/product\/yoast-seo-wordpress\/ -->\n<title>Pravilnik o zasebnosti &#8211; Chemical Safety in Science Education<\/title>\n<meta name=\"robots\" content=\"index, follow, max-snippet:-1, max-image-preview:large, max-video-preview:-1\" \/>\n<link rel=\"canonical\" href=\"https:\/\/chesse.org\/sl\/pravno-obvestilo\/\" \/>\n<meta property=\"og:locale\" content=\"sl_SI\" \/>\n<meta property=\"og:type\" content=\"article\" \/>\n<meta property=\"og:title\" content=\"Pravilnik o zasebnosti &#8211; Chemical Safety in Science Education\" \/>\n<meta property=\"og:description\" content=\"Kdo smo Projekt Spletni viri za kemijsko varnost v naravoslovnem izobra\u017eevanju (Online Resources for Chemical Safety in Science Education, ORCheSSE), je triletni ERASMUS+ projekt (1. 9. 2020 &#8211; 31. 8. 2023). Spletna stran projekta: https:\/\/chesse.org. V projektu sodelujejo Univerza v Oslu (Norve\u0161ka), Univerza v Helsinkih (Finska), Univerza v Ljubljani (Slovenija) in Univerza v Stockholmu (\u0160vedska). &hellip; Preberi ve\u010d Pravilnik o zasebnosti &rarr;\" \/>\n<meta property=\"og:url\" content=\"https:\/\/chesse.org\/sl\/pravno-obvestilo\/\" \/>\n<meta property=\"og:site_name\" content=\"Chemical Safety in Science Education\" \/>\n<meta property=\"article:modified_time\" content=\"2026-04-14T06:17:47+00:00\" \/>\n<meta property=\"og:image\" content=\"https:\/\/chesse.org\/wp-content\/uploads\/2022\/06\/chesse-sharing.png\" \/>\n\t<meta property=\"og:image:width\" content=\"1200\" \/>\n\t<meta property=\"og:image:height\" content=\"630\" \/>\n\t<meta property=\"og:image:type\" content=\"image\/png\" \/>\n<meta name=\"twitter:card\" content=\"summary_large_image\" \/>\n<script type=\"application\/ld+json\" class=\"yoast-schema-graph\">{\"@context\":\"https:\\\/\\\/schema.org\",\"@graph\":[{\"@type\":\"WebPage\",\"@id\":\"https:\\\/\\\/chesse.org\\\/sl\\\/pravno-obvestilo\\\/\",\"url\":\"https:\\\/\\\/chesse.org\\\/sl\\\/pravno-obvestilo\\\/\",\"name\":\"Pravilnik o zasebnosti &#8211; Chemical Safety in Science Education\",\"isPartOf\":{\"@id\":\"https:\\\/\\\/chesse.org\\\/sl\\\/#website\"},\"datePublished\":\"2022-12-07T20:05:46+00:00\",\"dateModified\":\"2026-04-14T06:17:47+00:00\",\"breadcrumb\":{\"@id\":\"https:\\\/\\\/chesse.org\\\/sl\\\/pravno-obvestilo\\\/#breadcrumb\"},\"inLanguage\":\"sl-SI\",\"potentialAction\":[{\"@type\":\"ReadAction\",\"target\":[\"https:\\\/\\\/chesse.org\\\/sl\\\/pravno-obvestilo\\\/\"]}]},{\"@type\":\"BreadcrumbList\",\"@id\":\"https:\\\/\\\/chesse.org\\\/sl\\\/pravno-obvestilo\\\/#breadcrumb\",\"itemListElement\":[{\"@type\":\"ListItem\",\"position\":1,\"name\":\"Domov\",\"item\":\"https:\\\/\\\/chesse.org\\\/sl\\\/\"},{\"@type\":\"ListItem\",\"position\":2,\"name\":\"Pravilnik o zasebnosti\"}]},{\"@type\":\"WebSite\",\"@id\":\"https:\\\/\\\/chesse.org\\\/sl\\\/#website\",\"url\":\"https:\\\/\\\/chesse.org\\\/sl\\\/\",\"name\":\"Chemical Safety in Science Education\",\"description\":\"Condensed, up-to date information for science and chemistry teachers, head of schools and science teacher educators.\",\"publisher\":{\"@id\":\"https:\\\/\\\/chesse.org\\\/sl\\\/#organization\"},\"potentialAction\":[{\"@type\":\"SearchAction\",\"target\":{\"@type\":\"EntryPoint\",\"urlTemplate\":\"https:\\\/\\\/chesse.org\\\/sl\\\/?s={search_term_string}\"},\"query-input\":{\"@type\":\"PropertyValueSpecification\",\"valueRequired\":true,\"valueName\":\"search_term_string\"}}],\"inLanguage\":\"sl-SI\"},{\"@type\":\"Organization\",\"@id\":\"https:\\\/\\\/chesse.org\\\/sl\\\/#organization\",\"name\":\"Online resources for Chemical Safety in Science Education\",\"url\":\"https:\\\/\\\/chesse.org\\\/sl\\\/\",\"logo\":{\"@type\":\"ImageObject\",\"inLanguage\":\"sl-SI\",\"@id\":\"https:\\\/\\\/chesse.org\\\/sl\\\/#\\\/schema\\\/logo\\\/image\\\/\",\"url\":\"https:\\\/\\\/chesse.org\\\/wp-content\\\/uploads\\\/2020\\\/10\\\/CheSSE_logo-01.svg\",\"contentUrl\":\"https:\\\/\\\/chesse.org\\\/wp-content\\\/uploads\\\/2020\\\/10\\\/CheSSE_logo-01.svg\",\"width\":350,\"height\":100,\"caption\":\"Online resources for Chemical Safety in Science Education\"},\"image\":{\"@id\":\"https:\\\/\\\/chesse.org\\\/sl\\\/#\\\/schema\\\/logo\\\/image\\\/\"}}]}<\/script>\n<!-- \/ Yoast SEO plugin. -->","yoast_head_json":{"title":"Pravilnik o zasebnosti &#8211; Chemical Safety in Science Education","robots":{"index":"index","follow":"follow","max-snippet":"max-snippet:-1","max-image-preview":"max-image-preview:large","max-video-preview":"max-video-preview:-1"},"canonical":"https:\/\/chesse.org\/sl\/pravno-obvestilo\/","og_locale":"sl_SI","og_type":"article","og_title":"Pravilnik o zasebnosti &#8211; Chemical Safety in Science Education","og_description":"Kdo smo Projekt Spletni viri za kemijsko varnost v naravoslovnem izobra\u017eevanju (Online Resources for Chemical Safety in Science Education, ORCheSSE), je triletni ERASMUS+ projekt (1. 9. 2020 &#8211; 31. 8. 2023). Spletna stran projekta: https:\/\/chesse.org. V projektu sodelujejo Univerza v Oslu (Norve\u0161ka), Univerza v Helsinkih (Finska), Univerza v Ljubljani (Slovenija) in Univerza v Stockholmu (\u0160vedska). &hellip; Preberi ve\u010d Pravilnik o zasebnosti &rarr;","og_url":"https:\/\/chesse.org\/sl\/pravno-obvestilo\/","og_site_name":"Chemical Safety in Science Education","article_modified_time":"2026-04-14T06:17:47+00:00","og_image":[{"width":1200,"height":630,"url":"https:\/\/chesse.org\/wp-content\/uploads\/2022\/06\/chesse-sharing.png","type":"image\/png"}],"twitter_card":"summary_large_image","schema":{"@context":"https:\/\/schema.org","@graph":[{"@type":"WebPage","@id":"https:\/\/chesse.org\/sl\/pravno-obvestilo\/","url":"https:\/\/chesse.org\/sl\/pravno-obvestilo\/","name":"Pravilnik o zasebnosti &#8211; Chemical Safety in Science Education","isPartOf":{"@id":"https:\/\/chesse.org\/sl\/#website"},"datePublished":"2022-12-07T20:05:46+00:00","dateModified":"2026-04-14T06:17:47+00:00","breadcrumb":{"@id":"https:\/\/chesse.org\/sl\/pravno-obvestilo\/#breadcrumb"},"inLanguage":"sl-SI","potentialAction":[{"@type":"ReadAction","target":["https:\/\/chesse.org\/sl\/pravno-obvestilo\/"]}]},{"@type":"BreadcrumbList","@id":"https:\/\/chesse.org\/sl\/pravno-obvestilo\/#breadcrumb","itemListElement":[{"@type":"ListItem","position":1,"name":"Domov","item":"https:\/\/chesse.org\/sl\/"},{"@type":"ListItem","position":2,"name":"Pravilnik o zasebnosti"}]},{"@type":"WebSite","@id":"https:\/\/chesse.org\/sl\/#website","url":"https:\/\/chesse.org\/sl\/","name":"Chemical Safety in Science Education","description":"Condensed, up-to date information for science and chemistry teachers, head of schools and science teacher educators.","publisher":{"@id":"https:\/\/chesse.org\/sl\/#organization"},"potentialAction":[{"@type":"SearchAction","target":{"@type":"EntryPoint","urlTemplate":"https:\/\/chesse.org\/sl\/?s={search_term_string}"},"query-input":{"@type":"PropertyValueSpecification","valueRequired":true,"valueName":"search_term_string"}}],"inLanguage":"sl-SI"},{"@type":"Organization","@id":"https:\/\/chesse.org\/sl\/#organization","name":"Online resources for Chemical Safety in Science Education","url":"https:\/\/chesse.org\/sl\/","logo":{"@type":"ImageObject","inLanguage":"sl-SI","@id":"https:\/\/chesse.org\/sl\/#\/schema\/logo\/image\/","url":"https:\/\/chesse.org\/wp-content\/uploads\/2020\/10\/CheSSE_logo-01.svg","contentUrl":"https:\/\/chesse.org\/wp-content\/uploads\/2020\/10\/CheSSE_logo-01.svg","width":350,"height":100,"caption":"Online resources for Chemical Safety in Science Education"},"image":{"@id":"https:\/\/chesse.org\/sl\/#\/schema\/logo\/image\/"}}]}},"_links":{"self":[{"href":"https:\/\/chesse.org\/sl\/wp-json\/wp\/v2\/pages\/12311","targetHints":{"allow":["GET"]}}],"collection":[{"href":"https:\/\/chesse.org\/sl\/wp-json\/wp\/v2\/pages"}],"about":[{"href":"https:\/\/chesse.org\/sl\/wp-json\/wp\/v2\/types\/page"}],"author":[{"embeddable":true,"href":"https:\/\/chesse.org\/sl\/wp-json\/wp\/v2\/users\/43"}],"replies":[{"embeddable":true,"href":"https:\/\/chesse.org\/sl\/wp-json\/wp\/v2\/comments?post=12311"}],"version-history":[{"count":6,"href":"https:\/\/chesse.org\/sl\/wp-json\/wp\/v2\/pages\/12311\/revisions"}],"predecessor-version":[{"id":16804,"href":"https:\/\/chesse.org\/sl\/wp-json\/wp\/v2\/pages\/12311\/revisions\/16804"}],"wp:attachment":[{"href":"https:\/\/chesse.org\/sl\/wp-json\/wp\/v2\/media?parent=12311"}],"curies":[{"name":"wp","href":"https:\/\/api.w.org\/{rel}","templated":true}]}}