{"id":12315,"date":"2022-12-07T21:11:59","date_gmt":"2022-12-07T20:11:59","guid":{"rendered":"https:\/\/chesse.org\/izjava-o-omejitvi-odgovornosti\/"},"modified":"2026-02-24T10:35:43","modified_gmt":"2026-02-24T09:35:43","slug":"izjava-o-omejitvi-odgovornosti","status":"publish","type":"page","link":"https:\/\/chesse.org\/sl\/izjava-o-omejitvi-odgovornosti\/","title":{"rendered":"Izjava o omejitvi odgovornosti"},"content":{"rendered":"\t\t<div data-elementor-type=\"wp-page\" data-elementor-id=\"12315\" class=\"elementor elementor-12315 elementor-434\" data-elementor-post-type=\"page\">\n\t\t\t\t\t\t<section class=\"elementor-section elementor-top-section elementor-element elementor-element-bff3cab mainLeft elementor-section-boxed elementor-section-height-default elementor-section-height-default\" data-id=\"bff3cab\" data-element_type=\"section\" data-e-type=\"section\">\n\t\t\t\t\t\t<div class=\"elementor-container elementor-column-gap-default\">\n\t\t\t\t\t<div class=\"elementor-column elementor-col-100 elementor-top-column elementor-element elementor-element-a37fbc7\" data-id=\"a37fbc7\" data-element_type=\"column\" data-e-type=\"column\">\n\t\t\t<div class=\"elementor-widget-wrap elementor-element-populated\">\n\t\t\t\t\t\t<div class=\"elementor-element elementor-element-4332acb elementor-widget elementor-widget-text-editor\" data-id=\"4332acb\" data-element_type=\"widget\" data-e-type=\"widget\" data-widget_type=\"text-editor.default\">\n\t\t\t\t<div class=\"elementor-widget-container\">\n\t\t\t\t\t\t\t\t\t<p>To spletno stran vzdr\u017euje Erasmus+ projekt Spletni viri za kemijsko varnost v naravoslovnem izobra\u017eevanju (Online Resources for Chemical Safety in Science Education).<\/p><p><a href=\"https:\/\/erasmus-plus.ec.europa.eu\/projects\/search\/details\/2020-1-SE01-KA201-077945\">(Online Resources for Chemical Safety in Science Education)<\/a> . Prizadevamo si, da so informacije na tem spletnem mestu to\u010dne in posodobljene ter hkrati posku\u0161amo odpraviti morebitne napake, ki jih zaznamo oziroma smo nanje opozorjeni. Kljub temu Evropska komisija in ORCheSSE ne prevzemata nikakr\u0161ne odgovornosti v zvezi z informacijami na tej spletni strani. Spletna stran vsebuje informacije: (1) ki so zgolj splo\u0161nega zna\u010daja in se ne nana\u0161ajo na konkretne okoli\u0161\u010dine nobene fizi\u010dne ali pravne osebe; (2) ki niso nujno celovite, to\u010dne, iz\u010drpne ali posodobljene; (3) ki so na nekaterih mestih povezane s stranmi tretjih oseb, nad katerimi Evropska komisija in ORCheSSE nimata nadzora in za katere ne moreta prevzeti odgovornosti; (4) ki so priporo\u010dila in niso strokovni ali pravni nasveti. <\/p>\t\t\t\t\t\t\t\t<\/div>\n\t\t\t\t<\/div>\n\t\t\t\t\t<\/div>\n\t\t<\/div>\n\t\t\t\t\t<\/div>\n\t\t<\/section>\n\t\t\t\t<\/div>\n\t\t","protected":false},"excerpt":{"rendered":"<p>To spletno stran vzdr\u017euje Erasmus+ projekt Spletni viri za kemijsko varnost v naravoslovnem izobra\u017eevanju (Online Resources for Chemical Safety in Science Education). (Online Resources for Chemical Safety in Science Education) . Prizadevamo si, da so informacije na tem spletnem mestu to\u010dne in posodobljene ter hkrati posku\u0161amo odpraviti morebitne napake, ki jih zaznamo oziroma smo nanje &hellip; <a href=\"https:\/\/chesse.org\/sl\/izjava-o-omejitvi-odgovornosti\/\" class=\"more-link\">Preberi ve\u010d <span class=\"screen-reader-text\">Izjava o omejitvi odgovornosti<\/span> <span class=\"meta-nav\">&rarr;<\/span><\/a><\/p>\n","protected":false},"author":43,"featured_media":0,"parent":0,"menu_order":10,"comment_status":"closed","ping_status":"closed","template":"","meta":{"footnotes":""},"class_list":["post-12315","page","type-page","status-publish","hentry"],"yoast_head":"<!-- This site is optimized with the Yoast SEO plugin v27.5 - https:\/\/yoast.com\/product\/yoast-seo-wordpress\/ -->\n<title>Izjava o omejitvi odgovornosti &#8211; Chemical Safety in Science Education<\/title>\n<meta name=\"robots\" content=\"index, follow, max-snippet:-1, max-image-preview:large, max-video-preview:-1\" \/>\n<link rel=\"canonical\" href=\"https:\/\/chesse.org\/sl\/izjava-o-omejitvi-odgovornosti\/\" \/>\n<meta property=\"og:locale\" content=\"sl_SI\" \/>\n<meta property=\"og:type\" content=\"article\" \/>\n<meta property=\"og:title\" content=\"Izjava o omejitvi odgovornosti &#8211; Chemical Safety in Science Education\" \/>\n<meta property=\"og:description\" content=\"To spletno stran vzdr\u017euje Erasmus+ projekt Spletni viri za kemijsko varnost v naravoslovnem izobra\u017eevanju (Online Resources for Chemical Safety in Science Education). (Online Resources for Chemical Safety in Science Education) . Prizadevamo si, da so informacije na tem spletnem mestu to\u010dne in posodobljene ter hkrati posku\u0161amo odpraviti morebitne napake, ki jih zaznamo oziroma smo nanje &hellip; Preberi ve\u010d Izjava o omejitvi odgovornosti &rarr;\" \/>\n<meta property=\"og:url\" content=\"https:\/\/chesse.org\/sl\/izjava-o-omejitvi-odgovornosti\/\" \/>\n<meta property=\"og:site_name\" content=\"Chemical Safety in Science Education\" \/>\n<meta property=\"article:modified_time\" content=\"2026-02-24T09:35:43+00:00\" \/>\n<meta property=\"og:image\" content=\"https:\/\/chesse.org\/wp-content\/uploads\/2022\/06\/chesse-sharing.png\" \/>\n\t<meta property=\"og:image:width\" content=\"1200\" \/>\n\t<meta property=\"og:image:height\" content=\"630\" \/>\n\t<meta property=\"og:image:type\" content=\"image\/png\" \/>\n<meta name=\"twitter:card\" content=\"summary_large_image\" \/>\n<script type=\"application\/ld+json\" class=\"yoast-schema-graph\">{\"@context\":\"https:\\\/\\\/schema.org\",\"@graph\":[{\"@type\":\"WebPage\",\"@id\":\"https:\\\/\\\/chesse.org\\\/sl\\\/izjava-o-omejitvi-odgovornosti\\\/\",\"url\":\"https:\\\/\\\/chesse.org\\\/sl\\\/izjava-o-omejitvi-odgovornosti\\\/\",\"name\":\"Izjava o omejitvi odgovornosti &#8211; Chemical Safety in Science Education\",\"isPartOf\":{\"@id\":\"https:\\\/\\\/chesse.org\\\/sl\\\/#website\"},\"datePublished\":\"2022-12-07T20:11:59+00:00\",\"dateModified\":\"2026-02-24T09:35:43+00:00\",\"breadcrumb\":{\"@id\":\"https:\\\/\\\/chesse.org\\\/sl\\\/izjava-o-omejitvi-odgovornosti\\\/#breadcrumb\"},\"inLanguage\":\"sl-SI\",\"potentialAction\":[{\"@type\":\"ReadAction\",\"target\":[\"https:\\\/\\\/chesse.org\\\/sl\\\/izjava-o-omejitvi-odgovornosti\\\/\"]}]},{\"@type\":\"BreadcrumbList\",\"@id\":\"https:\\\/\\\/chesse.org\\\/sl\\\/izjava-o-omejitvi-odgovornosti\\\/#breadcrumb\",\"itemListElement\":[{\"@type\":\"ListItem\",\"position\":1,\"name\":\"Domov\",\"item\":\"https:\\\/\\\/chesse.org\\\/sl\\\/\"},{\"@type\":\"ListItem\",\"position\":2,\"name\":\"Izjava o omejitvi odgovornosti\"}]},{\"@type\":\"WebSite\",\"@id\":\"https:\\\/\\\/chesse.org\\\/sl\\\/#website\",\"url\":\"https:\\\/\\\/chesse.org\\\/sl\\\/\",\"name\":\"Chemical Safety in Science Education\",\"description\":\"Condensed, up-to date information for science and chemistry teachers, head of schools and science teacher educators.\",\"publisher\":{\"@id\":\"https:\\\/\\\/chesse.org\\\/sl\\\/#organization\"},\"potentialAction\":[{\"@type\":\"SearchAction\",\"target\":{\"@type\":\"EntryPoint\",\"urlTemplate\":\"https:\\\/\\\/chesse.org\\\/sl\\\/?s={search_term_string}\"},\"query-input\":{\"@type\":\"PropertyValueSpecification\",\"valueRequired\":true,\"valueName\":\"search_term_string\"}}],\"inLanguage\":\"sl-SI\"},{\"@type\":\"Organization\",\"@id\":\"https:\\\/\\\/chesse.org\\\/sl\\\/#organization\",\"name\":\"Online resources for Chemical Safety in Science Education\",\"url\":\"https:\\\/\\\/chesse.org\\\/sl\\\/\",\"logo\":{\"@type\":\"ImageObject\",\"inLanguage\":\"sl-SI\",\"@id\":\"https:\\\/\\\/chesse.org\\\/sl\\\/#\\\/schema\\\/logo\\\/image\\\/\",\"url\":\"https:\\\/\\\/chesse.org\\\/wp-content\\\/uploads\\\/2020\\\/10\\\/CheSSE_logo-01.svg\",\"contentUrl\":\"https:\\\/\\\/chesse.org\\\/wp-content\\\/uploads\\\/2020\\\/10\\\/CheSSE_logo-01.svg\",\"width\":350,\"height\":100,\"caption\":\"Online resources for Chemical Safety in Science Education\"},\"image\":{\"@id\":\"https:\\\/\\\/chesse.org\\\/sl\\\/#\\\/schema\\\/logo\\\/image\\\/\"}}]}<\/script>\n<!-- \/ Yoast SEO plugin. -->","yoast_head_json":{"title":"Izjava o omejitvi odgovornosti &#8211; Chemical Safety in Science Education","robots":{"index":"index","follow":"follow","max-snippet":"max-snippet:-1","max-image-preview":"max-image-preview:large","max-video-preview":"max-video-preview:-1"},"canonical":"https:\/\/chesse.org\/sl\/izjava-o-omejitvi-odgovornosti\/","og_locale":"sl_SI","og_type":"article","og_title":"Izjava o omejitvi odgovornosti &#8211; Chemical Safety in Science Education","og_description":"To spletno stran vzdr\u017euje Erasmus+ projekt Spletni viri za kemijsko varnost v naravoslovnem izobra\u017eevanju (Online Resources for Chemical Safety in Science Education). (Online Resources for Chemical Safety in Science Education) . Prizadevamo si, da so informacije na tem spletnem mestu to\u010dne in posodobljene ter hkrati posku\u0161amo odpraviti morebitne napake, ki jih zaznamo oziroma smo nanje &hellip; Preberi ve\u010d Izjava o omejitvi odgovornosti &rarr;","og_url":"https:\/\/chesse.org\/sl\/izjava-o-omejitvi-odgovornosti\/","og_site_name":"Chemical Safety in Science Education","article_modified_time":"2026-02-24T09:35:43+00:00","og_image":[{"width":1200,"height":630,"url":"https:\/\/chesse.org\/wp-content\/uploads\/2022\/06\/chesse-sharing.png","type":"image\/png"}],"twitter_card":"summary_large_image","schema":{"@context":"https:\/\/schema.org","@graph":[{"@type":"WebPage","@id":"https:\/\/chesse.org\/sl\/izjava-o-omejitvi-odgovornosti\/","url":"https:\/\/chesse.org\/sl\/izjava-o-omejitvi-odgovornosti\/","name":"Izjava o omejitvi odgovornosti &#8211; Chemical Safety in Science Education","isPartOf":{"@id":"https:\/\/chesse.org\/sl\/#website"},"datePublished":"2022-12-07T20:11:59+00:00","dateModified":"2026-02-24T09:35:43+00:00","breadcrumb":{"@id":"https:\/\/chesse.org\/sl\/izjava-o-omejitvi-odgovornosti\/#breadcrumb"},"inLanguage":"sl-SI","potentialAction":[{"@type":"ReadAction","target":["https:\/\/chesse.org\/sl\/izjava-o-omejitvi-odgovornosti\/"]}]},{"@type":"BreadcrumbList","@id":"https:\/\/chesse.org\/sl\/izjava-o-omejitvi-odgovornosti\/#breadcrumb","itemListElement":[{"@type":"ListItem","position":1,"name":"Domov","item":"https:\/\/chesse.org\/sl\/"},{"@type":"ListItem","position":2,"name":"Izjava o omejitvi odgovornosti"}]},{"@type":"WebSite","@id":"https:\/\/chesse.org\/sl\/#website","url":"https:\/\/chesse.org\/sl\/","name":"Chemical Safety in Science Education","description":"Condensed, up-to date information for science and chemistry teachers, head of schools and science teacher educators.","publisher":{"@id":"https:\/\/chesse.org\/sl\/#organization"},"potentialAction":[{"@type":"SearchAction","target":{"@type":"EntryPoint","urlTemplate":"https:\/\/chesse.org\/sl\/?s={search_term_string}"},"query-input":{"@type":"PropertyValueSpecification","valueRequired":true,"valueName":"search_term_string"}}],"inLanguage":"sl-SI"},{"@type":"Organization","@id":"https:\/\/chesse.org\/sl\/#organization","name":"Online resources for Chemical Safety in Science Education","url":"https:\/\/chesse.org\/sl\/","logo":{"@type":"ImageObject","inLanguage":"sl-SI","@id":"https:\/\/chesse.org\/sl\/#\/schema\/logo\/image\/","url":"https:\/\/chesse.org\/wp-content\/uploads\/2020\/10\/CheSSE_logo-01.svg","contentUrl":"https:\/\/chesse.org\/wp-content\/uploads\/2020\/10\/CheSSE_logo-01.svg","width":350,"height":100,"caption":"Online resources for Chemical Safety in Science Education"},"image":{"@id":"https:\/\/chesse.org\/sl\/#\/schema\/logo\/image\/"}}]}},"_links":{"self":[{"href":"https:\/\/chesse.org\/sl\/wp-json\/wp\/v2\/pages\/12315","targetHints":{"allow":["GET"]}}],"collection":[{"href":"https:\/\/chesse.org\/sl\/wp-json\/wp\/v2\/pages"}],"about":[{"href":"https:\/\/chesse.org\/sl\/wp-json\/wp\/v2\/types\/page"}],"author":[{"embeddable":true,"href":"https:\/\/chesse.org\/sl\/wp-json\/wp\/v2\/users\/43"}],"replies":[{"embeddable":true,"href":"https:\/\/chesse.org\/sl\/wp-json\/wp\/v2\/comments?post=12315"}],"version-history":[{"count":6,"href":"https:\/\/chesse.org\/sl\/wp-json\/wp\/v2\/pages\/12315\/revisions"}],"predecessor-version":[{"id":16544,"href":"https:\/\/chesse.org\/sl\/wp-json\/wp\/v2\/pages\/12315\/revisions\/16544"}],"wp:attachment":[{"href":"https:\/\/chesse.org\/sl\/wp-json\/wp\/v2\/media?parent=12315"}],"curies":[{"name":"wp","href":"https:\/\/api.w.org\/{rel}","templated":true}]}}