{"id":13694,"date":"2023-03-27T10:53:10","date_gmt":"2023-03-27T08:53:10","guid":{"rendered":"https:\/\/chesse.org\/zakonodaja\/"},"modified":"2023-03-31T16:10:33","modified_gmt":"2023-03-31T14:10:33","slug":"zakonodaja","status":"publish","type":"page","link":"https:\/\/chesse.org\/sl\/zakonodaja\/","title":{"rendered":"Zakonodaja"},"content":{"rendered":"\t\t<div data-elementor-type=\"wp-page\" data-elementor-id=\"13694\" class=\"elementor elementor-13694 elementor-43\" data-elementor-post-type=\"page\">\n\t\t\t\t\t\t<div class=\"elementor-section elementor-top-section elementor-element elementor-element-191e2d0 elementor-section-boxed elementor-section-height-default elementor-section-height-default\" data-id=\"191e2d0\" data-element_type=\"section\" data-e-type=\"section\">\n\t\t\t\t\t\t<div class=\"elementor-container elementor-column-gap-default\">\n\t\t\t\t\t<div class=\"elementor-column elementor-col-100 elementor-top-column elementor-element elementor-element-f689c51\" data-id=\"f689c51\" data-element_type=\"column\" data-e-type=\"column\">\n\t\t\t<div class=\"elementor-widget-wrap elementor-element-populated\">\n\t\t\t\t\t\t<div class=\"elementor-element elementor-element-e5987b9 standfirst elementor-widget elementor-widget-text-editor\" data-id=\"e5987b9\" data-element_type=\"widget\" data-e-type=\"widget\" data-widget_type=\"text-editor.default\">\n\t\t\t\t<div class=\"elementor-widget-container\">\n\t\t\t\t\t\t\t\t\t<p>V tem razdelku je predstavljena zakonodaja, ki ureja uporabo kemikalij. Ve\u010d o prakti\u010dnih primerih implementacije te zakonodaje v evropskih oziroma slovenskih \u0161olah, si lahko preberete v drugih razdelkih.<\/p>\n\t\t\t\t\t\t\t\t<\/div>\n\t\t\t\t<\/div>\n\t\t\t\t\t<\/div>\n\t\t<\/div>\n\t\t\t\t\t<\/div>\n\t\t<\/div>\n\t\t\t\t<div class=\"elementor-section elementor-top-section elementor-element elementor-element-d4c8b79 subsectionpage legislation-section elementor-section-boxed elementor-section-height-default elementor-section-height-default\" data-id=\"d4c8b79\" data-element_type=\"section\" data-e-type=\"section\">\n\t\t\t\t\t\t<div class=\"elementor-container elementor-column-gap-no\">\n\t\t\t\t\t<div class=\"elementor-column elementor-col-100 elementor-top-column elementor-element elementor-element-007099e\" data-id=\"007099e\" data-element_type=\"column\" data-e-type=\"column\">\n\t\t\t<div class=\"elementor-widget-wrap elementor-element-populated\">\n\t\t\t\t\t\t<section class=\"elementor-section elementor-inner-section elementor-element elementor-element-5e2ecbe elementor-section-boxed elementor-section-height-default elementor-section-height-default\" data-id=\"5e2ecbe\" data-element_type=\"section\" data-e-type=\"section\">\n\t\t\t\t\t\t<div class=\"elementor-container elementor-column-gap-default\">\n\t\t\t\t\t<div class=\"elementor-column elementor-col-33 elementor-inner-column elementor-element elementor-element-295df29\" data-id=\"295df29\" data-element_type=\"column\" data-e-type=\"column\">\n\t\t\t<div class=\"elementor-widget-wrap elementor-element-populated\">\n\t\t\t\t\t\t<div class=\"elementor-element elementor-element-fa38673 elementor-widget elementor-widget-button\" data-id=\"fa38673\" data-element_type=\"widget\" data-e-type=\"widget\" data-widget_type=\"button.default\">\n\t\t\t\t<div class=\"elementor-widget-container\">\n\t\t\t\t\t\t\t\t\t<div class=\"elementor-button-wrapper\">\n\t\t\t\t\t<a class=\"elementor-button elementor-button-link elementor-size-lg\" href=\"https:\/\/chesse.org\/sl\/zakonodaja\/pregled-zakonodaje-eu-o-kemikalijah\/\">\n\t\t\t\t\t\t<span class=\"elementor-button-content-wrapper\">\n\t\t\t\t\t\t\t\t\t<span class=\"elementor-button-text\">Pregled zakonodaje EU o kemikalijah<\/span>\n\t\t\t\t\t<\/span>\n\t\t\t\t\t<\/a>\n\t\t\t\t<\/div>\n\t\t\t\t\t\t\t\t<\/div>\n\t\t\t\t<\/div>\n\t\t\t\t\t<\/div>\n\t\t<\/div>\n\t\t\t\t<div class=\"elementor-column elementor-col-33 elementor-inner-column elementor-element elementor-element-7d353df\" data-id=\"7d353df\" data-element_type=\"column\" data-e-type=\"column\">\n\t\t\t<div class=\"elementor-widget-wrap elementor-element-populated\">\n\t\t\t\t\t\t<div class=\"elementor-element elementor-element-de5fc96 elementor-widget elementor-widget-button\" data-id=\"de5fc96\" data-element_type=\"widget\" data-e-type=\"widget\" data-widget_type=\"button.default\">\n\t\t\t\t<div class=\"elementor-widget-container\">\n\t\t\t\t\t\t\t\t\t<div class=\"elementor-button-wrapper\">\n\t\t\t\t\t<a class=\"elementor-button elementor-button-link elementor-size-lg\" href=\"https:\/\/chesse.org\/sl\/zakonodaja\/zakonodaja-o-razvrscanju-in-oznacevanju-kemikalij\/\">\n\t\t\t\t\t\t<span class=\"elementor-button-content-wrapper\">\n\t\t\t\t\t\t\t\t\t<span class=\"elementor-button-text\">Zakonodaja o razvr\u0161\u010danju in ozna\u010devanju kemikalij<\/span>\n\t\t\t\t\t<\/span>\n\t\t\t\t\t<\/a>\n\t\t\t\t<\/div>\n\t\t\t\t\t\t\t\t<\/div>\n\t\t\t\t<\/div>\n\t\t\t\t\t<\/div>\n\t\t<\/div>\n\t\t\t\t<div class=\"elementor-column elementor-col-33 elementor-inner-column elementor-element elementor-element-5f26564\" data-id=\"5f26564\" data-element_type=\"column\" data-e-type=\"column\">\n\t\t\t<div class=\"elementor-widget-wrap elementor-element-populated\">\n\t\t\t\t\t\t<div class=\"elementor-element elementor-element-888e45f elementor-widget elementor-widget-button\" data-id=\"888e45f\" data-element_type=\"widget\" data-e-type=\"widget\" data-widget_type=\"button.default\">\n\t\t\t\t<div class=\"elementor-widget-container\">\n\t\t\t\t\t\t\t\t\t<div class=\"elementor-button-wrapper\">\n\t\t\t\t\t<a class=\"elementor-button elementor-button-link elementor-size-lg\" href=\"https:\/\/chesse.org\/sl\/zakonodaja\/zakonodaja-ki-omejuje-uporabo-kemikalij\/\">\n\t\t\t\t\t\t<span class=\"elementor-button-content-wrapper\">\n\t\t\t\t\t\t\t\t\t<span class=\"elementor-button-text\">Zakonodaja, ki omejuje uporabo kemikalij<\/span>\n\t\t\t\t\t<\/span>\n\t\t\t\t\t<\/a>\n\t\t\t\t<\/div>\n\t\t\t\t\t\t\t\t<\/div>\n\t\t\t\t<\/div>\n\t\t\t\t\t<\/div>\n\t\t<\/div>\n\t\t\t\t\t<\/div>\n\t\t<\/section>\n\t\t\t\t<section class=\"elementor-section elementor-inner-section elementor-element elementor-element-b9e94dc elementor-section-boxed elementor-section-height-default elementor-section-height-default\" data-id=\"b9e94dc\" data-element_type=\"section\" data-e-type=\"section\">\n\t\t\t\t\t\t<div class=\"elementor-container elementor-column-gap-default\">\n\t\t\t\t\t<div class=\"elementor-column elementor-col-33 elementor-inner-column elementor-element elementor-element-e511c84\" data-id=\"e511c84\" data-element_type=\"column\" data-e-type=\"column\">\n\t\t\t<div class=\"elementor-widget-wrap elementor-element-populated\">\n\t\t\t\t\t\t<div class=\"elementor-element elementor-element-0e865b3 elementor-widget elementor-widget-button\" data-id=\"0e865b3\" data-element_type=\"widget\" data-e-type=\"widget\" data-widget_type=\"button.default\">\n\t\t\t\t<div class=\"elementor-widget-container\">\n\t\t\t\t\t\t\t\t\t<div class=\"elementor-button-wrapper\">\n\t\t\t\t\t<a class=\"elementor-button elementor-button-link elementor-size-lg\" href=\"https:\/\/chesse.org\/sl\/zakonodaja\/zakonodaja-o-odpadkih\/\">\n\t\t\t\t\t\t<span class=\"elementor-button-content-wrapper\">\n\t\t\t\t\t\t\t\t\t<span class=\"elementor-button-text\">Zakonodaja o odpadkih<\/span>\n\t\t\t\t\t<\/span>\n\t\t\t\t\t<\/a>\n\t\t\t\t<\/div>\n\t\t\t\t\t\t\t\t<\/div>\n\t\t\t\t<\/div>\n\t\t\t\t\t<\/div>\n\t\t<\/div>\n\t\t\t\t<div class=\"elementor-column elementor-col-33 elementor-inner-column elementor-element elementor-element-feb83ff\" data-id=\"feb83ff\" data-element_type=\"column\" data-e-type=\"column\">\n\t\t\t<div class=\"elementor-widget-wrap elementor-element-populated\">\n\t\t\t\t\t\t<div class=\"elementor-element elementor-element-4f5bd65 elementor-widget elementor-widget-button\" data-id=\"4f5bd65\" data-element_type=\"widget\" data-e-type=\"widget\" data-widget_type=\"button.default\">\n\t\t\t\t<div class=\"elementor-widget-container\">\n\t\t\t\t\t\t\t\t\t<div class=\"elementor-button-wrapper\">\n\t\t\t\t\t<a class=\"elementor-button elementor-button-link elementor-size-lg\" href=\"https:\/\/chesse.org\/sl\/zakonodaja\/zakonodaja-na-podrocju-varnosti-in-zdravja-pri-delu\/\">\n\t\t\t\t\t\t<span class=\"elementor-button-content-wrapper\">\n\t\t\t\t\t\t\t\t\t<span class=\"elementor-button-text\">Zakonodaja na podro\u010dju varnosti in zdravja pri delu <\/span>\n\t\t\t\t\t<\/span>\n\t\t\t\t\t<\/a>\n\t\t\t\t<\/div>\n\t\t\t\t\t\t\t\t<\/div>\n\t\t\t\t<\/div>\n\t\t\t\t\t<\/div>\n\t\t<\/div>\n\t\t\t\t<div class=\"elementor-column elementor-col-33 elementor-inner-column elementor-element elementor-element-52e12bb\" data-id=\"52e12bb\" data-element_type=\"column\" data-e-type=\"column\">\n\t\t\t<div class=\"elementor-widget-wrap elementor-element-populated\">\n\t\t\t\t\t\t<div class=\"elementor-element elementor-element-1a41bf5 elementor-widget elementor-widget-button\" data-id=\"1a41bf5\" data-element_type=\"widget\" data-e-type=\"widget\" data-widget_type=\"button.default\">\n\t\t\t\t<div class=\"elementor-widget-container\">\n\t\t\t\t\t\t\t\t\t<div class=\"elementor-button-wrapper\">\n\t\t\t\t\t<a class=\"elementor-button elementor-button-link elementor-size-lg\" href=\"https:\/\/chesse.org\/sl\/zakonodaja\/nacionalno-specificna-zakonodaja\/\">\n\t\t\t\t\t\t<span class=\"elementor-button-content-wrapper\">\n\t\t\t\t\t\t\t\t\t<span class=\"elementor-button-text\">Nacionalno specifi\u010dna zakonodaja<\/span>\n\t\t\t\t\t<\/span>\n\t\t\t\t\t<\/a>\n\t\t\t\t<\/div>\n\t\t\t\t\t\t\t\t<\/div>\n\t\t\t\t<\/div>\n\t\t\t\t\t<\/div>\n\t\t<\/div>\n\t\t\t\t\t<\/div>\n\t\t<\/section>\n\t\t\t\t\t<\/div>\n\t\t<\/div>\n\t\t\t\t\t<\/div>\n\t\t<\/div>\n\t\t\t\t<\/div>\n\t\t","protected":false},"excerpt":{"rendered":"<p>V tem razdelku je predstavljena zakonodaja, ki ureja uporabo kemikalij. Ve\u010d o prakti\u010dnih primerih implementacije te zakonodaje v evropskih oziroma slovenskih \u0161olah, si lahko preberete v drugih razdelkih. Pregled zakonodaje EU o kemikalijah Zakonodaja o razvr\u0161\u010danju in ozna\u010devanju kemikalij Zakonodaja, ki omejuje uporabo kemikalij Zakonodaja o odpadkih Zakonodaja na podro\u010dju varnosti in zdravja pri delu &hellip; <a href=\"https:\/\/chesse.org\/sl\/zakonodaja\/\" class=\"more-link\">Preberi ve\u010d <span class=\"screen-reader-text\">Zakonodaja<\/span> <span class=\"meta-nav\">&rarr;<\/span><\/a><\/p>\n","protected":false},"author":43,"featured_media":0,"parent":0,"menu_order":4,"comment_status":"closed","ping_status":"closed","template":"","meta":{"footnotes":""},"class_list":["post-13694","page","type-page","status-publish","hentry"],"yoast_head":"<!-- This site is optimized with the Yoast SEO plugin v27.3 - https:\/\/yoast.com\/product\/yoast-seo-wordpress\/ -->\n<title>Zakonodaja &#8211; Chemical Safety in Science Education<\/title>\n<meta name=\"description\" content=\"Kratek pregled zakonodaje, ki med drugim ureja tudi ravnanje s kemikalijami v \u0161olah EU.\" \/>\n<meta name=\"robots\" content=\"index, follow, max-snippet:-1, max-image-preview:large, max-video-preview:-1\" \/>\n<link rel=\"canonical\" href=\"https:\/\/chesse.org\/sl\/zakonodaja\/\" \/>\n<meta property=\"og:locale\" content=\"sl_SI\" \/>\n<meta property=\"og:type\" content=\"article\" \/>\n<meta property=\"og:title\" content=\"Zakonodaja &#8211; Chemical Safety in Science Education\" \/>\n<meta property=\"og:description\" content=\"Kratek pregled zakonodaje, ki med drugim ureja tudi ravnanje s kemikalijami v \u0161olah EU.\" \/>\n<meta property=\"og:url\" content=\"https:\/\/chesse.org\/sl\/zakonodaja\/\" \/>\n<meta property=\"og:site_name\" content=\"Chemical Safety in Science Education\" \/>\n<meta property=\"article:modified_time\" content=\"2023-03-31T14:10:33+00:00\" \/>\n<meta property=\"og:image\" content=\"https:\/\/chesse.org\/wp-content\/uploads\/2022\/06\/chesse-sharing.png\" \/>\n\t<meta property=\"og:image:width\" content=\"1200\" \/>\n\t<meta property=\"og:image:height\" content=\"630\" \/>\n\t<meta property=\"og:image:type\" content=\"image\/png\" \/>\n<meta name=\"twitter:card\" content=\"summary_large_image\" \/>\n<script type=\"application\/ld+json\" class=\"yoast-schema-graph\">{\"@context\":\"https:\\\/\\\/schema.org\",\"@graph\":[{\"@type\":\"WebPage\",\"@id\":\"https:\\\/\\\/chesse.org\\\/sl\\\/zakonodaja\\\/\",\"url\":\"https:\\\/\\\/chesse.org\\\/sl\\\/zakonodaja\\\/\",\"name\":\"Zakonodaja &#8211; Chemical Safety in Science Education\",\"isPartOf\":{\"@id\":\"https:\\\/\\\/chesse.org\\\/sl\\\/#website\"},\"datePublished\":\"2023-03-27T08:53:10+00:00\",\"dateModified\":\"2023-03-31T14:10:33+00:00\",\"description\":\"Kratek pregled zakonodaje, ki med drugim ureja tudi ravnanje s kemikalijami v \u0161olah EU.\",\"breadcrumb\":{\"@id\":\"https:\\\/\\\/chesse.org\\\/sl\\\/zakonodaja\\\/#breadcrumb\"},\"inLanguage\":\"sl-SI\",\"potentialAction\":[{\"@type\":\"ReadAction\",\"target\":[\"https:\\\/\\\/chesse.org\\\/sl\\\/zakonodaja\\\/\"]}]},{\"@type\":\"BreadcrumbList\",\"@id\":\"https:\\\/\\\/chesse.org\\\/sl\\\/zakonodaja\\\/#breadcrumb\",\"itemListElement\":[{\"@type\":\"ListItem\",\"position\":1,\"name\":\"Domov\",\"item\":\"https:\\\/\\\/chesse.org\\\/sl\\\/\"},{\"@type\":\"ListItem\",\"position\":2,\"name\":\"Zakonodaja\"}]},{\"@type\":\"WebSite\",\"@id\":\"https:\\\/\\\/chesse.org\\\/sl\\\/#website\",\"url\":\"https:\\\/\\\/chesse.org\\\/sl\\\/\",\"name\":\"Chemical Safety in Science Education\",\"description\":\"Condensed, up-to date information for science and chemistry teachers, head of schools and science teacher educators.\",\"publisher\":{\"@id\":\"https:\\\/\\\/chesse.org\\\/sl\\\/#organization\"},\"potentialAction\":[{\"@type\":\"SearchAction\",\"target\":{\"@type\":\"EntryPoint\",\"urlTemplate\":\"https:\\\/\\\/chesse.org\\\/sl\\\/?s={search_term_string}\"},\"query-input\":{\"@type\":\"PropertyValueSpecification\",\"valueRequired\":true,\"valueName\":\"search_term_string\"}}],\"inLanguage\":\"sl-SI\"},{\"@type\":\"Organization\",\"@id\":\"https:\\\/\\\/chesse.org\\\/sl\\\/#organization\",\"name\":\"Online resources for Chemical Safety in Science Education\",\"url\":\"https:\\\/\\\/chesse.org\\\/sl\\\/\",\"logo\":{\"@type\":\"ImageObject\",\"inLanguage\":\"sl-SI\",\"@id\":\"https:\\\/\\\/chesse.org\\\/sl\\\/#\\\/schema\\\/logo\\\/image\\\/\",\"url\":\"https:\\\/\\\/chesse.org\\\/wp-content\\\/uploads\\\/2020\\\/10\\\/CheSSE_logo-01.svg\",\"contentUrl\":\"https:\\\/\\\/chesse.org\\\/wp-content\\\/uploads\\\/2020\\\/10\\\/CheSSE_logo-01.svg\",\"width\":350,\"height\":100,\"caption\":\"Online resources for Chemical Safety in Science Education\"},\"image\":{\"@id\":\"https:\\\/\\\/chesse.org\\\/sl\\\/#\\\/schema\\\/logo\\\/image\\\/\"}}]}<\/script>\n<!-- \/ Yoast SEO plugin. -->","yoast_head_json":{"title":"Zakonodaja &#8211; Chemical Safety in Science Education","description":"Kratek pregled zakonodaje, ki med drugim ureja tudi ravnanje s kemikalijami v \u0161olah EU.","robots":{"index":"index","follow":"follow","max-snippet":"max-snippet:-1","max-image-preview":"max-image-preview:large","max-video-preview":"max-video-preview:-1"},"canonical":"https:\/\/chesse.org\/sl\/zakonodaja\/","og_locale":"sl_SI","og_type":"article","og_title":"Zakonodaja &#8211; Chemical Safety in Science Education","og_description":"Kratek pregled zakonodaje, ki med drugim ureja tudi ravnanje s kemikalijami v \u0161olah EU.","og_url":"https:\/\/chesse.org\/sl\/zakonodaja\/","og_site_name":"Chemical Safety in Science Education","article_modified_time":"2023-03-31T14:10:33+00:00","og_image":[{"width":1200,"height":630,"url":"https:\/\/chesse.org\/wp-content\/uploads\/2022\/06\/chesse-sharing.png","type":"image\/png"}],"twitter_card":"summary_large_image","schema":{"@context":"https:\/\/schema.org","@graph":[{"@type":"WebPage","@id":"https:\/\/chesse.org\/sl\/zakonodaja\/","url":"https:\/\/chesse.org\/sl\/zakonodaja\/","name":"Zakonodaja &#8211; Chemical Safety in Science Education","isPartOf":{"@id":"https:\/\/chesse.org\/sl\/#website"},"datePublished":"2023-03-27T08:53:10+00:00","dateModified":"2023-03-31T14:10:33+00:00","description":"Kratek pregled zakonodaje, ki med drugim ureja tudi ravnanje s kemikalijami v \u0161olah EU.","breadcrumb":{"@id":"https:\/\/chesse.org\/sl\/zakonodaja\/#breadcrumb"},"inLanguage":"sl-SI","potentialAction":[{"@type":"ReadAction","target":["https:\/\/chesse.org\/sl\/zakonodaja\/"]}]},{"@type":"BreadcrumbList","@id":"https:\/\/chesse.org\/sl\/zakonodaja\/#breadcrumb","itemListElement":[{"@type":"ListItem","position":1,"name":"Domov","item":"https:\/\/chesse.org\/sl\/"},{"@type":"ListItem","position":2,"name":"Zakonodaja"}]},{"@type":"WebSite","@id":"https:\/\/chesse.org\/sl\/#website","url":"https:\/\/chesse.org\/sl\/","name":"Chemical Safety in Science Education","description":"Condensed, up-to date information for science and chemistry teachers, head of schools and science teacher educators.","publisher":{"@id":"https:\/\/chesse.org\/sl\/#organization"},"potentialAction":[{"@type":"SearchAction","target":{"@type":"EntryPoint","urlTemplate":"https:\/\/chesse.org\/sl\/?s={search_term_string}"},"query-input":{"@type":"PropertyValueSpecification","valueRequired":true,"valueName":"search_term_string"}}],"inLanguage":"sl-SI"},{"@type":"Organization","@id":"https:\/\/chesse.org\/sl\/#organization","name":"Online resources for Chemical Safety in Science Education","url":"https:\/\/chesse.org\/sl\/","logo":{"@type":"ImageObject","inLanguage":"sl-SI","@id":"https:\/\/chesse.org\/sl\/#\/schema\/logo\/image\/","url":"https:\/\/chesse.org\/wp-content\/uploads\/2020\/10\/CheSSE_logo-01.svg","contentUrl":"https:\/\/chesse.org\/wp-content\/uploads\/2020\/10\/CheSSE_logo-01.svg","width":350,"height":100,"caption":"Online resources for Chemical Safety in Science Education"},"image":{"@id":"https:\/\/chesse.org\/sl\/#\/schema\/logo\/image\/"}}]}},"_links":{"self":[{"href":"https:\/\/chesse.org\/sl\/wp-json\/wp\/v2\/pages\/13694","targetHints":{"allow":["GET"]}}],"collection":[{"href":"https:\/\/chesse.org\/sl\/wp-json\/wp\/v2\/pages"}],"about":[{"href":"https:\/\/chesse.org\/sl\/wp-json\/wp\/v2\/types\/page"}],"author":[{"embeddable":true,"href":"https:\/\/chesse.org\/sl\/wp-json\/wp\/v2\/users\/43"}],"replies":[{"embeddable":true,"href":"https:\/\/chesse.org\/sl\/wp-json\/wp\/v2\/comments?post=13694"}],"version-history":[{"count":5,"href":"https:\/\/chesse.org\/sl\/wp-json\/wp\/v2\/pages\/13694\/revisions"}],"predecessor-version":[{"id":13745,"href":"https:\/\/chesse.org\/sl\/wp-json\/wp\/v2\/pages\/13694\/revisions\/13745"}],"wp:attachment":[{"href":"https:\/\/chesse.org\/sl\/wp-json\/wp\/v2\/media?parent=13694"}],"curies":[{"name":"wp","href":"https:\/\/api.w.org\/{rel}","templated":true}]}}