{"id":13697,"date":"2023-03-27T11:06:37","date_gmt":"2023-03-27T09:06:37","guid":{"rendered":"https:\/\/chesse.org\/zakonodaja\/pregled-zakonodaje-eu-o-kemikalijah\/"},"modified":"2026-04-14T18:17:21","modified_gmt":"2026-04-14T16:17:21","slug":"pregled-zakonodaje-eu-o-kemikalijah","status":"publish","type":"page","link":"https:\/\/chesse.org\/sl\/zakonodaja\/pregled-zakonodaje-eu-o-kemikalijah\/","title":{"rendered":"Pregled zakonodaje EU o kemikalijah"},"content":{"rendered":"\t\t<div data-elementor-type=\"wp-page\" data-elementor-id=\"13697\" class=\"elementor elementor-13697 elementor-41\" data-elementor-post-type=\"page\">\n\t\t\t\t\t\t<section class=\"elementor-section elementor-top-section elementor-element elementor-element-f7ebe58 elementor-section-boxed elementor-section-height-default elementor-section-height-default\" data-id=\"f7ebe58\" data-element_type=\"section\" data-e-type=\"section\">\n\t\t\t\t\t\t<div class=\"elementor-container elementor-column-gap-default\">\n\t\t\t\t\t<div class=\"elementor-column elementor-col-100 elementor-top-column elementor-element elementor-element-4786d50\" data-id=\"4786d50\" data-element_type=\"column\" data-e-type=\"column\">\n\t\t\t<div class=\"elementor-widget-wrap elementor-element-populated\">\n\t\t\t\t\t\t<div class=\"elementor-element elementor-element-23d83fe standfirst elementor-widget elementor-widget-text-editor\" data-id=\"23d83fe\" data-element_type=\"widget\" data-e-type=\"widget\" data-widget_type=\"text-editor.default\">\n\t\t\t\t<div class=\"elementor-widget-container\">\n\t\t\t\t\t\t\t\t\t<p>Kratek pregled zakonodaje, ki med drugim ureja tudi ravnanje s kemikalijami v \u0161olah EU.<\/p>\t\t\t\t\t\t\t\t<\/div>\n\t\t\t\t<\/div>\n\t\t\t\t<div class=\"elementor-element elementor-element-78960b1 elementor-toc--content-ellipsis elementor-widget elementor-widget-global elementor-global-11735 elementor-global-3097 elementor-widget-table-of-contents\" data-id=\"78960b1\" data-element_type=\"widget\" data-e-type=\"widget\" data-settings=\"{&quot;headings_by_tags&quot;:[&quot;h2&quot;,&quot;h3&quot;],&quot;exclude_headings_by_selector&quot;:&quot;.noTOC&quot;,&quot;marker_view&quot;:&quot;bullets&quot;,&quot;icon&quot;:{&quot;value&quot;:&quot;fas fa-circle&quot;,&quot;library&quot;:&quot;fa-solid&quot;},&quot;no_headings_message&quot;:&quot;No headings were found on this page.&quot;,&quot;hierarchical_view&quot;:&quot;yes&quot;,&quot;min_height&quot;:{&quot;unit&quot;:&quot;px&quot;,&quot;size&quot;:&quot;&quot;,&quot;sizes&quot;:[]},&quot;min_height_tablet&quot;:{&quot;unit&quot;:&quot;px&quot;,&quot;size&quot;:&quot;&quot;,&quot;sizes&quot;:[]},&quot;min_height_mobile&quot;:{&quot;unit&quot;:&quot;px&quot;,&quot;size&quot;:&quot;&quot;,&quot;sizes&quot;:[]}}\" data-widget_type=\"table-of-contents.default\">\n\t\t\t\t<div class=\"elementor-widget-container\">\n\t\t\t\t\t\t\t\t\t<div class=\"elementor-toc__header\">\n\t\t\t\t\t\t<div class=\"elementor-toc__header-title\">\n\t\t\t\tVsebina\t\t\t<\/div>\n\t\t\t\t\t\t\t\t<\/div>\n\t\t\t\t<div id=\"elementor-toc__78960b1\" class=\"elementor-toc__body\">\n\t\t\t<div class=\"elementor-toc__spinner-container\">\n\t\t\t\t<i class=\"elementor-toc__spinner eicon-animation-spin eicon-loading\" aria-hidden=\"true\"><\/i>\t\t\t<\/div>\n\t\t<\/div>\n\t\t\t\t\t\t<\/div>\n\t\t\t\t<\/div>\n\t\t\t\t<div class=\"elementor-element elementor-element-6e3cdde elementor-widget elementor-widget-text-editor\" data-id=\"6e3cdde\" data-element_type=\"widget\" data-e-type=\"widget\" data-widget_type=\"text-editor.default\">\n\t\t\t\t<div class=\"elementor-widget-container\">\n\t\t\t\t\t\t\t\t\t<h2>Splo\u0161na na\u010dela EU prava, ki se nana\u0161ajo na ravnanje s kemikalijami<\/h2><p>Za kemijska tveganja se uporablja ve\u010d zakonov EU. Splo\u0161na na\u010dela kemijske zakonodaje EU vklju\u010dujejo:<\/p><ul><li>Na\u010delo prepre\u010devanja<br>Bolje je prepre\u010devati kot popravljati.<\/li><li><strong>Previdnostno na\u010delo<\/strong><br>Ukrepi za prepre\u010ditev potencialnih tveganj za javno zdravje, varnost in okolje imajo prednost pred gospodarskimi interesi. <\/li><li><strong>Na\u010delo \u201donesna\u017eevalec pla\u010da\u201d<\/strong><br>Onesna\u017eevalci morajo nositi bremena in tveganja onesna\u017eevanja okolja, ki jih povzro\u010dajo.<\/li><\/ul>\t\t\t\t\t\t\t\t<\/div>\n\t\t\t\t<\/div>\n\t\t\t\t<div class=\"elementor-element elementor-element-6a076f4 elementor-widget elementor-widget-text-editor\" data-id=\"6a076f4\" data-element_type=\"widget\" data-e-type=\"widget\" data-widget_type=\"text-editor.default\">\n\t\t\t\t<div class=\"elementor-widget-container\">\n\t\t\t\t\t\t\t\t\t<h2>Zakonodaja EU v zvezi z ravnanjem s kemikalijami<\/h2><figure><img fetchpriority=\"high\" decoding=\"async\" src=\"https:\/\/chesse.org\/wp-content\/uploads\/SL_overview-of-legislation.svg\" alt=\"Diagram z opisom zakonodaje, ki se nana\u0161a na kemikalije v \u0161olah. Predpisi EU se neposredno uporabljajo v vseh dr\u017eavah Evropske unije. Direktive EU se sprejmejo na ravni EU, dr\u017eave EU pa jih vklju\u010dijo v nacionalno zakonodajo. Dr\u017eave \u010dlanice imajo lahko nacionalno zakonodajo, ki je stro\u017eja od zahtev EU.\" width=\"1440\" height=\"675\"><figcaption>Zakonodaja EU v zvezi z ravnanjem s kemikalijami.<\/figcaption><\/figure><h3>EU uredbe<\/h3><p>Uredbe EU so zavezujo\u010di zakonodajni akti za vse dr\u017eave \u010dlanice in se neposredno implementirajo v vseh dr\u017eavah EU. V povezavi s kemijsko varnostjo v \u0161olah sta \u0161e posebej pomembna dva predpisa, ki veljata tudi za dr\u017eave Evropskega gospodarskega prostora (EGP): <\/p><ul><li>Uredba o razvr\u0161\u010danju, ozna\u010devanju in pakiranju (CLP) zagotavlja, da so delavci in potro\u0161niki v EU obve\u0161\u010deni o nevarnosti kemikalij na podlagi njihovega razvr\u0161\u010danja in ozna\u010devanja. Temelji na globalno usklajenem sistemu (GHS) Organizacije zdru\u017eenih narodov, njen namen pa je zagotoviti visoko raven varovanja zdravja in okolja ter prosti pretok snovi, zmesi in izdelkov. Od proizvajalcev, uvoznikov ali nadaljnjih uporabnikov snovi ali zmesi zahteva, da nevarne kemikalije pred dajanjem v promet ustrezno razvrstijo, ozna\u010dijo in zapakirajo. Uredbo je potrebno tako upo\u0161tevati tudi pri pripravi in shranjevanju raztopin v \u0161olah. <\/li><li><strong>Uredba o registraciji, evalvaciji, avtorizaciji in omejevanju kemikalij (REACH)<\/strong> ureja podro\u010dje uporabe kemikalij, npr. tako da od industrije zahteva pripravo informacij o nevarnostih in tveganjih ter omejuje uporabo nekaterih kemikalij za izbolj\u0161anje varovanja zdravja ljudi in okolja pred tveganji. Uredba se na\u010deloma uporablja za vse kemi\u010dne snovi, ne le za tiste, ki se uporabljajo v industriji, temve\u010d tudi v vsakdanjem \u017eivljenju (npr. v \u010distilnih izdelkih). Uredba spodbuja tudi alternativne metode za oceno nevarnosti snovi, za zmanj\u0161anje \u0161tevila testiranj na \u017eivalih. <\/li><\/ul><h3>EU direktive<\/h3><p>Direktive EU se sprejmejo na ravni EU, dr\u017eave EU in evropskega gospodarskega prostora (EEA) pa jih vklju\u010dijo v nacionalno zakonodajo, tako da postanejo nacionalni ali regionalni zakoni. Primera tak\u0161nih direktiv EU sta na primer Okvirna direktiva o odpadkih ter Direktiva o rakotvornih in mutagenih snoveh. <\/p><h3>Dodatni nacionalni zakoni<\/h3><p>Uredbe in direktive EU so zavezujo\u010di pravni akti, vendar imajo lahko dr\u017eave \u010dlanice nacionalno zakonodajo, ki je specifi\u010dna za nacionalni okvir in praviloma stro\u017eja od direktiv EU. <\/p>\t\t\t\t\t\t\t\t<\/div>\n\t\t\t\t<\/div>\n\t\t\t\t\t<\/div>\n\t\t<\/div>\n\t\t\t\t\t<\/div>\n\t\t<\/section>\n\t\t\t\t<\/div>\n\t\t","protected":false},"excerpt":{"rendered":"<p>Kratek pregled zakonodaje, ki med drugim ureja tudi ravnanje s kemikalijami v \u0161olah EU. Table of Contents Splo\u0161na na\u010dela EU prava, ki se nana\u0161ajo na ravnanje s kemikalijami Za kemijska tveganja se uporablja ve\u010d zakonov EU. Splo\u0161na na\u010dela kemijske zakonodaje EU vklju\u010dujejo: Na\u010delo prepre\u010devanjaBolje je prepre\u010devati kot popravljati. Previdnostno na\u010deloUkrepi za prepre\u010ditev potencialnih tveganj za &hellip; <a href=\"https:\/\/chesse.org\/sl\/zakonodaja\/pregled-zakonodaje-eu-o-kemikalijah\/\" class=\"more-link\">Preberi ve\u010d <span class=\"screen-reader-text\">Pregled zakonodaje EU o kemikalijah<\/span> <span class=\"meta-nav\">&rarr;<\/span><\/a><\/p>\n","protected":false},"author":43,"featured_media":0,"parent":13694,"menu_order":0,"comment_status":"closed","ping_status":"closed","template":"","meta":{"footnotes":""},"class_list":["post-13697","page","type-page","status-publish","hentry"],"yoast_head":"<!-- This site is optimized with the Yoast SEO plugin v27.3 - https:\/\/yoast.com\/product\/yoast-seo-wordpress\/ -->\n<title>Pregled zakonodaje EU o kemikalijah &#8211; Chemical Safety in Science Education<\/title>\n<meta name=\"description\" content=\"Kratek pregled zakonodaje, ki med drugim ureja tudi ravnanje s kemikalijami v \u0161olah v EU.\" \/>\n<meta name=\"robots\" content=\"index, follow, max-snippet:-1, max-image-preview:large, max-video-preview:-1\" \/>\n<link rel=\"canonical\" href=\"https:\/\/chesse.org\/sl\/zakonodaja\/pregled-zakonodaje-eu-o-kemikalijah\/\" \/>\n<meta property=\"og:locale\" content=\"sl_SI\" \/>\n<meta property=\"og:type\" content=\"article\" \/>\n<meta property=\"og:title\" content=\"Pregled zakonodaje EU o kemikalijah &#8211; Chemical Safety in Science Education\" \/>\n<meta property=\"og:description\" content=\"Kratek pregled zakonodaje, ki med drugim ureja tudi ravnanje s kemikalijami v \u0161olah v EU.\" \/>\n<meta property=\"og:url\" content=\"https:\/\/chesse.org\/sl\/zakonodaja\/pregled-zakonodaje-eu-o-kemikalijah\/\" \/>\n<meta property=\"og:site_name\" content=\"Chemical Safety in Science Education\" \/>\n<meta property=\"article:modified_time\" content=\"2026-04-14T16:17:21+00:00\" \/>\n<meta property=\"og:image\" content=\"https:\/\/chesse.org\/wp-content\/uploads\/SL_overview-of-legislation.svg\" \/>\n<meta name=\"twitter:card\" content=\"summary_large_image\" \/>\n<script type=\"application\/ld+json\" class=\"yoast-schema-graph\">{\"@context\":\"https:\\\/\\\/schema.org\",\"@graph\":[{\"@type\":\"WebPage\",\"@id\":\"https:\\\/\\\/chesse.org\\\/sl\\\/zakonodaja\\\/pregled-zakonodaje-eu-o-kemikalijah\\\/\",\"url\":\"https:\\\/\\\/chesse.org\\\/sl\\\/zakonodaja\\\/pregled-zakonodaje-eu-o-kemikalijah\\\/\",\"name\":\"Pregled zakonodaje EU o kemikalijah &#8211; Chemical Safety in Science Education\",\"isPartOf\":{\"@id\":\"https:\\\/\\\/chesse.org\\\/sl\\\/#website\"},\"primaryImageOfPage\":{\"@id\":\"https:\\\/\\\/chesse.org\\\/sl\\\/zakonodaja\\\/pregled-zakonodaje-eu-o-kemikalijah\\\/#primaryimage\"},\"image\":{\"@id\":\"https:\\\/\\\/chesse.org\\\/sl\\\/zakonodaja\\\/pregled-zakonodaje-eu-o-kemikalijah\\\/#primaryimage\"},\"thumbnailUrl\":\"https:\\\/\\\/chesse.org\\\/wp-content\\\/uploads\\\/SL_overview-of-legislation.svg\",\"datePublished\":\"2023-03-27T09:06:37+00:00\",\"dateModified\":\"2026-04-14T16:17:21+00:00\",\"description\":\"Kratek pregled zakonodaje, ki med drugim ureja tudi ravnanje s kemikalijami v \u0161olah v EU.\",\"breadcrumb\":{\"@id\":\"https:\\\/\\\/chesse.org\\\/sl\\\/zakonodaja\\\/pregled-zakonodaje-eu-o-kemikalijah\\\/#breadcrumb\"},\"inLanguage\":\"sl-SI\",\"potentialAction\":[{\"@type\":\"ReadAction\",\"target\":[\"https:\\\/\\\/chesse.org\\\/sl\\\/zakonodaja\\\/pregled-zakonodaje-eu-o-kemikalijah\\\/\"]}]},{\"@type\":\"ImageObject\",\"inLanguage\":\"sl-SI\",\"@id\":\"https:\\\/\\\/chesse.org\\\/sl\\\/zakonodaja\\\/pregled-zakonodaje-eu-o-kemikalijah\\\/#primaryimage\",\"url\":\"https:\\\/\\\/chesse.org\\\/wp-content\\\/uploads\\\/SL_overview-of-legislation.svg\",\"contentUrl\":\"https:\\\/\\\/chesse.org\\\/wp-content\\\/uploads\\\/SL_overview-of-legislation.svg\"},{\"@type\":\"BreadcrumbList\",\"@id\":\"https:\\\/\\\/chesse.org\\\/sl\\\/zakonodaja\\\/pregled-zakonodaje-eu-o-kemikalijah\\\/#breadcrumb\",\"itemListElement\":[{\"@type\":\"ListItem\",\"position\":1,\"name\":\"Domov\",\"item\":\"https:\\\/\\\/chesse.org\\\/sl\\\/\"},{\"@type\":\"ListItem\",\"position\":2,\"name\":\"Zakonodaja\",\"item\":\"https:\\\/\\\/chesse.org\\\/sl\\\/zakonodaja\\\/\"},{\"@type\":\"ListItem\",\"position\":3,\"name\":\"Pregled zakonodaje EU o kemikalijah\"}]},{\"@type\":\"WebSite\",\"@id\":\"https:\\\/\\\/chesse.org\\\/sl\\\/#website\",\"url\":\"https:\\\/\\\/chesse.org\\\/sl\\\/\",\"name\":\"Chemical Safety in Science Education\",\"description\":\"Condensed, up-to date information for science and chemistry teachers, head of schools and science teacher educators.\",\"publisher\":{\"@id\":\"https:\\\/\\\/chesse.org\\\/sl\\\/#organization\"},\"potentialAction\":[{\"@type\":\"SearchAction\",\"target\":{\"@type\":\"EntryPoint\",\"urlTemplate\":\"https:\\\/\\\/chesse.org\\\/sl\\\/?s={search_term_string}\"},\"query-input\":{\"@type\":\"PropertyValueSpecification\",\"valueRequired\":true,\"valueName\":\"search_term_string\"}}],\"inLanguage\":\"sl-SI\"},{\"@type\":\"Organization\",\"@id\":\"https:\\\/\\\/chesse.org\\\/sl\\\/#organization\",\"name\":\"Online resources for Chemical Safety in Science Education\",\"url\":\"https:\\\/\\\/chesse.org\\\/sl\\\/\",\"logo\":{\"@type\":\"ImageObject\",\"inLanguage\":\"sl-SI\",\"@id\":\"https:\\\/\\\/chesse.org\\\/sl\\\/#\\\/schema\\\/logo\\\/image\\\/\",\"url\":\"https:\\\/\\\/chesse.org\\\/wp-content\\\/uploads\\\/2020\\\/10\\\/CheSSE_logo-01.svg\",\"contentUrl\":\"https:\\\/\\\/chesse.org\\\/wp-content\\\/uploads\\\/2020\\\/10\\\/CheSSE_logo-01.svg\",\"width\":350,\"height\":100,\"caption\":\"Online resources for Chemical Safety in Science Education\"},\"image\":{\"@id\":\"https:\\\/\\\/chesse.org\\\/sl\\\/#\\\/schema\\\/logo\\\/image\\\/\"}}]}<\/script>\n<!-- \/ Yoast SEO plugin. -->","yoast_head_json":{"title":"Pregled zakonodaje EU o kemikalijah &#8211; Chemical Safety in Science Education","description":"Kratek pregled zakonodaje, ki med drugim ureja tudi ravnanje s kemikalijami v \u0161olah v EU.","robots":{"index":"index","follow":"follow","max-snippet":"max-snippet:-1","max-image-preview":"max-image-preview:large","max-video-preview":"max-video-preview:-1"},"canonical":"https:\/\/chesse.org\/sl\/zakonodaja\/pregled-zakonodaje-eu-o-kemikalijah\/","og_locale":"sl_SI","og_type":"article","og_title":"Pregled zakonodaje EU o kemikalijah &#8211; Chemical Safety in Science Education","og_description":"Kratek pregled zakonodaje, ki med drugim ureja tudi ravnanje s kemikalijami v \u0161olah v EU.","og_url":"https:\/\/chesse.org\/sl\/zakonodaja\/pregled-zakonodaje-eu-o-kemikalijah\/","og_site_name":"Chemical Safety in Science Education","article_modified_time":"2026-04-14T16:17:21+00:00","og_image":[{"url":"https:\/\/chesse.org\/wp-content\/uploads\/SL_overview-of-legislation.svg","type":"","width":"","height":""}],"twitter_card":"summary_large_image","schema":{"@context":"https:\/\/schema.org","@graph":[{"@type":"WebPage","@id":"https:\/\/chesse.org\/sl\/zakonodaja\/pregled-zakonodaje-eu-o-kemikalijah\/","url":"https:\/\/chesse.org\/sl\/zakonodaja\/pregled-zakonodaje-eu-o-kemikalijah\/","name":"Pregled zakonodaje EU o kemikalijah &#8211; Chemical Safety in Science Education","isPartOf":{"@id":"https:\/\/chesse.org\/sl\/#website"},"primaryImageOfPage":{"@id":"https:\/\/chesse.org\/sl\/zakonodaja\/pregled-zakonodaje-eu-o-kemikalijah\/#primaryimage"},"image":{"@id":"https:\/\/chesse.org\/sl\/zakonodaja\/pregled-zakonodaje-eu-o-kemikalijah\/#primaryimage"},"thumbnailUrl":"https:\/\/chesse.org\/wp-content\/uploads\/SL_overview-of-legislation.svg","datePublished":"2023-03-27T09:06:37+00:00","dateModified":"2026-04-14T16:17:21+00:00","description":"Kratek pregled zakonodaje, ki med drugim ureja tudi ravnanje s kemikalijami v \u0161olah v EU.","breadcrumb":{"@id":"https:\/\/chesse.org\/sl\/zakonodaja\/pregled-zakonodaje-eu-o-kemikalijah\/#breadcrumb"},"inLanguage":"sl-SI","potentialAction":[{"@type":"ReadAction","target":["https:\/\/chesse.org\/sl\/zakonodaja\/pregled-zakonodaje-eu-o-kemikalijah\/"]}]},{"@type":"ImageObject","inLanguage":"sl-SI","@id":"https:\/\/chesse.org\/sl\/zakonodaja\/pregled-zakonodaje-eu-o-kemikalijah\/#primaryimage","url":"https:\/\/chesse.org\/wp-content\/uploads\/SL_overview-of-legislation.svg","contentUrl":"https:\/\/chesse.org\/wp-content\/uploads\/SL_overview-of-legislation.svg"},{"@type":"BreadcrumbList","@id":"https:\/\/chesse.org\/sl\/zakonodaja\/pregled-zakonodaje-eu-o-kemikalijah\/#breadcrumb","itemListElement":[{"@type":"ListItem","position":1,"name":"Domov","item":"https:\/\/chesse.org\/sl\/"},{"@type":"ListItem","position":2,"name":"Zakonodaja","item":"https:\/\/chesse.org\/sl\/zakonodaja\/"},{"@type":"ListItem","position":3,"name":"Pregled zakonodaje EU o kemikalijah"}]},{"@type":"WebSite","@id":"https:\/\/chesse.org\/sl\/#website","url":"https:\/\/chesse.org\/sl\/","name":"Chemical Safety in Science Education","description":"Condensed, up-to date information for science and chemistry teachers, head of schools and science teacher educators.","publisher":{"@id":"https:\/\/chesse.org\/sl\/#organization"},"potentialAction":[{"@type":"SearchAction","target":{"@type":"EntryPoint","urlTemplate":"https:\/\/chesse.org\/sl\/?s={search_term_string}"},"query-input":{"@type":"PropertyValueSpecification","valueRequired":true,"valueName":"search_term_string"}}],"inLanguage":"sl-SI"},{"@type":"Organization","@id":"https:\/\/chesse.org\/sl\/#organization","name":"Online resources for Chemical Safety in Science Education","url":"https:\/\/chesse.org\/sl\/","logo":{"@type":"ImageObject","inLanguage":"sl-SI","@id":"https:\/\/chesse.org\/sl\/#\/schema\/logo\/image\/","url":"https:\/\/chesse.org\/wp-content\/uploads\/2020\/10\/CheSSE_logo-01.svg","contentUrl":"https:\/\/chesse.org\/wp-content\/uploads\/2020\/10\/CheSSE_logo-01.svg","width":350,"height":100,"caption":"Online resources for Chemical Safety in Science Education"},"image":{"@id":"https:\/\/chesse.org\/sl\/#\/schema\/logo\/image\/"}}]}},"_links":{"self":[{"href":"https:\/\/chesse.org\/sl\/wp-json\/wp\/v2\/pages\/13697","targetHints":{"allow":["GET"]}}],"collection":[{"href":"https:\/\/chesse.org\/sl\/wp-json\/wp\/v2\/pages"}],"about":[{"href":"https:\/\/chesse.org\/sl\/wp-json\/wp\/v2\/types\/page"}],"author":[{"embeddable":true,"href":"https:\/\/chesse.org\/sl\/wp-json\/wp\/v2\/users\/43"}],"replies":[{"embeddable":true,"href":"https:\/\/chesse.org\/sl\/wp-json\/wp\/v2\/comments?post=13697"}],"version-history":[{"count":8,"href":"https:\/\/chesse.org\/sl\/wp-json\/wp\/v2\/pages\/13697\/revisions"}],"predecessor-version":[{"id":16831,"href":"https:\/\/chesse.org\/sl\/wp-json\/wp\/v2\/pages\/13697\/revisions\/16831"}],"up":[{"embeddable":true,"href":"https:\/\/chesse.org\/sl\/wp-json\/wp\/v2\/pages\/13694"}],"wp:attachment":[{"href":"https:\/\/chesse.org\/sl\/wp-json\/wp\/v2\/media?parent=13697"}],"curies":[{"name":"wp","href":"https:\/\/api.w.org\/{rel}","templated":true}]}}