{"id":13700,"date":"2023-03-27T11:18:35","date_gmt":"2023-03-27T09:18:35","guid":{"rendered":"https:\/\/chesse.org\/zakonodaja\/zakonodaja-o-odpadkih\/"},"modified":"2023-06-22T11:36:59","modified_gmt":"2023-06-22T09:36:59","slug":"zakonodaja-o-odpadkih","status":"publish","type":"page","link":"https:\/\/chesse.org\/sl\/zakonodaja\/zakonodaja-o-odpadkih\/","title":{"rendered":"Zakonodaja o odpadkih"},"content":{"rendered":"\t\t<div data-elementor-type=\"wp-page\" data-elementor-id=\"13700\" class=\"elementor elementor-13700 elementor-1741\" data-elementor-post-type=\"page\">\n\t\t\t\t\t\t<section class=\"elementor-section elementor-top-section elementor-element elementor-element-70b4522 elementor-section-boxed elementor-section-height-default elementor-section-height-default\" data-id=\"70b4522\" data-element_type=\"section\" data-e-type=\"section\">\n\t\t\t\t\t\t<div class=\"elementor-container elementor-column-gap-default\">\n\t\t\t\t\t<div class=\"elementor-column elementor-col-100 elementor-top-column elementor-element elementor-element-e71bc1a\" data-id=\"e71bc1a\" data-element_type=\"column\" data-e-type=\"column\" id=\"mainLeft\">\n\t\t\t<div class=\"elementor-widget-wrap elementor-element-populated\">\n\t\t\t\t\t\t<div class=\"elementor-element elementor-element-1fd6b4f standfirst elementor-widget elementor-widget-text-editor\" data-id=\"1fd6b4f\" data-element_type=\"widget\" data-e-type=\"widget\" data-widget_type=\"text-editor.default\">\n\t\t\t\t<div class=\"elementor-widget-container\">\n\t\t\t\t\t\t\t\t\t<p>Na\u010dela ravnanja z odpadki v skladu z zakonodajo EU.<\/p>\n\t\t\t\t\t\t\t\t<\/div>\n\t\t\t\t<\/div>\n\t\t\t\t<div class=\"elementor-element elementor-element-11dfa3a elementor-widget elementor-widget-text-editor\" data-id=\"11dfa3a\" data-element_type=\"widget\" data-e-type=\"widget\" data-widget_type=\"text-editor.default\">\n\t\t\t\t<div class=\"elementor-widget-container\">\n\t\t\t\t\t\t\t\t\t<p><img decoding=\"async\" class=\"size-thumbnail wp-image-10639\" style=\"float: left; margin: 5px 15px 0px 5px;\" role=\"presentation\" src=\"https:\/\/chesse.org\/wp-content\/uploads\/chesse-alert.svg\" alt=\"\" width=\"45\" height=\"45\">Na tej strani je predstavljena evropska zakonodaja o odpadkih.<br \/>Ve\u010d o prakti\u010dnih primerih si lahko preberete na strani: <a href=\"https:\/\/chesse.org\/sl\/oznacevanje-in-skladiscenje-kemikalij-ter-ravnanje-z-odpadki\/ravnanje-z-odpadki\/\">Ravnanje z odpadki<\/a><\/p>\n\t\t\t\t\t\t\t\t<\/div>\n\t\t\t\t<\/div>\n\t\t\t\t<div class=\"elementor-element elementor-element-744b3d2 elementor-widget elementor-widget-text-editor\" data-id=\"744b3d2\" data-element_type=\"widget\" data-e-type=\"widget\" data-widget_type=\"text-editor.default\">\n\t\t\t\t<div class=\"elementor-widget-container\">\n\t\t\t\t\t\t\t\t\t<p>Okvirna direktiva o odpadkih (Waste Framework Directive, WFD) dolo\u010da ukrepe, ki obravnavajo \u0161kodljive u\u010dinke nastajanja odpadkov in ravnanja z njimi na okolje in zdravje ljudi ter izbolj\u0161ujejo u\u010dinkovito uporabo virov, ki so klju\u010dni za prehod na kro\u017eno gospodarstvo.<\/p>\n<p>V skrbi za zagotavljanje ne\u0161kodljivih u\u010dinkov nastajanja odpadkov in ravnanja z njimi na okolje in zdravje ljudi, mora biti prepre\u010devanje nastajanja odpadkov prednostna mo\u017enost, odlaganje odpadkov na odlagali\u0161\u010da pa zadnja.<\/p>\n\t\t\t\t\t\t\t\t<\/div>\n\t\t\t\t<\/div>\n\t\t\t\t<div class=\"elementor-element elementor-element-584f8ef elementor-widget elementor-widget-text-editor\" data-id=\"584f8ef\" data-element_type=\"widget\" data-e-type=\"widget\" data-widget_type=\"text-editor.default\">\n\t\t\t\t<div class=\"elementor-widget-container\">\n\t\t\t\t\t\t\t\t\t<figure><img decoding=\"async\" class=\"size-full wp-image-2557\" style=\"width: 90vw; max-width: 500px;\" src=\"https:\/\/chesse.org\/wp-content\/uploads\/SL_waste-framework-directive-waste-hierarchy.svg\" alt=\"Model piramidne hierarhije odpadkov: Piramida je od spodaj navzgor vertikalno razdeljena na pet delov. Zgornji in naj\u0161ir\u0161i del piramide je: prepre\u010devanje. Drugi del piramide je: priprava za ponovno uporabo. Tretji del piramide je: recikliranje, \u010detrti del piramide je: predelava. Zadnji in najmanj\u0161i del na dnu piramide je: odstranjevanje.\"><figcaption>Hierarhija ravnanja z odpadki.  <\/figcaption><\/figure>\n\t\t\t\t\t\t\t\t<\/div>\n\t\t\t\t<\/div>\n\t\t\t\t<div class=\"elementor-element elementor-element-a9aba14 elementor-widget elementor-widget-text-editor\" data-id=\"a9aba14\" data-element_type=\"widget\" data-e-type=\"widget\" data-widget_type=\"text-editor.default\">\n\t\t\t\t<div class=\"elementor-widget-container\">\n\t\t\t\t\t\t\t\t\t<p>Okvirna direktiva o odpadkih (Waste Framework Directive, WFD) predstavi tudi na\u010delo &#8220;onesna\u017eevalec pla\u010da&#8221;, ki je krovno na\u010delo okoljske odgovornosti. Na kratko, to na\u010delo pomeni, da morajo tisti, ki povzro\u010dajo onesna\u017eevanje (tj. prvotni povzro\u010ditelji odpadkov ali sedanji\/prej\u0161nji imetniki odpadkov) nositi stro\u0161ke ravnanja z odpadki.<\/p>\n<p>Vodstva \u0161ol morajo v povezavi z ravnanjem s kemijskimi odpadki upo\u0161tevati lokalne in nacionalne predpise.<\/p>\n\t\t\t\t\t\t\t\t<\/div>\n\t\t\t\t<\/div>\n\t\t\t\t<div class=\"elementor-element elementor-element-b17ea3f linkBox elementor-widget elementor-widget-text-editor\" data-id=\"b17ea3f\" data-element_type=\"widget\" data-e-type=\"widget\" data-widget_type=\"text-editor.default\">\n\t\t\t\t<div class=\"elementor-widget-container\">\n\t\t\t\t\t\t\t\t\t<h2>Pravni dokumenti povezani z ravnjanjem z odpadki<\/h2>\n<p><a href=\"https:\/\/data.europa.eu\/eli\/dir\/2008\/98\">Okvirna direktiva o odpadkih: 2008\/98\/EC<\/a><\/p>\n\t\t\t\t\t\t\t\t<\/div>\n\t\t\t\t<\/div>\n\t\t\t\t\t<\/div>\n\t\t<\/div>\n\t\t\t\t\t<\/div>\n\t\t<\/section>\n\t\t\t\t<\/div>\n\t\t","protected":false},"excerpt":{"rendered":"<p>Na\u010dela ravnanja z odpadki v skladu z zakonodajo EU. Na tej strani je predstavljena evropska zakonodaja o odpadkih.Ve\u010d o prakti\u010dnih primerih si lahko preberete na strani: Ravnanje z odpadki Okvirna direktiva o odpadkih (Waste Framework Directive, WFD) dolo\u010da ukrepe, ki obravnavajo \u0161kodljive u\u010dinke nastajanja odpadkov in ravnanja z njimi na okolje in zdravje ljudi ter &hellip; <a href=\"https:\/\/chesse.org\/sl\/zakonodaja\/zakonodaja-o-odpadkih\/\" class=\"more-link\">Preberi ve\u010d <span class=\"screen-reader-text\">Zakonodaja o odpadkih<\/span> <span class=\"meta-nav\">&rarr;<\/span><\/a><\/p>\n","protected":false},"author":43,"featured_media":0,"parent":13694,"menu_order":3,"comment_status":"closed","ping_status":"closed","template":"","meta":{"footnotes":""},"class_list":["post-13700","page","type-page","status-publish","hentry"],"yoast_head":"<!-- This site is optimized with the Yoast SEO plugin v27.3 - https:\/\/yoast.com\/product\/yoast-seo-wordpress\/ -->\n<title>Zakonodaja o odpadkih &#8211; Chemical Safety in Science Education<\/title>\n<meta name=\"description\" content=\"Na\u010dela ravnanja z odpadki v skladu z zakonodajo EU.\" \/>\n<meta name=\"robots\" content=\"index, follow, max-snippet:-1, max-image-preview:large, max-video-preview:-1\" \/>\n<link rel=\"canonical\" href=\"https:\/\/chesse.org\/sl\/zakonodaja\/zakonodaja-o-odpadkih\/\" \/>\n<meta property=\"og:locale\" content=\"sl_SI\" \/>\n<meta property=\"og:type\" content=\"article\" \/>\n<meta property=\"og:title\" content=\"Zakonodaja o odpadkih &#8211; Chemical Safety in Science Education\" \/>\n<meta property=\"og:description\" content=\"Na\u010dela ravnanja z odpadki v skladu z zakonodajo EU.\" \/>\n<meta property=\"og:url\" content=\"https:\/\/chesse.org\/sl\/zakonodaja\/zakonodaja-o-odpadkih\/\" \/>\n<meta property=\"og:site_name\" content=\"Chemical Safety in Science Education\" \/>\n<meta property=\"article:modified_time\" content=\"2023-06-22T09:36:59+00:00\" \/>\n<meta property=\"og:image\" content=\"https:\/\/chesse.org\/wp-content\/uploads\/chesse-alert.svg\" \/>\n<meta name=\"twitter:card\" content=\"summary_large_image\" \/>\n<script type=\"application\/ld+json\" class=\"yoast-schema-graph\">{\"@context\":\"https:\\\/\\\/schema.org\",\"@graph\":[{\"@type\":\"WebPage\",\"@id\":\"https:\\\/\\\/chesse.org\\\/sl\\\/zakonodaja\\\/zakonodaja-o-odpadkih\\\/\",\"url\":\"https:\\\/\\\/chesse.org\\\/sl\\\/zakonodaja\\\/zakonodaja-o-odpadkih\\\/\",\"name\":\"Zakonodaja o odpadkih &#8211; Chemical Safety in Science Education\",\"isPartOf\":{\"@id\":\"https:\\\/\\\/chesse.org\\\/sl\\\/#website\"},\"primaryImageOfPage\":{\"@id\":\"https:\\\/\\\/chesse.org\\\/sl\\\/zakonodaja\\\/zakonodaja-o-odpadkih\\\/#primaryimage\"},\"image\":{\"@id\":\"https:\\\/\\\/chesse.org\\\/sl\\\/zakonodaja\\\/zakonodaja-o-odpadkih\\\/#primaryimage\"},\"thumbnailUrl\":\"https:\\\/\\\/chesse.org\\\/wp-content\\\/uploads\\\/chesse-alert.svg\",\"datePublished\":\"2023-03-27T09:18:35+00:00\",\"dateModified\":\"2023-06-22T09:36:59+00:00\",\"description\":\"Na\u010dela ravnanja z odpadki v skladu z zakonodajo EU.\",\"breadcrumb\":{\"@id\":\"https:\\\/\\\/chesse.org\\\/sl\\\/zakonodaja\\\/zakonodaja-o-odpadkih\\\/#breadcrumb\"},\"inLanguage\":\"sl-SI\",\"potentialAction\":[{\"@type\":\"ReadAction\",\"target\":[\"https:\\\/\\\/chesse.org\\\/sl\\\/zakonodaja\\\/zakonodaja-o-odpadkih\\\/\"]}]},{\"@type\":\"ImageObject\",\"inLanguage\":\"sl-SI\",\"@id\":\"https:\\\/\\\/chesse.org\\\/sl\\\/zakonodaja\\\/zakonodaja-o-odpadkih\\\/#primaryimage\",\"url\":\"https:\\\/\\\/chesse.org\\\/wp-content\\\/uploads\\\/chesse-alert.svg\",\"contentUrl\":\"https:\\\/\\\/chesse.org\\\/wp-content\\\/uploads\\\/chesse-alert.svg\"},{\"@type\":\"BreadcrumbList\",\"@id\":\"https:\\\/\\\/chesse.org\\\/sl\\\/zakonodaja\\\/zakonodaja-o-odpadkih\\\/#breadcrumb\",\"itemListElement\":[{\"@type\":\"ListItem\",\"position\":1,\"name\":\"Domov\",\"item\":\"https:\\\/\\\/chesse.org\\\/sl\\\/\"},{\"@type\":\"ListItem\",\"position\":2,\"name\":\"Zakonodaja\",\"item\":\"https:\\\/\\\/chesse.org\\\/sl\\\/zakonodaja\\\/\"},{\"@type\":\"ListItem\",\"position\":3,\"name\":\"Zakonodaja o odpadkih\"}]},{\"@type\":\"WebSite\",\"@id\":\"https:\\\/\\\/chesse.org\\\/sl\\\/#website\",\"url\":\"https:\\\/\\\/chesse.org\\\/sl\\\/\",\"name\":\"Chemical Safety in Science Education\",\"description\":\"Condensed, up-to date information for science and chemistry teachers, head of schools and science teacher educators.\",\"publisher\":{\"@id\":\"https:\\\/\\\/chesse.org\\\/sl\\\/#organization\"},\"potentialAction\":[{\"@type\":\"SearchAction\",\"target\":{\"@type\":\"EntryPoint\",\"urlTemplate\":\"https:\\\/\\\/chesse.org\\\/sl\\\/?s={search_term_string}\"},\"query-input\":{\"@type\":\"PropertyValueSpecification\",\"valueRequired\":true,\"valueName\":\"search_term_string\"}}],\"inLanguage\":\"sl-SI\"},{\"@type\":\"Organization\",\"@id\":\"https:\\\/\\\/chesse.org\\\/sl\\\/#organization\",\"name\":\"Online resources for Chemical Safety in Science Education\",\"url\":\"https:\\\/\\\/chesse.org\\\/sl\\\/\",\"logo\":{\"@type\":\"ImageObject\",\"inLanguage\":\"sl-SI\",\"@id\":\"https:\\\/\\\/chesse.org\\\/sl\\\/#\\\/schema\\\/logo\\\/image\\\/\",\"url\":\"https:\\\/\\\/chesse.org\\\/wp-content\\\/uploads\\\/2020\\\/10\\\/CheSSE_logo-01.svg\",\"contentUrl\":\"https:\\\/\\\/chesse.org\\\/wp-content\\\/uploads\\\/2020\\\/10\\\/CheSSE_logo-01.svg\",\"width\":350,\"height\":100,\"caption\":\"Online resources for Chemical Safety in Science Education\"},\"image\":{\"@id\":\"https:\\\/\\\/chesse.org\\\/sl\\\/#\\\/schema\\\/logo\\\/image\\\/\"}}]}<\/script>\n<!-- \/ Yoast SEO plugin. -->","yoast_head_json":{"title":"Zakonodaja o odpadkih &#8211; Chemical Safety in Science Education","description":"Na\u010dela ravnanja z odpadki v skladu z zakonodajo EU.","robots":{"index":"index","follow":"follow","max-snippet":"max-snippet:-1","max-image-preview":"max-image-preview:large","max-video-preview":"max-video-preview:-1"},"canonical":"https:\/\/chesse.org\/sl\/zakonodaja\/zakonodaja-o-odpadkih\/","og_locale":"sl_SI","og_type":"article","og_title":"Zakonodaja o odpadkih &#8211; Chemical Safety in Science Education","og_description":"Na\u010dela ravnanja z odpadki v skladu z zakonodajo EU.","og_url":"https:\/\/chesse.org\/sl\/zakonodaja\/zakonodaja-o-odpadkih\/","og_site_name":"Chemical Safety in Science Education","article_modified_time":"2023-06-22T09:36:59+00:00","og_image":[{"url":"https:\/\/chesse.org\/wp-content\/uploads\/chesse-alert.svg","type":"","width":"","height":""}],"twitter_card":"summary_large_image","schema":{"@context":"https:\/\/schema.org","@graph":[{"@type":"WebPage","@id":"https:\/\/chesse.org\/sl\/zakonodaja\/zakonodaja-o-odpadkih\/","url":"https:\/\/chesse.org\/sl\/zakonodaja\/zakonodaja-o-odpadkih\/","name":"Zakonodaja o odpadkih &#8211; Chemical Safety in Science Education","isPartOf":{"@id":"https:\/\/chesse.org\/sl\/#website"},"primaryImageOfPage":{"@id":"https:\/\/chesse.org\/sl\/zakonodaja\/zakonodaja-o-odpadkih\/#primaryimage"},"image":{"@id":"https:\/\/chesse.org\/sl\/zakonodaja\/zakonodaja-o-odpadkih\/#primaryimage"},"thumbnailUrl":"https:\/\/chesse.org\/wp-content\/uploads\/chesse-alert.svg","datePublished":"2023-03-27T09:18:35+00:00","dateModified":"2023-06-22T09:36:59+00:00","description":"Na\u010dela ravnanja z odpadki v skladu z zakonodajo EU.","breadcrumb":{"@id":"https:\/\/chesse.org\/sl\/zakonodaja\/zakonodaja-o-odpadkih\/#breadcrumb"},"inLanguage":"sl-SI","potentialAction":[{"@type":"ReadAction","target":["https:\/\/chesse.org\/sl\/zakonodaja\/zakonodaja-o-odpadkih\/"]}]},{"@type":"ImageObject","inLanguage":"sl-SI","@id":"https:\/\/chesse.org\/sl\/zakonodaja\/zakonodaja-o-odpadkih\/#primaryimage","url":"https:\/\/chesse.org\/wp-content\/uploads\/chesse-alert.svg","contentUrl":"https:\/\/chesse.org\/wp-content\/uploads\/chesse-alert.svg"},{"@type":"BreadcrumbList","@id":"https:\/\/chesse.org\/sl\/zakonodaja\/zakonodaja-o-odpadkih\/#breadcrumb","itemListElement":[{"@type":"ListItem","position":1,"name":"Domov","item":"https:\/\/chesse.org\/sl\/"},{"@type":"ListItem","position":2,"name":"Zakonodaja","item":"https:\/\/chesse.org\/sl\/zakonodaja\/"},{"@type":"ListItem","position":3,"name":"Zakonodaja o odpadkih"}]},{"@type":"WebSite","@id":"https:\/\/chesse.org\/sl\/#website","url":"https:\/\/chesse.org\/sl\/","name":"Chemical Safety in Science Education","description":"Condensed, up-to date information for science and chemistry teachers, head of schools and science teacher educators.","publisher":{"@id":"https:\/\/chesse.org\/sl\/#organization"},"potentialAction":[{"@type":"SearchAction","target":{"@type":"EntryPoint","urlTemplate":"https:\/\/chesse.org\/sl\/?s={search_term_string}"},"query-input":{"@type":"PropertyValueSpecification","valueRequired":true,"valueName":"search_term_string"}}],"inLanguage":"sl-SI"},{"@type":"Organization","@id":"https:\/\/chesse.org\/sl\/#organization","name":"Online resources for Chemical Safety in Science Education","url":"https:\/\/chesse.org\/sl\/","logo":{"@type":"ImageObject","inLanguage":"sl-SI","@id":"https:\/\/chesse.org\/sl\/#\/schema\/logo\/image\/","url":"https:\/\/chesse.org\/wp-content\/uploads\/2020\/10\/CheSSE_logo-01.svg","contentUrl":"https:\/\/chesse.org\/wp-content\/uploads\/2020\/10\/CheSSE_logo-01.svg","width":350,"height":100,"caption":"Online resources for Chemical Safety in Science Education"},"image":{"@id":"https:\/\/chesse.org\/sl\/#\/schema\/logo\/image\/"}}]}},"_links":{"self":[{"href":"https:\/\/chesse.org\/sl\/wp-json\/wp\/v2\/pages\/13700","targetHints":{"allow":["GET"]}}],"collection":[{"href":"https:\/\/chesse.org\/sl\/wp-json\/wp\/v2\/pages"}],"about":[{"href":"https:\/\/chesse.org\/sl\/wp-json\/wp\/v2\/types\/page"}],"author":[{"embeddable":true,"href":"https:\/\/chesse.org\/sl\/wp-json\/wp\/v2\/users\/43"}],"replies":[{"embeddable":true,"href":"https:\/\/chesse.org\/sl\/wp-json\/wp\/v2\/comments?post=13700"}],"version-history":[{"count":11,"href":"https:\/\/chesse.org\/sl\/wp-json\/wp\/v2\/pages\/13700\/revisions"}],"predecessor-version":[{"id":14551,"href":"https:\/\/chesse.org\/sl\/wp-json\/wp\/v2\/pages\/13700\/revisions\/14551"}],"up":[{"embeddable":true,"href":"https:\/\/chesse.org\/sl\/wp-json\/wp\/v2\/pages\/13694"}],"wp:attachment":[{"href":"https:\/\/chesse.org\/sl\/wp-json\/wp\/v2\/media?parent=13700"}],"curies":[{"name":"wp","href":"https:\/\/api.w.org\/{rel}","templated":true}]}}