{"id":13731,"date":"2023-04-19T11:14:31","date_gmt":"2023-04-19T09:14:31","guid":{"rendered":"https:\/\/chesse.org\/zakonodaja\/zakonodaja-ki-omejuje-uporabo-kemikalij\/"},"modified":"2023-04-19T11:22:46","modified_gmt":"2023-04-19T09:22:46","slug":"zakonodaja-ki-omejuje-uporabo-kemikalij","status":"publish","type":"page","link":"https:\/\/chesse.org\/sl\/zakonodaja\/zakonodaja-ki-omejuje-uporabo-kemikalij\/","title":{"rendered":"Zakonodaja, ki omejuje uporabo kemikalij"},"content":{"rendered":"\t\t<div data-elementor-type=\"wp-page\" data-elementor-id=\"13731\" class=\"elementor elementor-13731 elementor-2841\" data-elementor-post-type=\"page\">\n\t\t\t\t\t\t<section class=\"elementor-section elementor-top-section elementor-element elementor-element-c5fab45 elementor-section-boxed elementor-section-height-default elementor-section-height-default\" data-id=\"c5fab45\" data-element_type=\"section\" data-e-type=\"section\">\n\t\t\t\t\t\t<div class=\"elementor-container elementor-column-gap-default\">\n\t\t\t\t\t<div class=\"elementor-column elementor-col-100 elementor-top-column elementor-element elementor-element-9f1143f\" data-id=\"9f1143f\" data-element_type=\"column\" data-e-type=\"column\">\n\t\t\t<div class=\"elementor-widget-wrap elementor-element-populated\">\n\t\t\t\t\t\t<div class=\"elementor-element elementor-element-375e4f0 standfirst elementor-widget elementor-widget-text-editor\" data-id=\"375e4f0\" data-element_type=\"widget\" data-e-type=\"widget\" data-widget_type=\"text-editor.default\">\n\t\t\t\t<div class=\"elementor-widget-container\">\n\t\t\t\t\t\t\t\t\t<p>Omejitve za kemikalije, katerih uporaba prina\u0161a nesprejemljiva tveganja za zdravje ljudi in okolja.<\/p>\n\t\t\t\t\t\t\t\t<\/div>\n\t\t\t\t<\/div>\n\t\t\t\t<div class=\"elementor-element elementor-element-55b5fed elementor-toc--content-ellipsis elementor-widget elementor-widget-global elementor-global-11735 elementor-global-3097 elementor-widget-table-of-contents\" data-id=\"55b5fed\" data-element_type=\"widget\" data-e-type=\"widget\" data-settings=\"{&quot;headings_by_tags&quot;:[&quot;h2&quot;,&quot;h3&quot;],&quot;exclude_headings_by_selector&quot;:&quot;.noTOC&quot;,&quot;marker_view&quot;:&quot;bullets&quot;,&quot;icon&quot;:{&quot;value&quot;:&quot;fas fa-circle&quot;,&quot;library&quot;:&quot;fa-solid&quot;},&quot;no_headings_message&quot;:&quot;No headings were found on this page.&quot;,&quot;hierarchical_view&quot;:&quot;yes&quot;,&quot;min_height&quot;:{&quot;unit&quot;:&quot;px&quot;,&quot;size&quot;:&quot;&quot;,&quot;sizes&quot;:[]},&quot;min_height_tablet&quot;:{&quot;unit&quot;:&quot;px&quot;,&quot;size&quot;:&quot;&quot;,&quot;sizes&quot;:[]},&quot;min_height_mobile&quot;:{&quot;unit&quot;:&quot;px&quot;,&quot;size&quot;:&quot;&quot;,&quot;sizes&quot;:[]}}\" data-widget_type=\"table-of-contents.default\">\n\t\t\t\t<div class=\"elementor-widget-container\">\n\t\t\t\t\t\t\t\t\t<div class=\"elementor-toc__header\">\n\t\t\t\t\t\t<div class=\"elementor-toc__header-title\">\n\t\t\t\tVsebina\t\t\t<\/div>\n\t\t\t\t\t\t\t\t<\/div>\n\t\t\t\t<div id=\"elementor-toc__55b5fed\" class=\"elementor-toc__body\">\n\t\t\t<div class=\"elementor-toc__spinner-container\">\n\t\t\t\t<i class=\"elementor-toc__spinner eicon-animation-spin eicon-loading\" aria-hidden=\"true\"><\/i>\t\t\t<\/div>\n\t\t<\/div>\n\t\t\t\t\t\t<\/div>\n\t\t\t\t<\/div>\n\t\t\t\t<div class=\"elementor-element elementor-element-87143ed elementor-widget elementor-widget-text-editor\" data-id=\"87143ed\" data-element_type=\"widget\" data-e-type=\"widget\" data-widget_type=\"text-editor.default\">\n\t\t\t\t<div class=\"elementor-widget-container\">\n\t\t\t\t\t\t\t\t\t<h2>Omejitve za kemikalije<\/h2><p>Uporaba nekaterih kemikalij je lahko omejena iz razli\u010dnih razlogov. Z omejitvami snovi, ki vzbujajo veliko zaskrbljenost (<em>Substances of Very High Concern, SVHC<\/em>), \u0161\u010ditimo zdravje ljudi in okolje pred nesprejemljivimi tveganji, ki jih lahko prina\u0161a uporaba kemikalij. Z omejitvami se obi\u010dajno omeji ali prepove proizvodnjo, dajanje snovi na trg (vklju\u010dno z uvozom) ali uporabo snovi, lahko pa se predpi\u0161e dodatne pogoje, kot so na primer zahteve po tehni\u010dnih ukrepih ali posebnih oznakah.<\/p><p>Nekatere kemikalije so lahko na primer omejene zaradi tveganj njihove uporabe, na primer \u010de bi se lahko uporabljale za izdelavo eksplozivov ali prepovedanih drog.<\/p><h3>Omejitve zaradi nevarnosti za zdravje ali okolje<\/h3><p>Uredba REACH (Uredba o registraciji, evalvaciji, avtorizaciji in omejevanju kemikalij) se ukvarja z identifikacijo in regulacijo nevarnih kemikalij. Snovi, ki imajo resne u\u010dinke na zdravje ljudi in okolje, so lahko opredeljene kot snovi, ki vzbujajo veliko zaskrbljenost (Substances of Very High Concern, SVHC). To so predvsem snovi, ki so (1) rakotvorne, mutagene, strupene za razmno\u017eevanje, (2) obstojne, bioakumulativne in strupene, (3) zelo obstojne in zelo bioakumulativne in (4) predstavljajo podoben nivo zaskrbljenosti. <\/p><p>Za nadzor tveganj, povezanih s SVHC snovmi v EU, je za njihovo uporabo potrebno pridobiti posebno dovoljenje. Ta postopek se imenuje avtorizacija, njen namen pa je zagotoviti, da se SVHC snovi postopoma nadomestijo z manj nevarnimi snovmi ali tehnologijami, \u010de so le na voljo druge, tehni\u010dno in ekonomsko izvedljive mo\u017enosti.<\/p><p>Proces avtorizacije se za\u010dne na predlog Evropske agencije za kemikalije (European Chemicals Agency, ECHA), da se dolo\u010dena snov opredeli kot SVHC. Te snovi so uvr\u0161\u010dene na Kandidatno listo snovi, objavljeno na spletni strani ECHA. Snovi s te liste so kandidati za vklju\u010ditev v Prilogo XIV uredbe REACH in tako postanejo predmet avtorizacije.<\/p>\t\t\t\t\t\t\t\t<\/div>\n\t\t\t\t<\/div>\n\t\t\t\t<div class=\"elementor-element elementor-element-7a72358 elementor-widget elementor-widget-text-editor\" data-id=\"7a72358\" data-element_type=\"widget\" data-e-type=\"widget\" data-widget_type=\"text-editor.default\">\n\t\t\t\t<div class=\"elementor-widget-container\">\n\t\t\t\t\t\t\t\t\t<table class=\"chesseTable\"><caption>Snovi, ki vzbujajo veliko zaskrbljenost<\/caption><tbody><tr><th id=\"authorisation\" class=\"orange\" style=\"width: 30%;font-size: larger;text-align: center\">Kandidatna lista snovi<\/th><td class=\"orangeBorder\"><ul><li>Snovi, ki se zaradi svojih nevarnih lastnosti identificirane kot SVHC snovi, so uvr\u0161\u010dene na Kandidatno listo snovi, ki je ob vsaki dopolnitvi dopolnjena na spletni strani Evropske kemijske Agencije (ECHA).<\/li><li>Snovi na Kandidatni listi so prioritizirane in predlagane s strani Evropske komisije za vklju\u010ditev v Prilogo XIV Uredbe REACH ter tako postanejo predmet avtorizacije.<\/li><li>Snovi iz Priloge XIV se lahko uporabljajo brez pridobljene avtorizacije le do v prilogi dolo\u010denega datuma (datum \u00bbsunset\u00ab).<\/li><li>Kandidatna lista snovi je objavljena na spletni strani Evropske agencije za kemikalije, ECHA v skladu s \u010dlenom 59(10) uredbe REACH.<\/li><\/ul><\/td><\/tr><tr><th id=\"candidate\" class=\"orange\" style=\"font-size: larger;text-align: center\">Avtorizacija snovi<\/th><td class=\"orangeBorder\"><ul><li>\u010ce \u017eeli uporabnik uporabljati snovi iz Priloge XIV, po v prilogi dolo\u010denem datumu, mora pri ECHA vlo\u017eiti vlogo za avtorizacijo.<\/li><li>V kolikor vloga s strani ECHA ni odobrena, snovi ni dovoljeno uporabljati in je dati na trg EU.<\/li><li>Seznam avtoriziranih snovi je objavljen na strani Evropske agencije za kemikalije, ECHA in je Priloga XIV k uredbi REACH.<\/li><\/ul><\/td><\/tr><\/tbody><\/table>\t\t\t\t\t\t\t\t<\/div>\n\t\t\t\t<\/div>\n\t\t\t\t<div class=\"elementor-element elementor-element-e989a2d elementor-widget elementor-widget-text-editor\" data-id=\"e989a2d\" data-element_type=\"widget\" data-e-type=\"widget\" data-widget_type=\"text-editor.default\">\n\t\t\t\t<div class=\"elementor-widget-container\">\n\t\t\t\t\t\t\t\t\t<p>Nadomestitev snovi, ki vzbujajo veliko zaskrbljenost, z manj nevarnimi snovmi ali tehnologijami je obvezna za vse snovi, za katere je potrebna avtorizacija, in zelo priporo\u010dljiva za snovi s seznama kandidatnih snovi. \u010ce nadomestitev na primer zaradi tehni\u010dnih in ekonomskih vidikov ni mogo\u010da, lahko Evropska komisija dovoli nadaljnjo uporabo.<\/p><h3>Druge omejitve<\/h3><p>Posebne uporabe kemikalij se lahko omejijo, \u010de njihova uporaba predstavlja nesprejemljivo tveganje za zdravje ljudi ali okolje. V nekaterih primerih lahko taka omejitev zajema tudi proizvodnjo in dobavo kemikalij. \u0160tevilne kemikalije so omejene na tak na\u010din in so navedene v Prilogi XVII k uredbi REACH.<\/p><p>Uporabo nevarnih kemikalij urejajo tudi drugi evropski in nacionalni zakonodajni akti, kot sta npr. Uredba o predhodnih sestavinah pri prepovedanih drogah ali Uredba o tr\u017eenju in uporabi predhodnih sestavin za eksplozive.<\/p>\t\t\t\t\t\t\t\t<\/div>\n\t\t\t\t<\/div>\n\t\t\t\t<div class=\"elementor-element elementor-element-7e2a99d elementor-widget elementor-widget-text-editor\" data-id=\"7e2a99d\" data-element_type=\"widget\" data-e-type=\"widget\" data-widget_type=\"text-editor.default\">\n\t\t\t\t<div class=\"elementor-widget-container\">\n\t\t\t\t\t\t\t\t\t<h2>Za\u0161\u010dita pred nepoobla\u0161\u010denim dostopom<\/h2><p>Zaradi za\u0161\u010dite mladoletnih oseb je pomembno, da ima \u0161ola vzpostavljen sistem za nadzor uporabe kemikalij, saj bi lahko bile predmet kraje in bi njihova uporaba lahko ogrozile zdravje ljudi in okolja.<\/p><p>Pri tem gre posebno pozornost nameniti nedenaturiranemu etanolu in kemikalijam, ki se lahko uporabljajo kot predhodne sestavine za sintezo eksplozivov ali nezakonito proizvodnjo drog.<\/p><p>\u0160ola mora imeti pregled nad zalogami kemikalij, da lahko hitro odkrije krajo ali znatno in nepojasnjeno izginotje.<\/p>\t\t\t\t\t\t\t\t<\/div>\n\t\t\t\t<\/div>\n\t\t\t\t<div class=\"elementor-element elementor-element-4e44120 linkBox elementor-widget elementor-widget-text-editor\" data-id=\"4e44120\" data-element_type=\"widget\" data-e-type=\"widget\" data-widget_type=\"text-editor.default\">\n\t\t\t\t<div class=\"elementor-widget-container\">\n\t\t\t\t\t\t\t\t\t<h2>Pravni dokumenti povezani z omejevanjem kemikalij<\/h2><p><a href=\"https:\/\/eur-lex.europa.eu\/eli\/reg\/2006\/1907\">Regulation concerning the Registration, Evaluation, Authorisation and Restriction of Chemicals (REACH): (EC) No 1907\/2006<\/a><\/p><p><a href=\"https:\/\/eur-lex.europa.eu\/eli\/reg\/2019\/1148\">Regulation on the marketing and use of explosives precursors: (EU) 2019\/1148<\/a><\/p><p><a href=\"https:\/\/eur-lex.europa.eu\/eli\/reg\/2004\/273\/\">Regulation on drug precursors: (EC) No 273\/2004<\/a><\/p><p><a href=\"https:\/\/eur-lex.europa.eu\/eli\/reg\/2019\/1148#id-5ae38cef-a247-4015-9f1e-fa2f171eb2f0\">List of explosive percursors: (EU) No 2019\/1148, Annex I and II<\/a><\/p><p><a href=\"https:\/\/eur-lex.europa.eu\/eli\/reg\/2005\/111#id-51c6cad7-b886-4197-98e5-b669a72099e8\">List of drug percursors: (EC) No 111\/2005, Annex<\/a><\/p>\t\t\t\t\t\t\t\t<\/div>\n\t\t\t\t<\/div>\n\t\t\t\t\t<\/div>\n\t\t<\/div>\n\t\t\t\t\t<\/div>\n\t\t<\/section>\n\t\t\t\t<\/div>\n\t\t","protected":false},"excerpt":{"rendered":"<p>Omejitve za kemikalije, katerih uporaba prina\u0161a nesprejemljiva tveganja za zdravje ljudi in okolja. Vsebina Omejitve za kemikalije Uporaba nekaterih kemikalij je lahko omejena iz razli\u010dnih razlogov. Z omejitvami snovi, ki vzbujajo veliko zaskrbljenost (Substances of Very High Concern, SVHC), \u0161\u010ditimo zdravje ljudi in okolje pred nesprejemljivimi tveganji, ki jih lahko prina\u0161a uporaba kemikalij. Z omejitvami &hellip; <a href=\"https:\/\/chesse.org\/sl\/zakonodaja\/zakonodaja-ki-omejuje-uporabo-kemikalij\/\" class=\"more-link\">Preberi ve\u010d <span class=\"screen-reader-text\">Zakonodaja, ki omejuje uporabo kemikalij<\/span> <span class=\"meta-nav\">&rarr;<\/span><\/a><\/p>\n","protected":false},"author":54,"featured_media":0,"parent":13694,"menu_order":2,"comment_status":"closed","ping_status":"closed","template":"","meta":{"footnotes":""},"class_list":["post-13731","page","type-page","status-publish","hentry"],"yoast_head":"<!-- This site is optimized with the Yoast SEO plugin v27.3 - https:\/\/yoast.com\/product\/yoast-seo-wordpress\/ -->\n<title>Zakonodaja, ki omejuje uporabo kemikalij &#8211; Chemical Safety in Science Education<\/title>\n<meta name=\"description\" content=\"Omejitve za kemikalije, katerih uporaba prina\u0161a nesprejemljiva tveganja za zdravje ljudi in okolja.\" \/>\n<meta name=\"robots\" content=\"index, follow, max-snippet:-1, max-image-preview:large, max-video-preview:-1\" \/>\n<link rel=\"canonical\" href=\"https:\/\/chesse.org\/sl\/zakonodaja\/zakonodaja-ki-omejuje-uporabo-kemikalij\/\" \/>\n<meta property=\"og:locale\" content=\"sl_SI\" \/>\n<meta property=\"og:type\" content=\"article\" \/>\n<meta property=\"og:title\" content=\"Zakonodaja, ki omejuje uporabo kemikalij &#8211; Chemical Safety in Science Education\" \/>\n<meta property=\"og:description\" content=\"Omejitve za kemikalije, katerih uporaba prina\u0161a nesprejemljiva tveganja za zdravje ljudi in okolja.\" \/>\n<meta property=\"og:url\" content=\"https:\/\/chesse.org\/sl\/zakonodaja\/zakonodaja-ki-omejuje-uporabo-kemikalij\/\" \/>\n<meta property=\"og:site_name\" content=\"Chemical Safety in Science Education\" \/>\n<meta property=\"article:modified_time\" content=\"2023-04-19T09:22:46+00:00\" \/>\n<meta property=\"og:image\" content=\"https:\/\/chesse.org\/wp-content\/uploads\/2022\/06\/chesse-sharing.png\" \/>\n\t<meta property=\"og:image:width\" content=\"1200\" \/>\n\t<meta property=\"og:image:height\" content=\"630\" \/>\n\t<meta property=\"og:image:type\" content=\"image\/png\" \/>\n<meta name=\"twitter:card\" content=\"summary_large_image\" \/>\n<script type=\"application\/ld+json\" class=\"yoast-schema-graph\">{\"@context\":\"https:\\\/\\\/schema.org\",\"@graph\":[{\"@type\":\"WebPage\",\"@id\":\"https:\\\/\\\/chesse.org\\\/sl\\\/zakonodaja\\\/zakonodaja-ki-omejuje-uporabo-kemikalij\\\/\",\"url\":\"https:\\\/\\\/chesse.org\\\/sl\\\/zakonodaja\\\/zakonodaja-ki-omejuje-uporabo-kemikalij\\\/\",\"name\":\"Zakonodaja, ki omejuje uporabo kemikalij &#8211; Chemical Safety in Science Education\",\"isPartOf\":{\"@id\":\"https:\\\/\\\/chesse.org\\\/sl\\\/#website\"},\"datePublished\":\"2023-04-19T09:14:31+00:00\",\"dateModified\":\"2023-04-19T09:22:46+00:00\",\"description\":\"Omejitve za kemikalije, katerih uporaba prina\u0161a nesprejemljiva tveganja za zdravje ljudi in okolja.\",\"breadcrumb\":{\"@id\":\"https:\\\/\\\/chesse.org\\\/sl\\\/zakonodaja\\\/zakonodaja-ki-omejuje-uporabo-kemikalij\\\/#breadcrumb\"},\"inLanguage\":\"sl-SI\",\"potentialAction\":[{\"@type\":\"ReadAction\",\"target\":[\"https:\\\/\\\/chesse.org\\\/sl\\\/zakonodaja\\\/zakonodaja-ki-omejuje-uporabo-kemikalij\\\/\"]}]},{\"@type\":\"BreadcrumbList\",\"@id\":\"https:\\\/\\\/chesse.org\\\/sl\\\/zakonodaja\\\/zakonodaja-ki-omejuje-uporabo-kemikalij\\\/#breadcrumb\",\"itemListElement\":[{\"@type\":\"ListItem\",\"position\":1,\"name\":\"Domov\",\"item\":\"https:\\\/\\\/chesse.org\\\/sl\\\/\"},{\"@type\":\"ListItem\",\"position\":2,\"name\":\"Zakonodaja\",\"item\":\"https:\\\/\\\/chesse.org\\\/sl\\\/zakonodaja\\\/\"},{\"@type\":\"ListItem\",\"position\":3,\"name\":\"Zakonodaja, ki omejuje uporabo kemikalij\"}]},{\"@type\":\"WebSite\",\"@id\":\"https:\\\/\\\/chesse.org\\\/sl\\\/#website\",\"url\":\"https:\\\/\\\/chesse.org\\\/sl\\\/\",\"name\":\"Chemical Safety in Science Education\",\"description\":\"Condensed, up-to date information for science and chemistry teachers, head of schools and science teacher educators.\",\"publisher\":{\"@id\":\"https:\\\/\\\/chesse.org\\\/sl\\\/#organization\"},\"potentialAction\":[{\"@type\":\"SearchAction\",\"target\":{\"@type\":\"EntryPoint\",\"urlTemplate\":\"https:\\\/\\\/chesse.org\\\/sl\\\/?s={search_term_string}\"},\"query-input\":{\"@type\":\"PropertyValueSpecification\",\"valueRequired\":true,\"valueName\":\"search_term_string\"}}],\"inLanguage\":\"sl-SI\"},{\"@type\":\"Organization\",\"@id\":\"https:\\\/\\\/chesse.org\\\/sl\\\/#organization\",\"name\":\"Online resources for Chemical Safety in Science Education\",\"url\":\"https:\\\/\\\/chesse.org\\\/sl\\\/\",\"logo\":{\"@type\":\"ImageObject\",\"inLanguage\":\"sl-SI\",\"@id\":\"https:\\\/\\\/chesse.org\\\/sl\\\/#\\\/schema\\\/logo\\\/image\\\/\",\"url\":\"https:\\\/\\\/chesse.org\\\/wp-content\\\/uploads\\\/2020\\\/10\\\/CheSSE_logo-01.svg\",\"contentUrl\":\"https:\\\/\\\/chesse.org\\\/wp-content\\\/uploads\\\/2020\\\/10\\\/CheSSE_logo-01.svg\",\"width\":350,\"height\":100,\"caption\":\"Online resources for Chemical Safety in Science Education\"},\"image\":{\"@id\":\"https:\\\/\\\/chesse.org\\\/sl\\\/#\\\/schema\\\/logo\\\/image\\\/\"}}]}<\/script>\n<!-- \/ Yoast SEO plugin. -->","yoast_head_json":{"title":"Zakonodaja, ki omejuje uporabo kemikalij &#8211; Chemical Safety in Science Education","description":"Omejitve za kemikalije, katerih uporaba prina\u0161a nesprejemljiva tveganja za zdravje ljudi in okolja.","robots":{"index":"index","follow":"follow","max-snippet":"max-snippet:-1","max-image-preview":"max-image-preview:large","max-video-preview":"max-video-preview:-1"},"canonical":"https:\/\/chesse.org\/sl\/zakonodaja\/zakonodaja-ki-omejuje-uporabo-kemikalij\/","og_locale":"sl_SI","og_type":"article","og_title":"Zakonodaja, ki omejuje uporabo kemikalij &#8211; Chemical Safety in Science Education","og_description":"Omejitve za kemikalije, katerih uporaba prina\u0161a nesprejemljiva tveganja za zdravje ljudi in okolja.","og_url":"https:\/\/chesse.org\/sl\/zakonodaja\/zakonodaja-ki-omejuje-uporabo-kemikalij\/","og_site_name":"Chemical Safety in Science Education","article_modified_time":"2023-04-19T09:22:46+00:00","og_image":[{"width":1200,"height":630,"url":"https:\/\/chesse.org\/wp-content\/uploads\/2022\/06\/chesse-sharing.png","type":"image\/png"}],"twitter_card":"summary_large_image","schema":{"@context":"https:\/\/schema.org","@graph":[{"@type":"WebPage","@id":"https:\/\/chesse.org\/sl\/zakonodaja\/zakonodaja-ki-omejuje-uporabo-kemikalij\/","url":"https:\/\/chesse.org\/sl\/zakonodaja\/zakonodaja-ki-omejuje-uporabo-kemikalij\/","name":"Zakonodaja, ki omejuje uporabo kemikalij &#8211; Chemical Safety in Science Education","isPartOf":{"@id":"https:\/\/chesse.org\/sl\/#website"},"datePublished":"2023-04-19T09:14:31+00:00","dateModified":"2023-04-19T09:22:46+00:00","description":"Omejitve za kemikalije, katerih uporaba prina\u0161a nesprejemljiva tveganja za zdravje ljudi in okolja.","breadcrumb":{"@id":"https:\/\/chesse.org\/sl\/zakonodaja\/zakonodaja-ki-omejuje-uporabo-kemikalij\/#breadcrumb"},"inLanguage":"sl-SI","potentialAction":[{"@type":"ReadAction","target":["https:\/\/chesse.org\/sl\/zakonodaja\/zakonodaja-ki-omejuje-uporabo-kemikalij\/"]}]},{"@type":"BreadcrumbList","@id":"https:\/\/chesse.org\/sl\/zakonodaja\/zakonodaja-ki-omejuje-uporabo-kemikalij\/#breadcrumb","itemListElement":[{"@type":"ListItem","position":1,"name":"Domov","item":"https:\/\/chesse.org\/sl\/"},{"@type":"ListItem","position":2,"name":"Zakonodaja","item":"https:\/\/chesse.org\/sl\/zakonodaja\/"},{"@type":"ListItem","position":3,"name":"Zakonodaja, ki omejuje uporabo kemikalij"}]},{"@type":"WebSite","@id":"https:\/\/chesse.org\/sl\/#website","url":"https:\/\/chesse.org\/sl\/","name":"Chemical Safety in Science Education","description":"Condensed, up-to date information for science and chemistry teachers, head of schools and science teacher educators.","publisher":{"@id":"https:\/\/chesse.org\/sl\/#organization"},"potentialAction":[{"@type":"SearchAction","target":{"@type":"EntryPoint","urlTemplate":"https:\/\/chesse.org\/sl\/?s={search_term_string}"},"query-input":{"@type":"PropertyValueSpecification","valueRequired":true,"valueName":"search_term_string"}}],"inLanguage":"sl-SI"},{"@type":"Organization","@id":"https:\/\/chesse.org\/sl\/#organization","name":"Online resources for Chemical Safety in Science Education","url":"https:\/\/chesse.org\/sl\/","logo":{"@type":"ImageObject","inLanguage":"sl-SI","@id":"https:\/\/chesse.org\/sl\/#\/schema\/logo\/image\/","url":"https:\/\/chesse.org\/wp-content\/uploads\/2020\/10\/CheSSE_logo-01.svg","contentUrl":"https:\/\/chesse.org\/wp-content\/uploads\/2020\/10\/CheSSE_logo-01.svg","width":350,"height":100,"caption":"Online resources for Chemical Safety in Science Education"},"image":{"@id":"https:\/\/chesse.org\/sl\/#\/schema\/logo\/image\/"}}]}},"_links":{"self":[{"href":"https:\/\/chesse.org\/sl\/wp-json\/wp\/v2\/pages\/13731","targetHints":{"allow":["GET"]}}],"collection":[{"href":"https:\/\/chesse.org\/sl\/wp-json\/wp\/v2\/pages"}],"about":[{"href":"https:\/\/chesse.org\/sl\/wp-json\/wp\/v2\/types\/page"}],"author":[{"embeddable":true,"href":"https:\/\/chesse.org\/sl\/wp-json\/wp\/v2\/users\/54"}],"replies":[{"embeddable":true,"href":"https:\/\/chesse.org\/sl\/wp-json\/wp\/v2\/comments?post=13731"}],"version-history":[{"count":9,"href":"https:\/\/chesse.org\/sl\/wp-json\/wp\/v2\/pages\/13731\/revisions"}],"predecessor-version":[{"id":13799,"href":"https:\/\/chesse.org\/sl\/wp-json\/wp\/v2\/pages\/13731\/revisions\/13799"}],"up":[{"embeddable":true,"href":"https:\/\/chesse.org\/sl\/wp-json\/wp\/v2\/pages\/13694"}],"wp:attachment":[{"href":"https:\/\/chesse.org\/sl\/wp-json\/wp\/v2\/media?parent=13731"}],"curies":[{"name":"wp","href":"https:\/\/api.w.org\/{rel}","templated":true}]}}