{"id":13733,"date":"2023-03-30T18:18:04","date_gmt":"2023-03-30T16:18:04","guid":{"rendered":"https:\/\/chesse.org\/zakonodaja\/nacionalno-specificna-zakonodaja\/"},"modified":"2023-04-26T18:17:44","modified_gmt":"2023-04-26T16:17:44","slug":"nacionalno-specificna-zakonodaja","status":"publish","type":"page","link":"https:\/\/chesse.org\/sl\/zakonodaja\/nacionalno-specificna-zakonodaja\/","title":{"rendered":"Nacionalno specifi\u010dna zakonodaja"},"content":{"rendered":"\t\t<div data-elementor-type=\"wp-page\" data-elementor-id=\"13733\" class=\"elementor elementor-13733 elementor-374\" data-elementor-post-type=\"page\">\n\t\t\t\t\t\t<section class=\"elementor-section elementor-top-section elementor-element elementor-element-1e41446 elementor-section-boxed elementor-section-height-default elementor-section-height-default\" data-id=\"1e41446\" data-element_type=\"section\" data-e-type=\"section\">\n\t\t\t\t\t\t<div class=\"elementor-container elementor-column-gap-default\">\n\t\t\t\t\t<div class=\"elementor-column elementor-col-100 elementor-top-column elementor-element elementor-element-62dece0\" data-id=\"62dece0\" data-element_type=\"column\" data-e-type=\"column\">\n\t\t\t<div class=\"elementor-widget-wrap elementor-element-populated\">\n\t\t\t\t\t\t<div class=\"elementor-element elementor-element-504768e standfirst elementor-widget elementor-widget-text-editor\" data-id=\"504768e\" data-element_type=\"widget\" data-e-type=\"widget\" data-widget_type=\"text-editor.default\">\n\t\t\t\t<div class=\"elementor-widget-container\">\n\t\t\t\t\t\t\t\t\t<p>V Sloveniji so Urad Republike Slovenije za kemikalije, Sektor za ravnanje z odpadki in In\u0161pektorat Republike Slovenije za delo v sodelovanju s pristojnimi institucijami, zadol\u017eeni za strokovne, upravne in razvojne naloge ter in\u0161pekcijske nadzore nad proizvodnjo in uporabo kemikalij ter prometom z njimi v industrijski in splo\u0161ni rabi.<\/p>\t\t\t\t\t\t\t\t<\/div>\n\t\t\t\t<\/div>\n\t\t\t\t<div class=\"elementor-element elementor-element-90900d0 elementor-widget elementor-widget-text-editor\" data-id=\"90900d0\" data-element_type=\"widget\" data-e-type=\"widget\" data-widget_type=\"text-editor.default\">\n\t\t\t\t<div class=\"elementor-widget-container\">\n\t\t\t\t\t\t\t\t\t<p>V Sloveniji potekajo strokovne, upravne in razvojne naloge ter in\u0161pekcijski nadzori nad proizvodnjo in uporabo kemikalij ter prometom z njimi v industrijski in splo\u0161ni rabi v sodelovanju razli\u010dnih institucij, ki delujejo v okviru pristojnih ministrstev.<\/p><p><strong>Urad Republike Slovenije za kemikalije<\/strong> pri Ministrstvu za zdravje je odgovoren za strokovne, upravne in razvojne naloge ter in\u0161pekcijske nadzore nad proizvodnjo in uporabo kemikalij ter prometom z njimi v industrijski in splo\u0161ni rabi. Pri svojem delu spremljajo promet s kemikalijami oziroma njihovo uporabo ter vzpostavljajo ukrepe za varovanje zdravja ljudi in okolja pred njihovimi \u0161kodljivimi u\u010dinki. Aktualna zakonodaja je zbrana in redno a\u017eurirana na njihovi spletni strani: <a href=\"https:\/\/www.gov.si\/drzavni-organi\/organi-v-sestavi\/urad-za-kemikalije\/zakonodaja\/\">https:\/\/www.gov.si\/drzavni-organi\/organi-v-sestavi\/urad-za-kemikalije\/zakonodaja\/<\/a><\/p><p><strong>Sektor za ravnanje odpadkov<\/strong> pri Ministrstvu za okolje, podnebje in energijo Direktorata za okolje skrbi za spremljanje stanja in pripravo strate\u0161kih re\u0161itev glede odpadkov ter pripravlja in spremlja izvajanje predpisov s podro\u010dja odpadkov. Program dela, navodila izvajalcem in aktualna zakonodaja glede ravnanja z odpadki je zbrana in redno a\u017eurirana na njihovi spletni strani: <a href=\"https:\/\/www.gov.si\/teme\/ravnanje-z-odpadki\/\">https:\/\/www.gov.si\/teme\/ravnanje-z-odpadki\/<\/a><\/p><p><strong>In\u0161pektorat Republike Slovenije za delo<\/strong> pri Ministrstvu za delo, dru\u017eino, socialne zadeve in enake mo\u017enosti smiselno podpira dejavnosti Urada Republike Slovenije za kemikalije in Sektorja za ravnanje odpadkov. Ukvarjajo se predvsem z nadzorom nad izvajanjem zakonov in drugih predpisov na podro\u010dju uporabe kemikalij ter splo\u0161nih aktov. In\u0161pekcijski nadzori s podro\u010dja varnosti in zdravja pri delu zajemajo neposredno kontrolo objektov in delovnih prostorov, delovnih mest, ugotavljanje pogojev za delo v prostorih in na delovi\u0161\u010dih, ustreznosti opreme, strojev ter orodij, osebne varovalne opreme, izvajanje zdravstvenih pregledov, mikroklimatske razmere in podobno. Aktualna zakonodaja je zbrana in redno a\u017eurirana na njihovi spletni strani: <a href=\"https:\/\/www.gov.si\/drzavni-organi\/organi-v-sestavi\/inspektorat-za-delo\/zakonodaja\/\">https:\/\/www.gov.si\/drzavni-organi\/organi-v-sestavi\/inspektorat-za-delo\/zakonodaja\/<\/a><\/p>\t\t\t\t\t\t\t\t<\/div>\n\t\t\t\t<\/div>\n\t\t\t\t\t<\/div>\n\t\t<\/div>\n\t\t\t\t\t<\/div>\n\t\t<\/section>\n\t\t\t\t<\/div>\n\t\t","protected":false},"excerpt":{"rendered":"<p>V Sloveniji so Urad Republike Slovenije za kemikalije, Sektor za ravnanje z odpadki in In\u0161pektorat Republike Slovenije za delo v sodelovanju s pristojnimi institucijami, zadol\u017eeni za strokovne, upravne in razvojne naloge ter in\u0161pekcijske nadzore nad proizvodnjo in uporabo kemikalij ter prometom z njimi v industrijski in splo\u0161ni rabi. V Sloveniji potekajo strokovne, upravne in razvojne &hellip; <a href=\"https:\/\/chesse.org\/sl\/zakonodaja\/nacionalno-specificna-zakonodaja\/\" class=\"more-link\">Preberi ve\u010d <span class=\"screen-reader-text\">Nacionalno specifi\u010dna zakonodaja<\/span> <span class=\"meta-nav\">&rarr;<\/span><\/a><\/p>\n","protected":false},"author":54,"featured_media":0,"parent":13694,"menu_order":5,"comment_status":"closed","ping_status":"closed","template":"","meta":{"footnotes":""},"class_list":["post-13733","page","type-page","status-publish","hentry"],"yoast_head":"<!-- This site is optimized with the Yoast SEO plugin v27.3 - https:\/\/yoast.com\/product\/yoast-seo-wordpress\/ -->\n<title>Nacionalno specifi\u010dna zakonodaja &#8211; Chemical Safety in Science Education<\/title>\n<meta name=\"description\" content=\"V Sloveniji so Urad Republike Slovenije za kemikalije, Sektor za ravnanje z odpadki in In\u0161pektorat Republike Slovenije za delo v sodelovanju s pristojnimi institucijami, zadol\u017eeni za strokovne, upravne in razvojne naloge ter in\u0161pekcijske nadzore nad proizvodnjo in uporabo kemikalij ter prometom z njimi v industrijski in splo\u0161ni rabi.\" \/>\n<meta name=\"robots\" content=\"index, follow, max-snippet:-1, max-image-preview:large, max-video-preview:-1\" \/>\n<link rel=\"canonical\" href=\"https:\/\/chesse.org\/sl\/zakonodaja\/nacionalno-specificna-zakonodaja\/\" \/>\n<meta property=\"og:locale\" content=\"sl_SI\" \/>\n<meta property=\"og:type\" content=\"article\" \/>\n<meta property=\"og:title\" content=\"Nacionalno specifi\u010dna zakonodaja &#8211; Chemical Safety in Science Education\" \/>\n<meta property=\"og:description\" content=\"V Sloveniji so Urad Republike Slovenije za kemikalije, Sektor za ravnanje z odpadki in In\u0161pektorat Republike Slovenije za delo v sodelovanju s pristojnimi institucijami, zadol\u017eeni za strokovne, upravne in razvojne naloge ter in\u0161pekcijske nadzore nad proizvodnjo in uporabo kemikalij ter prometom z njimi v industrijski in splo\u0161ni rabi.\" \/>\n<meta property=\"og:url\" content=\"https:\/\/chesse.org\/sl\/zakonodaja\/nacionalno-specificna-zakonodaja\/\" \/>\n<meta property=\"og:site_name\" content=\"Chemical Safety in Science Education\" \/>\n<meta property=\"article:modified_time\" content=\"2023-04-26T16:17:44+00:00\" \/>\n<meta property=\"og:image\" content=\"https:\/\/chesse.org\/wp-content\/uploads\/2022\/06\/chesse-sharing.png\" \/>\n\t<meta property=\"og:image:width\" content=\"1200\" \/>\n\t<meta property=\"og:image:height\" content=\"630\" \/>\n\t<meta property=\"og:image:type\" content=\"image\/png\" \/>\n<meta name=\"twitter:card\" content=\"summary_large_image\" \/>\n<script type=\"application\/ld+json\" class=\"yoast-schema-graph\">{\"@context\":\"https:\\\/\\\/schema.org\",\"@graph\":[{\"@type\":\"WebPage\",\"@id\":\"https:\\\/\\\/chesse.org\\\/sl\\\/zakonodaja\\\/nacionalno-specificna-zakonodaja\\\/\",\"url\":\"https:\\\/\\\/chesse.org\\\/sl\\\/zakonodaja\\\/nacionalno-specificna-zakonodaja\\\/\",\"name\":\"Nacionalno specifi\u010dna zakonodaja &#8211; Chemical Safety in Science Education\",\"isPartOf\":{\"@id\":\"https:\\\/\\\/chesse.org\\\/sl\\\/#website\"},\"datePublished\":\"2023-03-30T16:18:04+00:00\",\"dateModified\":\"2023-04-26T16:17:44+00:00\",\"description\":\"V Sloveniji so Urad Republike Slovenije za kemikalije, Sektor za ravnanje z odpadki in In\u0161pektorat Republike Slovenije za delo v sodelovanju s pristojnimi institucijami, zadol\u017eeni za strokovne, upravne in razvojne naloge ter in\u0161pekcijske nadzore nad proizvodnjo in uporabo kemikalij ter prometom z njimi v industrijski in splo\u0161ni rabi.\",\"breadcrumb\":{\"@id\":\"https:\\\/\\\/chesse.org\\\/sl\\\/zakonodaja\\\/nacionalno-specificna-zakonodaja\\\/#breadcrumb\"},\"inLanguage\":\"sl-SI\",\"potentialAction\":[{\"@type\":\"ReadAction\",\"target\":[\"https:\\\/\\\/chesse.org\\\/sl\\\/zakonodaja\\\/nacionalno-specificna-zakonodaja\\\/\"]}]},{\"@type\":\"BreadcrumbList\",\"@id\":\"https:\\\/\\\/chesse.org\\\/sl\\\/zakonodaja\\\/nacionalno-specificna-zakonodaja\\\/#breadcrumb\",\"itemListElement\":[{\"@type\":\"ListItem\",\"position\":1,\"name\":\"Domov\",\"item\":\"https:\\\/\\\/chesse.org\\\/sl\\\/\"},{\"@type\":\"ListItem\",\"position\":2,\"name\":\"Zakonodaja\",\"item\":\"https:\\\/\\\/chesse.org\\\/sl\\\/zakonodaja\\\/\"},{\"@type\":\"ListItem\",\"position\":3,\"name\":\"Nacionalno specifi\u010dna zakonodaja\"}]},{\"@type\":\"WebSite\",\"@id\":\"https:\\\/\\\/chesse.org\\\/sl\\\/#website\",\"url\":\"https:\\\/\\\/chesse.org\\\/sl\\\/\",\"name\":\"Chemical Safety in Science Education\",\"description\":\"Condensed, up-to date information for science and chemistry teachers, head of schools and science teacher educators.\",\"publisher\":{\"@id\":\"https:\\\/\\\/chesse.org\\\/sl\\\/#organization\"},\"potentialAction\":[{\"@type\":\"SearchAction\",\"target\":{\"@type\":\"EntryPoint\",\"urlTemplate\":\"https:\\\/\\\/chesse.org\\\/sl\\\/?s={search_term_string}\"},\"query-input\":{\"@type\":\"PropertyValueSpecification\",\"valueRequired\":true,\"valueName\":\"search_term_string\"}}],\"inLanguage\":\"sl-SI\"},{\"@type\":\"Organization\",\"@id\":\"https:\\\/\\\/chesse.org\\\/sl\\\/#organization\",\"name\":\"Online resources for Chemical Safety in Science Education\",\"url\":\"https:\\\/\\\/chesse.org\\\/sl\\\/\",\"logo\":{\"@type\":\"ImageObject\",\"inLanguage\":\"sl-SI\",\"@id\":\"https:\\\/\\\/chesse.org\\\/sl\\\/#\\\/schema\\\/logo\\\/image\\\/\",\"url\":\"https:\\\/\\\/chesse.org\\\/wp-content\\\/uploads\\\/2020\\\/10\\\/CheSSE_logo-01.svg\",\"contentUrl\":\"https:\\\/\\\/chesse.org\\\/wp-content\\\/uploads\\\/2020\\\/10\\\/CheSSE_logo-01.svg\",\"width\":350,\"height\":100,\"caption\":\"Online resources for Chemical Safety in Science Education\"},\"image\":{\"@id\":\"https:\\\/\\\/chesse.org\\\/sl\\\/#\\\/schema\\\/logo\\\/image\\\/\"}}]}<\/script>\n<!-- \/ Yoast SEO plugin. -->","yoast_head_json":{"title":"Nacionalno specifi\u010dna zakonodaja &#8211; Chemical Safety in Science Education","description":"V Sloveniji so Urad Republike Slovenije za kemikalije, Sektor za ravnanje z odpadki in In\u0161pektorat Republike Slovenije za delo v sodelovanju s pristojnimi institucijami, zadol\u017eeni za strokovne, upravne in razvojne naloge ter in\u0161pekcijske nadzore nad proizvodnjo in uporabo kemikalij ter prometom z njimi v industrijski in splo\u0161ni rabi.","robots":{"index":"index","follow":"follow","max-snippet":"max-snippet:-1","max-image-preview":"max-image-preview:large","max-video-preview":"max-video-preview:-1"},"canonical":"https:\/\/chesse.org\/sl\/zakonodaja\/nacionalno-specificna-zakonodaja\/","og_locale":"sl_SI","og_type":"article","og_title":"Nacionalno specifi\u010dna zakonodaja &#8211; Chemical Safety in Science Education","og_description":"V Sloveniji so Urad Republike Slovenije za kemikalije, Sektor za ravnanje z odpadki in In\u0161pektorat Republike Slovenije za delo v sodelovanju s pristojnimi institucijami, zadol\u017eeni za strokovne, upravne in razvojne naloge ter in\u0161pekcijske nadzore nad proizvodnjo in uporabo kemikalij ter prometom z njimi v industrijski in splo\u0161ni rabi.","og_url":"https:\/\/chesse.org\/sl\/zakonodaja\/nacionalno-specificna-zakonodaja\/","og_site_name":"Chemical Safety in Science Education","article_modified_time":"2023-04-26T16:17:44+00:00","og_image":[{"width":1200,"height":630,"url":"https:\/\/chesse.org\/wp-content\/uploads\/2022\/06\/chesse-sharing.png","type":"image\/png"}],"twitter_card":"summary_large_image","schema":{"@context":"https:\/\/schema.org","@graph":[{"@type":"WebPage","@id":"https:\/\/chesse.org\/sl\/zakonodaja\/nacionalno-specificna-zakonodaja\/","url":"https:\/\/chesse.org\/sl\/zakonodaja\/nacionalno-specificna-zakonodaja\/","name":"Nacionalno specifi\u010dna zakonodaja &#8211; Chemical Safety in Science Education","isPartOf":{"@id":"https:\/\/chesse.org\/sl\/#website"},"datePublished":"2023-03-30T16:18:04+00:00","dateModified":"2023-04-26T16:17:44+00:00","description":"V Sloveniji so Urad Republike Slovenije za kemikalije, Sektor za ravnanje z odpadki in In\u0161pektorat Republike Slovenije za delo v sodelovanju s pristojnimi institucijami, zadol\u017eeni za strokovne, upravne in razvojne naloge ter in\u0161pekcijske nadzore nad proizvodnjo in uporabo kemikalij ter prometom z njimi v industrijski in splo\u0161ni rabi.","breadcrumb":{"@id":"https:\/\/chesse.org\/sl\/zakonodaja\/nacionalno-specificna-zakonodaja\/#breadcrumb"},"inLanguage":"sl-SI","potentialAction":[{"@type":"ReadAction","target":["https:\/\/chesse.org\/sl\/zakonodaja\/nacionalno-specificna-zakonodaja\/"]}]},{"@type":"BreadcrumbList","@id":"https:\/\/chesse.org\/sl\/zakonodaja\/nacionalno-specificna-zakonodaja\/#breadcrumb","itemListElement":[{"@type":"ListItem","position":1,"name":"Domov","item":"https:\/\/chesse.org\/sl\/"},{"@type":"ListItem","position":2,"name":"Zakonodaja","item":"https:\/\/chesse.org\/sl\/zakonodaja\/"},{"@type":"ListItem","position":3,"name":"Nacionalno specifi\u010dna zakonodaja"}]},{"@type":"WebSite","@id":"https:\/\/chesse.org\/sl\/#website","url":"https:\/\/chesse.org\/sl\/","name":"Chemical Safety in Science Education","description":"Condensed, up-to date information for science and chemistry teachers, head of schools and science teacher educators.","publisher":{"@id":"https:\/\/chesse.org\/sl\/#organization"},"potentialAction":[{"@type":"SearchAction","target":{"@type":"EntryPoint","urlTemplate":"https:\/\/chesse.org\/sl\/?s={search_term_string}"},"query-input":{"@type":"PropertyValueSpecification","valueRequired":true,"valueName":"search_term_string"}}],"inLanguage":"sl-SI"},{"@type":"Organization","@id":"https:\/\/chesse.org\/sl\/#organization","name":"Online resources for Chemical Safety in Science Education","url":"https:\/\/chesse.org\/sl\/","logo":{"@type":"ImageObject","inLanguage":"sl-SI","@id":"https:\/\/chesse.org\/sl\/#\/schema\/logo\/image\/","url":"https:\/\/chesse.org\/wp-content\/uploads\/2020\/10\/CheSSE_logo-01.svg","contentUrl":"https:\/\/chesse.org\/wp-content\/uploads\/2020\/10\/CheSSE_logo-01.svg","width":350,"height":100,"caption":"Online resources for Chemical Safety in Science Education"},"image":{"@id":"https:\/\/chesse.org\/sl\/#\/schema\/logo\/image\/"}}]}},"_links":{"self":[{"href":"https:\/\/chesse.org\/sl\/wp-json\/wp\/v2\/pages\/13733","targetHints":{"allow":["GET"]}}],"collection":[{"href":"https:\/\/chesse.org\/sl\/wp-json\/wp\/v2\/pages"}],"about":[{"href":"https:\/\/chesse.org\/sl\/wp-json\/wp\/v2\/types\/page"}],"author":[{"embeddable":true,"href":"https:\/\/chesse.org\/sl\/wp-json\/wp\/v2\/users\/54"}],"replies":[{"embeddable":true,"href":"https:\/\/chesse.org\/sl\/wp-json\/wp\/v2\/comments?post=13733"}],"version-history":[{"count":11,"href":"https:\/\/chesse.org\/sl\/wp-json\/wp\/v2\/pages\/13733\/revisions"}],"predecessor-version":[{"id":13926,"href":"https:\/\/chesse.org\/sl\/wp-json\/wp\/v2\/pages\/13733\/revisions\/13926"}],"up":[{"embeddable":true,"href":"https:\/\/chesse.org\/sl\/wp-json\/wp\/v2\/pages\/13694"}],"wp:attachment":[{"href":"https:\/\/chesse.org\/sl\/wp-json\/wp\/v2\/media?parent=13733"}],"curies":[{"name":"wp","href":"https:\/\/api.w.org\/{rel}","templated":true}]}}