{"id":13735,"date":"2023-04-19T11:23:45","date_gmt":"2023-04-19T09:23:45","guid":{"rendered":"https:\/\/chesse.org\/zakonodaja\/zakonodaja-na-podrocju-varnosti-in-zdravja-pri-delu\/"},"modified":"2023-06-21T14:50:12","modified_gmt":"2023-06-21T12:50:12","slug":"zakonodaja-na-podrocju-varnosti-in-zdravja-pri-delu","status":"publish","type":"page","link":"https:\/\/chesse.org\/sl\/zakonodaja\/zakonodaja-na-podrocju-varnosti-in-zdravja-pri-delu\/","title":{"rendered":"Zakonodaja na podro\u010dju varnosti in zdravja pri delu"},"content":{"rendered":"\t\t<div data-elementor-type=\"wp-page\" data-elementor-id=\"13735\" class=\"elementor elementor-13735 elementor-2845\" data-elementor-post-type=\"page\">\n\t\t\t\t\t\t<section class=\"elementor-section elementor-top-section elementor-element elementor-element-a9e5912 elementor-section-boxed elementor-section-height-default elementor-section-height-default\" data-id=\"a9e5912\" data-element_type=\"section\" data-e-type=\"section\">\n\t\t\t\t\t\t<div class=\"elementor-container elementor-column-gap-default\">\n\t\t\t\t\t<div class=\"elementor-column elementor-col-100 elementor-top-column elementor-element elementor-element-40f4e81\" data-id=\"40f4e81\" data-element_type=\"column\" data-e-type=\"column\">\n\t\t\t<div class=\"elementor-widget-wrap elementor-element-populated\">\n\t\t\t\t\t\t<div class=\"elementor-element elementor-element-963a9ce standfirst elementor-widget elementor-widget-text-editor\" data-id=\"963a9ce\" data-element_type=\"widget\" data-e-type=\"widget\" data-widget_type=\"text-editor.default\">\n\t\t\t\t<div class=\"elementor-widget-container\">\n\t\t\t\t\t\t\t\t\t<p>Ve\u010d EU direktiv daje navodila za varno delo v \u0161olskem kemijskem laboratoriju. V nadaljevanju sta obravnavani dve, ki sta pomembnej\u0161i. <\/p>\n\t\t\t\t\t\t\t\t<\/div>\n\t\t\t\t<\/div>\n\t\t\t\t<div class=\"elementor-element elementor-element-adb9313 elementor-toc--content-ellipsis elementor-widget elementor-widget-global elementor-global-11735 elementor-global-3097 elementor-widget-table-of-contents\" data-id=\"adb9313\" data-element_type=\"widget\" data-e-type=\"widget\" data-settings=\"{&quot;headings_by_tags&quot;:[&quot;h2&quot;,&quot;h3&quot;],&quot;exclude_headings_by_selector&quot;:&quot;.noTOC&quot;,&quot;marker_view&quot;:&quot;bullets&quot;,&quot;icon&quot;:{&quot;value&quot;:&quot;fas fa-circle&quot;,&quot;library&quot;:&quot;fa-solid&quot;},&quot;no_headings_message&quot;:&quot;No headings were found on this page.&quot;,&quot;hierarchical_view&quot;:&quot;yes&quot;,&quot;min_height&quot;:{&quot;unit&quot;:&quot;px&quot;,&quot;size&quot;:&quot;&quot;,&quot;sizes&quot;:[]},&quot;min_height_tablet&quot;:{&quot;unit&quot;:&quot;px&quot;,&quot;size&quot;:&quot;&quot;,&quot;sizes&quot;:[]},&quot;min_height_mobile&quot;:{&quot;unit&quot;:&quot;px&quot;,&quot;size&quot;:&quot;&quot;,&quot;sizes&quot;:[]}}\" data-widget_type=\"table-of-contents.default\">\n\t\t\t\t<div class=\"elementor-widget-container\">\n\t\t\t\t\t\t\t\t\t<div class=\"elementor-toc__header\">\n\t\t\t\t\t\t<div class=\"elementor-toc__header-title\">\n\t\t\t\tVsebina\t\t\t<\/div>\n\t\t\t\t\t\t\t\t<\/div>\n\t\t\t\t<div id=\"elementor-toc__adb9313\" class=\"elementor-toc__body\">\n\t\t\t<div class=\"elementor-toc__spinner-container\">\n\t\t\t\t<i class=\"elementor-toc__spinner eicon-animation-spin eicon-loading\" aria-hidden=\"true\"><\/i>\t\t\t<\/div>\n\t\t<\/div>\n\t\t\t\t\t\t<\/div>\n\t\t\t\t<\/div>\n\t\t\t\t<div class=\"elementor-element elementor-element-6d565c8 elementor-widget elementor-widget-text-editor\" data-id=\"6d565c8\" data-element_type=\"widget\" data-e-type=\"widget\" data-widget_type=\"text-editor.default\">\n\t\t\t\t<div class=\"elementor-widget-container\">\n\t\t\t\t\t\t\t\t\t<h2>Zdravje in varnost delavcev<\/h2><p>Pravila za u\u010ditelje naravoslovnih vsebin (zaposlene) in ravnatelje (ali druge delodajalce) glede kemijske varnosti so vklju\u010dena v direktivo EU o uvajanju ukrepov za spodbujanje izbolj\u0161av varnosti in zdravja delavcev pri delu in direktivo EU o varovanju zdravja in zagotavljanju varnosti delavcev pred tveganji zaradi izpostavljenosti kemi\u010dnim dejavnikom pri delu.<\/p><p>V kolikor delodajalec ugotovi, da na delovnem mestu obstajajo nevarne kemi\u010dne snovi, mora v skladu z direktivo EU oceniti tveganje za varnost in zdravje delavcev zaradi prisotnosti kemi\u010dnih snovi, pri tem pa upo\u0161tevati:<\/p><ul><li>njihove nevarne lastnosti,<\/li><li>podatke o varnosti in zdravju, ki jih priskrbi dobavitelj (npr. ustrezni varnostni listi),<\/li><li>raven, vrsto in trajanje izpostavljenosti,<\/li><li>okoli\u0161\u010dine pri delu, ki vklju\u010dujejo take snovi, skupaj z njihovo koli\u010dino,<\/li><li>katere koli mejne vrednosti za poklicno izpostavljenost ali biolo\u0161ke mejne vrednosti, ki veljajo na ozemlju zadevne dr\u017eave \u010dlanice,<\/li><li>u\u010dinek preventivnih ukrepov, ki so ali bodo sprejeti,<\/li><li>kadar je mo\u017eno, ugotovitve, ki so rezultat \u017ee uvedenega nadzora zdravja.<\/li><\/ul><p>Ocena tveganja se primerno dokumentira v skladu z nacionalno zakonodajo in prakso ter lahko vklju\u010duje utemeljitev delodajalca, da je zaradi vrste in obsega tveganja v zvezi s kemi\u010dnimi snovi nadaljnja podrobna ocena tveganja nepotrebna. Ocena tveganja se sproti dopolnjuje, posebno ob pomembnih spremembah, zaradi katerih bi ocena lahko zastarala, ali kadar tako zahtevajo rezultati zdravstvenega nadzora.<\/p><p>Vsak delavec (npr. u\u010ditelj naravoslovnih vsebin) je odgovoren, da, kolikor je mogo\u010de sam skrbi za svojo varnost in zdravje ter tudi varnost in zdravje drugih oseb, na katere njegova dejanja ali opustitve pri delu vplivajo, v skladu s svojo usposobljenostjo in navodili delodajalca. V ta namen morajo delavci npr.:<\/p><ul><li>pravilno uporabljati stroje, naprave, orodja, nevarne snovi, transportno opremo in druga proizvodna sredstva;<\/li><li>pravilno uporabljati osebno varovalno opremo, ki jim je bila dana in jo po uporabi vrniti na predvideno mesto;<\/li><li>se vzdr\u017eati samovoljnega izklapljanja, spreminjanja ali odstranjevanja varnostnih naprav, ki so name\u0161\u010dene zlasti na strojih, napravah, orodjih, v obratih in stavbah, ter te varnostne naprave pravilno uporabljati;<\/li><li>takoj obvestiti delodajalca in\/ali delavce s posebno odgovornostjo za varnost in zdravje delavcev o vseh delovnih situacijah, za katere upravi\u010deno menijo, da predstavljajo resno in neposredno nevarnost za varnost in zdravje, ter o vseh pomanjkljivostih varnostne ureditve;<\/li><li>v skladu z nacionalno prakso sodelovati z delodajalcem in\/ali delavci s posebno odgovornostjo za varnost in zdravje delavcev toliko \u010dasa, da je opravljena vsaka naloga ali zahteva, ki jo nalo\u017ei pristojen organ za varnost in zdravje delavcev pri delu;<\/li><li>v skladu z nacionalno prakso sodelovati z delodajalcem in\/ali delavci s posebno odgovornostjo za varnost in zdravje delavcev toliko \u010dasa, da lahko delodajalec zagotovi varno delovno okolje in take delovne razmere, ki ne predstavljajo tveganja za varnost in zdravje pri njihovem podro\u010dju dejavnosti.<\/li><\/ul><p>Dr\u017eave \u010dlanice EU morajo za zagotovitev primernega zdravstvenega nadzora, ki ustreza zdravstvenim in varnostnim tveganjem, s katerimi se delavci sre\u010dujejo pri delu, vpeljati ukrepe v skladu z nacionalno zakonodajo in\/ali prakso.<\/p>\t\t\t\t\t\t\t\t<\/div>\n\t\t\t\t<\/div>\n\t\t\t\t<div class=\"elementor-element elementor-element-0877b75 elementor-widget elementor-widget-text-editor\" data-id=\"0877b75\" data-element_type=\"widget\" data-e-type=\"widget\" data-widget_type=\"text-editor.default\">\n\t\t\t\t<div class=\"elementor-widget-container\">\n\t\t\t\t\t\t\t\t\t<h2>Varstvo pred rakotvornimi, mutagenimi in za razmno\u017eevanje strupenimi kemikalijami pri delu<\/h2><p>Rakotvorne, mutagene in za razmno\u017eevanje strupene kemikalije (CMR) so nevarne snovi ali zmesi snovi, ki povzro\u010dajo raka ali pove\u010dujejo njegovo pojavnost, pove\u010dujejo \u0161tevilo mutacij, genetskih sprememb, ki se ka\u017eejo v spremembah DNK pri populacijah celic in\/ali organizmov ali so strupene za razmno\u017eevanje oziroma vplivajo na zmanj\u0161anje razmno\u017eevalnih funkcij ali sposobnosti pri mo\u0161kih in \u017eenskah in nastajanje nedednih \u0161kodljivih u\u010dinkov na potomstvo.<\/p><p>Direktiva o rakotvornih in mutagenih snoveh dolo\u010da minimalne zahteve za za\u0161\u010dito delavcev pred tveganji za njihovo zdravje in varnost, ki nastajajo ali bi lahko nastala zaradi izpostavljenosti rakotvornim in mutagenim snovem pri delu, vklju\u010dno z obveznostmi za delodajalce in delavce. <\/p>\t\t\t\t\t\t\t\t<\/div>\n\t\t\t\t<\/div>\n\t\t\t\t<div class=\"elementor-element elementor-element-a6eeaeb linkBox elementor-widget elementor-widget-text-editor\" data-id=\"a6eeaeb\" data-element_type=\"widget\" data-e-type=\"widget\" data-widget_type=\"text-editor.default\">\n\t\t\t\t<div class=\"elementor-widget-container\">\n\t\t\t\t\t\t\t\t\t<h2>Pravni dokumenti povezani z varnostjo in zdravjem pri delu<\/h2><p><a href=\"https:\/\/eur-lex.europa.eu\/eli\/dir\/1989\/391\">Directive for occupational safety and health (OSH): 89\/391\/EEC<\/a><\/p><p><a href=\"https:\/\/eur-lex.europa.eu\/eli\/dir\/1998\/24\">Directive on the protection of the health and safety of workers from the risks related to chemical agents at work: 98\/24\/EC<\/a><\/p><p><a href=\"https:\/\/eur-lex.europa.eu\/eli\/dir\/2004\/37\">Directive on Carcinogens and Mutagens at work (CMD): 2004\/37\/EC<\/a><\/p><p><a href=\"https:\/\/eur-lex.europa.eu\/eli\/dir\/1994\/33\">Directive on the protection of young people at work: 94\/33\/EC<\/a><\/p>\t\t\t\t\t\t\t\t<\/div>\n\t\t\t\t<\/div>\n\t\t\t\t\t<\/div>\n\t\t<\/div>\n\t\t\t\t\t<\/div>\n\t\t<\/section>\n\t\t\t\t<\/div>\n\t\t","protected":false},"excerpt":{"rendered":"<p>Ve\u010d EU direktiv daje navodila za varno delo v \u0161olskem kemijskem laboratoriju. V nadaljevanju sta obravnavani dve, ki sta pomembnej\u0161i. Vsebina Zdravje in varnost delavcev Pravila za u\u010ditelje naravoslovnih vsebin (zaposlene) in ravnatelje (ali druge delodajalce) glede kemijske varnosti so vklju\u010dena v direktivo EU o uvajanju ukrepov za spodbujanje izbolj\u0161av varnosti in zdravja delavcev pri &hellip; <a href=\"https:\/\/chesse.org\/sl\/zakonodaja\/zakonodaja-na-podrocju-varnosti-in-zdravja-pri-delu\/\" class=\"more-link\">Preberi ve\u010d <span class=\"screen-reader-text\">Zakonodaja na podro\u010dju varnosti in zdravja pri delu<\/span> <span class=\"meta-nav\">&rarr;<\/span><\/a><\/p>\n","protected":false},"author":54,"featured_media":0,"parent":13694,"menu_order":4,"comment_status":"closed","ping_status":"closed","template":"","meta":{"footnotes":""},"class_list":["post-13735","page","type-page","status-publish","hentry"],"yoast_head":"<!-- This site is optimized with the Yoast SEO plugin v27.3 - https:\/\/yoast.com\/product\/yoast-seo-wordpress\/ -->\n<title>Zakonodaja na podro\u010dju varnosti in zdravja pri delu &#8211; Chemical Safety in Science Education<\/title>\n<meta name=\"description\" content=\"Ve\u010d EU direktiv daje navodila za varno delo v \u0161olskem kemijskem laboratoriju.\" \/>\n<meta name=\"robots\" content=\"index, follow, max-snippet:-1, max-image-preview:large, max-video-preview:-1\" \/>\n<link rel=\"canonical\" href=\"https:\/\/chesse.org\/sl\/zakonodaja\/zakonodaja-na-podrocju-varnosti-in-zdravja-pri-delu\/\" \/>\n<meta property=\"og:locale\" content=\"sl_SI\" \/>\n<meta property=\"og:type\" content=\"article\" \/>\n<meta property=\"og:title\" content=\"Zakonodaja na podro\u010dju varnosti in zdravja pri delu &#8211; Chemical Safety in Science Education\" \/>\n<meta property=\"og:description\" content=\"Ve\u010d EU direktiv daje navodila za varno delo v \u0161olskem kemijskem laboratoriju.\" \/>\n<meta property=\"og:url\" content=\"https:\/\/chesse.org\/sl\/zakonodaja\/zakonodaja-na-podrocju-varnosti-in-zdravja-pri-delu\/\" \/>\n<meta property=\"og:site_name\" content=\"Chemical Safety in Science Education\" \/>\n<meta property=\"article:modified_time\" content=\"2023-06-21T12:50:12+00:00\" \/>\n<meta property=\"og:image\" content=\"https:\/\/chesse.org\/wp-content\/uploads\/2022\/06\/chesse-sharing.png\" \/>\n\t<meta property=\"og:image:width\" content=\"1200\" \/>\n\t<meta property=\"og:image:height\" content=\"630\" \/>\n\t<meta property=\"og:image:type\" content=\"image\/png\" \/>\n<meta name=\"twitter:card\" content=\"summary_large_image\" \/>\n<script type=\"application\/ld+json\" class=\"yoast-schema-graph\">{\"@context\":\"https:\\\/\\\/schema.org\",\"@graph\":[{\"@type\":\"WebPage\",\"@id\":\"https:\\\/\\\/chesse.org\\\/sl\\\/zakonodaja\\\/zakonodaja-na-podrocju-varnosti-in-zdravja-pri-delu\\\/\",\"url\":\"https:\\\/\\\/chesse.org\\\/sl\\\/zakonodaja\\\/zakonodaja-na-podrocju-varnosti-in-zdravja-pri-delu\\\/\",\"name\":\"Zakonodaja na podro\u010dju varnosti in zdravja pri delu &#8211; Chemical Safety in Science Education\",\"isPartOf\":{\"@id\":\"https:\\\/\\\/chesse.org\\\/sl\\\/#website\"},\"datePublished\":\"2023-04-19T09:23:45+00:00\",\"dateModified\":\"2023-06-21T12:50:12+00:00\",\"description\":\"Ve\u010d EU direktiv daje navodila za varno delo v \u0161olskem kemijskem laboratoriju.\",\"breadcrumb\":{\"@id\":\"https:\\\/\\\/chesse.org\\\/sl\\\/zakonodaja\\\/zakonodaja-na-podrocju-varnosti-in-zdravja-pri-delu\\\/#breadcrumb\"},\"inLanguage\":\"sl-SI\",\"potentialAction\":[{\"@type\":\"ReadAction\",\"target\":[\"https:\\\/\\\/chesse.org\\\/sl\\\/zakonodaja\\\/zakonodaja-na-podrocju-varnosti-in-zdravja-pri-delu\\\/\"]}]},{\"@type\":\"BreadcrumbList\",\"@id\":\"https:\\\/\\\/chesse.org\\\/sl\\\/zakonodaja\\\/zakonodaja-na-podrocju-varnosti-in-zdravja-pri-delu\\\/#breadcrumb\",\"itemListElement\":[{\"@type\":\"ListItem\",\"position\":1,\"name\":\"Domov\",\"item\":\"https:\\\/\\\/chesse.org\\\/sl\\\/\"},{\"@type\":\"ListItem\",\"position\":2,\"name\":\"Zakonodaja\",\"item\":\"https:\\\/\\\/chesse.org\\\/sl\\\/zakonodaja\\\/\"},{\"@type\":\"ListItem\",\"position\":3,\"name\":\"Zakonodaja na podro\u010dju varnosti in zdravja pri delu\"}]},{\"@type\":\"WebSite\",\"@id\":\"https:\\\/\\\/chesse.org\\\/sl\\\/#website\",\"url\":\"https:\\\/\\\/chesse.org\\\/sl\\\/\",\"name\":\"Chemical Safety in Science Education\",\"description\":\"Condensed, up-to date information for science and chemistry teachers, head of schools and science teacher educators.\",\"publisher\":{\"@id\":\"https:\\\/\\\/chesse.org\\\/sl\\\/#organization\"},\"potentialAction\":[{\"@type\":\"SearchAction\",\"target\":{\"@type\":\"EntryPoint\",\"urlTemplate\":\"https:\\\/\\\/chesse.org\\\/sl\\\/?s={search_term_string}\"},\"query-input\":{\"@type\":\"PropertyValueSpecification\",\"valueRequired\":true,\"valueName\":\"search_term_string\"}}],\"inLanguage\":\"sl-SI\"},{\"@type\":\"Organization\",\"@id\":\"https:\\\/\\\/chesse.org\\\/sl\\\/#organization\",\"name\":\"Online resources for Chemical Safety in Science Education\",\"url\":\"https:\\\/\\\/chesse.org\\\/sl\\\/\",\"logo\":{\"@type\":\"ImageObject\",\"inLanguage\":\"sl-SI\",\"@id\":\"https:\\\/\\\/chesse.org\\\/sl\\\/#\\\/schema\\\/logo\\\/image\\\/\",\"url\":\"https:\\\/\\\/chesse.org\\\/wp-content\\\/uploads\\\/2020\\\/10\\\/CheSSE_logo-01.svg\",\"contentUrl\":\"https:\\\/\\\/chesse.org\\\/wp-content\\\/uploads\\\/2020\\\/10\\\/CheSSE_logo-01.svg\",\"width\":350,\"height\":100,\"caption\":\"Online resources for Chemical Safety in Science Education\"},\"image\":{\"@id\":\"https:\\\/\\\/chesse.org\\\/sl\\\/#\\\/schema\\\/logo\\\/image\\\/\"}}]}<\/script>\n<!-- \/ Yoast SEO plugin. -->","yoast_head_json":{"title":"Zakonodaja na podro\u010dju varnosti in zdravja pri delu &#8211; Chemical Safety in Science Education","description":"Ve\u010d EU direktiv daje navodila za varno delo v \u0161olskem kemijskem laboratoriju.","robots":{"index":"index","follow":"follow","max-snippet":"max-snippet:-1","max-image-preview":"max-image-preview:large","max-video-preview":"max-video-preview:-1"},"canonical":"https:\/\/chesse.org\/sl\/zakonodaja\/zakonodaja-na-podrocju-varnosti-in-zdravja-pri-delu\/","og_locale":"sl_SI","og_type":"article","og_title":"Zakonodaja na podro\u010dju varnosti in zdravja pri delu &#8211; Chemical Safety in Science Education","og_description":"Ve\u010d EU direktiv daje navodila za varno delo v \u0161olskem kemijskem laboratoriju.","og_url":"https:\/\/chesse.org\/sl\/zakonodaja\/zakonodaja-na-podrocju-varnosti-in-zdravja-pri-delu\/","og_site_name":"Chemical Safety in Science Education","article_modified_time":"2023-06-21T12:50:12+00:00","og_image":[{"width":1200,"height":630,"url":"https:\/\/chesse.org\/wp-content\/uploads\/2022\/06\/chesse-sharing.png","type":"image\/png"}],"twitter_card":"summary_large_image","schema":{"@context":"https:\/\/schema.org","@graph":[{"@type":"WebPage","@id":"https:\/\/chesse.org\/sl\/zakonodaja\/zakonodaja-na-podrocju-varnosti-in-zdravja-pri-delu\/","url":"https:\/\/chesse.org\/sl\/zakonodaja\/zakonodaja-na-podrocju-varnosti-in-zdravja-pri-delu\/","name":"Zakonodaja na podro\u010dju varnosti in zdravja pri delu &#8211; Chemical Safety in Science Education","isPartOf":{"@id":"https:\/\/chesse.org\/sl\/#website"},"datePublished":"2023-04-19T09:23:45+00:00","dateModified":"2023-06-21T12:50:12+00:00","description":"Ve\u010d EU direktiv daje navodila za varno delo v \u0161olskem kemijskem laboratoriju.","breadcrumb":{"@id":"https:\/\/chesse.org\/sl\/zakonodaja\/zakonodaja-na-podrocju-varnosti-in-zdravja-pri-delu\/#breadcrumb"},"inLanguage":"sl-SI","potentialAction":[{"@type":"ReadAction","target":["https:\/\/chesse.org\/sl\/zakonodaja\/zakonodaja-na-podrocju-varnosti-in-zdravja-pri-delu\/"]}]},{"@type":"BreadcrumbList","@id":"https:\/\/chesse.org\/sl\/zakonodaja\/zakonodaja-na-podrocju-varnosti-in-zdravja-pri-delu\/#breadcrumb","itemListElement":[{"@type":"ListItem","position":1,"name":"Domov","item":"https:\/\/chesse.org\/sl\/"},{"@type":"ListItem","position":2,"name":"Zakonodaja","item":"https:\/\/chesse.org\/sl\/zakonodaja\/"},{"@type":"ListItem","position":3,"name":"Zakonodaja na podro\u010dju varnosti in zdravja pri delu"}]},{"@type":"WebSite","@id":"https:\/\/chesse.org\/sl\/#website","url":"https:\/\/chesse.org\/sl\/","name":"Chemical Safety in Science Education","description":"Condensed, up-to date information for science and chemistry teachers, head of schools and science teacher educators.","publisher":{"@id":"https:\/\/chesse.org\/sl\/#organization"},"potentialAction":[{"@type":"SearchAction","target":{"@type":"EntryPoint","urlTemplate":"https:\/\/chesse.org\/sl\/?s={search_term_string}"},"query-input":{"@type":"PropertyValueSpecification","valueRequired":true,"valueName":"search_term_string"}}],"inLanguage":"sl-SI"},{"@type":"Organization","@id":"https:\/\/chesse.org\/sl\/#organization","name":"Online resources for Chemical Safety in Science Education","url":"https:\/\/chesse.org\/sl\/","logo":{"@type":"ImageObject","inLanguage":"sl-SI","@id":"https:\/\/chesse.org\/sl\/#\/schema\/logo\/image\/","url":"https:\/\/chesse.org\/wp-content\/uploads\/2020\/10\/CheSSE_logo-01.svg","contentUrl":"https:\/\/chesse.org\/wp-content\/uploads\/2020\/10\/CheSSE_logo-01.svg","width":350,"height":100,"caption":"Online resources for Chemical Safety in Science Education"},"image":{"@id":"https:\/\/chesse.org\/sl\/#\/schema\/logo\/image\/"}}]}},"_links":{"self":[{"href":"https:\/\/chesse.org\/sl\/wp-json\/wp\/v2\/pages\/13735","targetHints":{"allow":["GET"]}}],"collection":[{"href":"https:\/\/chesse.org\/sl\/wp-json\/wp\/v2\/pages"}],"about":[{"href":"https:\/\/chesse.org\/sl\/wp-json\/wp\/v2\/types\/page"}],"author":[{"embeddable":true,"href":"https:\/\/chesse.org\/sl\/wp-json\/wp\/v2\/users\/54"}],"replies":[{"embeddable":true,"href":"https:\/\/chesse.org\/sl\/wp-json\/wp\/v2\/comments?post=13735"}],"version-history":[{"count":8,"href":"https:\/\/chesse.org\/sl\/wp-json\/wp\/v2\/pages\/13735\/revisions"}],"predecessor-version":[{"id":14546,"href":"https:\/\/chesse.org\/sl\/wp-json\/wp\/v2\/pages\/13735\/revisions\/14546"}],"up":[{"embeddable":true,"href":"https:\/\/chesse.org\/sl\/wp-json\/wp\/v2\/pages\/13694"}],"wp:attachment":[{"href":"https:\/\/chesse.org\/sl\/wp-json\/wp\/v2\/media?parent=13735"}],"curies":[{"name":"wp","href":"https:\/\/api.w.org\/{rel}","templated":true}]}}