{"id":13806,"date":"2023-04-19T11:44:17","date_gmt":"2023-04-19T09:44:17","guid":{"rendered":"https:\/\/chesse.org\/oznacevanje-in-skladiscenje-kemikalij-ter-ravnanje-z-odpadki\/"},"modified":"2023-04-27T08:55:43","modified_gmt":"2023-04-27T06:55:43","slug":"oznacevanje-in-skladiscenje-kemikalij-ter-ravnanje-z-odpadki","status":"publish","type":"page","link":"https:\/\/chesse.org\/sl\/oznacevanje-in-skladiscenje-kemikalij-ter-ravnanje-z-odpadki\/","title":{"rendered":"Ozna\u010devanje in skladi\u0161\u010denje kemikalij ter ravnanje z odpadki"},"content":{"rendered":"\t\t<div data-elementor-type=\"wp-page\" data-elementor-id=\"13806\" class=\"elementor elementor-13806 elementor-55\" data-elementor-post-type=\"page\">\n\t\t\t\t\t\t<div class=\"elementor-section elementor-top-section elementor-element elementor-element-891e6f2 elementor-section-boxed elementor-section-height-default elementor-section-height-default\" data-id=\"891e6f2\" data-element_type=\"section\" data-e-type=\"section\">\n\t\t\t\t\t\t<div class=\"elementor-container elementor-column-gap-default\">\n\t\t\t\t\t<div class=\"elementor-column elementor-col-100 elementor-top-column elementor-element elementor-element-d53f8cd\" data-id=\"d53f8cd\" data-element_type=\"column\" data-e-type=\"column\">\n\t\t\t<div class=\"elementor-widget-wrap elementor-element-populated\">\n\t\t\t\t\t\t<div class=\"elementor-element elementor-element-d4a2421 standfirst elementor-widget elementor-widget-text-editor\" data-id=\"d4a2421\" data-element_type=\"widget\" data-e-type=\"widget\" data-widget_type=\"text-editor.default\">\n\t\t\t\t<div class=\"elementor-widget-container\">\n\t\t\t\t\t\t\t\t\t<p>V tem razdelku so na voljo informacije o ozna\u010devanju, shranjevanju in odstranjevanju kemikalij v \u0161olah.<\/p>\n\t\t\t\t\t\t\t\t<\/div>\n\t\t\t\t<\/div>\n\t\t\t\t\t<\/div>\n\t\t<\/div>\n\t\t\t\t\t<\/div>\n\t\t<\/div>\n\t\t\t\t<div class=\"elementor-section elementor-top-section elementor-element elementor-element-1239184 subsectionpage labelling-section elementor-section-boxed elementor-section-height-default elementor-section-height-default\" data-id=\"1239184\" data-element_type=\"section\" data-e-type=\"section\">\n\t\t\t\t\t\t<div class=\"elementor-container elementor-column-gap-no\">\n\t\t\t\t\t<div class=\"elementor-column elementor-col-100 elementor-top-column elementor-element elementor-element-d781dde\" data-id=\"d781dde\" data-element_type=\"column\" data-e-type=\"column\">\n\t\t\t<div class=\"elementor-widget-wrap elementor-element-populated\">\n\t\t\t\t\t\t<section class=\"elementor-section elementor-inner-section elementor-element elementor-element-20d2783 elementor-section-boxed elementor-section-height-default elementor-section-height-default\" data-id=\"20d2783\" data-element_type=\"section\" data-e-type=\"section\">\n\t\t\t\t\t\t<div class=\"elementor-container elementor-column-gap-default\">\n\t\t\t\t\t<div class=\"elementor-column elementor-col-33 elementor-inner-column elementor-element elementor-element-51edb1e\" data-id=\"51edb1e\" data-element_type=\"column\" data-e-type=\"column\">\n\t\t\t<div class=\"elementor-widget-wrap elementor-element-populated\">\n\t\t\t\t\t\t<div class=\"elementor-element elementor-element-580e9ad elementor-widget elementor-widget-button\" data-id=\"580e9ad\" data-element_type=\"widget\" data-e-type=\"widget\" data-widget_type=\"button.default\">\n\t\t\t\t<div class=\"elementor-widget-container\">\n\t\t\t\t\t\t\t\t\t<div class=\"elementor-button-wrapper\">\n\t\t\t\t\t<a class=\"elementor-button elementor-button-link elementor-size-lg\" href=\"https:\/\/chesse.org\/sl\/oznacevanje-in-skladiscenje-kemikalij-ter-ravnanje-z-odpadki\/oznacevanje\/\">\n\t\t\t\t\t\t<span class=\"elementor-button-content-wrapper\">\n\t\t\t\t\t\t\t\t\t<span class=\"elementor-button-text\">Ozna\u010devanje<\/span>\n\t\t\t\t\t<\/span>\n\t\t\t\t\t<\/a>\n\t\t\t\t<\/div>\n\t\t\t\t\t\t\t\t<\/div>\n\t\t\t\t<\/div>\n\t\t\t\t\t<\/div>\n\t\t<\/div>\n\t\t\t\t<div class=\"elementor-column elementor-col-33 elementor-inner-column elementor-element elementor-element-f56db36\" data-id=\"f56db36\" data-element_type=\"column\" data-e-type=\"column\">\n\t\t\t<div class=\"elementor-widget-wrap elementor-element-populated\">\n\t\t\t\t\t\t<div class=\"elementor-element elementor-element-4607631 elementor-widget elementor-widget-button\" data-id=\"4607631\" data-element_type=\"widget\" data-e-type=\"widget\" data-widget_type=\"button.default\">\n\t\t\t\t<div class=\"elementor-widget-container\">\n\t\t\t\t\t\t\t\t\t<div class=\"elementor-button-wrapper\">\n\t\t\t\t\t<a class=\"elementor-button elementor-button-link elementor-size-lg\" href=\"https:\/\/chesse.org\/sl\/oznacevanje-in-skladiscenje-kemikalij-ter-ravnanje-z-odpadki\/skladiscenje\/\">\n\t\t\t\t\t\t<span class=\"elementor-button-content-wrapper\">\n\t\t\t\t\t\t\t\t\t<span class=\"elementor-button-text\">Skladi\u0161\u010denje<\/span>\n\t\t\t\t\t<\/span>\n\t\t\t\t\t<\/a>\n\t\t\t\t<\/div>\n\t\t\t\t\t\t\t\t<\/div>\n\t\t\t\t<\/div>\n\t\t\t\t\t<\/div>\n\t\t<\/div>\n\t\t\t\t<div class=\"elementor-column elementor-col-33 elementor-inner-column elementor-element elementor-element-19a339c\" data-id=\"19a339c\" data-element_type=\"column\" data-e-type=\"column\">\n\t\t\t<div class=\"elementor-widget-wrap elementor-element-populated\">\n\t\t\t\t\t\t<div class=\"elementor-element elementor-element-4f91f2f elementor-widget elementor-widget-button\" data-id=\"4f91f2f\" data-element_type=\"widget\" data-e-type=\"widget\" data-widget_type=\"button.default\">\n\t\t\t\t<div class=\"elementor-widget-container\">\n\t\t\t\t\t\t\t\t\t<div class=\"elementor-button-wrapper\">\n\t\t\t\t\t<a class=\"elementor-button elementor-button-link elementor-size-lg\" href=\"https:\/\/chesse.org\/sl\/oznacevanje-in-skladiscenje-kemikalij-ter-ravnanje-z-odpadki\/ravnanje-z-odpadki\/\">\n\t\t\t\t\t\t<span class=\"elementor-button-content-wrapper\">\n\t\t\t\t\t\t\t\t\t<span class=\"elementor-button-text\">Ravnanje z odpadki<\/span>\n\t\t\t\t\t<\/span>\n\t\t\t\t\t<\/a>\n\t\t\t\t<\/div>\n\t\t\t\t\t\t\t\t<\/div>\n\t\t\t\t<\/div>\n\t\t\t\t\t<\/div>\n\t\t<\/div>\n\t\t\t\t\t<\/div>\n\t\t<\/section>\n\t\t\t\t\t<\/div>\n\t\t<\/div>\n\t\t\t\t\t<\/div>\n\t\t<\/div>\n\t\t\t\t<\/div>\n\t\t","protected":false},"excerpt":{"rendered":"<p>V tem razdelku so na voljo informacije o ozna\u010devanju, shranjevanju in odstranjevanju kemikalij v \u0161olah. Ozna\u010devanje Skladi\u0161\u010denje Ravnanje z odpadki<\/p>\n","protected":false},"author":43,"featured_media":0,"parent":0,"menu_order":2,"comment_status":"closed","ping_status":"closed","template":"","meta":{"footnotes":""},"class_list":["post-13806","page","type-page","status-publish","hentry"],"yoast_head":"<!-- This site is optimized with the Yoast SEO plugin v27.3 - https:\/\/yoast.com\/product\/yoast-seo-wordpress\/ -->\n<title>Ozna\u010devanje in skladi\u0161\u010denje kemikalij ter ravnanje z odpadki &#8211; Chemical Safety in Science Education<\/title>\n<meta name=\"description\" content=\"V tem razdelku so na voljo informacije o ozna\u010devanju, shranjevanju in odstranjevanju kemikalij v \u0161olah.\" \/>\n<meta name=\"robots\" content=\"index, follow, max-snippet:-1, max-image-preview:large, max-video-preview:-1\" \/>\n<link rel=\"canonical\" href=\"https:\/\/chesse.org\/sl\/oznacevanje-in-skladiscenje-kemikalij-ter-ravnanje-z-odpadki\/\" \/>\n<meta property=\"og:locale\" content=\"sl_SI\" \/>\n<meta property=\"og:type\" content=\"article\" \/>\n<meta property=\"og:title\" content=\"Ozna\u010devanje in skladi\u0161\u010denje kemikalij ter ravnanje z odpadki &#8211; Chemical Safety in Science Education\" \/>\n<meta property=\"og:description\" content=\"V tem razdelku so na voljo informacije o ozna\u010devanju, shranjevanju in odstranjevanju kemikalij v \u0161olah.\" \/>\n<meta property=\"og:url\" content=\"https:\/\/chesse.org\/sl\/oznacevanje-in-skladiscenje-kemikalij-ter-ravnanje-z-odpadki\/\" \/>\n<meta property=\"og:site_name\" content=\"Chemical Safety in Science Education\" \/>\n<meta property=\"article:modified_time\" content=\"2023-04-27T06:55:43+00:00\" \/>\n<meta property=\"og:image\" content=\"https:\/\/chesse.org\/wp-content\/uploads\/2022\/06\/chesse-sharing.png\" \/>\n\t<meta property=\"og:image:width\" content=\"1200\" \/>\n\t<meta property=\"og:image:height\" content=\"630\" \/>\n\t<meta property=\"og:image:type\" content=\"image\/png\" \/>\n<meta name=\"twitter:card\" content=\"summary_large_image\" \/>\n<script type=\"application\/ld+json\" class=\"yoast-schema-graph\">{\"@context\":\"https:\\\/\\\/schema.org\",\"@graph\":[{\"@type\":\"WebPage\",\"@id\":\"https:\\\/\\\/chesse.org\\\/sl\\\/oznacevanje-in-skladiscenje-kemikalij-ter-ravnanje-z-odpadki\\\/\",\"url\":\"https:\\\/\\\/chesse.org\\\/sl\\\/oznacevanje-in-skladiscenje-kemikalij-ter-ravnanje-z-odpadki\\\/\",\"name\":\"Ozna\u010devanje in skladi\u0161\u010denje kemikalij ter ravnanje z odpadki &#8211; Chemical Safety in Science Education\",\"isPartOf\":{\"@id\":\"https:\\\/\\\/chesse.org\\\/sl\\\/#website\"},\"datePublished\":\"2023-04-19T09:44:17+00:00\",\"dateModified\":\"2023-04-27T06:55:43+00:00\",\"description\":\"V tem razdelku so na voljo informacije o ozna\u010devanju, shranjevanju in odstranjevanju kemikalij v \u0161olah.\",\"breadcrumb\":{\"@id\":\"https:\\\/\\\/chesse.org\\\/sl\\\/oznacevanje-in-skladiscenje-kemikalij-ter-ravnanje-z-odpadki\\\/#breadcrumb\"},\"inLanguage\":\"sl-SI\",\"potentialAction\":[{\"@type\":\"ReadAction\",\"target\":[\"https:\\\/\\\/chesse.org\\\/sl\\\/oznacevanje-in-skladiscenje-kemikalij-ter-ravnanje-z-odpadki\\\/\"]}]},{\"@type\":\"BreadcrumbList\",\"@id\":\"https:\\\/\\\/chesse.org\\\/sl\\\/oznacevanje-in-skladiscenje-kemikalij-ter-ravnanje-z-odpadki\\\/#breadcrumb\",\"itemListElement\":[{\"@type\":\"ListItem\",\"position\":1,\"name\":\"Domov\",\"item\":\"https:\\\/\\\/chesse.org\\\/sl\\\/\"},{\"@type\":\"ListItem\",\"position\":2,\"name\":\"Ozna\u010devanje in skladi\u0161\u010denje kemikalij ter ravnanje z odpadki\"}]},{\"@type\":\"WebSite\",\"@id\":\"https:\\\/\\\/chesse.org\\\/sl\\\/#website\",\"url\":\"https:\\\/\\\/chesse.org\\\/sl\\\/\",\"name\":\"Chemical Safety in Science Education\",\"description\":\"Condensed, up-to date information for science and chemistry teachers, head of schools and science teacher educators.\",\"publisher\":{\"@id\":\"https:\\\/\\\/chesse.org\\\/sl\\\/#organization\"},\"potentialAction\":[{\"@type\":\"SearchAction\",\"target\":{\"@type\":\"EntryPoint\",\"urlTemplate\":\"https:\\\/\\\/chesse.org\\\/sl\\\/?s={search_term_string}\"},\"query-input\":{\"@type\":\"PropertyValueSpecification\",\"valueRequired\":true,\"valueName\":\"search_term_string\"}}],\"inLanguage\":\"sl-SI\"},{\"@type\":\"Organization\",\"@id\":\"https:\\\/\\\/chesse.org\\\/sl\\\/#organization\",\"name\":\"Online resources for Chemical Safety in Science Education\",\"url\":\"https:\\\/\\\/chesse.org\\\/sl\\\/\",\"logo\":{\"@type\":\"ImageObject\",\"inLanguage\":\"sl-SI\",\"@id\":\"https:\\\/\\\/chesse.org\\\/sl\\\/#\\\/schema\\\/logo\\\/image\\\/\",\"url\":\"https:\\\/\\\/chesse.org\\\/wp-content\\\/uploads\\\/2020\\\/10\\\/CheSSE_logo-01.svg\",\"contentUrl\":\"https:\\\/\\\/chesse.org\\\/wp-content\\\/uploads\\\/2020\\\/10\\\/CheSSE_logo-01.svg\",\"width\":350,\"height\":100,\"caption\":\"Online resources for Chemical Safety in Science Education\"},\"image\":{\"@id\":\"https:\\\/\\\/chesse.org\\\/sl\\\/#\\\/schema\\\/logo\\\/image\\\/\"}}]}<\/script>\n<!-- \/ Yoast SEO plugin. -->","yoast_head_json":{"title":"Ozna\u010devanje in skladi\u0161\u010denje kemikalij ter ravnanje z odpadki &#8211; Chemical Safety in Science Education","description":"V tem razdelku so na voljo informacije o ozna\u010devanju, shranjevanju in odstranjevanju kemikalij v \u0161olah.","robots":{"index":"index","follow":"follow","max-snippet":"max-snippet:-1","max-image-preview":"max-image-preview:large","max-video-preview":"max-video-preview:-1"},"canonical":"https:\/\/chesse.org\/sl\/oznacevanje-in-skladiscenje-kemikalij-ter-ravnanje-z-odpadki\/","og_locale":"sl_SI","og_type":"article","og_title":"Ozna\u010devanje in skladi\u0161\u010denje kemikalij ter ravnanje z odpadki &#8211; Chemical Safety in Science Education","og_description":"V tem razdelku so na voljo informacije o ozna\u010devanju, shranjevanju in odstranjevanju kemikalij v \u0161olah.","og_url":"https:\/\/chesse.org\/sl\/oznacevanje-in-skladiscenje-kemikalij-ter-ravnanje-z-odpadki\/","og_site_name":"Chemical Safety in Science Education","article_modified_time":"2023-04-27T06:55:43+00:00","og_image":[{"width":1200,"height":630,"url":"https:\/\/chesse.org\/wp-content\/uploads\/2022\/06\/chesse-sharing.png","type":"image\/png"}],"twitter_card":"summary_large_image","schema":{"@context":"https:\/\/schema.org","@graph":[{"@type":"WebPage","@id":"https:\/\/chesse.org\/sl\/oznacevanje-in-skladiscenje-kemikalij-ter-ravnanje-z-odpadki\/","url":"https:\/\/chesse.org\/sl\/oznacevanje-in-skladiscenje-kemikalij-ter-ravnanje-z-odpadki\/","name":"Ozna\u010devanje in skladi\u0161\u010denje kemikalij ter ravnanje z odpadki &#8211; Chemical Safety in Science Education","isPartOf":{"@id":"https:\/\/chesse.org\/sl\/#website"},"datePublished":"2023-04-19T09:44:17+00:00","dateModified":"2023-04-27T06:55:43+00:00","description":"V tem razdelku so na voljo informacije o ozna\u010devanju, shranjevanju in odstranjevanju kemikalij v \u0161olah.","breadcrumb":{"@id":"https:\/\/chesse.org\/sl\/oznacevanje-in-skladiscenje-kemikalij-ter-ravnanje-z-odpadki\/#breadcrumb"},"inLanguage":"sl-SI","potentialAction":[{"@type":"ReadAction","target":["https:\/\/chesse.org\/sl\/oznacevanje-in-skladiscenje-kemikalij-ter-ravnanje-z-odpadki\/"]}]},{"@type":"BreadcrumbList","@id":"https:\/\/chesse.org\/sl\/oznacevanje-in-skladiscenje-kemikalij-ter-ravnanje-z-odpadki\/#breadcrumb","itemListElement":[{"@type":"ListItem","position":1,"name":"Domov","item":"https:\/\/chesse.org\/sl\/"},{"@type":"ListItem","position":2,"name":"Ozna\u010devanje in skladi\u0161\u010denje kemikalij ter ravnanje z odpadki"}]},{"@type":"WebSite","@id":"https:\/\/chesse.org\/sl\/#website","url":"https:\/\/chesse.org\/sl\/","name":"Chemical Safety in Science Education","description":"Condensed, up-to date information for science and chemistry teachers, head of schools and science teacher educators.","publisher":{"@id":"https:\/\/chesse.org\/sl\/#organization"},"potentialAction":[{"@type":"SearchAction","target":{"@type":"EntryPoint","urlTemplate":"https:\/\/chesse.org\/sl\/?s={search_term_string}"},"query-input":{"@type":"PropertyValueSpecification","valueRequired":true,"valueName":"search_term_string"}}],"inLanguage":"sl-SI"},{"@type":"Organization","@id":"https:\/\/chesse.org\/sl\/#organization","name":"Online resources for Chemical Safety in Science Education","url":"https:\/\/chesse.org\/sl\/","logo":{"@type":"ImageObject","inLanguage":"sl-SI","@id":"https:\/\/chesse.org\/sl\/#\/schema\/logo\/image\/","url":"https:\/\/chesse.org\/wp-content\/uploads\/2020\/10\/CheSSE_logo-01.svg","contentUrl":"https:\/\/chesse.org\/wp-content\/uploads\/2020\/10\/CheSSE_logo-01.svg","width":350,"height":100,"caption":"Online resources for Chemical Safety in Science Education"},"image":{"@id":"https:\/\/chesse.org\/sl\/#\/schema\/logo\/image\/"}}]}},"_links":{"self":[{"href":"https:\/\/chesse.org\/sl\/wp-json\/wp\/v2\/pages\/13806","targetHints":{"allow":["GET"]}}],"collection":[{"href":"https:\/\/chesse.org\/sl\/wp-json\/wp\/v2\/pages"}],"about":[{"href":"https:\/\/chesse.org\/sl\/wp-json\/wp\/v2\/types\/page"}],"author":[{"embeddable":true,"href":"https:\/\/chesse.org\/sl\/wp-json\/wp\/v2\/users\/43"}],"replies":[{"embeddable":true,"href":"https:\/\/chesse.org\/sl\/wp-json\/wp\/v2\/comments?post=13806"}],"version-history":[{"count":7,"href":"https:\/\/chesse.org\/sl\/wp-json\/wp\/v2\/pages\/13806\/revisions"}],"predecessor-version":[{"id":13930,"href":"https:\/\/chesse.org\/sl\/wp-json\/wp\/v2\/pages\/13806\/revisions\/13930"}],"wp:attachment":[{"href":"https:\/\/chesse.org\/sl\/wp-json\/wp\/v2\/media?parent=13806"}],"curies":[{"name":"wp","href":"https:\/\/api.w.org\/{rel}","templated":true}]}}