{"id":14049,"date":"2023-05-05T11:16:25","date_gmt":"2023-05-05T09:16:25","guid":{"rendered":"https:\/\/chesse.org\/ocena-tveganja-in-zamenjava\/premisleki-v-povezavi-z-oceno-tveganja\/"},"modified":"2023-06-05T16:29:13","modified_gmt":"2023-06-05T14:29:13","slug":"premisleki-v-povezavi-z-oceno-tveganja","status":"publish","type":"page","link":"https:\/\/chesse.org\/sl\/ocena-tveganja-in-zamenjava\/premisleki-v-povezavi-z-oceno-tveganja\/","title":{"rendered":"Premisleki v povezavi z oceno tveganja"},"content":{"rendered":"\t\t<div data-elementor-type=\"wp-page\" data-elementor-id=\"14049\" class=\"elementor elementor-14049 elementor-6917\" data-elementor-post-type=\"page\">\n\t\t\t\t\t\t<section class=\"elementor-section elementor-top-section elementor-element elementor-element-4076182 elementor-section-boxed elementor-section-height-default elementor-section-height-default\" data-id=\"4076182\" data-element_type=\"section\" data-e-type=\"section\">\n\t\t\t\t\t\t<div class=\"elementor-container elementor-column-gap-default\">\n\t\t\t\t\t<div class=\"elementor-column elementor-col-100 elementor-top-column elementor-element elementor-element-5b32aa7\" data-id=\"5b32aa7\" data-element_type=\"column\" data-e-type=\"column\">\n\t\t\t<div class=\"elementor-widget-wrap elementor-element-populated\">\n\t\t\t\t\t\t<div class=\"elementor-element elementor-element-eabf3c1 standfirst elementor-widget elementor-widget-text-editor\" data-id=\"eabf3c1\" data-element_type=\"widget\" data-e-type=\"widget\" data-widget_type=\"text-editor.default\">\n\t\t\t\t<div class=\"elementor-widget-container\">\n\t\t\t\t\t\t\t\t\t<p>Premisleki v povezavi z oceno tveganja pri \u0161olskem eksperimentalnem delu.<\/p>\n\t\t\t\t\t\t\t\t<\/div>\n\t\t\t\t<\/div>\n\t\t\t\t<div class=\"elementor-element elementor-element-07d7555 elementor-toc--content-ellipsis elementor-toc--minimized-on-none elementor-widget elementor-widget-table-of-contents\" data-id=\"07d7555\" data-element_type=\"widget\" data-e-type=\"widget\" data-settings=\"{&quot;headings_by_tags&quot;:[&quot;h2&quot;],&quot;exclude_headings_by_selector&quot;:&quot;.noTOC&quot;,&quot;marker_view&quot;:&quot;bullets&quot;,&quot;minimized_on&quot;:&quot;none&quot;,&quot;icon&quot;:{&quot;value&quot;:&quot;fas fa-circle&quot;,&quot;library&quot;:&quot;fa-solid&quot;},&quot;no_headings_message&quot;:&quot;No headings were found on this page.&quot;,&quot;minimize_box&quot;:&quot;yes&quot;,&quot;hierarchical_view&quot;:&quot;yes&quot;,&quot;min_height&quot;:{&quot;unit&quot;:&quot;px&quot;,&quot;size&quot;:&quot;&quot;,&quot;sizes&quot;:[]},&quot;min_height_tablet&quot;:{&quot;unit&quot;:&quot;px&quot;,&quot;size&quot;:&quot;&quot;,&quot;sizes&quot;:[]},&quot;min_height_mobile&quot;:{&quot;unit&quot;:&quot;px&quot;,&quot;size&quot;:&quot;&quot;,&quot;sizes&quot;:[]}}\" data-widget_type=\"table-of-contents.default\">\n\t\t\t\t<div class=\"elementor-widget-container\">\n\t\t\t\t\t\t\t\t\t<div class=\"elementor-toc__header\">\n\t\t\t\t\t\t<div class=\"elementor-toc__header-title\">\n\t\t\t\tVsebina\t\t\t<\/div>\n\t\t\t\t\t\t\t\t\t\t<div class=\"elementor-toc__toggle-button elementor-toc__toggle-button--expand\" role=\"button\" tabindex=\"0\" aria-controls=\"elementor-toc__07d7555\" aria-expanded=\"true\" aria-label=\"Open table of contents\"><i aria-hidden=\"true\" class=\"fas fa-chevron-down\"><\/i><\/div>\n\t\t\t\t<div class=\"elementor-toc__toggle-button elementor-toc__toggle-button--collapse\" role=\"button\" tabindex=\"0\" aria-controls=\"elementor-toc__07d7555\" aria-expanded=\"true\" aria-label=\"Close table of contents\"><i aria-hidden=\"true\" class=\"fas fa-chevron-up\"><\/i><\/div>\n\t\t\t\t\t<\/div>\n\t\t\t\t<div id=\"elementor-toc__07d7555\" class=\"elementor-toc__body\">\n\t\t\t<div class=\"elementor-toc__spinner-container\">\n\t\t\t\t<i class=\"elementor-toc__spinner eicon-animation-spin eicon-loading\" aria-hidden=\"true\"><\/i>\t\t\t<\/div>\n\t\t<\/div>\n\t\t\t\t\t\t<\/div>\n\t\t\t\t<\/div>\n\t\t\t\t<div class=\"elementor-element elementor-element-2ec7b00 elementor-widget elementor-widget-text-editor\" data-id=\"2ec7b00\" data-element_type=\"widget\" data-e-type=\"widget\" data-widget_type=\"text-editor.default\">\n\t\t\t\t<div class=\"elementor-widget-container\">\n\t\t\t\t\t\t\t\t\t<h2>Uvod<\/h2>\n<p>Pri pouku kemije in drugih naravoslovnih predmetov so premisleki v povezavi z oceno tveganja pri eksperimentalnem delu pomembni z vidika ugotavljanja morebitnih varnostnih tveganj in dolo\u010ditve ukrepov, ki jih je potrebno upo\u0161tevati, da bi odpravili, zmanj\u0161ali ali nadzorovali ugotovljena tveganja.<\/p>\n<p>Varnostna tveganja pri eksperimentalnem delu se lahko nana\u0161ajo na ravnanje s snovmi ali na uporabo razli\u010dne laboratorijske opreme.<\/p>\n<p>Pri premislekih o obvladovanju tveganj ne gre za ustvarjanje u\u010dnega okolja brez tveganj, temve\u010d za to, kako omogo\u010diti zadovoljiv nadzor nad njimi. To pomeni prepoznavanje nevarnosti in z njimi povezanih tveganj ter ustrezno obvladovanje tveganj pred vsakim eksperimentalnim delom. <\/p>\n<p><b>Nevarnost <\/b>predstavlja vse, kar lahko povzro\u010di \u0161kodo (npr. nevarne snovi, elektrika, visoka temperatura, neustrezna ali pomanjkljiva delovna oprema, spolzka tla).<\/p>\n<p><b>Tveganje <\/b>je verjetnost ne\u017eelenega izida (ne\u017eelenih u\u010dinkov na zdravje), \u010de smo izpostavljeni nevarnosti oz. smo v stiku z nevarno snovjo. <\/p>\n\t\t\t\t\t\t\t\t<\/div>\n\t\t\t\t<\/div>\n\t\t\t\t<div class=\"elementor-element elementor-element-406d6f4 elementor-widget elementor-widget-text-editor\" data-id=\"406d6f4\" data-element_type=\"widget\" data-e-type=\"widget\" data-widget_type=\"text-editor.default\">\n\t\t\t\t<div class=\"elementor-widget-container\">\n\t\t\t\t\t\t\t\t\t<table class=\"chesseTable\"><caption>Nevarnost, izpostavljenost in tveganje<\/caption><tbody><tr><th class=\"orange\" style=\"width: 33%; text-align: center; text-transform: none;\">NEVARNOST predstavlja vse, kar lahko povzro\u010di \u0161kodo. Je lastnost snovi, na katero ne moremo vplivati.<\/th><th class=\"orange\" style=\"width: 33%; text-align: center; text-transform: none;\">IZPOSTAVLJENOST je nujen pogoj, da nevarnost postane tveganje.<\/th><th class=\"orange\" style=\"text-align: center; text-transform: none;\">TVEGANJE je verjetnost, da bo nevarnost povzro\u010dila ne\u017eelen izid.<\/th><\/tr><tr><td class=\"orangeBorder\" style=\"text-align: center; vertical-align: top;\"><p><img fetchpriority=\"high\" decoding=\"async\" class=\"tableImg alignnone wp-image-6937 size-medium\" src=\"https:\/\/chesse.org\/wp-content\/uploads\/2022\/05\/hazard.svg\" alt=\"Izparilnica nad Bunsenovim gorilnikom.\" width=\"300\" height=\"300\" \/><\/p><p style=\"max-width: 180px; margin-left: auto; margin-right: auto; text-align: left;\">V primeru neustreznega rokovanja z vro\u010do izparilnico in Bunsenovim gorilnikom, se lahko ope\u010dete. Vro\u010da izparilnica predstavlja nevarnost.<\/p><\/td><td class=\"orangeBorder\" style=\"text-align: center; vertical-align: top;\"><p><img decoding=\"async\" class=\"tableImg alignnone wp-image-6932 size-medium\" src=\"https:\/\/chesse.org\/wp-content\/uploads\/2022\/05\/exposure.svg\" alt=\"Roka blizu izparilnice nad Bunsenovim gorilnikom.\" width=\"300\" height=\"300\" \/><\/p><p style=\"max-width: 180px; margin-left: auto; margin-right: auto; text-align: left;\">\u010ce se z golimi rokami dotaknete vro\u010de izparilnice, pove\u010date tveganje za po\u0161kodbo, opekline.<\/p><\/td><td class=\"orangeBorder\" style=\"text-align: center; vertical-align: top;\"><p><img decoding=\"async\" class=\"tableImg alignnone wp-image-6927 size-medium\" src=\"https:\/\/chesse.org\/wp-content\/uploads\/2022\/05\/risk.svg\" alt=\"Roka z rokavico in kle\u0161\u010dami umika izparilnico iznad Bunsenovega gorilnika.\" width=\"300\" height=\"300\" \/><\/p><p style=\"max-width: 190px; margin-left: auto; margin-right: auto; text-align: left;\">S pravilno uporabo kle\u0161\u010d se zmanj\u0161a tveganje za nastanek po\u0161kodb in\/ali opeklin.<\/p><\/td><\/tr><\/tbody><\/table>\t\t\t\t\t\t\t\t<\/div>\n\t\t\t\t<\/div>\n\t\t\t\t<div class=\"elementor-element elementor-element-0bcce3e elementor-widget elementor-widget-text-editor\" data-id=\"0bcce3e\" data-element_type=\"widget\" data-e-type=\"widget\" data-widget_type=\"text-editor.default\">\n\t\t\t\t<div class=\"elementor-widget-container\">\n\t\t\t\t\t\t\t\t\t<p>Pred vsakim eksperimentalnim delom je treba razmisliti o potencialnem tveganju, povezanim z izpostavljenostjo vsem vrstam nevarnosti, ne le tistih, ki se nana\u0161ajo na uporabo nevarnih kemikalij. Za zagotovitev ustreznih preventivnih ukrepov je potrebno upo\u0161tevati tudi dejavnike, kot so: prostor izvedbe eksperimentalnega dela, \u0161tevilo in starost u\u010dencev ipd.<\/p>\n\t\t\t\t\t\t\t\t<\/div>\n\t\t\t\t<\/div>\n\t\t\t\t<div class=\"elementor-element elementor-element-c949c95 elementor-widget elementor-widget-text-editor\" data-id=\"c949c95\" data-element_type=\"widget\" data-e-type=\"widget\" data-widget_type=\"text-editor.default\">\n\t\t\t\t<div class=\"elementor-widget-container\">\n\t\t\t\t\t\t\t\t\t<h2>Vrste nevarnosti<\/h2><p><span class=\"TextRun SCXW174958508 BCX0\" lang=\"SL-SI\" xml:lang=\"SL-SI\" data-contrast=\"auto\"><span class=\"NormalTextRun SCXW174958508 BCX0\">Poleg nevarnosti, ki izhajajo iz <\/span><span class=\"NormalTextRun SCXW174958508 BCX0\">nevarnih lastnosti snovi<\/span><span class=\"NormalTextRun SCXW174958508 BCX0\">, to so: nevarne fizikalne lastnosti, zdravju nevarne lastnosti in okolju nevarne lastnosti (ve\u010d si lahko preberite na strani: <\/span><\/span><a href=\"https:\/\/chesse.org\/sl\/zakonodaja\/zakonodaja-o-razvrscanju-in-oznacevanju-kemikalij\/\"><span class=\"TextRun Underlined SCXW174958508 BCX0\" lang=\"SL-SI\" xml:lang=\"SL-SI\" data-contrast=\"auto\"><span class=\"NormalTextRun SCXW174958508 BCX0\">Zakonodaja o razvr\u0161\u010danju in ozna\u010devanju kemikalij<\/span><\/span><\/a><span class=\"TextRun SCXW174958508 BCX0\" lang=\"SL-SI\" xml:lang=\"SL-SI\" data-contrast=\"auto\"><span class=\"NormalTextRun SCXW174958508 BCX0\">), <\/span><span class=\"NormalTextRun SCXW174958508 BCX0\">se lahko nevarnosti nana\u0161ajo tudi <\/span><span class=\"NormalTextRun SCXW174958508 BCX0\">na <\/span><span class=\"NormalTextRun SCXW174958508 BCX0\">varnostna tveganja v povezavi s pomanjkljivim znanjem in izku\u0161njami pri rokovanju s kemikalijam<\/span><span class=\"NormalTextRun SCXW174958508 BCX0\">i,<\/span><span class=\"NormalTextRun SCXW174958508 BCX0\"> laboratorijsko opremo<\/span><span class=\"NormalTextRun SCXW174958508 BCX0\">, vro\u010dimi<\/span><span class=\"NormalTextRun SCXW174958508 BCX0\"> predmeti, ostrimi predmeti<\/span><span class=\"NormalTextRun SCXW174958508 BCX0\">,<\/span> <span class=\"NormalTextRun SCXW174958508 BCX0\">nepravilnim delovanjem in <\/span><span class=\"NormalTextRun SCXW174958508 BCX0\">neustrezno <\/span><span class=\"NormalTextRun SCXW174958508 BCX0\">uporabo opreme,<\/span> <span class=\"NormalTextRun SCXW174958508 BCX0\">nenadzorovanimi kemijskimi reakcijami, <\/span><span class=\"NormalTextRun SCXW174958508 BCX0\">zdrsi na mokrih tleh itd.<\/span><\/span><span class=\"EOP SCXW174958508 BCX0\" data-ccp-props=\"{&quot;201341983&quot;:0,&quot;335559739&quot;:160,&quot;335559740&quot;:259}\">\u00a0<\/span><\/p><p>Primeri:<\/p><ul><li>Voda, ki se segreje na visoko temperaturo in postane para, lahko povzro\u010di opekline, medtem ko voda pri sobni temperaturi ne predstavlja tveganja za nastanek opeklin.<\/li><li>Lupina citrusov obi\u010dajno ni vir tveganja, razen \u010de je kdo v laboratoriju nanjo alergi\u010den.<\/li><\/ul>\t\t\t\t\t\t\t\t<\/div>\n\t\t\t\t<\/div>\n\t\t\t\t<div class=\"elementor-element elementor-element-627da46 elementor-widget elementor-widget-text-editor\" data-id=\"627da46\" data-element_type=\"widget\" data-e-type=\"widget\" data-widget_type=\"text-editor.default\">\n\t\t\t\t<div class=\"elementor-widget-container\">\n\t\t\t\t\t\t\t\t\t<h2>Previdnostni ukrepi<\/h2><p>Ko je tveganje glede na izpostavljenost zaznanim nevarnostim ocenjena, je treba uvesti potrebne previdnostne ukrepe, da se tveganje zmanj\u0161a na \u0161e sprejemljivo raven.<\/p><p>Popolna odprava tveganja ni vedno mogo\u010da, sprejmemo pa lahko ve\u010d ukrepov, na primer zmanj\u0161anje koli\u010din snovi in njihovih koncentracij. Uporaba osebne varovalne opreme, kot so za\u0161\u010ditna o\u010dala, rokavice, laboratorijska halja, se pri premislekih v povezavi z oceno tveganja uvr\u0161\u010da med najmanj u\u010dinkovito za\u0161\u010dito.<\/p><p>Razmisliti je potrebno, ali obstaja alternativno eksperimentalno delo ali snov, ki je manj nevarna in \u0161e vedno izpolnjuje \u017eelene rezultate oziroma naslavlja zastavljene u\u010dne cilje eksperimentalnega dela.<\/p><h3>Uporaba digestorijev<\/h3><p>Digestoriji se uporabljajo za omejitev izpostavljenosti nevarnim ali strupenim dimom, hlapom ali prahu. Pri ravnanju z mnogimi snovmi, zlasti pri uporabi majhnih koli\u010din, ni potrebno uporabljati digestorija. Pri ve\u010djih koli\u010dinah snovi ali pri veliki skupini u\u010dencev pa je priporo\u010dljivo, da se eksperimentalno delo izvede v digestoriju. <\/p><h3>Varno ravnanje s steklovino<\/h3><p>Stekleni pripomo\u010dki se pogosto uporabljajo v laboratoriju, a je potrebno z njimi pozorno rokovati, saj je steklo krhko in se lahko razbije. V tem primeru je treba razbito steklo varno odstraniti in prepre\u010diti tveganje za nastanek ureznin.<\/p><h3>Varno ravnanje z Bunsenovimi gorilniki<\/h3><p>Bunsenovi gorilniki predstavljajo potencialno tveganje po\u017eara. Da bi zmanj\u0161ali tveganja, morajo u\u010denci vedeti, kako uporabljati Bunsenov gorilnik.<\/p>\t\t\t\t\t\t\t\t<\/div>\n\t\t\t\t<\/div>\n\t\t\t\t<div class=\"elementor-element elementor-element-2e1b44e elementor-widget elementor-widget-text-editor\" data-id=\"2e1b44e\" data-element_type=\"widget\" data-e-type=\"widget\" data-widget_type=\"text-editor.default\">\n\t\t\t\t<div class=\"elementor-widget-container\">\n\t\t\t\t\t\t\t\t\t<h2>Usmeritve za premisleke povezane z oceno tveganja<\/h2><p>Pred vsakim \u0161olskim eksperimentalnim delom je z namenom zagotavljanja kemijske varnosti smiselno opraviti premisleke povezane z oceno tveganja. Ti premisleki naj se nana\u0161ajo na:<\/p><ul><li>razred in (laboratorijsko) u\u010dilnico,<\/li><li>vse identificirane nevarnosti,<\/li><li>stopnjo tveganja, povezano z identificiranimi nevarnostmi,<\/li><li>situacije, v povezavi s katerimi je treba tveganje odpraviti ali zmanj\u0161ati,<\/li><li>ukrepe, ki jih je treba sprejeti za odpravo nevarnosti ali obvladovanje tveganja,<\/li><li>opremo, ki mora biti na voljo med eksperimentalnim delom ali v pripravljenosti v primeru razlitja ali nesre\u010de,<\/li><li>nujne postopke v primeru nesre\u010de.<\/li><\/ul><ul><li class=\"word\"><a href=\"https:\/\/chesse.org\/wp-content\/uploads\/SI_Template-risk-assessment.docx\">Primer predloge za razmisleke v povezavi z oceno tveganja (Word)<\/a><\/li><\/ul>\t\t\t\t\t\t\t\t<\/div>\n\t\t\t\t<\/div>\n\t\t\t\t\t<\/div>\n\t\t<\/div>\n\t\t\t\t\t<\/div>\n\t\t<\/section>\n\t\t\t\t<\/div>\n\t\t","protected":false},"excerpt":{"rendered":"<p>Premisleki v povezavi z oceno tveganja pri \u0161olskem eksperimentalnem delu. Vsebina Uvod Pri pouku kemije in drugih naravoslovnih predmetov so premisleki v povezavi z oceno tveganja pri eksperimentalnem delu pomembni z vidika ugotavljanja morebitnih varnostnih tveganj in dolo\u010ditve ukrepov, ki jih je potrebno upo\u0161tevati, da bi odpravili, zmanj\u0161ali ali nadzorovali ugotovljena tveganja. Varnostna tveganja pri &hellip; <a href=\"https:\/\/chesse.org\/sl\/ocena-tveganja-in-zamenjava\/premisleki-v-povezavi-z-oceno-tveganja\/\" class=\"more-link\">Preberi ve\u010d <span class=\"screen-reader-text\">Premisleki v povezavi z oceno tveganja<\/span> <span class=\"meta-nav\">&rarr;<\/span><\/a><\/p>\n","protected":false},"author":54,"featured_media":0,"parent":13962,"menu_order":0,"comment_status":"closed","ping_status":"closed","template":"","meta":{"footnotes":""},"class_list":["post-14049","page","type-page","status-publish","hentry"],"yoast_head":"<!-- This site is optimized with the Yoast SEO plugin v27.3 - https:\/\/yoast.com\/product\/yoast-seo-wordpress\/ -->\n<title>Premisleki v povezavi z oceno tveganja &#8211; Chemical Safety in Science Education<\/title>\n<meta name=\"description\" content=\"Premisleki v povezavi z oceno tveganja pri \u0161olskem eksperimentalnem delu.\" \/>\n<meta name=\"robots\" content=\"index, follow, max-snippet:-1, max-image-preview:large, max-video-preview:-1\" \/>\n<link rel=\"canonical\" href=\"https:\/\/chesse.org\/sl\/ocena-tveganja-in-zamenjava\/premisleki-v-povezavi-z-oceno-tveganja\/\" \/>\n<meta property=\"og:locale\" content=\"sl_SI\" \/>\n<meta property=\"og:type\" content=\"article\" \/>\n<meta property=\"og:title\" content=\"Premisleki v povezavi z oceno tveganja &#8211; Chemical Safety in Science Education\" \/>\n<meta property=\"og:description\" content=\"Premisleki v povezavi z oceno tveganja pri \u0161olskem eksperimentalnem delu.\" \/>\n<meta property=\"og:url\" content=\"https:\/\/chesse.org\/sl\/ocena-tveganja-in-zamenjava\/premisleki-v-povezavi-z-oceno-tveganja\/\" \/>\n<meta property=\"og:site_name\" content=\"Chemical Safety in Science Education\" \/>\n<meta property=\"article:modified_time\" content=\"2023-06-05T14:29:13+00:00\" \/>\n<meta property=\"og:image\" content=\"https:\/\/chesse.org\/wp-content\/uploads\/2022\/05\/hazard.svg\" \/>\n<meta name=\"twitter:card\" content=\"summary_large_image\" \/>\n<script type=\"application\/ld+json\" class=\"yoast-schema-graph\">{\"@context\":\"https:\\\/\\\/schema.org\",\"@graph\":[{\"@type\":\"WebPage\",\"@id\":\"https:\\\/\\\/chesse.org\\\/sl\\\/ocena-tveganja-in-zamenjava\\\/premisleki-v-povezavi-z-oceno-tveganja\\\/\",\"url\":\"https:\\\/\\\/chesse.org\\\/sl\\\/ocena-tveganja-in-zamenjava\\\/premisleki-v-povezavi-z-oceno-tveganja\\\/\",\"name\":\"Premisleki v povezavi z oceno tveganja &#8211; Chemical Safety in Science Education\",\"isPartOf\":{\"@id\":\"https:\\\/\\\/chesse.org\\\/sl\\\/#website\"},\"primaryImageOfPage\":{\"@id\":\"https:\\\/\\\/chesse.org\\\/sl\\\/ocena-tveganja-in-zamenjava\\\/premisleki-v-povezavi-z-oceno-tveganja\\\/#primaryimage\"},\"image\":{\"@id\":\"https:\\\/\\\/chesse.org\\\/sl\\\/ocena-tveganja-in-zamenjava\\\/premisleki-v-povezavi-z-oceno-tveganja\\\/#primaryimage\"},\"thumbnailUrl\":\"https:\\\/\\\/chesse.org\\\/wp-content\\\/uploads\\\/2022\\\/05\\\/hazard.svg\",\"datePublished\":\"2023-05-05T09:16:25+00:00\",\"dateModified\":\"2023-06-05T14:29:13+00:00\",\"description\":\"Premisleki v povezavi z oceno tveganja pri \u0161olskem eksperimentalnem delu.\",\"breadcrumb\":{\"@id\":\"https:\\\/\\\/chesse.org\\\/sl\\\/ocena-tveganja-in-zamenjava\\\/premisleki-v-povezavi-z-oceno-tveganja\\\/#breadcrumb\"},\"inLanguage\":\"sl-SI\",\"potentialAction\":[{\"@type\":\"ReadAction\",\"target\":[\"https:\\\/\\\/chesse.org\\\/sl\\\/ocena-tveganja-in-zamenjava\\\/premisleki-v-povezavi-z-oceno-tveganja\\\/\"]}]},{\"@type\":\"ImageObject\",\"inLanguage\":\"sl-SI\",\"@id\":\"https:\\\/\\\/chesse.org\\\/sl\\\/ocena-tveganja-in-zamenjava\\\/premisleki-v-povezavi-z-oceno-tveganja\\\/#primaryimage\",\"url\":\"https:\\\/\\\/chesse.org\\\/wp-content\\\/uploads\\\/2022\\\/05\\\/hazard.svg\",\"contentUrl\":\"https:\\\/\\\/chesse.org\\\/wp-content\\\/uploads\\\/2022\\\/05\\\/hazard.svg\"},{\"@type\":\"BreadcrumbList\",\"@id\":\"https:\\\/\\\/chesse.org\\\/sl\\\/ocena-tveganja-in-zamenjava\\\/premisleki-v-povezavi-z-oceno-tveganja\\\/#breadcrumb\",\"itemListElement\":[{\"@type\":\"ListItem\",\"position\":1,\"name\":\"Domov\",\"item\":\"https:\\\/\\\/chesse.org\\\/sl\\\/\"},{\"@type\":\"ListItem\",\"position\":2,\"name\":\"Kemijska varnost pri eksperimentalnem delu\",\"item\":\"https:\\\/\\\/chesse.org\\\/sl\\\/ocena-tveganja-in-zamenjava\\\/\"},{\"@type\":\"ListItem\",\"position\":3,\"name\":\"Premisleki v povezavi z oceno tveganja\"}]},{\"@type\":\"WebSite\",\"@id\":\"https:\\\/\\\/chesse.org\\\/sl\\\/#website\",\"url\":\"https:\\\/\\\/chesse.org\\\/sl\\\/\",\"name\":\"Chemical Safety in Science Education\",\"description\":\"Condensed, up-to date information for science and chemistry teachers, head of schools and science teacher educators.\",\"publisher\":{\"@id\":\"https:\\\/\\\/chesse.org\\\/sl\\\/#organization\"},\"potentialAction\":[{\"@type\":\"SearchAction\",\"target\":{\"@type\":\"EntryPoint\",\"urlTemplate\":\"https:\\\/\\\/chesse.org\\\/sl\\\/?s={search_term_string}\"},\"query-input\":{\"@type\":\"PropertyValueSpecification\",\"valueRequired\":true,\"valueName\":\"search_term_string\"}}],\"inLanguage\":\"sl-SI\"},{\"@type\":\"Organization\",\"@id\":\"https:\\\/\\\/chesse.org\\\/sl\\\/#organization\",\"name\":\"Online resources for Chemical Safety in Science Education\",\"url\":\"https:\\\/\\\/chesse.org\\\/sl\\\/\",\"logo\":{\"@type\":\"ImageObject\",\"inLanguage\":\"sl-SI\",\"@id\":\"https:\\\/\\\/chesse.org\\\/sl\\\/#\\\/schema\\\/logo\\\/image\\\/\",\"url\":\"https:\\\/\\\/chesse.org\\\/wp-content\\\/uploads\\\/2020\\\/10\\\/CheSSE_logo-01.svg\",\"contentUrl\":\"https:\\\/\\\/chesse.org\\\/wp-content\\\/uploads\\\/2020\\\/10\\\/CheSSE_logo-01.svg\",\"width\":350,\"height\":100,\"caption\":\"Online resources for Chemical Safety in Science Education\"},\"image\":{\"@id\":\"https:\\\/\\\/chesse.org\\\/sl\\\/#\\\/schema\\\/logo\\\/image\\\/\"}}]}<\/script>\n<!-- \/ Yoast SEO plugin. -->","yoast_head_json":{"title":"Premisleki v povezavi z oceno tveganja &#8211; Chemical Safety in Science Education","description":"Premisleki v povezavi z oceno tveganja pri \u0161olskem eksperimentalnem delu.","robots":{"index":"index","follow":"follow","max-snippet":"max-snippet:-1","max-image-preview":"max-image-preview:large","max-video-preview":"max-video-preview:-1"},"canonical":"https:\/\/chesse.org\/sl\/ocena-tveganja-in-zamenjava\/premisleki-v-povezavi-z-oceno-tveganja\/","og_locale":"sl_SI","og_type":"article","og_title":"Premisleki v povezavi z oceno tveganja &#8211; Chemical Safety in Science Education","og_description":"Premisleki v povezavi z oceno tveganja pri \u0161olskem eksperimentalnem delu.","og_url":"https:\/\/chesse.org\/sl\/ocena-tveganja-in-zamenjava\/premisleki-v-povezavi-z-oceno-tveganja\/","og_site_name":"Chemical Safety in Science Education","article_modified_time":"2023-06-05T14:29:13+00:00","og_image":[{"url":"https:\/\/chesse.org\/wp-content\/uploads\/2022\/05\/hazard.svg","type":"","width":"","height":""}],"twitter_card":"summary_large_image","schema":{"@context":"https:\/\/schema.org","@graph":[{"@type":"WebPage","@id":"https:\/\/chesse.org\/sl\/ocena-tveganja-in-zamenjava\/premisleki-v-povezavi-z-oceno-tveganja\/","url":"https:\/\/chesse.org\/sl\/ocena-tveganja-in-zamenjava\/premisleki-v-povezavi-z-oceno-tveganja\/","name":"Premisleki v povezavi z oceno tveganja &#8211; Chemical Safety in Science Education","isPartOf":{"@id":"https:\/\/chesse.org\/sl\/#website"},"primaryImageOfPage":{"@id":"https:\/\/chesse.org\/sl\/ocena-tveganja-in-zamenjava\/premisleki-v-povezavi-z-oceno-tveganja\/#primaryimage"},"image":{"@id":"https:\/\/chesse.org\/sl\/ocena-tveganja-in-zamenjava\/premisleki-v-povezavi-z-oceno-tveganja\/#primaryimage"},"thumbnailUrl":"https:\/\/chesse.org\/wp-content\/uploads\/2022\/05\/hazard.svg","datePublished":"2023-05-05T09:16:25+00:00","dateModified":"2023-06-05T14:29:13+00:00","description":"Premisleki v povezavi z oceno tveganja pri \u0161olskem eksperimentalnem delu.","breadcrumb":{"@id":"https:\/\/chesse.org\/sl\/ocena-tveganja-in-zamenjava\/premisleki-v-povezavi-z-oceno-tveganja\/#breadcrumb"},"inLanguage":"sl-SI","potentialAction":[{"@type":"ReadAction","target":["https:\/\/chesse.org\/sl\/ocena-tveganja-in-zamenjava\/premisleki-v-povezavi-z-oceno-tveganja\/"]}]},{"@type":"ImageObject","inLanguage":"sl-SI","@id":"https:\/\/chesse.org\/sl\/ocena-tveganja-in-zamenjava\/premisleki-v-povezavi-z-oceno-tveganja\/#primaryimage","url":"https:\/\/chesse.org\/wp-content\/uploads\/2022\/05\/hazard.svg","contentUrl":"https:\/\/chesse.org\/wp-content\/uploads\/2022\/05\/hazard.svg"},{"@type":"BreadcrumbList","@id":"https:\/\/chesse.org\/sl\/ocena-tveganja-in-zamenjava\/premisleki-v-povezavi-z-oceno-tveganja\/#breadcrumb","itemListElement":[{"@type":"ListItem","position":1,"name":"Domov","item":"https:\/\/chesse.org\/sl\/"},{"@type":"ListItem","position":2,"name":"Kemijska varnost pri eksperimentalnem delu","item":"https:\/\/chesse.org\/sl\/ocena-tveganja-in-zamenjava\/"},{"@type":"ListItem","position":3,"name":"Premisleki v povezavi z oceno tveganja"}]},{"@type":"WebSite","@id":"https:\/\/chesse.org\/sl\/#website","url":"https:\/\/chesse.org\/sl\/","name":"Chemical Safety in Science Education","description":"Condensed, up-to date information for science and chemistry teachers, head of schools and science teacher educators.","publisher":{"@id":"https:\/\/chesse.org\/sl\/#organization"},"potentialAction":[{"@type":"SearchAction","target":{"@type":"EntryPoint","urlTemplate":"https:\/\/chesse.org\/sl\/?s={search_term_string}"},"query-input":{"@type":"PropertyValueSpecification","valueRequired":true,"valueName":"search_term_string"}}],"inLanguage":"sl-SI"},{"@type":"Organization","@id":"https:\/\/chesse.org\/sl\/#organization","name":"Online resources for Chemical Safety in Science Education","url":"https:\/\/chesse.org\/sl\/","logo":{"@type":"ImageObject","inLanguage":"sl-SI","@id":"https:\/\/chesse.org\/sl\/#\/schema\/logo\/image\/","url":"https:\/\/chesse.org\/wp-content\/uploads\/2020\/10\/CheSSE_logo-01.svg","contentUrl":"https:\/\/chesse.org\/wp-content\/uploads\/2020\/10\/CheSSE_logo-01.svg","width":350,"height":100,"caption":"Online resources for Chemical Safety in Science Education"},"image":{"@id":"https:\/\/chesse.org\/sl\/#\/schema\/logo\/image\/"}}]}},"_links":{"self":[{"href":"https:\/\/chesse.org\/sl\/wp-json\/wp\/v2\/pages\/14049","targetHints":{"allow":["GET"]}}],"collection":[{"href":"https:\/\/chesse.org\/sl\/wp-json\/wp\/v2\/pages"}],"about":[{"href":"https:\/\/chesse.org\/sl\/wp-json\/wp\/v2\/types\/page"}],"author":[{"embeddable":true,"href":"https:\/\/chesse.org\/sl\/wp-json\/wp\/v2\/users\/54"}],"replies":[{"embeddable":true,"href":"https:\/\/chesse.org\/sl\/wp-json\/wp\/v2\/comments?post=14049"}],"version-history":[{"count":15,"href":"https:\/\/chesse.org\/sl\/wp-json\/wp\/v2\/pages\/14049\/revisions"}],"predecessor-version":[{"id":14383,"href":"https:\/\/chesse.org\/sl\/wp-json\/wp\/v2\/pages\/14049\/revisions\/14383"}],"up":[{"embeddable":true,"href":"https:\/\/chesse.org\/sl\/wp-json\/wp\/v2\/pages\/13962"}],"wp:attachment":[{"href":"https:\/\/chesse.org\/sl\/wp-json\/wp\/v2\/media?parent=14049"}],"curies":[{"name":"wp","href":"https:\/\/api.w.org\/{rel}","templated":true}]}}