{"id":14123,"date":"2023-05-18T14:36:27","date_gmt":"2023-05-18T12:36:27","guid":{"rendered":"https:\/\/chesse.org\/optimizacija-eksperimentalnega-dela-s-premisleki-zelene-kemije\/"},"modified":"2023-06-01T22:46:30","modified_gmt":"2023-06-01T20:46:30","slug":"optimizacija-eksperimentalnega-dela-s-premisleki-zelene-kemije","status":"publish","type":"page","link":"https:\/\/chesse.org\/sl\/zelena-kemija\/optimizacija-eksperimentalnega-dela-s-premisleki-zelene-kemije\/","title":{"rendered":"Optimizacija eksperimentalnega dela s premisleki zelene kemije"},"content":{"rendered":"\t\t<div data-elementor-type=\"wp-page\" data-elementor-id=\"14123\" class=\"elementor elementor-14123 elementor-9194\" data-elementor-post-type=\"page\">\n\t\t\t\t\t\t<section class=\"elementor-section elementor-top-section elementor-element elementor-element-7b95254 elementor-section-boxed elementor-section-height-default elementor-section-height-default\" data-id=\"7b95254\" data-element_type=\"section\" data-e-type=\"section\">\n\t\t\t\t\t\t<div class=\"elementor-container elementor-column-gap-default\">\n\t\t\t\t\t<div class=\"elementor-column elementor-col-100 elementor-top-column elementor-element elementor-element-b9056ac\" data-id=\"b9056ac\" data-element_type=\"column\" data-e-type=\"column\">\n\t\t\t<div class=\"elementor-widget-wrap elementor-element-populated\">\n\t\t\t\t\t\t<div class=\"elementor-element elementor-element-2e04d0f elementor-widget elementor-widget-text-editor\" data-id=\"2e04d0f\" data-element_type=\"widget\" data-e-type=\"widget\" data-widget_type=\"text-editor.default\">\n\t\t\t\t<div class=\"elementor-widget-container\">\n\t\t\t\t\t\t\t\t\t<h2>Uvod<\/h2><p>Vklju\u010devanje zelene kemije v naravoslovno izobra\u017eevanje predstavlja veliko prilo\u017enosti zlasti v okviru eksperimentalnega dela, ki ima pomembno vlogo pri u\u010denju naravoslovja na vseh ravneh izobra\u017eevanja.<\/p><p>Z vklju\u010devanjem premislekov zelene kemije v eksperimentalno delo lahko izbolj\u0161amo kemijsko varnost in tako z manj\u0161o izpostavljenostjo nevarnim kemikalijam in zmanj\u0161anjem odpadkov, zagotovimo varnej\u0161e u\u010dno okolje.<\/p><p>Pri optimizaciji ali vrednotenju eksperimentalnega dela z vidika principov zelene kemije, ne gre za &#8221;<em>vse ali ni\u010d<\/em>&#8221;, temve\u010d za strmenje k &#8221;<em>\u010dim ve\u010d, tem bolje<\/em>&#8221;. Da bi u\u010dence spodbudili k razmislekom o upo\u0161tevanju principov zelene kemije pri eksperimentalnem delu, jim lahko zastavimo vpra\u0161anja kot sta npr.: &#8221;<em>Kaj je bilo pri eksperimentalnem delu z vidika kemijske varnosti\/zmanj\u0161anja izpostavljenosti nevarnim kemikalijam\/zmanj\u0161anja odpadkov upo\u0161tevano?<\/em>, &#8221;<em>Kaj bi pri eksperimentalnem delu z vidika kemijske varnosti\/zmanj\u0161anja izpostavljenosti nevarnim kemikalijam\/zmanj\u0161anja odpadkov lahko \u0161e izbolj\u0161ali?<\/em>&#8221; Pri vklju\u010devanju zelene kemije v eksperimentalno delo lahko z dodatnimi aktivnostmi hkrati spodbujamo tudi razvoj sistemskega mi\u0161ljenja in razmislek o \u017eivljenjskem ciklu izdelka.<\/p>\t\t\t\t\t\t\t\t<\/div>\n\t\t\t\t<\/div>\n\t\t\t\t<div class=\"elementor-element elementor-element-d9828cd elementor-widget elementor-widget-global elementor-global-7432 elementor-widget-html\" data-id=\"d9828cd\" data-element_type=\"widget\" data-e-type=\"widget\" data-widget_type=\"html.default\">\n\t\t\t\t<div class=\"elementor-widget-container\">\n\t\t\t\t\t<script>\njQuery(document).ready(function($) {\nvar delay = 300; setTimeout(function() {\n$('.elementor-tab-title').removeClass('elementor-active');\n $('.elementor-tab-content').css('display', 'none'); }, delay);\n});\n<\/script>\t\t\t\t<\/div>\n\t\t\t\t<\/div>\n\t\t\t\t<div class=\"elementor-element elementor-element-4ebb525 elementor-widget elementor-widget-html\" data-id=\"4ebb525\" data-element_type=\"widget\" data-e-type=\"widget\" data-widget_type=\"html.default\">\n\t\t\t\t<div class=\"elementor-widget-container\">\n\t\t\t\t\t<script>jQuery(document).ready(function () {\n    \/\/sort alphabetically\n    var jQuerytoggles = jQuery(\".elementor-accordion-item\");\n    var alphabeticallyOrderedToggles = jQuerytoggles.sort(function(a,b){\n        return jQuery(a).find(\".elementor-accordion-title\").text() > jQuery(b).find(\".elementor-accordion-title\").text();\n        \n    });\n    jQuery(\".elementor-accordion\").html(alphabeticallyOrderedToggles);\n});\n<\/script>\t\t\t\t<\/div>\n\t\t\t\t<\/div>\n\t\t\t\t<div class=\"elementor-element elementor-element-a9fe777 elementor-widget elementor-widget-heading\" data-id=\"a9fe777\" data-element_type=\"widget\" data-e-type=\"widget\" data-widget_type=\"heading.default\">\n\t\t\t\t<div class=\"elementor-widget-container\">\n\t\t\t\t\t<h2 class=\"elementor-heading-title elementor-size-default\">Primeri<\/h2>\t\t\t\t<\/div>\n\t\t\t\t<\/div>\n\t\t\t\t<div class=\"elementor-element elementor-element-92eb0a0 elementor-widget elementor-widget-accordion\" data-id=\"92eb0a0\" data-element_type=\"widget\" data-e-type=\"widget\" data-widget_type=\"accordion.default\">\n\t\t\t\t<div class=\"elementor-widget-container\">\n\t\t\t\t\t\t\t<div class=\"elementor-accordion\">\n\t\t\t\t\t\t\t<div class=\"elementor-accordion-item\">\n\t\t\t\t\t<div id=\"elementor-tab-title-1541\" class=\"elementor-tab-title\" data-tab=\"1\" role=\"button\" aria-controls=\"elementor-tab-content-1541\" aria-expanded=\"false\">\n\t\t\t\t\t\t\t\t\t\t\t\t\t<span class=\"elementor-accordion-icon elementor-accordion-icon-left\" aria-hidden=\"true\">\n\t\t\t\t\t\t\t\t\t\t\t\t\t\t\t<span class=\"elementor-accordion-icon-closed\"><i class=\"fas fa-plus\"><\/i><\/span>\n\t\t\t\t\t\t\t\t<span class=\"elementor-accordion-icon-opened\"><i class=\"fas fa-minus\"><\/i><\/span>\n\t\t\t\t\t\t\t\t\t\t\t\t\t\t<\/span>\n\t\t\t\t\t\t\t\t\t\t\t\t<a class=\"elementor-accordion-title\" tabindex=\"0\">Dolo\u010danje pH vrednosti snovi iz vsakdanjega \u017eivljenja<\/a>\n\t\t\t\t\t<\/div>\n\t\t\t\t\t<div id=\"elementor-tab-content-1541\" class=\"elementor-tab-content elementor-clearfix\" data-tab=\"1\" role=\"region\" aria-labelledby=\"elementor-tab-title-1541\"><p>Ta u\u010dna enota je na voljo v dveh razli\u010dicah, in sicer kot eksperimentalno delo po korakih in kot vodeno eksperimentalno-raziskovalno delo. U\u010denci bodo preko eksperimentalnega dela spoznali razli\u010dne metode za dolo\u010danje pH vrednosti snovi iz vsakdanjega \u017eivljenja. Z uporabo zelene metrike (zelene zvezde) in analizo \u017eivljenjskega cikla bodo ovrednotili eksperimentalno delo z vidika premislekov zelene kemije in njegovega vpliva na zdravje ljudi in okolje.   <\/p>\n<p>Klju\u010dne besede: kisline, baze, indikatorji, nevtralizacija, pH, soli<\/p>\n<p>Starostna skupina: 14\u201315 let<\/p>\n<p>Eksperimentalno delo po korakih:<\/p>\n<ul>\n<li class=\"word\"><a href=\"https:\/\/chesse.org\/wp-content\/uploads\/SI_Getting-to-know-the-chemical-nature-of-everyday-substances-STUDENT-step-by-step.docx\">Delovni list za u\u010dence: Dolo\u010danje pH vrednosti snovi iz vsakdanjega \u017eivljenja (Word)<\/a><\/li>\n<li class=\"word\"><a href=\"https:\/\/chesse.org\/wp-content\/uploads\/SI_Getting-to-know-the-chemical-nature-of-everyday-substances-TEACHER-step-by-step-version.docx\">Usmeritve za u\u010ditelje: Dolo\u010danje pH vrednosti snovi iz vsakdanjega \u017eivljenja (Word) <\/a><\/li>\n<\/ul>\n<p>Vodeno eksperimentalno-raziskovalno delo:<\/p>\n<ul>\n<li class=\"word\"><a href=\"https:\/\/chesse.org\/wp-content\/uploads\/SI_Getting-to-know-the-chemical-nature-of-everyday-substances-STUDENT-inquiry-version.docx\">Delovni list za u\u010dence: Dolo\u010danje pH vrednosti snovi iz vsakdanjega \u017eivljenja (Word)<\/a><\/li>\n<li class=\"word\"><a href=\"https:\/\/chesse.org\/wp-content\/uploads\/SI_Getting-to-know-the-chemical-nature-of-everyday-substances-TEACHER-inquiry-version.docx\">Usmeritve za u\u010ditelje: Dolo\u010danje pH vrednosti snovi iz vsakdanjega \u017eivljenja (Word) <\/a><\/li>\n<\/ul>\n<p>Prilogi za oba pristopa:<\/p>\n<ul>\n<li class=\"excel\"><a href=\"https:\/\/chesse.org\/wp-content\/uploads\/SI_Appendix-1-Construction-of-Green-Star.xlsx\">Priloga 1: Izdelava zelene zvezde (Excel)<\/a><\/li>\n<li class=\"word\"><a href=\"https:\/\/chesse.org\/wp-content\/uploads\/SI_Appendix-2\u20134.docx\">Priloge 2\u20134 (Word)<\/a><\/li>\n<\/ul>\n<\/div>\n\t\t\t\t<\/div>\n\t\t\t\t\t\t\t<div class=\"elementor-accordion-item\">\n\t\t\t\t\t<div id=\"elementor-tab-title-1542\" class=\"elementor-tab-title\" data-tab=\"2\" role=\"button\" aria-controls=\"elementor-tab-content-1542\" aria-expanded=\"false\">\n\t\t\t\t\t\t\t\t\t\t\t\t\t<span class=\"elementor-accordion-icon elementor-accordion-icon-left\" aria-hidden=\"true\">\n\t\t\t\t\t\t\t\t\t\t\t\t\t\t\t<span class=\"elementor-accordion-icon-closed\"><i class=\"fas fa-plus\"><\/i><\/span>\n\t\t\t\t\t\t\t\t<span class=\"elementor-accordion-icon-opened\"><i class=\"fas fa-minus\"><\/i><\/span>\n\t\t\t\t\t\t\t\t\t\t\t\t\t\t<\/span>\n\t\t\t\t\t\t\t\t\t\t\t\t<a class=\"elementor-accordion-title\" tabindex=\"0\">Sinteza biodizla iz rastlinskega olja <\/a>\n\t\t\t\t\t<\/div>\n\t\t\t\t\t<div id=\"elementor-tab-content-1542\" class=\"elementor-tab-content elementor-clearfix\" data-tab=\"2\" role=\"region\" aria-labelledby=\"elementor-tab-title-1542\"><p>Ta u\u010dna enota je na voljo v dveh razli\u010dicah, in sicer kot eksperimentalno delo po korakih in kot vodeno eksperimentalno-raziskovalno delo. U\u010denci bodo preko eksperimentalnega dela spoznali sintezo biodizla iz rastlinskih olj. Z uporabo zelene metrike (zelene zvezde) in analizo \u017eivljenjskega cikla bodo ovrednotili eksperimentalno delo z vidika premislekov zelene kemije in njegovega vpliva na zdravje ljudi in okolje.    Eksperiment bodo ovrednotili z uporabo zelene metrike (zelene zvezde).<\/p>\n<p>Klju\u010dne besede: alkoholi, estri, kisikova dru\u017eina organskih spojin, ogljikovodiki<\/p>\n<p>Starostna skupina: 14\u201315 let<\/p>\n<p>Eksperimentalno delo po korakih:<\/p>\n<ul>\n<li class=\"word\"><a href=\"https:\/\/chesse.org\/wp-content\/uploads\/SI_Synthesis-of-biodiesel-from-vegetable-oil-STUDENT-step-by-step-version.docx\">Delovni list za u\u010dence: Sinteza biodizla iz rastlinskega olja (Word)<\/a><\/li>\n<li class=\"word\"><a href=\"https:\/\/chesse.org\/wp-content\/uploads\/SI_Synthesis-of-biodiesel-from-vegetable-oil-TEACHER-step-by-step-version.docx\">Usmeritve za u\u010ditelje: Sinteza biodizla iz rastlinskega olja (Word) <\/a><\/li>\n<\/ul>\n<p>Vodeno eksperimentalno-raziskovalno delo:<\/p>\n<ul>\n<li class=\"word\"><a href=\"https:\/\/chesse.org\/wp-content\/uploads\/SI_Synthesis-of-biodiesel-from-vegetable-oil-STUDENT-inquiry-version.docx\">Delovni list za u\u010dence: Sinteza biodizla iz rastlinskega olja (Word)<\/a><\/li>\n<li class=\"word\"><a href=\"https:\/\/chesse.org\/wp-content\/uploads\/SI_Synthesis-of-biodiesel-from-vegetable-oil-TEACHER-inquiry-version.docx\">Usmeritve za u\u010ditelje: Sinteza biodizla iz rastlinskega olja (Word) <\/a><\/li>\n<\/ul>\n<p>Prilogi za oba pristopa:<\/p>\n<ul>\n<li class=\"excel\"><a href=\"https:\/\/chesse.org\/wp-content\/uploads\/SI_Appendix-1-Construction-of-Green-Star.xlsx\">Priloga 1: Izdelava zelene zvezde (Excel)<\/a><\/li>\n<li class=\"word\"><a href=\"https:\/\/chesse.org\/wp-content\/uploads\/SI_Appendix-2\u20134.docx\">Priloge 2\u20134 (Word)<\/a><\/li>\n<\/ul>\n<\/div>\n\t\t\t\t<\/div>\n\t\t\t\t\t\t\t<div class=\"elementor-accordion-item\">\n\t\t\t\t\t<div id=\"elementor-tab-title-1543\" class=\"elementor-tab-title\" data-tab=\"3\" role=\"button\" aria-controls=\"elementor-tab-content-1543\" aria-expanded=\"false\">\n\t\t\t\t\t\t\t\t\t\t\t\t\t<span class=\"elementor-accordion-icon elementor-accordion-icon-left\" aria-hidden=\"true\">\n\t\t\t\t\t\t\t\t\t\t\t\t\t\t\t<span class=\"elementor-accordion-icon-closed\"><i class=\"fas fa-plus\"><\/i><\/span>\n\t\t\t\t\t\t\t\t<span class=\"elementor-accordion-icon-opened\"><i class=\"fas fa-minus\"><\/i><\/span>\n\t\t\t\t\t\t\t\t\t\t\t\t\t\t<\/span>\n\t\t\t\t\t\t\t\t\t\t\t\t<a class=\"elementor-accordion-title\" tabindex=\"0\">Sinteza bioplastike iz bananinih olupkov<\/a>\n\t\t\t\t\t<\/div>\n\t\t\t\t\t<div id=\"elementor-tab-content-1543\" class=\"elementor-tab-content elementor-clearfix\" data-tab=\"3\" role=\"region\" aria-labelledby=\"elementor-tab-title-1543\"><p>Ta u\u010dna enota je na voljo v dveh razli\u010dicah, in sicer kot eksperimentalno delo po korakih in kot vodeno eksperimentalno-raziskovalno delo. U\u010denci bodo preko eksperimentalnega dela spoznali sintezo bioplastike iz bananinih olupkov. Z uporabo zelene metrike (zelene zvezde) in analizo \u017eivljenjskega cikla bodo ovrednotili eksperimentalno delo z vidika premislekov zelene kemije in njegovega vpliva na zdravje ljudi in okolje.   <\/p>\n<p>Klju\u010dne besede: bioplastika, kisikova dru\u017eina organskih spojin<\/p>\n<p>Starostna skupina: 14\u201315 let<\/p>\n<p>Eksperimentalno delo po korakih:<\/p>\n<ul>\n<li class=\"word\"><a href=\"https:\/\/chesse.org\/wp-content\/uploads\/SI_Synthesis-of-bioplastic-from-banana-peel-STUDENT-step-by-step-version.docx\">Delovni list za u\u010dence: Sinteza bioplastike iz bananinih olupkov (Word)<\/a><\/li>\n<li class=\"word\"><a href=\"https:\/\/chesse.org\/wp-content\/uploads\/SI_Synthesis-of-bioplastic-from-banana-peel-TEACHER-step-by-step-version.docx\">Usmeritve za u\u010ditelje: Sinteza bioplastike iz bananinih olupkov (Word) <\/a><\/li>\n<\/ul>\n<p>Vodeno eksperimentalno-raziskovalno delo:<\/p>\n<ul>\n<li class=\"word\"><a href=\"https:\/\/chesse.org\/wp-content\/uploads\/SI_Synthesis-of-bioplastic-from-banana-peel-STUDENT-inquiry-version.docx\">Delovni list za u\u010dence: Sinteza bioplastike iz bananinih olupkov (Word)<\/a><\/li>\n<li class=\"word\"><a href=\"https:\/\/chesse.org\/wp-content\/uploads\/SI_Synthesis-of-bioplastic-from-banana-peel-TEACHER-inquiry-version.docx\">Usmeritve za u\u010ditelje: Sinteza bioplastike iz bananinih olupkov (Word) <\/a><\/li>\n<\/ul>\n<p>Prilogi za oba pristopa:<\/p>\n<ul>\n<li class=\"excel\"><a href=\"https:\/\/chesse.org\/wp-content\/uploads\/SI_Appendix-1-Construction-of-Green-Star.xlsx\">Priloga 1: Izdelava zelene zvezde (Excel)<\/a><\/li>\n<li class=\"word\"><a href=\"https:\/\/chesse.org\/wp-content\/uploads\/SI_Appendix-2\u20134.docx\">Priloge 2\u20134 (Word)<\/a><\/li>\n<\/ul>\n<\/div>\n\t\t\t\t<\/div>\n\t\t\t\t\t\t\t\t<\/div>\n\t\t\t\t\t\t<\/div>\n\t\t\t\t<\/div>\n\t\t\t\t\t<\/div>\n\t\t<\/div>\n\t\t\t\t\t<\/div>\n\t\t<\/section>\n\t\t\t\t<\/div>\n\t\t","protected":false},"excerpt":{"rendered":"<p>Uvod Vklju\u010devanje zelene kemije v naravoslovno izobra\u017eevanje predstavlja veliko prilo\u017enosti zlasti v okviru eksperimentalnega dela, ki ima pomembno vlogo pri u\u010denju naravoslovja na vseh ravneh izobra\u017eevanja. Z vklju\u010devanjem premislekov zelene kemije v eksperimentalno delo lahko izbolj\u0161amo kemijsko varnost in tako z manj\u0161o izpostavljenostjo nevarnim kemikalijam in zmanj\u0161anjem odpadkov, zagotovimo varnej\u0161e u\u010dno okolje. Pri optimizaciji ali &hellip; <a href=\"https:\/\/chesse.org\/sl\/zelena-kemija\/optimizacija-eksperimentalnega-dela-s-premisleki-zelene-kemije\/\" class=\"more-link\">Preberi ve\u010d <span class=\"screen-reader-text\">Optimizacija eksperimentalnega dela s premisleki zelene kemije<\/span> <span class=\"meta-nav\">&rarr;<\/span><\/a><\/p>\n","protected":false},"author":54,"featured_media":0,"parent":14162,"menu_order":2,"comment_status":"closed","ping_status":"closed","template":"","meta":{"footnotes":""},"class_list":["post-14123","page","type-page","status-publish","hentry"],"yoast_head":"<!-- This site is optimized with the Yoast SEO plugin v27.3 - https:\/\/yoast.com\/product\/yoast-seo-wordpress\/ -->\n<title>Optimizacija eksperimentalnega dela s premisleki zelene kemije &#8211; Chemical Safety in Science Education<\/title>\n<meta name=\"description\" content=\"Izbri\u0161i\" \/>\n<meta name=\"robots\" content=\"index, follow, max-snippet:-1, max-image-preview:large, max-video-preview:-1\" \/>\n<link rel=\"canonical\" href=\"https:\/\/chesse.org\/sl\/zelena-kemija\/optimizacija-eksperimentalnega-dela-s-premisleki-zelene-kemije\/\" \/>\n<meta property=\"og:locale\" content=\"sl_SI\" \/>\n<meta property=\"og:type\" content=\"article\" \/>\n<meta property=\"og:title\" content=\"Optimizacija eksperimentalnega dela s premisleki zelene kemije &#8211; Chemical Safety in Science Education\" \/>\n<meta property=\"og:description\" content=\"Izbri\u0161i\" \/>\n<meta property=\"og:url\" content=\"https:\/\/chesse.org\/sl\/zelena-kemija\/optimizacija-eksperimentalnega-dela-s-premisleki-zelene-kemije\/\" \/>\n<meta property=\"og:site_name\" content=\"Chemical Safety in Science Education\" \/>\n<meta property=\"article:modified_time\" content=\"2023-06-01T20:46:30+00:00\" \/>\n<meta property=\"og:image\" content=\"https:\/\/chesse.org\/wp-content\/uploads\/2022\/06\/chesse-sharing.png\" \/>\n\t<meta property=\"og:image:width\" content=\"1200\" \/>\n\t<meta property=\"og:image:height\" content=\"630\" \/>\n\t<meta property=\"og:image:type\" content=\"image\/png\" \/>\n<meta name=\"twitter:card\" content=\"summary_large_image\" \/>\n<script type=\"application\/ld+json\" class=\"yoast-schema-graph\">{\"@context\":\"https:\\\/\\\/schema.org\",\"@graph\":[{\"@type\":\"WebPage\",\"@id\":\"https:\\\/\\\/chesse.org\\\/sl\\\/zelena-kemija\\\/optimizacija-eksperimentalnega-dela-s-premisleki-zelene-kemije\\\/\",\"url\":\"https:\\\/\\\/chesse.org\\\/sl\\\/zelena-kemija\\\/optimizacija-eksperimentalnega-dela-s-premisleki-zelene-kemije\\\/\",\"name\":\"Optimizacija eksperimentalnega dela s premisleki zelene kemije &#8211; Chemical Safety in Science Education\",\"isPartOf\":{\"@id\":\"https:\\\/\\\/chesse.org\\\/sl\\\/#website\"},\"datePublished\":\"2023-05-18T12:36:27+00:00\",\"dateModified\":\"2023-06-01T20:46:30+00:00\",\"description\":\"Izbri\u0161i\",\"breadcrumb\":{\"@id\":\"https:\\\/\\\/chesse.org\\\/sl\\\/zelena-kemija\\\/optimizacija-eksperimentalnega-dela-s-premisleki-zelene-kemije\\\/#breadcrumb\"},\"inLanguage\":\"sl-SI\",\"potentialAction\":[{\"@type\":\"ReadAction\",\"target\":[\"https:\\\/\\\/chesse.org\\\/sl\\\/zelena-kemija\\\/optimizacija-eksperimentalnega-dela-s-premisleki-zelene-kemije\\\/\"]}]},{\"@type\":\"BreadcrumbList\",\"@id\":\"https:\\\/\\\/chesse.org\\\/sl\\\/zelena-kemija\\\/optimizacija-eksperimentalnega-dela-s-premisleki-zelene-kemije\\\/#breadcrumb\",\"itemListElement\":[{\"@type\":\"ListItem\",\"position\":1,\"name\":\"Domov\",\"item\":\"https:\\\/\\\/chesse.org\\\/sl\\\/\"},{\"@type\":\"ListItem\",\"position\":2,\"name\":\"Zelena kemija\",\"item\":\"https:\\\/\\\/chesse.org\\\/sl\\\/zelena-kemija\\\/\"},{\"@type\":\"ListItem\",\"position\":3,\"name\":\"Optimizacija eksperimentalnega dela s premisleki zelene kemije\"}]},{\"@type\":\"WebSite\",\"@id\":\"https:\\\/\\\/chesse.org\\\/sl\\\/#website\",\"url\":\"https:\\\/\\\/chesse.org\\\/sl\\\/\",\"name\":\"Chemical Safety in Science Education\",\"description\":\"Condensed, up-to date information for science and chemistry teachers, head of schools and science teacher educators.\",\"publisher\":{\"@id\":\"https:\\\/\\\/chesse.org\\\/sl\\\/#organization\"},\"potentialAction\":[{\"@type\":\"SearchAction\",\"target\":{\"@type\":\"EntryPoint\",\"urlTemplate\":\"https:\\\/\\\/chesse.org\\\/sl\\\/?s={search_term_string}\"},\"query-input\":{\"@type\":\"PropertyValueSpecification\",\"valueRequired\":true,\"valueName\":\"search_term_string\"}}],\"inLanguage\":\"sl-SI\"},{\"@type\":\"Organization\",\"@id\":\"https:\\\/\\\/chesse.org\\\/sl\\\/#organization\",\"name\":\"Online resources for Chemical Safety in Science Education\",\"url\":\"https:\\\/\\\/chesse.org\\\/sl\\\/\",\"logo\":{\"@type\":\"ImageObject\",\"inLanguage\":\"sl-SI\",\"@id\":\"https:\\\/\\\/chesse.org\\\/sl\\\/#\\\/schema\\\/logo\\\/image\\\/\",\"url\":\"https:\\\/\\\/chesse.org\\\/wp-content\\\/uploads\\\/2020\\\/10\\\/CheSSE_logo-01.svg\",\"contentUrl\":\"https:\\\/\\\/chesse.org\\\/wp-content\\\/uploads\\\/2020\\\/10\\\/CheSSE_logo-01.svg\",\"width\":350,\"height\":100,\"caption\":\"Online resources for Chemical Safety in Science Education\"},\"image\":{\"@id\":\"https:\\\/\\\/chesse.org\\\/sl\\\/#\\\/schema\\\/logo\\\/image\\\/\"}}]}<\/script>\n<!-- \/ Yoast SEO plugin. -->","yoast_head_json":{"title":"Optimizacija eksperimentalnega dela s premisleki zelene kemije &#8211; Chemical Safety in Science Education","description":"Izbri\u0161i","robots":{"index":"index","follow":"follow","max-snippet":"max-snippet:-1","max-image-preview":"max-image-preview:large","max-video-preview":"max-video-preview:-1"},"canonical":"https:\/\/chesse.org\/sl\/zelena-kemija\/optimizacija-eksperimentalnega-dela-s-premisleki-zelene-kemije\/","og_locale":"sl_SI","og_type":"article","og_title":"Optimizacija eksperimentalnega dela s premisleki zelene kemije &#8211; Chemical Safety in Science Education","og_description":"Izbri\u0161i","og_url":"https:\/\/chesse.org\/sl\/zelena-kemija\/optimizacija-eksperimentalnega-dela-s-premisleki-zelene-kemije\/","og_site_name":"Chemical Safety in Science Education","article_modified_time":"2023-06-01T20:46:30+00:00","og_image":[{"width":1200,"height":630,"url":"https:\/\/chesse.org\/wp-content\/uploads\/2022\/06\/chesse-sharing.png","type":"image\/png"}],"twitter_card":"summary_large_image","schema":{"@context":"https:\/\/schema.org","@graph":[{"@type":"WebPage","@id":"https:\/\/chesse.org\/sl\/zelena-kemija\/optimizacija-eksperimentalnega-dela-s-premisleki-zelene-kemije\/","url":"https:\/\/chesse.org\/sl\/zelena-kemija\/optimizacija-eksperimentalnega-dela-s-premisleki-zelene-kemije\/","name":"Optimizacija eksperimentalnega dela s premisleki zelene kemije &#8211; Chemical Safety in Science Education","isPartOf":{"@id":"https:\/\/chesse.org\/sl\/#website"},"datePublished":"2023-05-18T12:36:27+00:00","dateModified":"2023-06-01T20:46:30+00:00","description":"Izbri\u0161i","breadcrumb":{"@id":"https:\/\/chesse.org\/sl\/zelena-kemija\/optimizacija-eksperimentalnega-dela-s-premisleki-zelene-kemije\/#breadcrumb"},"inLanguage":"sl-SI","potentialAction":[{"@type":"ReadAction","target":["https:\/\/chesse.org\/sl\/zelena-kemija\/optimizacija-eksperimentalnega-dela-s-premisleki-zelene-kemije\/"]}]},{"@type":"BreadcrumbList","@id":"https:\/\/chesse.org\/sl\/zelena-kemija\/optimizacija-eksperimentalnega-dela-s-premisleki-zelene-kemije\/#breadcrumb","itemListElement":[{"@type":"ListItem","position":1,"name":"Domov","item":"https:\/\/chesse.org\/sl\/"},{"@type":"ListItem","position":2,"name":"Zelena kemija","item":"https:\/\/chesse.org\/sl\/zelena-kemija\/"},{"@type":"ListItem","position":3,"name":"Optimizacija eksperimentalnega dela s premisleki zelene kemije"}]},{"@type":"WebSite","@id":"https:\/\/chesse.org\/sl\/#website","url":"https:\/\/chesse.org\/sl\/","name":"Chemical Safety in Science Education","description":"Condensed, up-to date information for science and chemistry teachers, head of schools and science teacher educators.","publisher":{"@id":"https:\/\/chesse.org\/sl\/#organization"},"potentialAction":[{"@type":"SearchAction","target":{"@type":"EntryPoint","urlTemplate":"https:\/\/chesse.org\/sl\/?s={search_term_string}"},"query-input":{"@type":"PropertyValueSpecification","valueRequired":true,"valueName":"search_term_string"}}],"inLanguage":"sl-SI"},{"@type":"Organization","@id":"https:\/\/chesse.org\/sl\/#organization","name":"Online resources for Chemical Safety in Science Education","url":"https:\/\/chesse.org\/sl\/","logo":{"@type":"ImageObject","inLanguage":"sl-SI","@id":"https:\/\/chesse.org\/sl\/#\/schema\/logo\/image\/","url":"https:\/\/chesse.org\/wp-content\/uploads\/2020\/10\/CheSSE_logo-01.svg","contentUrl":"https:\/\/chesse.org\/wp-content\/uploads\/2020\/10\/CheSSE_logo-01.svg","width":350,"height":100,"caption":"Online resources for Chemical Safety in Science Education"},"image":{"@id":"https:\/\/chesse.org\/sl\/#\/schema\/logo\/image\/"}}]}},"_links":{"self":[{"href":"https:\/\/chesse.org\/sl\/wp-json\/wp\/v2\/pages\/14123","targetHints":{"allow":["GET"]}}],"collection":[{"href":"https:\/\/chesse.org\/sl\/wp-json\/wp\/v2\/pages"}],"about":[{"href":"https:\/\/chesse.org\/sl\/wp-json\/wp\/v2\/types\/page"}],"author":[{"embeddable":true,"href":"https:\/\/chesse.org\/sl\/wp-json\/wp\/v2\/users\/54"}],"replies":[{"embeddable":true,"href":"https:\/\/chesse.org\/sl\/wp-json\/wp\/v2\/comments?post=14123"}],"version-history":[{"count":15,"href":"https:\/\/chesse.org\/sl\/wp-json\/wp\/v2\/pages\/14123\/revisions"}],"predecessor-version":[{"id":14354,"href":"https:\/\/chesse.org\/sl\/wp-json\/wp\/v2\/pages\/14123\/revisions\/14354"}],"up":[{"embeddable":true,"href":"https:\/\/chesse.org\/sl\/wp-json\/wp\/v2\/pages\/14162"}],"wp:attachment":[{"href":"https:\/\/chesse.org\/sl\/wp-json\/wp\/v2\/media?parent=14123"}],"curies":[{"name":"wp","href":"https:\/\/api.w.org\/{rel}","templated":true}]}}