{"id":14341,"date":"2023-06-01T22:29:24","date_gmt":"2023-06-01T20:29:24","guid":{"rendered":"https:\/\/chesse.org\/uvod-v-kemijsko-varnost-usmeritve-in-usposabljanje\/"},"modified":"2023-06-05T19:19:40","modified_gmt":"2023-06-05T17:19:40","slug":"uvod-v-kemijsko-varnost-usmeritve-in-usposabljanje","status":"publish","type":"page","link":"https:\/\/chesse.org\/sl\/uvod-v-kemijsko-varnost-usmeritve-in-usposabljanje\/","title":{"rendered":"Uvod v kemijsko varnost, usmeritve in usposabljanje"},"content":{"rendered":"\t\t<div data-elementor-type=\"wp-page\" data-elementor-id=\"14341\" class=\"elementor elementor-14341 elementor-64\" data-elementor-post-type=\"page\">\n\t\t\t\t\t\t<div class=\"elementor-section elementor-top-section elementor-element elementor-element-6cf9ce6 elementor-section-boxed elementor-section-height-default elementor-section-height-default\" data-id=\"6cf9ce6\" data-element_type=\"section\" data-e-type=\"section\">\n\t\t\t\t\t\t<div class=\"elementor-container elementor-column-gap-default\">\n\t\t\t\t\t<div class=\"elementor-column elementor-col-100 elementor-top-column elementor-element elementor-element-ef91ab9\" data-id=\"ef91ab9\" data-element_type=\"column\" data-e-type=\"column\">\n\t\t\t<div class=\"elementor-widget-wrap elementor-element-populated\">\n\t\t\t\t\t\t<div class=\"elementor-element elementor-element-02472b4 standfirst elementor-widget elementor-widget-text-editor\" data-id=\"02472b4\" data-element_type=\"widget\" data-e-type=\"widget\" data-widget_type=\"text-editor.default\">\n\t\t\t\t<div class=\"elementor-widget-container\">\n\t\t\t\t\t\t\t\t\t<p>Za zagotavljanje kemijske varnosti v \u0161olah so odgovorni razli\u010dni dele\u017eniki, ki morajo biti za to tudi ustrezno usposobljeni oziroma seznanjeni s potencialnimi nevarnostmi pri delu s kemikalijami. Ta razdelek predstavlja uvod v kemijsko varnost, usmeritve povezane z zagotavljanjem kemijske varnosti v \u0161olah in mo\u017enosti za nadaljnje usposabljanje u\u010diteljev oziroma drugih dele\u017enikov. <\/p>\n\t\t\t\t\t\t\t\t<\/div>\n\t\t\t\t<\/div>\n\t\t\t\t\t<\/div>\n\t\t<\/div>\n\t\t\t\t\t<\/div>\n\t\t<\/div>\n\t\t\t\t<div class=\"elementor-section elementor-top-section elementor-element elementor-element-8bc41fd subsectionpage taking-charge-section elementor-section-boxed elementor-section-height-default elementor-section-height-default\" data-id=\"8bc41fd\" data-element_type=\"section\" data-e-type=\"section\">\n\t\t\t\t\t\t<div class=\"elementor-container elementor-column-gap-no\">\n\t\t\t\t\t<div class=\"elementor-column elementor-col-100 elementor-top-column elementor-element elementor-element-bd8bd53\" data-id=\"bd8bd53\" data-element_type=\"column\" data-e-type=\"column\">\n\t\t\t<div class=\"elementor-widget-wrap elementor-element-populated\">\n\t\t\t\t\t\t<section class=\"elementor-section elementor-inner-section elementor-element elementor-element-8cd765a elementor-section-boxed elementor-section-height-default elementor-section-height-default\" data-id=\"8cd765a\" data-element_type=\"section\" data-e-type=\"section\">\n\t\t\t\t\t\t<div class=\"elementor-container elementor-column-gap-default\">\n\t\t\t\t\t<div class=\"elementor-column elementor-col-33 elementor-inner-column elementor-element elementor-element-d1fa6b7\" data-id=\"d1fa6b7\" data-element_type=\"column\" data-e-type=\"column\">\n\t\t\t<div class=\"elementor-widget-wrap elementor-element-populated\">\n\t\t\t\t\t\t<div class=\"elementor-element elementor-element-d45cc31 elementor-widget elementor-widget-button\" data-id=\"d45cc31\" data-element_type=\"widget\" data-e-type=\"widget\" data-widget_type=\"button.default\">\n\t\t\t\t<div class=\"elementor-widget-container\">\n\t\t\t\t\t\t\t\t\t<div class=\"elementor-button-wrapper\">\n\t\t\t\t\t<a class=\"elementor-button elementor-button-link elementor-size-lg\" href=\"https:\/\/chesse.org\/sl\/uvod-v-kemijsko-varnost-usmeritve-in-usposabljanje\/uvod-v-kemijsko-varnost\/\">\n\t\t\t\t\t\t<span class=\"elementor-button-content-wrapper\">\n\t\t\t\t\t\t\t\t\t<span class=\"elementor-button-text\">Uvod v kemijsko varnost<\/span>\n\t\t\t\t\t<\/span>\n\t\t\t\t\t<\/a>\n\t\t\t\t<\/div>\n\t\t\t\t\t\t\t\t<\/div>\n\t\t\t\t<\/div>\n\t\t\t\t\t<\/div>\n\t\t<\/div>\n\t\t\t\t<div class=\"elementor-column elementor-col-33 elementor-inner-column elementor-element elementor-element-8393984\" data-id=\"8393984\" data-element_type=\"column\" data-e-type=\"column\">\n\t\t\t<div class=\"elementor-widget-wrap elementor-element-populated\">\n\t\t\t\t\t\t<div class=\"elementor-element elementor-element-f55ec9e elementor-widget elementor-widget-button\" data-id=\"f55ec9e\" data-element_type=\"widget\" data-e-type=\"widget\" data-widget_type=\"button.default\">\n\t\t\t\t<div class=\"elementor-widget-container\">\n\t\t\t\t\t\t\t\t\t<div class=\"elementor-button-wrapper\">\n\t\t\t\t\t<a class=\"elementor-button elementor-button-link elementor-size-lg\" href=\"https:\/\/chesse.org\/sl\/uvod-v-kemijsko-varnost-usmeritve-in-usposabljanje\/usmeritve-s-primeri-dobre-prakse\/\">\n\t\t\t\t\t\t<span class=\"elementor-button-content-wrapper\">\n\t\t\t\t\t\t\t\t\t<span class=\"elementor-button-text\">Usmeritve s primeri dobre prakse<\/span>\n\t\t\t\t\t<\/span>\n\t\t\t\t\t<\/a>\n\t\t\t\t<\/div>\n\t\t\t\t\t\t\t\t<\/div>\n\t\t\t\t<\/div>\n\t\t\t\t\t<\/div>\n\t\t<\/div>\n\t\t\t\t<div class=\"elementor-column elementor-col-33 elementor-inner-column elementor-element elementor-element-96ce761\" data-id=\"96ce761\" data-element_type=\"column\" data-e-type=\"column\">\n\t\t\t<div class=\"elementor-widget-wrap elementor-element-populated\">\n\t\t\t\t\t\t<div class=\"elementor-element elementor-element-9b23dce elementor-widget elementor-widget-button\" data-id=\"9b23dce\" data-element_type=\"widget\" data-e-type=\"widget\" data-widget_type=\"button.default\">\n\t\t\t\t<div class=\"elementor-widget-container\">\n\t\t\t\t\t\t\t\t\t<div class=\"elementor-button-wrapper\">\n\t\t\t\t\t<a class=\"elementor-button elementor-button-link elementor-size-lg\" href=\"https:\/\/chesse.org\/sl\/uvod-v-kemijsko-varnost-usmeritve-in-usposabljanje\/moznosti-za-nadaljnje-usposabljanje-s-podrocja-kemijske-varnosti\/\">\n\t\t\t\t\t\t<span class=\"elementor-button-content-wrapper\">\n\t\t\t\t\t\t\t\t\t<span class=\"elementor-button-text\">Mo\u017enosti za nadaljnje usposabljanje s podro\u010dja kemijske varnosti<\/span>\n\t\t\t\t\t<\/span>\n\t\t\t\t\t<\/a>\n\t\t\t\t<\/div>\n\t\t\t\t\t\t\t\t<\/div>\n\t\t\t\t<\/div>\n\t\t\t\t\t<\/div>\n\t\t<\/div>\n\t\t\t\t\t<\/div>\n\t\t<\/section>\n\t\t\t\t\t<\/div>\n\t\t<\/div>\n\t\t\t\t\t<\/div>\n\t\t<\/div>\n\t\t\t\t<\/div>\n\t\t","protected":false},"excerpt":{"rendered":"<p>Za zagotavljanje kemijske varnosti v \u0161olah so odgovorni razli\u010dni dele\u017eniki, ki morajo biti za to tudi ustrezno usposobljeni oziroma seznanjeni s potencialnimi nevarnostmi pri delu s kemikalijami. Ta razdelek predstavlja uvod v kemijsko varnost, usmeritve povezane z zagotavljanjem kemijske varnosti v \u0161olah in mo\u017enosti za nadaljnje usposabljanje u\u010diteljev oziroma drugih dele\u017enikov. Uvod v kemijsko varnost &hellip; <a href=\"https:\/\/chesse.org\/sl\/uvod-v-kemijsko-varnost-usmeritve-in-usposabljanje\/\" class=\"more-link\">Preberi ve\u010d <span class=\"screen-reader-text\">Uvod v kemijsko varnost, usmeritve in usposabljanje<\/span> <span class=\"meta-nav\">&rarr;<\/span><\/a><\/p>\n","protected":false},"author":43,"featured_media":0,"parent":0,"menu_order":0,"comment_status":"closed","ping_status":"closed","template":"","meta":{"footnotes":""},"class_list":["post-14341","page","type-page","status-publish","hentry"],"yoast_head":"<!-- This site is optimized with the Yoast SEO plugin v27.5 - https:\/\/yoast.com\/product\/yoast-seo-wordpress\/ -->\n<title>Uvod v kemijsko varnost, usmeritve in usposabljanje &#8211; Chemical Safety in Science Education<\/title>\n<meta name=\"description\" content=\"Za zagotavljanje kemijske varnosti v \u0161olah so odgovorni razli\u010dni dele\u017eniki, ki morajo biti za to tudi ustrezno usposobljeni oziroma seznanjeni s potencialnimi nevarnostmi pri delu s kemikalijami. Ta razdelek predstavlja uvod v kemijsko varnost, usmeritve povezane z zagotavljanjem kemijske varnosti v \u0161olah in mo\u017enosti za nadaljnje usposabljanje u\u010diteljev oziroma drugih dele\u017enikov.\" \/>\n<meta name=\"robots\" content=\"index, follow, max-snippet:-1, max-image-preview:large, max-video-preview:-1\" \/>\n<link rel=\"canonical\" href=\"https:\/\/chesse.org\/sl\/uvod-v-kemijsko-varnost-usmeritve-in-usposabljanje\/\" \/>\n<meta property=\"og:locale\" content=\"sl_SI\" \/>\n<meta property=\"og:type\" content=\"article\" \/>\n<meta property=\"og:title\" content=\"Uvod v kemijsko varnost, usmeritve in usposabljanje &#8211; Chemical Safety in Science Education\" \/>\n<meta property=\"og:description\" content=\"Za zagotavljanje kemijske varnosti v \u0161olah so odgovorni razli\u010dni dele\u017eniki, ki morajo biti za to tudi ustrezno usposobljeni oziroma seznanjeni s potencialnimi nevarnostmi pri delu s kemikalijami. Ta razdelek predstavlja uvod v kemijsko varnost, usmeritve povezane z zagotavljanjem kemijske varnosti v \u0161olah in mo\u017enosti za nadaljnje usposabljanje u\u010diteljev oziroma drugih dele\u017enikov.\" \/>\n<meta property=\"og:url\" content=\"https:\/\/chesse.org\/sl\/uvod-v-kemijsko-varnost-usmeritve-in-usposabljanje\/\" \/>\n<meta property=\"og:site_name\" content=\"Chemical Safety in Science Education\" \/>\n<meta property=\"article:modified_time\" content=\"2023-06-05T17:19:40+00:00\" \/>\n<meta property=\"og:image\" content=\"https:\/\/chesse.org\/wp-content\/uploads\/2022\/06\/chesse-sharing.png\" \/>\n\t<meta property=\"og:image:width\" content=\"1200\" \/>\n\t<meta property=\"og:image:height\" content=\"630\" \/>\n\t<meta property=\"og:image:type\" content=\"image\/png\" \/>\n<meta name=\"twitter:card\" content=\"summary_large_image\" \/>\n<script type=\"application\/ld+json\" class=\"yoast-schema-graph\">{\"@context\":\"https:\\\/\\\/schema.org\",\"@graph\":[{\"@type\":\"WebPage\",\"@id\":\"https:\\\/\\\/chesse.org\\\/sl\\\/uvod-v-kemijsko-varnost-usmeritve-in-usposabljanje\\\/\",\"url\":\"https:\\\/\\\/chesse.org\\\/sl\\\/uvod-v-kemijsko-varnost-usmeritve-in-usposabljanje\\\/\",\"name\":\"Uvod v kemijsko varnost, usmeritve in usposabljanje &#8211; Chemical Safety in Science Education\",\"isPartOf\":{\"@id\":\"https:\\\/\\\/chesse.org\\\/sl\\\/#website\"},\"datePublished\":\"2023-06-01T20:29:24+00:00\",\"dateModified\":\"2023-06-05T17:19:40+00:00\",\"description\":\"Za zagotavljanje kemijske varnosti v \u0161olah so odgovorni razli\u010dni dele\u017eniki, ki morajo biti za to tudi ustrezno usposobljeni oziroma seznanjeni s potencialnimi nevarnostmi pri delu s kemikalijami. Ta razdelek predstavlja uvod v kemijsko varnost, usmeritve povezane z zagotavljanjem kemijske varnosti v \u0161olah in mo\u017enosti za nadaljnje usposabljanje u\u010diteljev oziroma drugih dele\u017enikov.\",\"breadcrumb\":{\"@id\":\"https:\\\/\\\/chesse.org\\\/sl\\\/uvod-v-kemijsko-varnost-usmeritve-in-usposabljanje\\\/#breadcrumb\"},\"inLanguage\":\"sl-SI\",\"potentialAction\":[{\"@type\":\"ReadAction\",\"target\":[\"https:\\\/\\\/chesse.org\\\/sl\\\/uvod-v-kemijsko-varnost-usmeritve-in-usposabljanje\\\/\"]}]},{\"@type\":\"BreadcrumbList\",\"@id\":\"https:\\\/\\\/chesse.org\\\/sl\\\/uvod-v-kemijsko-varnost-usmeritve-in-usposabljanje\\\/#breadcrumb\",\"itemListElement\":[{\"@type\":\"ListItem\",\"position\":1,\"name\":\"Domov\",\"item\":\"https:\\\/\\\/chesse.org\\\/sl\\\/\"},{\"@type\":\"ListItem\",\"position\":2,\"name\":\"Uvod v kemijsko varnost, usmeritve in usposabljanje\"}]},{\"@type\":\"WebSite\",\"@id\":\"https:\\\/\\\/chesse.org\\\/sl\\\/#website\",\"url\":\"https:\\\/\\\/chesse.org\\\/sl\\\/\",\"name\":\"Chemical Safety in Science Education\",\"description\":\"Condensed, up-to date information for science and chemistry teachers, head of schools and science teacher educators.\",\"publisher\":{\"@id\":\"https:\\\/\\\/chesse.org\\\/sl\\\/#organization\"},\"potentialAction\":[{\"@type\":\"SearchAction\",\"target\":{\"@type\":\"EntryPoint\",\"urlTemplate\":\"https:\\\/\\\/chesse.org\\\/sl\\\/?s={search_term_string}\"},\"query-input\":{\"@type\":\"PropertyValueSpecification\",\"valueRequired\":true,\"valueName\":\"search_term_string\"}}],\"inLanguage\":\"sl-SI\"},{\"@type\":\"Organization\",\"@id\":\"https:\\\/\\\/chesse.org\\\/sl\\\/#organization\",\"name\":\"Online resources for Chemical Safety in Science Education\",\"url\":\"https:\\\/\\\/chesse.org\\\/sl\\\/\",\"logo\":{\"@type\":\"ImageObject\",\"inLanguage\":\"sl-SI\",\"@id\":\"https:\\\/\\\/chesse.org\\\/sl\\\/#\\\/schema\\\/logo\\\/image\\\/\",\"url\":\"https:\\\/\\\/chesse.org\\\/wp-content\\\/uploads\\\/2020\\\/10\\\/CheSSE_logo-01.svg\",\"contentUrl\":\"https:\\\/\\\/chesse.org\\\/wp-content\\\/uploads\\\/2020\\\/10\\\/CheSSE_logo-01.svg\",\"width\":350,\"height\":100,\"caption\":\"Online resources for Chemical Safety in Science Education\"},\"image\":{\"@id\":\"https:\\\/\\\/chesse.org\\\/sl\\\/#\\\/schema\\\/logo\\\/image\\\/\"}}]}<\/script>\n<!-- \/ Yoast SEO plugin. -->","yoast_head_json":{"title":"Uvod v kemijsko varnost, usmeritve in usposabljanje &#8211; Chemical Safety in Science Education","description":"Za zagotavljanje kemijske varnosti v \u0161olah so odgovorni razli\u010dni dele\u017eniki, ki morajo biti za to tudi ustrezno usposobljeni oziroma seznanjeni s potencialnimi nevarnostmi pri delu s kemikalijami. Ta razdelek predstavlja uvod v kemijsko varnost, usmeritve povezane z zagotavljanjem kemijske varnosti v \u0161olah in mo\u017enosti za nadaljnje usposabljanje u\u010diteljev oziroma drugih dele\u017enikov.","robots":{"index":"index","follow":"follow","max-snippet":"max-snippet:-1","max-image-preview":"max-image-preview:large","max-video-preview":"max-video-preview:-1"},"canonical":"https:\/\/chesse.org\/sl\/uvod-v-kemijsko-varnost-usmeritve-in-usposabljanje\/","og_locale":"sl_SI","og_type":"article","og_title":"Uvod v kemijsko varnost, usmeritve in usposabljanje &#8211; Chemical Safety in Science Education","og_description":"Za zagotavljanje kemijske varnosti v \u0161olah so odgovorni razli\u010dni dele\u017eniki, ki morajo biti za to tudi ustrezno usposobljeni oziroma seznanjeni s potencialnimi nevarnostmi pri delu s kemikalijami. Ta razdelek predstavlja uvod v kemijsko varnost, usmeritve povezane z zagotavljanjem kemijske varnosti v \u0161olah in mo\u017enosti za nadaljnje usposabljanje u\u010diteljev oziroma drugih dele\u017enikov.","og_url":"https:\/\/chesse.org\/sl\/uvod-v-kemijsko-varnost-usmeritve-in-usposabljanje\/","og_site_name":"Chemical Safety in Science Education","article_modified_time":"2023-06-05T17:19:40+00:00","og_image":[{"width":1200,"height":630,"url":"https:\/\/chesse.org\/wp-content\/uploads\/2022\/06\/chesse-sharing.png","type":"image\/png"}],"twitter_card":"summary_large_image","schema":{"@context":"https:\/\/schema.org","@graph":[{"@type":"WebPage","@id":"https:\/\/chesse.org\/sl\/uvod-v-kemijsko-varnost-usmeritve-in-usposabljanje\/","url":"https:\/\/chesse.org\/sl\/uvod-v-kemijsko-varnost-usmeritve-in-usposabljanje\/","name":"Uvod v kemijsko varnost, usmeritve in usposabljanje &#8211; Chemical Safety in Science Education","isPartOf":{"@id":"https:\/\/chesse.org\/sl\/#website"},"datePublished":"2023-06-01T20:29:24+00:00","dateModified":"2023-06-05T17:19:40+00:00","description":"Za zagotavljanje kemijske varnosti v \u0161olah so odgovorni razli\u010dni dele\u017eniki, ki morajo biti za to tudi ustrezno usposobljeni oziroma seznanjeni s potencialnimi nevarnostmi pri delu s kemikalijami. Ta razdelek predstavlja uvod v kemijsko varnost, usmeritve povezane z zagotavljanjem kemijske varnosti v \u0161olah in mo\u017enosti za nadaljnje usposabljanje u\u010diteljev oziroma drugih dele\u017enikov.","breadcrumb":{"@id":"https:\/\/chesse.org\/sl\/uvod-v-kemijsko-varnost-usmeritve-in-usposabljanje\/#breadcrumb"},"inLanguage":"sl-SI","potentialAction":[{"@type":"ReadAction","target":["https:\/\/chesse.org\/sl\/uvod-v-kemijsko-varnost-usmeritve-in-usposabljanje\/"]}]},{"@type":"BreadcrumbList","@id":"https:\/\/chesse.org\/sl\/uvod-v-kemijsko-varnost-usmeritve-in-usposabljanje\/#breadcrumb","itemListElement":[{"@type":"ListItem","position":1,"name":"Domov","item":"https:\/\/chesse.org\/sl\/"},{"@type":"ListItem","position":2,"name":"Uvod v kemijsko varnost, usmeritve in usposabljanje"}]},{"@type":"WebSite","@id":"https:\/\/chesse.org\/sl\/#website","url":"https:\/\/chesse.org\/sl\/","name":"Chemical Safety in Science Education","description":"Condensed, up-to date information for science and chemistry teachers, head of schools and science teacher educators.","publisher":{"@id":"https:\/\/chesse.org\/sl\/#organization"},"potentialAction":[{"@type":"SearchAction","target":{"@type":"EntryPoint","urlTemplate":"https:\/\/chesse.org\/sl\/?s={search_term_string}"},"query-input":{"@type":"PropertyValueSpecification","valueRequired":true,"valueName":"search_term_string"}}],"inLanguage":"sl-SI"},{"@type":"Organization","@id":"https:\/\/chesse.org\/sl\/#organization","name":"Online resources for Chemical Safety in Science Education","url":"https:\/\/chesse.org\/sl\/","logo":{"@type":"ImageObject","inLanguage":"sl-SI","@id":"https:\/\/chesse.org\/sl\/#\/schema\/logo\/image\/","url":"https:\/\/chesse.org\/wp-content\/uploads\/2020\/10\/CheSSE_logo-01.svg","contentUrl":"https:\/\/chesse.org\/wp-content\/uploads\/2020\/10\/CheSSE_logo-01.svg","width":350,"height":100,"caption":"Online resources for Chemical Safety in Science Education"},"image":{"@id":"https:\/\/chesse.org\/sl\/#\/schema\/logo\/image\/"}}]}},"_links":{"self":[{"href":"https:\/\/chesse.org\/sl\/wp-json\/wp\/v2\/pages\/14341","targetHints":{"allow":["GET"]}}],"collection":[{"href":"https:\/\/chesse.org\/sl\/wp-json\/wp\/v2\/pages"}],"about":[{"href":"https:\/\/chesse.org\/sl\/wp-json\/wp\/v2\/types\/page"}],"author":[{"embeddable":true,"href":"https:\/\/chesse.org\/sl\/wp-json\/wp\/v2\/users\/43"}],"replies":[{"embeddable":true,"href":"https:\/\/chesse.org\/sl\/wp-json\/wp\/v2\/comments?post=14341"}],"version-history":[{"count":10,"href":"https:\/\/chesse.org\/sl\/wp-json\/wp\/v2\/pages\/14341\/revisions"}],"predecessor-version":[{"id":14389,"href":"https:\/\/chesse.org\/sl\/wp-json\/wp\/v2\/pages\/14341\/revisions\/14389"}],"wp:attachment":[{"href":"https:\/\/chesse.org\/sl\/wp-json\/wp\/v2\/media?parent=14341"}],"curies":[{"name":"wp","href":"https:\/\/api.w.org\/{rel}","templated":true}]}}