{"id":14350,"date":"2023-06-05T23:30:31","date_gmt":"2023-06-05T21:30:31","guid":{"rendered":"https:\/\/chesse.org\/uvod-v-kemijsko-varnost-usmeritve-in-usposabljanje\/moznosti-za-nadaljnje-usposabljanje-s-podrocja-kemijske-varnosti\/"},"modified":"2023-06-05T23:33:41","modified_gmt":"2023-06-05T21:33:41","slug":"moznosti-za-nadaljnje-usposabljanje-s-podrocja-kemijske-varnosti","status":"publish","type":"page","link":"https:\/\/chesse.org\/sl\/uvod-v-kemijsko-varnost-usmeritve-in-usposabljanje\/moznosti-za-nadaljnje-usposabljanje-s-podrocja-kemijske-varnosti\/","title":{"rendered":"Mo\u017enosti za nadaljnje usposabljanje s podro\u010dja kemijske varnosti"},"content":{"rendered":"\t\t<div data-elementor-type=\"wp-page\" data-elementor-id=\"14350\" class=\"elementor elementor-14350 elementor-457\" data-elementor-post-type=\"page\">\n\t\t\t\t\t\t<section class=\"elementor-section elementor-top-section elementor-element elementor-element-0c971fc elementor-section-boxed elementor-section-height-default elementor-section-height-default\" data-id=\"0c971fc\" data-element_type=\"section\" data-e-type=\"section\">\n\t\t\t\t\t\t<div class=\"elementor-container elementor-column-gap-default\">\n\t\t\t\t\t<div class=\"elementor-column elementor-col-100 elementor-top-column elementor-element elementor-element-a620df9\" data-id=\"a620df9\" data-element_type=\"column\" data-e-type=\"column\">\n\t\t\t<div class=\"elementor-widget-wrap elementor-element-populated\">\n\t\t\t\t\t\t<div class=\"elementor-element elementor-element-776151b standfirst elementor-widget elementor-widget-text-editor\" data-id=\"776151b\" data-element_type=\"widget\" data-e-type=\"widget\" data-widget_type=\"text-editor.default\">\n\t\t\t\t<div class=\"elementor-widget-container\">\n\t\t\t\t\t\t\t\t\t<p>Tisti, ki rokujejo s kemikalijami, morajo z vidika zagotavljanja kemijske varnosti stalno poglabljati in dopolnjevati svoje znanje. To velja tako za u\u010ditelje kot tudi druge dele\u017enike. <\/p>\n\t\t\t\t\t\t\t\t<\/div>\n\t\t\t\t<\/div>\n\t\t\t\t<div class=\"elementor-element elementor-element-9eb004b elementor-toc--content-ellipsis elementor-widget elementor-widget-global elementor-global-11735 elementor-global-3097 elementor-widget-table-of-contents\" data-id=\"9eb004b\" data-element_type=\"widget\" data-e-type=\"widget\" data-settings=\"{&quot;headings_by_tags&quot;:[&quot;h2&quot;,&quot;h3&quot;],&quot;exclude_headings_by_selector&quot;:&quot;.noTOC&quot;,&quot;marker_view&quot;:&quot;bullets&quot;,&quot;icon&quot;:{&quot;value&quot;:&quot;fas fa-circle&quot;,&quot;library&quot;:&quot;fa-solid&quot;},&quot;no_headings_message&quot;:&quot;No headings were found on this page.&quot;,&quot;hierarchical_view&quot;:&quot;yes&quot;,&quot;min_height&quot;:{&quot;unit&quot;:&quot;px&quot;,&quot;size&quot;:&quot;&quot;,&quot;sizes&quot;:[]},&quot;min_height_tablet&quot;:{&quot;unit&quot;:&quot;px&quot;,&quot;size&quot;:&quot;&quot;,&quot;sizes&quot;:[]},&quot;min_height_mobile&quot;:{&quot;unit&quot;:&quot;px&quot;,&quot;size&quot;:&quot;&quot;,&quot;sizes&quot;:[]}}\" data-widget_type=\"table-of-contents.default\">\n\t\t\t\t<div class=\"elementor-widget-container\">\n\t\t\t\t\t\t\t\t\t<div class=\"elementor-toc__header\">\n\t\t\t\t\t\t<div class=\"elementor-toc__header-title\">\n\t\t\t\tVsebina\t\t\t<\/div>\n\t\t\t\t\t\t\t\t<\/div>\n\t\t\t\t<div id=\"elementor-toc__9eb004b\" class=\"elementor-toc__body\">\n\t\t\t<div class=\"elementor-toc__spinner-container\">\n\t\t\t\t<i class=\"elementor-toc__spinner eicon-animation-spin eicon-loading\" aria-hidden=\"true\"><\/i>\t\t\t<\/div>\n\t\t<\/div>\n\t\t\t\t\t\t<\/div>\n\t\t\t\t<\/div>\n\t\t\t\t<div class=\"elementor-element elementor-element-0be279b elementor-widget elementor-widget-text-editor\" data-id=\"0be279b\" data-element_type=\"widget\" data-e-type=\"widget\" data-widget_type=\"text-editor.default\">\n\t\t\t\t<div class=\"elementor-widget-container\">\n\t\t\t\t\t\t\t\t\t<h2>Nadaljnje usposabljanje s podro\u010dja kemijske varnosti<\/h2><p>Pri snovanju usposabljanj s podro\u010dja kemijske varnosti v \u0161oli namenjenih zaposlenim na \u0161olah, je bistveno predvsem, da omogo\u010dajo:<\/p><ul><li>poglobitev in nadgradnjo specifi\u010dnega znanja in spretnosti, potrebnega za zagotavljanje kemijske varnosti;<\/li><li>poglobitev in nadgradnjo kompetenc za vodenje u\u010dencev in dijakov pri usvajanju kemijske varnosti v skladu z u\u010dnimi na\u010drti predmetov, ki vklju\u010dujejo naravoslovne vsebine v celotni \u0161olski vertikali;<\/li><li>seznanitev s primeri dobre prakse opravljanja nalog v povezavi z zagotavljanjem kemijske varnosti v \u0161oli, kot so na primer dolo\u010ditev ocene tveganja, skladi\u0161\u010denje kemikalij in njihovo odstranjevanje.<\/li><\/ul>\t\t\t\t\t\t\t\t<\/div>\n\t\t\t\t<\/div>\n\t\t\t\t<div class=\"elementor-element elementor-element-9a8fe71 elementor-widget elementor-widget-text-editor\" data-id=\"9a8fe71\" data-element_type=\"widget\" data-e-type=\"widget\" data-widget_type=\"text-editor.default\">\n\t\t\t\t<div class=\"elementor-widget-container\">\n\t\t\t\t\t\t\t\t\t<h2>Mo\u017enosti usposabljanj o kemijski varnosti<\/h2><p>V kolikor iz strani delodajalca dodeljene naloge zahtevajo ravnanje s kemikalijami, mora le-ta zaposlenim omogo\u010diti ustrezna usposabljanja s podro\u010dja kemijske varnosti.<\/p><p>V Sloveniji so na voljo razli\u010dna usposabljanja o kemijski varnosti. Na tem mestu izpostavimo mo\u017enosti izobra\u017eevanj v sklopu dolgoletnega programa nadalnjega izobra\u017eevanja in usposabljanja Ministrstva za vzgojo in izobra\u017eevanje <strong>Katis<\/strong> (Katalog programov nadaljnjega izobra\u017eevanja in usposabljanja) in izobra\u017eevanj, ki potekajo v organizaciji Zavoda Republike Slovenije za \u0161olstvo v sodelovanju z Ministrstvom za zdravje: Uradom RS za kemikalije, Nacionalnim in\u0161titutom za javno zdravje ter drugimi institucijami, npr. \u017ee od leta 2009 vsako leto organizirajo posvet <strong>Kemijska varnost za vse<\/strong>. Usposabljanja organizirajo tudi druge specializirane izobra\u017eevalne in strokovne institucije.<\/p>\t\t\t\t\t\t\t\t<\/div>\n\t\t\t\t<\/div>\n\t\t\t\t\t<\/div>\n\t\t<\/div>\n\t\t\t\t\t<\/div>\n\t\t<\/section>\n\t\t\t\t<\/div>\n\t\t","protected":false},"excerpt":{"rendered":"<p>Tisti, ki rokujejo s kemikalijami, morajo z vidika zagotavljanja kemijske varnosti stalno poglabljati in dopolnjevati svoje znanje. To velja tako za u\u010ditelje kot tudi druge dele\u017enike. Vsebina Nadaljnje usposabljanje s podro\u010dja kemijske varnosti Pri snovanju usposabljanj s podro\u010dja kemijske varnosti v \u0161oli namenjenih zaposlenim na \u0161olah, je bistveno predvsem, da omogo\u010dajo: poglobitev in nadgradnjo specifi\u010dnega &hellip; <a href=\"https:\/\/chesse.org\/sl\/uvod-v-kemijsko-varnost-usmeritve-in-usposabljanje\/moznosti-za-nadaljnje-usposabljanje-s-podrocja-kemijske-varnosti\/\" class=\"more-link\">Preberi ve\u010d <span class=\"screen-reader-text\">Mo\u017enosti za nadaljnje usposabljanje s podro\u010dja kemijske varnosti<\/span> <span class=\"meta-nav\">&rarr;<\/span><\/a><\/p>\n","protected":false},"author":54,"featured_media":0,"parent":14341,"menu_order":2,"comment_status":"closed","ping_status":"closed","template":"","meta":{"footnotes":""},"class_list":["post-14350","page","type-page","status-publish","hentry"],"yoast_head":"<!-- This site is optimized with the Yoast SEO plugin v27.3 - https:\/\/yoast.com\/product\/yoast-seo-wordpress\/ -->\n<title>Mo\u017enosti za nadaljnje usposabljanje s podro\u010dja kemijske varnosti &#8211; Chemical Safety in Science Education<\/title>\n<meta name=\"description\" content=\"Tisti, ki rokujejo s kemikalijami, morajo z vidika zagotavljanja kemijske varnosti stalno poglabljati in dopolnjevati svoje znanje. To velja tako za u\u010ditelje kot tudi druge dele\u017enike.\" \/>\n<meta name=\"robots\" content=\"index, follow, max-snippet:-1, max-image-preview:large, max-video-preview:-1\" \/>\n<link rel=\"canonical\" href=\"https:\/\/chesse.org\/sl\/uvod-v-kemijsko-varnost-usmeritve-in-usposabljanje\/moznosti-za-nadaljnje-usposabljanje-s-podrocja-kemijske-varnosti\/\" \/>\n<meta property=\"og:locale\" content=\"sl_SI\" \/>\n<meta property=\"og:type\" content=\"article\" \/>\n<meta property=\"og:title\" content=\"Mo\u017enosti za nadaljnje usposabljanje s podro\u010dja kemijske varnosti &#8211; Chemical Safety in Science Education\" \/>\n<meta property=\"og:description\" content=\"Tisti, ki rokujejo s kemikalijami, morajo z vidika zagotavljanja kemijske varnosti stalno poglabljati in dopolnjevati svoje znanje. To velja tako za u\u010ditelje kot tudi druge dele\u017enike.\" \/>\n<meta property=\"og:url\" content=\"https:\/\/chesse.org\/sl\/uvod-v-kemijsko-varnost-usmeritve-in-usposabljanje\/moznosti-za-nadaljnje-usposabljanje-s-podrocja-kemijske-varnosti\/\" \/>\n<meta property=\"og:site_name\" content=\"Chemical Safety in Science Education\" \/>\n<meta property=\"article:modified_time\" content=\"2023-06-05T21:33:41+00:00\" \/>\n<meta property=\"og:image\" content=\"https:\/\/chesse.org\/wp-content\/uploads\/2022\/06\/chesse-sharing.png\" \/>\n\t<meta property=\"og:image:width\" content=\"1200\" \/>\n\t<meta property=\"og:image:height\" content=\"630\" \/>\n\t<meta property=\"og:image:type\" content=\"image\/png\" \/>\n<meta name=\"twitter:card\" content=\"summary_large_image\" \/>\n<script type=\"application\/ld+json\" class=\"yoast-schema-graph\">{\"@context\":\"https:\\\/\\\/schema.org\",\"@graph\":[{\"@type\":\"WebPage\",\"@id\":\"https:\\\/\\\/chesse.org\\\/sl\\\/uvod-v-kemijsko-varnost-usmeritve-in-usposabljanje\\\/moznosti-za-nadaljnje-usposabljanje-s-podrocja-kemijske-varnosti\\\/\",\"url\":\"https:\\\/\\\/chesse.org\\\/sl\\\/uvod-v-kemijsko-varnost-usmeritve-in-usposabljanje\\\/moznosti-za-nadaljnje-usposabljanje-s-podrocja-kemijske-varnosti\\\/\",\"name\":\"Mo\u017enosti za nadaljnje usposabljanje s podro\u010dja kemijske varnosti &#8211; Chemical Safety in Science Education\",\"isPartOf\":{\"@id\":\"https:\\\/\\\/chesse.org\\\/sl\\\/#website\"},\"datePublished\":\"2023-06-05T21:30:31+00:00\",\"dateModified\":\"2023-06-05T21:33:41+00:00\",\"description\":\"Tisti, ki rokujejo s kemikalijami, morajo z vidika zagotavljanja kemijske varnosti stalno poglabljati in dopolnjevati svoje znanje. To velja tako za u\u010ditelje kot tudi druge dele\u017enike.\",\"breadcrumb\":{\"@id\":\"https:\\\/\\\/chesse.org\\\/sl\\\/uvod-v-kemijsko-varnost-usmeritve-in-usposabljanje\\\/moznosti-za-nadaljnje-usposabljanje-s-podrocja-kemijske-varnosti\\\/#breadcrumb\"},\"inLanguage\":\"sl-SI\",\"potentialAction\":[{\"@type\":\"ReadAction\",\"target\":[\"https:\\\/\\\/chesse.org\\\/sl\\\/uvod-v-kemijsko-varnost-usmeritve-in-usposabljanje\\\/moznosti-za-nadaljnje-usposabljanje-s-podrocja-kemijske-varnosti\\\/\"]}]},{\"@type\":\"BreadcrumbList\",\"@id\":\"https:\\\/\\\/chesse.org\\\/sl\\\/uvod-v-kemijsko-varnost-usmeritve-in-usposabljanje\\\/moznosti-za-nadaljnje-usposabljanje-s-podrocja-kemijske-varnosti\\\/#breadcrumb\",\"itemListElement\":[{\"@type\":\"ListItem\",\"position\":1,\"name\":\"Domov\",\"item\":\"https:\\\/\\\/chesse.org\\\/sl\\\/\"},{\"@type\":\"ListItem\",\"position\":2,\"name\":\"Uvod v kemijsko varnost, usmeritve in usposabljanje\",\"item\":\"https:\\\/\\\/chesse.org\\\/sl\\\/uvod-v-kemijsko-varnost-usmeritve-in-usposabljanje\\\/\"},{\"@type\":\"ListItem\",\"position\":3,\"name\":\"Mo\u017enosti za nadaljnje usposabljanje s podro\u010dja kemijske varnosti\"}]},{\"@type\":\"WebSite\",\"@id\":\"https:\\\/\\\/chesse.org\\\/sl\\\/#website\",\"url\":\"https:\\\/\\\/chesse.org\\\/sl\\\/\",\"name\":\"Chemical Safety in Science Education\",\"description\":\"Condensed, up-to date information for science and chemistry teachers, head of schools and science teacher educators.\",\"publisher\":{\"@id\":\"https:\\\/\\\/chesse.org\\\/sl\\\/#organization\"},\"potentialAction\":[{\"@type\":\"SearchAction\",\"target\":{\"@type\":\"EntryPoint\",\"urlTemplate\":\"https:\\\/\\\/chesse.org\\\/sl\\\/?s={search_term_string}\"},\"query-input\":{\"@type\":\"PropertyValueSpecification\",\"valueRequired\":true,\"valueName\":\"search_term_string\"}}],\"inLanguage\":\"sl-SI\"},{\"@type\":\"Organization\",\"@id\":\"https:\\\/\\\/chesse.org\\\/sl\\\/#organization\",\"name\":\"Online resources for Chemical Safety in Science Education\",\"url\":\"https:\\\/\\\/chesse.org\\\/sl\\\/\",\"logo\":{\"@type\":\"ImageObject\",\"inLanguage\":\"sl-SI\",\"@id\":\"https:\\\/\\\/chesse.org\\\/sl\\\/#\\\/schema\\\/logo\\\/image\\\/\",\"url\":\"https:\\\/\\\/chesse.org\\\/wp-content\\\/uploads\\\/2020\\\/10\\\/CheSSE_logo-01.svg\",\"contentUrl\":\"https:\\\/\\\/chesse.org\\\/wp-content\\\/uploads\\\/2020\\\/10\\\/CheSSE_logo-01.svg\",\"width\":350,\"height\":100,\"caption\":\"Online resources for Chemical Safety in Science Education\"},\"image\":{\"@id\":\"https:\\\/\\\/chesse.org\\\/sl\\\/#\\\/schema\\\/logo\\\/image\\\/\"}}]}<\/script>\n<!-- \/ Yoast SEO plugin. -->","yoast_head_json":{"title":"Mo\u017enosti za nadaljnje usposabljanje s podro\u010dja kemijske varnosti &#8211; Chemical Safety in Science Education","description":"Tisti, ki rokujejo s kemikalijami, morajo z vidika zagotavljanja kemijske varnosti stalno poglabljati in dopolnjevati svoje znanje. To velja tako za u\u010ditelje kot tudi druge dele\u017enike.","robots":{"index":"index","follow":"follow","max-snippet":"max-snippet:-1","max-image-preview":"max-image-preview:large","max-video-preview":"max-video-preview:-1"},"canonical":"https:\/\/chesse.org\/sl\/uvod-v-kemijsko-varnost-usmeritve-in-usposabljanje\/moznosti-za-nadaljnje-usposabljanje-s-podrocja-kemijske-varnosti\/","og_locale":"sl_SI","og_type":"article","og_title":"Mo\u017enosti za nadaljnje usposabljanje s podro\u010dja kemijske varnosti &#8211; Chemical Safety in Science Education","og_description":"Tisti, ki rokujejo s kemikalijami, morajo z vidika zagotavljanja kemijske varnosti stalno poglabljati in dopolnjevati svoje znanje. To velja tako za u\u010ditelje kot tudi druge dele\u017enike.","og_url":"https:\/\/chesse.org\/sl\/uvod-v-kemijsko-varnost-usmeritve-in-usposabljanje\/moznosti-za-nadaljnje-usposabljanje-s-podrocja-kemijske-varnosti\/","og_site_name":"Chemical Safety in Science Education","article_modified_time":"2023-06-05T21:33:41+00:00","og_image":[{"width":1200,"height":630,"url":"https:\/\/chesse.org\/wp-content\/uploads\/2022\/06\/chesse-sharing.png","type":"image\/png"}],"twitter_card":"summary_large_image","schema":{"@context":"https:\/\/schema.org","@graph":[{"@type":"WebPage","@id":"https:\/\/chesse.org\/sl\/uvod-v-kemijsko-varnost-usmeritve-in-usposabljanje\/moznosti-za-nadaljnje-usposabljanje-s-podrocja-kemijske-varnosti\/","url":"https:\/\/chesse.org\/sl\/uvod-v-kemijsko-varnost-usmeritve-in-usposabljanje\/moznosti-za-nadaljnje-usposabljanje-s-podrocja-kemijske-varnosti\/","name":"Mo\u017enosti za nadaljnje usposabljanje s podro\u010dja kemijske varnosti &#8211; Chemical Safety in Science Education","isPartOf":{"@id":"https:\/\/chesse.org\/sl\/#website"},"datePublished":"2023-06-05T21:30:31+00:00","dateModified":"2023-06-05T21:33:41+00:00","description":"Tisti, ki rokujejo s kemikalijami, morajo z vidika zagotavljanja kemijske varnosti stalno poglabljati in dopolnjevati svoje znanje. To velja tako za u\u010ditelje kot tudi druge dele\u017enike.","breadcrumb":{"@id":"https:\/\/chesse.org\/sl\/uvod-v-kemijsko-varnost-usmeritve-in-usposabljanje\/moznosti-za-nadaljnje-usposabljanje-s-podrocja-kemijske-varnosti\/#breadcrumb"},"inLanguage":"sl-SI","potentialAction":[{"@type":"ReadAction","target":["https:\/\/chesse.org\/sl\/uvod-v-kemijsko-varnost-usmeritve-in-usposabljanje\/moznosti-za-nadaljnje-usposabljanje-s-podrocja-kemijske-varnosti\/"]}]},{"@type":"BreadcrumbList","@id":"https:\/\/chesse.org\/sl\/uvod-v-kemijsko-varnost-usmeritve-in-usposabljanje\/moznosti-za-nadaljnje-usposabljanje-s-podrocja-kemijske-varnosti\/#breadcrumb","itemListElement":[{"@type":"ListItem","position":1,"name":"Domov","item":"https:\/\/chesse.org\/sl\/"},{"@type":"ListItem","position":2,"name":"Uvod v kemijsko varnost, usmeritve in usposabljanje","item":"https:\/\/chesse.org\/sl\/uvod-v-kemijsko-varnost-usmeritve-in-usposabljanje\/"},{"@type":"ListItem","position":3,"name":"Mo\u017enosti za nadaljnje usposabljanje s podro\u010dja kemijske varnosti"}]},{"@type":"WebSite","@id":"https:\/\/chesse.org\/sl\/#website","url":"https:\/\/chesse.org\/sl\/","name":"Chemical Safety in Science Education","description":"Condensed, up-to date information for science and chemistry teachers, head of schools and science teacher educators.","publisher":{"@id":"https:\/\/chesse.org\/sl\/#organization"},"potentialAction":[{"@type":"SearchAction","target":{"@type":"EntryPoint","urlTemplate":"https:\/\/chesse.org\/sl\/?s={search_term_string}"},"query-input":{"@type":"PropertyValueSpecification","valueRequired":true,"valueName":"search_term_string"}}],"inLanguage":"sl-SI"},{"@type":"Organization","@id":"https:\/\/chesse.org\/sl\/#organization","name":"Online resources for Chemical Safety in Science Education","url":"https:\/\/chesse.org\/sl\/","logo":{"@type":"ImageObject","inLanguage":"sl-SI","@id":"https:\/\/chesse.org\/sl\/#\/schema\/logo\/image\/","url":"https:\/\/chesse.org\/wp-content\/uploads\/2020\/10\/CheSSE_logo-01.svg","contentUrl":"https:\/\/chesse.org\/wp-content\/uploads\/2020\/10\/CheSSE_logo-01.svg","width":350,"height":100,"caption":"Online resources for Chemical Safety in Science Education"},"image":{"@id":"https:\/\/chesse.org\/sl\/#\/schema\/logo\/image\/"}}]}},"_links":{"self":[{"href":"https:\/\/chesse.org\/sl\/wp-json\/wp\/v2\/pages\/14350","targetHints":{"allow":["GET"]}}],"collection":[{"href":"https:\/\/chesse.org\/sl\/wp-json\/wp\/v2\/pages"}],"about":[{"href":"https:\/\/chesse.org\/sl\/wp-json\/wp\/v2\/types\/page"}],"author":[{"embeddable":true,"href":"https:\/\/chesse.org\/sl\/wp-json\/wp\/v2\/users\/54"}],"replies":[{"embeddable":true,"href":"https:\/\/chesse.org\/sl\/wp-json\/wp\/v2\/comments?post=14350"}],"version-history":[{"count":4,"href":"https:\/\/chesse.org\/sl\/wp-json\/wp\/v2\/pages\/14350\/revisions"}],"predecessor-version":[{"id":14399,"href":"https:\/\/chesse.org\/sl\/wp-json\/wp\/v2\/pages\/14350\/revisions\/14399"}],"up":[{"embeddable":true,"href":"https:\/\/chesse.org\/sl\/wp-json\/wp\/v2\/pages\/14341"}],"wp:attachment":[{"href":"https:\/\/chesse.org\/sl\/wp-json\/wp\/v2\/media?parent=14350"}],"curies":[{"name":"wp","href":"https:\/\/api.w.org\/{rel}","templated":true}]}}