{"id":15462,"date":"2024-11-19T09:53:34","date_gmt":"2024-11-19T08:53:34","guid":{"rendered":"https:\/\/chesse.org\/o-chesse\/"},"modified":"2024-11-19T09:53:34","modified_gmt":"2024-11-19T08:53:34","slug":"o-chesse","status":"publish","type":"page","link":"https:\/\/chesse.org\/sl\/o-chesse\/","title":{"rendered":"O CheSSE"},"content":{"rendered":"\t\t<div data-elementor-type=\"wp-page\" data-elementor-id=\"15462\" class=\"elementor elementor-15462 elementor-15174\" data-elementor-post-type=\"page\">\n\t\t\t\t\t\t<section class=\"elementor-section elementor-top-section elementor-element elementor-element-5b1581e mainColumns elementor-section-boxed elementor-section-height-default elementor-section-height-default\" data-id=\"5b1581e\" data-element_type=\"section\" data-e-type=\"section\">\n\t\t\t\t\t\t<div class=\"elementor-container elementor-column-gap-default\">\n\t\t\t\t\t<div class=\"elementor-column elementor-col-50 elementor-top-column elementor-element elementor-element-adc4550\" data-id=\"adc4550\" data-element_type=\"column\" data-e-type=\"column\">\n\t\t\t<div class=\"elementor-widget-wrap elementor-element-populated\">\n\t\t\t\t\t\t<div class=\"elementor-element elementor-element-d6caf44 elementor-widget elementor-widget-text-editor\" data-id=\"d6caf44\" data-element_type=\"widget\" data-e-type=\"widget\" data-widget_type=\"text-editor.default\">\n\t\t\t\t<div class=\"elementor-widget-container\">\n\t\t\t\t\t\t\t\t\t<p>Spletni viri za kemijsko varnost v naravoslovnem izobra\u017eevanju (Online Resources for Chemical Safety in Science Education, <em>ORCheSSE<\/em>), je bil triletni <a href=\"https:\/\/erasmus-plus.ec.europa.eu\/projects\/search\/details\/2020-1-SE01-KA201-077945\">ERASMUS+ projekt, <\/a>ki je potekal od leta 2020 do leta 2023. V letu 2024 so bila odobrena dodatna sredstva iz programa ERASMUS+ za revizijo chesse.org v skladu z novimi predpisi EU o kemikalijah in za izdelavo izobra\u017eevalnega gradiva na spletnem mestu. <a href=\"https:\/\/erasmus-plus.ec.europa.eu\/projects\/search\/details\/2024-1-NO01-KA220-SCH-000257319\">Nadaljevalni projekt<\/a> bo potekal od leta 2024 do leta 2027. <\/p>\n<p>Glavni cilj projekta je razviti jedrnato, posodobljeno spletno gradivo o kemijski varnosti v naravoslovnem izobra\u017eevanju v \u0161olah. \u017deleni dolgoro\u010dni rezultat je, da se u\u010ditelji po\u010dutijo kompetentne in varne pri ravnanju s kemikalijami in upravljanju \u0161olskih laboratorijev. <\/p>\n<p>Gradivo bo razvito v okviru razprav in delavnic projekta ter objavljeno na tej spletni strani (chesse.org) v angle\u0161kem jeziku in jezikih sodelujo\u010dih partnerjev. Sodelovanje z razli\u010dnimi dele\u017eniki s podro\u010dja zagotavljanja kemijske varnosti v naravoslovnem izobra\u017eevanju ima klju\u010dno vlogo pri oblikovanju in izpopolnjevanju gradiv projekta. <\/p>\n<p><img decoding=\"async\" style=\"float: left; margin-bottom: 20px;\" src=\"https:\/\/chesse.org\/wp-content\/uploads\/ASE-Evaluated-2022-logo-150x150.png\" alt=\"ASE Evaluated 2022 logo\" width=\"150\" height=\"150\">Zdru\u017eenje za naravoslovno izobra\u017eevanje (The Association for Science Education, ASE) je v okviru <a href=\"https:\/\/www.ase.org.uk\/news\/green-tick-chemical-safety-in-science-education\">Green Tick evalvacije<\/a> pregledal sletna gradiva objavljena na chesse.org, z namenom zagotavljanja kakovosti. <a href=\"https:\/\/www.ase.org.uk\/resources\/green-tick-evaluations\">Zelena kljukica ASE<\/a> ne pomeni, da ASE podpira to spletno stran; poro\u010dilo vsebuje predloge o mo\u017enih aplikacijah in, kako lahko chesse.org prispeva k pou\u010devanju in u\u010denju. Gradiva chesse.org so bila pregledana v oktobru 2022. <\/p>\n<h2>Ciljne skupine<\/h2>\n<p>Ciljne skupine projekta so aktivni in prihodnji u\u010ditelji in u\u010diteljice naravoslovja oziroma kemije v osnovnih in srednjih \u0161olah ter ravnatelji in ravnateljice. Gradiva so lahko uporabna tudi za nacionalne in lokalne agencije, ki podpirajo in nadzorujejo uporabo kemikalij v naravoslovnem izobra\u017eevanju. Razvoj gradiv je potekal v sodelovanju z razli\u010dnimi dele\u017eniki s podro\u010dja zagotavljanja kemijske varnosti v naravoslovnem izobra\u017eevanju.  <\/p>\n<h2>Partnerske organizacije<\/h2>\n<ul>\n<li>Univerza v Stockholmu, \u0160vedska (koordinator projekta 2020\u20132023)<br \/>Kontaktna oseba: Jenny Olander, <a href=\"mailto:jenny.olander@krc.su.se\">jenny.olander@krc.su.se<\/a><\/li>\n<li>Univerza v Helsinkih, Finska<br \/>Kontaktna oseba: Ari Myllyviita, <a href=\"mailto:ari.myllyviita@helsinki.fi\">ari.myllyviita@helsinki.fi<\/a><\/li>\n<li>Univerza v Ljubljani, Slovenija<br \/>Kontaktna oseba: Vesna Ferk Savec, <a href=\"mailto:vesna.ferk@pef.uni-lj.si\">vesna.ferk@pef.uni-lj.si<\/a><\/li>\n<li>Univerza v Oslu, Norve\u0161ka (koordinator projekta 2024\u20132027)<br \/>Kontaktna oseba: Svein Tveit, <a href=\"mailto:svein.tveit@kjemi.uio.no\">svein.tveit@kjemi.uio.no<\/a><\/li>\n<\/ul>\n<ul>\n<li>Katedralskolan Uppsala, \u0160vedska (2024\u20132027)<\/li>\n<\/ul>\n<h2>Citiranje in navajanje virov spletne strani ORCheSSE<\/h2>\n<p>Besedila na spletni strani chesse.org so nastala v sodelovanju razli\u010dnih avtorjev in urednikov. \u010ce \u017eelite navesti oziroma citirati prispevke na chesse.org, predlagamo naslednjo obliko (APA 7):<\/p>\n<p>Strani z datumom objave:<\/p>\n<ul>\n<li>Navedba vira na koncu dela:<br \/>Spletni viri za kemijsko varnost v naravoslovnem izobra\u017eevanju. (leto, mesec dan). <em>Naslov strani. https:\/\/chesse.org\/\u2026\/\u2026\/<\/em> https:\/\/chesse.org\/\u2026\/\u2026\/<\/li>\n<li>Navedba vira med besedilom:<br \/>(Online Resources for Chemical Safety in Science Education, leto)<\/li>\n<\/ul>\n<p>Strani brez datuma objave:<\/p>\n<ul>\n<li>Navedba vira na koncu dela:<br \/>Online Resources for Chemical Safety in Science Education. (b.d.). <em>Naslov strani.<\/em> Pridobljeno (leto-mesec-dan) na: https:\/\/chesse.org\/\u2026\/\u2026\/<\/li>\n<li>Navedba vira med besedilom:<br \/>(Online Resources for Chemical Safety in Science Education, b. d.)<\/li>\n<\/ul>\n<h2>Pravice uporabe gradiv<\/h2>\n<p>Vsa vsebina na chesse.org je objavljena pod licenco <a href=\"https:\/\/creativecommons.org\/licenses\/by-sa\/4.0\">Creative Commons Attribution-ShareAlike<\/a>. To omogo\u010da drugim, da delijo, prilagajajo in nadgrajujejo zagotovljeno gradivo, \u010de je podano ustrezno priznanje avtorstva in so vsa izpeljana dela distribuirana pod isto licenco. <\/p>\n<h2>Izjava o umetni inteligenci<\/h2>\n<p>Vsebino na chesse.org ustvarjajo predvsem \u010dlove\u0161ki avtorji. Umetna inteligenca je bila morda uporabljena za obdelavo vsebine in prevodov, vendar vso vsebino pregledajo in uredijo ljudje, da ohranijo kakovost in natan\u010dnost. Vsebina, ustvarjena z umetno inteligenco, bo jasno ozna\u010dena.  <\/p>\n<h2>Diseminacijske aktivnosti<\/h2>\n<p>Ta dokument poudarja diseminacijske aktivnosti projekta, ki so potekale v obdobju 2020\u20132023 na Finskem, \u0160vedskem, v Sloveniji in na Norve\u0161kem.<\/p>\n<ul>\n<li class=\"pdf\" style=\"margin-bottom: 15px;\"><a href=\"https:\/\/chesse.org\/wp-content\/uploads\/ORCheSSE-2020-2023-Dissemination-Activities.pdf\">ORCheSSE-2020-2023-Dissemination-Activities.pdf<\/a><\/li>\n<\/ul>\n<h2 style=\"padding: 0; margin-bottom: 0;\">Seznam avtorjev\/-ic<\/h2>\n\t\t\t\t\t\t\t\t<\/div>\n\t\t\t\t<\/div>\n\t\t\t\t<div class=\"elementor-element elementor-element-d40acc5 elementor-tabs-view-horizontal elementor-widget elementor-widget-tabs\" data-id=\"d40acc5\" data-element_type=\"widget\" data-e-type=\"widget\" data-widget_type=\"tabs.default\">\n\t\t\t\t<div class=\"elementor-widget-container\">\n\t\t\t\t\t\t\t<div class=\"elementor-tabs\">\n\t\t\t<div class=\"elementor-tabs-wrapper\" role=\"tablist\" >\n\t\t\t\t\t\t\t\t\t<div id=\"elementor-tab-title-2221\" class=\"elementor-tab-title elementor-tab-desktop-title\" aria-selected=\"true\" data-tab=\"1\" role=\"tab\" tabindex=\"0\" aria-controls=\"elementor-tab-content-2221\" aria-expanded=\"false\">2020\u20132023<\/div>\n\t\t\t\t\t\t\t\t\t<div id=\"elementor-tab-title-2222\" class=\"elementor-tab-title elementor-tab-desktop-title\" aria-selected=\"false\" data-tab=\"2\" role=\"tab\" tabindex=\"-1\" aria-controls=\"elementor-tab-content-2222\" aria-expanded=\"false\">2024\u20132027<\/div>\n\t\t\t\t\t\t\t<\/div>\n\t\t\t<div class=\"elementor-tabs-content-wrapper\" role=\"tablist\" aria-orientation=\"vertical\">\n\t\t\t\t\t\t\t\t\t<div class=\"elementor-tab-title elementor-tab-mobile-title\" aria-selected=\"true\" data-tab=\"1\" role=\"tab\" tabindex=\"0\" aria-controls=\"elementor-tab-content-2221\" aria-expanded=\"false\">2020\u20132023<\/div>\n\t\t\t\t\t<div id=\"elementor-tab-content-2221\" class=\"elementor-tab-content elementor-clearfix\" data-tab=\"1\" role=\"tabpanel\" aria-labelledby=\"elementor-tab-title-2221\" tabindex=\"0\" hidden=\"false\"><ul>\n<li>Ferk Savec, Vesna<br \/>Redna profesorica, Pedago\u0161ka fakulteta, Univerza v Ljubljani, Slovenija<\/li>\n<li>Fiskum, Kirsten<br \/>Predavateljica, Norve\u0161ki center za naravoslovno izobra\u017eevanje, Univerza v Oslu, Norve\u0161ka<\/li>\n<li>F\u00e6gri, Karoline<br \/>Vi\u0161ja predavateljica, Oddelek za kemijo, Univerza v Oslu, Norve\u0161ka<\/li>\n<li>Haatainen, Outi<br \/>Postdoktorski raziskovalec, Univerza v Helsinkih, Finska<\/li>\n<li>Holland, Sara<br \/>Vi\u0161ja u\u010diteljica, Katedralskolan, Uppsala, \u0160vedska<\/li>\n<li>Hrast, \u0160pela<br \/>Asistentka, Pedago\u0161ka fakulteta, Univerza v Ljubljani, Slovenija<\/li>\n<li>Klemen, Taja<br \/>Asistentka, Pedago\u0161ka fakulteta, Univerza v Ljubljani, Slovenija<\/li>\n<li>Lampiselk\u00e4, Jarkko<br \/>Vi\u0161ji predavatelj, Univerza v Helsinkih, Finska<\/li>\n<li>Mlinarec, Katarina<br \/>Asistentka, Pedago\u0161ka fakulteta, Univerza v Ljubljani, Slovenija<\/li>\n<li>Myllyviita, Ari<br \/>Predavatelj, Viikki Teacher Training School Univerze v Helsinkih, Finska<\/li>\n<li>Olander, Jenny<br \/>Predavateljica, The National Resource Center for Chemistry Teachers, Univerza v Stockholmu, \u0160vedska<\/li>\n<li>Pernaa, Johannes<br \/>Vi\u0161ji predavatelj, Univerza v Helsinkih, Finska<\/li>\n<li>Salmij\u00e4rvi, Jenna<br \/>U\u010diteljica naravoslovja, Srednja \u0161ola, Finska<\/li>\n<li>Stenberg, Cecilia<br \/>Predavateljica, The National Resource Center for Chemistry Teachers, Univerza v Stockholmu, \u0160vedska<\/li>\n<li>S\u00f8rborg, \u00d8ystein<br \/>Predavateljica, Norve\u0161ki center za naravoslovno izobra\u017eevanje, Univerza v Oslu, Norve\u0161ka<\/li>\n<li>Tveit, Svein<br \/>Predavatelj, Oddelek za kemijo, Univerza v Oslu, Norve\u0161ka<\/li>\n<li>Vesterinen, Veli-Matti<br \/>Predavatelj na univerzi, Univerza Turku, Finska<\/li>\n<\/ul>\n<\/div>\n\t\t\t\t\t\t\t\t\t<div class=\"elementor-tab-title elementor-tab-mobile-title\" aria-selected=\"false\" data-tab=\"2\" role=\"tab\" tabindex=\"-1\" aria-controls=\"elementor-tab-content-2222\" aria-expanded=\"false\">2024\u20132027<\/div>\n\t\t\t\t\t<div id=\"elementor-tab-content-2222\" class=\"elementor-tab-content elementor-clearfix\" data-tab=\"2\" role=\"tabpanel\" aria-labelledby=\"elementor-tab-title-2222\" tabindex=\"0\" hidden=\"hidden\"><ul>\n<li>Ferk Savec, Vesna<br \/>Redna profesorica, Pedago\u0161ka fakulteta, Univerza v Ljubljani, Slovenija<\/li>\n<li>Fiskum, Kirsten<br \/>Predavateljica, Norve\u0161ki center za naravoslovno izobra\u017eevanje, Univerza v Oslu, Norve\u0161ka<\/li>\n<li>F\u00e6gri, Karoline<br \/>Vi\u0161ja predavateljica, Oddelek za kemijo, Univerza v Oslu, Norve\u0161ka<\/li>\n<li>Holland, Sara<br \/>Vi\u0161ja u\u010diteljica, Katedralskolan, Uppsala, \u0160vedska<\/li>\n<li>Jedrinovi\u0107, Sanja<br \/>Vodja slu\u017ebe za didakti\u010dno IKT podporo, Center za uporabo IKT v pedago\u0161kem procesu, Univerza v Ljubljani, Slovenija<\/li>\n<li>Mlinarec, Katarina<br \/>Asistentka, Pedago\u0161ka fakulteta, Univerza v Ljubljani, Slovenija<\/li>\n<li>Myllyviita, Ari<br \/>Predavatelj, Viikki Teacher Training School Univerze v Helsinkih, Finska<\/li>\n<li>Olander, Jenny<br \/>Predavateljica, The National Resource Center for Chemistry Teachers, Univerza v Stockholmu, \u0160vedska<\/li>\n<li>Pernaa, Johannes<br \/>Vi\u0161ji predavatelj, Univerza v Helsinkih, Finska<\/li>\n<li>Salmij\u00e4rvi, Jenna<br \/>U\u010diteljica naravoslovja, Srednja \u0161ola, Finska<\/li>\n<li>Stenberg, Cecilia<br \/>Predavateljica, The National Resource Center for Chemistry Teachers, Univerza v Stockholmu, \u0160vedska<\/li>\n<li>S\u00f8rborg, \u00d8ystein<br \/>Predavateljica, Norve\u0161ki center za naravoslovno izobra\u017eevanje, Univerza v Oslu, Norve\u0161ka<\/li>\n<li>Tveit, Svein<br \/>Predavatelj, Oddelek za kemijo, Univerza v Oslu, Norve\u0161ka<\/li>\n<\/ul>\n<\/div>\n\t\t\t\t\t\t\t<\/div>\n\t\t<\/div>\n\t\t\t\t\t\t<\/div>\n\t\t\t\t<\/div>\n\t\t\t\t\t<\/div>\n\t\t<\/div>\n\t\t\t\t<aside class=\"elementor-column elementor-col-50 elementor-top-column elementor-element elementor-element-a9197ba\" data-id=\"a9197ba\" data-element_type=\"column\" data-e-type=\"column\">\n\t\t\t<div class=\"elementor-widget-wrap elementor-element-populated\">\n\t\t\t\t\t\t<section class=\"elementor-section elementor-inner-section elementor-element elementor-element-7cf7aa0 elementor-section-boxed elementor-section-height-default elementor-section-height-default\" data-id=\"7cf7aa0\" data-element_type=\"section\" data-e-type=\"section\" data-settings=\"{&quot;background_background&quot;:&quot;classic&quot;}\">\n\t\t\t\t\t\t<div class=\"elementor-container elementor-column-gap-default\">\n\t\t\t\t\t<div class=\"elementor-column elementor-col-100 elementor-inner-column elementor-element elementor-element-289061f\" data-id=\"289061f\" data-element_type=\"column\" data-e-type=\"column\">\n\t\t\t<div class=\"elementor-widget-wrap elementor-element-populated\">\n\t\t\t\t\t\t<div class=\"elementor-element elementor-element-4dcd5c3 elementor-widget elementor-widget-heading\" data-id=\"4dcd5c3\" data-element_type=\"widget\" data-e-type=\"widget\" data-widget_type=\"heading.default\">\n\t\t\t\t<div class=\"elementor-widget-container\">\n\t\t\t\t\t<h2 class=\"elementor-heading-title elementor-size-small\">ORCheSSE ER | Online resources for Chemical Safety in Science Education \u2013 Educational Resources<\/h2>\t\t\t\t<\/div>\n\t\t\t\t<\/div>\n\t\t\t\t<div class=\"elementor-element elementor-element-34a51ea elementor-widget elementor-widget-text-editor\" data-id=\"34a51ea\" data-element_type=\"widget\" data-e-type=\"widget\" data-widget_type=\"text-editor.default\">\n\t\t\t\t<div class=\"elementor-widget-container\">\n\t\t\t\t\t\t\t\t\t<ul>\n<li>Za\u010detek: 01-09-2024 \u2013 End: 31-08-2027<\/li>\n<li>Program: Erasmus+<\/li>\n<li>Klju\u010dni ukrep: Partnerstva za sodelovanje v \u0161olskem izobra\u017eevanju<\/li>\n<li>Tip ukrepa: Partnerstva za sodelovanje<\/li>\n<li>Financer: Norve\u0161ki direktorat za visoko \u0161olstvo in strokovno usposobljenost<\/li>\n<li>Odobrena finan\u010dna sredstva: 400 000 EUR<\/li>\n<\/ul>\n<div><a href=\"https:\/\/erasmus-plus.ec.europa.eu\/projects\/search\/details\/2024-1-NO01-KA220-SCH-000257319\">Ve\u010d informacij<\/a><\/div>\n\t\t\t\t\t\t\t\t<\/div>\n\t\t\t\t<\/div>\n\t\t\t\t\t<\/div>\n\t\t<\/div>\n\t\t\t\t\t<\/div>\n\t\t<\/section>\n\t\t\t\t<section class=\"elementor-section elementor-inner-section elementor-element elementor-element-010a991 elementor-section-boxed elementor-section-height-default elementor-section-height-default\" data-id=\"010a991\" data-element_type=\"section\" data-e-type=\"section\" data-settings=\"{&quot;background_background&quot;:&quot;classic&quot;}\">\n\t\t\t\t\t\t<div class=\"elementor-container elementor-column-gap-default\">\n\t\t\t\t\t<div class=\"elementor-column elementor-col-100 elementor-inner-column elementor-element elementor-element-d48de22\" data-id=\"d48de22\" data-element_type=\"column\" data-e-type=\"column\">\n\t\t\t<div class=\"elementor-widget-wrap elementor-element-populated\">\n\t\t\t\t\t\t<div class=\"elementor-element elementor-element-7207174 elementor-widget elementor-widget-heading\" data-id=\"7207174\" data-element_type=\"widget\" data-e-type=\"widget\" data-widget_type=\"heading.default\">\n\t\t\t\t<div class=\"elementor-widget-container\">\n\t\t\t\t\t<h2 class=\"elementor-heading-title elementor-size-small\">ORCheSSE | Online resources for Chemical Safety in Science Education<\/h2>\t\t\t\t<\/div>\n\t\t\t\t<\/div>\n\t\t\t\t<div class=\"elementor-element elementor-element-48b08fd elementor-widget elementor-widget-text-editor\" data-id=\"48b08fd\" data-element_type=\"widget\" data-e-type=\"widget\" data-widget_type=\"text-editor.default\">\n\t\t\t\t<div class=\"elementor-widget-container\">\n\t\t\t\t\t\t\t\t\t<ul>\n<li>Za\u010detek: 01-09-2020 \u2013 Konec: 31-08-2023<\/li>\n<li>Program: Erasmus+<\/li>\n<li>Klju\u010dni ukrep: Sodelovanje za inovacije in izmenjavo dobrih praks<\/li>\n<li>Tip projekta: Strate\u0161ka partnerstva za \u0161olsko izobra\u017eevanje<\/li>\n<li>Financer: \u0160vedski svet za visoko \u0161olstvo<\/li>\n<li>Odobrena finan\u010dna sredstva: 324 685 EUR<\/li>\n<\/ul>\n<div><a href=\"https:\/\/erasmus-plus.ec.europa.eu\/projects\/search\/details\/2020-1-SE01-KA201-077945\">Ve\u010d informacij<\/a><\/div>\n\t\t\t\t\t\t\t\t<\/div>\n\t\t\t\t<\/div>\n\t\t\t\t\t<\/div>\n\t\t<\/div>\n\t\t\t\t\t<\/div>\n\t\t<\/section>\n\t\t\t\t\t<\/div>\n\t\t<\/aside>\n\t\t\t\t\t<\/div>\n\t\t<\/section>\n\t\t\t\t<\/div>\n\t\t","protected":false},"excerpt":{"rendered":"<p>Spletni viri za kemijsko varnost v naravoslovnem izobra\u017eevanju (Online Resources for Chemical Safety in Science Education, ORCheSSE), je bil triletni ERASMUS+ projekt, ki je potekal od leta 2020 do leta 2023. V letu 2024 so bila odobrena dodatna sredstva iz programa ERASMUS+ za revizijo chesse.org v skladu z novimi predpisi EU o kemikalijah in za &hellip; <a href=\"https:\/\/chesse.org\/sl\/o-chesse\/\" class=\"more-link\">Preberi ve\u010d <span class=\"screen-reader-text\">O CheSSE<\/span> <span class=\"meta-nav\">&rarr;<\/span><\/a><\/p>\n","protected":false},"author":43,"featured_media":0,"parent":0,"menu_order":0,"comment_status":"closed","ping_status":"closed","template":"","meta":{"footnotes":""},"class_list":["post-15462","page","type-page","status-publish","hentry"],"yoast_head":"<!-- This site is optimized with the Yoast SEO plugin v27.3 - https:\/\/yoast.com\/product\/yoast-seo-wordpress\/ -->\n<title>O CheSSE &#8211; Chemical Safety in Science Education<\/title>\n<meta name=\"robots\" content=\"index, follow, max-snippet:-1, max-image-preview:large, max-video-preview:-1\" \/>\n<link rel=\"canonical\" href=\"https:\/\/chesse.org\/sl\/o-chesse\/\" \/>\n<meta property=\"og:locale\" content=\"sl_SI\" \/>\n<meta property=\"og:type\" content=\"article\" \/>\n<meta property=\"og:title\" content=\"O CheSSE &#8211; Chemical Safety in Science Education\" \/>\n<meta property=\"og:description\" content=\"Spletni viri za kemijsko varnost v naravoslovnem izobra\u017eevanju (Online Resources for Chemical Safety in Science Education, ORCheSSE), je bil triletni ERASMUS+ projekt, ki je potekal od leta 2020 do leta 2023. V letu 2024 so bila odobrena dodatna sredstva iz programa ERASMUS+ za revizijo chesse.org v skladu z novimi predpisi EU o kemikalijah in za &hellip; Preberi ve\u010d O CheSSE &rarr;\" \/>\n<meta property=\"og:url\" content=\"https:\/\/chesse.org\/sl\/o-chesse\/\" \/>\n<meta property=\"og:site_name\" content=\"Chemical Safety in Science Education\" \/>\n<meta property=\"og:image\" content=\"https:\/\/chesse.org\/wp-content\/uploads\/ASE-Evaluated-2022-logo-150x150.png\" \/>\n<meta name=\"twitter:card\" content=\"summary_large_image\" \/>\n<script type=\"application\/ld+json\" class=\"yoast-schema-graph\">{\"@context\":\"https:\\\/\\\/schema.org\",\"@graph\":[{\"@type\":\"WebPage\",\"@id\":\"https:\\\/\\\/chesse.org\\\/sl\\\/o-chesse\\\/\",\"url\":\"https:\\\/\\\/chesse.org\\\/sl\\\/o-chesse\\\/\",\"name\":\"O CheSSE &#8211; Chemical Safety in Science Education\",\"isPartOf\":{\"@id\":\"https:\\\/\\\/chesse.org\\\/sl\\\/#website\"},\"primaryImageOfPage\":{\"@id\":\"https:\\\/\\\/chesse.org\\\/sl\\\/o-chesse\\\/#primaryimage\"},\"image\":{\"@id\":\"https:\\\/\\\/chesse.org\\\/sl\\\/o-chesse\\\/#primaryimage\"},\"thumbnailUrl\":\"https:\\\/\\\/chesse.org\\\/wp-content\\\/uploads\\\/ASE-Evaluated-2022-logo-150x150.png\",\"datePublished\":\"2024-11-19T08:53:34+00:00\",\"breadcrumb\":{\"@id\":\"https:\\\/\\\/chesse.org\\\/sl\\\/o-chesse\\\/#breadcrumb\"},\"inLanguage\":\"sl-SI\",\"potentialAction\":[{\"@type\":\"ReadAction\",\"target\":[\"https:\\\/\\\/chesse.org\\\/sl\\\/o-chesse\\\/\"]}]},{\"@type\":\"ImageObject\",\"inLanguage\":\"sl-SI\",\"@id\":\"https:\\\/\\\/chesse.org\\\/sl\\\/o-chesse\\\/#primaryimage\",\"url\":\"https:\\\/\\\/chesse.org\\\/wp-content\\\/uploads\\\/ASE-Evaluated-2022-logo-150x150.png\",\"contentUrl\":\"https:\\\/\\\/chesse.org\\\/wp-content\\\/uploads\\\/ASE-Evaluated-2022-logo-150x150.png\"},{\"@type\":\"BreadcrumbList\",\"@id\":\"https:\\\/\\\/chesse.org\\\/sl\\\/o-chesse\\\/#breadcrumb\",\"itemListElement\":[{\"@type\":\"ListItem\",\"position\":1,\"name\":\"Domov\",\"item\":\"https:\\\/\\\/chesse.org\\\/sl\\\/\"},{\"@type\":\"ListItem\",\"position\":2,\"name\":\"O CheSSE\"}]},{\"@type\":\"WebSite\",\"@id\":\"https:\\\/\\\/chesse.org\\\/sl\\\/#website\",\"url\":\"https:\\\/\\\/chesse.org\\\/sl\\\/\",\"name\":\"Chemical Safety in Science Education\",\"description\":\"Condensed, up-to date information for science and chemistry teachers, head of schools and science teacher educators.\",\"publisher\":{\"@id\":\"https:\\\/\\\/chesse.org\\\/sl\\\/#organization\"},\"potentialAction\":[{\"@type\":\"SearchAction\",\"target\":{\"@type\":\"EntryPoint\",\"urlTemplate\":\"https:\\\/\\\/chesse.org\\\/sl\\\/?s={search_term_string}\"},\"query-input\":{\"@type\":\"PropertyValueSpecification\",\"valueRequired\":true,\"valueName\":\"search_term_string\"}}],\"inLanguage\":\"sl-SI\"},{\"@type\":\"Organization\",\"@id\":\"https:\\\/\\\/chesse.org\\\/sl\\\/#organization\",\"name\":\"Online resources for Chemical Safety in Science Education\",\"url\":\"https:\\\/\\\/chesse.org\\\/sl\\\/\",\"logo\":{\"@type\":\"ImageObject\",\"inLanguage\":\"sl-SI\",\"@id\":\"https:\\\/\\\/chesse.org\\\/sl\\\/#\\\/schema\\\/logo\\\/image\\\/\",\"url\":\"https:\\\/\\\/chesse.org\\\/wp-content\\\/uploads\\\/2020\\\/10\\\/CheSSE_logo-01.svg\",\"contentUrl\":\"https:\\\/\\\/chesse.org\\\/wp-content\\\/uploads\\\/2020\\\/10\\\/CheSSE_logo-01.svg\",\"width\":350,\"height\":100,\"caption\":\"Online resources for Chemical Safety in Science Education\"},\"image\":{\"@id\":\"https:\\\/\\\/chesse.org\\\/sl\\\/#\\\/schema\\\/logo\\\/image\\\/\"}}]}<\/script>\n<!-- \/ Yoast SEO plugin. -->","yoast_head_json":{"title":"O CheSSE &#8211; Chemical Safety in Science Education","robots":{"index":"index","follow":"follow","max-snippet":"max-snippet:-1","max-image-preview":"max-image-preview:large","max-video-preview":"max-video-preview:-1"},"canonical":"https:\/\/chesse.org\/sl\/o-chesse\/","og_locale":"sl_SI","og_type":"article","og_title":"O CheSSE &#8211; Chemical Safety in Science Education","og_description":"Spletni viri za kemijsko varnost v naravoslovnem izobra\u017eevanju (Online Resources for Chemical Safety in Science Education, ORCheSSE), je bil triletni ERASMUS+ projekt, ki je potekal od leta 2020 do leta 2023. V letu 2024 so bila odobrena dodatna sredstva iz programa ERASMUS+ za revizijo chesse.org v skladu z novimi predpisi EU o kemikalijah in za &hellip; Preberi ve\u010d O CheSSE &rarr;","og_url":"https:\/\/chesse.org\/sl\/o-chesse\/","og_site_name":"Chemical Safety in Science Education","og_image":[{"url":"https:\/\/chesse.org\/wp-content\/uploads\/ASE-Evaluated-2022-logo-150x150.png","type":"","width":"","height":""}],"twitter_card":"summary_large_image","schema":{"@context":"https:\/\/schema.org","@graph":[{"@type":"WebPage","@id":"https:\/\/chesse.org\/sl\/o-chesse\/","url":"https:\/\/chesse.org\/sl\/o-chesse\/","name":"O CheSSE &#8211; Chemical Safety in Science Education","isPartOf":{"@id":"https:\/\/chesse.org\/sl\/#website"},"primaryImageOfPage":{"@id":"https:\/\/chesse.org\/sl\/o-chesse\/#primaryimage"},"image":{"@id":"https:\/\/chesse.org\/sl\/o-chesse\/#primaryimage"},"thumbnailUrl":"https:\/\/chesse.org\/wp-content\/uploads\/ASE-Evaluated-2022-logo-150x150.png","datePublished":"2024-11-19T08:53:34+00:00","breadcrumb":{"@id":"https:\/\/chesse.org\/sl\/o-chesse\/#breadcrumb"},"inLanguage":"sl-SI","potentialAction":[{"@type":"ReadAction","target":["https:\/\/chesse.org\/sl\/o-chesse\/"]}]},{"@type":"ImageObject","inLanguage":"sl-SI","@id":"https:\/\/chesse.org\/sl\/o-chesse\/#primaryimage","url":"https:\/\/chesse.org\/wp-content\/uploads\/ASE-Evaluated-2022-logo-150x150.png","contentUrl":"https:\/\/chesse.org\/wp-content\/uploads\/ASE-Evaluated-2022-logo-150x150.png"},{"@type":"BreadcrumbList","@id":"https:\/\/chesse.org\/sl\/o-chesse\/#breadcrumb","itemListElement":[{"@type":"ListItem","position":1,"name":"Domov","item":"https:\/\/chesse.org\/sl\/"},{"@type":"ListItem","position":2,"name":"O CheSSE"}]},{"@type":"WebSite","@id":"https:\/\/chesse.org\/sl\/#website","url":"https:\/\/chesse.org\/sl\/","name":"Chemical Safety in Science Education","description":"Condensed, up-to date information for science and chemistry teachers, head of schools and science teacher educators.","publisher":{"@id":"https:\/\/chesse.org\/sl\/#organization"},"potentialAction":[{"@type":"SearchAction","target":{"@type":"EntryPoint","urlTemplate":"https:\/\/chesse.org\/sl\/?s={search_term_string}"},"query-input":{"@type":"PropertyValueSpecification","valueRequired":true,"valueName":"search_term_string"}}],"inLanguage":"sl-SI"},{"@type":"Organization","@id":"https:\/\/chesse.org\/sl\/#organization","name":"Online resources for Chemical Safety in Science Education","url":"https:\/\/chesse.org\/sl\/","logo":{"@type":"ImageObject","inLanguage":"sl-SI","@id":"https:\/\/chesse.org\/sl\/#\/schema\/logo\/image\/","url":"https:\/\/chesse.org\/wp-content\/uploads\/2020\/10\/CheSSE_logo-01.svg","contentUrl":"https:\/\/chesse.org\/wp-content\/uploads\/2020\/10\/CheSSE_logo-01.svg","width":350,"height":100,"caption":"Online resources for Chemical Safety in Science Education"},"image":{"@id":"https:\/\/chesse.org\/sl\/#\/schema\/logo\/image\/"}}]}},"_links":{"self":[{"href":"https:\/\/chesse.org\/sl\/wp-json\/wp\/v2\/pages\/15462","targetHints":{"allow":["GET"]}}],"collection":[{"href":"https:\/\/chesse.org\/sl\/wp-json\/wp\/v2\/pages"}],"about":[{"href":"https:\/\/chesse.org\/sl\/wp-json\/wp\/v2\/types\/page"}],"author":[{"embeddable":true,"href":"https:\/\/chesse.org\/sl\/wp-json\/wp\/v2\/users\/43"}],"replies":[{"embeddable":true,"href":"https:\/\/chesse.org\/sl\/wp-json\/wp\/v2\/comments?post=15462"}],"version-history":[{"count":1,"href":"https:\/\/chesse.org\/sl\/wp-json\/wp\/v2\/pages\/15462\/revisions"}],"predecessor-version":[{"id":15463,"href":"https:\/\/chesse.org\/sl\/wp-json\/wp\/v2\/pages\/15462\/revisions\/15463"}],"wp:attachment":[{"href":"https:\/\/chesse.org\/sl\/wp-json\/wp\/v2\/media?parent=15462"}],"curies":[{"name":"wp","href":"https:\/\/api.w.org\/{rel}","templated":true}]}}