{"id":10911,"date":"2022-11-07T18:56:27","date_gmt":"2022-11-07T17:56:27","guid":{"rendered":"https:\/\/chesse.org\/ansvarsfriskrivning\/"},"modified":"2026-02-24T10:35:43","modified_gmt":"2026-02-24T09:35:43","slug":"ansvarsfriskrivning","status":"publish","type":"page","link":"https:\/\/chesse.org\/sv\/ansvarsfriskrivning\/","title":{"rendered":"Ansvarsfriskrivning"},"content":{"rendered":"\t\t<div data-elementor-type=\"wp-page\" data-elementor-id=\"10911\" class=\"elementor elementor-10911 elementor-434\" data-elementor-post-type=\"page\">\n\t\t\t\t\t\t<section class=\"elementor-section elementor-top-section elementor-element elementor-element-bff3cab mainLeft elementor-section-boxed elementor-section-height-default elementor-section-height-default\" data-id=\"bff3cab\" data-element_type=\"section\" data-e-type=\"section\">\n\t\t\t\t\t\t<div class=\"elementor-container elementor-column-gap-default\">\n\t\t\t\t\t<div class=\"elementor-column elementor-col-100 elementor-top-column elementor-element elementor-element-a37fbc7\" data-id=\"a37fbc7\" data-element_type=\"column\" data-e-type=\"column\">\n\t\t\t<div class=\"elementor-widget-wrap elementor-element-populated\">\n\t\t\t\t\t\t<div class=\"elementor-element elementor-element-4332acb elementor-widget elementor-widget-text-editor\" data-id=\"4332acb\" data-element_type=\"widget\" data-e-type=\"widget\" data-widget_type=\"text-editor.default\">\n\t\t\t\t<div class=\"elementor-widget-container\">\n\t\t\t\t\t\t\t\t\t<p>Europeiska kommissionens st\u00f6d till produktionen av denna publikation inneb\u00e4r inte att kommissionen godk\u00e4nner inneh\u00e5llet, som endast \u00e5terspeglar f\u00f6rfattarnas \u00e5sikter, och kommissionen kan inte h\u00e5llas ansvarig f\u00f6r den anv\u00e4ndning som kan g\u00f6ras av informationen i publikationen.<\/p><p><a href=\"https:\/\/erasmus-plus.ec.europa.eu\/projects\/search\/details\/2020-1-SE01-KA201-077945\">Erasmus+-projektet Online Resources for Chemical Safety in Science Education<\/a> underh\u00e5ller denna webbplats. Vi g\u00f6r rimliga anstr\u00e4ngningar f\u00f6r att se till att informationen p\u00e5 denna webbplats \u00e4r korrekt och aktuell, och vi f\u00f6rs\u00f6ker r\u00e4tta till fel som vi f\u00e5r k\u00e4nnedom om. Projektet tar dock inget ansvar f\u00f6r informationen p\u00e5 denna webbplats. Vi kan inte h\u00e5llas ansvariga gentemot n\u00e5gon anv\u00e4ndare f\u00f6r n\u00e5gon f\u00f6rlust eller skada som uppst\u00e5r i samband med anv\u00e4ndning av eller of\u00f6rm\u00e5ga att anv\u00e4nda v\u00e5r webbplats eller anv\u00e4ndning av eller tillit till inneh\u00e5ll som visas p\u00e5 v\u00e5r webbplats. <\/p>\t\t\t\t\t\t\t\t<\/div>\n\t\t\t\t<\/div>\n\t\t\t\t\t<\/div>\n\t\t<\/div>\n\t\t\t\t\t<\/div>\n\t\t<\/section>\n\t\t\t\t<\/div>\n\t\t","protected":false},"excerpt":{"rendered":"<p>Europeiska kommissionens st\u00f6d till produktionen av denna publikation inneb\u00e4r inte att kommissionen godk\u00e4nner inneh\u00e5llet, som endast \u00e5terspeglar f\u00f6rfattarnas \u00e5sikter, och kommissionen kan inte h\u00e5llas ansvarig f\u00f6r den anv\u00e4ndning som kan g\u00f6ras av informationen i publikationen. Erasmus+-projektet Online Resources for Chemical Safety in Science Education underh\u00e5ller denna webbplats. Vi g\u00f6r rimliga anstr\u00e4ngningar f\u00f6r att se till &hellip; <a href=\"https:\/\/chesse.org\/sv\/ansvarsfriskrivning\/\" class=\"more-link\">Forts\u00e4tt l\u00e4sa <span class=\"screen-reader-text\">Ansvarsfriskrivning<\/span> <span class=\"meta-nav\">&rarr;<\/span><\/a><\/p>\n","protected":false},"author":43,"featured_media":0,"parent":0,"menu_order":10,"comment_status":"closed","ping_status":"closed","template":"","meta":{"footnotes":""},"class_list":["post-10911","page","type-page","status-publish","hentry"],"yoast_head":"<!-- This site is optimized with the Yoast SEO plugin v27.5 - https:\/\/yoast.com\/product\/yoast-seo-wordpress\/ -->\n<title>Ansvarsfriskrivning &#8211; Chemical Safety in Science Education<\/title>\n<meta name=\"robots\" content=\"index, follow, max-snippet:-1, max-image-preview:large, max-video-preview:-1\" \/>\n<link rel=\"canonical\" href=\"https:\/\/chesse.org\/sv\/ansvarsfriskrivning\/\" \/>\n<meta property=\"og:locale\" content=\"sv_SE\" \/>\n<meta property=\"og:type\" content=\"article\" \/>\n<meta property=\"og:title\" content=\"Ansvarsfriskrivning &#8211; Chemical Safety in Science Education\" \/>\n<meta property=\"og:description\" content=\"Europeiska kommissionens st\u00f6d till produktionen av denna publikation inneb\u00e4r inte att kommissionen godk\u00e4nner inneh\u00e5llet, som endast \u00e5terspeglar f\u00f6rfattarnas \u00e5sikter, och kommissionen kan inte h\u00e5llas ansvarig f\u00f6r den anv\u00e4ndning som kan g\u00f6ras av informationen i publikationen. Erasmus+-projektet Online Resources for Chemical Safety in Science Education underh\u00e5ller denna webbplats. Vi g\u00f6r rimliga anstr\u00e4ngningar f\u00f6r att se till &hellip; Forts\u00e4tt l\u00e4sa Ansvarsfriskrivning &rarr;\" \/>\n<meta property=\"og:url\" content=\"https:\/\/chesse.org\/sv\/ansvarsfriskrivning\/\" \/>\n<meta property=\"og:site_name\" content=\"Chemical Safety in Science Education\" \/>\n<meta property=\"article:modified_time\" content=\"2026-02-24T09:35:43+00:00\" \/>\n<meta property=\"og:image\" content=\"https:\/\/chesse.org\/wp-content\/uploads\/2022\/06\/chesse-sharing.png\" \/>\n\t<meta property=\"og:image:width\" content=\"1200\" \/>\n\t<meta property=\"og:image:height\" content=\"630\" \/>\n\t<meta property=\"og:image:type\" content=\"image\/png\" \/>\n<meta name=\"twitter:card\" content=\"summary_large_image\" \/>\n<script type=\"application\/ld+json\" class=\"yoast-schema-graph\">{\"@context\":\"https:\\\/\\\/schema.org\",\"@graph\":[{\"@type\":\"WebPage\",\"@id\":\"https:\\\/\\\/chesse.org\\\/sv\\\/ansvarsfriskrivning\\\/\",\"url\":\"https:\\\/\\\/chesse.org\\\/sv\\\/ansvarsfriskrivning\\\/\",\"name\":\"Ansvarsfriskrivning &#8211; Chemical Safety in Science Education\",\"isPartOf\":{\"@id\":\"https:\\\/\\\/chesse.org\\\/sv\\\/#website\"},\"datePublished\":\"2022-11-07T17:56:27+00:00\",\"dateModified\":\"2026-02-24T09:35:43+00:00\",\"breadcrumb\":{\"@id\":\"https:\\\/\\\/chesse.org\\\/sv\\\/ansvarsfriskrivning\\\/#breadcrumb\"},\"inLanguage\":\"sv-SE\",\"potentialAction\":[{\"@type\":\"ReadAction\",\"target\":[\"https:\\\/\\\/chesse.org\\\/sv\\\/ansvarsfriskrivning\\\/\"]}]},{\"@type\":\"BreadcrumbList\",\"@id\":\"https:\\\/\\\/chesse.org\\\/sv\\\/ansvarsfriskrivning\\\/#breadcrumb\",\"itemListElement\":[{\"@type\":\"ListItem\",\"position\":1,\"name\":\"Hem\",\"item\":\"https:\\\/\\\/chesse.org\\\/sv\\\/\"},{\"@type\":\"ListItem\",\"position\":2,\"name\":\"Ansvarsfriskrivning\"}]},{\"@type\":\"WebSite\",\"@id\":\"https:\\\/\\\/chesse.org\\\/sv\\\/#website\",\"url\":\"https:\\\/\\\/chesse.org\\\/sv\\\/\",\"name\":\"Chemical Safety in Science Education\",\"description\":\"Condensed, up-to date information for science and chemistry teachers, head of schools and science teacher educators.\",\"publisher\":{\"@id\":\"https:\\\/\\\/chesse.org\\\/sv\\\/#organization\"},\"potentialAction\":[{\"@type\":\"SearchAction\",\"target\":{\"@type\":\"EntryPoint\",\"urlTemplate\":\"https:\\\/\\\/chesse.org\\\/sv\\\/?s={search_term_string}\"},\"query-input\":{\"@type\":\"PropertyValueSpecification\",\"valueRequired\":true,\"valueName\":\"search_term_string\"}}],\"inLanguage\":\"sv-SE\"},{\"@type\":\"Organization\",\"@id\":\"https:\\\/\\\/chesse.org\\\/sv\\\/#organization\",\"name\":\"Online resources for Chemical Safety in Science Education\",\"url\":\"https:\\\/\\\/chesse.org\\\/sv\\\/\",\"logo\":{\"@type\":\"ImageObject\",\"inLanguage\":\"sv-SE\",\"@id\":\"https:\\\/\\\/chesse.org\\\/sv\\\/#\\\/schema\\\/logo\\\/image\\\/\",\"url\":\"https:\\\/\\\/chesse.org\\\/wp-content\\\/uploads\\\/2020\\\/10\\\/CheSSE_logo-01.svg\",\"contentUrl\":\"https:\\\/\\\/chesse.org\\\/wp-content\\\/uploads\\\/2020\\\/10\\\/CheSSE_logo-01.svg\",\"width\":350,\"height\":100,\"caption\":\"Online resources for Chemical Safety in Science Education\"},\"image\":{\"@id\":\"https:\\\/\\\/chesse.org\\\/sv\\\/#\\\/schema\\\/logo\\\/image\\\/\"}}]}<\/script>\n<!-- \/ Yoast SEO plugin. -->","yoast_head_json":{"title":"Ansvarsfriskrivning &#8211; Chemical Safety in Science Education","robots":{"index":"index","follow":"follow","max-snippet":"max-snippet:-1","max-image-preview":"max-image-preview:large","max-video-preview":"max-video-preview:-1"},"canonical":"https:\/\/chesse.org\/sv\/ansvarsfriskrivning\/","og_locale":"sv_SE","og_type":"article","og_title":"Ansvarsfriskrivning &#8211; Chemical Safety in Science Education","og_description":"Europeiska kommissionens st\u00f6d till produktionen av denna publikation inneb\u00e4r inte att kommissionen godk\u00e4nner inneh\u00e5llet, som endast \u00e5terspeglar f\u00f6rfattarnas \u00e5sikter, och kommissionen kan inte h\u00e5llas ansvarig f\u00f6r den anv\u00e4ndning som kan g\u00f6ras av informationen i publikationen. Erasmus+-projektet Online Resources for Chemical Safety in Science Education underh\u00e5ller denna webbplats. Vi g\u00f6r rimliga anstr\u00e4ngningar f\u00f6r att se till &hellip; Forts\u00e4tt l\u00e4sa Ansvarsfriskrivning &rarr;","og_url":"https:\/\/chesse.org\/sv\/ansvarsfriskrivning\/","og_site_name":"Chemical Safety in Science Education","article_modified_time":"2026-02-24T09:35:43+00:00","og_image":[{"width":1200,"height":630,"url":"https:\/\/chesse.org\/wp-content\/uploads\/2022\/06\/chesse-sharing.png","type":"image\/png"}],"twitter_card":"summary_large_image","schema":{"@context":"https:\/\/schema.org","@graph":[{"@type":"WebPage","@id":"https:\/\/chesse.org\/sv\/ansvarsfriskrivning\/","url":"https:\/\/chesse.org\/sv\/ansvarsfriskrivning\/","name":"Ansvarsfriskrivning &#8211; Chemical Safety in Science Education","isPartOf":{"@id":"https:\/\/chesse.org\/sv\/#website"},"datePublished":"2022-11-07T17:56:27+00:00","dateModified":"2026-02-24T09:35:43+00:00","breadcrumb":{"@id":"https:\/\/chesse.org\/sv\/ansvarsfriskrivning\/#breadcrumb"},"inLanguage":"sv-SE","potentialAction":[{"@type":"ReadAction","target":["https:\/\/chesse.org\/sv\/ansvarsfriskrivning\/"]}]},{"@type":"BreadcrumbList","@id":"https:\/\/chesse.org\/sv\/ansvarsfriskrivning\/#breadcrumb","itemListElement":[{"@type":"ListItem","position":1,"name":"Hem","item":"https:\/\/chesse.org\/sv\/"},{"@type":"ListItem","position":2,"name":"Ansvarsfriskrivning"}]},{"@type":"WebSite","@id":"https:\/\/chesse.org\/sv\/#website","url":"https:\/\/chesse.org\/sv\/","name":"Chemical Safety in Science Education","description":"Condensed, up-to date information for science and chemistry teachers, head of schools and science teacher educators.","publisher":{"@id":"https:\/\/chesse.org\/sv\/#organization"},"potentialAction":[{"@type":"SearchAction","target":{"@type":"EntryPoint","urlTemplate":"https:\/\/chesse.org\/sv\/?s={search_term_string}"},"query-input":{"@type":"PropertyValueSpecification","valueRequired":true,"valueName":"search_term_string"}}],"inLanguage":"sv-SE"},{"@type":"Organization","@id":"https:\/\/chesse.org\/sv\/#organization","name":"Online resources for Chemical Safety in Science Education","url":"https:\/\/chesse.org\/sv\/","logo":{"@type":"ImageObject","inLanguage":"sv-SE","@id":"https:\/\/chesse.org\/sv\/#\/schema\/logo\/image\/","url":"https:\/\/chesse.org\/wp-content\/uploads\/2020\/10\/CheSSE_logo-01.svg","contentUrl":"https:\/\/chesse.org\/wp-content\/uploads\/2020\/10\/CheSSE_logo-01.svg","width":350,"height":100,"caption":"Online resources for Chemical Safety in Science Education"},"image":{"@id":"https:\/\/chesse.org\/sv\/#\/schema\/logo\/image\/"}}]}},"_links":{"self":[{"href":"https:\/\/chesse.org\/sv\/wp-json\/wp\/v2\/pages\/10911","targetHints":{"allow":["GET"]}}],"collection":[{"href":"https:\/\/chesse.org\/sv\/wp-json\/wp\/v2\/pages"}],"about":[{"href":"https:\/\/chesse.org\/sv\/wp-json\/wp\/v2\/types\/page"}],"author":[{"embeddable":true,"href":"https:\/\/chesse.org\/sv\/wp-json\/wp\/v2\/users\/43"}],"replies":[{"embeddable":true,"href":"https:\/\/chesse.org\/sv\/wp-json\/wp\/v2\/comments?post=10911"}],"version-history":[{"count":12,"href":"https:\/\/chesse.org\/sv\/wp-json\/wp\/v2\/pages\/10911\/revisions"}],"predecessor-version":[{"id":16546,"href":"https:\/\/chesse.org\/sv\/wp-json\/wp\/v2\/pages\/10911\/revisions\/16546"}],"wp:attachment":[{"href":"https:\/\/chesse.org\/sv\/wp-json\/wp\/v2\/media?parent=10911"}],"curies":[{"name":"wp","href":"https:\/\/api.w.org\/{rel}","templated":true}]}}