{"id":10954,"date":"2026-03-30T09:25:08","date_gmt":"2026-03-30T07:25:08","guid":{"rendered":"https:\/\/chesse.org\/utbildning-i-kemisakerhet\/"},"modified":"2026-03-30T09:29:29","modified_gmt":"2026-03-30T07:29:29","slug":"utbildning-i-kemisakerhet","status":"publish","type":"page","link":"https:\/\/chesse.org\/sv\/ansvar-rutiner-och-utbildning\/utbildning-i-kemisakerhet\/","title":{"rendered":"Utbildning i kemis\u00e4kerhet"},"content":{"rendered":"\t\t<div data-elementor-type=\"wp-page\" data-elementor-id=\"10954\" class=\"elementor elementor-10954 elementor-457\" data-elementor-post-type=\"page\">\n\t\t\t\t\t\t<section class=\"elementor-section elementor-top-section elementor-element elementor-element-0c971fc elementor-section-boxed elementor-section-height-default elementor-section-height-default\" data-id=\"0c971fc\" data-element_type=\"section\" data-e-type=\"section\">\n\t\t\t\t\t\t<div class=\"elementor-container elementor-column-gap-default\">\n\t\t\t\t\t<div class=\"elementor-column elementor-col-100 elementor-top-column elementor-element elementor-element-a620df9\" data-id=\"a620df9\" data-element_type=\"column\" data-e-type=\"column\">\n\t\t\t<div class=\"elementor-widget-wrap elementor-element-populated\">\n\t\t\t\t\t\t<div class=\"elementor-element elementor-element-776151b standfirst elementor-widget elementor-widget-text-editor\" data-id=\"776151b\" data-element_type=\"widget\" data-e-type=\"widget\" data-widget_type=\"text-editor.default\">\n\t\t\t\t<div class=\"elementor-widget-container\">\n\t\t\t\t\t\t\t\t\t<p>F\u00f6r att arbeta med kemikalier p\u00e5 ett s\u00e4kert s\u00e4tt, beh\u00f6vs tillr\u00e4cklig kunskap om kemis\u00e4kerhet. Det g\u00e4ller b\u00e5de l\u00e4rare och elever.<\/p>\t\t\t\t\t\t\t\t<\/div>\n\t\t\t\t<\/div>\n\t\t\t\t<div class=\"elementor-element elementor-element-9eb004b elementor-toc--content-ellipsis elementor-widget elementor-widget-global elementor-global-4867 elementor-global-3097 elementor-widget-table-of-contents\" data-id=\"9eb004b\" data-element_type=\"widget\" data-e-type=\"widget\" data-settings=\"{&quot;headings_by_tags&quot;:[&quot;h2&quot;,&quot;h3&quot;],&quot;exclude_headings_by_selector&quot;:&quot;.noTOC&quot;,&quot;marker_view&quot;:&quot;bullets&quot;,&quot;icon&quot;:{&quot;value&quot;:&quot;fas fa-circle&quot;,&quot;library&quot;:&quot;fa-solid&quot;},&quot;no_headings_message&quot;:&quot;Inga rubriker hittades p\\u00e5 denna sida.&quot;,&quot;hierarchical_view&quot;:&quot;yes&quot;,&quot;min_height&quot;:{&quot;unit&quot;:&quot;px&quot;,&quot;size&quot;:&quot;&quot;,&quot;sizes&quot;:[]},&quot;min_height_tablet&quot;:{&quot;unit&quot;:&quot;px&quot;,&quot;size&quot;:&quot;&quot;,&quot;sizes&quot;:[]},&quot;min_height_mobile&quot;:{&quot;unit&quot;:&quot;px&quot;,&quot;size&quot;:&quot;&quot;,&quot;sizes&quot;:[]}}\" data-widget_type=\"table-of-contents.default\">\n\t\t\t\t<div class=\"elementor-widget-container\">\n\t\t\t\t\t\t\t\t\t<div class=\"elementor-toc__header\">\n\t\t\t\t\t\t<div class=\"elementor-toc__header-title\">\n\t\t\t\tInneh\u00e5ll\t\t\t<\/div>\n\t\t\t\t\t\t\t\t<\/div>\n\t\t\t\t<div id=\"elementor-toc__9eb004b\" class=\"elementor-toc__body\">\n\t\t\t<div class=\"elementor-toc__spinner-container\">\n\t\t\t\t<i class=\"elementor-toc__spinner eicon-animation-spin eicon-loading\" aria-hidden=\"true\"><\/i>\t\t\t<\/div>\n\t\t<\/div>\n\t\t\t\t\t\t<\/div>\n\t\t\t\t<\/div>\n\t\t\t\t<div class=\"elementor-element elementor-element-0be279b elementor-widget elementor-widget-text-editor\" data-id=\"0be279b\" data-element_type=\"widget\" data-e-type=\"widget\" data-widget_type=\"text-editor.default\">\n\t\t\t\t<div class=\"elementor-widget-container\">\n\t\t\t\t\t\t\t\t\t<h2>L\u00e4rarfortbildning<\/h2><p>F\u00f6r att hantera kemikalier i skolan beh\u00f6ver l\u00e4raren tv\u00e5 olika sorters f\u00e4rdigheter:<\/p><ul><li>Praktiska och teoretiska kunskaper om hur farliga kemikalier hanteras p\u00e5 ett s\u00e4kert s\u00e4tt och hur man l\u00e4r ut detta till eleverna.<\/li><li>Tillr\u00e4cklig kompetens f\u00f6r arbetsuppgifter kopplat till kemikaliehantering, exempelvis riskbed\u00f6mning, f\u00f6rvaring av kemikalier och hantering av labbavfall.<\/li><\/ul><p>\u00c4ven om l\u00e4rare har l\u00e4rt sig att arbeta s\u00e4kert med kemikalier under sin utbildning, \u00e4r erfarenheten av att ta hand om en kemiinstitution ofta begr\u00e4nsad. Dessutom beh\u00f6ver \u00e4ven erfarna l\u00e4rare ges m\u00f6jlighet att underh\u00e5lla och uppdatera sina kunskaper. <\/p><h3>Ansvar f\u00f6r l\u00e4rares fortbildning i kemis\u00e4kerhet<\/h3><p>P\u00e5 en arbetsplats med kemikalier ska arbetsgivaren s\u00e4kerst\u00e4lla att de anst\u00e4llda har l\u00e4mplig kompetens f\u00f6r att arbeta s\u00e4kert med kemikalierna. Anst\u00e4llda som har arbetsuppgifter relaterade till kemis\u00e4kerhet ska ocks\u00e5 ges den tid och den fortbildning som beh\u00f6vs f\u00f6r att de ska k\u00e4nna sig trygga i arbetet. Det g\u00e4ller b\u00e5de l\u00e4rares och elevers arbete med kemikalier.  <\/p><p>Det finns flera s\u00e4tt att organisera fortbildning. I vissa l\u00e4nder erbjuds kurser av fackf\u00f6reningar eller av privata f\u00f6retag, men fortbildningen kan \u00e4ven ordnas lokalt. Annars m\u00e5ste utbildningen ordnas lokalt. Den h\u00e4r hemsidan t\u00e4cker grundkraven och instruktionerna f\u00f6r kemis\u00e4kerhetsarbete och kan anv\u00e4ndas som en resurs f\u00f6r utbildning om kemis\u00e4kerhet. <\/p><h3>Arbete med farliga kemikalier<\/h3><p>L\u00e4rare, som inte k\u00e4nner sig trygga i arbetet med farliga kemikalier, m\u00e5ste f\u00e5 riktad fortbildning. Det \u00e4r viktigt att l\u00e4raren och arbetsgivaren kommunicerar med varandra om utbildningsbehovet. Denna webbplats \u00e4r inte tillr\u00e4cklig f\u00f6r denna typ av riktad fortbildning.<\/p><h3>Grundl\u00e4ggande fortbildning i kemis\u00e4kerhet<\/h3><p>Alla l\u00e4rare som undervisar i kemi ska ha en grundl\u00e4ggande f\u00f6rst\u00e5else f\u00f6r fr\u00e5gor som r\u00f6r kemis\u00e4kerhet och k\u00e4nna till sin skolas s\u00e4kerhetsrutiner.<\/p>\t\t\t\t\t\t\t\t<\/div>\n\t\t\t\t<\/div>\n\t\t\t\t<div class=\"elementor-element elementor-element-e1f7435 elementor-widget elementor-widget-toggle\" data-id=\"e1f7435\" data-element_type=\"widget\" data-e-type=\"widget\" data-widget_type=\"toggle.default\">\n\t\t\t\t<div class=\"elementor-widget-container\">\n\t\t\t\t\t\t\t<div class=\"elementor-toggle\">\n\t\t\t\t\t\t\t<div class=\"elementor-toggle-item\">\n\t\t\t\t\t<div id=\"elementor-tab-title-2361\" class=\"elementor-tab-title\" data-tab=\"1\" role=\"button\" aria-controls=\"elementor-tab-content-2361\" aria-expanded=\"false\">\n\t\t\t\t\t\t\t\t\t\t\t\t<span class=\"elementor-toggle-icon elementor-toggle-icon-left\" aria-hidden=\"true\">\n\t\t\t\t\t\t\t\t\t\t\t\t\t\t\t<span class=\"elementor-toggle-icon-closed\"><i class=\"fas fa-caret-right\"><\/i><\/span>\n\t\t\t\t\t\t\t\t<span class=\"elementor-toggle-icon-opened\"><i class=\"elementor-toggle-icon-opened fas fa-caret-down\"><\/i><\/span>\n\t\t\t\t\t\t\t\t\t\t\t\t\t<\/span>\n\t\t\t\t\t\t\t\t\t\t\t\t<a class=\"elementor-toggle-title\" tabindex=\"0\">Exempel p\u00e5 hur en introduktionskurs i kemis\u00e4kerhet kan se ut<\/a>\n\t\t\t\t\t<\/div>\n\n\t\t\t\t\t<div id=\"elementor-tab-content-2361\" class=\"elementor-tab-content elementor-clearfix\" data-tab=\"1\" role=\"region\" aria-labelledby=\"elementor-tab-title-2361\"><p>Fortbildning i kemis\u00e4kerhet b\u00f6r ske fortl\u00f6pande. Detta exempel inbegriper en f\u00f6rberedande uppgift och en uppf\u00f6ljande uppgift, eftersom kemis\u00e4kerhetsarbete blir mer meningsfullt i ett relevant sammanhang. Det g\u00e5r dock att enbart genomf\u00f6ra den grundl\u00e4ggande introduktionen i mitten. <\/p>\n<p><strong>F\u00f6rberedande uppgift<br \/><\/strong><\/p>\n<p>Skriv ner fr\u00e5gor du vill ha svar p\u00e5 under fortbildningen.<\/p>\n<p><strong>Grundl\u00e4ggande fortbildning om kemis\u00e4kerhet<\/strong><\/p>\n<p>F\u00f6ljande delar \u00e4r l\u00e4mpliga att ta med i den grundl\u00e4ggande fortbildningen:<\/p>\n<ol>\n<li>Inledning och f\u00f6rv\u00e4ntningar<\/li>\n<li>CheSSE.org som kemis\u00e4kerhetsresurs<\/li>\n<li>Lagstiftning <\/li>\n<li>Ansvarsfr\u00e5gor<\/li>\n<li>S\u00e4kerhetsdatablad<\/li>\n<li>Riskbed\u00f6mning<\/li>\n<li>F\u00f6rvaring och m\u00e4rkning av kemikalier<\/li>\n<li>Att g\u00f6ra egna l\u00f6sningar och etiketter f\u00f6r m\u00e4rkning<\/li>\n<li>Hantering av farligt avfall<\/li>\n<li>L\u00e4rarens ansvar vid praktiskt arbete p\u00e5 labb<\/li>\n<li>Skolans rutiner och information<\/li>\n<li>Sammanfattning och reflektion<\/li>\n<\/ol>\n<p><strong>Uppf\u00f6ljning<br \/><\/strong><\/p>\n<p>Ett uppf\u00f6ljande projekt som kan utf\u00f6ras individuellt men g\u00e4rna tillsammans med en kollega. <\/p>\n<ol>\n<li>Identifiera ett omr\u00e5de kopplat till kemis\u00e4kerhet p\u00e5 din skola som beh\u00f6ver f\u00f6rb\u00e4ttras<\/li>\n<li>G\u00f6r en handlingsplan f\u00f6r vad du ska f\u00f6rb\u00e4ttra situationen och verkst\u00e4ll planen<\/li>\n<li>Skriv en kort rapport och dela den med din arbetsgivare<\/li>\n<\/ol>\n<\/div>\n\t\t\t\t<\/div>\n\t\t\t\t\t\t\t\t<\/div>\n\t\t\t\t\t\t<\/div>\n\t\t\t\t<\/div>\n\t\t\t\t<div class=\"elementor-element elementor-element-96c13cf elementor-widget elementor-widget-text-editor\" data-id=\"96c13cf\" data-element_type=\"widget\" data-e-type=\"widget\" data-widget_type=\"text-editor.default\">\n\t\t\t\t<div class=\"elementor-widget-container\">\n\t\t\t\t\t\t\t\t\t<h3>Fortbildning kring s\u00e4rskilda arbetsuppgifter<\/h3><p>Den som tilldelats s\u00e4rskilda arbetsuppgifter i kemis\u00e4kerhet m\u00e5ste ocks\u00e5 f\u00e5 resurser i form av tid och fortbildning f\u00f6r att kunna genomf\u00f6ra arbetet tillfredst\u00e4llande. Det kan exempelvis handla om att uppdatera kemikalief\u00f6rteckningen. Fortbildningen kan ske internt p\u00e5 arbetsplatsen av n\u00e5gon som haft arbetsuppgiften tidigare eller genom sj\u00e4lvstudier. Oavsett omst\u00e4ndigheter \u00e4r det viktigt att tillr\u00e4ckligt med tid avs\u00e4tts f\u00f6r fortbildningen.<\/p><p>Det \u00e4r v\u00e4rdefullt om en eller flera personer i organisationen f\u00e5r mer omfattande kompetensutveckling i kemis\u00e4kerhet f\u00f6r att vara en resurs i kemis\u00e4kerhetsfr\u00e5gor.<\/p><h3>St\u00f6d efter fortbildning<\/h3><p>Genom att ha en god s\u00e4kerhetskultur p\u00e5 skolan d\u00e4r kollegor med j\u00e4mna mellanrum kan diskutera kemis\u00e4kerhetsfr\u00e5gor, kan en god kompetens uppr\u00e4tth\u00e5llas och utvecklas. I vissa l\u00e4nder finns ocks\u00e5 nationella eller regionala n\u00e4tverk eller f\u00f6retag som ger st\u00f6d i kemis\u00e4kerhetsfr\u00e5gor.<\/p>\t\t\t\t\t\t\t\t<\/div>\n\t\t\t\t<\/div>\n\t\t\t\t<div class=\"elementor-element elementor-element-9a8fe71 elementor-widget elementor-widget-text-editor\" data-id=\"9a8fe71\" data-element_type=\"widget\" data-e-type=\"widget\" data-widget_type=\"text-editor.default\">\n\t\t\t\t<div class=\"elementor-widget-container\">\n\t\t\t\t\t\t\t\t\t<h2>Undervisa elever i kemis\u00e4kerhet<\/h2><p>Elever b\u00f6r f\u00e5 grundl\u00e4ggande undervisning i kemis\u00e4kerhet vid laborativt arbete, som anpassad efter \u00e5ldersgruppens behov och aktiviteter. Detta kan ske antingen i b\u00f6rjan av varje l\u00e4s\u00e5r eller n\u00e4r eleverna \u00e4r nya p\u00e5 skolan. H\u00e4r ing\u00e5r att eleverna f\u00e5r l\u00e4ra sig s\u00e4kerhetsreglerna som g\u00e4ller i kemilabbet och hur man l\u00e4ser och tolkar faropiktogram. Genom att diskutera fram reglerna tillsammans med eleverna kan dessa bli l\u00e4ttare f\u00f6r eleverna att komma ih\u00e5g och f\u00f6lja dem.<\/p><p>Det kan ocks\u00e5 vara bra att undervisa eleverna om specifika metoder, till exempel korrekt anv\u00e4ndning av gasbr\u00e4nnare eller pipetter, f\u00f6r att s\u00e4kerst\u00e4lla korrekt hantering och d\u00e4rmed minimera risken f\u00f6r olyckor. N\u00e4r eleverna har visat sina praktiska f\u00e4rdigheter kan de f\u00e5 ett diplom som ett bevis p\u00e5 genomf\u00f6rd utbildning.<\/p><ul><li class=\"word\"><a href=\"https:\/\/chesse.org\/wp-content\/uploads\/SV_Routines-for-HSE-training-of-students.docx\">Mall: Rutin f\u00f6r information till elever om kemis\u00e4kerhet (Word)<\/a><\/li><li class=\"word\"><a href=\"https:\/\/chesse.org\/wp-content\/uploads\/SV_Gas-burner-instructions.docx\">Mall: Manual f\u00f6r anv\u00e4ndning av gasolbr\u00e4nnare (Word)<\/a><\/li><li class=\"powerpoint\"><a href=\"https:\/\/chesse.org\/wp-content\/uploads\/SV_Template-gas-burner-certificate.pptx\">Mall: Diplom Br\u00e4nnark\u00f6rkort (Powerpoint)<\/a><\/li><\/ul>\t\t\t\t\t\t\t\t<\/div>\n\t\t\t\t<\/div>\n\t\t\t\t\t<\/div>\n\t\t<\/div>\n\t\t\t\t\t<\/div>\n\t\t<\/section>\n\t\t\t\t<\/div>\n\t\t","protected":false},"excerpt":{"rendered":"<p>F\u00f6r att arbeta med kemikalier p\u00e5 ett s\u00e4kert s\u00e4tt, beh\u00f6vs tillr\u00e4cklig kunskap om kemis\u00e4kerhet. Det g\u00e4ller b\u00e5de l\u00e4rare och elever. Inneh\u00e5ll L\u00e4rarfortbildning F\u00f6r att hantera kemikalier i skolan beh\u00f6ver l\u00e4raren tv\u00e5 olika sorters f\u00e4rdigheter: Praktiska och teoretiska kunskaper om hur farliga kemikalier hanteras p\u00e5 ett s\u00e4kert s\u00e4tt och hur man l\u00e4r ut detta till eleverna. &hellip; <a href=\"https:\/\/chesse.org\/sv\/ansvar-rutiner-och-utbildning\/utbildning-i-kemisakerhet\/\" class=\"more-link\">Forts\u00e4tt l\u00e4sa <span class=\"screen-reader-text\">Utbildning i kemis\u00e4kerhet<\/span> <span class=\"meta-nav\">&rarr;<\/span><\/a><\/p>\n","protected":false},"author":55,"featured_media":0,"parent":11104,"menu_order":2,"comment_status":"closed","ping_status":"closed","template":"","meta":{"footnotes":""},"class_list":["post-10954","page","type-page","status-publish","hentry"],"yoast_head":"<!-- This site is optimized with the Yoast SEO plugin v27.4 - https:\/\/yoast.com\/product\/yoast-seo-wordpress\/ -->\n<title>Utbildning i kemis\u00e4kerhet &#8211; Chemical Safety in Science Education<\/title>\n<meta name=\"description\" content=\"Alla som ska arbeta med kemikalier beh\u00f6ver utbildning om kemis\u00e4kerhet. Det g\u00e4ller b\u00e5de l\u00e4rare och elever.\" \/>\n<meta name=\"robots\" content=\"index, follow, max-snippet:-1, max-image-preview:large, max-video-preview:-1\" \/>\n<link rel=\"canonical\" href=\"https:\/\/chesse.org\/sv\/ansvar-rutiner-och-utbildning\/utbildning-i-kemisakerhet\/\" \/>\n<meta property=\"og:locale\" content=\"sv_SE\" \/>\n<meta property=\"og:type\" content=\"article\" \/>\n<meta property=\"og:title\" content=\"Utbildning i kemis\u00e4kerhet &#8211; Chemical Safety in Science Education\" \/>\n<meta property=\"og:description\" content=\"Alla som ska arbeta med kemikalier beh\u00f6ver utbildning om kemis\u00e4kerhet. Det g\u00e4ller b\u00e5de l\u00e4rare och elever.\" \/>\n<meta property=\"og:url\" content=\"https:\/\/chesse.org\/sv\/ansvar-rutiner-och-utbildning\/utbildning-i-kemisakerhet\/\" \/>\n<meta property=\"og:site_name\" content=\"Chemical Safety in Science Education\" \/>\n<meta property=\"article:modified_time\" content=\"2026-03-30T07:29:29+00:00\" \/>\n<meta property=\"og:image\" content=\"https:\/\/chesse.org\/wp-content\/uploads\/2022\/06\/chesse-sharing.png\" \/>\n\t<meta property=\"og:image:width\" content=\"1200\" \/>\n\t<meta property=\"og:image:height\" content=\"630\" \/>\n\t<meta property=\"og:image:type\" content=\"image\/png\" \/>\n<meta name=\"twitter:card\" content=\"summary_large_image\" \/>\n<script type=\"application\/ld+json\" class=\"yoast-schema-graph\">{\"@context\":\"https:\\\/\\\/schema.org\",\"@graph\":[{\"@type\":\"WebPage\",\"@id\":\"https:\\\/\\\/chesse.org\\\/sv\\\/ansvar-rutiner-och-utbildning\\\/utbildning-i-kemisakerhet\\\/\",\"url\":\"https:\\\/\\\/chesse.org\\\/sv\\\/ansvar-rutiner-och-utbildning\\\/utbildning-i-kemisakerhet\\\/\",\"name\":\"Utbildning i kemis\u00e4kerhet &#8211; Chemical Safety in Science Education\",\"isPartOf\":{\"@id\":\"https:\\\/\\\/chesse.org\\\/sv\\\/#website\"},\"datePublished\":\"2026-03-30T07:25:08+00:00\",\"dateModified\":\"2026-03-30T07:29:29+00:00\",\"description\":\"Alla som ska arbeta med kemikalier beh\u00f6ver utbildning om kemis\u00e4kerhet. Det g\u00e4ller b\u00e5de l\u00e4rare och elever.\",\"breadcrumb\":{\"@id\":\"https:\\\/\\\/chesse.org\\\/sv\\\/ansvar-rutiner-och-utbildning\\\/utbildning-i-kemisakerhet\\\/#breadcrumb\"},\"inLanguage\":\"sv-SE\",\"potentialAction\":[{\"@type\":\"ReadAction\",\"target\":[\"https:\\\/\\\/chesse.org\\\/sv\\\/ansvar-rutiner-och-utbildning\\\/utbildning-i-kemisakerhet\\\/\"]}]},{\"@type\":\"BreadcrumbList\",\"@id\":\"https:\\\/\\\/chesse.org\\\/sv\\\/ansvar-rutiner-och-utbildning\\\/utbildning-i-kemisakerhet\\\/#breadcrumb\",\"itemListElement\":[{\"@type\":\"ListItem\",\"position\":1,\"name\":\"Hem\",\"item\":\"https:\\\/\\\/chesse.org\\\/sv\\\/\"},{\"@type\":\"ListItem\",\"position\":2,\"name\":\"Ansvar, rutiner och utbildning\",\"item\":\"https:\\\/\\\/chesse.org\\\/sv\\\/ansvar-rutiner-och-utbildning\\\/\"},{\"@type\":\"ListItem\",\"position\":3,\"name\":\"Utbildning i kemis\u00e4kerhet\"}]},{\"@type\":\"WebSite\",\"@id\":\"https:\\\/\\\/chesse.org\\\/sv\\\/#website\",\"url\":\"https:\\\/\\\/chesse.org\\\/sv\\\/\",\"name\":\"Chemical Safety in Science Education\",\"description\":\"Condensed, up-to date information for science and chemistry teachers, head of schools and science teacher educators.\",\"publisher\":{\"@id\":\"https:\\\/\\\/chesse.org\\\/sv\\\/#organization\"},\"potentialAction\":[{\"@type\":\"SearchAction\",\"target\":{\"@type\":\"EntryPoint\",\"urlTemplate\":\"https:\\\/\\\/chesse.org\\\/sv\\\/?s={search_term_string}\"},\"query-input\":{\"@type\":\"PropertyValueSpecification\",\"valueRequired\":true,\"valueName\":\"search_term_string\"}}],\"inLanguage\":\"sv-SE\"},{\"@type\":\"Organization\",\"@id\":\"https:\\\/\\\/chesse.org\\\/sv\\\/#organization\",\"name\":\"Online resources for Chemical Safety in Science Education\",\"url\":\"https:\\\/\\\/chesse.org\\\/sv\\\/\",\"logo\":{\"@type\":\"ImageObject\",\"inLanguage\":\"sv-SE\",\"@id\":\"https:\\\/\\\/chesse.org\\\/sv\\\/#\\\/schema\\\/logo\\\/image\\\/\",\"url\":\"https:\\\/\\\/chesse.org\\\/wp-content\\\/uploads\\\/2020\\\/10\\\/CheSSE_logo-01.svg\",\"contentUrl\":\"https:\\\/\\\/chesse.org\\\/wp-content\\\/uploads\\\/2020\\\/10\\\/CheSSE_logo-01.svg\",\"width\":350,\"height\":100,\"caption\":\"Online resources for Chemical Safety in Science Education\"},\"image\":{\"@id\":\"https:\\\/\\\/chesse.org\\\/sv\\\/#\\\/schema\\\/logo\\\/image\\\/\"}}]}<\/script>\n<!-- \/ Yoast SEO plugin. -->","yoast_head_json":{"title":"Utbildning i kemis\u00e4kerhet &#8211; Chemical Safety in Science Education","description":"Alla som ska arbeta med kemikalier beh\u00f6ver utbildning om kemis\u00e4kerhet. Det g\u00e4ller b\u00e5de l\u00e4rare och elever.","robots":{"index":"index","follow":"follow","max-snippet":"max-snippet:-1","max-image-preview":"max-image-preview:large","max-video-preview":"max-video-preview:-1"},"canonical":"https:\/\/chesse.org\/sv\/ansvar-rutiner-och-utbildning\/utbildning-i-kemisakerhet\/","og_locale":"sv_SE","og_type":"article","og_title":"Utbildning i kemis\u00e4kerhet &#8211; Chemical Safety in Science Education","og_description":"Alla som ska arbeta med kemikalier beh\u00f6ver utbildning om kemis\u00e4kerhet. Det g\u00e4ller b\u00e5de l\u00e4rare och elever.","og_url":"https:\/\/chesse.org\/sv\/ansvar-rutiner-och-utbildning\/utbildning-i-kemisakerhet\/","og_site_name":"Chemical Safety in Science Education","article_modified_time":"2026-03-30T07:29:29+00:00","og_image":[{"width":1200,"height":630,"url":"https:\/\/chesse.org\/wp-content\/uploads\/2022\/06\/chesse-sharing.png","type":"image\/png"}],"twitter_card":"summary_large_image","schema":{"@context":"https:\/\/schema.org","@graph":[{"@type":"WebPage","@id":"https:\/\/chesse.org\/sv\/ansvar-rutiner-och-utbildning\/utbildning-i-kemisakerhet\/","url":"https:\/\/chesse.org\/sv\/ansvar-rutiner-och-utbildning\/utbildning-i-kemisakerhet\/","name":"Utbildning i kemis\u00e4kerhet &#8211; Chemical Safety in Science Education","isPartOf":{"@id":"https:\/\/chesse.org\/sv\/#website"},"datePublished":"2026-03-30T07:25:08+00:00","dateModified":"2026-03-30T07:29:29+00:00","description":"Alla som ska arbeta med kemikalier beh\u00f6ver utbildning om kemis\u00e4kerhet. Det g\u00e4ller b\u00e5de l\u00e4rare och elever.","breadcrumb":{"@id":"https:\/\/chesse.org\/sv\/ansvar-rutiner-och-utbildning\/utbildning-i-kemisakerhet\/#breadcrumb"},"inLanguage":"sv-SE","potentialAction":[{"@type":"ReadAction","target":["https:\/\/chesse.org\/sv\/ansvar-rutiner-och-utbildning\/utbildning-i-kemisakerhet\/"]}]},{"@type":"BreadcrumbList","@id":"https:\/\/chesse.org\/sv\/ansvar-rutiner-och-utbildning\/utbildning-i-kemisakerhet\/#breadcrumb","itemListElement":[{"@type":"ListItem","position":1,"name":"Hem","item":"https:\/\/chesse.org\/sv\/"},{"@type":"ListItem","position":2,"name":"Ansvar, rutiner och utbildning","item":"https:\/\/chesse.org\/sv\/ansvar-rutiner-och-utbildning\/"},{"@type":"ListItem","position":3,"name":"Utbildning i kemis\u00e4kerhet"}]},{"@type":"WebSite","@id":"https:\/\/chesse.org\/sv\/#website","url":"https:\/\/chesse.org\/sv\/","name":"Chemical Safety in Science Education","description":"Condensed, up-to date information for science and chemistry teachers, head of schools and science teacher educators.","publisher":{"@id":"https:\/\/chesse.org\/sv\/#organization"},"potentialAction":[{"@type":"SearchAction","target":{"@type":"EntryPoint","urlTemplate":"https:\/\/chesse.org\/sv\/?s={search_term_string}"},"query-input":{"@type":"PropertyValueSpecification","valueRequired":true,"valueName":"search_term_string"}}],"inLanguage":"sv-SE"},{"@type":"Organization","@id":"https:\/\/chesse.org\/sv\/#organization","name":"Online resources for Chemical Safety in Science Education","url":"https:\/\/chesse.org\/sv\/","logo":{"@type":"ImageObject","inLanguage":"sv-SE","@id":"https:\/\/chesse.org\/sv\/#\/schema\/logo\/image\/","url":"https:\/\/chesse.org\/wp-content\/uploads\/2020\/10\/CheSSE_logo-01.svg","contentUrl":"https:\/\/chesse.org\/wp-content\/uploads\/2020\/10\/CheSSE_logo-01.svg","width":350,"height":100,"caption":"Online resources for Chemical Safety in Science Education"},"image":{"@id":"https:\/\/chesse.org\/sv\/#\/schema\/logo\/image\/"}}]}},"_links":{"self":[{"href":"https:\/\/chesse.org\/sv\/wp-json\/wp\/v2\/pages\/10954","targetHints":{"allow":["GET"]}}],"collection":[{"href":"https:\/\/chesse.org\/sv\/wp-json\/wp\/v2\/pages"}],"about":[{"href":"https:\/\/chesse.org\/sv\/wp-json\/wp\/v2\/types\/page"}],"author":[{"embeddable":true,"href":"https:\/\/chesse.org\/sv\/wp-json\/wp\/v2\/users\/55"}],"replies":[{"embeddable":true,"href":"https:\/\/chesse.org\/sv\/wp-json\/wp\/v2\/comments?post=10954"}],"version-history":[{"count":29,"href":"https:\/\/chesse.org\/sv\/wp-json\/wp\/v2\/pages\/10954\/revisions"}],"predecessor-version":[{"id":16767,"href":"https:\/\/chesse.org\/sv\/wp-json\/wp\/v2\/pages\/10954\/revisions\/16767"}],"up":[{"embeddable":true,"href":"https:\/\/chesse.org\/sv\/wp-json\/wp\/v2\/pages\/11104"}],"wp:attachment":[{"href":"https:\/\/chesse.org\/sv\/wp-json\/wp\/v2\/media?parent=10954"}],"curies":[{"name":"wp","href":"https:\/\/api.w.org\/{rel}","templated":true}]}}