{"id":10972,"date":"2026-03-30T09:20:40","date_gmt":"2026-03-30T07:20:40","guid":{"rendered":"https:\/\/chesse.org\/ansvar\/"},"modified":"2026-03-30T09:23:24","modified_gmt":"2026-03-30T07:23:24","slug":"ansvar","status":"publish","type":"page","link":"https:\/\/chesse.org\/sv\/ansvar-rutiner-och-utbildning\/ansvar\/","title":{"rendered":"Ansvar"},"content":{"rendered":"\t\t<div data-elementor-type=\"wp-page\" data-elementor-id=\"10972\" class=\"elementor elementor-10972 elementor-2086\" data-elementor-post-type=\"page\">\n\t\t\t\t\t\t<section class=\"elementor-section elementor-top-section elementor-element elementor-element-5448ac6 elementor-section-boxed elementor-section-height-default elementor-section-height-default\" data-id=\"5448ac6\" data-element_type=\"section\" data-e-type=\"section\">\n\t\t\t\t\t\t<div class=\"elementor-container elementor-column-gap-default\">\n\t\t\t\t\t<div class=\"elementor-column elementor-col-100 elementor-top-column elementor-element elementor-element-a9c8175\" data-id=\"a9c8175\" data-element_type=\"column\" data-e-type=\"column\">\n\t\t\t<div class=\"elementor-widget-wrap elementor-element-populated\">\n\t\t\t\t\t\t<div class=\"elementor-element elementor-element-8ff28ff standfirst elementor-widget elementor-widget-text-editor\" data-id=\"8ff28ff\" data-element_type=\"widget\" data-e-type=\"widget\" data-widget_type=\"text-editor.default\">\n\t\t\t\t<div class=\"elementor-widget-container\">\n\t\t\t\t\t\t\t\t\t<p>Alla som arbetar p\u00e5 en skola ska samarbeta f\u00f6r att s\u00e4kerst\u00e4lla en god arbetsmilj\u00f6, men arbetsgivaren har det juridiska ansvaret f\u00f6r kemis\u00e4kerheten som \u00e4r en del av arbetsmilj\u00f6n.<\/p>\t\t\t\t\t\t\t\t<\/div>\n\t\t\t\t<\/div>\n\t\t\t\t<div class=\"elementor-element elementor-element-984e59e elementor-toc--content-ellipsis elementor-widget elementor-widget-global elementor-global-4867 elementor-global-3097 elementor-widget-table-of-contents\" data-id=\"984e59e\" data-element_type=\"widget\" data-e-type=\"widget\" data-settings=\"{&quot;headings_by_tags&quot;:[&quot;h2&quot;,&quot;h3&quot;],&quot;exclude_headings_by_selector&quot;:&quot;.noTOC&quot;,&quot;marker_view&quot;:&quot;bullets&quot;,&quot;icon&quot;:{&quot;value&quot;:&quot;fas fa-circle&quot;,&quot;library&quot;:&quot;fa-solid&quot;},&quot;no_headings_message&quot;:&quot;Inga rubriker hittades p\\u00e5 denna sida.&quot;,&quot;hierarchical_view&quot;:&quot;yes&quot;,&quot;min_height&quot;:{&quot;unit&quot;:&quot;px&quot;,&quot;size&quot;:&quot;&quot;,&quot;sizes&quot;:[]},&quot;min_height_tablet&quot;:{&quot;unit&quot;:&quot;px&quot;,&quot;size&quot;:&quot;&quot;,&quot;sizes&quot;:[]},&quot;min_height_mobile&quot;:{&quot;unit&quot;:&quot;px&quot;,&quot;size&quot;:&quot;&quot;,&quot;sizes&quot;:[]}}\" data-widget_type=\"table-of-contents.default\">\n\t\t\t\t<div class=\"elementor-widget-container\">\n\t\t\t\t\t\t\t\t\t<div class=\"elementor-toc__header\">\n\t\t\t\t\t\t<div class=\"elementor-toc__header-title\">\n\t\t\t\tInneh\u00e5ll\t\t\t<\/div>\n\t\t\t\t\t\t\t\t<\/div>\n\t\t\t\t<div id=\"elementor-toc__984e59e\" class=\"elementor-toc__body\">\n\t\t\t<div class=\"elementor-toc__spinner-container\">\n\t\t\t\t<i class=\"elementor-toc__spinner eicon-animation-spin eicon-loading\" aria-hidden=\"true\"><\/i>\t\t\t<\/div>\n\t\t<\/div>\n\t\t\t\t\t\t<\/div>\n\t\t\t\t<\/div>\n\t\t\t\t<div class=\"elementor-element elementor-element-e0bca9d elementor-widget elementor-widget-text-editor\" data-id=\"e0bca9d\" data-element_type=\"widget\" data-e-type=\"widget\" data-widget_type=\"text-editor.default\">\n\t\t\t\t<div class=\"elementor-widget-container\">\n\t\t\t\t\t\t\t\t\t<h2>Arbetsgivarens ansvar<\/h2><p>Arbetsgivaren, eller rektorn som representant f\u00f6r arbetsgivaren, har det formella ansvaret f\u00f6r b\u00e5de l\u00e4rares och elevers arbetsmilj\u00f6. I detta ansvar ing\u00e5r<\/p><ul><li>att s\u00e4kerst\u00e4lla att skolan har ett dokumenterat systematiskt kemis\u00e4kerhetsarbete, enligt lagkraven.<\/li><li>att s\u00e4kerst\u00e4lla att arbetstagare (\u00e4ven elever) har tillr\u00e4cklig kunskap och utbildning om kemis\u00e4kerhet.<\/li><li>att avs\u00e4tta tillr\u00e4ckligt med tid och andra resurser till kemis\u00e4kerhetsarbetet.<\/li><\/ul><p>Arbetsgivare ska s\u00e4kerst\u00e4lla att kemis\u00e4kerhetsarbetet utf\u00f6rs systematiskt. De beh\u00f6ver k\u00e4nna till vad som kr\u00e4vs, s\u00e4kerst\u00e4lla att n\u00f6dv\u00e4ndiga rutiner uppr\u00e4ttas, samt att tillh\u00f6rande arbetsuppgifter f\u00f6rdelas och utf\u00f6rs. Skolledare utan NV-bakgrund kan sakna insikt om inneh\u00e5llet i detta arbete.<\/p><p>\u00c4ven om arbetsgivaren \u00e4r formellt ansvarig f\u00f6r kemis\u00e4kerheten, beh\u00f6ver hen inte sj\u00e4lv utf\u00f6ra arbetet. Ist\u00e4llet kan konkreta arbetsuppgifter f\u00f6rdelas till en eller flera person(er) med l\u00e4mpliga kvalifikationer, exempelvis kemil\u00e4rare. Personen som f\u00e5r dessa uppgifter ska ocks\u00e5 f\u00e5 n\u00f6dv\u00e4ndiga resurser, i form av tid och utbildning, f\u00f6r att utf\u00f6ra jobbet.<\/p><h3>F\u00f6rdelning av arbetsuppgifter<\/h3><p>M\u00e5nga arbetsuppgifter som beh\u00f6ver utf\u00f6ras f\u00f6r att ta hand om skolans kemiinstitution, ryms inte i l\u00e4rares ordinarie pedagogiska arbete. F\u00f6r att s\u00e4kerst\u00e4lla en god arbetsmilj\u00f6 kring skolans kemiundervisning ska arbetsgivaren d\u00e4rf\u00f6r specificera och f\u00f6rdela s\u00e5dana arbetsuppgifter skriftligen.<\/p><p>Exempel p\u00e5 uppgifter som kan f\u00f6rdelas \u00e4r:<\/p><ul><li>Att organisera arbetsmilj\u00f6arbetet p\u00e5 kemiinstitutionen<\/li><li>Hantering av f\u00f6rvaring och avfall av kemikalier<\/li><li>Kontroll och underh\u00e5ll av utrustning<\/li><\/ul><p>N\u00e4r en arbetstagare tilldelas en uppgift \u00e4r det arbetsgivarens ansvar att tillhandah\u00e5lla de resurser som kr\u00e4vs f\u00f6r att utf\u00f6ra arbetet.<\/p><ul><li class=\"word\"><a href=\"https:\/\/chesse.org\/wp-content\/uploads\/SV_Overview-of-distributed-chemical-safety-tasks.docx\">Mall: \u00d6versikt \u00f6ver f\u00f6rdelade kemis\u00e4kerhetsuppgifter (Word)<\/a><\/li><li class=\"word\"><a href=\"https:\/\/chesse.org\/wp-content\/uploads\/SV_Contract-distribution-of-tasks.docx\">Mall: Kontrakt f\u00f6r f\u00f6rdelning av arbetsuppgifter p\u00e5 NV-institutionen (Word)<\/a><\/li><li class=\"word\"><a href=\"https:\/\/chesse.org\/wp-content\/uploads\/SV_Routines-for-HSE-training-of-teachers.docx\">Mall: Rutin f\u00f6r NV-l\u00e4rares fortbildning i kemis\u00e4kerhet (Word)<\/a><\/li><\/ul>\t\t\t\t\t\t\t\t<\/div>\n\t\t\t\t<\/div>\n\t\t\t\t<div class=\"elementor-element elementor-element-1ef0ea5 elementor-widget elementor-widget-text-editor\" data-id=\"1ef0ea5\" data-element_type=\"widget\" data-e-type=\"widget\" data-widget_type=\"text-editor.default\">\n\t\t\t\t<div class=\"elementor-widget-container\">\n\t\t\t\t\t\t\t\t\t<h2>L\u00e4rares och elevers ansvar<\/h2><p>B\u00e5de l\u00e4rare och elever ska samarbeta med arbetsgivaren f\u00f6r att s\u00e4kerst\u00e4lla en god arbetsmilj\u00f6. Det inneb\u00e4r att arbeta s\u00e5 s\u00e4kert som m\u00f6jligt och att f\u00f6lja givna s\u00e4kerhetsinstruktioner. <\/p><p>Detta inneb\u00e4r att ta ansvar f\u00f6r sin egen h\u00e4lsa och s\u00e4kerhet genom att anv\u00e4nda utrustning och kemikalier p\u00e5 ett s\u00e4kert s\u00e4tt samt anm\u00e4la eventuella brister och faror till arbetsgivaren.<\/p>\t\t\t\t\t\t\t\t<\/div>\n\t\t\t\t<\/div>\n\t\t\t\t<div class=\"elementor-element elementor-element-3c9b9e1 linkBox elementor-widget elementor-widget-text-editor\" data-id=\"3c9b9e1\" data-element_type=\"widget\" data-e-type=\"widget\" data-widget_type=\"text-editor.default\">\n\t\t\t\t<div class=\"elementor-widget-container\">\n\t\t\t\t\t\t\t\t\t<h2>Mer information<\/h2><p><a href=\"https:\/\/chesse.org\/sv\/lagstiftning\/\">Lagstiftning<\/a><em><br><\/em><\/p>\t\t\t\t\t\t\t\t<\/div>\n\t\t\t\t<\/div>\n\t\t\t\t\t<\/div>\n\t\t<\/div>\n\t\t\t\t\t<\/div>\n\t\t<\/section>\n\t\t\t\t<\/div>\n\t\t","protected":false},"excerpt":{"rendered":"<p>Alla som arbetar p\u00e5 en skola ska samarbeta f\u00f6r att s\u00e4kerst\u00e4lla en god arbetsmilj\u00f6, men arbetsgivaren har det juridiska ansvaret f\u00f6r kemis\u00e4kerheten som \u00e4r en del av arbetsmilj\u00f6n. Inneh\u00e5ll Arbetsgivarens ansvar Arbetsgivaren, eller rektorn som representant f\u00f6r arbetsgivaren, har det formella ansvaret f\u00f6r b\u00e5de l\u00e4rares och elevers arbetsmilj\u00f6. I detta ansvar ing\u00e5r att s\u00e4kerst\u00e4lla att &hellip; <a href=\"https:\/\/chesse.org\/sv\/ansvar-rutiner-och-utbildning\/ansvar\/\" class=\"more-link\">Forts\u00e4tt l\u00e4sa <span class=\"screen-reader-text\">Ansvar<\/span> <span class=\"meta-nav\">&rarr;<\/span><\/a><\/p>\n","protected":false},"author":55,"featured_media":0,"parent":11104,"menu_order":0,"comment_status":"closed","ping_status":"closed","template":"","meta":{"footnotes":""},"class_list":["post-10972","page","type-page","status-publish","hentry"],"yoast_head":"<!-- This site is optimized with the Yoast SEO plugin v27.4 - https:\/\/yoast.com\/product\/yoast-seo-wordpress\/ -->\n<title>Ansvar &#8211; Chemical Safety in Science Education<\/title>\n<meta name=\"description\" content=\"Alla som arbetar p\u00e5 en skola ska samarbeta f\u00f6r att s\u00e4kerst\u00e4lla en god arbetsmilj\u00f6, men arbetsgivaren har det juridiska ansvaret f\u00f6r kemis\u00e4kerheten som \u00e4r en del av arbetsmilj\u00f6n.\" \/>\n<meta name=\"robots\" content=\"index, follow, max-snippet:-1, max-image-preview:large, max-video-preview:-1\" \/>\n<link rel=\"canonical\" href=\"https:\/\/chesse.org\/sv\/ansvar-rutiner-och-utbildning\/ansvar\/\" \/>\n<meta property=\"og:locale\" content=\"sv_SE\" \/>\n<meta property=\"og:type\" content=\"article\" \/>\n<meta property=\"og:title\" content=\"Ansvar &#8211; Chemical Safety in Science Education\" \/>\n<meta property=\"og:description\" content=\"Alla som arbetar p\u00e5 en skola ska samarbeta f\u00f6r att s\u00e4kerst\u00e4lla en god arbetsmilj\u00f6, men arbetsgivaren har det juridiska ansvaret f\u00f6r kemis\u00e4kerheten som \u00e4r en del av arbetsmilj\u00f6n.\" \/>\n<meta property=\"og:url\" content=\"https:\/\/chesse.org\/sv\/ansvar-rutiner-och-utbildning\/ansvar\/\" \/>\n<meta property=\"og:site_name\" content=\"Chemical Safety in Science Education\" \/>\n<meta property=\"article:modified_time\" content=\"2026-03-30T07:23:24+00:00\" \/>\n<meta property=\"og:image\" content=\"https:\/\/chesse.org\/wp-content\/uploads\/2022\/06\/chesse-sharing.png\" \/>\n\t<meta property=\"og:image:width\" content=\"1200\" \/>\n\t<meta property=\"og:image:height\" content=\"630\" \/>\n\t<meta property=\"og:image:type\" content=\"image\/png\" \/>\n<meta name=\"twitter:card\" content=\"summary_large_image\" \/>\n<script type=\"application\/ld+json\" class=\"yoast-schema-graph\">{\"@context\":\"https:\\\/\\\/schema.org\",\"@graph\":[{\"@type\":\"WebPage\",\"@id\":\"https:\\\/\\\/chesse.org\\\/sv\\\/ansvar-rutiner-och-utbildning\\\/ansvar\\\/\",\"url\":\"https:\\\/\\\/chesse.org\\\/sv\\\/ansvar-rutiner-och-utbildning\\\/ansvar\\\/\",\"name\":\"Ansvar &#8211; Chemical Safety in Science Education\",\"isPartOf\":{\"@id\":\"https:\\\/\\\/chesse.org\\\/sv\\\/#website\"},\"datePublished\":\"2026-03-30T07:20:40+00:00\",\"dateModified\":\"2026-03-30T07:23:24+00:00\",\"description\":\"Alla som arbetar p\u00e5 en skola ska samarbeta f\u00f6r att s\u00e4kerst\u00e4lla en god arbetsmilj\u00f6, men arbetsgivaren har det juridiska ansvaret f\u00f6r kemis\u00e4kerheten som \u00e4r en del av arbetsmilj\u00f6n.\",\"breadcrumb\":{\"@id\":\"https:\\\/\\\/chesse.org\\\/sv\\\/ansvar-rutiner-och-utbildning\\\/ansvar\\\/#breadcrumb\"},\"inLanguage\":\"sv-SE\",\"potentialAction\":[{\"@type\":\"ReadAction\",\"target\":[\"https:\\\/\\\/chesse.org\\\/sv\\\/ansvar-rutiner-och-utbildning\\\/ansvar\\\/\"]}]},{\"@type\":\"BreadcrumbList\",\"@id\":\"https:\\\/\\\/chesse.org\\\/sv\\\/ansvar-rutiner-och-utbildning\\\/ansvar\\\/#breadcrumb\",\"itemListElement\":[{\"@type\":\"ListItem\",\"position\":1,\"name\":\"Hem\",\"item\":\"https:\\\/\\\/chesse.org\\\/sv\\\/\"},{\"@type\":\"ListItem\",\"position\":2,\"name\":\"Ansvar, rutiner och utbildning\",\"item\":\"https:\\\/\\\/chesse.org\\\/sv\\\/ansvar-rutiner-och-utbildning\\\/\"},{\"@type\":\"ListItem\",\"position\":3,\"name\":\"Ansvar\"}]},{\"@type\":\"WebSite\",\"@id\":\"https:\\\/\\\/chesse.org\\\/sv\\\/#website\",\"url\":\"https:\\\/\\\/chesse.org\\\/sv\\\/\",\"name\":\"Chemical Safety in Science Education\",\"description\":\"Condensed, up-to date information for science and chemistry teachers, head of schools and science teacher educators.\",\"publisher\":{\"@id\":\"https:\\\/\\\/chesse.org\\\/sv\\\/#organization\"},\"potentialAction\":[{\"@type\":\"SearchAction\",\"target\":{\"@type\":\"EntryPoint\",\"urlTemplate\":\"https:\\\/\\\/chesse.org\\\/sv\\\/?s={search_term_string}\"},\"query-input\":{\"@type\":\"PropertyValueSpecification\",\"valueRequired\":true,\"valueName\":\"search_term_string\"}}],\"inLanguage\":\"sv-SE\"},{\"@type\":\"Organization\",\"@id\":\"https:\\\/\\\/chesse.org\\\/sv\\\/#organization\",\"name\":\"Online resources for Chemical Safety in Science Education\",\"url\":\"https:\\\/\\\/chesse.org\\\/sv\\\/\",\"logo\":{\"@type\":\"ImageObject\",\"inLanguage\":\"sv-SE\",\"@id\":\"https:\\\/\\\/chesse.org\\\/sv\\\/#\\\/schema\\\/logo\\\/image\\\/\",\"url\":\"https:\\\/\\\/chesse.org\\\/wp-content\\\/uploads\\\/2020\\\/10\\\/CheSSE_logo-01.svg\",\"contentUrl\":\"https:\\\/\\\/chesse.org\\\/wp-content\\\/uploads\\\/2020\\\/10\\\/CheSSE_logo-01.svg\",\"width\":350,\"height\":100,\"caption\":\"Online resources for Chemical Safety in Science Education\"},\"image\":{\"@id\":\"https:\\\/\\\/chesse.org\\\/sv\\\/#\\\/schema\\\/logo\\\/image\\\/\"}}]}<\/script>\n<!-- \/ Yoast SEO plugin. -->","yoast_head_json":{"title":"Ansvar &#8211; Chemical Safety in Science Education","description":"Alla som arbetar p\u00e5 en skola ska samarbeta f\u00f6r att s\u00e4kerst\u00e4lla en god arbetsmilj\u00f6, men arbetsgivaren har det juridiska ansvaret f\u00f6r kemis\u00e4kerheten som \u00e4r en del av arbetsmilj\u00f6n.","robots":{"index":"index","follow":"follow","max-snippet":"max-snippet:-1","max-image-preview":"max-image-preview:large","max-video-preview":"max-video-preview:-1"},"canonical":"https:\/\/chesse.org\/sv\/ansvar-rutiner-och-utbildning\/ansvar\/","og_locale":"sv_SE","og_type":"article","og_title":"Ansvar &#8211; Chemical Safety in Science Education","og_description":"Alla som arbetar p\u00e5 en skola ska samarbeta f\u00f6r att s\u00e4kerst\u00e4lla en god arbetsmilj\u00f6, men arbetsgivaren har det juridiska ansvaret f\u00f6r kemis\u00e4kerheten som \u00e4r en del av arbetsmilj\u00f6n.","og_url":"https:\/\/chesse.org\/sv\/ansvar-rutiner-och-utbildning\/ansvar\/","og_site_name":"Chemical Safety in Science Education","article_modified_time":"2026-03-30T07:23:24+00:00","og_image":[{"width":1200,"height":630,"url":"https:\/\/chesse.org\/wp-content\/uploads\/2022\/06\/chesse-sharing.png","type":"image\/png"}],"twitter_card":"summary_large_image","schema":{"@context":"https:\/\/schema.org","@graph":[{"@type":"WebPage","@id":"https:\/\/chesse.org\/sv\/ansvar-rutiner-och-utbildning\/ansvar\/","url":"https:\/\/chesse.org\/sv\/ansvar-rutiner-och-utbildning\/ansvar\/","name":"Ansvar &#8211; Chemical Safety in Science Education","isPartOf":{"@id":"https:\/\/chesse.org\/sv\/#website"},"datePublished":"2026-03-30T07:20:40+00:00","dateModified":"2026-03-30T07:23:24+00:00","description":"Alla som arbetar p\u00e5 en skola ska samarbeta f\u00f6r att s\u00e4kerst\u00e4lla en god arbetsmilj\u00f6, men arbetsgivaren har det juridiska ansvaret f\u00f6r kemis\u00e4kerheten som \u00e4r en del av arbetsmilj\u00f6n.","breadcrumb":{"@id":"https:\/\/chesse.org\/sv\/ansvar-rutiner-och-utbildning\/ansvar\/#breadcrumb"},"inLanguage":"sv-SE","potentialAction":[{"@type":"ReadAction","target":["https:\/\/chesse.org\/sv\/ansvar-rutiner-och-utbildning\/ansvar\/"]}]},{"@type":"BreadcrumbList","@id":"https:\/\/chesse.org\/sv\/ansvar-rutiner-och-utbildning\/ansvar\/#breadcrumb","itemListElement":[{"@type":"ListItem","position":1,"name":"Hem","item":"https:\/\/chesse.org\/sv\/"},{"@type":"ListItem","position":2,"name":"Ansvar, rutiner och utbildning","item":"https:\/\/chesse.org\/sv\/ansvar-rutiner-och-utbildning\/"},{"@type":"ListItem","position":3,"name":"Ansvar"}]},{"@type":"WebSite","@id":"https:\/\/chesse.org\/sv\/#website","url":"https:\/\/chesse.org\/sv\/","name":"Chemical Safety in Science Education","description":"Condensed, up-to date information for science and chemistry teachers, head of schools and science teacher educators.","publisher":{"@id":"https:\/\/chesse.org\/sv\/#organization"},"potentialAction":[{"@type":"SearchAction","target":{"@type":"EntryPoint","urlTemplate":"https:\/\/chesse.org\/sv\/?s={search_term_string}"},"query-input":{"@type":"PropertyValueSpecification","valueRequired":true,"valueName":"search_term_string"}}],"inLanguage":"sv-SE"},{"@type":"Organization","@id":"https:\/\/chesse.org\/sv\/#organization","name":"Online resources for Chemical Safety in Science Education","url":"https:\/\/chesse.org\/sv\/","logo":{"@type":"ImageObject","inLanguage":"sv-SE","@id":"https:\/\/chesse.org\/sv\/#\/schema\/logo\/image\/","url":"https:\/\/chesse.org\/wp-content\/uploads\/2020\/10\/CheSSE_logo-01.svg","contentUrl":"https:\/\/chesse.org\/wp-content\/uploads\/2020\/10\/CheSSE_logo-01.svg","width":350,"height":100,"caption":"Online resources for Chemical Safety in Science Education"},"image":{"@id":"https:\/\/chesse.org\/sv\/#\/schema\/logo\/image\/"}}]}},"_links":{"self":[{"href":"https:\/\/chesse.org\/sv\/wp-json\/wp\/v2\/pages\/10972","targetHints":{"allow":["GET"]}}],"collection":[{"href":"https:\/\/chesse.org\/sv\/wp-json\/wp\/v2\/pages"}],"about":[{"href":"https:\/\/chesse.org\/sv\/wp-json\/wp\/v2\/types\/page"}],"author":[{"embeddable":true,"href":"https:\/\/chesse.org\/sv\/wp-json\/wp\/v2\/users\/55"}],"replies":[{"embeddable":true,"href":"https:\/\/chesse.org\/sv\/wp-json\/wp\/v2\/comments?post=10972"}],"version-history":[{"count":28,"href":"https:\/\/chesse.org\/sv\/wp-json\/wp\/v2\/pages\/10972\/revisions"}],"predecessor-version":[{"id":16761,"href":"https:\/\/chesse.org\/sv\/wp-json\/wp\/v2\/pages\/10972\/revisions\/16761"}],"up":[{"embeddable":true,"href":"https:\/\/chesse.org\/sv\/wp-json\/wp\/v2\/pages\/11104"}],"wp:attachment":[{"href":"https:\/\/chesse.org\/sv\/wp-json\/wp\/v2\/media?parent=10972"}],"curies":[{"name":"wp","href":"https:\/\/api.w.org\/{rel}","templated":true}]}}