{"id":11104,"date":"2022-11-13T19:17:18","date_gmt":"2022-11-13T18:17:18","guid":{"rendered":"https:\/\/chesse.org\/ansvar-rutiner-och-utbildning\/"},"modified":"2024-04-24T11:06:27","modified_gmt":"2024-04-24T09:06:27","slug":"ansvar-rutiner-och-utbildning","status":"publish","type":"page","link":"https:\/\/chesse.org\/sv\/ansvar-rutiner-och-utbildning\/","title":{"rendered":"Ansvar, rutiner och utbildning"},"content":{"rendered":"\t\t<div data-elementor-type=\"wp-page\" data-elementor-id=\"11104\" class=\"elementor elementor-11104 elementor-64\" data-elementor-post-type=\"page\">\n\t\t\t\t\t\t<div class=\"elementor-section elementor-top-section elementor-element elementor-element-6cf9ce6 elementor-section-boxed elementor-section-height-default elementor-section-height-default\" data-id=\"6cf9ce6\" data-element_type=\"section\" data-e-type=\"section\">\n\t\t\t\t\t\t<div class=\"elementor-container elementor-column-gap-default\">\n\t\t\t\t\t<div class=\"elementor-column elementor-col-100 elementor-top-column elementor-element elementor-element-ef91ab9\" data-id=\"ef91ab9\" data-element_type=\"column\" data-e-type=\"column\">\n\t\t\t<div class=\"elementor-widget-wrap elementor-element-populated\">\n\t\t\t\t\t\t<div class=\"elementor-element elementor-element-02472b4 standfirst elementor-widget elementor-widget-text-editor\" data-id=\"02472b4\" data-element_type=\"widget\" data-e-type=\"widget\" data-widget_type=\"text-editor.default\">\n\t\t\t\t<div class=\"elementor-widget-container\">\n\t\t\t\t\t\t\t\t\t<p>Alla skolor ska ha rutiner f\u00f6r att arbeta med kemikalier i undervisningen. H\u00e4r finns exempel p\u00e5 hur arbetsuppgifter kan f\u00f6rdelas, och f\u00f6rslag p\u00e5 utbildning f\u00f6r elever och personal, samt rutiner och checklistor som kan laddas ner och anpassas till den enskilda skolan. <\/p>\n\t\t\t\t\t\t\t\t<\/div>\n\t\t\t\t<\/div>\n\t\t\t\t\t<\/div>\n\t\t<\/div>\n\t\t\t\t\t<\/div>\n\t\t<\/div>\n\t\t\t\t<div class=\"elementor-section elementor-top-section elementor-element elementor-element-8bc41fd subsectionpage taking-charge-section elementor-section-boxed elementor-section-height-default elementor-section-height-default\" data-id=\"8bc41fd\" data-element_type=\"section\" data-e-type=\"section\">\n\t\t\t\t\t\t<div class=\"elementor-container elementor-column-gap-no\">\n\t\t\t\t\t<div class=\"elementor-column elementor-col-100 elementor-top-column elementor-element elementor-element-bd8bd53\" data-id=\"bd8bd53\" data-element_type=\"column\" data-e-type=\"column\">\n\t\t\t<div class=\"elementor-widget-wrap elementor-element-populated\">\n\t\t\t\t\t\t<section class=\"elementor-section elementor-inner-section elementor-element elementor-element-8cd765a elementor-section-boxed elementor-section-height-default elementor-section-height-default\" data-id=\"8cd765a\" data-element_type=\"section\" data-e-type=\"section\">\n\t\t\t\t\t\t<div class=\"elementor-container elementor-column-gap-default\">\n\t\t\t\t\t<div class=\"elementor-column elementor-col-33 elementor-inner-column elementor-element elementor-element-d1fa6b7\" data-id=\"d1fa6b7\" data-element_type=\"column\" data-e-type=\"column\">\n\t\t\t<div class=\"elementor-widget-wrap elementor-element-populated\">\n\t\t\t\t\t\t<div class=\"elementor-element elementor-element-d45cc31 elementor-widget elementor-widget-button\" data-id=\"d45cc31\" data-element_type=\"widget\" data-e-type=\"widget\" data-widget_type=\"button.default\">\n\t\t\t\t<div class=\"elementor-widget-container\">\n\t\t\t\t\t\t\t\t\t<div class=\"elementor-button-wrapper\">\n\t\t\t\t\t<a class=\"elementor-button elementor-button-link elementor-size-lg\" href=\"https:\/\/chesse.org\/sv\/ansvar-rutiner-och-utbildning\/ansvar\/\">\n\t\t\t\t\t\t<span class=\"elementor-button-content-wrapper\">\n\t\t\t\t\t\t\t\t\t<span class=\"elementor-button-text\">Ansvar<\/span>\n\t\t\t\t\t<\/span>\n\t\t\t\t\t<\/a>\n\t\t\t\t<\/div>\n\t\t\t\t\t\t\t\t<\/div>\n\t\t\t\t<\/div>\n\t\t\t\t\t<\/div>\n\t\t<\/div>\n\t\t\t\t<div class=\"elementor-column elementor-col-33 elementor-inner-column elementor-element elementor-element-8393984\" data-id=\"8393984\" data-element_type=\"column\" data-e-type=\"column\">\n\t\t\t<div class=\"elementor-widget-wrap elementor-element-populated\">\n\t\t\t\t\t\t<div class=\"elementor-element elementor-element-f55ec9e elementor-widget elementor-widget-button\" data-id=\"f55ec9e\" data-element_type=\"widget\" data-e-type=\"widget\" data-widget_type=\"button.default\">\n\t\t\t\t<div class=\"elementor-widget-container\">\n\t\t\t\t\t\t\t\t\t<div class=\"elementor-button-wrapper\">\n\t\t\t\t\t<a class=\"elementor-button elementor-button-link elementor-size-lg\" href=\"https:\/\/chesse.org\/sv\/ansvar-rutiner-och-utbildning\/rutiner-for-kemisakerhetsarbete\/\">\n\t\t\t\t\t\t<span class=\"elementor-button-content-wrapper\">\n\t\t\t\t\t\t\t\t\t<span class=\"elementor-button-text\">Rutiner f\u00f6r kemis\u00e4kerhet<\/span>\n\t\t\t\t\t<\/span>\n\t\t\t\t\t<\/a>\n\t\t\t\t<\/div>\n\t\t\t\t\t\t\t\t<\/div>\n\t\t\t\t<\/div>\n\t\t\t\t\t<\/div>\n\t\t<\/div>\n\t\t\t\t<div class=\"elementor-column elementor-col-33 elementor-inner-column elementor-element elementor-element-96ce761\" data-id=\"96ce761\" data-element_type=\"column\" data-e-type=\"column\">\n\t\t\t<div class=\"elementor-widget-wrap elementor-element-populated\">\n\t\t\t\t\t\t<div class=\"elementor-element elementor-element-9b23dce elementor-widget elementor-widget-button\" data-id=\"9b23dce\" data-element_type=\"widget\" data-e-type=\"widget\" data-widget_type=\"button.default\">\n\t\t\t\t<div class=\"elementor-widget-container\">\n\t\t\t\t\t\t\t\t\t<div class=\"elementor-button-wrapper\">\n\t\t\t\t\t<a class=\"elementor-button elementor-button-link elementor-size-lg\" href=\"https:\/\/chesse.org\/sv\/ansvar-rutiner-och-utbildning\/utbildning-i-kemisakerhet\/\">\n\t\t\t\t\t\t<span class=\"elementor-button-content-wrapper\">\n\t\t\t\t\t\t\t\t\t<span class=\"elementor-button-text\">Utbildning i kemis\u00e4kerhet<\/span>\n\t\t\t\t\t<\/span>\n\t\t\t\t\t<\/a>\n\t\t\t\t<\/div>\n\t\t\t\t\t\t\t\t<\/div>\n\t\t\t\t<\/div>\n\t\t\t\t\t<\/div>\n\t\t<\/div>\n\t\t\t\t\t<\/div>\n\t\t<\/section>\n\t\t\t\t\t<\/div>\n\t\t<\/div>\n\t\t\t\t\t<\/div>\n\t\t<\/div>\n\t\t\t\t<\/div>\n\t\t","protected":false},"excerpt":{"rendered":"<p>Alla skolor ska ha rutiner f\u00f6r att arbeta med kemikalier i undervisningen. H\u00e4r finns exempel p\u00e5 hur arbetsuppgifter kan f\u00f6rdelas, och f\u00f6rslag p\u00e5 utbildning f\u00f6r elever och personal, samt rutiner och checklistor som kan laddas ner och anpassas till den enskilda skolan. Ansvar Rutiner f\u00f6r kemis\u00e4kerhet Utbildning i kemis\u00e4kerhet<\/p>\n","protected":false},"author":43,"featured_media":0,"parent":0,"menu_order":0,"comment_status":"closed","ping_status":"closed","template":"","meta":{"footnotes":""},"class_list":["post-11104","page","type-page","status-publish","hentry"],"yoast_head":"<!-- This site is optimized with the Yoast SEO plugin v27.4 - https:\/\/yoast.com\/product\/yoast-seo-wordpress\/ -->\n<title>Ansvar, rutiner och utbildning &#8211; Chemical Safety in Science Education<\/title>\n<meta name=\"description\" content=\"Alla skolor ska ha rutiner f\u00f6r att arbeta med kemikalier i undervisningen. Detta avsnitt ger exempel p\u00e5 hur arbetsuppgifter kan f\u00f6rdelas, och f\u00f6rslag p\u00e5 utbildning f\u00f6r elever och personal, samt rutiner och checklistor som kan laddas ner och anpassas till den enskilda skolan.\" \/>\n<meta name=\"robots\" content=\"index, follow, max-snippet:-1, max-image-preview:large, max-video-preview:-1\" \/>\n<link rel=\"canonical\" href=\"https:\/\/chesse.org\/sv\/ansvar-rutiner-och-utbildning\/\" \/>\n<meta property=\"og:locale\" content=\"sv_SE\" \/>\n<meta property=\"og:type\" content=\"article\" \/>\n<meta property=\"og:title\" content=\"Ansvar, rutiner och utbildning &#8211; Chemical Safety in Science Education\" \/>\n<meta property=\"og:description\" content=\"Alla skolor ska ha rutiner f\u00f6r att arbeta med kemikalier i undervisningen. Detta avsnitt ger exempel p\u00e5 hur arbetsuppgifter kan f\u00f6rdelas, och f\u00f6rslag p\u00e5 utbildning f\u00f6r elever och personal, samt rutiner och checklistor som kan laddas ner och anpassas till den enskilda skolan.\" \/>\n<meta property=\"og:url\" content=\"https:\/\/chesse.org\/sv\/ansvar-rutiner-och-utbildning\/\" \/>\n<meta property=\"og:site_name\" content=\"Chemical Safety in Science Education\" \/>\n<meta property=\"article:modified_time\" content=\"2024-04-24T09:06:27+00:00\" \/>\n<meta property=\"og:image\" content=\"https:\/\/chesse.org\/wp-content\/uploads\/2022\/06\/chesse-sharing.png\" \/>\n\t<meta property=\"og:image:width\" content=\"1200\" \/>\n\t<meta property=\"og:image:height\" content=\"630\" \/>\n\t<meta property=\"og:image:type\" content=\"image\/png\" \/>\n<meta name=\"twitter:card\" content=\"summary_large_image\" \/>\n<script type=\"application\/ld+json\" class=\"yoast-schema-graph\">{\"@context\":\"https:\\\/\\\/schema.org\",\"@graph\":[{\"@type\":\"WebPage\",\"@id\":\"https:\\\/\\\/chesse.org\\\/sv\\\/ansvar-rutiner-och-utbildning\\\/\",\"url\":\"https:\\\/\\\/chesse.org\\\/sv\\\/ansvar-rutiner-och-utbildning\\\/\",\"name\":\"Ansvar, rutiner och utbildning &#8211; Chemical Safety in Science Education\",\"isPartOf\":{\"@id\":\"https:\\\/\\\/chesse.org\\\/sv\\\/#website\"},\"datePublished\":\"2022-11-13T18:17:18+00:00\",\"dateModified\":\"2024-04-24T09:06:27+00:00\",\"description\":\"Alla skolor ska ha rutiner f\u00f6r att arbeta med kemikalier i undervisningen. Detta avsnitt ger exempel p\u00e5 hur arbetsuppgifter kan f\u00f6rdelas, och f\u00f6rslag p\u00e5 utbildning f\u00f6r elever och personal, samt rutiner och checklistor som kan laddas ner och anpassas till den enskilda skolan.\",\"breadcrumb\":{\"@id\":\"https:\\\/\\\/chesse.org\\\/sv\\\/ansvar-rutiner-och-utbildning\\\/#breadcrumb\"},\"inLanguage\":\"sv-SE\",\"potentialAction\":[{\"@type\":\"ReadAction\",\"target\":[\"https:\\\/\\\/chesse.org\\\/sv\\\/ansvar-rutiner-och-utbildning\\\/\"]}]},{\"@type\":\"BreadcrumbList\",\"@id\":\"https:\\\/\\\/chesse.org\\\/sv\\\/ansvar-rutiner-och-utbildning\\\/#breadcrumb\",\"itemListElement\":[{\"@type\":\"ListItem\",\"position\":1,\"name\":\"Hem\",\"item\":\"https:\\\/\\\/chesse.org\\\/sv\\\/\"},{\"@type\":\"ListItem\",\"position\":2,\"name\":\"Ansvar, rutiner och utbildning\"}]},{\"@type\":\"WebSite\",\"@id\":\"https:\\\/\\\/chesse.org\\\/sv\\\/#website\",\"url\":\"https:\\\/\\\/chesse.org\\\/sv\\\/\",\"name\":\"Chemical Safety in Science Education\",\"description\":\"Condensed, up-to date information for science and chemistry teachers, head of schools and science teacher educators.\",\"publisher\":{\"@id\":\"https:\\\/\\\/chesse.org\\\/sv\\\/#organization\"},\"potentialAction\":[{\"@type\":\"SearchAction\",\"target\":{\"@type\":\"EntryPoint\",\"urlTemplate\":\"https:\\\/\\\/chesse.org\\\/sv\\\/?s={search_term_string}\"},\"query-input\":{\"@type\":\"PropertyValueSpecification\",\"valueRequired\":true,\"valueName\":\"search_term_string\"}}],\"inLanguage\":\"sv-SE\"},{\"@type\":\"Organization\",\"@id\":\"https:\\\/\\\/chesse.org\\\/sv\\\/#organization\",\"name\":\"Online resources for Chemical Safety in Science Education\",\"url\":\"https:\\\/\\\/chesse.org\\\/sv\\\/\",\"logo\":{\"@type\":\"ImageObject\",\"inLanguage\":\"sv-SE\",\"@id\":\"https:\\\/\\\/chesse.org\\\/sv\\\/#\\\/schema\\\/logo\\\/image\\\/\",\"url\":\"https:\\\/\\\/chesse.org\\\/wp-content\\\/uploads\\\/2020\\\/10\\\/CheSSE_logo-01.svg\",\"contentUrl\":\"https:\\\/\\\/chesse.org\\\/wp-content\\\/uploads\\\/2020\\\/10\\\/CheSSE_logo-01.svg\",\"width\":350,\"height\":100,\"caption\":\"Online resources for Chemical Safety in Science Education\"},\"image\":{\"@id\":\"https:\\\/\\\/chesse.org\\\/sv\\\/#\\\/schema\\\/logo\\\/image\\\/\"}}]}<\/script>\n<!-- \/ Yoast SEO plugin. -->","yoast_head_json":{"title":"Ansvar, rutiner och utbildning &#8211; Chemical Safety in Science Education","description":"Alla skolor ska ha rutiner f\u00f6r att arbeta med kemikalier i undervisningen. Detta avsnitt ger exempel p\u00e5 hur arbetsuppgifter kan f\u00f6rdelas, och f\u00f6rslag p\u00e5 utbildning f\u00f6r elever och personal, samt rutiner och checklistor som kan laddas ner och anpassas till den enskilda skolan.","robots":{"index":"index","follow":"follow","max-snippet":"max-snippet:-1","max-image-preview":"max-image-preview:large","max-video-preview":"max-video-preview:-1"},"canonical":"https:\/\/chesse.org\/sv\/ansvar-rutiner-och-utbildning\/","og_locale":"sv_SE","og_type":"article","og_title":"Ansvar, rutiner och utbildning &#8211; Chemical Safety in Science Education","og_description":"Alla skolor ska ha rutiner f\u00f6r att arbeta med kemikalier i undervisningen. Detta avsnitt ger exempel p\u00e5 hur arbetsuppgifter kan f\u00f6rdelas, och f\u00f6rslag p\u00e5 utbildning f\u00f6r elever och personal, samt rutiner och checklistor som kan laddas ner och anpassas till den enskilda skolan.","og_url":"https:\/\/chesse.org\/sv\/ansvar-rutiner-och-utbildning\/","og_site_name":"Chemical Safety in Science Education","article_modified_time":"2024-04-24T09:06:27+00:00","og_image":[{"width":1200,"height":630,"url":"https:\/\/chesse.org\/wp-content\/uploads\/2022\/06\/chesse-sharing.png","type":"image\/png"}],"twitter_card":"summary_large_image","schema":{"@context":"https:\/\/schema.org","@graph":[{"@type":"WebPage","@id":"https:\/\/chesse.org\/sv\/ansvar-rutiner-och-utbildning\/","url":"https:\/\/chesse.org\/sv\/ansvar-rutiner-och-utbildning\/","name":"Ansvar, rutiner och utbildning &#8211; Chemical Safety in Science Education","isPartOf":{"@id":"https:\/\/chesse.org\/sv\/#website"},"datePublished":"2022-11-13T18:17:18+00:00","dateModified":"2024-04-24T09:06:27+00:00","description":"Alla skolor ska ha rutiner f\u00f6r att arbeta med kemikalier i undervisningen. Detta avsnitt ger exempel p\u00e5 hur arbetsuppgifter kan f\u00f6rdelas, och f\u00f6rslag p\u00e5 utbildning f\u00f6r elever och personal, samt rutiner och checklistor som kan laddas ner och anpassas till den enskilda skolan.","breadcrumb":{"@id":"https:\/\/chesse.org\/sv\/ansvar-rutiner-och-utbildning\/#breadcrumb"},"inLanguage":"sv-SE","potentialAction":[{"@type":"ReadAction","target":["https:\/\/chesse.org\/sv\/ansvar-rutiner-och-utbildning\/"]}]},{"@type":"BreadcrumbList","@id":"https:\/\/chesse.org\/sv\/ansvar-rutiner-och-utbildning\/#breadcrumb","itemListElement":[{"@type":"ListItem","position":1,"name":"Hem","item":"https:\/\/chesse.org\/sv\/"},{"@type":"ListItem","position":2,"name":"Ansvar, rutiner och utbildning"}]},{"@type":"WebSite","@id":"https:\/\/chesse.org\/sv\/#website","url":"https:\/\/chesse.org\/sv\/","name":"Chemical Safety in Science Education","description":"Condensed, up-to date information for science and chemistry teachers, head of schools and science teacher educators.","publisher":{"@id":"https:\/\/chesse.org\/sv\/#organization"},"potentialAction":[{"@type":"SearchAction","target":{"@type":"EntryPoint","urlTemplate":"https:\/\/chesse.org\/sv\/?s={search_term_string}"},"query-input":{"@type":"PropertyValueSpecification","valueRequired":true,"valueName":"search_term_string"}}],"inLanguage":"sv-SE"},{"@type":"Organization","@id":"https:\/\/chesse.org\/sv\/#organization","name":"Online resources for Chemical Safety in Science Education","url":"https:\/\/chesse.org\/sv\/","logo":{"@type":"ImageObject","inLanguage":"sv-SE","@id":"https:\/\/chesse.org\/sv\/#\/schema\/logo\/image\/","url":"https:\/\/chesse.org\/wp-content\/uploads\/2020\/10\/CheSSE_logo-01.svg","contentUrl":"https:\/\/chesse.org\/wp-content\/uploads\/2020\/10\/CheSSE_logo-01.svg","width":350,"height":100,"caption":"Online resources for Chemical Safety in Science Education"},"image":{"@id":"https:\/\/chesse.org\/sv\/#\/schema\/logo\/image\/"}}]}},"_links":{"self":[{"href":"https:\/\/chesse.org\/sv\/wp-json\/wp\/v2\/pages\/11104","targetHints":{"allow":["GET"]}}],"collection":[{"href":"https:\/\/chesse.org\/sv\/wp-json\/wp\/v2\/pages"}],"about":[{"href":"https:\/\/chesse.org\/sv\/wp-json\/wp\/v2\/types\/page"}],"author":[{"embeddable":true,"href":"https:\/\/chesse.org\/sv\/wp-json\/wp\/v2\/users\/43"}],"replies":[{"embeddable":true,"href":"https:\/\/chesse.org\/sv\/wp-json\/wp\/v2\/comments?post=11104"}],"version-history":[{"count":21,"href":"https:\/\/chesse.org\/sv\/wp-json\/wp\/v2\/pages\/11104\/revisions"}],"predecessor-version":[{"id":14947,"href":"https:\/\/chesse.org\/sv\/wp-json\/wp\/v2\/pages\/11104\/revisions\/14947"}],"wp:attachment":[{"href":"https:\/\/chesse.org\/sv\/wp-json\/wp\/v2\/media?parent=11104"}],"curies":[{"name":"wp","href":"https:\/\/api.w.org\/{rel}","templated":true}]}}